{"id":3748,"date":"2018-04-06T11:17:03","date_gmt":"2018-04-06T11:17:03","guid":{"rendered":"http:\/\/templatetoaster.com\/bootstrap"},"modified":"2019-08-27T05:48:50","modified_gmt":"2019-08-27T05:48:50","slug":"bootstrap","status":"publish","type":"page","link":"https:\/\/templatetoaster.com\/fr\/bootstrap","title":{"rendered":"Cr\u00e9ateur bootstrap"},"content":{"rendered":"<div class=\"remove_collapsing_margins\"><\/div>\n<div class=\"section1 wp-theme-generator\">\n<div style=\"margin: 115px 0 16px;\">\n<div class=\"section1-inner\">\n<h1>Un robuste logiciel de cr\u00e9ation de site Web Bootstrap<\/h1>\n<p class=\"text-center\">TemplateToaster est bas\u00e9 sur le framework Bootstrap. Il agit comme un parfait logiciel de cr\u00e9ation de site Web Bootstrap pour offrir des sites Web d\u2019une r\u00e9activit\u00e9 exceptionnelle.<\/p>\n<\/div>\n<div style=\"text-align: center;\"><a class=\"btn download_btn\" href=\"https:\/\/templatetoaster.com\/fr\/download\">T\u00e9l\u00e9charger maintenant<\/a><\/div>\n<div class=\"clearfix\"><\/div>\n<\/div>\n<\/div>\n<p><!--- What is TemplateToaster Section --><\/p>\n<div class=\"section2 wp-theme-generator\">\n<div class=\"section2-inner-bs\">\n<h2>Pourquoi utiliser TemplateToaster g\u00e9n\u00e9rateur de site Web bas\u00e9 sur Bootstrap ?<\/h2>\n<p>TemplateToaster est parfaitement int\u00e9gr\u00e9 avec le syst\u00e8me de grille de Bootstrap pour produire des r\u00e9sultats optimums. De plus, ce logiciel de bureau est exclusivement con\u00e7u pour cr\u00e9er des sites Web hautement professionnels, proposants la meilleure exp\u00e9rience utilisateur. Il s\u2019engage dans la facilit\u00e9 d\u2019utilisation sans probl\u00e8mes, tant pour les amateurs que les professionnels. Il vous permet de cr\u00e9er votre site r\u00eav\u00e9, \u00e0 partir de z\u00e9ro, sans douleur. Par cons\u00e9quent, tout ce que vous avez besoin est une vision pour votre site web, et TemplateToaster lui donnera naissance!<\/p>\n<\/div>\n<div class=\"row section2-bs\">\n<div class=\"col-lg-4 col-md-4 col-sm-6 col-xs-12\">\n<div style=\"padding: 20px;\">\n<div class=\"text-center\">\n<div class=\"wp_feature landing_page_svg\" style=\"margin-right: 10px; display: inline-block; float: none; vertical-align: middle; background-position: -155px -1600px; width: 75px;\"><\/div>\n<\/div>\n<h3 style=\"margin: 20px 0px 10px; text-align: center;\">Normalisation de Code<\/h3>\n<p class=\"text-center\">Comme cadre Bootstrap est bien connu pour son code propre et normalis\u00e9. TemplateToaster y adh\u00e8re et g\u00e9n\u00e8re de\u00a0magnifiques th\u00e8mes bas\u00e9s sur la framework Bootstrap.<\/p>\n<\/div>\n<\/div>\n<div class=\"clearfix visible-xs-block\"><\/div>\n<div class=\"col-lg-4 col-md-4 col-sm-6 col-xs-12\">\n<div style=\"padding: 20px;\">\n<div class=\"text-center\">\n<div class=\"wp_feature landing_page_svg\" style=\"margin-right: 10px; display: inline-block; float: none; vertical-align: middle; background-position: -165px -153px; width: 65px;\"><\/div>\n<\/div>\n<h3 style=\"margin: 20px 0 10px; text-align: center;\">Interface famili\u00e8re<\/h3>\n<p class=\"text-center\">De nos jours, presque tous les web designer sont familiers avec Bootstrap, il a \u00e9volu\u00e9 en termes de d\u00e9veloppement. Aussi, utiliser TemplateToaster devient une partie de plaisir.<\/p>\n<\/div>\n<\/div>\n<div class=\"clearfix visible-sm-block visible-xs-block\"><\/div>\n<div class=\"col-lg-4 col-md-4 col-sm-6 col-xs-12\">\n<div style=\"padding: 20px;\">\n<div class=\"text-center\">\n<div class=\"wp_feature landing_page_svg\" style=\"margin-right: 10px; display: inline-block; float: none; vertical-align: middle; background-position: -10px -242px; width: 65px;\"><\/div>\n<\/div>\n<h3 style=\"margin: 20px 0 10px; text-align: center;\">R\u00e9activit\u00e9<\/h3>\n<p class=\"text-center\">Le r\u00e9activit\u00e9 de Bootstrap se reproduit dans TemplateToaster, rendant ainsi site votre Web plus convivial que jamais.<\/p>\n<\/div>\n<\/div>\n<div class=\"clearfix visible-lg-block visible-md-block visible-xs-block\"><\/div>\n<\/div>\n<p>Nous sommes enti\u00e8rement pr\u00eats \u00e0 \u00e9tendre la compatibilit\u00e9 avec Bootstrap 4, d\u00e8s qu\u2019il sera disponible.<\/p>\n<\/div>\n<p><!--- section 3 starts --><\/p>\n<div class=\"section3 wp-theme-generator\">\n<div class=\"section3-inner\">\n<h2>Comment ce g\u00e9n\u00e9rateur Bootstrap fonctionne t\u2019il?<\/h2>\n<div class=\"row\">\n<div class=\"col-lg-4 col-md-4 col-sm-6 col-xs-12\">\n<div class=\"media\">\n<div class=\"landing_page_svg\" style=\"background-position: 20px -690px; display: block; height: 115px; margin: auto; width: 142px;\"><\/div>\n<h3 class=\"text-center\">T\u00e9l\u00e9charger le g\u00e9n\u00e9rateur Bootstrap<\/h3>\n<p class=\"text-center\">On vous offre un essai illimit\u00e9. T\u00e9l\u00e9charger, Installer &amp; Commencez.<\/p>\n<\/div>\n<\/div>\n<div class=\"clearfix visible-xs-block\"><\/div>\n<div class=\"col-lg-4 col-md-4 col-sm-6 col-xs-12\">\n<div class=\"media\">\n<div class=\"landing_page_svg\" style=\"background-position: -115px -690px; display: block; height: 115px; margin: auto; width: 142px;\"><\/div>\n<h3 class=\"text-center\">Cr\u00e9ez des Th\u00e8mes \/ Mod\u00e8les \/ Sites Web<\/h3>\n<p class=\"text-center\">Concevez selon vos besoins; vous pouvez commencer \u00e0 partir de z\u00e9ro, ou personnaliser l\u2019un des mod\u00e8les disponibles.<\/p>\n<\/div>\n<\/div>\n<div class=\"clearfix visible-sm-block visible-xs-block\"><\/div>\n<div class=\"col-lg-4 col-md-4 col-sm-6 col-xs-12\">\n<div class=\"media\">\n<div class=\"landing_page_svg\" style=\"background-position: -240px -690px; display: block; height: 115px; margin: auto; width: 142px;\"><\/div>\n<h3 class=\"text-center\">Exporter et T\u00e9l\u00e9charger<\/h3>\n<p class=\"text-center\">Une fois que vous avez finie la conception, exporter les fichiers th\u00e8me, et t\u00e9l\u00e9charger-les sur votre serveur d\u2019h\u00e9bergement.<\/p>\n<\/div>\n<\/div>\n<div class=\"clearfix visible-lg-block visible-md-block visible-sm-block visible-xs-block\"><\/div>\n<\/div>\n<\/div>\n<\/div>\n<div class=\"video-section wp-theme-generator\">\n<div class=\"container\">\n<h2 style=\"text-transform: none;\">D\u00e9mo de Bootstrap Builder<\/h2>\n<div class=\"youtube-video-place embed-responsive embed-responsive-4by3 \" data-yt-url=\"https:\/\/www.youtube.com\/embed\/PRbnZjCqasE?rel=0&amp;showinfo=0&amp;autoplay=1\">\n<p><img loading=\"lazy\" decoding=\"async\" class=\"alignnone size-full wp-image-65195\" src=\"https:\/\/templatetoaster.com\/wp-content\/uploads\/2019\/08\/D\u00e9mo-de-Bootstrap-Builder.jpg\" alt=\"D\u00e9mo de Bootstrap Builder\" width=\"1366\" height=\"728\" srcset=\"https:\/\/templatetoaster.com\/wp-content\/uploads\/2019\/08\/D\u00e9mo-de-Bootstrap-Builder.jpg 1366w, https:\/\/templatetoaster.com\/wp-content\/uploads\/2019\/08\/D\u00e9mo-de-Bootstrap-Builder-1000x533.jpg 1000w, https:\/\/templatetoaster.com\/wp-content\/uploads\/2019\/08\/D\u00e9mo-de-Bootstrap-Builder-300x160.jpg 300w, https:\/\/templatetoaster.com\/wp-content\/uploads\/2019\/08\/D\u00e9mo-de-Bootstrap-Builder-768x409.jpg 768w, https:\/\/templatetoaster.com\/wp-content\/uploads\/2019\/08\/D\u00e9mo-de-Bootstrap-Builder-1024x546.jpg 1024w\" sizes=\"(max-width: 1366px) 100vw, 1366px\" \/><\/p>\n<div class=\"play-youtube-video\">\n<div class=\"landing_page_svg\"><\/div>\n<\/div>\n<\/div>\n<\/div>\n<\/div>\n<p><!--- section 6 starts --><\/p>\n<div class=\"section6 wp-theme-generator\" style=\"padding: 50px 10px; background-color: #f1f4f8;\">\n<div style=\"margin: 70px 0px 20px;\">\n<h2>Ce g\u00e9n\u00e9rateur Bootstrap par Glisser \/ D\u00e9poser fonctionne avec tous les CMSes<\/h2>\n<div class=\"section-center\" style=\"padding-bottom: 20px;\">\n<div class=\"main-cms-section\">\n<div class=\"cms-section\">\n<div class=\"text-center\">\n<div class=\"wp_feature landing_page_svg\" style=\"width: 120px; height: 120px; background-position: -85px -250px;\"><\/div>\n<\/div>\n<\/div>\n<div class=\"cms-section\">\n<div class=\"text-center\">\n<div class=\"wp_feature landing_page_svg\" style=\"width: 150px; height: 120px; background-position: -200px -250px;\"><\/div>\n<\/div>\n<\/div>\n<\/div>\n<div class=\"other-cms-section\">\n<div class=\"cms-section\">\n<div class=\"text-center\">\n<div class=\"wp_feature landing_page_svg\" style=\"width: 110px; height: 100px; background-position: 20px -380px;\"><\/div>\n<\/div>\n<\/div>\n<div class=\"cms-section\">\n<div class=\"text-center\">\n<div class=\"wp_feature landing_page_svg\" style=\"width: 110px; height: 102px; background-position: -68px -380px;\"><\/div>\n<\/div>\n<\/div>\n<div class=\"cms-section\">\n<div class=\"text-center\">\n<div class=\"wp_feature landing_page_svg\" style=\"width: 110px; height: 102px; background-position: -160px -380px;\"><\/div>\n<\/div>\n<\/div>\n<div class=\"cms-section\">\n<div class=\"text-center\">\n<div class=\"wp_feature landing_page_svg\" style=\"width: 110px; height: 100px; background-position: -260px -380px;\"><\/div>\n<\/div>\n<\/div>\n<div class=\"cms-section\">\n<div class=\"text-center\">\n<div class=\"wp_feature landing_page_svg\" style=\"width: 110px; height: 100px; background-position: -0px -495px;\"><\/div>\n<\/div>\n<\/div>\n<div class=\"cms-section\">\n<div class=\"text-center\">\n<div class=\"wp_feature landing_page_svg\" style=\"width: 110px; height: 100px; background-position: -125px -495px;\"><\/div>\n<\/div>\n<\/div>\n<div class=\"cms-section\">\n<div class=\"text-center\">\n<div class=\"wp_feature landing_page_svg\" style=\"width: 110px; height: 100px; background-position: -240px -495px;\"><\/div>\n<\/div>\n<\/div>\n<div class=\"cms-section\">\n<div class=\"text-center\">\n<div class=\"wp_feature landing_page_svg\" style=\"width: 110px; height: 100px; background-position: -0px -600px;\"><\/div>\n<\/div>\n<\/div>\n<div class=\"section6-bs os-content\">\n<p>Le g\u00e9n\u00e9rateur\u00a0 Bootstrap TemplateToaster fonctionne parfaitement\u00a0 pour cr\u00e9er des Th\u00e8mes et Mod\u00e8les personnalis\u00e9s pour tous les CMSes principaux, incluant votre propre th\u00e8me WordPress. Concevez des th\u00e8mes pour WordPress bas\u00e9s sur Bootstrap, parfaitement, sans avoir \u00e0 vous soucier des fonctionnalit\u00e9s de Bootstrap et la r\u00e9activit\u00e9 \u00eatre entrav\u00e9e.<\/p>\n<p>Il devient assez facile de g\u00e9n\u00e9rer des mod\u00e8les bas\u00e9 sur Bootstrap pour d\u2019autres CMSes populaires, comme Joomla et Drupal. De m\u00eame, TemplateToaster peut concevoir des th\u00e8mes bas\u00e9s sur Bootstrap pour les sites e-commerce utilisant Magento, Prestashop, Virtuemart, et Opencart. En outre, elle maintient aussi la compatibilit\u00e9 pour le HTML standard, ainsi que Blogger.<\/p>\n<p>TemplateToaster est\u00a0int\u00e9gr\u00e9 pr\u00e9cis\u00e9ment le framework Bootstrap . Celle-ci vise \u00e0 rendre une exp\u00e9rience utilisateur optimale sur tout appareil. Ainsi, c\u2019est ce qui en fait un choix judicieux comme parfait cr\u00e9ateur de site\u00a0Web Bootstrap. Alors, cr\u00e9ez le site de vos r\u00eaves avec TemplateToaster, en un rien de temps.<\/p>\n<\/div>\n<\/div>\n<\/div>\n<div style=\"text-align: center; margin-top: 30px;\"><a class=\"btn download_btn\" href=\"https:\/\/templatetoaster.com\/fr\/download\">T\u00e9l\u00e9charger maintenant<\/a><\/div>\n<\/div>\n<\/div>\n","protected":false},"excerpt":{"rendered":"<p>Un robuste logiciel de cr\u00e9ation de site Web Bootstrap TemplateToaster est bas\u00e9 sur le framework Bootstrap. Il agit comme un parfait logiciel de cr\u00e9ation de site Web Bootstrap pour offrir des sites Web d\u2019une r\u00e9activit\u00e9 exceptionnelle. T\u00e9l\u00e9charger maintenant Pourquoi utiliser &hellip; <a href=\"https:\/\/templatetoaster.com\/fr\/bootstrap\">Continue Reading<span class=\"meta-nav\">&rarr;<\/span><\/a><\/p>\n","protected":false},"author":1,"featured_media":0,"parent":0,"menu_order":0,"comment_status":"closed","ping_status":"closed","template":"","meta":{"footnotes":""},"yoast_head":"<!-- This site is optimized with the Yoast SEO plugin v23.5 - https:\/\/yoast.com\/wordpress\/plugins\/seo\/ -->\n<title>Cr\u00e9ateur bootstrap - TemplateToaster<\/title>\n<meta name=\"description\" content=\"Bas\u00e9 sur le m\u00eame cadre, TemplateToaster est le meilleur Cr\u00e9ateur Bootstrap. Pendant que vous concevez votre site Web, cet logiciel \u00e9dite le cadre bootstrap en arri\u00e8re plan, et g\u00e9n\u00e8re un site Web parfait.\" \/>\n<meta name=\"robots\" content=\"index, follow, max-snippet:-1, max-image-preview:large, max-video-preview:-1\" \/>\n<link rel=\"canonical\" href=\"https:\/\/templatetoaster.com\/fr\/bootstrap\" \/>\n<meta property=\"og:locale\" content=\"fr_FR\" \/>\n<meta property=\"og:type\" content=\"article\" \/>\n<meta property=\"og:title\" content=\"Cr\u00e9ateur bootstrap - TemplateToaster\" \/>\n<meta property=\"og:description\" content=\"Bas\u00e9 sur le m\u00eame cadre, TemplateToaster est le meilleur Cr\u00e9ateur Bootstrap. Pendant que vous concevez votre site Web, cet logiciel \u00e9dite le cadre bootstrap en arri\u00e8re plan, et g\u00e9n\u00e8re un site Web parfait.\" \/>\n<meta property=\"og:url\" content=\"https:\/\/templatetoaster.com\/fr\/bootstrap\" \/>\n<meta property=\"og:site_name\" content=\"TemplateToaster\" \/>\n<meta property=\"article:publisher\" content=\"https:\/\/www.facebook.com\/TemplateToaster\" \/>\n<meta property=\"article:modified_time\" content=\"2019-08-27T05:48:50+00:00\" \/>\n<meta property=\"og:image\" content=\"https:\/\/templatetoaster.com\/wp-content\/uploads\/2015\/07\/TemplateToaster-325X325.png\" \/>\n\t<meta property=\"og:image:width\" content=\"325\" \/>\n\t<meta property=\"og:image:height\" content=\"325\" \/>\n\t<meta property=\"og:image:type\" content=\"image\/png\" \/>\n<meta name=\"twitter:card\" content=\"summary_large_image\" \/>\n<meta name=\"twitter:site\" content=\"@templatetoaster\" \/>\n<meta name=\"twitter:label1\" content=\"Dur\u00e9e de lecture estim\u00e9e\" \/>\n\t<meta name=\"twitter:data1\" content=\"3 minutes\" \/>\n<script type=\"application\/ld+json\" class=\"yoast-schema-graph\">{\"@context\":\"https:\/\/schema.org\",\"@graph\":[{\"@type\":\"WebPage\",\"@id\":\"https:\/\/templatetoaster.com\/fr\/bootstrap\",\"url\":\"https:\/\/templatetoaster.com\/fr\/bootstrap\",\"name\":\"Cr\u00e9ateur bootstrap - TemplateToaster\",\"isPartOf\":{\"@id\":\"https:\/\/templatetoaster.com\/#website\"},\"datePublished\":\"2018-04-06T11:17:03+00:00\",\"dateModified\":\"2019-08-27T05:48:50+00:00\",\"description\":\"Bas\u00e9 sur le m\u00eame cadre, TemplateToaster est le meilleur Cr\u00e9ateur Bootstrap. Pendant que vous concevez votre site Web, cet logiciel \u00e9dite le cadre bootstrap en arri\u00e8re plan, et g\u00e9n\u00e8re un site Web parfait.\",\"breadcrumb\":{\"@id\":\"https:\/\/templatetoaster.com\/fr\/bootstrap#breadcrumb\"},\"inLanguage\":\"fr-FR\",\"potentialAction\":[{\"@type\":\"ReadAction\",\"target\":[\"https:\/\/templatetoaster.com\/fr\/bootstrap\"]}]},{\"@type\":\"BreadcrumbList\",\"@id\":\"https:\/\/templatetoaster.com\/fr\/bootstrap#breadcrumb\",\"itemListElement\":[{\"@type\":\"ListItem\",\"position\":1,\"name\":\"Home\",\"item\":\"https:\/\/templatetoaster.com\/fr\"},{\"@type\":\"ListItem\",\"position\":2,\"name\":\"Cr\u00e9ateur bootstrap\"}]},{\"@type\":\"WebSite\",\"@id\":\"https:\/\/templatetoaster.com\/#website\",\"url\":\"https:\/\/templatetoaster.com\/\",\"name\":\"TemplateToaster\",\"description\":\"\",\"publisher\":{\"@id\":\"https:\/\/templatetoaster.com\/#organization\"},\"inLanguage\":\"fr-FR\"},{\"@type\":\"Organization\",\"@id\":\"https:\/\/templatetoaster.com\/#organization\",\"name\":\"TemplateToaster\",\"url\":\"https:\/\/templatetoaster.com\/\",\"logo\":{\"@type\":\"ImageObject\",\"inLanguage\":\"fr-FR\",\"@id\":\"https:\/\/templatetoaster.com\/#\/schema\/logo\/image\/\",\"url\":\"https:\/\/templatetoaster.com\/wp-content\/uploads\/2019\/11\/TemplateToaster_Logo.jpg\",\"contentUrl\":\"https:\/\/templatetoaster.com\/wp-content\/uploads\/2019\/11\/TemplateToaster_Logo.jpg\",\"width\":85,\"height\":85,\"caption\":\"TemplateToaster\"},\"image\":{\"@id\":\"https:\/\/templatetoaster.com\/#\/schema\/logo\/image\/\"},\"sameAs\":[\"https:\/\/www.facebook.com\/TemplateToaster\",\"https:\/\/x.com\/templatetoaster\",\"https:\/\/www.instagram.com\/templatetoaster\/\",\"https:\/\/www.linkedin.com\/company\/templatetoaster\/\",\"https:\/\/www.pinterest.com\/templatetoaster\/\",\"https:\/\/www.youtube.com\/@TemplateToaster\"]}]}<\/script>\n<!-- \/ Yoast SEO plugin. -->","yoast_head_json":{"title":"Cr\u00e9ateur bootstrap - TemplateToaster","description":"Bas\u00e9 sur le m\u00eame cadre, TemplateToaster est le meilleur Cr\u00e9ateur Bootstrap. Pendant que vous concevez votre site Web, cet logiciel \u00e9dite le cadre bootstrap en arri\u00e8re plan, et g\u00e9n\u00e8re un site Web parfait.","robots":{"index":"index","follow":"follow","max-snippet":"max-snippet:-1","max-image-preview":"max-image-preview:large","max-video-preview":"max-video-preview:-1"},"canonical":"https:\/\/templatetoaster.com\/fr\/bootstrap","og_locale":"fr_FR","og_type":"article","og_title":"Cr\u00e9ateur bootstrap - TemplateToaster","og_description":"Bas\u00e9 sur le m\u00eame cadre, TemplateToaster est le meilleur Cr\u00e9ateur Bootstrap. Pendant que vous concevez votre site Web, cet logiciel \u00e9dite le cadre bootstrap en arri\u00e8re plan, et g\u00e9n\u00e8re un site Web parfait.","og_url":"https:\/\/templatetoaster.com\/fr\/bootstrap","og_site_name":"TemplateToaster","article_publisher":"https:\/\/www.facebook.com\/TemplateToaster","article_modified_time":"2019-08-27T05:48:50+00:00","og_image":[{"width":325,"height":325,"url":"https:\/\/templatetoaster.com\/wp-content\/uploads\/2015\/07\/TemplateToaster-325X325.png","type":"image\/png"}],"twitter_card":"summary_large_image","twitter_site":"@templatetoaster","twitter_misc":{"Dur\u00e9e de lecture estim\u00e9e":"3 minutes"},"schema":{"@context":"https:\/\/schema.org","@graph":[{"@type":"WebPage","@id":"https:\/\/templatetoaster.com\/fr\/bootstrap","url":"https:\/\/templatetoaster.com\/fr\/bootstrap","name":"Cr\u00e9ateur bootstrap - TemplateToaster","isPartOf":{"@id":"https:\/\/templatetoaster.com\/#website"},"datePublished":"2018-04-06T11:17:03+00:00","dateModified":"2019-08-27T05:48:50+00:00","description":"Bas\u00e9 sur le m\u00eame cadre, TemplateToaster est le meilleur Cr\u00e9ateur Bootstrap. Pendant que vous concevez votre site Web, cet logiciel \u00e9dite le cadre bootstrap en arri\u00e8re plan, et g\u00e9n\u00e8re un site Web parfait.","breadcrumb":{"@id":"https:\/\/templatetoaster.com\/fr\/bootstrap#breadcrumb"},"inLanguage":"fr-FR","potentialAction":[{"@type":"ReadAction","target":["https:\/\/templatetoaster.com\/fr\/bootstrap"]}]},{"@type":"BreadcrumbList","@id":"https:\/\/templatetoaster.com\/fr\/bootstrap#breadcrumb","itemListElement":[{"@type":"ListItem","position":1,"name":"Home","item":"https:\/\/templatetoaster.com\/fr"},{"@type":"ListItem","position":2,"name":"Cr\u00e9ateur bootstrap"}]},{"@type":"WebSite","@id":"https:\/\/templatetoaster.com\/#website","url":"https:\/\/templatetoaster.com\/","name":"TemplateToaster","description":"","publisher":{"@id":"https:\/\/templatetoaster.com\/#organization"},"inLanguage":"fr-FR"},{"@type":"Organization","@id":"https:\/\/templatetoaster.com\/#organization","name":"TemplateToaster","url":"https:\/\/templatetoaster.com\/","logo":{"@type":"ImageObject","inLanguage":"fr-FR","@id":"https:\/\/templatetoaster.com\/#\/schema\/logo\/image\/","url":"https:\/\/templatetoaster.com\/wp-content\/uploads\/2019\/11\/TemplateToaster_Logo.jpg","contentUrl":"https:\/\/templatetoaster.com\/wp-content\/uploads\/2019\/11\/TemplateToaster_Logo.jpg","width":85,"height":85,"caption":"TemplateToaster"},"image":{"@id":"https:\/\/templatetoaster.com\/#\/schema\/logo\/image\/"},"sameAs":["https:\/\/www.facebook.com\/TemplateToaster","https:\/\/x.com\/templatetoaster","https:\/\/www.instagram.com\/templatetoaster\/","https:\/\/www.linkedin.com\/company\/templatetoaster\/","https:\/\/www.pinterest.com\/templatetoaster\/","https:\/\/www.youtube.com\/@TemplateToaster"]}]}},"_links":{"self":[{"href":"https:\/\/templatetoaster.com\/fr\/wp-json\/wp\/v2\/pages\/3748"}],"collection":[{"href":"https:\/\/templatetoaster.com\/fr\/wp-json\/wp\/v2\/pages"}],"about":[{"href":"https:\/\/templatetoaster.com\/fr\/wp-json\/wp\/v2\/types\/page"}],"author":[{"embeddable":true,"href":"https:\/\/templatetoaster.com\/fr\/wp-json\/wp\/v2\/users\/1"}],"replies":[{"embeddable":true,"href":"https:\/\/templatetoaster.com\/fr\/wp-json\/wp\/v2\/comments?post=3748"}],"version-history":[{"count":5,"href":"https:\/\/templatetoaster.com\/fr\/wp-json\/wp\/v2\/pages\/3748\/revisions"}],"predecessor-version":[{"id":65209,"href":"https:\/\/templatetoaster.com\/fr\/wp-json\/wp\/v2\/pages\/3748\/revisions\/65209"}],"wp:attachment":[{"href":"https:\/\/templatetoaster.com\/fr\/wp-json\/wp\/v2\/media?parent=3748"}],"curies":[{"name":"wp","href":"https:\/\/api.w.org\/{rel}","templated":true}]}}