{"id":3747,"date":"2018-04-06T11:14:58","date_gmt":"2018-04-06T11:14:58","guid":{"rendered":"http:\/\/templatetoaster.com\/templatetoaster-7"},"modified":"2018-04-06T11:14:58","modified_gmt":"2018-04-06T11:14:58","slug":"templatetoaster-7","status":"publish","type":"page","link":"https:\/\/templatetoaster.com\/fr\/templatetoaster-7","title":{"rendered":"templatetoaster-7"},"content":{"rendered":"<div class=\"remove_collapsing_margins\"><\/div>\n<p><h1 class=\"heading_border\"> TemplateToaster 7 Beta est maintenant disponible pour t\u00e9l\u00e9chargement!<\/h1>\n<p>Nous sommes ravis d&rsquo;annoncer la toute nouvelle version 7 (Beta de presse) de votre th\u00e8me pr\u00e9f\u00e9r\u00e9 et propre conception de logiciels TemplateToaster. L&rsquo;outil tr\u00e8s familier et avec beaucoup de confiance plus de fonctionnalit\u00e9s, la flexibilit\u00e9, et la simplicit\u00e9 de vous fournir un tout nouveau niveau d&rsquo;exp\u00e9rience heureuse de travailler avec elle.<\/p>\n<p><strong>Voici tout sur ce nouveau, nous allons offrir,<\/strong><\/p>\n<p>Comme vous le savez que TemplateToaster est un logiciel bas\u00e9 sur le bureau pour la conception des th\u00e8mes et des mod\u00e8les pour presque tous les principaux syst\u00e8mes de gestion de contenu (CMSes). en TemplateToaster, d\u00e9j\u00e0, vous pouvez concevoir Th\u00e8mes et mod\u00e8les pour divers commerce \u00e9lectronique CMS et nous sommes d\u00e9licieux d&rsquo;annoncer que nous \u00e9tendons plus loin en ajoutant quelques autres \u00e0 cette liste. Dans la version TemplateToaster 7, nous allons ajouter le support de conception pour <strong>opencart (2.1,2.2,2.3)<\/strong> ainsi que nous allons mettre \u00e0 jour l&rsquo;exp\u00e9rience de conception pour les versions sup\u00e9rieures de CMS d\u00e9j\u00e0 l\u00e0-bas i.e.. <strong>Magento (1.9.x et 2.x.x)<\/strong>, <strong>Prestashop (1.6 et 1.7)<\/strong>, <strong>Virtuemart (3.x.x)<\/strong> et <strong>WooCommerce (Dernier), WordPress(Dernier), Joomla(2.5 et les derniers 3.x.x), Drupal(7 et 8)<\/strong>.<\/p>\n<p>Maintenant, contrairement \u00e0 la version ant\u00e9rieure, vous avez maintenant la libert\u00e9 totale pour concevoir chaque page e-commerce s\u00e9par\u00e9ment et selon vos go\u00fbts. Il y a un certain nombre de pages de commerce \u00e9lectronique pr\u00e9d\u00e9finis comme la page produit, description, pages de paiement, page de paiement etc.Le, Vous n&rsquo;\u00eates pas tenu d&rsquo;appliquer le m\u00eame style \u00e0 chaque page plut\u00f4t que vous pourriez accoutumer chaque aspect de chaque page individuellement et dans TemplateToaster lui-m\u00eame. Comme toujours, Vous pouvez ajouter des pages de contenu personnalis\u00e9s, sur lequel vous avez la pleine libert\u00e9 de modifier la conception, selon votre condition.<\/p>\n<p>TemplateToaster utilise maintenant <strong>derni\u00e8res Bootstrap (Version 3.x.x)<\/strong>. depuis la version 4 de Bootstrap est en phase alpha, pour l&rsquo;instant, nous serons imm\u00e9diatement \u00e0 mettre \u00e0 jour la version BootStrap 4 une fois qu&rsquo;il est lanc\u00e9.<\/p>\n<p>Dans notre derni\u00e8re version, nous avons r\u00e9organis\u00e9 le <strong>Menu Hamburger<\/strong> et vous pouvez l&rsquo;utiliser dans votre vue bureau et. Ici, vous pouvez choisir parmi diff\u00e9rents types de styles de menu Hamburger comme glisser Gauche \/ Droite, Apparaitre, Faites glisser vers le bas etc pour ajuster la vue de votre menu.<\/p>\n<p>Une autre caract\u00e9ristique importante dans la version TemplateToaster 7 est la possibilit\u00e9 d&rsquo;ajouter <strong>En-t\u00eate vid\u00e9o<\/strong>. Vous pouvez \u00e9galement accoutumer les dimensions de la vid\u00e9o en fonction de la taille de votre t\u00eate. Vous pouvez aligner votre vid\u00e9o horizontalement (centre, droit, gauche) ou verticalement (Haut, bas, milieu) comme il convient le mieux dans l&rsquo;interface.<\/p>\n<p>Nous sommes si heureux de partager que nous avons fortement une meilleure utilisation de la m\u00e9moire dans TemplateToaster 7, rendant ainsi votre exp\u00e9rience de conception avec plus rapide et efficace.<\/p>\n<p><strong>dans la version 7, nous fournissons \u00e9galement des options \u00e0:<\/strong><\/p>\n<ul>\n<li>R\u00e9gler la largeur de la bo\u00eete de recherche<\/li>\n<li>Ajouter le titre de la page<\/li>\n<li>Ajouter meta description de chaque page<\/li>\n<li>Set ic\u00f4nes dans le lien d&rsquo;en-t\u00eate<\/li>\n<li>Style de tous les \u00e9l\u00e9ments d&rsquo;un seul onglet<\/li>\n<li>Ajouter Haut \/ Bas marges dans la typographie<\/li>\n<li>Ajouter PHP personnalis\u00e9 dans WordPress i.e.. dans nos versions ant\u00e9rieures, vous ne pouvez ajouter CSS et Javascript personnalis\u00e9 \u00e0 votre th\u00e8me WordPress, mais dans notre prochaine mise \u00e0 jour, vous avez la libert\u00e9 totale d&rsquo;ajouter PHP personnalis\u00e9 et<\/li>\n<p>&lt;\/ul<\/p>\n<p>\nCe sont quelques-uns des faits saillants de base de notre prochaine mise \u00e0 jour. Consultez r\u00e9guli\u00e8rement cet espace pour plus.<\/p>\n","protected":false},"excerpt":{"rendered":"<p>TemplateToaster 7 Beta est maintenant disponible pour t\u00e9l\u00e9chargement! Nous sommes ravis d&rsquo;annoncer la toute nouvelle version 7 (Beta de presse) de votre th\u00e8me pr\u00e9f\u00e9r\u00e9 et propre conception de logiciels TemplateToaster. L&rsquo;outil tr\u00e8s familier et avec beaucoup de confiance plus de &hellip; <a href=\"https:\/\/templatetoaster.com\/fr\/templatetoaster-7\">Continue Reading<span class=\"meta-nav\">&rarr;<\/span><\/a><\/p>\n","protected":false},"author":1,"featured_media":0,"parent":0,"menu_order":0,"comment_status":"closed","ping_status":"closed","template":"PageTemplate1.php","meta":{"footnotes":""},"yoast_head":"<!-- This site is optimized with the Yoast SEO plugin v23.5 - https:\/\/yoast.com\/wordpress\/plugins\/seo\/ -->\n<title>templatetoaster-7 - TemplateToaster<\/title>\n<meta name=\"robots\" content=\"index, follow, max-snippet:-1, max-image-preview:large, max-video-preview:-1\" \/>\n<link rel=\"canonical\" href=\"https:\/\/templatetoaster.com\/fr\/templatetoaster-7\" \/>\n<meta property=\"og:locale\" content=\"fr_FR\" \/>\n<meta property=\"og:type\" content=\"article\" \/>\n<meta property=\"og:title\" content=\"templatetoaster-7 - TemplateToaster\" \/>\n<meta property=\"og:description\" content=\"TemplateToaster 7 Beta est maintenant disponible pour t\u00e9l\u00e9chargement! Nous sommes ravis d&rsquo;annoncer la toute nouvelle version 7 (Beta de presse) de votre th\u00e8me pr\u00e9f\u00e9r\u00e9 et propre conception de logiciels TemplateToaster. L&rsquo;outil tr\u00e8s familier et avec beaucoup de confiance plus de &hellip; Continue Reading&rarr;\" \/>\n<meta property=\"og:url\" content=\"https:\/\/templatetoaster.com\/fr\/templatetoaster-7\" \/>\n<meta property=\"og:site_name\" content=\"TemplateToaster\" \/>\n<meta property=\"article:publisher\" content=\"https:\/\/www.facebook.com\/TemplateToaster\" \/>\n<meta property=\"og:image\" content=\"https:\/\/templatetoaster.com\/wp-content\/uploads\/2015\/07\/TemplateToaster-325X325.png\" \/>\n\t<meta property=\"og:image:width\" content=\"325\" \/>\n\t<meta property=\"og:image:height\" content=\"325\" \/>\n\t<meta property=\"og:image:type\" content=\"image\/png\" \/>\n<meta name=\"twitter:card\" content=\"summary_large_image\" \/>\n<meta name=\"twitter:site\" content=\"@templatetoaster\" \/>\n<meta name=\"twitter:label1\" content=\"Dur\u00e9e de lecture estim\u00e9e\" \/>\n\t<meta name=\"twitter:data1\" content=\"3 minutes\" \/>\n<script type=\"application\/ld+json\" class=\"yoast-schema-graph\">{\"@context\":\"https:\/\/schema.org\",\"@graph\":[{\"@type\":\"WebPage\",\"@id\":\"https:\/\/templatetoaster.com\/fr\/templatetoaster-7\",\"url\":\"https:\/\/templatetoaster.com\/fr\/templatetoaster-7\",\"name\":\"templatetoaster-7 - TemplateToaster\",\"isPartOf\":{\"@id\":\"https:\/\/templatetoaster.com\/#website\"},\"datePublished\":\"2018-04-06T11:14:58+00:00\",\"dateModified\":\"2018-04-06T11:14:58+00:00\",\"breadcrumb\":{\"@id\":\"https:\/\/templatetoaster.com\/fr\/templatetoaster-7#breadcrumb\"},\"inLanguage\":\"fr-FR\",\"potentialAction\":[{\"@type\":\"ReadAction\",\"target\":[\"https:\/\/templatetoaster.com\/fr\/templatetoaster-7\"]}]},{\"@type\":\"BreadcrumbList\",\"@id\":\"https:\/\/templatetoaster.com\/fr\/templatetoaster-7#breadcrumb\",\"itemListElement\":[{\"@type\":\"ListItem\",\"position\":1,\"name\":\"Home\",\"item\":\"https:\/\/templatetoaster.com\/fr\"},{\"@type\":\"ListItem\",\"position\":2,\"name\":\"templatetoaster-7\"}]},{\"@type\":\"WebSite\",\"@id\":\"https:\/\/templatetoaster.com\/#website\",\"url\":\"https:\/\/templatetoaster.com\/\",\"name\":\"TemplateToaster\",\"description\":\"\",\"publisher\":{\"@id\":\"https:\/\/templatetoaster.com\/#organization\"},\"inLanguage\":\"fr-FR\"},{\"@type\":\"Organization\",\"@id\":\"https:\/\/templatetoaster.com\/#organization\",\"name\":\"TemplateToaster\",\"url\":\"https:\/\/templatetoaster.com\/\",\"logo\":{\"@type\":\"ImageObject\",\"inLanguage\":\"fr-FR\",\"@id\":\"https:\/\/templatetoaster.com\/#\/schema\/logo\/image\/\",\"url\":\"https:\/\/templatetoaster.com\/wp-content\/uploads\/2019\/11\/TemplateToaster_Logo.jpg\",\"contentUrl\":\"https:\/\/templatetoaster.com\/wp-content\/uploads\/2019\/11\/TemplateToaster_Logo.jpg\",\"width\":85,\"height\":85,\"caption\":\"TemplateToaster\"},\"image\":{\"@id\":\"https:\/\/templatetoaster.com\/#\/schema\/logo\/image\/\"},\"sameAs\":[\"https:\/\/www.facebook.com\/TemplateToaster\",\"https:\/\/x.com\/templatetoaster\",\"https:\/\/www.instagram.com\/templatetoaster\/\",\"https:\/\/www.linkedin.com\/company\/templatetoaster\/\",\"https:\/\/www.pinterest.com\/templatetoaster\/\",\"https:\/\/www.youtube.com\/@TemplateToaster\"]}]}<\/script>\n<!-- \/ Yoast SEO plugin. -->","yoast_head_json":{"title":"templatetoaster-7 - TemplateToaster","robots":{"index":"index","follow":"follow","max-snippet":"max-snippet:-1","max-image-preview":"max-image-preview:large","max-video-preview":"max-video-preview:-1"},"canonical":"https:\/\/templatetoaster.com\/fr\/templatetoaster-7","og_locale":"fr_FR","og_type":"article","og_title":"templatetoaster-7 - TemplateToaster","og_description":"TemplateToaster 7 Beta est maintenant disponible pour t\u00e9l\u00e9chargement! Nous sommes ravis d&rsquo;annoncer la toute nouvelle version 7 (Beta de presse) de votre th\u00e8me pr\u00e9f\u00e9r\u00e9 et propre conception de logiciels TemplateToaster. L&rsquo;outil tr\u00e8s familier et avec beaucoup de confiance plus de &hellip; Continue Reading&rarr;","og_url":"https:\/\/templatetoaster.com\/fr\/templatetoaster-7","og_site_name":"TemplateToaster","article_publisher":"https:\/\/www.facebook.com\/TemplateToaster","og_image":[{"width":325,"height":325,"url":"https:\/\/templatetoaster.com\/wp-content\/uploads\/2015\/07\/TemplateToaster-325X325.png","type":"image\/png"}],"twitter_card":"summary_large_image","twitter_site":"@templatetoaster","twitter_misc":{"Dur\u00e9e de lecture estim\u00e9e":"3 minutes"},"schema":{"@context":"https:\/\/schema.org","@graph":[{"@type":"WebPage","@id":"https:\/\/templatetoaster.com\/fr\/templatetoaster-7","url":"https:\/\/templatetoaster.com\/fr\/templatetoaster-7","name":"templatetoaster-7 - TemplateToaster","isPartOf":{"@id":"https:\/\/templatetoaster.com\/#website"},"datePublished":"2018-04-06T11:14:58+00:00","dateModified":"2018-04-06T11:14:58+00:00","breadcrumb":{"@id":"https:\/\/templatetoaster.com\/fr\/templatetoaster-7#breadcrumb"},"inLanguage":"fr-FR","potentialAction":[{"@type":"ReadAction","target":["https:\/\/templatetoaster.com\/fr\/templatetoaster-7"]}]},{"@type":"BreadcrumbList","@id":"https:\/\/templatetoaster.com\/fr\/templatetoaster-7#breadcrumb","itemListElement":[{"@type":"ListItem","position":1,"name":"Home","item":"https:\/\/templatetoaster.com\/fr"},{"@type":"ListItem","position":2,"name":"templatetoaster-7"}]},{"@type":"WebSite","@id":"https:\/\/templatetoaster.com\/#website","url":"https:\/\/templatetoaster.com\/","name":"TemplateToaster","description":"","publisher":{"@id":"https:\/\/templatetoaster.com\/#organization"},"inLanguage":"fr-FR"},{"@type":"Organization","@id":"https:\/\/templatetoaster.com\/#organization","name":"TemplateToaster","url":"https:\/\/templatetoaster.com\/","logo":{"@type":"ImageObject","inLanguage":"fr-FR","@id":"https:\/\/templatetoaster.com\/#\/schema\/logo\/image\/","url":"https:\/\/templatetoaster.com\/wp-content\/uploads\/2019\/11\/TemplateToaster_Logo.jpg","contentUrl":"https:\/\/templatetoaster.com\/wp-content\/uploads\/2019\/11\/TemplateToaster_Logo.jpg","width":85,"height":85,"caption":"TemplateToaster"},"image":{"@id":"https:\/\/templatetoaster.com\/#\/schema\/logo\/image\/"},"sameAs":["https:\/\/www.facebook.com\/TemplateToaster","https:\/\/x.com\/templatetoaster","https:\/\/www.instagram.com\/templatetoaster\/","https:\/\/www.linkedin.com\/company\/templatetoaster\/","https:\/\/www.pinterest.com\/templatetoaster\/","https:\/\/www.youtube.com\/@TemplateToaster"]}]}},"_links":{"self":[{"href":"https:\/\/templatetoaster.com\/fr\/wp-json\/wp\/v2\/pages\/3747"}],"collection":[{"href":"https:\/\/templatetoaster.com\/fr\/wp-json\/wp\/v2\/pages"}],"about":[{"href":"https:\/\/templatetoaster.com\/fr\/wp-json\/wp\/v2\/types\/page"}],"author":[{"embeddable":true,"href":"https:\/\/templatetoaster.com\/fr\/wp-json\/wp\/v2\/users\/1"}],"replies":[{"embeddable":true,"href":"https:\/\/templatetoaster.com\/fr\/wp-json\/wp\/v2\/comments?post=3747"}],"version-history":[{"count":1,"href":"https:\/\/templatetoaster.com\/fr\/wp-json\/wp\/v2\/pages\/3747\/revisions"}],"predecessor-version":[{"id":66642,"href":"https:\/\/templatetoaster.com\/fr\/wp-json\/wp\/v2\/pages\/3747\/revisions\/66642"}],"wp:attachment":[{"href":"https:\/\/templatetoaster.com\/fr\/wp-json\/wp\/v2\/media?parent=3747"}],"curies":[{"name":"wp","href":"https:\/\/api.w.org\/{rel}","templated":true}]}}