{"id":3741,"date":"2018-04-06T10:59:06","date_gmt":"2018-04-06T10:59:06","guid":{"rendered":"http:\/\/templatetoaster.com\/wp-theme-generator"},"modified":"2018-04-06T10:59:06","modified_gmt":"2018-04-06T10:59:06","slug":"wp-theme-generator","status":"publish","type":"page","link":"https:\/\/templatetoaster.com\/fr\/wp-theme-generator","title":{"rendered":"wp-theme-generator"},"content":{"rendered":"<div class=\"remove_collapsing_margins\"><\/div>\n<p><!--Section Design--><\/p>\n<div style=\"margin: 200px 0 6px\">\n<h1 style=\"font-size:40px;font-weight: normal\">Superbe design Th\u00e8mes WordPress en quelques minutes<\/h1>\n<h2 class=\"text-center\" style=\"margin-top:30px;font-weight:normal;line-height:35px\">Sans aucune qualification technique<br \/><span class=\"tr_\" id=\"tr_1\">Work Like a Pro<\/span><\/h2>\n<p><\/p>\n<div style=\"text-align:center;margin-top:10px\">\n<a style=\"padding:12px 25px\" href=\"https:\/\/templatetoaster.com\/fr\/download\" class=\"btn download_button\">T\u00e9l\u00e9charger maintenant<\/a><\/div>\n<div class=\"clearfix\"><\/div>\n<p><\/p>\n<\/div>\n<p><!--Section Why TemplateToaster--><\/p>\n<div style=\"background-color:#F1F1F1;padding:70px 0\">\n<h1><span class=\"tr_\" id=\"tr_2\">Why TemplateToaster<\/span> ?<\/h1>\n<div class=\"row\" style=\"margin-top:50px\">\n<div class=\"col-lg-4 col-md-4 col-sm-6 col-xs-12\">\n<div class=\"cms_feature\" style=\"padding:10px 20px\">\n<span class=\"landing_img\" style=\"height: 128px;width: 267px\"><\/span><\/p>\n<h3 class=\"text-center\" style=\"padding:20px 0 10px\">WordPress avec le contenu<\/h3>\n<p class=\"text-center\"><span class=\"tr_\" id=\"tr_3\">add<\/span>, <span class=\"tr_\" id=\"tr_4\">edit and format the content of your website at the time of designing theme<\/span><\/p>\n<\/div>\n<\/div>\n<div class=\"clearfix visible-xs-block\"><\/div>\n<div class=\"col-lg-4 col-md-4 col-sm-6 col-xs-12\">\n<div class=\"cms_feature\" style=\"padding:10px 20px\">\n<span class=\"landing_img\" style=\"height: 128px;width: 128px\"><\/span><\/p>\n<h3 class=\"text-center\" style=\"padding:20px 0 10px\">Post-it Menu<\/h3>\n<p class=\"text-center\"><span class=\"tr_\" id=\"tr_5\">make your menu sticky while determining the position of the menu<\/span><\/p>\n<\/div>\n<\/div>\n<div class=\"clearfix visible-sm-block visible-xs-block\"><\/div>\n<div class=\"col-lg-4 col-md-4 col-sm-6 col-xs-12\">\n<div class=\"cms_feature\" style=\"padding:10px 20px\">\n<span class=\"landing_img\" style=\"height: 128px;width:130px\"><\/span><\/p>\n<h3 class=\"text-center\" style=\"padding:20px 0 10px\"> Drag &#038; Drop Website Builder<\/h3>\n<p class=\"text-center\"><span class=\"tr_\" id=\"tr_6\">start from scratch and use advanced Canvas where you can easily hatch your designs using the drag drop<\/span><\/p>\n<\/div>\n<\/div>\n<div class=\"clearfix visible-lg-block visible-md-block visible-sm-block visible-xs-block\"><\/div>\n<\/div>\n<\/div>\n<p><!--Section Responsive--><\/p>\n<div style=\"padding:70px 0\">\n<h1><span class=\"tr_\" id=\"tr_7\">Build Perfect Themes for Any Device<\/span><\/h1>\n<p><img decoding=\"async\" src=\"https:\/\/templatetoaster.com\/wp-content\/uploads\/2016\/05\/responsive_landing.png\" class=\"img-responsive center-block\" style=\"margin-top:50px\" \/>\n<\/div>\n<p><!--Section Gallery--><\/p>\n<div style=\"padding:70px 20px 40px;background-color:#F1F1F1\">\n<h1><span class=\"tr_\" id=\"tr_8\">TemplateToaster Theme Gallery<\/span><\/h1>\n<div class=\"row\" style=\"margin-top:50px\">\n<div class=\"col-lg-3 col-md-3 col-sm-6 col-xs-12\" style=\"padding: 10px 10px\">\n<div class=\"sample_img\"><a href=\"https:\/\/demos.templatetoaster.com\/brand\"><img decoding=\"async\" class=\"img-responsive center-block\" src=\"https:\/\/templatetoaster.com\/wp-content\/uploads\/2016\/05\/brand.jpg\" alt=\"\" style=\"border:1px solid #cacaca\"><\/a>\n<\/div>\n<\/div>\n<div class=\"clearfix visible-xs-block\"><\/div>\n<div class=\"col-lg-3 col-md-3 col-sm-6 col-xs-12\" style=\"padding: 10px 10px\">\n<div class=\"sample_img\"><a href=\"https:\/\/demos.templatetoaster.com\/unique\"><img decoding=\"async\" class=\"img-responsive center-block\" src=\"https:\/\/templatetoaster.com\/wp-content\/uploads\/2016\/05\/unique.jpg\" alt=\"\" style=\"border:1px solid #cacaca\"><\/a>\n <\/div>\n<\/div>\n<div class=\"clearfix visible-sm-block visible-xs-block\"><\/div>\n<div class=\"col-lg-3 col-md-3 col-sm-6 col-xs-12\" style=\"padding: 10px 10px\">\n<div class=\"sample_img\"><a href=\"https:\/\/demos.templatetoaster.com\/blog-time\"><img decoding=\"async\" class=\"img-responsive center-block\" src=\"https:\/\/templatetoaster.com\/wp-content\/uploads\/2016\/05\/blog-time.jpg\" alt=\"\" style=\"border:1px solid #cacaca\"><\/a>\n<\/div>\n<\/div>\n<div class=\"clearfix visible-xs-block\"><\/div>\n<div class=\"col-lg-3 col-md-3 col-sm-6 col-xs-12\" style=\"padding: 10px 10px\">\n<div class=\"sample_img\"><a href=\"https:\/\/demos.templatetoaster.com\/SimplexAtmore\/\"><img decoding=\"async\" class=\"img-responsive center-block\" src=\"https:\/\/templatetoaster.com\/wp-content\/uploads\/2016\/05\/simplex-atmore.jpg\" alt=\"\" style=\"border:1px solid #cacaca\"><\/a>\n<\/div>\n<\/div>\n<div class=\"clearfix visible-lg-block visible-md-block visible-sm-block visible-xs-block\"><\/div>\n<div class=\"col-lg-12 col-md-12 col-sm-12 col-xs-12\">\n<div class=\"cms_feature text-center\" style=\"padding-top:40px\">\n<p class=\"sample-button\"><a class=\"btn btn-default\" href=\"https:\/\/templatetoaster.com\/templates\">Voir d&rsquo;autres th\u00e8mes<\/a><\/p>\n<\/div>\n<\/div>\n<\/div>\n<\/div>\n<p><!-- section-feature--><\/p>\n<div style=\"padding:70px 10px\">\n<h1>Caract\u00e9ristiques du TemplateToaster<\/h1>\n<div class=\"row\" style=\"margin-top:50px\">\n<div class=\"col-lg-4 col-md-4 col-sm-6 col-sx-12\" style=\"padding:20px 20px\">\n<div>\n<p class=\"text-center\"><span style=\"margin-right:10px;float:none;vertical-align:middle\" class=\"feature_icon compa\"><\/span><\/p>\n<h3>Compatibilit\u00e9 avec les navigateurs <\/h3>\n<p class=\"text-center\">TemplateToaster soutenir tout standard des navigateurs Web incluant mais non limit\u00e9 \u00e0 Internet Explorer, Firefox, Chrome, Op\u00e9ra, Safari et tous les navigateurs mobiles.<\/p>\n<\/div>\n<\/div>\n<div class=\"clearfix visible-xs-block\"><\/div>\n<div class=\"col-lg-4 col-md-4 col-sm-6 col-sx-12\" style=\"padding:20px\">\n<div>\n<p class=\"text-center\"><span style=\"margin-right:10px;float:none;vertical-align:middle\" class=\"feature_icon module\"><\/span><\/p>\n<h3 style=\"margin:20px 0 10px;text-align:center\"> Widgets Area Design <\/h3>\n<p class=\"text-center\">TemplateToaster offre une option avanc\u00e9e pour ajouter et concevoir nombre souhait\u00e9 de zones Widget sur mesure, en plus de beaucoup de ceux ajout\u00e9s automatiquement.<\/p>\n<\/div>\n<\/div>\n<div class=\"clearfix visible-sm-block visible-xs-block\"><\/div>\n<div class=\"col-md-4 col-sm-6 col-sx-12\" style=\"padding:20px 20px\">\n<div>\n<p class=\"text-center\"><span class=\"feature_icon editor\" style=\"margin-right:10px;float:none;vertical-align:middle\"><\/span><\/p>\n<h3 style=\"margin:20px 0 10px;text-align:center\">\u00c9diteur WYSIWYG<\/h3>\n<p class=\"text-center\">TemplateToaster est charg\u00e9 avec un \u00e9diteur WYSIWYG avanc\u00e9 pour l&rsquo;\u00e9dition visuelle, il est tr\u00e8s utile pour la conception de contenu WordPress dans le logiciel.<\/p>\n<\/div>\n<\/div>\n<div class=\"clearfix  visible-lg-block visible-md-block  visible-xs-block\"><\/div>\n<div style=\"padding:20px 20px\" class=\"col-md-4 col-sm-4 col-sx-12\">\n<div>\n<p class=\"text-center\"><span class=\"feature_icon media\" style=\"margin-right:10px;float:none;vertical-align:middle\"><\/span><\/p>\n<h3 style=\"margin:20px 0 10px;text-align:center\">Int\u00e9gration des m\u00e9dias sociaux<\/h3>\n<p class=\"text-center\">Maintenant il n&rsquo;y a aucun besoin de codage manuel pour ajouter des boutons de m\u00e9dias sociaux comme Facebook, LinkedIn, Twitter, etc.. dans vos templates. Ins\u00e9rez simplement et configurez-le dans TemplateToaster. <\/p>\n<\/div>\n<\/div>\n<div class=\"clearfix visible-sm-block visible-xs-block\"><\/div>\n<div class=\"col-md-4 col-sm-4 col-sx-12\" style=\"padding:20px 20px\">\n<div>\n<p class=\"text-center\"><span style=\"margin-right:10px;float:none;vertical-align:middle\" class=\"feature_icon css3\"><\/span><\/p>\n<h3 style=\"margin:20px 0 10px;text-align:center\">HTML5 &amp; CSS3<\/h3>\n<p class=\"text-center\">TemplateToaster soutien aux derni\u00e8res normes HTML5 et CSS3 et exporter des poids tr\u00e8s l\u00e9ger mod\u00e8les \u00e9vitant le jeu lourd de divs et d&rsquo;images pour des fronti\u00e8res et des coins arrondis.<\/p>\n<\/div>\n<\/div>\n<div class=\"clearfix visible-xs-block\"><\/div>\n<div style=\"padding:20px 20px\" class=\"col-md-4 col-sm-4 col-sx-12\">\n<div>\n<p class=\"text-center\"><span class=\"feature_icon landing_img\" style=\"margin-right:10px;float: none;height: 52px;vertical-align: middle;width: 44px\"><\/span><\/p>\n<h3 style=\"margin:20px 0 10px;text-align:center\"> Support de cadre \u00ab bootstrap \u00bb<\/h3>\n<p class=\"text-center\"><span class=\"tr_\" id=\"tr_9\">TemplateToaster now supports BootStrap Framework<\/span>, <span class=\"tr_\" id=\"tr_10\">powering all the generated Templates and Themes will be BootStrap based<\/span>. <span class=\"tr_\" id=\"tr_11\">Also modify default BootStrap controls directly in TemplateToaster<\/span>.<\/p>\n<\/div>\n<\/div>\n<div class=\"clearfix visible-lg-block visible-md-block visible-sm-block visible-xs-block\"><\/div>\n<\/div>\n<\/div>\n<p><!--Section CMS--><\/p>\n<div style=\"background-color:#F1F1F1;padding:70px 10px;margin-bottom:50px\">\n<h1 style=\"margin-bottom:55px\"><span class=\"tr_\" id=\"tr_12\">Support All Major Platform<\/span><\/h1>\n<div class=\"row\">\n<div class=\"col-lg-2 col-md-2 col-sm-4 col-xs-12\" style=\"padding:10px 20px\">\n<h3 class=\"text-center\"><span class=\"landing_img\" style=\"width: 97px;height: 102px\"><\/span>Drupal<\/h3>\n<\/div>\n<div class=\"clearfix visible-xs-block\"><\/div>\n<div class=\"col-lg-2 col-md-2 col-sm-4 col-xs-12\" style=\"padding:10px 20px\">\n<h3 class=\"text-center\"><span class=\"landing_img\" style=\"width: 97px;height: 100px\"><\/span>WordPress<\/h3>\n<\/div>\n<div class=\"clearfix  visible-xs-block\"><\/div>\n<div class=\"col-lg-2 col-md-2 col-sm-4 col-xs-12\" style=\"padding:10px 20px\">\n<h3 class=\"text-center\"><span class=\"landing_img\" style=\"width: 97px;height: 100px\"><\/span>Joomla<\/h3>\n<\/div>\n<div class=\"clearfix visible-sm-block visible-xs-block\"><\/div>\n<div class=\"col-lg-2 col-md-2 col-sm-4 col-xs-12\" style=\"padding:10px 20px\">\n<h3 class=\"text-center\"><span class=\"landing_img\" style=\"width: 97px;height: 100px\"><\/span>Prestashop<\/h3>\n<\/div>\n<div class=\"clearfix  visible-xs-block\"><\/div>\n<div class=\"col-lg-2 col-md-2 col-sm-4 col-xs-12\" style=\"padding:10px 20px\">\n<h3 class=\"text-center\"><span class=\"landing_img\" style=\"width: 97px;height: 100px\"><\/span>Magento<\/h3>\n<\/div>\n<div class=\"clearfix visible-xs-block\"><\/div>\n<div class=\"col-lg-2 col-md-2 col-sm-4 col-xs-12\" style=\"padding:10px 20px\">\n<h3 class=\"text-center\"><span class=\"landing_img\" style=\"width: 97px;height: 100px\"><\/span>HTML<\/h3>\n<\/div>\n<div class=\"clearfix visible-sm-block visible-xs-block\"><\/div>\n<div class=\"clearfix visible-lg-block visible-md-block visible-sm-block visible-xs-block\"><\/div>\n<\/div>\n<\/div>\n<div style=\"text-align:center\">\n<a style=\"padding:12px 25px\" href=\"https:\/\/templatetoaster.com\/fr\/download\" class=\"btn download_button\"><\/span>T\u00e9l\u00e9charger maintenant<\/a><\/div>\n<div class=\"clearfix\"><\/div>\n<div style=\"text-align:center;margin-bottom:45px\">\n<a href=\"https:\/\/templatetoaster.com\/fr\/screenshots\"><span class=\"tr_\" id=\"tr_13\">View Screenshots<\/span><\/a>\n<\/div>\n","protected":false},"excerpt":{"rendered":"<p>Superbe design Th\u00e8mes WordPress en quelques minutes Sans aucune qualification techniqueWork Like a Pro T\u00e9l\u00e9charger maintenant Why TemplateToaster ? WordPress avec le contenu add, edit and format the content of your website at the time of designing theme Post-it Menu &hellip; <a href=\"https:\/\/templatetoaster.com\/fr\/wp-theme-generator\">Continue Reading<span class=\"meta-nav\">&rarr;<\/span><\/a><\/p>\n","protected":false},"author":103,"featured_media":0,"parent":0,"menu_order":0,"comment_status":"closed","ping_status":"open","template":"","meta":{"footnotes":""},"yoast_head":"<!-- This site is optimized with the Yoast SEO plugin v23.5 - https:\/\/yoast.com\/wordpress\/plugins\/seo\/ -->\n<title>wp-theme-generator - TemplateToaster<\/title>\n<meta name=\"robots\" content=\"noindex, nofollow\" \/>\n<meta property=\"og:locale\" content=\"fr_FR\" \/>\n<meta property=\"og:type\" content=\"article\" \/>\n<meta property=\"og:title\" content=\"wp-theme-generator - TemplateToaster\" \/>\n<meta property=\"og:description\" content=\"Superbe design Th\u00e8mes WordPress en quelques minutes Sans aucune qualification techniqueWork Like a Pro T\u00e9l\u00e9charger maintenant Why TemplateToaster ? WordPress avec le contenu add, edit and format the content of your website at the time of designing theme Post-it Menu &hellip; Continue Reading&rarr;\" \/>\n<meta property=\"og:url\" content=\"https:\/\/templatetoaster.com\/fr\/wp-theme-generator\" \/>\n<meta property=\"og:site_name\" content=\"TemplateToaster\" \/>\n<meta property=\"article:publisher\" content=\"https:\/\/www.facebook.com\/TemplateToaster\" \/>\n<meta property=\"og:image\" content=\"https:\/\/templatetoaster.com\/wp-content\/uploads\/2016\/05\/responsive_landing.png\" \/>\n<meta name=\"twitter:card\" content=\"summary_large_image\" \/>\n<meta name=\"twitter:site\" content=\"@templatetoaster\" \/>\n<meta name=\"twitter:label1\" content=\"Dur\u00e9e de lecture estim\u00e9e\" \/>\n\t<meta name=\"twitter:data1\" content=\"1 minute\" \/>\n<script type=\"application\/ld+json\" class=\"yoast-schema-graph\">{\"@context\":\"https:\/\/schema.org\",\"@graph\":[{\"@type\":\"WebPage\",\"@id\":\"https:\/\/templatetoaster.com\/fr\/wp-theme-generator\",\"url\":\"https:\/\/templatetoaster.com\/fr\/wp-theme-generator\",\"name\":\"wp-theme-generator - TemplateToaster\",\"isPartOf\":{\"@id\":\"https:\/\/templatetoaster.com\/#website\"},\"primaryImageOfPage\":{\"@id\":\"https:\/\/templatetoaster.com\/fr\/wp-theme-generator#primaryimage\"},\"image\":{\"@id\":\"https:\/\/templatetoaster.com\/fr\/wp-theme-generator#primaryimage\"},\"thumbnailUrl\":\"https:\/\/templatetoaster.com\/wp-content\/uploads\/2016\/05\/responsive_landing.png\",\"datePublished\":\"2018-04-06T10:59:06+00:00\",\"dateModified\":\"2018-04-06T10:59:06+00:00\",\"breadcrumb\":{\"@id\":\"https:\/\/templatetoaster.com\/fr\/wp-theme-generator#breadcrumb\"},\"inLanguage\":\"fr-FR\",\"potentialAction\":[{\"@type\":\"ReadAction\",\"target\":[\"https:\/\/templatetoaster.com\/fr\/wp-theme-generator\"]}]},{\"@type\":\"ImageObject\",\"inLanguage\":\"fr-FR\",\"@id\":\"https:\/\/templatetoaster.com\/fr\/wp-theme-generator#primaryimage\",\"url\":\"https:\/\/templatetoaster.com\/wp-content\/uploads\/2016\/05\/responsive_landing.png\",\"contentUrl\":\"https:\/\/templatetoaster.com\/wp-content\/uploads\/2016\/05\/responsive_landing.png\"},{\"@type\":\"BreadcrumbList\",\"@id\":\"https:\/\/templatetoaster.com\/fr\/wp-theme-generator#breadcrumb\",\"itemListElement\":[{\"@type\":\"ListItem\",\"position\":1,\"name\":\"Home\",\"item\":\"https:\/\/templatetoaster.com\/fr\"},{\"@type\":\"ListItem\",\"position\":2,\"name\":\"wp-theme-generator\"}]},{\"@type\":\"WebSite\",\"@id\":\"https:\/\/templatetoaster.com\/#website\",\"url\":\"https:\/\/templatetoaster.com\/\",\"name\":\"TemplateToaster\",\"description\":\"\",\"publisher\":{\"@id\":\"https:\/\/templatetoaster.com\/#organization\"},\"inLanguage\":\"fr-FR\"},{\"@type\":\"Organization\",\"@id\":\"https:\/\/templatetoaster.com\/#organization\",\"name\":\"TemplateToaster\",\"url\":\"https:\/\/templatetoaster.com\/\",\"logo\":{\"@type\":\"ImageObject\",\"inLanguage\":\"fr-FR\",\"@id\":\"https:\/\/templatetoaster.com\/#\/schema\/logo\/image\/\",\"url\":\"https:\/\/templatetoaster.com\/wp-content\/uploads\/2019\/11\/TemplateToaster_Logo.jpg\",\"contentUrl\":\"https:\/\/templatetoaster.com\/wp-content\/uploads\/2019\/11\/TemplateToaster_Logo.jpg\",\"width\":85,\"height\":85,\"caption\":\"TemplateToaster\"},\"image\":{\"@id\":\"https:\/\/templatetoaster.com\/#\/schema\/logo\/image\/\"},\"sameAs\":[\"https:\/\/www.facebook.com\/TemplateToaster\",\"https:\/\/x.com\/templatetoaster\",\"https:\/\/www.instagram.com\/templatetoaster\/\",\"https:\/\/www.linkedin.com\/company\/templatetoaster\/\",\"https:\/\/www.pinterest.com\/templatetoaster\/\",\"https:\/\/www.youtube.com\/@TemplateToaster\"]}]}<\/script>\n<!-- \/ Yoast SEO plugin. -->","yoast_head_json":{"title":"wp-theme-generator - TemplateToaster","robots":{"index":"noindex","follow":"nofollow"},"og_locale":"fr_FR","og_type":"article","og_title":"wp-theme-generator - TemplateToaster","og_description":"Superbe design Th\u00e8mes WordPress en quelques minutes Sans aucune qualification techniqueWork Like a Pro T\u00e9l\u00e9charger maintenant Why TemplateToaster ? WordPress avec le contenu add, edit and format the content of your website at the time of designing theme Post-it Menu &hellip; Continue Reading&rarr;","og_url":"https:\/\/templatetoaster.com\/fr\/wp-theme-generator","og_site_name":"TemplateToaster","article_publisher":"https:\/\/www.facebook.com\/TemplateToaster","og_image":[{"url":"https:\/\/templatetoaster.com\/wp-content\/uploads\/2016\/05\/responsive_landing.png"}],"twitter_card":"summary_large_image","twitter_site":"@templatetoaster","twitter_misc":{"Dur\u00e9e de lecture estim\u00e9e":"1 minute"},"schema":{"@context":"https:\/\/schema.org","@graph":[{"@type":"WebPage","@id":"https:\/\/templatetoaster.com\/fr\/wp-theme-generator","url":"https:\/\/templatetoaster.com\/fr\/wp-theme-generator","name":"wp-theme-generator - TemplateToaster","isPartOf":{"@id":"https:\/\/templatetoaster.com\/#website"},"primaryImageOfPage":{"@id":"https:\/\/templatetoaster.com\/fr\/wp-theme-generator#primaryimage"},"image":{"@id":"https:\/\/templatetoaster.com\/fr\/wp-theme-generator#primaryimage"},"thumbnailUrl":"https:\/\/templatetoaster.com\/wp-content\/uploads\/2016\/05\/responsive_landing.png","datePublished":"2018-04-06T10:59:06+00:00","dateModified":"2018-04-06T10:59:06+00:00","breadcrumb":{"@id":"https:\/\/templatetoaster.com\/fr\/wp-theme-generator#breadcrumb"},"inLanguage":"fr-FR","potentialAction":[{"@type":"ReadAction","target":["https:\/\/templatetoaster.com\/fr\/wp-theme-generator"]}]},{"@type":"ImageObject","inLanguage":"fr-FR","@id":"https:\/\/templatetoaster.com\/fr\/wp-theme-generator#primaryimage","url":"https:\/\/templatetoaster.com\/wp-content\/uploads\/2016\/05\/responsive_landing.png","contentUrl":"https:\/\/templatetoaster.com\/wp-content\/uploads\/2016\/05\/responsive_landing.png"},{"@type":"BreadcrumbList","@id":"https:\/\/templatetoaster.com\/fr\/wp-theme-generator#breadcrumb","itemListElement":[{"@type":"ListItem","position":1,"name":"Home","item":"https:\/\/templatetoaster.com\/fr"},{"@type":"ListItem","position":2,"name":"wp-theme-generator"}]},{"@type":"WebSite","@id":"https:\/\/templatetoaster.com\/#website","url":"https:\/\/templatetoaster.com\/","name":"TemplateToaster","description":"","publisher":{"@id":"https:\/\/templatetoaster.com\/#organization"},"inLanguage":"fr-FR"},{"@type":"Organization","@id":"https:\/\/templatetoaster.com\/#organization","name":"TemplateToaster","url":"https:\/\/templatetoaster.com\/","logo":{"@type":"ImageObject","inLanguage":"fr-FR","@id":"https:\/\/templatetoaster.com\/#\/schema\/logo\/image\/","url":"https:\/\/templatetoaster.com\/wp-content\/uploads\/2019\/11\/TemplateToaster_Logo.jpg","contentUrl":"https:\/\/templatetoaster.com\/wp-content\/uploads\/2019\/11\/TemplateToaster_Logo.jpg","width":85,"height":85,"caption":"TemplateToaster"},"image":{"@id":"https:\/\/templatetoaster.com\/#\/schema\/logo\/image\/"},"sameAs":["https:\/\/www.facebook.com\/TemplateToaster","https:\/\/x.com\/templatetoaster","https:\/\/www.instagram.com\/templatetoaster\/","https:\/\/www.linkedin.com\/company\/templatetoaster\/","https:\/\/www.pinterest.com\/templatetoaster\/","https:\/\/www.youtube.com\/@TemplateToaster"]}]}},"_links":{"self":[{"href":"https:\/\/templatetoaster.com\/fr\/wp-json\/wp\/v2\/pages\/3741"}],"collection":[{"href":"https:\/\/templatetoaster.com\/fr\/wp-json\/wp\/v2\/pages"}],"about":[{"href":"https:\/\/templatetoaster.com\/fr\/wp-json\/wp\/v2\/types\/page"}],"author":[{"embeddable":true,"href":"https:\/\/templatetoaster.com\/fr\/wp-json\/wp\/v2\/users\/103"}],"replies":[{"embeddable":true,"href":"https:\/\/templatetoaster.com\/fr\/wp-json\/wp\/v2\/comments?post=3741"}],"version-history":[{"count":0,"href":"https:\/\/templatetoaster.com\/fr\/wp-json\/wp\/v2\/pages\/3741\/revisions"}],"wp:attachment":[{"href":"https:\/\/templatetoaster.com\/fr\/wp-json\/wp\/v2\/media?parent=3741"}],"curies":[{"name":"wp","href":"https:\/\/api.w.org\/{rel}","templated":true}]}}