{"id":3560,"date":"2018-04-04T11:42:27","date_gmt":"2018-04-04T11:42:27","guid":{"rendered":"http:\/\/templatetoaster.com?page_id=3560"},"modified":"2019-08-09T08:52:07","modified_gmt":"2019-08-09T08:52:07","slug":"affiliates","status":"publish","type":"page","link":"https:\/\/templatetoaster.com\/fr\/affiliates","title":{"rendered":"Programme d&rsquo;affiliation de"},"content":{"rendered":"<div class=\"tt_affiliates_row row\">&nbsp;<\/p>\n<h1 class=\"heading_border\">Programme d&rsquo;affiliation de TemplateToaster<\/h1>\n<h4 class=\"joomla\">Promouvoir TemplateToaster sur votre site Internet et d&rsquo;\u00eatre pay\u00e9 pour cela!<\/h4>\n<p class=\"wordpress\">T\u00e9l\u00e9charger <strong>16%<\/strong> Commission sur chaque vente que vous parrainez!, qui seront de l&rsquo;ordre $25 pour TemplateToaster Professional Edition. Devenir un affili\u00e9 de TemplateToaster aujourd&rsquo;hui! Nos logiciels sont disponibles \u00e0 la vente via le r\u00e9seau d&rsquo;affiliation Avangate. Pour commencer \u00e0 vendre, tout ce que vous devez faire c&rsquo;est information affichage des produits et \u00ab Buy Now \u00bb liens sur votre site Internet.<\/p>\n<h4 class=\"joomla\">Commission d&rsquo;affili\u00e9 garanti<\/h4>\n<p class=\"wordpress\">Lorsqu&rsquo;un visiteur suit un lien ou une banni\u00e8re sur votre site, Avangate <em>assure le suivi de votre ID d&rsquo;affili\u00e9 pour 120 jours civils<\/em>. Que \u2019 s 4 mois au cours duquel toute commande pass\u00e9e par le m\u00eame utilisateur garantit votre commission d&rsquo;affili\u00e9.<\/p>\n<h4 class=\"joomla\">Il \u2019 aussi facile que de s 1, 2, 3\u2026<\/h4>\n<p class=\"wordpress\">Avangate prend en charge le processus de commande, livraison et service client\u00e8le.<br \/>\n\u2013 Pas besoin de stocker n&rsquo;importe quel logiciel sur vos serveurs, ou assurer le suivi des licences<br \/>\n\u2013 Pas de soucis li\u00e9s \u00e0 la facturation ou les paiements des clients<br \/>\n\u2013 Aucun frais d&rsquo;installation, aucun co\u00fbt de d\u00e9marrage, aucune cible de performance cach\u00e9e pour atteindre!<br \/>\nVous b\u00e9n\u00e9ficierez \u00e9galement des rapports d&rsquo;affiliation compl\u00e8te qui vont vous montrer exactement comment vous effectuez.<\/p>\n<h4 class=\"joomla\">Paiements mensuels<\/h4>\n<p class=\"wordpress\">Vous recevrez vos commissions tous les mois, soit transf\u00e9r\u00e9 \u00e0 votre MasterCard de d\u00e9bit pr\u00e9pay\u00e9e Avangate, soit envoy\u00e9 par virement bancaire, ch\u00e8que ou PayPal.<\/p>\n<h4 class=\"joomla\">Mettre en vente Maintenant!<\/h4>\n<p class=\"wordpress\"><em>Utiliser tous les canaux disponible de promotion que vous avez \u2013 site Web, Bulletin d&rsquo;information, etc.!<\/em> N&rsquo;oubliez pas \u2013 les liens de r\u00e9f\u00e9rence plus que vous cr\u00e9ez, le plus de chances que vous avez de gagner de l&rsquo;argent depuis votre site web!<\/p>\n<p style=\"text-align: center; clear: both;\"><a class=\"btn download_button btn-feature\" href=\"https:\/\/www.avangate.com\/affiliates\/sign-up.php?merchant=TEMPLATT&amp;template=Default+Template&amp;lang=en\">Inscrivez-vous<\/a><\/p>\n<\/div>\n","protected":false},"excerpt":{"rendered":"<p>&nbsp; Programme d&rsquo;affiliation de TemplateToaster Promouvoir TemplateToaster sur votre site Internet et d&rsquo;\u00eatre pay\u00e9 pour cela! T\u00e9l\u00e9charger 16% Commission sur chaque vente que vous parrainez!, qui seront de l&rsquo;ordre $25 pour TemplateToaster Professional Edition. Devenir un affili\u00e9 de TemplateToaster aujourd&rsquo;hui! &hellip; <a href=\"https:\/\/templatetoaster.com\/fr\/affiliates\">Continue Reading<span class=\"meta-nav\">&rarr;<\/span><\/a><\/p>\n","protected":false},"author":1,"featured_media":0,"parent":0,"menu_order":0,"comment_status":"closed","ping_status":"closed","template":"PageTemplate1.php","meta":{"footnotes":""},"yoast_head":"<!-- This site is optimized with the Yoast SEO plugin v23.5 - https:\/\/yoast.com\/wordpress\/plugins\/seo\/ -->\n<title>Programme d&#039;affiliation de - TemplateToaster<\/title>\n<meta name=\"description\" content=\"Inscrivez-vous pour gagner une commission merveilleuse avec tr\u00e8s peu d&#039;efforts tant que notre affili\u00e9.\" \/>\n<meta name=\"robots\" content=\"index, follow, max-snippet:-1, max-image-preview:large, max-video-preview:-1\" \/>\n<link rel=\"canonical\" href=\"https:\/\/templatetoaster.com\/fr\/affiliates\" \/>\n<meta property=\"og:locale\" content=\"fr_FR\" \/>\n<meta property=\"og:type\" content=\"article\" \/>\n<meta property=\"og:title\" content=\"Programme d&#039;affiliation de - TemplateToaster\" \/>\n<meta property=\"og:description\" content=\"Inscrivez-vous pour gagner une commission merveilleuse avec tr\u00e8s peu d&#039;efforts tant que notre affili\u00e9.\" \/>\n<meta property=\"og:url\" content=\"https:\/\/templatetoaster.com\/fr\/affiliates\" \/>\n<meta property=\"og:site_name\" content=\"TemplateToaster\" \/>\n<meta property=\"article:publisher\" content=\"https:\/\/www.facebook.com\/TemplateToaster\" \/>\n<meta property=\"article:modified_time\" content=\"2019-08-09T08:52:07+00:00\" \/>\n<meta property=\"og:image\" content=\"https:\/\/templatetoaster.com\/wp-content\/uploads\/2015\/07\/TemplateToaster-325X325.png\" \/>\n\t<meta property=\"og:image:width\" content=\"325\" \/>\n\t<meta property=\"og:image:height\" content=\"325\" \/>\n\t<meta property=\"og:image:type\" content=\"image\/png\" \/>\n<meta name=\"twitter:card\" content=\"summary_large_image\" \/>\n<meta name=\"twitter:site\" content=\"@templatetoaster\" \/>\n<meta name=\"twitter:label1\" content=\"Dur\u00e9e de lecture estim\u00e9e\" \/>\n\t<meta name=\"twitter:data1\" content=\"1 minute\" \/>\n<script type=\"application\/ld+json\" class=\"yoast-schema-graph\">{\"@context\":\"https:\/\/schema.org\",\"@graph\":[{\"@type\":\"WebPage\",\"@id\":\"https:\/\/templatetoaster.com\/fr\/affiliates\",\"url\":\"https:\/\/templatetoaster.com\/fr\/affiliates\",\"name\":\"Programme d'affiliation de - TemplateToaster\",\"isPartOf\":{\"@id\":\"https:\/\/templatetoaster.com\/#website\"},\"datePublished\":\"2018-04-04T11:42:27+00:00\",\"dateModified\":\"2019-08-09T08:52:07+00:00\",\"description\":\"Inscrivez-vous pour gagner une commission merveilleuse avec tr\u00e8s peu d'efforts tant que notre affili\u00e9.\",\"breadcrumb\":{\"@id\":\"https:\/\/templatetoaster.com\/fr\/affiliates#breadcrumb\"},\"inLanguage\":\"fr-FR\",\"potentialAction\":[{\"@type\":\"ReadAction\",\"target\":[\"https:\/\/templatetoaster.com\/fr\/affiliates\"]}]},{\"@type\":\"BreadcrumbList\",\"@id\":\"https:\/\/templatetoaster.com\/fr\/affiliates#breadcrumb\",\"itemListElement\":[{\"@type\":\"ListItem\",\"position\":1,\"name\":\"Home\",\"item\":\"https:\/\/templatetoaster.com\/fr\"},{\"@type\":\"ListItem\",\"position\":2,\"name\":\"Programme d&#8217;affiliation de\"}]},{\"@type\":\"WebSite\",\"@id\":\"https:\/\/templatetoaster.com\/#website\",\"url\":\"https:\/\/templatetoaster.com\/\",\"name\":\"TemplateToaster\",\"description\":\"\",\"publisher\":{\"@id\":\"https:\/\/templatetoaster.com\/#organization\"},\"inLanguage\":\"fr-FR\"},{\"@type\":\"Organization\",\"@id\":\"https:\/\/templatetoaster.com\/#organization\",\"name\":\"TemplateToaster\",\"url\":\"https:\/\/templatetoaster.com\/\",\"logo\":{\"@type\":\"ImageObject\",\"inLanguage\":\"fr-FR\",\"@id\":\"https:\/\/templatetoaster.com\/#\/schema\/logo\/image\/\",\"url\":\"https:\/\/templatetoaster.com\/wp-content\/uploads\/2019\/11\/TemplateToaster_Logo.jpg\",\"contentUrl\":\"https:\/\/templatetoaster.com\/wp-content\/uploads\/2019\/11\/TemplateToaster_Logo.jpg\",\"width\":85,\"height\":85,\"caption\":\"TemplateToaster\"},\"image\":{\"@id\":\"https:\/\/templatetoaster.com\/#\/schema\/logo\/image\/\"},\"sameAs\":[\"https:\/\/www.facebook.com\/TemplateToaster\",\"https:\/\/x.com\/templatetoaster\",\"https:\/\/www.instagram.com\/templatetoaster\/\",\"https:\/\/www.linkedin.com\/company\/templatetoaster\/\",\"https:\/\/www.pinterest.com\/templatetoaster\/\",\"https:\/\/www.youtube.com\/@TemplateToaster\"]}]}<\/script>\n<!-- \/ Yoast SEO plugin. -->","yoast_head_json":{"title":"Programme d'affiliation de - TemplateToaster","description":"Inscrivez-vous pour gagner une commission merveilleuse avec tr\u00e8s peu d'efforts tant que notre affili\u00e9.","robots":{"index":"index","follow":"follow","max-snippet":"max-snippet:-1","max-image-preview":"max-image-preview:large","max-video-preview":"max-video-preview:-1"},"canonical":"https:\/\/templatetoaster.com\/fr\/affiliates","og_locale":"fr_FR","og_type":"article","og_title":"Programme d'affiliation de - TemplateToaster","og_description":"Inscrivez-vous pour gagner une commission merveilleuse avec tr\u00e8s peu d'efforts tant que notre affili\u00e9.","og_url":"https:\/\/templatetoaster.com\/fr\/affiliates","og_site_name":"TemplateToaster","article_publisher":"https:\/\/www.facebook.com\/TemplateToaster","article_modified_time":"2019-08-09T08:52:07+00:00","og_image":[{"width":325,"height":325,"url":"https:\/\/templatetoaster.com\/wp-content\/uploads\/2015\/07\/TemplateToaster-325X325.png","type":"image\/png"}],"twitter_card":"summary_large_image","twitter_site":"@templatetoaster","twitter_misc":{"Dur\u00e9e de lecture estim\u00e9e":"1 minute"},"schema":{"@context":"https:\/\/schema.org","@graph":[{"@type":"WebPage","@id":"https:\/\/templatetoaster.com\/fr\/affiliates","url":"https:\/\/templatetoaster.com\/fr\/affiliates","name":"Programme d'affiliation de - TemplateToaster","isPartOf":{"@id":"https:\/\/templatetoaster.com\/#website"},"datePublished":"2018-04-04T11:42:27+00:00","dateModified":"2019-08-09T08:52:07+00:00","description":"Inscrivez-vous pour gagner une commission merveilleuse avec tr\u00e8s peu d'efforts tant que notre affili\u00e9.","breadcrumb":{"@id":"https:\/\/templatetoaster.com\/fr\/affiliates#breadcrumb"},"inLanguage":"fr-FR","potentialAction":[{"@type":"ReadAction","target":["https:\/\/templatetoaster.com\/fr\/affiliates"]}]},{"@type":"BreadcrumbList","@id":"https:\/\/templatetoaster.com\/fr\/affiliates#breadcrumb","itemListElement":[{"@type":"ListItem","position":1,"name":"Home","item":"https:\/\/templatetoaster.com\/fr"},{"@type":"ListItem","position":2,"name":"Programme d&#8217;affiliation de"}]},{"@type":"WebSite","@id":"https:\/\/templatetoaster.com\/#website","url":"https:\/\/templatetoaster.com\/","name":"TemplateToaster","description":"","publisher":{"@id":"https:\/\/templatetoaster.com\/#organization"},"inLanguage":"fr-FR"},{"@type":"Organization","@id":"https:\/\/templatetoaster.com\/#organization","name":"TemplateToaster","url":"https:\/\/templatetoaster.com\/","logo":{"@type":"ImageObject","inLanguage":"fr-FR","@id":"https:\/\/templatetoaster.com\/#\/schema\/logo\/image\/","url":"https:\/\/templatetoaster.com\/wp-content\/uploads\/2019\/11\/TemplateToaster_Logo.jpg","contentUrl":"https:\/\/templatetoaster.com\/wp-content\/uploads\/2019\/11\/TemplateToaster_Logo.jpg","width":85,"height":85,"caption":"TemplateToaster"},"image":{"@id":"https:\/\/templatetoaster.com\/#\/schema\/logo\/image\/"},"sameAs":["https:\/\/www.facebook.com\/TemplateToaster","https:\/\/x.com\/templatetoaster","https:\/\/www.instagram.com\/templatetoaster\/","https:\/\/www.linkedin.com\/company\/templatetoaster\/","https:\/\/www.pinterest.com\/templatetoaster\/","https:\/\/www.youtube.com\/@TemplateToaster"]}]}},"_links":{"self":[{"href":"https:\/\/templatetoaster.com\/fr\/wp-json\/wp\/v2\/pages\/3560"}],"collection":[{"href":"https:\/\/templatetoaster.com\/fr\/wp-json\/wp\/v2\/pages"}],"about":[{"href":"https:\/\/templatetoaster.com\/fr\/wp-json\/wp\/v2\/types\/page"}],"author":[{"embeddable":true,"href":"https:\/\/templatetoaster.com\/fr\/wp-json\/wp\/v2\/users\/1"}],"replies":[{"embeddable":true,"href":"https:\/\/templatetoaster.com\/fr\/wp-json\/wp\/v2\/comments?post=3560"}],"version-history":[{"count":3,"href":"https:\/\/templatetoaster.com\/fr\/wp-json\/wp\/v2\/pages\/3560\/revisions"}],"predecessor-version":[{"id":63984,"href":"https:\/\/templatetoaster.com\/fr\/wp-json\/wp\/v2\/pages\/3560\/revisions\/63984"}],"wp:attachment":[{"href":"https:\/\/templatetoaster.com\/fr\/wp-json\/wp\/v2\/media?parent=3560"}],"curies":[{"name":"wp","href":"https:\/\/api.w.org\/{rel}","templated":true}]}}