{"id":3555,"date":"2018-04-04T11:36:46","date_gmt":"2018-04-04T11:36:46","guid":{"rendered":"http:\/\/templatetoaster.com?page_id=3555"},"modified":"2019-08-10T04:57:05","modified_gmt":"2019-08-10T04:57:05","slug":"testimonials","status":"publish","type":"page","link":"https:\/\/templatetoaster.com\/fr\/testimonials","title":{"rendered":"T\u00e9moignages"},"content":{"rendered":"<div class=\"tt_testimonial-row row\">&nbsp;<\/p>\n<h1 class=\"heading_border\" style=\"background-size: 168px 1px;\">T\u00e9moignages<\/h1>\n<h2 class=\"text-center\" style=\"margin-bottom: 0;\"><em>Ce que nos clients disent de nous<\/em><\/h2>\n<div class=\"col-md-12\">\n<div class=\"testmonial\">\n<div class=\"testmonial_veiws\">\n<p>Vous \u00eates extr\u00eamement discr\u00e8te pour un tel produit fantastique. J&rsquo;ai \u2019 m s&rsquo;appr\u00eate \u00e0 l&rsquo;acheter maintenant et j&rsquo;esp\u00e8re que s&rsquo;\u00e9loigner de mon g\u00e9n\u00e9rateur de th\u00e8me existant. Donc je dois demander. Pourquoi \u00eates vous ne pas promouvoir ce produit plus?!<\/p>\n<\/div>\n<div class=\"author\"><\/div>\n<h3>MW Brower<\/h3>\n<\/div>\n<\/div>\n<div class=\"col-md-12\">\n<div class=\"testmonial\">\n<div class=\"testmonial_veiws\">\n<p>JE SUIS IMPRESSIONN\u00c9! J&rsquo;ai juste mis \u00e0 jour tous mes ordinateurs avec la derni\u00e8re version et avez \u00e9t\u00e9 jouer avec elle. Je peux \u2019 t attendre pour finir le mod\u00e8le je suis construire pour mon ami \u2019 site Web.<\/p>\n<\/div>\n<div class=\"author\"><\/div>\n<h3>John Akers<\/h3>\n<\/div>\n<\/div>\n<div class=\"col-md-12\">\n<div class=\"testmonial\">\n<div class=\"testmonial_veiws\">\n<p>Je crains que plus de gens vont d\u00e9couvrir cet outil, et d\u00e9couvrez comment il est g\u00e9nial parce que cela pourrait signifier moins de travail \/ clients pour moi !!!! TemplateToaster est le meilleur b\u00e2timent th\u00e8me outil que j&rsquo;ai utilis\u00e9. P\u00e9riode.<\/p>\n<\/div>\n<div class=\"author\"><\/div>\n<h3>dnsplus<\/h3>\n<\/div>\n<\/div>\n<div class=\"col-md-12\">\n<div class=\"testmonial\">\n<div class=\"testmonial_veiws\">\n<p>J&rsquo;ai juste pris conscience de ce programme il y a quelques jours, tout en naviguant sur le forum d&rsquo;un autre programme mod\u00e8le-\u00e9diteur. J&rsquo;ai vraiment, vraiment comme TemplateToaster apr\u00e8s l&rsquo;avoir utilis\u00e9 pendant quelques heures. Il a beaucoup de fonctionnalit\u00e9s que je cherchais, depuis un certain temps (Je me concentre sur WordPress templates). Grand morceau de logiciel, J&rsquo;ai certainement suivrons cela \u00e9troitement. Sinceres salutations,<\/p>\n<\/div>\n<div class=\"author\"><\/div>\n<h3>Arnold<\/h3>\n<\/div>\n<\/div>\n<div class=\"col-md-12\">\n<div class=\"testmonial\">\n<div class=\"testmonial_veiws\">\n<p>J&rsquo;aime les fonctionnalit\u00e9s glisser- d\u251c\u2310poser que cette application a comme il s&rsquo;agit de l&rsquo;aspect manque d&rsquo;applications existantes. Ce serait g\u00e9nial de voir les TemplateToaster \u00e0 se d\u00e9velopper pour devenir un produit concurrentiel.<\/p>\n<\/div>\n<div class=\"author\"><\/div>\n<h3>Rommel<\/h3>\n<\/div>\n<\/div>\n<div class=\"col-md-12\">\n<div class=\"testmonial\">\n<div class=\"testmonial_veiws\">\n<p>Logiciel \u00e9tonnant. L&rsquo;assistance est toujours disponible. Pay\u00e9 pour elle-m\u00eame dans mon premier projet. A doit avoir l&rsquo;outil pour les concepteurs web s\u00e9rieuse. Thumbs-UP!<\/p>\n<\/div>\n<div class=\"author\"><\/div>\n<h3>Dave<\/h3>\n<\/div>\n<\/div>\n<div class=\"col-md-12\">\n<div class=\"testmonial\">\n<div class=\"testmonial_veiws\">\n<p>Je suis dans ce domaine depuis le dernier 15 ann\u00e9es et ai utilis\u00e9 presque tous les logiciels de conception Web l\u00e0-bas, mais chaque outil est rien en comparaison avec TemplateToaster.<\/p>\n<\/div>\n<div class=\"author\"><\/div>\n<h3>Nick<\/h3>\n<\/div>\n<\/div>\n<div class=\"col-md-12\">\n<div class=\"testmonial\">\n<div class=\"testmonial_veiws\">\n<p>Merci, \u00c9t\u00e9 cherchez quelque chose comme cela pour les ann\u00e9es!<\/p>\n<\/div>\n<div class=\"author\"><\/div>\n<h3>Antonella<\/h3>\n<\/div>\n<\/div>\n<div class=\"col-md-12\">\n<div class=\"testmonial\">\n<div class=\"testmonial_veiws\">\n<p>Je deviens folle sur ce logiciel. J&rsquo;ai mis au point avec WordPress pour le pass\u00e9 7 ann\u00e9es, et c&rsquo;est le plus puissant logiciel de conception de th\u00e8me jamais cr\u00e9\u00e9! J&rsquo;ai commenc\u00e9 \u00e0 l&rsquo;utiliser dans tous mes projets de conception de WordPress.<\/p>\n<\/div>\n<div class=\"author\"><\/div>\n<h3>Oliver<\/h3>\n<\/div>\n<\/div>\n<div class=\"col-md-12\">\n<div class=\"testmonial\">\n<div class=\"testmonial_veiws\">\n<p>Vous \u2019 ve a obtenu un grand fan, Je vais partager TT avec mes amis, bient\u00f4t!!<\/p>\n<\/div>\n<div class=\"author\"><\/div>\n<h3>Projet de loi P<\/h3>\n<\/div>\n<\/div>\n<div class=\"col-md-12\">\n<div class=\"testmonial\">\n<div class=\"testmonial_veiws\">\n<p>Viens d&rsquo;acheter le Templatetoaster Professional Edition License et je suis tr\u00e8s impressionn\u00e9. Le logiciel est facile \u00e0 utiliser, et continuent de produire des mod\u00e8les de qualit\u00e9. J&rsquo;ai vu TT plusieurs mois et a commenc\u00e9 la recherche de quelque chose de comparable, et je dois vous dire, rien ne vient fermer. Merci d&rsquo;avoir fait mon travail un peu plus facile.<\/p>\n<\/div>\n<div class=\"author\"><\/div>\n<h3>Judith<\/h3>\n<\/div>\n<\/div>\n<div class=\"col-md-12\">\n<div class=\"testmonial\">\n<div class=\"testmonial_veiws\">\n<p>TemplateToaster a vraiment r\u00e9duire nos heures de travail n\u00e9cessaires pour concevoir et maintenir nos sites. Ce temps peut maintenant \u00eatre d\u00e9pens\u00e9 sur d&rsquo;autres t\u00e2ches. Merci!!<\/p>\n<\/div>\n<div class=\"author\"><\/div>\n<h3>Alexander Schulz<\/h3>\n<\/div>\n<\/div>\n<div class=\"col-md-12\">\n<div class=\"testmonial\">\n<div class=\"testmonial_veiws\">\n<p>Premi\u00e8re, permettez-moi de dire que je l&rsquo;aime TemplateToaster. Je dirigeais une petite configuration de conception web ici aux Pays-Bas, Je re\u00e7ois sur 2 \u00c0 5 Template joomla ordonne tous les jours et ont employ\u00e9 3 concepteurs de sites Web. Plus t\u00f4t nous avons du mal \u00e0 r\u00e9pondre \u00e0 la demande, Merci TemplateToaster, maintenant on peut prendre encore plus de commandes et peut offrir des prix plus raisonnable \u00e0 nos clients.<\/p>\n<\/div>\n<div class=\"author\"><\/div>\n<h3>Louis De Vries<\/h3>\n<\/div>\n<\/div>\n<div class=\"col-md-12\">\n<div class=\"testmonial\">\n<div class=\"testmonial_veiws\">\n<p>Je voulais juste remercier votre entreprise pour la cr\u00e9ation d&rsquo;un tel produit grand.<\/p>\n<\/div>\n<div class=\"author\"><\/div>\n<h3>Justin<\/h3>\n<\/div>\n<\/div>\n<div class=\"col-md-12\">\n<div class=\"testmonial\">\n<div class=\"testmonial_veiws\">\n<p>Je voulais juste dire, \u00ab\u00a0Tr\u00e8s bon produit!!\u00a0\u00bbJ&rsquo;ai entendu parler quelques jours retour de celui de mon ami, et j&rsquo;ai achet\u00e9 mon permis hier, apr\u00e8s l&rsquo;avoir essay\u00e9 pendant une demi-heure. Merci pour l&rsquo;excellent logiciel.<\/p>\n<\/div>\n<div class=\"author\"><\/div>\n<h3>Andreas M\u00fcller<\/h3>\n<\/div>\n<\/div>\n<div class=\"col-md-12\">\n<div class=\"testmonial\">\n<div class=\"testmonial_veiws\">\n<p>Merci encore pour la fabrication d&rsquo;un tel produit grande!<\/p>\n<\/div>\n<div class=\"author\"><\/div>\n<h3>Dirk<\/h3>\n<\/div>\n<\/div>\n<div class=\"col-md-12\">\n<div class=\"testmonial\">\n<div class=\"testmonial_veiws\">\n<p>Je ne l&rsquo;ai jamais vu un tel support de produit brillant dans mon web carri\u00e8re de conception de 14 ann\u00e9es. Obtenu 4 mises \u00e0 jour dans une semaine, transporter les gars, vous \u00eates le meilleur.<\/p>\n<\/div>\n<div class=\"author\"><\/div>\n<h3>Sam Hall<\/h3>\n<\/div>\n<\/div>\n<div class=\"col-md-12\">\n<div class=\"testmonial\">\n<div class=\"testmonial_veiws\">\n<p>Jemti suis un client payant et je viens de t\u00e9l\u00e9charger votre derni\u00e8re mise \u00e0 jour, et je voulais dire WOW, vous cherchez vraiment bien, J&rsquo;ai mis \u00e0 jour tous les jours, et il continue \u00e0 aller mieux, mais il s&rsquo;agit d&rsquo;une grande am\u00e9lioration, J&rsquo;ai aussi votre version de concurrents. J&rsquo;aime faire de mod\u00e8le et de les convertir dans ce que j&rsquo;aime et puis au web! Jusqu&rsquo;\u00e0 pr\u00e9sent les campeur tr\u00e8s heureux!<\/p>\n<\/div>\n<div class=\"author\"><\/div>\n<h3>Dave<\/h3>\n<\/div>\n<\/div>\n<p style=\"clear: both; text-align: center; padding-top: 25px;\"><a class=\"btn btn-default\" href=\"\/support\">Soumettre votre t\u00e9moignage ou vos commentaires<\/a><\/p>\n<\/div>\n","protected":false},"excerpt":{"rendered":"<p>&nbsp; T\u00e9moignages Ce que nos clients disent de nous Vous \u00eates extr\u00eamement discr\u00e8te pour un tel produit fantastique. J&rsquo;ai \u2019 m s&rsquo;appr\u00eate \u00e0 l&rsquo;acheter maintenant et j&rsquo;esp\u00e8re que s&rsquo;\u00e9loigner de mon g\u00e9n\u00e9rateur de th\u00e8me existant. Donc je dois demander. Pourquoi &hellip; <a href=\"https:\/\/templatetoaster.com\/fr\/testimonials\">Continue Reading<span class=\"meta-nav\">&rarr;<\/span><\/a><\/p>\n","protected":false},"author":1,"featured_media":0,"parent":0,"menu_order":0,"comment_status":"closed","ping_status":"closed","template":"PageTemplate1.php","meta":{"footnotes":""},"yoast_head":"<!-- This site is optimized with the Yoast SEO plugin v23.5 - https:\/\/yoast.com\/wordpress\/plugins\/seo\/ -->\n<title>T\u00e9moignages - TemplateToaster<\/title>\n<meta name=\"description\" content=\"Certains t\u00e9moignages et commentaires post\u00e9 sur TemplateToaster par nos clients et utilisateurs heureux.\" \/>\n<meta name=\"robots\" content=\"index, follow, max-snippet:-1, max-image-preview:large, max-video-preview:-1\" \/>\n<link rel=\"canonical\" href=\"https:\/\/templatetoaster.com\/fr\/testimonials\" \/>\n<meta property=\"og:locale\" content=\"fr_FR\" \/>\n<meta property=\"og:type\" content=\"article\" \/>\n<meta property=\"og:title\" content=\"T\u00e9moignages - TemplateToaster\" \/>\n<meta property=\"og:description\" content=\"Certains t\u00e9moignages et commentaires post\u00e9 sur TemplateToaster par nos clients et utilisateurs heureux.\" \/>\n<meta property=\"og:url\" content=\"https:\/\/templatetoaster.com\/fr\/testimonials\" \/>\n<meta property=\"og:site_name\" content=\"TemplateToaster\" \/>\n<meta property=\"article:publisher\" content=\"https:\/\/www.facebook.com\/TemplateToaster\" \/>\n<meta property=\"article:modified_time\" content=\"2019-08-10T04:57:05+00:00\" \/>\n<meta property=\"og:image\" content=\"https:\/\/templatetoaster.com\/wp-content\/uploads\/2015\/07\/TemplateToaster-325X325.png\" \/>\n\t<meta property=\"og:image:width\" content=\"325\" \/>\n\t<meta property=\"og:image:height\" content=\"325\" \/>\n\t<meta property=\"og:image:type\" content=\"image\/png\" \/>\n<meta name=\"twitter:card\" content=\"summary_large_image\" \/>\n<meta name=\"twitter:site\" content=\"@templatetoaster\" \/>\n<meta name=\"twitter:label1\" content=\"Dur\u00e9e de lecture estim\u00e9e\" \/>\n\t<meta name=\"twitter:data1\" content=\"4 minutes\" \/>\n<script type=\"application\/ld+json\" class=\"yoast-schema-graph\">{\"@context\":\"https:\/\/schema.org\",\"@graph\":[{\"@type\":\"WebPage\",\"@id\":\"https:\/\/templatetoaster.com\/fr\/testimonials\",\"url\":\"https:\/\/templatetoaster.com\/fr\/testimonials\",\"name\":\"T\u00e9moignages - TemplateToaster\",\"isPartOf\":{\"@id\":\"https:\/\/templatetoaster.com\/#website\"},\"datePublished\":\"2018-04-04T11:36:46+00:00\",\"dateModified\":\"2019-08-10T04:57:05+00:00\",\"description\":\"Certains t\u00e9moignages et commentaires post\u00e9 sur TemplateToaster par nos clients et utilisateurs heureux.\",\"breadcrumb\":{\"@id\":\"https:\/\/templatetoaster.com\/fr\/testimonials#breadcrumb\"},\"inLanguage\":\"fr-FR\",\"potentialAction\":[{\"@type\":\"ReadAction\",\"target\":[\"https:\/\/templatetoaster.com\/fr\/testimonials\"]}]},{\"@type\":\"BreadcrumbList\",\"@id\":\"https:\/\/templatetoaster.com\/fr\/testimonials#breadcrumb\",\"itemListElement\":[{\"@type\":\"ListItem\",\"position\":1,\"name\":\"Home\",\"item\":\"https:\/\/templatetoaster.com\/fr\"},{\"@type\":\"ListItem\",\"position\":2,\"name\":\"T\u00e9moignages\"}]},{\"@type\":\"WebSite\",\"@id\":\"https:\/\/templatetoaster.com\/#website\",\"url\":\"https:\/\/templatetoaster.com\/\",\"name\":\"TemplateToaster\",\"description\":\"\",\"publisher\":{\"@id\":\"https:\/\/templatetoaster.com\/#organization\"},\"inLanguage\":\"fr-FR\"},{\"@type\":\"Organization\",\"@id\":\"https:\/\/templatetoaster.com\/#organization\",\"name\":\"TemplateToaster\",\"url\":\"https:\/\/templatetoaster.com\/\",\"logo\":{\"@type\":\"ImageObject\",\"inLanguage\":\"fr-FR\",\"@id\":\"https:\/\/templatetoaster.com\/#\/schema\/logo\/image\/\",\"url\":\"https:\/\/templatetoaster.com\/wp-content\/uploads\/2019\/11\/TemplateToaster_Logo.jpg\",\"contentUrl\":\"https:\/\/templatetoaster.com\/wp-content\/uploads\/2019\/11\/TemplateToaster_Logo.jpg\",\"width\":85,\"height\":85,\"caption\":\"TemplateToaster\"},\"image\":{\"@id\":\"https:\/\/templatetoaster.com\/#\/schema\/logo\/image\/\"},\"sameAs\":[\"https:\/\/www.facebook.com\/TemplateToaster\",\"https:\/\/x.com\/templatetoaster\",\"https:\/\/www.instagram.com\/templatetoaster\/\",\"https:\/\/www.linkedin.com\/company\/templatetoaster\/\",\"https:\/\/www.pinterest.com\/templatetoaster\/\",\"https:\/\/www.youtube.com\/@TemplateToaster\"]}]}<\/script>\n<!-- \/ Yoast SEO plugin. -->","yoast_head_json":{"title":"T\u00e9moignages - TemplateToaster","description":"Certains t\u00e9moignages et commentaires post\u00e9 sur TemplateToaster par nos clients et utilisateurs heureux.","robots":{"index":"index","follow":"follow","max-snippet":"max-snippet:-1","max-image-preview":"max-image-preview:large","max-video-preview":"max-video-preview:-1"},"canonical":"https:\/\/templatetoaster.com\/fr\/testimonials","og_locale":"fr_FR","og_type":"article","og_title":"T\u00e9moignages - TemplateToaster","og_description":"Certains t\u00e9moignages et commentaires post\u00e9 sur TemplateToaster par nos clients et utilisateurs heureux.","og_url":"https:\/\/templatetoaster.com\/fr\/testimonials","og_site_name":"TemplateToaster","article_publisher":"https:\/\/www.facebook.com\/TemplateToaster","article_modified_time":"2019-08-10T04:57:05+00:00","og_image":[{"width":325,"height":325,"url":"https:\/\/templatetoaster.com\/wp-content\/uploads\/2015\/07\/TemplateToaster-325X325.png","type":"image\/png"}],"twitter_card":"summary_large_image","twitter_site":"@templatetoaster","twitter_misc":{"Dur\u00e9e de lecture estim\u00e9e":"4 minutes"},"schema":{"@context":"https:\/\/schema.org","@graph":[{"@type":"WebPage","@id":"https:\/\/templatetoaster.com\/fr\/testimonials","url":"https:\/\/templatetoaster.com\/fr\/testimonials","name":"T\u00e9moignages - TemplateToaster","isPartOf":{"@id":"https:\/\/templatetoaster.com\/#website"},"datePublished":"2018-04-04T11:36:46+00:00","dateModified":"2019-08-10T04:57:05+00:00","description":"Certains t\u00e9moignages et commentaires post\u00e9 sur TemplateToaster par nos clients et utilisateurs heureux.","breadcrumb":{"@id":"https:\/\/templatetoaster.com\/fr\/testimonials#breadcrumb"},"inLanguage":"fr-FR","potentialAction":[{"@type":"ReadAction","target":["https:\/\/templatetoaster.com\/fr\/testimonials"]}]},{"@type":"BreadcrumbList","@id":"https:\/\/templatetoaster.com\/fr\/testimonials#breadcrumb","itemListElement":[{"@type":"ListItem","position":1,"name":"Home","item":"https:\/\/templatetoaster.com\/fr"},{"@type":"ListItem","position":2,"name":"T\u00e9moignages"}]},{"@type":"WebSite","@id":"https:\/\/templatetoaster.com\/#website","url":"https:\/\/templatetoaster.com\/","name":"TemplateToaster","description":"","publisher":{"@id":"https:\/\/templatetoaster.com\/#organization"},"inLanguage":"fr-FR"},{"@type":"Organization","@id":"https:\/\/templatetoaster.com\/#organization","name":"TemplateToaster","url":"https:\/\/templatetoaster.com\/","logo":{"@type":"ImageObject","inLanguage":"fr-FR","@id":"https:\/\/templatetoaster.com\/#\/schema\/logo\/image\/","url":"https:\/\/templatetoaster.com\/wp-content\/uploads\/2019\/11\/TemplateToaster_Logo.jpg","contentUrl":"https:\/\/templatetoaster.com\/wp-content\/uploads\/2019\/11\/TemplateToaster_Logo.jpg","width":85,"height":85,"caption":"TemplateToaster"},"image":{"@id":"https:\/\/templatetoaster.com\/#\/schema\/logo\/image\/"},"sameAs":["https:\/\/www.facebook.com\/TemplateToaster","https:\/\/x.com\/templatetoaster","https:\/\/www.instagram.com\/templatetoaster\/","https:\/\/www.linkedin.com\/company\/templatetoaster\/","https:\/\/www.pinterest.com\/templatetoaster\/","https:\/\/www.youtube.com\/@TemplateToaster"]}]}},"_links":{"self":[{"href":"https:\/\/templatetoaster.com\/fr\/wp-json\/wp\/v2\/pages\/3555"}],"collection":[{"href":"https:\/\/templatetoaster.com\/fr\/wp-json\/wp\/v2\/pages"}],"about":[{"href":"https:\/\/templatetoaster.com\/fr\/wp-json\/wp\/v2\/types\/page"}],"author":[{"embeddable":true,"href":"https:\/\/templatetoaster.com\/fr\/wp-json\/wp\/v2\/users\/1"}],"replies":[{"embeddable":true,"href":"https:\/\/templatetoaster.com\/fr\/wp-json\/wp\/v2\/comments?post=3555"}],"version-history":[{"count":2,"href":"https:\/\/templatetoaster.com\/fr\/wp-json\/wp\/v2\/pages\/3555\/revisions"}],"predecessor-version":[{"id":64021,"href":"https:\/\/templatetoaster.com\/fr\/wp-json\/wp\/v2\/pages\/3555\/revisions\/64021"}],"wp:attachment":[{"href":"https:\/\/templatetoaster.com\/fr\/wp-json\/wp\/v2\/media?parent=3555"}],"curies":[{"name":"wp","href":"https:\/\/api.w.org\/{rel}","templated":true}]}}