{"id":3551,"date":"2018-04-04T11:31:28","date_gmt":"2018-04-04T11:31:28","guid":{"rendered":"http:\/\/templatetoaster.com?page_id=3551"},"modified":"2019-08-10T05:03:57","modified_gmt":"2019-08-10T05:03:57","slug":"terms-of-use","status":"publish","type":"page","link":"https:\/\/templatetoaster.com\/fr\/terms-of-use","title":{"rendered":"Conditions d&rsquo;utilisation"},"content":{"rendered":"<div class=\"tt_terms_of_use_row row\">\n<h1 class=\"heading_border\">Conditions d&rsquo;utilisation<\/h1>\n<p style=\"font-size: 14px; font-weight: 600; margin-bottom: 12px; margin-top: 20px;\">Bienvenue sur TemplateToaster, Si vous continuez \u00e0 utiliser ce site Web, vous \u00eates li\u00e9 \u00e0 nos conditions utilisation, qui, en relation avec notre politique de confidentialit\u00e9, d\u00e9finit notre relation avec vous. Veuillez ne pas utiliser notre site Web si vous n&rsquo;acceptez pas les conditions suivantes d&rsquo;utilisation.<\/p>\n<ul class=\"download_points terms\">\n<li>Le contenu de ce site, qui a pour but de d&rsquo;informer, peut changer \u00e0 tout moment sans pr\u00e9avis.<\/li>\n<li>Notre site utilise des cookies pour am\u00e9liorer les performances.<\/li>\n<li>Ni TemplateToaster, ni aucun tiers fournit de garantie de respect des d\u00e9lais, d&rsquo;exactitude, d&rsquo;exhaustivit\u00e9 ou de pertinence du contenu disponible sur ce site. Nous faisons de notre mieux, mais acceptez que le contenu puisse contenir des erreurs.<\/li>\n<li>Le contenu de ce site Web sans non limit\u00e9 aux mises en page, graphiques, dessins et mod\u00e8les sont prot\u00e9g\u00e9s par le droit d&rsquo;auteur et nous appartiennent, toute reproductions est strictement interdite.<\/li>\n<li>Tous les autres noms et logos sont des marques d\u00e9pos\u00e9es de leurs propri\u00e9taires respectifs; TemplateToaster n&rsquo;est pas parrain\u00e9 par Joomla, WordPress ou Drupal.<\/li>\n<li>Nous pouvons fournir des liens externes sur ce site Web, ces liens sont pour votre commodit\u00e9 et plus d&rsquo;informations, ceci ne veut pas dire que nous soutenons ces sites Web, ou qu&rsquo;ils nous soutiennent, et nous ne sommes pas responsables de l&rsquo;exactitude du contenu fourni sur ces sites Web.<\/li>\n<li>Pour les conditions d&rsquo;utilisation du logiciel TemplateToaster, veuillez lire le CLUF (Contrat de licence utilisateur final) lors de l&rsquo;installation.<\/li>\n<li>Merci de visitez notre <a href=\"https:\/\/templatetoaster.com\/fr\/faqs\">Page de FAQ<\/a> pour plus de d\u00e9tails et d&rsquo;aide.<\/li>\n<\/ul>\n<\/div>\n","protected":false},"excerpt":{"rendered":"<p>Conditions d&rsquo;utilisation Bienvenue sur TemplateToaster, Si vous continuez \u00e0 utiliser ce site Web, vous \u00eates li\u00e9 \u00e0 nos conditions utilisation, qui, en relation avec notre politique de confidentialit\u00e9, d\u00e9finit notre relation avec vous. Veuillez ne pas utiliser notre site Web &hellip; <a href=\"https:\/\/templatetoaster.com\/fr\/terms-of-use\">Continue Reading<span class=\"meta-nav\">&rarr;<\/span><\/a><\/p>\n","protected":false},"author":1,"featured_media":0,"parent":0,"menu_order":0,"comment_status":"closed","ping_status":"closed","template":"PageTemplate1.php","meta":{"footnotes":""},"yoast_head":"<!-- This site is optimized with the Yoast SEO plugin v23.5 - https:\/\/yoast.com\/wordpress\/plugins\/seo\/ -->\n<title>Conditions d&#039;utilisation - TemplateToaster<\/title>\n<meta name=\"description\" content=\"Conditions d&#039;utilisation du site Web de TemplateToaster.\" \/>\n<meta name=\"robots\" content=\"index, follow, max-snippet:-1, max-image-preview:large, max-video-preview:-1\" \/>\n<link rel=\"canonical\" href=\"https:\/\/templatetoaster.com\/fr\/terms-of-use\" \/>\n<meta property=\"og:locale\" content=\"fr_FR\" \/>\n<meta property=\"og:type\" content=\"article\" \/>\n<meta property=\"og:title\" content=\"Conditions d&#039;utilisation - TemplateToaster\" \/>\n<meta property=\"og:description\" content=\"Conditions d&#039;utilisation du site Web de TemplateToaster.\" \/>\n<meta property=\"og:url\" content=\"https:\/\/templatetoaster.com\/fr\/terms-of-use\" \/>\n<meta property=\"og:site_name\" content=\"TemplateToaster\" \/>\n<meta property=\"article:publisher\" content=\"https:\/\/www.facebook.com\/TemplateToaster\" \/>\n<meta property=\"article:modified_time\" content=\"2019-08-10T05:03:57+00:00\" \/>\n<meta property=\"og:image\" content=\"https:\/\/templatetoaster.com\/wp-content\/uploads\/2015\/07\/TemplateToaster-325X325.png\" \/>\n\t<meta property=\"og:image:width\" content=\"325\" \/>\n\t<meta property=\"og:image:height\" content=\"325\" \/>\n\t<meta property=\"og:image:type\" content=\"image\/png\" \/>\n<meta name=\"twitter:card\" content=\"summary_large_image\" \/>\n<meta name=\"twitter:site\" content=\"@templatetoaster\" \/>\n<meta name=\"twitter:label1\" content=\"Dur\u00e9e de lecture estim\u00e9e\" \/>\n\t<meta name=\"twitter:data1\" content=\"1 minute\" \/>\n<script type=\"application\/ld+json\" class=\"yoast-schema-graph\">{\"@context\":\"https:\/\/schema.org\",\"@graph\":[{\"@type\":\"WebPage\",\"@id\":\"https:\/\/templatetoaster.com\/fr\/terms-of-use\",\"url\":\"https:\/\/templatetoaster.com\/fr\/terms-of-use\",\"name\":\"Conditions d'utilisation - TemplateToaster\",\"isPartOf\":{\"@id\":\"https:\/\/templatetoaster.com\/#website\"},\"datePublished\":\"2018-04-04T11:31:28+00:00\",\"dateModified\":\"2019-08-10T05:03:57+00:00\",\"description\":\"Conditions d'utilisation du site Web de TemplateToaster.\",\"breadcrumb\":{\"@id\":\"https:\/\/templatetoaster.com\/fr\/terms-of-use#breadcrumb\"},\"inLanguage\":\"fr-FR\",\"potentialAction\":[{\"@type\":\"ReadAction\",\"target\":[\"https:\/\/templatetoaster.com\/fr\/terms-of-use\"]}]},{\"@type\":\"BreadcrumbList\",\"@id\":\"https:\/\/templatetoaster.com\/fr\/terms-of-use#breadcrumb\",\"itemListElement\":[{\"@type\":\"ListItem\",\"position\":1,\"name\":\"Home\",\"item\":\"https:\/\/templatetoaster.com\/fr\"},{\"@type\":\"ListItem\",\"position\":2,\"name\":\"Conditions d&#8217;utilisation\"}]},{\"@type\":\"WebSite\",\"@id\":\"https:\/\/templatetoaster.com\/#website\",\"url\":\"https:\/\/templatetoaster.com\/\",\"name\":\"TemplateToaster\",\"description\":\"\",\"publisher\":{\"@id\":\"https:\/\/templatetoaster.com\/#organization\"},\"inLanguage\":\"fr-FR\"},{\"@type\":\"Organization\",\"@id\":\"https:\/\/templatetoaster.com\/#organization\",\"name\":\"TemplateToaster\",\"url\":\"https:\/\/templatetoaster.com\/\",\"logo\":{\"@type\":\"ImageObject\",\"inLanguage\":\"fr-FR\",\"@id\":\"https:\/\/templatetoaster.com\/#\/schema\/logo\/image\/\",\"url\":\"https:\/\/templatetoaster.com\/wp-content\/uploads\/2019\/11\/TemplateToaster_Logo.jpg\",\"contentUrl\":\"https:\/\/templatetoaster.com\/wp-content\/uploads\/2019\/11\/TemplateToaster_Logo.jpg\",\"width\":85,\"height\":85,\"caption\":\"TemplateToaster\"},\"image\":{\"@id\":\"https:\/\/templatetoaster.com\/#\/schema\/logo\/image\/\"},\"sameAs\":[\"https:\/\/www.facebook.com\/TemplateToaster\",\"https:\/\/x.com\/templatetoaster\",\"https:\/\/www.instagram.com\/templatetoaster\/\",\"https:\/\/www.linkedin.com\/company\/templatetoaster\/\",\"https:\/\/www.pinterest.com\/templatetoaster\/\",\"https:\/\/www.youtube.com\/@TemplateToaster\"]}]}<\/script>\n<!-- \/ Yoast SEO plugin. -->","yoast_head_json":{"title":"Conditions d'utilisation - TemplateToaster","description":"Conditions d'utilisation du site Web de TemplateToaster.","robots":{"index":"index","follow":"follow","max-snippet":"max-snippet:-1","max-image-preview":"max-image-preview:large","max-video-preview":"max-video-preview:-1"},"canonical":"https:\/\/templatetoaster.com\/fr\/terms-of-use","og_locale":"fr_FR","og_type":"article","og_title":"Conditions d'utilisation - TemplateToaster","og_description":"Conditions d'utilisation du site Web de TemplateToaster.","og_url":"https:\/\/templatetoaster.com\/fr\/terms-of-use","og_site_name":"TemplateToaster","article_publisher":"https:\/\/www.facebook.com\/TemplateToaster","article_modified_time":"2019-08-10T05:03:57+00:00","og_image":[{"width":325,"height":325,"url":"https:\/\/templatetoaster.com\/wp-content\/uploads\/2015\/07\/TemplateToaster-325X325.png","type":"image\/png"}],"twitter_card":"summary_large_image","twitter_site":"@templatetoaster","twitter_misc":{"Dur\u00e9e de lecture estim\u00e9e":"1 minute"},"schema":{"@context":"https:\/\/schema.org","@graph":[{"@type":"WebPage","@id":"https:\/\/templatetoaster.com\/fr\/terms-of-use","url":"https:\/\/templatetoaster.com\/fr\/terms-of-use","name":"Conditions d'utilisation - TemplateToaster","isPartOf":{"@id":"https:\/\/templatetoaster.com\/#website"},"datePublished":"2018-04-04T11:31:28+00:00","dateModified":"2019-08-10T05:03:57+00:00","description":"Conditions d'utilisation du site Web de TemplateToaster.","breadcrumb":{"@id":"https:\/\/templatetoaster.com\/fr\/terms-of-use#breadcrumb"},"inLanguage":"fr-FR","potentialAction":[{"@type":"ReadAction","target":["https:\/\/templatetoaster.com\/fr\/terms-of-use"]}]},{"@type":"BreadcrumbList","@id":"https:\/\/templatetoaster.com\/fr\/terms-of-use#breadcrumb","itemListElement":[{"@type":"ListItem","position":1,"name":"Home","item":"https:\/\/templatetoaster.com\/fr"},{"@type":"ListItem","position":2,"name":"Conditions d&#8217;utilisation"}]},{"@type":"WebSite","@id":"https:\/\/templatetoaster.com\/#website","url":"https:\/\/templatetoaster.com\/","name":"TemplateToaster","description":"","publisher":{"@id":"https:\/\/templatetoaster.com\/#organization"},"inLanguage":"fr-FR"},{"@type":"Organization","@id":"https:\/\/templatetoaster.com\/#organization","name":"TemplateToaster","url":"https:\/\/templatetoaster.com\/","logo":{"@type":"ImageObject","inLanguage":"fr-FR","@id":"https:\/\/templatetoaster.com\/#\/schema\/logo\/image\/","url":"https:\/\/templatetoaster.com\/wp-content\/uploads\/2019\/11\/TemplateToaster_Logo.jpg","contentUrl":"https:\/\/templatetoaster.com\/wp-content\/uploads\/2019\/11\/TemplateToaster_Logo.jpg","width":85,"height":85,"caption":"TemplateToaster"},"image":{"@id":"https:\/\/templatetoaster.com\/#\/schema\/logo\/image\/"},"sameAs":["https:\/\/www.facebook.com\/TemplateToaster","https:\/\/x.com\/templatetoaster","https:\/\/www.instagram.com\/templatetoaster\/","https:\/\/www.linkedin.com\/company\/templatetoaster\/","https:\/\/www.pinterest.com\/templatetoaster\/","https:\/\/www.youtube.com\/@TemplateToaster"]}]}},"_links":{"self":[{"href":"https:\/\/templatetoaster.com\/fr\/wp-json\/wp\/v2\/pages\/3551"}],"collection":[{"href":"https:\/\/templatetoaster.com\/fr\/wp-json\/wp\/v2\/pages"}],"about":[{"href":"https:\/\/templatetoaster.com\/fr\/wp-json\/wp\/v2\/types\/page"}],"author":[{"embeddable":true,"href":"https:\/\/templatetoaster.com\/fr\/wp-json\/wp\/v2\/users\/1"}],"replies":[{"embeddable":true,"href":"https:\/\/templatetoaster.com\/fr\/wp-json\/wp\/v2\/comments?post=3551"}],"version-history":[{"count":3,"href":"https:\/\/templatetoaster.com\/fr\/wp-json\/wp\/v2\/pages\/3551\/revisions"}],"predecessor-version":[{"id":64033,"href":"https:\/\/templatetoaster.com\/fr\/wp-json\/wp\/v2\/pages\/3551\/revisions\/64033"}],"wp:attachment":[{"href":"https:\/\/templatetoaster.com\/fr\/wp-json\/wp\/v2\/media?parent=3551"}],"curies":[{"name":"wp","href":"https:\/\/api.w.org\/{rel}","templated":true}]}}