{"id":3549,"date":"2018-04-04T11:29:04","date_gmt":"2018-04-04T11:29:04","guid":{"rendered":"http:\/\/templatetoaster.com?page_id=3549"},"modified":"2019-08-10T05:38:14","modified_gmt":"2019-08-10T05:38:14","slug":"privacy-policy","status":"publish","type":"page","link":"https:\/\/templatetoaster.com\/fr\/privacy-policy","title":{"rendered":"Politique de confidentialit\u00e9"},"content":{"rendered":"<div class=\"tt_privacy_policy_row row\">&nbsp;<\/p>\n<h1 class=\"heading_border\">Politique de confidentialit\u00e9 de TemplateToaster<\/h1>\n<p>TemplateToaster s&rsquo;engage \u00e0 vous assurer que les renseignements que nous recueillons aupr\u00e8s de vous, sont totalement anonymes et prot\u00e9g\u00e9s, nous ne les divulguons jamais \u00e0 des tiers.<\/p>\n<p>&nbsp;<\/p>\n<p>Quel type de renseignements recueillons-nous: Nous recueillons votre courriel et votre nom lorsque vous vous enregistrez chez nous, que nous utilisons pour maintenir votre compte, pour des communications futures, pour l&rsquo;activation\/la d\u00e9sactivation de votre licence, et cetera. Notre site peut \u00e9galement enregistrer des cookies sur votre navigateur pour une meilleure performance.<\/p>\n<p>&nbsp;<\/p>\n<p>S\u00e9curit\u00e9: Nous vous assurons que les renseignements que nous recueillons aupr\u00e8s de vous, sont prot\u00e9g\u00e9s physiquement, num\u00e9riquement, par voie \u00e9lectronique contre l&rsquo;acc\u00e8s non-autoris\u00e9 et de plus, nous ne partageons jamais ces renseignements personnels \u00e0 une tierce partie. Nous ne vendrons pas, ne redistribuerons pas, ni ne louerons vos renseignements personnels, sauf si requis par la Loi.<\/p><\/div>\n","protected":false},"excerpt":{"rendered":"<p>&nbsp; Politique de confidentialit\u00e9 de TemplateToaster TemplateToaster s&rsquo;engage \u00e0 vous assurer que les renseignements que nous recueillons aupr\u00e8s de vous, sont totalement anonymes et prot\u00e9g\u00e9s, nous ne les divulguons jamais \u00e0 des tiers. &nbsp; Quel type de renseignements recueillons-nous: Nous &hellip; <a href=\"https:\/\/templatetoaster.com\/fr\/privacy-policy\">Continue Reading<span class=\"meta-nav\">&rarr;<\/span><\/a><\/p>\n","protected":false},"author":1,"featured_media":0,"parent":0,"menu_order":0,"comment_status":"closed","ping_status":"closed","template":"PageTemplate1.php","meta":{"footnotes":""},"yoast_head":"<!-- This site is optimized with the Yoast SEO plugin v23.5 - https:\/\/yoast.com\/wordpress\/plugins\/seo\/ -->\n<title>Politique de confidentialit\u00e9 - TemplateToaster<\/title>\n<meta name=\"description\" content=\"Nous ne partageons pas vos informations personnelles y compris, mais non limit\u00e9 \u00e0, votre nom, adresse de courriel, etc.. avec une tierce partie.\" \/>\n<meta name=\"robots\" content=\"index, follow, max-snippet:-1, max-image-preview:large, max-video-preview:-1\" \/>\n<link rel=\"canonical\" href=\"https:\/\/templatetoaster.com\/fr\/privacy-policy\" \/>\n<meta property=\"og:locale\" content=\"fr_FR\" \/>\n<meta property=\"og:type\" content=\"article\" \/>\n<meta property=\"og:title\" content=\"Politique de confidentialit\u00e9 - TemplateToaster\" \/>\n<meta property=\"og:description\" content=\"Nous ne partageons pas vos informations personnelles y compris, mais non limit\u00e9 \u00e0, votre nom, adresse de courriel, etc.. avec une tierce partie.\" \/>\n<meta property=\"og:url\" content=\"https:\/\/templatetoaster.com\/fr\/privacy-policy\" \/>\n<meta property=\"og:site_name\" content=\"TemplateToaster\" \/>\n<meta property=\"article:publisher\" content=\"https:\/\/www.facebook.com\/TemplateToaster\" \/>\n<meta property=\"article:modified_time\" content=\"2019-08-10T05:38:14+00:00\" \/>\n<meta property=\"og:image\" content=\"https:\/\/templatetoaster.com\/wp-content\/uploads\/2015\/07\/TemplateToaster-325X325.png\" \/>\n\t<meta property=\"og:image:width\" content=\"325\" \/>\n\t<meta property=\"og:image:height\" content=\"325\" \/>\n\t<meta property=\"og:image:type\" content=\"image\/png\" \/>\n<meta name=\"twitter:card\" content=\"summary_large_image\" \/>\n<meta name=\"twitter:site\" content=\"@templatetoaster\" \/>\n<meta name=\"twitter:label1\" content=\"Dur\u00e9e de lecture estim\u00e9e\" \/>\n\t<meta name=\"twitter:data1\" content=\"1 minute\" \/>\n<script type=\"application\/ld+json\" class=\"yoast-schema-graph\">{\"@context\":\"https:\/\/schema.org\",\"@graph\":[{\"@type\":\"WebPage\",\"@id\":\"https:\/\/templatetoaster.com\/fr\/privacy-policy\",\"url\":\"https:\/\/templatetoaster.com\/fr\/privacy-policy\",\"name\":\"Politique de confidentialit\u00e9 - TemplateToaster\",\"isPartOf\":{\"@id\":\"https:\/\/templatetoaster.com\/#website\"},\"datePublished\":\"2018-04-04T11:29:04+00:00\",\"dateModified\":\"2019-08-10T05:38:14+00:00\",\"description\":\"Nous ne partageons pas vos informations personnelles y compris, mais non limit\u00e9 \u00e0, votre nom, adresse de courriel, etc.. avec une tierce partie.\",\"breadcrumb\":{\"@id\":\"https:\/\/templatetoaster.com\/fr\/privacy-policy#breadcrumb\"},\"inLanguage\":\"fr-FR\",\"potentialAction\":[{\"@type\":\"ReadAction\",\"target\":[\"https:\/\/templatetoaster.com\/fr\/privacy-policy\"]}]},{\"@type\":\"BreadcrumbList\",\"@id\":\"https:\/\/templatetoaster.com\/fr\/privacy-policy#breadcrumb\",\"itemListElement\":[{\"@type\":\"ListItem\",\"position\":1,\"name\":\"Home\",\"item\":\"https:\/\/templatetoaster.com\/fr\"},{\"@type\":\"ListItem\",\"position\":2,\"name\":\"Politique de confidentialit\u00e9\"}]},{\"@type\":\"WebSite\",\"@id\":\"https:\/\/templatetoaster.com\/#website\",\"url\":\"https:\/\/templatetoaster.com\/\",\"name\":\"TemplateToaster\",\"description\":\"\",\"publisher\":{\"@id\":\"https:\/\/templatetoaster.com\/#organization\"},\"inLanguage\":\"fr-FR\"},{\"@type\":\"Organization\",\"@id\":\"https:\/\/templatetoaster.com\/#organization\",\"name\":\"TemplateToaster\",\"url\":\"https:\/\/templatetoaster.com\/\",\"logo\":{\"@type\":\"ImageObject\",\"inLanguage\":\"fr-FR\",\"@id\":\"https:\/\/templatetoaster.com\/#\/schema\/logo\/image\/\",\"url\":\"https:\/\/templatetoaster.com\/wp-content\/uploads\/2019\/11\/TemplateToaster_Logo.jpg\",\"contentUrl\":\"https:\/\/templatetoaster.com\/wp-content\/uploads\/2019\/11\/TemplateToaster_Logo.jpg\",\"width\":85,\"height\":85,\"caption\":\"TemplateToaster\"},\"image\":{\"@id\":\"https:\/\/templatetoaster.com\/#\/schema\/logo\/image\/\"},\"sameAs\":[\"https:\/\/www.facebook.com\/TemplateToaster\",\"https:\/\/x.com\/templatetoaster\",\"https:\/\/www.instagram.com\/templatetoaster\/\",\"https:\/\/www.linkedin.com\/company\/templatetoaster\/\",\"https:\/\/www.pinterest.com\/templatetoaster\/\",\"https:\/\/www.youtube.com\/@TemplateToaster\"]}]}<\/script>\n<!-- \/ Yoast SEO plugin. -->","yoast_head_json":{"title":"Politique de confidentialit\u00e9 - TemplateToaster","description":"Nous ne partageons pas vos informations personnelles y compris, mais non limit\u00e9 \u00e0, votre nom, adresse de courriel, etc.. avec une tierce partie.","robots":{"index":"index","follow":"follow","max-snippet":"max-snippet:-1","max-image-preview":"max-image-preview:large","max-video-preview":"max-video-preview:-1"},"canonical":"https:\/\/templatetoaster.com\/fr\/privacy-policy","og_locale":"fr_FR","og_type":"article","og_title":"Politique de confidentialit\u00e9 - TemplateToaster","og_description":"Nous ne partageons pas vos informations personnelles y compris, mais non limit\u00e9 \u00e0, votre nom, adresse de courriel, etc.. avec une tierce partie.","og_url":"https:\/\/templatetoaster.com\/fr\/privacy-policy","og_site_name":"TemplateToaster","article_publisher":"https:\/\/www.facebook.com\/TemplateToaster","article_modified_time":"2019-08-10T05:38:14+00:00","og_image":[{"width":325,"height":325,"url":"https:\/\/templatetoaster.com\/wp-content\/uploads\/2015\/07\/TemplateToaster-325X325.png","type":"image\/png"}],"twitter_card":"summary_large_image","twitter_site":"@templatetoaster","twitter_misc":{"Dur\u00e9e de lecture estim\u00e9e":"1 minute"},"schema":{"@context":"https:\/\/schema.org","@graph":[{"@type":"WebPage","@id":"https:\/\/templatetoaster.com\/fr\/privacy-policy","url":"https:\/\/templatetoaster.com\/fr\/privacy-policy","name":"Politique de confidentialit\u00e9 - TemplateToaster","isPartOf":{"@id":"https:\/\/templatetoaster.com\/#website"},"datePublished":"2018-04-04T11:29:04+00:00","dateModified":"2019-08-10T05:38:14+00:00","description":"Nous ne partageons pas vos informations personnelles y compris, mais non limit\u00e9 \u00e0, votre nom, adresse de courriel, etc.. avec une tierce partie.","breadcrumb":{"@id":"https:\/\/templatetoaster.com\/fr\/privacy-policy#breadcrumb"},"inLanguage":"fr-FR","potentialAction":[{"@type":"ReadAction","target":["https:\/\/templatetoaster.com\/fr\/privacy-policy"]}]},{"@type":"BreadcrumbList","@id":"https:\/\/templatetoaster.com\/fr\/privacy-policy#breadcrumb","itemListElement":[{"@type":"ListItem","position":1,"name":"Home","item":"https:\/\/templatetoaster.com\/fr"},{"@type":"ListItem","position":2,"name":"Politique de confidentialit\u00e9"}]},{"@type":"WebSite","@id":"https:\/\/templatetoaster.com\/#website","url":"https:\/\/templatetoaster.com\/","name":"TemplateToaster","description":"","publisher":{"@id":"https:\/\/templatetoaster.com\/#organization"},"inLanguage":"fr-FR"},{"@type":"Organization","@id":"https:\/\/templatetoaster.com\/#organization","name":"TemplateToaster","url":"https:\/\/templatetoaster.com\/","logo":{"@type":"ImageObject","inLanguage":"fr-FR","@id":"https:\/\/templatetoaster.com\/#\/schema\/logo\/image\/","url":"https:\/\/templatetoaster.com\/wp-content\/uploads\/2019\/11\/TemplateToaster_Logo.jpg","contentUrl":"https:\/\/templatetoaster.com\/wp-content\/uploads\/2019\/11\/TemplateToaster_Logo.jpg","width":85,"height":85,"caption":"TemplateToaster"},"image":{"@id":"https:\/\/templatetoaster.com\/#\/schema\/logo\/image\/"},"sameAs":["https:\/\/www.facebook.com\/TemplateToaster","https:\/\/x.com\/templatetoaster","https:\/\/www.instagram.com\/templatetoaster\/","https:\/\/www.linkedin.com\/company\/templatetoaster\/","https:\/\/www.pinterest.com\/templatetoaster\/","https:\/\/www.youtube.com\/@TemplateToaster"]}]}},"_links":{"self":[{"href":"https:\/\/templatetoaster.com\/fr\/wp-json\/wp\/v2\/pages\/3549"}],"collection":[{"href":"https:\/\/templatetoaster.com\/fr\/wp-json\/wp\/v2\/pages"}],"about":[{"href":"https:\/\/templatetoaster.com\/fr\/wp-json\/wp\/v2\/types\/page"}],"author":[{"embeddable":true,"href":"https:\/\/templatetoaster.com\/fr\/wp-json\/wp\/v2\/users\/1"}],"replies":[{"embeddable":true,"href":"https:\/\/templatetoaster.com\/fr\/wp-json\/wp\/v2\/comments?post=3549"}],"version-history":[{"count":3,"href":"https:\/\/templatetoaster.com\/fr\/wp-json\/wp\/v2\/pages\/3549\/revisions"}],"predecessor-version":[{"id":64049,"href":"https:\/\/templatetoaster.com\/fr\/wp-json\/wp\/v2\/pages\/3549\/revisions\/64049"}],"wp:attachment":[{"href":"https:\/\/templatetoaster.com\/fr\/wp-json\/wp\/v2\/media?parent=3549"}],"curies":[{"name":"wp","href":"https:\/\/api.w.org\/{rel}","templated":true}]}}