{"id":3547,"date":"2018-04-04T11:25:24","date_gmt":"2018-04-04T11:25:24","guid":{"rendered":"http:\/\/templatetoaster.com?page_id=3547"},"modified":"2019-08-09T07:55:37","modified_gmt":"2019-08-09T07:55:37","slug":"faqs","status":"publish","type":"page","link":"https:\/\/templatetoaster.com\/fr\/faqs","title":{"rendered":"Foire aux Questions"},"content":{"rendered":"<div class=\"tt_faq_row row\">\n<h1 class=\"heading_border\" style=\"padding-top: 40px;\">TemplateToaster Foire aux Questions<\/h1>\n<h4 class=\"joomla\">Q: Puis-je reinstaller TemplateToaster sur un nouvel ordinateur ?<\/h4>\n<p class=\"wordpress\">A: Oui, Il suffit simplement de d\u00e9sactiver TemplateToaster de l&rsquo;ordinateur actuel, l&rsquo;installer sur un nouvel ordinateur et vous serez en mesure d&rsquo;activer \u00e0 nouveau, en utilisant votre cl\u00e9 de licence achet\u00e9e.<\/p>\n<h4 class=\"joomla\">Q: Puis-je l&rsquo;installer sur plusieurs ordinateurs?<\/h4>\n<p class=\"wordpress\">A: <del datetime=\"2013-06-01T04:25:23+00:00\">Non, Nous ne permettre qu&rsquo;une activation par cl\u00e9 de licence<\/del>. A la demande de nos prestigieux clients, nous offrons maintenant deux activations, mais ces deux ordinateurs doivent appartenir \u00e0 une seule personne.<\/p>\n<h4 class=\"joomla\">Q: Est-ce que je peux vendre ma licence?<\/h4>\n<p class=\"wordpress\">A: Oui, vous pouvez vendre ou transf\u00e9rer votre cl\u00e9 de licence \u00e0 quiconque. Vous pouvez modifier \u00e0 tout moment les d\u00e9tails de la propri\u00e9t\u00e9 comme le nom ou l&rsquo;adresse email, depuis votre page de profil.<\/p>\n<h4 class=\"joomla\">Q: Puis-je vendre les templates ou th\u00e8mes cr\u00e9\u00e9s avec TemplateToaster?<\/h4>\n<p class=\"wordpress\">A: Bien s\u00fbr, vous pouvez vendre les mod\u00e8les export\u00e9s \u00e0 qui vous le souhaitez.<\/p>\n<h4 class=\"joomla\">Q: Y a-t-il des restrictions relatives au domaine?<\/h4>\n<p class=\"wordpress\">A: Non, Il n&rsquo;y a aucunes restrictions relatives au \u201cDomaine\u201d ou au \u201cnombre de sites\u201d, vous pouvez cr\u00e9er autant de mod\u00e8les ou de th\u00e8mes et pour autant de sites que vous le souhaitez.<\/p>\n<h4 class=\"joomla\">Q: Que se passe-t-il si mon ordinateur Crash?<\/h4>\n<p class=\"wordpress\">A:\u00a0R\u00e9parez\u00a0simplement votre ordinateur, formater ou r\u00e9installer le syst\u00e8me d&rsquo;exploitation si n\u00e9cessaire, r\u00e9installer TemplateToaster et il devrait automatiquement vous permettra de le r\u00e9activer.<\/p>\n<h4 class=\"joomla\">Q: Vos moyens de paiement ne me conviennent pas?<\/h4>\n<p class=\"wordpress\">A: Nous avons des m\u00e9thodes de paiement suppl\u00e9mentaires, vous pouvez nous contacter pour en savoir plus.<\/p>\n<h4 class=\"joomla\">Q: TemplateToaster contient des mod\u00e8les?<\/h4>\n<p class=\"wordpress\">A: Non, TemplateToaster ne contient pas de mod\u00e8les, il cr\u00e9er des th\u00e8me uniques ou mod\u00e8les lors de l&rsquo;execution.<\/p>\n<h4 class=\"joomla\">Q: J&rsquo;ai install\u00e9 la version d&rsquo;\u00e9valuation, Ai-je besoin d&rsquo;installer une autre version apr\u00e8s l&rsquo;achat?<\/h4>\n<p class=\"wordpress\">A: Non, vous devez activer votre version d&rsquo;\u00e9valuation existante, \u00e0 l&rsquo;aide de votre cl\u00e9 de licence achet\u00e9e.<\/p>\n<h4 class=\"joomla\">Q: Y a-t-il une limite de temps pour la version d&rsquo;\u00e9valuation?<\/h4>\n<p class=\"wordpress\">A:Non, TemplateToaster n&rsquo;est pas limit\u00e9 dans le temps , mais il sera indiqu\u00e9 \u201cVersion d&rsquo;\u00e9valuation\u201d en filigranes sur tous les mod\u00e8les export\u00e9s.<\/p>\n<h4 class=\"joomla\">Q: Puis-je passer de l&rsquo;\u00e9dition Standard \u00e0 l&rsquo;\u00e9dition professionnelle?<\/h4>\n<p class=\"wordpress\">A: Oui, Vous pouvez <a href=\"\/?page_id=1827\">upgrader <\/a>la version Standard vers la version Professionnelle en payant la diff\u00e9rence de prix. Apr\u00e8s confirmation de paiement de la mise \u00e0 niveau, lancer TemplateToaster, allez dans fichier -&gt; Activation -&gt; d\u00e9sactiver, puis, allez dans fichier -&gt; Pr\u00e9f\u00e9rences -&gt; s\u00e9lectionnez Edition Professionnelle et puis activer avec votre cl\u00e9 existante.<\/p>\n<h4 class=\"joomla\">Q: Offrez-vous une garantie de remboursement?<\/h4>\n<p class=\"wordpress\">A: Non, nous fournissons des versions de test illimit\u00e9s dans le temps et vous sugg\u00e8rons d&rsquo;\u00e9valuer TemplateToaster avant d&rsquo;acheter.<\/p>\n<h4 class=\"joomla\">Q: Combien de navigateurs sont-il support\u00e9s?<\/h4>\n<p class=\"wordpress\">A: Les principaux navigateurs sont support\u00e9s, comme Firefox, Chrome, Internet Explorer, Op\u00e9ra, Safari etc..<\/p>\n<h4 class=\"joomla\">Q:14- Les mod\u00e8les export\u00e9s sont-ils W3C?<\/h4>\n<p class=\"wordpress\">A: Oui, le XHTML et CSS du (des) mod\u00e8le(s) export\u00e9(s) sont W3C.<\/p>\n<h4 class=\"joomla\">Q: LEs mod\u00e8les export\u00e9s sont-ils optimis\u00e9s pour les moteurs de recherche?<\/h4>\n<p class=\"wordpress\">A: Oui, TemplateToaster mettre en \u0153uvre les techniques de SEO organiques pour des classements plus \u00e9lev\u00e9s.<\/p>\n<h4 class=\"joomla\">Q:Comment mettre \u00e0 jour TemplateToaster?<\/h4>\n<p class=\"wordpress\">A: T\u00e9l\u00e9charger la derni\u00e8re version depuis notre page de\u00a0<a href=\"https:\/\/templatetoaster.com\/fr\/download\">t\u00e9l\u00e9chargements <\/a>et double-cliquez sur le fichier d&rsquo;installation t\u00e9l\u00e9charg\u00e9, il devrait automatiquement faire la mise \u00e0 niveau.<\/p>\n<h4 class=\"joomla\">Q: Dans combien de langues l&rsquo;interface utilisateur de TemplateToaster est-il disponible?<\/h4>\n<p class=\"wordpress\">A:L&rsquo;interface utilisateur de TemplateToaster est disponible en 8 Langues, Veuillez visiter la\u00a0<a href=\"https:\/\/templatetoaster.com\/fr\/download\">page <\/a>suivante pour plus d&rsquo;informations<\/p>\n<h4 class=\"joomla\">Q: Dans combien de langues les sites et mod\u00e8les export\u00e9s fonctionnent-ils?<\/h4>\n<p class=\"wordpress\">A: Les mod\u00e8les et sites Web export\u00e9es de TemplateToaster sont ind\u00e9pendants de la langue, vous pouvez les utiliser dans n&rsquo;importe quelle langue.<\/p>\n<h4 class=\"joomla\">Q: Quand prendra fin ma copie de TemplateToaster?<\/h4>\n<p class=\"wordpress\">A: Vous pouvez utiliser votre version TemplateToaster achet\u00e9e ind\u00e9finiment. Nous offrons des mises \u00e0 jour gratuites pendant un an avec chaque licence, cela signifie que vous serez en mesure de mettre \u00e0 niveau vers toutes les versions sorties dans l&rsquo;ann\u00e9e, apr\u00e8s cette p\u00e9riode, vous pouvez soit mettre \u00e0 jour votre abonnement soit continuer \u00e0 utiliser votre version achet\u00e9e. Le renouvellement annuel de mises \u00e0 jour (Si n\u00e9cessaire) vous co\u00fbtera 40% du prix de produit.<\/p>\n<h4 class=\"joomla\">Q: Y a-t-il des restrictions d&rsquo;utilisation des Images de la biblioth\u00e8que TemplateToaster?<\/h4>\n<p class=\"wordpress\">A: Vous pouvez utiliser le stock d&rsquo;images dans vos mod\u00e8les personnels ainsi que ceux de votre client \u2019 mais vous ne pouvez pas les utiliser dans les mod\u00e8les en t\u00e9l\u00e9chargement gratuit.<\/p>\n<h4>Q: Je ne peux pas acc\u00e9der toutes les fonctionnalit\u00e9s de TemplateToaster?<\/h4>\n<p class=\"wordpress\">A: Si vous avez achet\u00e9 la version Professional Edition et re\u00e7evez le message suivant, lorsque vous acc\u00e9dez aux options avanc\u00e9es \u201cCette fonctionnalit\u00e9 n&rsquo;est pas disponible en l&rsquo;\u00e9dition courante. Basculer vers une \u00e9dition sup\u00e9rieure\u201d, Allez dans fichier-&gt; Activation-&gt; d\u00e9sactiver TemplateToaster, puis allez dans fichier-&gt; Pr\u00e9f\u00e9rences, s\u00e9lectionnez Professional Edition et r\u00e9activez TemplateToaster.<\/p>\n<h4 class=\"joomla\">Q: Imposez-vous des restrictions dans la Version d&rsquo;\u00e9valuation?<\/h4>\n<p class=\"wordpress\">A: La version d&rsquo;essai ajoute des filigranes d&rsquo;essai partout dans les mod\u00e8les export\u00e9s et vous ne pouvez pas enregistrer vos projets en tant que fichier .ttr pour d&rsquo;eventuelles \u00e9ditions futures, toutefois, vous pouvez exporter les mod\u00e8les pour les installer sur votre CMS tel que WordPress, Joomla etc..<\/p>\n<h4 class=\"joomla\">Q: Puis-je concevoir Templates\/sites Web\/th\u00e8mes pour mes clients?<\/h4>\n<p class=\"wordpress\">A: Bien s\u00fbr, il n&rsquo;y a pas de telle restriction, vous pouvez cr\u00e9er pour vos clients.<\/p>\n<h4 class=\"joomla\">Q: Quelle est la taille maximale de l&rsquo;image personnalis\u00e9e prise en charge ?<\/h4>\n<p class=\"wordpress\">A: TemplateToaster v6 supporte des images jusqu&rsquo;\u00e0 2000 pixels mais vous pouvez utiliser n&rsquo;importe quelle taille d&rsquo;image en v7.<\/p>\n<h4 class=\"joomla\">Q: Vos vid\u00e9os de d\u00e9mo n&rsquo;ont pas de son?<\/h4>\n<p class=\"wordpress\">A: En fait, nous avons des clients tout autour du globe, parlant diff\u00e9rentes langues donc le son n&rsquo;est pas possible<\/p>\n<p>N&rsquo;h\u00e9sitez pas \u00e0 <a href=\"\/?page_id=2723\">poser vos questions ici<\/a>\u00a0si vous ne trouvez pas de solution dans les vid\u00e9os.\n<\/div>\n","protected":false},"excerpt":{"rendered":"<p>TemplateToaster Foire aux Questions Q: Puis-je reinstaller TemplateToaster sur un nouvel ordinateur ? A: Oui, Il suffit simplement de d\u00e9sactiver TemplateToaster de l&rsquo;ordinateur actuel, l&rsquo;installer sur un nouvel ordinateur et vous serez en mesure d&rsquo;activer \u00e0 nouveau, en utilisant votre &hellip; <a href=\"https:\/\/templatetoaster.com\/fr\/faqs\">Continue Reading<span class=\"meta-nav\">&rarr;<\/span><\/a><\/p>\n","protected":false},"author":1,"featured_media":0,"parent":0,"menu_order":0,"comment_status":"closed","ping_status":"closed","template":"PageTemplate1.php","meta":{"footnotes":""},"yoast_head":"<!-- This site is optimized with the Yoast SEO plugin v23.5 - https:\/\/yoast.com\/wordpress\/plugins\/seo\/ -->\n<title>Foire aux Questions - TemplateToaster<\/title>\n<meta name=\"description\" content=\"Nous avons list\u00e9 ici les principales questions fr\u00e9quemment pos\u00e9es (Foire aux questions).\" \/>\n<meta name=\"robots\" content=\"index, follow, max-snippet:-1, max-image-preview:large, max-video-preview:-1\" \/>\n<link rel=\"canonical\" href=\"https:\/\/templatetoaster.com\/fr\/faqs\" \/>\n<meta property=\"og:locale\" content=\"fr_FR\" \/>\n<meta property=\"og:type\" content=\"article\" \/>\n<meta property=\"og:title\" content=\"Foire aux Questions - TemplateToaster\" \/>\n<meta property=\"og:description\" content=\"Nous avons list\u00e9 ici les principales questions fr\u00e9quemment pos\u00e9es (Foire aux questions).\" \/>\n<meta property=\"og:url\" content=\"https:\/\/templatetoaster.com\/fr\/faqs\" \/>\n<meta property=\"og:site_name\" content=\"TemplateToaster\" \/>\n<meta property=\"article:publisher\" content=\"https:\/\/www.facebook.com\/TemplateToaster\" \/>\n<meta property=\"article:modified_time\" content=\"2019-08-09T07:55:37+00:00\" \/>\n<meta property=\"og:image\" content=\"https:\/\/templatetoaster.com\/wp-content\/uploads\/2015\/07\/TemplateToaster-325X325.png\" \/>\n\t<meta property=\"og:image:width\" content=\"325\" \/>\n\t<meta property=\"og:image:height\" content=\"325\" \/>\n\t<meta property=\"og:image:type\" content=\"image\/png\" \/>\n<meta name=\"twitter:card\" content=\"summary_large_image\" \/>\n<meta name=\"twitter:site\" content=\"@templatetoaster\" \/>\n<meta name=\"twitter:label1\" content=\"Dur\u00e9e de lecture estim\u00e9e\" \/>\n\t<meta name=\"twitter:data1\" content=\"5 minutes\" \/>\n<script type=\"application\/ld+json\" class=\"yoast-schema-graph\">{\"@context\":\"https:\/\/schema.org\",\"@graph\":[{\"@type\":\"WebPage\",\"@id\":\"https:\/\/templatetoaster.com\/fr\/faqs\",\"url\":\"https:\/\/templatetoaster.com\/fr\/faqs\",\"name\":\"Foire aux Questions - TemplateToaster\",\"isPartOf\":{\"@id\":\"https:\/\/templatetoaster.com\/#website\"},\"datePublished\":\"2018-04-04T11:25:24+00:00\",\"dateModified\":\"2019-08-09T07:55:37+00:00\",\"description\":\"Nous avons list\u00e9 ici les principales questions fr\u00e9quemment pos\u00e9es (Foire aux questions).\",\"breadcrumb\":{\"@id\":\"https:\/\/templatetoaster.com\/fr\/faqs#breadcrumb\"},\"inLanguage\":\"fr-FR\",\"potentialAction\":[{\"@type\":\"ReadAction\",\"target\":[\"https:\/\/templatetoaster.com\/fr\/faqs\"]}]},{\"@type\":\"BreadcrumbList\",\"@id\":\"https:\/\/templatetoaster.com\/fr\/faqs#breadcrumb\",\"itemListElement\":[{\"@type\":\"ListItem\",\"position\":1,\"name\":\"Home\",\"item\":\"https:\/\/templatetoaster.com\/fr\"},{\"@type\":\"ListItem\",\"position\":2,\"name\":\"Foire aux Questions\"}]},{\"@type\":\"WebSite\",\"@id\":\"https:\/\/templatetoaster.com\/#website\",\"url\":\"https:\/\/templatetoaster.com\/\",\"name\":\"TemplateToaster\",\"description\":\"\",\"publisher\":{\"@id\":\"https:\/\/templatetoaster.com\/#organization\"},\"inLanguage\":\"fr-FR\"},{\"@type\":\"Organization\",\"@id\":\"https:\/\/templatetoaster.com\/#organization\",\"name\":\"TemplateToaster\",\"url\":\"https:\/\/templatetoaster.com\/\",\"logo\":{\"@type\":\"ImageObject\",\"inLanguage\":\"fr-FR\",\"@id\":\"https:\/\/templatetoaster.com\/#\/schema\/logo\/image\/\",\"url\":\"https:\/\/templatetoaster.com\/wp-content\/uploads\/2019\/11\/TemplateToaster_Logo.jpg\",\"contentUrl\":\"https:\/\/templatetoaster.com\/wp-content\/uploads\/2019\/11\/TemplateToaster_Logo.jpg\",\"width\":85,\"height\":85,\"caption\":\"TemplateToaster\"},\"image\":{\"@id\":\"https:\/\/templatetoaster.com\/#\/schema\/logo\/image\/\"},\"sameAs\":[\"https:\/\/www.facebook.com\/TemplateToaster\",\"https:\/\/x.com\/templatetoaster\",\"https:\/\/www.instagram.com\/templatetoaster\/\",\"https:\/\/www.linkedin.com\/company\/templatetoaster\/\",\"https:\/\/www.pinterest.com\/templatetoaster\/\",\"https:\/\/www.youtube.com\/@TemplateToaster\"]}]}<\/script>\n<!-- \/ Yoast SEO plugin. -->","yoast_head_json":{"title":"Foire aux Questions - TemplateToaster","description":"Nous avons list\u00e9 ici les principales questions fr\u00e9quemment pos\u00e9es (Foire aux questions).","robots":{"index":"index","follow":"follow","max-snippet":"max-snippet:-1","max-image-preview":"max-image-preview:large","max-video-preview":"max-video-preview:-1"},"canonical":"https:\/\/templatetoaster.com\/fr\/faqs","og_locale":"fr_FR","og_type":"article","og_title":"Foire aux Questions - TemplateToaster","og_description":"Nous avons list\u00e9 ici les principales questions fr\u00e9quemment pos\u00e9es (Foire aux questions).","og_url":"https:\/\/templatetoaster.com\/fr\/faqs","og_site_name":"TemplateToaster","article_publisher":"https:\/\/www.facebook.com\/TemplateToaster","article_modified_time":"2019-08-09T07:55:37+00:00","og_image":[{"width":325,"height":325,"url":"https:\/\/templatetoaster.com\/wp-content\/uploads\/2015\/07\/TemplateToaster-325X325.png","type":"image\/png"}],"twitter_card":"summary_large_image","twitter_site":"@templatetoaster","twitter_misc":{"Dur\u00e9e de lecture estim\u00e9e":"5 minutes"},"schema":{"@context":"https:\/\/schema.org","@graph":[{"@type":"WebPage","@id":"https:\/\/templatetoaster.com\/fr\/faqs","url":"https:\/\/templatetoaster.com\/fr\/faqs","name":"Foire aux Questions - TemplateToaster","isPartOf":{"@id":"https:\/\/templatetoaster.com\/#website"},"datePublished":"2018-04-04T11:25:24+00:00","dateModified":"2019-08-09T07:55:37+00:00","description":"Nous avons list\u00e9 ici les principales questions fr\u00e9quemment pos\u00e9es (Foire aux questions).","breadcrumb":{"@id":"https:\/\/templatetoaster.com\/fr\/faqs#breadcrumb"},"inLanguage":"fr-FR","potentialAction":[{"@type":"ReadAction","target":["https:\/\/templatetoaster.com\/fr\/faqs"]}]},{"@type":"BreadcrumbList","@id":"https:\/\/templatetoaster.com\/fr\/faqs#breadcrumb","itemListElement":[{"@type":"ListItem","position":1,"name":"Home","item":"https:\/\/templatetoaster.com\/fr"},{"@type":"ListItem","position":2,"name":"Foire aux Questions"}]},{"@type":"WebSite","@id":"https:\/\/templatetoaster.com\/#website","url":"https:\/\/templatetoaster.com\/","name":"TemplateToaster","description":"","publisher":{"@id":"https:\/\/templatetoaster.com\/#organization"},"inLanguage":"fr-FR"},{"@type":"Organization","@id":"https:\/\/templatetoaster.com\/#organization","name":"TemplateToaster","url":"https:\/\/templatetoaster.com\/","logo":{"@type":"ImageObject","inLanguage":"fr-FR","@id":"https:\/\/templatetoaster.com\/#\/schema\/logo\/image\/","url":"https:\/\/templatetoaster.com\/wp-content\/uploads\/2019\/11\/TemplateToaster_Logo.jpg","contentUrl":"https:\/\/templatetoaster.com\/wp-content\/uploads\/2019\/11\/TemplateToaster_Logo.jpg","width":85,"height":85,"caption":"TemplateToaster"},"image":{"@id":"https:\/\/templatetoaster.com\/#\/schema\/logo\/image\/"},"sameAs":["https:\/\/www.facebook.com\/TemplateToaster","https:\/\/x.com\/templatetoaster","https:\/\/www.instagram.com\/templatetoaster\/","https:\/\/www.linkedin.com\/company\/templatetoaster\/","https:\/\/www.pinterest.com\/templatetoaster\/","https:\/\/www.youtube.com\/@TemplateToaster"]}]}},"_links":{"self":[{"href":"https:\/\/templatetoaster.com\/fr\/wp-json\/wp\/v2\/pages\/3547"}],"collection":[{"href":"https:\/\/templatetoaster.com\/fr\/wp-json\/wp\/v2\/pages"}],"about":[{"href":"https:\/\/templatetoaster.com\/fr\/wp-json\/wp\/v2\/types\/page"}],"author":[{"embeddable":true,"href":"https:\/\/templatetoaster.com\/fr\/wp-json\/wp\/v2\/users\/1"}],"replies":[{"embeddable":true,"href":"https:\/\/templatetoaster.com\/fr\/wp-json\/wp\/v2\/comments?post=3547"}],"version-history":[{"count":4,"href":"https:\/\/templatetoaster.com\/fr\/wp-json\/wp\/v2\/pages\/3547\/revisions"}],"predecessor-version":[{"id":63967,"href":"https:\/\/templatetoaster.com\/fr\/wp-json\/wp\/v2\/pages\/3547\/revisions\/63967"}],"wp:attachment":[{"href":"https:\/\/templatetoaster.com\/fr\/wp-json\/wp\/v2\/media?parent=3547"}],"curies":[{"name":"wp","href":"https:\/\/api.w.org\/{rel}","templated":true}]}}