{"id":3539,"date":"2018-04-04T11:10:04","date_gmt":"2018-04-04T11:10:04","guid":{"rendered":"http:\/\/templatetoaster.com?page_id=3539"},"modified":"2024-09-05T13:03:07","modified_gmt":"2024-09-05T13:03:07","slug":"purchase","status":"publish","type":"page","link":"https:\/\/templatetoaster.com\/fr\/purchase","title":{"rendered":"Achat"},"content":{"rendered":"<div class=\"tt_purchase_row row\">\n<h1 class=\"heading_border\" style=\"background-size: 294px 1px;\">Achat de TemplateToaster<\/h1>\n<div class=\"purchase-table-desktop\">\n<div class=\"table-responsive\">\n<table class=\"table table-striped\">\n<thead>\n<tr>\n<th>\u00c9ditions de TemplateToaster<\/th>\n<th style=\"width=100px; text-align: center;\">\u00c9dition standard<\/th>\n<th style=\"width=100px; text-align: center;\">\u00c9dition Professionnelle<\/th>\n<\/tr>\n<\/thead>\n<tbody>\n<tr>\n<td style=\"background-color: #f0f0f0; color: #1e1e1e; font-size: 22px; padding: 15px 10px; font-weight: bold; vertical-align: middle;\">Prix<\/td>\n<td style=\"background-color: #f0f0f0; color: #252323; font-size: 28px; padding: 35px 25px 25px; text-align: center; font-weight: 800;\">$49<a class=\"btn btn-buy-now offer\" href=\"https:\/\/templatetoaster.com\/fr\/purchase-standard-edition\">Achetez maintenant<\/a><\/td>\n<td class=\"text-center\" style=\"background-color: #ffd42a; color: #252323; font-size: 34px; padding: 25px; text-align: center; font-weight: 800; position: relative;\"><span class=\"old-price\"><s>$149<\/s><\/span>$99<a class=\"btn btn-buy-now offer\" href=\"https:\/\/templatetoaster.com\/fr\/purchase-professional-edition-discounted\">Achetez maintenant<\/a><\/td>\n<\/tr>\n<tr>\n<td>Supporte la conception de th\u00e8mes et mod\u00e8les WordPress, Joomla, Magento, Drupal, PrestaShop, VirtueMart, WooCommerce, OpenCart, Blogger (BlogSpot) et Sites Web HTML<\/td>\n<td>\n<div class=\"text-center\">\n<div class=\"right_icon\"><\/div>\n<\/div>\n<\/td>\n<td>\n<div class=\"text-center\">\n<div class=\"right_icon\"><\/div>\n<\/div>\n<\/td>\n<\/tr>\n<tr>\n<td>Mises \u00e0 jour gratuites pendant un an<\/td>\n<td>\n<div class=\"text-center\">\n<div class=\"right_icon\"><\/div>\n<\/div>\n<\/td>\n<td>\n<div class=\"text-center\">\n<div class=\"right_icon\"><\/div>\n<\/div>\n<\/td>\n<\/tr>\n<tr>\n<td>Support technique d\u00e9di\u00e9<\/td>\n<td>\n<div class=\"text-center\">\n<div class=\"right_icon\"><\/div>\n<\/div>\n<\/td>\n<td>\n<div class=\"text-center\">\n<div class=\"right_icon\"><\/div>\n<\/div>\n<\/td>\n<\/tr>\n<tr>\n<td>Mod\u00e8les\/th\u00e8mes\/Sites gratuits<a class=\"tooltip-purchase\" title=\"We Offer lots of Pre Designed Templates to start with\" href=\"#\">\u00a0?<\/a><\/td>\n<td>\n<div class=\"text-center\">\n<div class=\"right_icon\"><\/div>\n<\/div>\n<\/td>\n<td>\n<div class=\"text-center\">\n<div class=\"right_icon\"><\/div>\n<\/div>\n<\/td>\n<\/tr>\n<tr>\n<td>Framework \u00ab bootstrap \u00bb\u00a0<a class=\"tooltip-purchase\" title=\"TemplateToaster is compatible with BootStrap\" href=\"#\">?<\/a><\/td>\n<td>\n<div class=\"text-center\">\n<div class=\"right_icon\"><\/div>\n<\/div>\n<\/td>\n<td>\n<div class=\"text-center\">\n<div class=\"right_icon\"><\/div>\n<\/div>\n<\/td>\n<\/tr>\n<tr>\n<td>D\u00e9marrage de z\u00e9ro\u00a0<a class=\"tooltip-purchase\" title=\"You can either start designing from scratch or modify one of our pre designed template\" href=\"#\">?<\/a><\/td>\n<td>\n<div class=\"text-center\">\n<div class=\"wrong_icon\"><\/div>\n<\/div>\n<\/td>\n<td>\n<div class=\"text-center\">\n<div class=\"right_icon\"><\/div>\n<\/div>\n<\/td>\n<\/tr>\n<tr>\n<td>Rubriques (H1 H2 etc..) Param\u00e8tres\u00a0<a class=\"tooltip-purchase\" title=\"HTML Heading tags(H1, H2, H3 etc.) play great role in SEO\" href=\"#\">?<\/a><\/td>\n<td>\n<div class=\"text-center\">\n<div class=\"wrong_icon\"><\/div>\n<\/div>\n<\/td>\n<td>\n<div class=\"text-center\">\n<div class=\"right_icon\"><\/div>\n<\/div>\n<\/td>\n<\/tr>\n<tr>\n<td>Option FTP <a class=\"tooltip-purchase\" title=\"Inbuilt FTP, til v6\" href=\"#\">?<\/a><\/td>\n<td>\n<div class=\"text-center\">\n<div class=\"wrong_icon\"><\/div>\n<\/div>\n<\/td>\n<td>\n<div class=\"text-center\">\n<div class=\"right_icon\"><\/div>\n<\/div>\n<\/td>\n<\/tr>\n<tr>\n<td>Conception de Positions de Module\/Zones de Widget personnalis\u00e9s\u00a0\u00a0<a class=\"tooltip-purchase\" title=\" Module-Positions\/Widget-Areas\/Regions etc. are like place holders where you can place any of your widget\/modules etc. once the template or theme is installed on your CMS\" href=\"#\">?<\/a><\/td>\n<td>\n<div class=\"text-center\">\n<div class=\"wrong_icon\"><\/div>\n<\/div>\n<\/td>\n<td>\n<div class=\"text-center\">\n<div class=\"right_icon\"><\/div>\n<\/div>\n<\/td>\n<\/tr>\n<tr>\n<td>Conception de mod\u00e8le de Page Personnalis\u00e9e\u00a0\u00a0<a class=\"tooltip-purchase\" title=\"If you need a unique design for a page in WordPress you can do it by adding and designing an additional page template in TemplateToaster\" href=\"#\">?<\/a><\/td>\n<td>\n<div class=\"text-center\">\n<div class=\"wrong_icon\"><\/div>\n<\/div>\n<\/td>\n<td>\n<div class=\"text-center\">\n<div class=\"right_icon\"><\/div>\n<\/div>\n<\/td>\n<\/tr>\n<tr>\n<td>Suppression du pr\u00e9fixe CSS _ttr\u00a0\u00a0<a class=\"tooltip-purchase\" title=\"By Default TemplateToaster add _ttr CSS prefix to every class but you can modify this prefix in Pro Edition\" href=\"#\">?<\/a><\/td>\n<td>\n<div class=\"text-center\">\n<div class=\"wrong_icon\"><\/div>\n<\/div>\n<\/td>\n<td>\n<div class=\"text-center\">\n<div class=\"right_icon\"><\/div>\n<\/div>\n<\/td>\n<\/tr>\n<tr>\n<td>Utiliser d&rsquo;Images personnalis\u00e9es dans le mod\u00e8le\u00a0<a class=\"tooltip-purchase\" title=\"In Standard Edition you can not use outside images and you need to rely only on inbuilt stock images\" href=\"#\">?<\/a><\/td>\n<td>\n<div class=\"text-center\">\n<div class=\"wrong_icon\"><\/div>\n<\/div>\n<\/td>\n<td>\n<div class=\"text-center\">\n<div class=\"right_icon\"><\/div>\n<\/div>\n<\/td>\n<\/tr>\n<tr>\n<td>Angle de D\u00e9grad\u00e9 et arr\u00eats de d\u00e9grad\u00e9 sur mesure\u00a0<a class=\"tooltip-purchase\" title=\"You can not add gradient in backgrounds in Standard Edition\" href=\"#\">?<\/a><\/td>\n<td>\n<div class=\"text-center\">\n<div class=\"wrong_icon\"><\/div>\n<\/div>\n<\/td>\n<td>\n<div class=\"text-center\">\n<div class=\"right_icon\"><\/div>\n<\/div>\n<\/td>\n<\/tr>\n<tr>\n<td>Logo personnalis\u00e9 avec lien hypertexte\u00a0<a class=\"tooltip-purchase\" title=\"You can not add custom link to your website logo in Standard Edition\" href=\"#\">?<\/a><\/td>\n<td>\n<div class=\"text-center\">\n<div class=\"wrong_icon\"><\/div>\n<\/div>\n<\/td>\n<td>\n<div class=\"text-center\">\n<div class=\"right_icon\"><\/div>\n<\/div>\n<\/td>\n<\/tr>\n<tr>\n<td>Valeurs personnalis\u00e9es, comme hauteur largeur etc..\u00a0<a class=\"tooltip-purchase\" title=\"In Standard Edition you need to rely on preset values of height, width etc for very element.\" href=\"#\">?<\/a><\/td>\n<td>\n<div class=\"text-center\">\n<div class=\"wrong_icon\"><\/div>\n<\/div>\n<\/td>\n<td>\n<div class=\"text-center\">\n<div class=\"right_icon\"><\/div>\n<\/div>\n<\/td>\n<\/tr>\n<tr>\n<td>Marquage au niveau \u00e9l\u00e9ment<\/td>\n<td>\n<div class=\"text-center\">\n<div class=\"wrong_icon\"><\/div>\n<\/div>\n<\/td>\n<td>\n<div class=\"text-center\">\n<div class=\"right_icon\"><\/div>\n<\/div>\n<\/td>\n<\/tr>\n<tr>\n<td>Options de retouche d&rsquo;Image suppl\u00e9mentaires\u00a0<a class=\"tooltip-purchase\" title=\"TemplateToaster offer very advance image editing option in Pro edition\" href=\"#\">?<\/a><\/td>\n<td>\n<div class=\"text-center\">\n<div class=\"wrong_icon\"><\/div>\n<\/div>\n<\/td>\n<td>\n<div class=\"text-center\">\n<div class=\"right_icon\"><\/div>\n<\/div>\n<\/td>\n<\/tr>\n<tr>\n<td style=\"font-family: 'nunito_sansbold', 'arial', 'sans-serif';\">TemplateToaster Editions<\/td>\n<td style=\"text-align: center;\"><a class=\"btn btn-buy-now offer\" href=\"https:\/\/templatetoaster.com\/fr\/purchase-standard-edition\">Achetez maintenant<\/a><\/td>\n<td style=\"text-align: center;\"><a class=\"btn btn-buy-now offer\" href=\"https:\/\/templatetoaster.com\/fr\/purchase-professional-edition-discounted\">Achetez maintenant<\/a><\/td>\n<\/tr>\n<\/tbody>\n<\/table>\n<\/div>\n<\/div>\n<div class=\"purchase-section-mobile row\">\n<div class=\"purchase-table-responsive\">\n<div class=\"purchase-table\">\n<div class=\"purchase-table-header\">\n<p>Edition Standard<\/p>\n<h3>$49<\/h3>\n<p><a class=\"btn btn-buy-now offer\" href=\"https:\/\/templatetoaster.com\/purchase-standard-edition\">Achetez maintenant<\/a><\/p>\n<\/div>\n<div class=\"purchase-table-body\">\n<ul>\n<li class=\"available\">Supporte la conception de th\u00e8me and mod\u00e8les pour WordPress, Joomla, Magento, Drupal, PrestaShop, VirtueMart, WooCommerce, OpenCart, Blogger(BlogSpot) et sites Web HTML<\/li>\n<li class=\"available\">Mises \u00e0 jour gratuites pendant un an<\/li>\n<li class=\"available\">Support Produit D\u00e9di\u00e9<\/li>\n<li class=\"available\">Mod\u00e8les\/Th\u00e8mes\/Sites Gratuits<\/li>\n<li class=\"available\">Framework\u00a0Bootstrap<\/li>\n<li class=\"not-available\">D\u00e9marrage de z\u00e9ro<\/li>\n<li class=\"not-available\">Rubriques (H1 H2 etc.) Param\u00e8tres<\/li>\n<li class=\"not-available\">Option FTP<\/li>\n<li class=\"not-available\">Conception de Positions de Module\/Zone de Widget\/Personnalis\u00e9<\/li>\n<li class=\"not-available\">Conception de Mod\u00e8les de Page Personnalis\u00e9s<\/li>\n<li class=\"not-available\">Retrait\/Modification du pr\u00e9fixe _ttr CSS<\/li>\n<li class=\"not-available\">Utilisation d&rsquo;Images personnalis\u00e9es dans le mod\u00e8le<\/li>\n<li class=\"not-available\">Angle de D\u00e9grad\u00e9 et arr\u00eats de d\u00e9grad\u00e9 sur mesure<\/li>\n<li class=\"not-available\">Logo personnalis\u00e9 avec Lien Hypertexte<\/li>\n<li class=\"not-available\">Valeurs personnalis\u00e9es, telle hauteur, largeur, etc.<\/li>\n<li class=\"not-available\">Marquage au niveau Element<\/li>\n<li class=\"not-available\">Options de retouche d&rsquo;Image suppl\u00e9mentaires<\/li>\n<\/ul>\n<\/div>\n<div class=\"purchase-table-footer\"><a class=\"btn btn-buy-now offer\" href=\"https:\/\/templatetoaster.com\/support\">Achetez maintenant<\/a><\/div>\n<\/div>\n<div class=\"purchase-table\">\n<div class=\"purchase-table-header\">\n<p>Edition Professionnelle<\/p>\n<h3><span class=\"old-price\"><s>$149<\/s><\/span>$99<\/h3>\n<p><a class=\"btn btn-buy-now offer\" href=\"https:\/\/templatetoaster.com\/purchase-professional-edition-discounted\">Achetez maintenant<\/a><\/p>\n<\/div>\n<div class=\"purchase-table-body\">\n<ul>\n<li class=\"available\">WordPress, Joomla, Magento, Drupal, HTML Website, PrestaShop, VirtueMart and WooCommerce<\/li>\n<li class=\"available\">Mises \u00e0 jour gratuites pendant un an<\/li>\n<li class=\"available\">Support Produit D\u00e9di\u00e9<\/li>\n<li class=\"available\">Mod\u00e8les\/Th\u00e8mes\/Sites Gratuits<\/li>\n<li class=\"available\">Framework\u00a0Bootstrap<\/li>\n<li class=\"available\">D\u00e9marrage de z\u00e9ro<\/li>\n<li class=\"available\">Rubriques (H1 H2 etc.) Param\u00e8tres<\/li>\n<li class=\"available\">Option FTP<\/li>\n<li class=\"available\">Conception de Positions de Module\/Zone de Widget\/Personnalis\u00e9<\/li>\n<li class=\"available\">Conception de Mod\u00e8les de Page Personnalis\u00e9s<\/li>\n<li class=\"available\">Retrait\/Modification du pr\u00e9fixe _ttr CSS<\/li>\n<li class=\"available\">Utilisation d&rsquo;Images personnalis\u00e9es dans le mod\u00e8le<\/li>\n<li class=\"available\">Angle de D\u00e9grad\u00e9 et arr\u00eats de d\u00e9grad\u00e9 sur mesure<\/li>\n<li class=\"available\">Logo personnalis\u00e9 avec Lien Hypertexte<\/li>\n<li class=\"available\">Valeurs personnalis\u00e9es, telle hauteur, largeur, etc.<\/li>\n<li class=\"available\">Marquage au niveau Element<\/li>\n<li class=\"available\">Options de retouche d&rsquo;Image suppl\u00e9mentaires<\/li>\n<\/ul>\n<\/div>\n<div class=\"purchase-table-footer\"><a class=\"btn btn-buy-now offer\" href=\"https:\/\/templatetoaster.com\/purchase-professional-edition-discounted\">Achetez maintenant<\/a><\/div>\n<\/div>\n<\/div>\n<\/div>\n<p><b>M\u00e9thodes de paiement disponibles:<\/b><br \/>\nPaypal, Cartes de cr\u00e9dit, Virement bancaire, T\u00e9l\u00e9copieur, Sofortbanking, Alipay, Carte Bleue, Giropay, Id\u00e9al, WebMoney &amp; <a href=\"https:\/\/templatetoaster.com\/support\">Beaucoup d&rsquo;autres<\/a>.<\/p>\n<p>Sur r\u00e9ception du paiement, nous vous enverrons une cl\u00e9 d&rsquo;activation. Il est n\u00e9cessaire d&rsquo;activer la version d&rsquo;essai de TemplateToaster, pouvant \u00eatre t\u00e9l\u00e9charg\u00e9e \u00e0 partir <a href=\"https:\/\/templatetoaster.com\/fr\/download\">ici<\/a>.<\/p>\n<p>Nous offrons des essais compl\u00e8ts du produit et n&rsquo;offrons pas de remboursements, merci <a href=\"https:\/\/templatetoaster.com\/fr\/download\">d&rsquo;\u00e9valuer <\/a>TemplateToaster avant d&rsquo;acheter la cl\u00e9 d&rsquo;activation.<\/p>\n<\/div>\n","protected":false},"excerpt":{"rendered":"<p>Achat de TemplateToaster \u00c9ditions de TemplateToaster \u00c9dition standard \u00c9dition Professionnelle Prix $49Achetez maintenant $149$99Achetez maintenant Supporte la conception de th\u00e8mes et mod\u00e8les WordPress, Joomla, Magento, Drupal, PrestaShop, VirtueMart, WooCommerce, OpenCart, Blogger (BlogSpot) et Sites Web HTML Mises \u00e0 jour gratuites &hellip; <a href=\"https:\/\/templatetoaster.com\/fr\/purchase\">Continue Reading<span class=\"meta-nav\">&rarr;<\/span><\/a><\/p>\n","protected":false},"author":1,"featured_media":0,"parent":0,"menu_order":0,"comment_status":"closed","ping_status":"closed","template":"PageTemplate1.php","meta":{"footnotes":""},"yoast_head":"<!-- This site is optimized with the Yoast SEO plugin v23.5 - https:\/\/yoast.com\/wordpress\/plugins\/seo\/ -->\n<title>Achat - TemplateToaster<\/title>\n<meta name=\"description\" content=\"&quot;N&#039;h\u00e9sitez pas \u00e0 acheter votre licence depuis cette page. Nous acceptons Paypal, toutes les principales cartes de cr\u00e9dit et beaucoup d&#039;autres moyens de paiement.\" \/>\n<meta name=\"robots\" content=\"index, follow, max-snippet:-1, max-image-preview:large, max-video-preview:-1\" \/>\n<link rel=\"canonical\" href=\"https:\/\/templatetoaster.com\/fr\/purchase\" \/>\n<meta property=\"og:locale\" content=\"fr_FR\" \/>\n<meta property=\"og:type\" content=\"article\" \/>\n<meta property=\"og:title\" content=\"Achat - TemplateToaster\" \/>\n<meta property=\"og:description\" content=\"&quot;N&#039;h\u00e9sitez pas \u00e0 acheter votre licence depuis cette page. Nous acceptons Paypal, toutes les principales cartes de cr\u00e9dit et beaucoup d&#039;autres moyens de paiement.\" \/>\n<meta property=\"og:url\" content=\"https:\/\/templatetoaster.com\/fr\/purchase\" \/>\n<meta property=\"og:site_name\" content=\"TemplateToaster\" \/>\n<meta property=\"article:publisher\" content=\"https:\/\/www.facebook.com\/TemplateToaster\" \/>\n<meta property=\"article:modified_time\" content=\"2024-09-05T13:03:07+00:00\" \/>\n<meta property=\"og:image\" content=\"https:\/\/templatetoaster.com\/wp-content\/uploads\/2015\/07\/TemplateToaster-325X325.png\" \/>\n\t<meta property=\"og:image:width\" content=\"325\" \/>\n\t<meta property=\"og:image:height\" content=\"325\" \/>\n\t<meta property=\"og:image:type\" content=\"image\/png\" \/>\n<meta name=\"twitter:card\" content=\"summary_large_image\" \/>\n<meta name=\"twitter:site\" content=\"@templatetoaster\" \/>\n<meta name=\"twitter:label1\" content=\"Dur\u00e9e de lecture estim\u00e9e\" \/>\n\t<meta name=\"twitter:data1\" content=\"2 minutes\" \/>\n<script type=\"application\/ld+json\" class=\"yoast-schema-graph\">{\"@context\":\"https:\/\/schema.org\",\"@graph\":[{\"@type\":\"WebPage\",\"@id\":\"https:\/\/templatetoaster.com\/fr\/purchase\",\"url\":\"https:\/\/templatetoaster.com\/fr\/purchase\",\"name\":\"Achat - TemplateToaster\",\"isPartOf\":{\"@id\":\"https:\/\/templatetoaster.com\/#website\"},\"datePublished\":\"2018-04-04T11:10:04+00:00\",\"dateModified\":\"2024-09-05T13:03:07+00:00\",\"description\":\"\\\"N'h\u00e9sitez pas \u00e0 acheter votre licence depuis cette page. Nous acceptons Paypal, toutes les principales cartes de cr\u00e9dit et beaucoup d'autres moyens de paiement.\",\"breadcrumb\":{\"@id\":\"https:\/\/templatetoaster.com\/fr\/purchase#breadcrumb\"},\"inLanguage\":\"fr-FR\",\"potentialAction\":[{\"@type\":\"ReadAction\",\"target\":[\"https:\/\/templatetoaster.com\/fr\/purchase\"]}]},{\"@type\":\"BreadcrumbList\",\"@id\":\"https:\/\/templatetoaster.com\/fr\/purchase#breadcrumb\",\"itemListElement\":[{\"@type\":\"ListItem\",\"position\":1,\"name\":\"Home\",\"item\":\"https:\/\/templatetoaster.com\/fr\"},{\"@type\":\"ListItem\",\"position\":2,\"name\":\"Achat\"}]},{\"@type\":\"WebSite\",\"@id\":\"https:\/\/templatetoaster.com\/#website\",\"url\":\"https:\/\/templatetoaster.com\/\",\"name\":\"TemplateToaster\",\"description\":\"\",\"publisher\":{\"@id\":\"https:\/\/templatetoaster.com\/#organization\"},\"inLanguage\":\"fr-FR\"},{\"@type\":\"Organization\",\"@id\":\"https:\/\/templatetoaster.com\/#organization\",\"name\":\"TemplateToaster\",\"url\":\"https:\/\/templatetoaster.com\/\",\"logo\":{\"@type\":\"ImageObject\",\"inLanguage\":\"fr-FR\",\"@id\":\"https:\/\/templatetoaster.com\/#\/schema\/logo\/image\/\",\"url\":\"https:\/\/templatetoaster.com\/wp-content\/uploads\/2019\/11\/TemplateToaster_Logo.jpg\",\"contentUrl\":\"https:\/\/templatetoaster.com\/wp-content\/uploads\/2019\/11\/TemplateToaster_Logo.jpg\",\"width\":85,\"height\":85,\"caption\":\"TemplateToaster\"},\"image\":{\"@id\":\"https:\/\/templatetoaster.com\/#\/schema\/logo\/image\/\"},\"sameAs\":[\"https:\/\/www.facebook.com\/TemplateToaster\",\"https:\/\/x.com\/templatetoaster\",\"https:\/\/www.instagram.com\/templatetoaster\/\",\"https:\/\/www.linkedin.com\/company\/templatetoaster\/\",\"https:\/\/www.pinterest.com\/templatetoaster\/\",\"https:\/\/www.youtube.com\/@TemplateToaster\"]}]}<\/script>\n<!-- \/ Yoast SEO plugin. -->","yoast_head_json":{"title":"Achat - TemplateToaster","description":"\"N'h\u00e9sitez pas \u00e0 acheter votre licence depuis cette page. Nous acceptons Paypal, toutes les principales cartes de cr\u00e9dit et beaucoup d'autres moyens de paiement.","robots":{"index":"index","follow":"follow","max-snippet":"max-snippet:-1","max-image-preview":"max-image-preview:large","max-video-preview":"max-video-preview:-1"},"canonical":"https:\/\/templatetoaster.com\/fr\/purchase","og_locale":"fr_FR","og_type":"article","og_title":"Achat - TemplateToaster","og_description":"\"N'h\u00e9sitez pas \u00e0 acheter votre licence depuis cette page. Nous acceptons Paypal, toutes les principales cartes de cr\u00e9dit et beaucoup d'autres moyens de paiement.","og_url":"https:\/\/templatetoaster.com\/fr\/purchase","og_site_name":"TemplateToaster","article_publisher":"https:\/\/www.facebook.com\/TemplateToaster","article_modified_time":"2024-09-05T13:03:07+00:00","og_image":[{"width":325,"height":325,"url":"https:\/\/templatetoaster.com\/wp-content\/uploads\/2015\/07\/TemplateToaster-325X325.png","type":"image\/png"}],"twitter_card":"summary_large_image","twitter_site":"@templatetoaster","twitter_misc":{"Dur\u00e9e de lecture estim\u00e9e":"2 minutes"},"schema":{"@context":"https:\/\/schema.org","@graph":[{"@type":"WebPage","@id":"https:\/\/templatetoaster.com\/fr\/purchase","url":"https:\/\/templatetoaster.com\/fr\/purchase","name":"Achat - TemplateToaster","isPartOf":{"@id":"https:\/\/templatetoaster.com\/#website"},"datePublished":"2018-04-04T11:10:04+00:00","dateModified":"2024-09-05T13:03:07+00:00","description":"\"N'h\u00e9sitez pas \u00e0 acheter votre licence depuis cette page. Nous acceptons Paypal, toutes les principales cartes de cr\u00e9dit et beaucoup d'autres moyens de paiement.","breadcrumb":{"@id":"https:\/\/templatetoaster.com\/fr\/purchase#breadcrumb"},"inLanguage":"fr-FR","potentialAction":[{"@type":"ReadAction","target":["https:\/\/templatetoaster.com\/fr\/purchase"]}]},{"@type":"BreadcrumbList","@id":"https:\/\/templatetoaster.com\/fr\/purchase#breadcrumb","itemListElement":[{"@type":"ListItem","position":1,"name":"Home","item":"https:\/\/templatetoaster.com\/fr"},{"@type":"ListItem","position":2,"name":"Achat"}]},{"@type":"WebSite","@id":"https:\/\/templatetoaster.com\/#website","url":"https:\/\/templatetoaster.com\/","name":"TemplateToaster","description":"","publisher":{"@id":"https:\/\/templatetoaster.com\/#organization"},"inLanguage":"fr-FR"},{"@type":"Organization","@id":"https:\/\/templatetoaster.com\/#organization","name":"TemplateToaster","url":"https:\/\/templatetoaster.com\/","logo":{"@type":"ImageObject","inLanguage":"fr-FR","@id":"https:\/\/templatetoaster.com\/#\/schema\/logo\/image\/","url":"https:\/\/templatetoaster.com\/wp-content\/uploads\/2019\/11\/TemplateToaster_Logo.jpg","contentUrl":"https:\/\/templatetoaster.com\/wp-content\/uploads\/2019\/11\/TemplateToaster_Logo.jpg","width":85,"height":85,"caption":"TemplateToaster"},"image":{"@id":"https:\/\/templatetoaster.com\/#\/schema\/logo\/image\/"},"sameAs":["https:\/\/www.facebook.com\/TemplateToaster","https:\/\/x.com\/templatetoaster","https:\/\/www.instagram.com\/templatetoaster\/","https:\/\/www.linkedin.com\/company\/templatetoaster\/","https:\/\/www.pinterest.com\/templatetoaster\/","https:\/\/www.youtube.com\/@TemplateToaster"]}]}},"_links":{"self":[{"href":"https:\/\/templatetoaster.com\/fr\/wp-json\/wp\/v2\/pages\/3539"}],"collection":[{"href":"https:\/\/templatetoaster.com\/fr\/wp-json\/wp\/v2\/pages"}],"about":[{"href":"https:\/\/templatetoaster.com\/fr\/wp-json\/wp\/v2\/types\/page"}],"author":[{"embeddable":true,"href":"https:\/\/templatetoaster.com\/fr\/wp-json\/wp\/v2\/users\/1"}],"replies":[{"embeddable":true,"href":"https:\/\/templatetoaster.com\/fr\/wp-json\/wp\/v2\/comments?post=3539"}],"version-history":[{"count":7,"href":"https:\/\/templatetoaster.com\/fr\/wp-json\/wp\/v2\/pages\/3539\/revisions"}],"predecessor-version":[{"id":233488,"href":"https:\/\/templatetoaster.com\/fr\/wp-json\/wp\/v2\/pages\/3539\/revisions\/233488"}],"wp:attachment":[{"href":"https:\/\/templatetoaster.com\/fr\/wp-json\/wp\/v2\/media?parent=3539"}],"curies":[{"name":"wp","href":"https:\/\/api.w.org\/{rel}","templated":true}]}}