{"id":3537,"date":"2018-04-04T11:02:50","date_gmt":"2018-04-04T11:02:50","guid":{"rendered":"http:\/\/templatetoaster.com?page_id=3537"},"modified":"2019-09-18T11:47:17","modified_gmt":"2019-09-18T11:47:17","slug":"documentation","status":"publish","type":"page","link":"https:\/\/templatetoaster.com\/fr\/documentation","title":{"rendered":"Documentation"},"content":{"rendered":"<div class=\"documentation-main row\">\n<div class=\"documentation-tt row first-child\">\n<h1>Documentation TemplateToaster<\/h1>\n<\/div>\n<div class=\"documentation-tt row last-child\">\n<div class=\"feature_container\">\n<div class=\"col-md-12 col-sm-12 col-xs-12\">\n<div class=\"basic-documentation\">\n<div class=\"basic\" style=\"margin: 5px 0px;\">\n<div class=\"documentation-ui\">\n<div class=\"basic-step\">\n<div class=\"col-md-3 col-sm-3 col-xs-12\">\n<div class=\"documentation-sprite explained\" style=\"height: 52px;\twidth: 52px;\"><\/div>\n<\/p>\n<p class=\"text-center\"><a href=\"https:\/\/kb.templatetoaster.com\/\">Interface Utilisateur de TemplateToaster Expliqu\u00e9e en ligne<\/a><\/p>\n<\/div>\n<div class=\"clearfix visible-xs-block\"><\/div>\n<div class=\"col-md-3 col-sm-3 col-xs-12\">\n<div class=\"documentation-sprite documentation\" style=\"height: 52px; width: 52px;\"><\/div>\n<\/p>\n<p class=\"text-center\"><a href=\"https:\/\/templatetoaster.com\/downloads\/Documentation.pdf\">Manuel Utilisateur de TemplateToaster PDF <\/a><\/p>\n<\/div>\n<div class=\"clearfix visible-xs-block\"><\/div>\n<div class=\"col-md-3 col-sm-3 col-xs-12\">\n<div class=\"documentation-sprite demo-video\" style=\"height: 52px;\twidth: 52px;\"><\/div>\n<\/p>\n<p class=\"text-center\"><a href=\"https:\/\/templatetoaster.com\/fr\/demo\">Vid\u00e9os de Demonstration, Tutoriels<\/a><\/p>\n<\/div>\n<div class=\"clearfix visible-xs-block\"><\/div>\n<div class=\"col-md-3 col-sm-3 col-xs-12\">\n<div class=\"documentation-sprite screenshots\" style=\"height: 52px;\twidth: 52px;\"><\/div>\n<\/p>\n<p class=\"text-center\"><a href=\"https:\/\/templatetoaster.com\/fr\/screenshots\">Copies d\u2019\u00e9crans de l\u2019interface Utilisateur de TemplateToaster<\/a><\/p>\n<\/div>\n<div class=\"clearfix visible-lg-block visible-md-block visible-sm-block visible-xs-block\"><\/div>\n<\/div>\n<\/div>\n<\/div>\n<\/div>\n<\/div>\n<\/div>\n<\/div>\n<div class=\"documentation-tt row\">\n<div class=\"feature_container\">\n<div class=\"col-md-12 col-sm-12 col-xs-12\">\n<div class=\"basic upload_template\">\n<h2 class=\"media-heading\">Instructions de T\u00e9l\u00e9chargement, d\u2019installation et de Configuration du mod\u00e8le<\/h2>\n<ul class=\"cms-provide text-center\">\n<li><a href=\"https:\/\/templatetoaster.com\/fr\/wordpress\"><span class=\"documentation-sprite wordpress\" style=\"height: 50px;width: 55px;\"><\/span>Th\u00e8mes WordPress<\/a><\/li>\n<li><a href=\"https:\/\/templatetoaster.com\/fr\/joomla\"><span class=\"documentation-sprite joomla\" style=\"height: 50px;width: 55px;\"><\/span>Mod\u00e8les Joomla<\/a><\/li>\n<li><a href=\"https:\/\/templatetoaster.com\/fr\/drupal\"><span class=\"documentation-sprite drupal\" style=\"height: 50px;width: 55px;\"><\/span>Th\u00e8mes Drupal<\/a><\/li>\n<li><a href=\"https:\/\/templatetoaster.com\/fr\/magento\"><span class=\"documentation-sprite magento\" style=\"height: 50px;width: 55px;\"><\/span>Th\u00e8mes Magento<\/a><\/li>\n<li><a href=\"https:\/\/templatetoaster.com\/fr\/prestashop\"><span class=\"documentation-sprite prestashop\" style=\"height: 50px;width: 55px;\"><\/span>Th\u00e8mes PrestaShop<\/a><\/li>\n<li><a href=\"https:\/\/templatetoaster.com\/fr\/html_website\"><span class=\"documentation-sprite html-css\" style=\"height: 50px;width: 55px;\"><\/span>Sites Web HTML5 \/ CSS3<\/a><\/li>\n<li><a href=\"https:\/\/templatetoaster.com\/fr\/virtuemart\"><span class=\"documentation-sprite virtuemart\" style=\"height: 50px;width: 55px;\"><\/span>Th\u00e8mes VirtueMart<\/a><\/li>\n<li><a href=\"https:\/\/templatetoaster.com\/fr\/woocommerce\"><span class=\"documentation-sprite woocommerce\" style=\"height: 50px;width: 55px;\"><\/span>Th\u00e8mes WooCommerce<\/a><\/li>\n<li><a href=\"https:\/\/templatetoaster.com\/fr\/blogger\"><span class=\"documentation-sprite blogger\" style=\"height: 50px;width: 55px;\"><\/span>Mod\u00e8les Blogger<\/a><\/li>\n<li><a href=\"https:\/\/templatetoaster.com\/fr\/opencart\"><span class=\"documentation-sprite opencart\" style=\"height: 50px;width: 55px;\"><\/span>Th\u00e8mes OpenCart<\/a><\/li>\n<\/ul>\n<\/div>\n<\/div>\n<\/div>\n<\/div>\n<\/div>\n","protected":false},"excerpt":{"rendered":"<p>Documentation TemplateToaster Interface Utilisateur de TemplateToaster Expliqu\u00e9e en ligne Manuel Utilisateur de TemplateToaster PDF Vid\u00e9os de Demonstration, Tutoriels Copies d\u2019\u00e9crans de l\u2019interface Utilisateur de TemplateToaster Instructions de T\u00e9l\u00e9chargement, d\u2019installation et de Configuration du mod\u00e8le Th\u00e8mes WordPress Mod\u00e8les Joomla Th\u00e8mes Drupal &hellip; <a href=\"https:\/\/templatetoaster.com\/fr\/documentation\">Continue Reading<span class=\"meta-nav\">&rarr;<\/span><\/a><\/p>\n","protected":false},"author":1,"featured_media":0,"parent":0,"menu_order":0,"comment_status":"closed","ping_status":"closed","template":"","meta":{"footnotes":""},"yoast_head":"<!-- This site is optimized with the Yoast SEO plugin v23.5 - https:\/\/yoast.com\/wordpress\/plugins\/seo\/ -->\n<title>Documentation - TemplateToaster<\/title>\n<meta name=\"description\" content=\"Comment faire pour Exporter, T\u00e9l\u00e9charger et Installer les Mod\u00e8les, Th\u00e8mes et Sites Web export\u00e9es de TemplateToaster sur votre serveur d&#039;h\u00e9bergement Web.\" \/>\n<meta name=\"robots\" content=\"index, follow, max-snippet:-1, max-image-preview:large, max-video-preview:-1\" \/>\n<link rel=\"canonical\" href=\"https:\/\/templatetoaster.com\/fr\/documentation\" \/>\n<meta property=\"og:locale\" content=\"fr_FR\" \/>\n<meta property=\"og:type\" content=\"article\" \/>\n<meta property=\"og:title\" content=\"Documentation - TemplateToaster\" \/>\n<meta property=\"og:description\" content=\"Comment faire pour Exporter, T\u00e9l\u00e9charger et Installer les Mod\u00e8les, Th\u00e8mes et Sites Web export\u00e9es de TemplateToaster sur votre serveur d&#039;h\u00e9bergement Web.\" \/>\n<meta property=\"og:url\" content=\"https:\/\/templatetoaster.com\/fr\/documentation\" \/>\n<meta property=\"og:site_name\" content=\"TemplateToaster\" \/>\n<meta property=\"article:publisher\" content=\"https:\/\/www.facebook.com\/TemplateToaster\" \/>\n<meta property=\"article:modified_time\" content=\"2019-09-18T11:47:17+00:00\" \/>\n<meta property=\"og:image\" content=\"https:\/\/templatetoaster.com\/wp-content\/uploads\/2015\/07\/TemplateToaster-325X325.png\" \/>\n\t<meta property=\"og:image:width\" content=\"325\" \/>\n\t<meta property=\"og:image:height\" content=\"325\" \/>\n\t<meta property=\"og:image:type\" content=\"image\/png\" \/>\n<meta name=\"twitter:card\" content=\"summary_large_image\" \/>\n<meta name=\"twitter:site\" content=\"@templatetoaster\" \/>\n<script type=\"application\/ld+json\" class=\"yoast-schema-graph\">{\"@context\":\"https:\/\/schema.org\",\"@graph\":[{\"@type\":\"WebPage\",\"@id\":\"https:\/\/templatetoaster.com\/fr\/documentation\",\"url\":\"https:\/\/templatetoaster.com\/fr\/documentation\",\"name\":\"Documentation - TemplateToaster\",\"isPartOf\":{\"@id\":\"https:\/\/templatetoaster.com\/#website\"},\"datePublished\":\"2018-04-04T11:02:50+00:00\",\"dateModified\":\"2019-09-18T11:47:17+00:00\",\"description\":\"Comment faire pour Exporter, T\u00e9l\u00e9charger et Installer les Mod\u00e8les, Th\u00e8mes et Sites Web export\u00e9es de TemplateToaster sur votre serveur d'h\u00e9bergement Web.\",\"breadcrumb\":{\"@id\":\"https:\/\/templatetoaster.com\/fr\/documentation#breadcrumb\"},\"inLanguage\":\"fr-FR\",\"potentialAction\":[{\"@type\":\"ReadAction\",\"target\":[\"https:\/\/templatetoaster.com\/fr\/documentation\"]}]},{\"@type\":\"BreadcrumbList\",\"@id\":\"https:\/\/templatetoaster.com\/fr\/documentation#breadcrumb\",\"itemListElement\":[{\"@type\":\"ListItem\",\"position\":1,\"name\":\"Home\",\"item\":\"https:\/\/templatetoaster.com\/fr\"},{\"@type\":\"ListItem\",\"position\":2,\"name\":\"Documentation\"}]},{\"@type\":\"WebSite\",\"@id\":\"https:\/\/templatetoaster.com\/#website\",\"url\":\"https:\/\/templatetoaster.com\/\",\"name\":\"TemplateToaster\",\"description\":\"\",\"publisher\":{\"@id\":\"https:\/\/templatetoaster.com\/#organization\"},\"inLanguage\":\"fr-FR\"},{\"@type\":\"Organization\",\"@id\":\"https:\/\/templatetoaster.com\/#organization\",\"name\":\"TemplateToaster\",\"url\":\"https:\/\/templatetoaster.com\/\",\"logo\":{\"@type\":\"ImageObject\",\"inLanguage\":\"fr-FR\",\"@id\":\"https:\/\/templatetoaster.com\/#\/schema\/logo\/image\/\",\"url\":\"https:\/\/templatetoaster.com\/wp-content\/uploads\/2019\/11\/TemplateToaster_Logo.jpg\",\"contentUrl\":\"https:\/\/templatetoaster.com\/wp-content\/uploads\/2019\/11\/TemplateToaster_Logo.jpg\",\"width\":85,\"height\":85,\"caption\":\"TemplateToaster\"},\"image\":{\"@id\":\"https:\/\/templatetoaster.com\/#\/schema\/logo\/image\/\"},\"sameAs\":[\"https:\/\/www.facebook.com\/TemplateToaster\",\"https:\/\/x.com\/templatetoaster\",\"https:\/\/www.instagram.com\/templatetoaster\/\",\"https:\/\/www.linkedin.com\/company\/templatetoaster\/\",\"https:\/\/www.pinterest.com\/templatetoaster\/\",\"https:\/\/www.youtube.com\/@TemplateToaster\"]}]}<\/script>\n<!-- \/ Yoast SEO plugin. -->","yoast_head_json":{"title":"Documentation - TemplateToaster","description":"Comment faire pour Exporter, T\u00e9l\u00e9charger et Installer les Mod\u00e8les, Th\u00e8mes et Sites Web export\u00e9es de TemplateToaster sur votre serveur d'h\u00e9bergement Web.","robots":{"index":"index","follow":"follow","max-snippet":"max-snippet:-1","max-image-preview":"max-image-preview:large","max-video-preview":"max-video-preview:-1"},"canonical":"https:\/\/templatetoaster.com\/fr\/documentation","og_locale":"fr_FR","og_type":"article","og_title":"Documentation - TemplateToaster","og_description":"Comment faire pour Exporter, T\u00e9l\u00e9charger et Installer les Mod\u00e8les, Th\u00e8mes et Sites Web export\u00e9es de TemplateToaster sur votre serveur d'h\u00e9bergement Web.","og_url":"https:\/\/templatetoaster.com\/fr\/documentation","og_site_name":"TemplateToaster","article_publisher":"https:\/\/www.facebook.com\/TemplateToaster","article_modified_time":"2019-09-18T11:47:17+00:00","og_image":[{"width":325,"height":325,"url":"https:\/\/templatetoaster.com\/wp-content\/uploads\/2015\/07\/TemplateToaster-325X325.png","type":"image\/png"}],"twitter_card":"summary_large_image","twitter_site":"@templatetoaster","schema":{"@context":"https:\/\/schema.org","@graph":[{"@type":"WebPage","@id":"https:\/\/templatetoaster.com\/fr\/documentation","url":"https:\/\/templatetoaster.com\/fr\/documentation","name":"Documentation - TemplateToaster","isPartOf":{"@id":"https:\/\/templatetoaster.com\/#website"},"datePublished":"2018-04-04T11:02:50+00:00","dateModified":"2019-09-18T11:47:17+00:00","description":"Comment faire pour Exporter, T\u00e9l\u00e9charger et Installer les Mod\u00e8les, Th\u00e8mes et Sites Web export\u00e9es de TemplateToaster sur votre serveur d'h\u00e9bergement Web.","breadcrumb":{"@id":"https:\/\/templatetoaster.com\/fr\/documentation#breadcrumb"},"inLanguage":"fr-FR","potentialAction":[{"@type":"ReadAction","target":["https:\/\/templatetoaster.com\/fr\/documentation"]}]},{"@type":"BreadcrumbList","@id":"https:\/\/templatetoaster.com\/fr\/documentation#breadcrumb","itemListElement":[{"@type":"ListItem","position":1,"name":"Home","item":"https:\/\/templatetoaster.com\/fr"},{"@type":"ListItem","position":2,"name":"Documentation"}]},{"@type":"WebSite","@id":"https:\/\/templatetoaster.com\/#website","url":"https:\/\/templatetoaster.com\/","name":"TemplateToaster","description":"","publisher":{"@id":"https:\/\/templatetoaster.com\/#organization"},"inLanguage":"fr-FR"},{"@type":"Organization","@id":"https:\/\/templatetoaster.com\/#organization","name":"TemplateToaster","url":"https:\/\/templatetoaster.com\/","logo":{"@type":"ImageObject","inLanguage":"fr-FR","@id":"https:\/\/templatetoaster.com\/#\/schema\/logo\/image\/","url":"https:\/\/templatetoaster.com\/wp-content\/uploads\/2019\/11\/TemplateToaster_Logo.jpg","contentUrl":"https:\/\/templatetoaster.com\/wp-content\/uploads\/2019\/11\/TemplateToaster_Logo.jpg","width":85,"height":85,"caption":"TemplateToaster"},"image":{"@id":"https:\/\/templatetoaster.com\/#\/schema\/logo\/image\/"},"sameAs":["https:\/\/www.facebook.com\/TemplateToaster","https:\/\/x.com\/templatetoaster","https:\/\/www.instagram.com\/templatetoaster\/","https:\/\/www.linkedin.com\/company\/templatetoaster\/","https:\/\/www.pinterest.com\/templatetoaster\/","https:\/\/www.youtube.com\/@TemplateToaster"]}]}},"_links":{"self":[{"href":"https:\/\/templatetoaster.com\/fr\/wp-json\/wp\/v2\/pages\/3537"}],"collection":[{"href":"https:\/\/templatetoaster.com\/fr\/wp-json\/wp\/v2\/pages"}],"about":[{"href":"https:\/\/templatetoaster.com\/fr\/wp-json\/wp\/v2\/types\/page"}],"author":[{"embeddable":true,"href":"https:\/\/templatetoaster.com\/fr\/wp-json\/wp\/v2\/users\/1"}],"replies":[{"embeddable":true,"href":"https:\/\/templatetoaster.com\/fr\/wp-json\/wp\/v2\/comments?post=3537"}],"version-history":[{"count":5,"href":"https:\/\/templatetoaster.com\/fr\/wp-json\/wp\/v2\/pages\/3537\/revisions"}],"predecessor-version":[{"id":67141,"href":"https:\/\/templatetoaster.com\/fr\/wp-json\/wp\/v2\/pages\/3537\/revisions\/67141"}],"wp:attachment":[{"href":"https:\/\/templatetoaster.com\/fr\/wp-json\/wp\/v2\/media?parent=3537"}],"curies":[{"name":"wp","href":"https:\/\/api.w.org\/{rel}","templated":true}]}}