{"id":3534,"date":"2018-04-04T10:49:47","date_gmt":"2018-04-04T10:49:47","guid":{"rendered":"http:\/\/templatetoaster.com?page_id=3534"},"modified":"2024-07-19T09:06:46","modified_gmt":"2024-07-19T09:06:46","slug":"download","status":"publish","type":"page","link":"https:\/\/templatetoaster.com\/fr\/download","title":{"rendered":"T\u00e9l\u00e9charger"},"content":{"rendered":"<div class=\"ttr_download_section\">\n<h1 class=\"heading_border heading2\">T\u00e9l\u00e9charger TemplateToaster<\/h1>\n<p>La derni\u00e8re version de TemplateToaster est disponible sur cette page. Nous offrons des essais du produit illimit\u00e9s, vous pouvez <a style=\"text-decoration: underline;\" href=\"https:\/\/kb.templatetoaster.com\/templatetoaster-license-activation\/\" target=\"_blank\" rel=\"noopener noreferrer\">Activer TemplateToaster<\/a> \u00e0 tout moment en achetant votre cl\u00e9 d&rsquo;Activation depuis notre <a style=\"text-decoration: underline;\" href=\"https:\/\/templatetoaster.com\/fr\/purchase\" target=\"_blank\" rel=\"noopener noreferrer\">Page d&rsquo;achat<\/a>.<\/p>\n<div class=\"download_side\" style=\"text-align: center; font-size: 10px;\">\n<div class=\"download-release\">\n<p><a class=\"btn download_button\" href=\"https:\/\/templatetoaster.com\/downloads\/TemplateToaster.exe\">T\u00e9l\u00e9charger maintenant<\/a><\/p>\n<p><b>Version: 8.1.0.21130 <\/b><\/p>\n<p>Date de sortie: Mar 23, 2026<\/p>\n<p><a style=\"font-size: 14px;\" href=\"https:\/\/templatetoaster.com\/changelog\">(Journal des modifications) <\/a><\/p>\n<p>T\u00e9l\u00e9charger TemplateToaster <a style=\"font-size: 14px;\" href=\"https:\/\/d39kc01zfxgus5.cloudfront.net\/TemplateToaster_v9.exe\">v9 b\u00eata<\/a><\/p>\n<p>(<a style=\"font-size: 14px;\" href=\"https:\/\/templatetoaster.com\/templatetoaster-9\" target=\"_blank\" rel=\"noopener\">Quoi de neuf<\/a>)<\/p>\n<\/div>\n<\/div>\n<\/div>\n<div class=\"clearfix\"><\/div>\n<div class=\"ttr_download_section2 row\">\n<div class=\"ttr_download_section_content\">\n<h2 style=\"font-weight: 500;\">Configuration du syst\u00e8me requise<\/h2>\n<p>Windows XP(SP3), Vista, Windows 7, Windows 8, Windows 8.1, Windows 10 and Windows 11<\/p>\n<p>MAC gr\u00e2ce aux Machines\u00a0Virtuelles<\/p>\n<\/div>\n<\/div>\n","protected":false},"excerpt":{"rendered":"<p>T\u00e9l\u00e9charger TemplateToaster La derni\u00e8re version de TemplateToaster est disponible sur cette page. Nous offrons des essais du produit illimit\u00e9s, vous pouvez Activer TemplateToaster \u00e0 tout moment en achetant votre cl\u00e9 d&rsquo;Activation depuis notre Page d&rsquo;achat. T\u00e9l\u00e9charger maintenant Version: Date de &hellip; <a href=\"https:\/\/templatetoaster.com\/fr\/download\">Continue Reading<span class=\"meta-nav\">&rarr;<\/span><\/a><\/p>\n","protected":false},"author":1,"featured_media":0,"parent":0,"menu_order":0,"comment_status":"closed","ping_status":"closed","template":"PageTemplate1.php","meta":{"footnotes":""},"yoast_head":"<!-- This site is optimized with the Yoast SEO plugin v23.5 - https:\/\/yoast.com\/wordpress\/plugins\/seo\/ -->\n<title>T\u00e9l\u00e9charger - TemplateToaster<\/title>\n<meta name=\"description\" content=\"Vous pouvez t\u00e9l\u00e9charger la derni\u00e8re version stable de TemplateToaster partir de cette page.\" \/>\n<meta name=\"robots\" content=\"index, follow, max-snippet:-1, max-image-preview:large, max-video-preview:-1\" \/>\n<link rel=\"canonical\" href=\"https:\/\/templatetoaster.com\/fr\/download\" \/>\n<meta property=\"og:locale\" content=\"fr_FR\" \/>\n<meta property=\"og:type\" content=\"article\" \/>\n<meta property=\"og:title\" content=\"T\u00e9l\u00e9charger - TemplateToaster\" \/>\n<meta property=\"og:description\" content=\"Vous pouvez t\u00e9l\u00e9charger la derni\u00e8re version stable de TemplateToaster partir de cette page.\" \/>\n<meta property=\"og:url\" content=\"https:\/\/templatetoaster.com\/fr\/download\" \/>\n<meta property=\"og:site_name\" content=\"TemplateToaster\" \/>\n<meta property=\"article:publisher\" content=\"https:\/\/www.facebook.com\/TemplateToaster\" \/>\n<meta property=\"article:modified_time\" content=\"2024-07-19T09:06:46+00:00\" \/>\n<meta property=\"og:image\" content=\"https:\/\/templatetoaster.com\/wp-content\/uploads\/2015\/07\/TemplateToaster-325X325.png\" \/>\n\t<meta property=\"og:image:width\" content=\"325\" \/>\n\t<meta property=\"og:image:height\" content=\"325\" \/>\n\t<meta property=\"og:image:type\" content=\"image\/png\" \/>\n<meta name=\"twitter:card\" content=\"summary_large_image\" \/>\n<meta name=\"twitter:site\" content=\"@templatetoaster\" \/>\n<meta name=\"twitter:label1\" content=\"Dur\u00e9e de lecture estim\u00e9e\" \/>\n\t<meta name=\"twitter:data1\" content=\"1 minute\" \/>\n<script type=\"application\/ld+json\" class=\"yoast-schema-graph\">{\"@context\":\"https:\/\/schema.org\",\"@graph\":[{\"@type\":\"WebPage\",\"@id\":\"https:\/\/templatetoaster.com\/fr\/download\",\"url\":\"https:\/\/templatetoaster.com\/fr\/download\",\"name\":\"T\u00e9l\u00e9charger - TemplateToaster\",\"isPartOf\":{\"@id\":\"https:\/\/templatetoaster.com\/#website\"},\"datePublished\":\"2018-04-04T10:49:47+00:00\",\"dateModified\":\"2024-07-19T09:06:46+00:00\",\"description\":\"Vous pouvez t\u00e9l\u00e9charger la derni\u00e8re version stable de TemplateToaster partir de cette page.\",\"breadcrumb\":{\"@id\":\"https:\/\/templatetoaster.com\/fr\/download#breadcrumb\"},\"inLanguage\":\"fr-FR\",\"potentialAction\":[{\"@type\":\"ReadAction\",\"target\":[\"https:\/\/templatetoaster.com\/fr\/download\"]}]},{\"@type\":\"BreadcrumbList\",\"@id\":\"https:\/\/templatetoaster.com\/fr\/download#breadcrumb\",\"itemListElement\":[{\"@type\":\"ListItem\",\"position\":1,\"name\":\"Home\",\"item\":\"https:\/\/templatetoaster.com\/fr\"},{\"@type\":\"ListItem\",\"position\":2,\"name\":\"T\u00e9l\u00e9charger\"}]},{\"@type\":\"WebSite\",\"@id\":\"https:\/\/templatetoaster.com\/#website\",\"url\":\"https:\/\/templatetoaster.com\/\",\"name\":\"TemplateToaster\",\"description\":\"\",\"publisher\":{\"@id\":\"https:\/\/templatetoaster.com\/#organization\"},\"inLanguage\":\"fr-FR\"},{\"@type\":\"Organization\",\"@id\":\"https:\/\/templatetoaster.com\/#organization\",\"name\":\"TemplateToaster\",\"url\":\"https:\/\/templatetoaster.com\/\",\"logo\":{\"@type\":\"ImageObject\",\"inLanguage\":\"fr-FR\",\"@id\":\"https:\/\/templatetoaster.com\/#\/schema\/logo\/image\/\",\"url\":\"https:\/\/templatetoaster.com\/wp-content\/uploads\/2019\/11\/TemplateToaster_Logo.jpg\",\"contentUrl\":\"https:\/\/templatetoaster.com\/wp-content\/uploads\/2019\/11\/TemplateToaster_Logo.jpg\",\"width\":85,\"height\":85,\"caption\":\"TemplateToaster\"},\"image\":{\"@id\":\"https:\/\/templatetoaster.com\/#\/schema\/logo\/image\/\"},\"sameAs\":[\"https:\/\/www.facebook.com\/TemplateToaster\",\"https:\/\/x.com\/templatetoaster\",\"https:\/\/www.instagram.com\/templatetoaster\/\",\"https:\/\/www.linkedin.com\/company\/templatetoaster\/\",\"https:\/\/www.pinterest.com\/templatetoaster\/\",\"https:\/\/www.youtube.com\/@TemplateToaster\"]}]}<\/script>\n<!-- \/ Yoast SEO plugin. -->","yoast_head_json":{"title":"T\u00e9l\u00e9charger - TemplateToaster","description":"Vous pouvez t\u00e9l\u00e9charger la derni\u00e8re version stable de TemplateToaster partir de cette page.","robots":{"index":"index","follow":"follow","max-snippet":"max-snippet:-1","max-image-preview":"max-image-preview:large","max-video-preview":"max-video-preview:-1"},"canonical":"https:\/\/templatetoaster.com\/fr\/download","og_locale":"fr_FR","og_type":"article","og_title":"T\u00e9l\u00e9charger - TemplateToaster","og_description":"Vous pouvez t\u00e9l\u00e9charger la derni\u00e8re version stable de TemplateToaster partir de cette page.","og_url":"https:\/\/templatetoaster.com\/fr\/download","og_site_name":"TemplateToaster","article_publisher":"https:\/\/www.facebook.com\/TemplateToaster","article_modified_time":"2024-07-19T09:06:46+00:00","og_image":[{"width":325,"height":325,"url":"https:\/\/templatetoaster.com\/wp-content\/uploads\/2015\/07\/TemplateToaster-325X325.png","type":"image\/png"}],"twitter_card":"summary_large_image","twitter_site":"@templatetoaster","twitter_misc":{"Dur\u00e9e de lecture estim\u00e9e":"1 minute"},"schema":{"@context":"https:\/\/schema.org","@graph":[{"@type":"WebPage","@id":"https:\/\/templatetoaster.com\/fr\/download","url":"https:\/\/templatetoaster.com\/fr\/download","name":"T\u00e9l\u00e9charger - TemplateToaster","isPartOf":{"@id":"https:\/\/templatetoaster.com\/#website"},"datePublished":"2018-04-04T10:49:47+00:00","dateModified":"2024-07-19T09:06:46+00:00","description":"Vous pouvez t\u00e9l\u00e9charger la derni\u00e8re version stable de TemplateToaster partir de cette page.","breadcrumb":{"@id":"https:\/\/templatetoaster.com\/fr\/download#breadcrumb"},"inLanguage":"fr-FR","potentialAction":[{"@type":"ReadAction","target":["https:\/\/templatetoaster.com\/fr\/download"]}]},{"@type":"BreadcrumbList","@id":"https:\/\/templatetoaster.com\/fr\/download#breadcrumb","itemListElement":[{"@type":"ListItem","position":1,"name":"Home","item":"https:\/\/templatetoaster.com\/fr"},{"@type":"ListItem","position":2,"name":"T\u00e9l\u00e9charger"}]},{"@type":"WebSite","@id":"https:\/\/templatetoaster.com\/#website","url":"https:\/\/templatetoaster.com\/","name":"TemplateToaster","description":"","publisher":{"@id":"https:\/\/templatetoaster.com\/#organization"},"inLanguage":"fr-FR"},{"@type":"Organization","@id":"https:\/\/templatetoaster.com\/#organization","name":"TemplateToaster","url":"https:\/\/templatetoaster.com\/","logo":{"@type":"ImageObject","inLanguage":"fr-FR","@id":"https:\/\/templatetoaster.com\/#\/schema\/logo\/image\/","url":"https:\/\/templatetoaster.com\/wp-content\/uploads\/2019\/11\/TemplateToaster_Logo.jpg","contentUrl":"https:\/\/templatetoaster.com\/wp-content\/uploads\/2019\/11\/TemplateToaster_Logo.jpg","width":85,"height":85,"caption":"TemplateToaster"},"image":{"@id":"https:\/\/templatetoaster.com\/#\/schema\/logo\/image\/"},"sameAs":["https:\/\/www.facebook.com\/TemplateToaster","https:\/\/x.com\/templatetoaster","https:\/\/www.instagram.com\/templatetoaster\/","https:\/\/www.linkedin.com\/company\/templatetoaster\/","https:\/\/www.pinterest.com\/templatetoaster\/","https:\/\/www.youtube.com\/@TemplateToaster"]}]}},"_links":{"self":[{"href":"https:\/\/templatetoaster.com\/fr\/wp-json\/wp\/v2\/pages\/3534"}],"collection":[{"href":"https:\/\/templatetoaster.com\/fr\/wp-json\/wp\/v2\/pages"}],"about":[{"href":"https:\/\/templatetoaster.com\/fr\/wp-json\/wp\/v2\/types\/page"}],"author":[{"embeddable":true,"href":"https:\/\/templatetoaster.com\/fr\/wp-json\/wp\/v2\/users\/1"}],"replies":[{"embeddable":true,"href":"https:\/\/templatetoaster.com\/fr\/wp-json\/wp\/v2\/comments?post=3534"}],"version-history":[{"count":9,"href":"https:\/\/templatetoaster.com\/fr\/wp-json\/wp\/v2\/pages\/3534\/revisions"}],"predecessor-version":[{"id":233410,"href":"https:\/\/templatetoaster.com\/fr\/wp-json\/wp\/v2\/pages\/3534\/revisions\/233410"}],"wp:attachment":[{"href":"https:\/\/templatetoaster.com\/fr\/wp-json\/wp\/v2\/media?parent=3534"}],"curies":[{"name":"wp","href":"https:\/\/api.w.org\/{rel}","templated":true}]}}