{"id":4597,"date":"2018-04-14T10:41:45","date_gmt":"2018-04-14T10:41:45","guid":{"rendered":"http:\/\/templatetoaster.com?page_id=4597"},"modified":"2019-08-27T07:02:26","modified_gmt":"2019-08-27T07:02:26","slug":"woocommerce-theme-builder","status":"publish","type":"page","link":"https:\/\/templatetoaster.com\/fi\/woocommerce-theme-builder","title":{"rendered":"WooCommerce teeman suunnitteluohjelmisto"},"content":{"rendered":"<div class=\"section1 wp-theme-generator\">\n<div style=\"margin: 115px 0 16px;\">\n<h1>WooCommerce teema rakentaja, joka venyy<\/h1>\n<p class=\"text-center\">Suunnittele teema, jotka antavat uuden syk\u00e4yksen sivustoosi. Myy kauniissa WooCommerce kaupassa!<\/p>\n<div style=\"text-align: center;\"><a class=\"btn download_btn\" href=\"https:\/\/templatetoaster.com\/fi\/download\">Lataa nyt<\/a><\/div>\n<div class=\"clearfix\"><\/div>\n<\/div>\n<\/div>\n<p><!--- What is TemplateToaster Section --><\/p>\n<div class=\"section2 wp-theme-generator\">\n<div class=\"section2-inner\">\n<h2>Miksi k\u00e4ytt\u00e4\u00e4 TemplateToasteria WooCommercen teeman suunnitteluty\u00f6kaluna?<\/h2>\n<p>Saat t\u00e4yden hallinnan verkkokauppaan ilman koodaus vaatimuksia. Suunnittele teemoja helpolla asettelulla ja tyyli vaihtoehdoilla. Ved\u00e4 &amp; pudota elementtej\u00e4 kuten haluat! Pid\u00e4 ne mitk\u00e4 n\u00e4ytt\u00e4v\u00e4t upeilta.<\/p>\n<\/div>\n<\/div>\n<p><!--- section 3 starts --><\/p>\n<div class=\"section3 wp-theme-generator\">\n<div class=\"section3-inner\">\n<h2>Miten se toimii?<\/h2>\n<div class=\"row\">\n<div class=\"col-lg-4 col-md-4 col-sm-6 col-xs-12\">\n<div class=\"media\">\n<div class=\"landing_page_svg download\"><\/div>\n<h3 class=\"text-center\">Pikaopas helppoon suunnitteluun<\/h3>\n<p class=\"text-center\">Asenna TemplateToaster lataamisen j\u00e4lkeen. Ala suunnitella ja saat k\u00e4ytt\u00f6\u00f6si kaikki toiminnallisuudet vapaalla rajoittamatttomalla Kokeilumahdollisuudella. Mit\u00e4 odotat?<\/p>\n<\/div>\n<\/div>\n<div class=\"clearfix visible-xs-block\"><\/div>\n<div class=\"col-lg-4 col-md-4 col-sm-6 col-xs-12\">\n<div class=\"media\">\n<div class=\"landing_page_svg build-wp-theme\"><\/div>\n<h3 class=\"text-center\">Helppo k\u00e4ytt\u00f6liittym\u00e4suunnittelu &#8211; kuin ammattilainen minuuteissa!<\/h3>\n<p class=\"text-center\">Valitse malli sadoista valmiiksi suunnitelluista malleista tai aloita alusta! ved\u00e4t &amp; pudota lis\u00e4\u00e4 tyylej\u00e4 suunitellaksesi WooCommerce teeman!<\/p>\n<\/div>\n<\/div>\n<div class=\"clearfix visible-sm-block visible-xs-block\"><\/div>\n<div class=\"col-lg-4 col-md-4 col-sm-6 col-xs-12\">\n<div class=\"media\">\n<div class=\"landing_page_svg export-upload\"><\/div>\n<h3 class=\"text-center\">Asenna salamannopeasti Teema muutamalla klikkauksella!<\/h3>\n<p class=\"text-center\">Kun olet muokannut kaikkien mukautettuja tyylien yms. L\u00e4het\u00e4 vain WooCommerce teema muutamalla klikkauksella. N\u00e4\u00e4t kun sivusto saavuttaa seuraava tason!<\/p>\n<\/div>\n<\/div>\n<div class=\"clearfix visible-lg-block visible-md-block visible-sm-block visible-xs-block\"><\/div>\n<\/div>\n<\/div>\n<\/div>\n<div class=\"video-section wp-theme-generator\">\n<div class=\"container\">\n<h2 style=\"text-transform: none;\">WooCommerce Theme Builderin esittely<\/h2>\n<div class=\"youtube-video-place embed-responsive embed-responsive-4by3 \" data-yt-url=\"https:\/\/www.youtube.com\/embed\/wiikegBEAgU?rel=0&amp;showinfo=0&amp;autoplay=1\">\n<p><img loading=\"lazy\" decoding=\"async\" class=\"alignnone size-full wp-image-65578\" src=\"https:\/\/templatetoaster.com\/wp-content\/uploads\/2019\/08\/WooCommerce-Theme-Builderin-esittely.jpg\" alt=\"WooCommerce Theme Builderin esittely\" width=\"1366\" height=\"728\" srcset=\"https:\/\/templatetoaster.com\/wp-content\/uploads\/2019\/08\/WooCommerce-Theme-Builderin-esittely.jpg 1366w, https:\/\/templatetoaster.com\/wp-content\/uploads\/2019\/08\/WooCommerce-Theme-Builderin-esittely-1000x533.jpg 1000w, https:\/\/templatetoaster.com\/wp-content\/uploads\/2019\/08\/WooCommerce-Theme-Builderin-esittely-300x160.jpg 300w, https:\/\/templatetoaster.com\/wp-content\/uploads\/2019\/08\/WooCommerce-Theme-Builderin-esittely-768x409.jpg 768w, https:\/\/templatetoaster.com\/wp-content\/uploads\/2019\/08\/WooCommerce-Theme-Builderin-esittely-1024x546.jpg 1024w\" sizes=\"(max-width: 1366px) 100vw, 1366px\" \/><\/p>\n<div class=\"play-youtube-video\">\n<div class=\"landing_page_svg\"><\/div>\n<\/div>\n<\/div>\n<\/div>\n<\/div>\n<div class=\"section4 wp-theme-generator\">\n<h2>TemplateToasterin ominaisuudet kuin WooCommerce teeman tekij\u00e4n\u00e4<\/h2>\n<p class=\"section4-paragraph\">Pakattu t\u00e4yteen hienoja ominaisuuksia \u4e00 Rakenna teemoja k\u00e4ytt\u00e4m\u00e4ll\u00e4 TemplateToaster ohjelmistoa!<\/p>\n<div class=\"row\">\n<div class=\"col-lg-4 col-md-4 col-sm-6 col-sx-12\">\n<div style=\"padding: 20px;\">\n<div class=\"text-center\">\n<div class=\"wp_feature landing_page_svg woocommerce-compatibility\"><\/div>\n<\/div>\n<h3 style=\"margin: 20px 0px 10px; text-align: center;\">versio Yhteensopivuus<\/h3>\n<p class=\"text-center\">TemplateToaster on yhteensopiva uusimman WordPress ja WooCommerce ohjelmiston kanssa. Teemojen rakentaminen WooCommerce teema suunnittelija ohjelmiston kanssa on paitsi visuaalisesti virheet\u00f6t\u00e4 ja my\u00f6s saumattomasti yhteensopivia n\u00e4iden versioiden kanssa. Me pysymme mukana pelin nopeissa muutoksissa!<\/p>\n<\/div>\n<\/div>\n<div class=\"clearfix visible-xs-block\"><\/div>\n<div class=\"col-lg-4 col-md-4 col-sm-6 col-sx-12\">\n<div style=\"padding: 20px;\">\n<div class=\"text-center\">\n<div class=\"wp_feature landing_page_svg custom-visual-editor\"><\/div>\n<\/div>\n<h3 style=\"margin: 20px 0 10px; text-align: center;\">Sivurakentaja<\/h3>\n<p class=\"text-center\">Kehittynyt visuaalinen sivun rakentaja TemplateToaster tekee helpoksi lis\u00e4t\u00e4 reagoiva taulukoita, rivej\u00e4, pylv\u00e4it\u00e4, jne. suoraan viestiisi tai sivun sis\u00e4lt\u00f6\u00f6n. T\u00e4m\u00e4 poistaa tarpeen ylim\u00e4\u00e4r\u00e4isille suunnittelu liit\u00e4nn\u00e4isi\u00e4 WooCommerce teeman suunnittelussa!<\/p>\n<\/div>\n<\/div>\n<div class=\"clearfix visible-sm-block visible-xs-block\"><\/div>\n<div class=\"col-md-4 col-sm-6 col-sx-12\">\n<div style=\"padding: 20px;\">\n<div class=\"text-center\">\n<div class=\"wp_feature landing_page_svg header-options\"><\/div>\n<\/div>\n<h3 style=\"margin: 20px 0 10px; text-align: center;\">Yl\u00e4tunniste vaihtoehdot<\/h3>\n<p class=\"text-center\">Teeman rakentajan mukana tulee paljon l\u00e4tunniste vaihtoehtoja suunnitella teema, joka on kutsuva. Valitse 10 esivaihtoehdosta l\u00e4tunnisteeksi, lis\u00e4\u00e4 etualalla video, logo, sosiaalinen kuvakkeet, tekstuurit, tehosteet,varjo jne. ja paljon muuta! l\u00e4tunnisteen paikka voi olla valikon alla tai p\u00e4\u00e4ll\u00e4 tai valikko voi olla l\u00e4tunnisteessa.<\/p>\n<\/div>\n<\/div>\n<div class=\"clearfix visible-lg-block visible-md-block visible-xs-block\"><\/div>\n<div class=\"col-md-4 col-sm-6 col-sx-12\">\n<div style=\"padding: 20px;\">\n<div class=\"text-center\">\n<div class=\"wp_feature landing_page_svg product-page-styling\"><\/div>\n<\/div>\n<h3 style=\"margin: 20px 0 10px; text-align: center;\">Tuote-sivun muotoilu<\/h3>\n<p class=\"text-center\">Boostaa tuotesivun ulkoasua WooCommerce myym\u00e4l\u00e4ss\u00e4 lis\u00e4\u00e4m\u00e4ll\u00e4 ripauksen tyyli\u00e4. Muokkaa fontin tyyli ja fontin tyyppi Tuotteen nimi, kuvaukset Tab, erittelyt Tab, arvostelut Tab, Lis\u00e4\u00e4 koriin Button, lis\u00e4\u00e4m\u00e4ll\u00e4 raja pikkukuviin jne.<\/p>\n<\/div>\n<\/div>\n<div class=\"clearfix visible-sm-block visible-xs-block\"><\/div>\n<div class=\"col-md-4 col-sm-6 col-sx-12\">\n<div style=\"padding: 20px;\">\n<div class=\"text-center\">\n<div class=\"wp_feature landing_page_svg multiple-product-styling\"><\/div>\n<\/div>\n<h3 style=\"margin: 20px 0 10px; text-align: center;\">Useiden ruotteiden ruudukko muotoilu<\/h3>\n<p class=\"text-center\">Muotoilemalla teemoja t\u00e4ll\u00e4 ohjelmalla, jonka avulla voit lis\u00e4t\u00e4 omia tyylej\u00e4 monen tuotteen ruudukko- ja lista-n\u00e4kym\u00e4\u00e4n sivulle. Valitsemalla erilaisista kirjasimen v\u00e4rist\u00e4 &amp; tyypeist\u00e4, taustan v\u00e4reist\u00e4 ja n\u00e4in pirist\u00e4\u00e4 sivuja.<\/p>\n<\/div>\n<\/div>\n<div class=\"clearfix visible-xs-block\"><\/div>\n<div class=\"col-md-4 col-sm-6 col-sx-12\">\n<div style=\"padding: 20px;\">\n<div class=\"text-center\">\n<div class=\"wp_feature landing_page_svg checkout-pages\"><\/div>\n<\/div>\n<h3 style=\"margin: 20px 0 10px; text-align: center;\">Kassasivu<\/h3>\n<p class=\"text-center\">Pirist\u00e4 kassasivua WooCommerce kaupassasi teet tehokkaimman vaikutuksen ostajalle ennen kuin h\u00e4n poistuu sivustoltasi! Lis\u00e4\u00e4 mukautettuja tyylej\u00e4 t\u00e4lle sivulle muokkaamalla taustav\u00e4ri\u00e4, fonttityyllej\u00e4, fonttityyppej\u00e4 yms. kuten haluat!<\/p>\n<\/div>\n<\/div>\n<div class=\"clearfix visible-lg-block visible-md-block visible-sm-block visible-xs-block\"><\/div>\n<\/div>\n<\/div>\n<p><!--Section Features with WP--><\/p>\n<div class=\"section5 wp-theme-generator\" style=\"padding: 70px 10px; margin-bottom: 2px;\">\n<div style=\"margin: 40px 0px 20px;\">\n<h2 style=\"margin-bottom: 65px;\">Huippu ominaisuudet TemplateToasterissa<\/h2>\n<div class=\"feature_with_wp row\">\n<div class=\"col-lg-4 col-md-4 col-sm-4 col-xs-6\">\n<div class=\"feature_wpimg\"><img decoding=\"async\" class=\"img-responsive\" src=\"https:\/\/templatetoaster.com\/wp-content\/uploads\/2017\/04\/multiple-language.png\" alt=\"Useiden kielien tuki\" \/><\/div>\n<\/div>\n<div class=\"col-lg-4 col-md-4 col-sm-4 col-xs-6\">\n<div class=\"feature_wpimg\"><img decoding=\"async\" class=\"img-responsive\" src=\"https:\/\/templatetoaster.com\/wp-content\/uploads\/2017\/04\/mobile-optimization.png\" alt=\"mobiilioptimointi\" \/><\/div>\n<\/div>\n<div class=\"clearfix visible-xs-block\"><\/div>\n<div class=\"col-lg-4 col-md-4 col-sm-4 col-xs-6\">\n<div class=\"feature_wpimg\"><img decoding=\"async\" class=\"img-responsive\" src=\"https:\/\/templatetoaster.com\/wp-content\/uploads\/2017\/04\/drag-drop.png\" alt=\"Raahaa ja pudota\" \/><\/div>\n<\/div>\n<div class=\"clearfix visible-lg-block visible-md-block visible-sm-block\"><\/div>\n<div class=\"col-lg-4 col-md-4 col-sm-4 col-xs-6\">\n<div class=\"feature_wpimg\"><img decoding=\"async\" class=\"img-responsive\" src=\"https:\/\/templatetoaster.com\/wp-content\/uploads\/2017\/04\/demo-templats.png\" alt=\"demo teemat\" \/><\/div>\n<\/div>\n<div class=\"clearfix visible-xs-block\"><\/div>\n<div class=\"col-lg-4 col-md-4 col-sm-4 col-xs-6\">\n<div class=\"feature_wpimg\"><img decoding=\"async\" class=\"img-responsive\" src=\"https:\/\/templatetoaster.com\/wp-content\/uploads\/2017\/04\/mega-menu.png\" alt=\"Mega Valikko\" \/><\/div>\n<\/div>\n<div class=\"col-lg-4 col-md-4 col-sm-4 col-xs-6\">\n<div class=\"feature_wpimg\"><img decoding=\"async\" class=\"img-responsive\" src=\"https:\/\/templatetoaster.com\/wp-content\/uploads\/2017\/04\/right-to-left.png\" alt=\"Oikealta vasemmalle\" \/><\/div>\n<\/div>\n<div class=\"clearfix visible-lg-block visible-md-block visible-sm-block visible-xs-block\"><\/div>\n<div class=\"col-lg-4 col-md-4 col-sm-4 col-xs-6\">\n<div class=\"feature_wpimg\"><img decoding=\"async\" class=\"img-responsive\" src=\"https:\/\/templatetoaster.com\/wp-content\/uploads\/2017\/04\/amazing-slideshow.png\" alt=\"Amazing diaesitys\" \/><\/div>\n<\/div>\n<div class=\"col-lg-4 col-md-4 col-sm-4 col-xs-6\">\n<div class=\"feature_wpimg\"><img decoding=\"async\" class=\"img-responsive\" src=\"https:\/\/templatetoaster.com\/wp-content\/uploads\/2017\/04\/zero-coding.png\" alt=\"nolla koodaus\" \/><\/div>\n<\/div>\n<div class=\"clearfix visible-xs-block\"><\/div>\n<div class=\"col-lg-4 col-md-4 col-sm-4 col-xs-6\">\n<div class=\"feature_wpimg\"><img decoding=\"async\" class=\"img-responsive\" src=\"https:\/\/templatetoaster.com\/wp-content\/uploads\/2017\/04\/custom-css.png\" alt=\"Custom CSS, JS ja PHP\" \/><\/div>\n<\/div>\n<div class=\"clearfix visible-lg-block visible-md-block visible-sm-block visible-xs-block\"><\/div>\n<\/div>\n<\/div>\n<\/div>\n<p><!--Section Gallery--><\/p>\n<div class=\"section7 wp-theme-generator\" style=\"padding: 100px 10px; background-color: #f1f4f8; margin-bottom: 2px;\">\n<h2>Meid\u00e4n standardit<\/h2>\n<div class=\"row\">\n<div class=\"col-lg-4 col-md-4 col-sm-6 col-xs-12\">\n<div style=\"padding: 20px;\">\n<div class=\"text-center\">\n<div class=\"wp_feature landing_page_svg w3c-validation\"><\/div>\n<\/div>\n<h3 style=\"margin: 20px 0px 10px; text-align: center;\">W3C validoitu teemat<\/h3>\n<p class=\"text-center\">TemplateToasterilla suunnitellut teemat ovat W3C hyv\u00e4ksyttyj\u00e4 ja noudattavat kansainv\u00e4lisi\u00e4 standardeja. T\u00e4m\u00e4 varmistaa hakukone hy\u00f6dyt ja pikselin tarkan sivusto ulkoasun!<\/p>\n<\/div>\n<\/div>\n<div class=\"clearfix visible-xs-block\"><\/div>\n<div class=\"col-lg-4 col-md-4 col-sm-6 col-xs-12\">\n<div style=\"padding: 20px;\">\n<div class=\"text-center\">\n<div class=\"wp_feature landing_page_svg theme-check-plugin-pass\"><\/div>\n<\/div>\n<h3 style=\"margin: 20px 0 10px; text-align: center;\">HTML5 &amp; CSS3 -yhteensopiva<\/h3>\n<p class=\"text-center\">TemplateToaster ohjelmisto osaa HTML5 ja CSS3 standardit mahdollistaen sinun lis\u00e4t\u00e4 multimediaelementtej\u00e4 ja paljon muuta! Suunnittele monipuolinen k\u00e4ytt\u00e4j\u00e4rikas verkkosivusto minuuteissa.<\/p>\n<\/div>\n<\/div>\n<div class=\"clearfix visible-sm-block visible-xs-block\"><\/div>\n<div class=\"col-lg-4 col-md-4 col-sm-6 col-xs-12\">\n<div style=\"padding: 20px;\">\n<div class=\"text-center\">\n<div class=\"wp_feature landing_page_svg page-speed\"><\/div>\n<\/div>\n<h3 style=\"margin: 20px 0 10px; text-align: center;\">Eritt\u00e4in nopea verkkosivut<\/h3>\n<p class=\"text-center\">TemplateToaster teemat latautuvat todella nopeasti , ne tuovat lis\u00e4\u00e4 k\u00e4vij\u00f6it\u00e4 ja konvertoivat!<\/p>\n<\/div>\n<\/div>\n<div class=\"clearfix visible-lg-block visible-md-block visible-xs-block\"><\/div>\n<\/div>\n<\/div>\n<p><!--- section 6 starts --><\/p>\n<div class=\"section6 wp-theme-generator\" style=\"padding: 50px 10px;\">\n<div style=\"margin: 70px 0px 20px;\">\n<h2>Tukee kaikkia t\u00e4rkeimpi\u00e4 CMSes<\/h2>\n<div class=\"section-center\" style=\"padding-bottom: 50px;\">\n<div class=\"main-cms-section\">\n<div class=\"cms-section\">\n<div class=\"text-center\">\n<div class=\"wp_feature landing_page_svg wordpress\"><\/div>\n<\/div>\n<\/div>\n<div class=\"cms-section\">\n<div class=\"text-center\">\n<div class=\"wp_feature landing_page_svg woocommerce\"><\/div>\n<\/div>\n<\/div>\n<\/div>\n<div class=\"other-cms-section\">\n<div class=\"cms-section\">\n<div class=\"text-center\">\n<div class=\"wp_feature landing_page_svg joomla\"><\/div>\n<\/div>\n<\/div>\n<div class=\"cms-section\">\n<div class=\"text-center\">\n<div class=\"wp_feature landing_page_svg drupal\"><\/div>\n<\/div>\n<\/div>\n<div class=\"cms-section\">\n<div class=\"text-center\">\n<div class=\"wp_feature landing_page_svg blogger\"><\/div>\n<\/div>\n<\/div>\n<div class=\"cms-section\">\n<div class=\"text-center\">\n<div class=\"wp_feature landing_page_svg magento\"><\/div>\n<\/div>\n<\/div>\n<div class=\"cms-section\">\n<div class=\"text-center\">\n<div class=\"wp_feature landing_page_svg prestashop\"><\/div>\n<\/div>\n<\/div>\n<div class=\"cms-section\">\n<div class=\"text-center\">\n<div class=\"wp_feature landing_page_svg opencart\"><\/div>\n<\/div>\n<\/div>\n<div class=\"cms-section\">\n<div class=\"text-center\">\n<div class=\"wp_feature landing_page_svg virtuemart\"><\/div>\n<\/div>\n<\/div>\n<div class=\"cms-section\">\n<div class=\"text-center\">\n<div class=\"wp_feature landing_page_svg html\"><\/div>\n<\/div>\n<\/div>\n<\/div>\n<\/div>\n<div style=\"text-align: center; margin-top: 30px;\"><a class=\"btn download_btn\" href=\"https:\/\/templatetoaster.com\/fi\/download\">Lataa nyt<\/a><\/div>\n<\/div>\n<\/div>\n","protected":false},"excerpt":{"rendered":"<p>WooCommerce teema rakentaja, joka venyy Suunnittele teema, jotka antavat uuden syk\u00e4yksen sivustoosi. Myy kauniissa WooCommerce kaupassa! Lataa nyt Miksi k\u00e4ytt\u00e4\u00e4 TemplateToasteria WooCommercen teeman suunnitteluty\u00f6kaluna? Saat t\u00e4yden hallinnan verkkokauppaan ilman koodaus vaatimuksia. Suunnittele teemoja helpolla asettelulla ja tyyli vaihtoehdoilla. Ved\u00e4 &amp; &hellip; <a href=\"https:\/\/templatetoaster.com\/fi\/woocommerce-theme-builder\">Continue Reading<span class=\"meta-nav\">&rarr;<\/span><\/a><\/p>\n","protected":false},"author":1,"featured_media":0,"parent":0,"menu_order":0,"comment_status":"closed","ping_status":"closed","template":"","meta":{"footnotes":""},"yoast_head":"<!-- This site is optimized with the Yoast SEO plugin v23.5 - https:\/\/yoast.com\/wordpress\/plugins\/seo\/ -->\n<title>WooCommerce teeman rakentajalla suunnittelet huipputeemoja<\/title>\n<meta name=\"description\" content=\"Rakenna huipputeemoja TemplateToasterilla - Woocommerce teeman rakentajalla sinun ei tarvitse koodata. Voit tehd\u00e4 ammattimaista j\u00e4lke\u00e4 minuuteissa.\" \/>\n<meta name=\"robots\" content=\"index, follow, max-snippet:-1, max-image-preview:large, max-video-preview:-1\" \/>\n<link rel=\"canonical\" href=\"https:\/\/templatetoaster.com\/fi\/woocommerce-theme-builder\" \/>\n<meta property=\"og:locale\" content=\"fi_FI\" \/>\n<meta property=\"og:type\" content=\"article\" \/>\n<meta property=\"og:title\" content=\"WooCommerce teeman rakentajalla suunnittelet huipputeemoja\" \/>\n<meta property=\"og:description\" content=\"Rakenna huipputeemoja TemplateToasterilla - Woocommerce teeman rakentajalla sinun ei tarvitse koodata. Voit tehd\u00e4 ammattimaista j\u00e4lke\u00e4 minuuteissa.\" \/>\n<meta property=\"og:url\" content=\"https:\/\/templatetoaster.com\/fi\/woocommerce-theme-builder\" \/>\n<meta property=\"og:site_name\" content=\"TemplateToaster\" \/>\n<meta property=\"article:publisher\" content=\"https:\/\/www.facebook.com\/TemplateToaster\" \/>\n<meta property=\"article:modified_time\" content=\"2019-08-27T07:02:26+00:00\" \/>\n<meta property=\"og:image\" content=\"https:\/\/templatetoaster.com\/wp-content\/uploads\/2019\/08\/WooCommerce-Theme-Builderin-esittely.jpg\" \/>\n<meta name=\"twitter:card\" content=\"summary_large_image\" \/>\n<meta name=\"twitter:site\" content=\"@templatetoaster\" \/>\n<meta name=\"twitter:label1\" content=\"Arvioitu lukuaika\" \/>\n\t<meta name=\"twitter:data1\" content=\"2 minuuttia\" \/>\n<script type=\"application\/ld+json\" class=\"yoast-schema-graph\">{\"@context\":\"https:\/\/schema.org\",\"@graph\":[{\"@type\":\"WebPage\",\"@id\":\"https:\/\/templatetoaster.com\/fi\/woocommerce-theme-builder\",\"url\":\"https:\/\/templatetoaster.com\/fi\/woocommerce-theme-builder\",\"name\":\"WooCommerce teeman rakentajalla suunnittelet huipputeemoja\",\"isPartOf\":{\"@id\":\"https:\/\/templatetoaster.com\/#website\"},\"primaryImageOfPage\":{\"@id\":\"https:\/\/templatetoaster.com\/fi\/woocommerce-theme-builder#primaryimage\"},\"image\":{\"@id\":\"https:\/\/templatetoaster.com\/fi\/woocommerce-theme-builder#primaryimage\"},\"thumbnailUrl\":\"https:\/\/templatetoaster.com\/wp-content\/uploads\/2019\/08\/WooCommerce-Theme-Builderin-esittely.jpg\",\"datePublished\":\"2018-04-14T10:41:45+00:00\",\"dateModified\":\"2019-08-27T07:02:26+00:00\",\"description\":\"Rakenna huipputeemoja TemplateToasterilla - Woocommerce teeman rakentajalla sinun ei tarvitse koodata. Voit tehd\u00e4 ammattimaista j\u00e4lke\u00e4 minuuteissa.\",\"breadcrumb\":{\"@id\":\"https:\/\/templatetoaster.com\/fi\/woocommerce-theme-builder#breadcrumb\"},\"inLanguage\":\"fi\",\"potentialAction\":[{\"@type\":\"ReadAction\",\"target\":[\"https:\/\/templatetoaster.com\/fi\/woocommerce-theme-builder\"]}]},{\"@type\":\"ImageObject\",\"inLanguage\":\"fi\",\"@id\":\"https:\/\/templatetoaster.com\/fi\/woocommerce-theme-builder#primaryimage\",\"url\":\"https:\/\/templatetoaster.com\/wp-content\/uploads\/2019\/08\/WooCommerce-Theme-Builderin-esittely.jpg\",\"contentUrl\":\"https:\/\/templatetoaster.com\/wp-content\/uploads\/2019\/08\/WooCommerce-Theme-Builderin-esittely.jpg\"},{\"@type\":\"BreadcrumbList\",\"@id\":\"https:\/\/templatetoaster.com\/fi\/woocommerce-theme-builder#breadcrumb\",\"itemListElement\":[{\"@type\":\"ListItem\",\"position\":1,\"name\":\"Home\",\"item\":\"https:\/\/templatetoaster.com\/fi\"},{\"@type\":\"ListItem\",\"position\":2,\"name\":\"WooCommerce teeman suunnitteluohjelmisto\"}]},{\"@type\":\"WebSite\",\"@id\":\"https:\/\/templatetoaster.com\/#website\",\"url\":\"https:\/\/templatetoaster.com\/\",\"name\":\"TemplateToaster\",\"description\":\"\",\"publisher\":{\"@id\":\"https:\/\/templatetoaster.com\/#organization\"},\"inLanguage\":\"fi\"},{\"@type\":\"Organization\",\"@id\":\"https:\/\/templatetoaster.com\/#organization\",\"name\":\"TemplateToaster\",\"url\":\"https:\/\/templatetoaster.com\/\",\"logo\":{\"@type\":\"ImageObject\",\"inLanguage\":\"fi\",\"@id\":\"https:\/\/templatetoaster.com\/#\/schema\/logo\/image\/\",\"url\":\"https:\/\/templatetoaster.com\/wp-content\/uploads\/2019\/11\/TemplateToaster_Logo.jpg\",\"contentUrl\":\"https:\/\/templatetoaster.com\/wp-content\/uploads\/2019\/11\/TemplateToaster_Logo.jpg\",\"width\":85,\"height\":85,\"caption\":\"TemplateToaster\"},\"image\":{\"@id\":\"https:\/\/templatetoaster.com\/#\/schema\/logo\/image\/\"},\"sameAs\":[\"https:\/\/www.facebook.com\/TemplateToaster\",\"https:\/\/x.com\/templatetoaster\",\"https:\/\/www.instagram.com\/templatetoaster\/\",\"https:\/\/www.linkedin.com\/company\/templatetoaster\/\",\"https:\/\/www.pinterest.com\/templatetoaster\/\",\"https:\/\/www.youtube.com\/@TemplateToaster\"]}]}<\/script>\n<!-- \/ Yoast SEO plugin. -->","yoast_head_json":{"title":"WooCommerce teeman rakentajalla suunnittelet huipputeemoja","description":"Rakenna huipputeemoja TemplateToasterilla - Woocommerce teeman rakentajalla sinun ei tarvitse koodata. Voit tehd\u00e4 ammattimaista j\u00e4lke\u00e4 minuuteissa.","robots":{"index":"index","follow":"follow","max-snippet":"max-snippet:-1","max-image-preview":"max-image-preview:large","max-video-preview":"max-video-preview:-1"},"canonical":"https:\/\/templatetoaster.com\/fi\/woocommerce-theme-builder","og_locale":"fi_FI","og_type":"article","og_title":"WooCommerce teeman rakentajalla suunnittelet huipputeemoja","og_description":"Rakenna huipputeemoja TemplateToasterilla - Woocommerce teeman rakentajalla sinun ei tarvitse koodata. Voit tehd\u00e4 ammattimaista j\u00e4lke\u00e4 minuuteissa.","og_url":"https:\/\/templatetoaster.com\/fi\/woocommerce-theme-builder","og_site_name":"TemplateToaster","article_publisher":"https:\/\/www.facebook.com\/TemplateToaster","article_modified_time":"2019-08-27T07:02:26+00:00","og_image":[{"url":"https:\/\/templatetoaster.com\/wp-content\/uploads\/2019\/08\/WooCommerce-Theme-Builderin-esittely.jpg"}],"twitter_card":"summary_large_image","twitter_site":"@templatetoaster","twitter_misc":{"Arvioitu lukuaika":"2 minuuttia"},"schema":{"@context":"https:\/\/schema.org","@graph":[{"@type":"WebPage","@id":"https:\/\/templatetoaster.com\/fi\/woocommerce-theme-builder","url":"https:\/\/templatetoaster.com\/fi\/woocommerce-theme-builder","name":"WooCommerce teeman rakentajalla suunnittelet huipputeemoja","isPartOf":{"@id":"https:\/\/templatetoaster.com\/#website"},"primaryImageOfPage":{"@id":"https:\/\/templatetoaster.com\/fi\/woocommerce-theme-builder#primaryimage"},"image":{"@id":"https:\/\/templatetoaster.com\/fi\/woocommerce-theme-builder#primaryimage"},"thumbnailUrl":"https:\/\/templatetoaster.com\/wp-content\/uploads\/2019\/08\/WooCommerce-Theme-Builderin-esittely.jpg","datePublished":"2018-04-14T10:41:45+00:00","dateModified":"2019-08-27T07:02:26+00:00","description":"Rakenna huipputeemoja TemplateToasterilla - Woocommerce teeman rakentajalla sinun ei tarvitse koodata. Voit tehd\u00e4 ammattimaista j\u00e4lke\u00e4 minuuteissa.","breadcrumb":{"@id":"https:\/\/templatetoaster.com\/fi\/woocommerce-theme-builder#breadcrumb"},"inLanguage":"fi","potentialAction":[{"@type":"ReadAction","target":["https:\/\/templatetoaster.com\/fi\/woocommerce-theme-builder"]}]},{"@type":"ImageObject","inLanguage":"fi","@id":"https:\/\/templatetoaster.com\/fi\/woocommerce-theme-builder#primaryimage","url":"https:\/\/templatetoaster.com\/wp-content\/uploads\/2019\/08\/WooCommerce-Theme-Builderin-esittely.jpg","contentUrl":"https:\/\/templatetoaster.com\/wp-content\/uploads\/2019\/08\/WooCommerce-Theme-Builderin-esittely.jpg"},{"@type":"BreadcrumbList","@id":"https:\/\/templatetoaster.com\/fi\/woocommerce-theme-builder#breadcrumb","itemListElement":[{"@type":"ListItem","position":1,"name":"Home","item":"https:\/\/templatetoaster.com\/fi"},{"@type":"ListItem","position":2,"name":"WooCommerce teeman suunnitteluohjelmisto"}]},{"@type":"WebSite","@id":"https:\/\/templatetoaster.com\/#website","url":"https:\/\/templatetoaster.com\/","name":"TemplateToaster","description":"","publisher":{"@id":"https:\/\/templatetoaster.com\/#organization"},"inLanguage":"fi"},{"@type":"Organization","@id":"https:\/\/templatetoaster.com\/#organization","name":"TemplateToaster","url":"https:\/\/templatetoaster.com\/","logo":{"@type":"ImageObject","inLanguage":"fi","@id":"https:\/\/templatetoaster.com\/#\/schema\/logo\/image\/","url":"https:\/\/templatetoaster.com\/wp-content\/uploads\/2019\/11\/TemplateToaster_Logo.jpg","contentUrl":"https:\/\/templatetoaster.com\/wp-content\/uploads\/2019\/11\/TemplateToaster_Logo.jpg","width":85,"height":85,"caption":"TemplateToaster"},"image":{"@id":"https:\/\/templatetoaster.com\/#\/schema\/logo\/image\/"},"sameAs":["https:\/\/www.facebook.com\/TemplateToaster","https:\/\/x.com\/templatetoaster","https:\/\/www.instagram.com\/templatetoaster\/","https:\/\/www.linkedin.com\/company\/templatetoaster\/","https:\/\/www.pinterest.com\/templatetoaster\/","https:\/\/www.youtube.com\/@TemplateToaster"]}]}},"_links":{"self":[{"href":"https:\/\/templatetoaster.com\/fi\/wp-json\/wp\/v2\/pages\/4597"}],"collection":[{"href":"https:\/\/templatetoaster.com\/fi\/wp-json\/wp\/v2\/pages"}],"about":[{"href":"https:\/\/templatetoaster.com\/fi\/wp-json\/wp\/v2\/types\/page"}],"author":[{"embeddable":true,"href":"https:\/\/templatetoaster.com\/fi\/wp-json\/wp\/v2\/users\/1"}],"replies":[{"embeddable":true,"href":"https:\/\/templatetoaster.com\/fi\/wp-json\/wp\/v2\/comments?post=4597"}],"version-history":[{"count":5,"href":"https:\/\/templatetoaster.com\/fi\/wp-json\/wp\/v2\/pages\/4597\/revisions"}],"predecessor-version":[{"id":65593,"href":"https:\/\/templatetoaster.com\/fi\/wp-json\/wp\/v2\/pages\/4597\/revisions\/65593"}],"wp:attachment":[{"href":"https:\/\/templatetoaster.com\/fi\/wp-json\/wp\/v2\/media?parent=4597"}],"curies":[{"name":"wp","href":"https:\/\/api.w.org\/{rel}","templated":true}]}}