{"id":4590,"date":"2018-04-14T10:37:50","date_gmt":"2018-04-14T10:37:50","guid":{"rendered":"http:\/\/templatetoaster.com?page_id=4590"},"modified":"2019-08-10T06:21:37","modified_gmt":"2019-08-10T06:21:37","slug":"virtuemart-template-builder","status":"publish","type":"page","link":"https:\/\/templatetoaster.com\/fi\/virtuemart-template-builder","title":{"rendered":"Virtuemart-mallinnusohjelmisto"},"content":{"rendered":"<div class=\"section1 wp-theme-generator\">\n<div style=\"margin: 115px 0 16px;\">\n<h1>Huippu ohjelmisto VirtueMart teeman tekemiseen<\/h1>\n<p class=\"text-center\">Suunnittelumalleja mill\u00e4 VirtueMart kauppasi menestyy.<\/p>\n<p>&nbsp;<\/p>\n<div style=\"text-align: center;\"><a class=\"btn download_btn\" href=\"https:\/\/templatetoaster.com\/fi\/download\">Lataa nyt<\/a><\/div>\n<div class=\"clearfix\"><\/div>\n<\/div>\n<\/div>\n<p><!--- What is TemplateToaster Section --><\/p>\n<div class=\"section2 wp-theme-generator\">\n<div class=\"section2-inner\">\n<h2>Miksi k\u00e4ytt\u00e4\u00e4 TemplateToaster:ia VirtueMartin teeman tekemiseen?<\/h2>\n<p>Tehty luomaan hienoimpia malleja eritt\u00e4in kehittyneit\u00e4 ominaisuuksia, ved\u00e4 ja pudota ty\u00f6kalulla teet kuten haluat! Suunnittele ja tyylittele valmiiksi oletusvaihtoehdoilla, mukauta fontin tyylit, v\u00e4rit ja muut tuotemerkkiisi tai palveluihisi t\u00e4ydellisesti sopivasti, koska kuka tiet\u00e4\u00e4 oman tuotemerkin paremmin kuin sin\u00e4?<\/p>\n<\/div>\n<\/div>\n<p><!--- section 3 starts --><\/p>\n<div class=\"section3 wp-theme-generator\">\n<div class=\"section3-inner\">\n<h2>Miten se toimii?<\/h2>\n<div class=\"row\">\n<div class=\"col-lg-4 col-md-4 col-sm-6 col-xs-12\">\n<div class=\"media\">\n<div class=\"landing_page_svg\" style=\"background-position: 20px -690px; display: block; height: 115px; margin: auto; width: 142px;\"><\/div>\n<h3 class=\"text-center\">Katsotaan Aseta taustan<br \/>\nSuunnittelu Amazing Mallit<\/h3>\n<p class=\"text-center\">Kun olet ladannut t\u00e4m\u00e4n dynaamisen ohjelmiston, asenna se muutamassa minuutissa! Saat vapaa p\u00e4\u00e4sy kaikkiin toimintoihin kokeiluversiossa miten pitk\u00e4ksi aikaa\u00a0haluat!<\/p>\n<\/div>\n<\/div>\n<div class=\"clearfix visible-xs-block\"><\/div>\n<div class=\"col-lg-4 col-md-4 col-sm-6 col-xs-12\">\n<div class=\"media\">\n<div class=\"landing_page_svg\" style=\"background-position: -115px -690px; display: block; height: 115px; margin: auto; width: 142px;\"><\/div>\n<h3 class=\"text-center\">Valmis? Katsotaan vet\u00e4m\u00e4ll\u00e4 ja pudottamalla<br \/>\nLis\u00e4t\u00e4 mukautettuja tyylit!<\/h3>\n<p class=\"text-center\">Valitse valmiiksi suunnitelluista malleista ja aloittaa muokkaamalla niit\u00e4 heti! Toisaalta, aloittaa tyhj\u00e4st\u00e4 ja ved\u00e4 ja pudota mallilla muokata suunnitteluasi.<\/p>\n<\/div>\n<\/div>\n<div class=\"clearfix visible-sm-block visible-xs-block\"><\/div>\n<div class=\"col-lg-4 col-md-4 col-sm-6 col-xs-12\">\n<div class=\"media\">\n<div class=\"landing_page_svg\" style=\"background-position: -240px -690px; display: block; height: 115px; margin: auto; width: 142px;\"><\/div>\n<h3 class=\"text-center\">Lataa VirtueMart malli<br \/>\ntodella nopeasti!<\/h3>\n<p class=\"text-center\">On yht\u00e4 helppo l\u00e4hett\u00e4\u00e4\u00a0 teema verkkosivuilla, kuin sen suunnittelu! Katso verkkokaupan myym\u00e4l\u00e4n suuri muutos kun se on suunniteltu VirtueMartin teemalla!<\/p>\n<\/div>\n<\/div>\n<div class=\"clearfix visible-lg-block visible-md-block visible-sm-block visible-xs-block\"><\/div>\n<\/div>\n<\/div>\n<\/div>\n<div class=\"section4 wp-theme-generator\">\n<h2>Yhteisi\u00e4 piirteit\u00e4 TemplateToaster ja VirtueMart teeman rakentajassa<\/h2>\n<p class=\"section4-paragraph\">Mukana joukko ominaisuuksia mill\u00e4 suunnitella kauniita malleja omaan VirtueMart kauppaan, vilkaise mit\u00e4 t\u00e4m\u00e4 ohjelmisto on tarjoaa!<\/p>\n<div class=\"row\">\n<div class=\"col-md-4 col-sm-6 col-sx-12\">\n<div style=\"padding: 20px;\">\n<div class=\"text-center\">\n<div class=\"wp_feature landing_page_svg\" style=\"margin-right: 10px; display: inline-block; float: none; vertical-align: middle; background-position: -90px -1370px;\"><\/div>\n<\/div>\n<h3 style=\"margin: 20px 0 10px; text-align: center;\">Yhteensopivat versiot<\/h3>\n<p class=\"text-center\">Luodut teemat ovat t\u00e4ysin yhteensopivia Joomla 2.5 ja 3.x.x ja VirtueMart 3.x.x. Suunnittele visuaalisesti houkutteleva-malleja VirtueMart huolehtimatta yhteensopivuusongelmista!<\/p>\n<\/div>\n<\/div>\n<div class=\"clearfix visible-xs-block\"><\/div>\n<div class=\"col-lg-4 col-md-4 col-sm-6 col-sx-12\">\n<div style=\"padding: 20px;\">\n<div class=\"text-center\">\n<div class=\"wp_feature landing_page_svg\" style=\"margin-right: 10px; display: inline-block; float: none; vertical-align: middle; background-position: -22px -817px;\"><\/div>\n<\/div>\n<h3 style=\"margin: 20px 0px 10px; text-align: center;\">Asetteluvaihtoehdot<\/h3>\n<p class=\"text-center\">Luo Malliasettelu valitsemalla Sivun asettelu vaihtoehtoja, kuten 1 sarake, 2 sarake (sivupalkin ja yksi sarake) ja 3 sarake (sivupalkin,yksi sarake, sivupalkin). Muuta taustav\u00e4ri\u00e4, fontin v\u00e4ri\u00e4, tyyli\u00e4 jne. sivupalkkia tai yht\u00e4 saraketta!<\/p>\n<\/div>\n<\/div>\n<div class=\"clearfix visible-sm-block visible-xs-block\"><\/div>\n<div class=\"col-md-4 col-sm-6 col-sx-12\">\n<div style=\"padding: 20px;\">\n<div class=\"text-center\">\n<div class=\"wp_feature landing_page_svg\" style=\"float: none; height: 52px; vertical-align: middle; width: 44px; display: inline-block; background-position: -18px -1375px;\"><\/div>\n<\/div>\n<h3 style=\"margin: 20px 0 10px; text-align: center;\">Multi-Product Grid Styling<\/h3>\n<p class=\"text-center\">T\u00e4ss\u00e4 VirtueMart teeman rakentajassa, tuotteet voidaan n\u00e4ytt\u00e4\u00e4 lista-n\u00e4kym\u00e4ss\u00e4 tai grid-n\u00e4kym\u00e4ss\u00e4. Muuta fontin v\u00e4ri\u00e4 &amp; tyylit, taustan v\u00e4rit jne. muokkaa ja tyylitttele usean tuotteen sivulle miellytt\u00e4v\u00e4ll\u00e4 tavalla haluat n\u00e4ytt\u00e4\u00e4ksesi se verkkokaupan vierailijoille!<\/p>\n<\/div>\n<\/div>\n<div class=\"clearfix visible-lg-block visible-md-block visible-xs-block\"><\/div>\n<div class=\"col-md-4 col-sm-6 col-sx-12\">\n<div style=\"padding: 20px;\">\n<div class=\"text-center\">\n<div class=\"wp_feature landing_page_svg\" style=\"margin-right: 10px; display: inline-block; float: none; vertical-align: middle; background-position: -290px -1092px;\"><\/div>\n<\/div>\n<h3 style=\"margin: 20px 0 10px; text-align: center;\">Tuote-Page muotoilu<\/h3>\n<p class=\"text-center\">VirtueMart mallin luoja ohjelmisto on tehokas, muokkaamalla tuote-sivu on helppo teht\u00e4v\u00e4 TemplateToasterilla. Tarjolla on lukuisia vaihtoehtoja kuten fontin v\u00e4rin ja tyylin, taustav\u00e4rin muutokset jne. jotta sivu on houkuttelevampi vierailijoille. Voit lis\u00e4t\u00e4 mukautettuja tyylej\u00e4 Koko &amp; V\u00e4ri pudotusvalikoista ja m\u00e4\u00e4r\u00e4t\u00e4 v\u00e4lilehdet!<\/p>\n<\/div>\n<\/div>\n<div class=\"clearfix visible-sm-block visible-xs-block\"><\/div>\n<div class=\"col-lg-4 col-md-4 col-sm-6 col-sx-12\">\n<div style=\"padding: 20px;\">\n<div class=\"text-center\">\n<div class=\"wp_feature landing_page_svg\" style=\"margin-right: 10px; display: inline-block; float: none; vertical-align: middle; background-position: -290px -1020px;\"><\/div>\n<\/div>\n<h3 style=\"margin: 20px 0 10px; text-align: center;\">Tyylittele kassasivusi<\/h3>\n<p class=\"text-center\">\u00c4l\u00e4 j\u00e4t\u00e4 kassasivuasi tyls\u00e4ksi ja ik\u00e4v\u00e4ksi! valloita asiakkaaasi tyylikk\u00e4\u00e4ll\u00e4 kassasivulla VirtueMart kaupassa. Taustav\u00e4ri, fontin v\u00e4ri &amp; tyyli jne. voidaan muuttaa helposti muutamalla klikkauksella sivulla \/ laajennoksilla kuten Kassavaihtoehdot, Laskutustiedot jne.<\/p>\n<\/div>\n<\/div>\n<div class=\"clearfix visible-xs-block\"><\/div>\n<div class=\"col-md-4 col-sm-6 col-sx-12\">\n<div style=\"padding: 20px;\">\n<div class=\"text-center\">\n<div class=\"wp_feature landing_page_svg\" style=\"margin-right: 10px; display: inline-block; float: none; vertical-align: middle; background-position: -220px -815px;\"><\/div>\n<\/div>\n<h3 style=\"margin: 20px 0 10px; text-align: center;\">Laajennukset-yst\u00e4v\u00e4llinen<\/h3>\n<p class=\"text-center\">TemplateToaster on joustava laajennoksien asennuksien kannalta asentaaksesi VirtueMartin myym\u00e4l\u00e4n lis\u00e4\u00e4 toiminnot. Nimet\u00e4ksemme muutamia, Moduuli Cart Pro Virtuemart, Tuote Builder Virtuemart jne. ovat muutamia t\u00e4rkeimpi\u00e4 yhteensopivia laajennoksia.<\/p>\n<\/div>\n<\/div>\n<div class=\"clearfix visible-lg-block visible-md-block visible-sm-block visible-xs-block\"><\/div>\n<\/div>\n<\/div>\n<p><!--Section Features with WP--><\/p>\n<div class=\"section5 wp-theme-generator\" style=\"padding: 70px 10px; margin-bottom: 2px;\">\n<div style=\"margin: 40px 0px 20px;\">\n<h2 style=\"margin-bottom: 65px;\">Huippu ominaisuudet TemplateToaster<\/h2>\n<div class=\"feature_with_wp row\">\n<div class=\"col-lg-4 col-md-4 col-sm-4 col-xs-6\">\n<div class=\"feature_wpimg\"><img decoding=\"async\" class=\"img-responsive\" src=\"https:\/\/templatetoaster.com\/wp-content\/uploads\/2017\/04\/multiple-language.png\" alt=\"Tuki Useita Kieli\" \/><\/div>\n<\/div>\n<div class=\"col-lg-4 col-md-4 col-sm-4 col-xs-6\">\n<div class=\"feature_wpimg\"><img decoding=\"async\" class=\"img-responsive\" src=\"https:\/\/templatetoaster.com\/wp-content\/uploads\/2017\/04\/mobile-optimization.png\" alt=\"mobiilioptimointia\" \/><\/div>\n<\/div>\n<div class=\"clearfix visible-xs-block\"><\/div>\n<div class=\"col-lg-4 col-md-4 col-sm-4 col-xs-6\">\n<div class=\"feature_wpimg\"><img decoding=\"async\" class=\"img-responsive\" src=\"https:\/\/templatetoaster.com\/wp-content\/uploads\/2017\/04\/drag-drop.png\" alt=\"Raahaa ja pudota\" \/><\/div>\n<\/div>\n<div class=\"clearfix visible-lg-block visible-md-block visible-sm-block\"><\/div>\n<div class=\"col-lg-4 col-md-4 col-sm-4 col-xs-6\">\n<div class=\"feature_wpimg\"><img decoding=\"async\" class=\"img-responsive\" src=\"https:\/\/templatetoaster.com\/wp-content\/uploads\/2017\/04\/demo-templats.png\" alt=\"demo teemat\" \/><\/div>\n<\/div>\n<div class=\"clearfix visible-xs-block\"><\/div>\n<div class=\"col-lg-4 col-md-4 col-sm-4 col-xs-6\">\n<div class=\"feature_wpimg\"><img decoding=\"async\" class=\"img-responsive\" src=\"https:\/\/templatetoaster.com\/wp-content\/uploads\/2017\/04\/mega-menu.png\" alt=\"Mega Valikko\" \/><\/div>\n<\/div>\n<div class=\"col-lg-4 col-md-4 col-sm-4 col-xs-6\">\n<div class=\"feature_wpimg\"><img decoding=\"async\" class=\"img-responsive\" src=\"https:\/\/templatetoaster.com\/wp-content\/uploads\/2017\/04\/right-to-left.png\" alt=\"Oikealta vasemmalle\" \/><\/div>\n<\/div>\n<div class=\"clearfix visible-lg-block visible-md-block visible-sm-block visible-xs-block\"><\/div>\n<div class=\"col-lg-4 col-md-4 col-sm-4 col-xs-6\">\n<div class=\"feature_wpimg\"><img decoding=\"async\" class=\"img-responsive\" src=\"https:\/\/templatetoaster.com\/wp-content\/uploads\/2017\/04\/amazing-slideshow.png\" alt=\"Amazing diaesitys\" \/><\/div>\n<\/div>\n<div class=\"col-lg-4 col-md-4 col-sm-4 col-xs-6\">\n<div class=\"feature_wpimg\"><img decoding=\"async\" class=\"img-responsive\" src=\"https:\/\/templatetoaster.com\/wp-content\/uploads\/2017\/04\/zero-coding.png\" alt=\"nolla koodaus\" \/><\/div>\n<\/div>\n<div class=\"clearfix visible-xs-block\"><\/div>\n<div class=\"col-lg-4 col-md-4 col-sm-4 col-xs-6\">\n<div class=\"feature_wpimg\"><img decoding=\"async\" class=\"img-responsive\" src=\"https:\/\/templatetoaster.com\/wp-content\/uploads\/2017\/04\/custom-css.png\" alt=\"Custom CSS, JS ja PHP\" \/><\/div>\n<\/div>\n<div class=\"clearfix visible-lg-block visible-md-block visible-sm-block visible-xs-block\"><\/div>\n<\/div>\n<\/div>\n<\/div>\n<p><!--Section Gallery--><\/p>\n<div class=\"section7 wp-theme-generator\" style=\"padding: 100px 10px; background-color: #f1f4f8; margin-bottom: 2px;\">\n<h2>Meid\u00e4n standardit<\/h2>\n<div class=\"row\">\n<div class=\"col-lg-4 col-md-4 col-sm-6 col-xs-12\">\n<div style=\"padding: 20px;\">\n<div class=\"text-center\">\n<div class=\"wp_feature landing_page_svg\" style=\"margin-right: 10px; display: inline-block; float: none; vertical-align: middle; background-position: -75px -153px; width: 75px;\"><\/div>\n<\/div>\n<h3 style=\"margin: 20px 0px 10px; text-align: center;\">W3C-validointia<\/h3>\n<p class=\"text-center\">Tuo hakukoneen hy\u00f6ty\u00e4 sivustosi! Mallit on suunniteltu t\u00e4m\u00e4n ohjelmiston noudattavat kansainv\u00e4listen standardien ja ovat W3C voimassa, my\u00f6s varmistaa optimaalisen paikallisn\u00e4ytt\u00f6\u00e4.<\/p>\n<\/div>\n<\/div>\n<div class=\"clearfix visible-xs-block\"><\/div>\n<div class=\"col-lg-4 col-md-4 col-sm-6 col-xs-12\">\n<div style=\"padding: 20px;\">\n<div class=\"text-center\">\n<div class=\"wp_feature landing_page_svg\" style=\"margin-right: 10px; display: inline-block; float: none; vertical-align: middle; background-position: -165px -153px; width: 65px;\"><\/div>\n<\/div>\n<h3 style=\"margin: 20px 0 10px; text-align: center;\">HTML5 &amp; CSS3 standardit<\/h3>\n<p class=\"text-center\">TemplateToaster perustuu HTML5 ja CSS3 standardit jolla voit luoda monipuolisia sivustoilla minuuttia! Lis\u00e4\u00e4 multimediaelementtej\u00e4 ilman vaivatta.<\/p>\n<\/div>\n<\/div>\n<div class=\"clearfix visible-sm-block visible-xs-block\"><\/div>\n<div class=\"col-lg-4 col-md-4 col-sm-6 col-xs-12\">\n<div style=\"padding: 20px;\">\n<div class=\"text-center\">\n<div class=\"wp_feature landing_page_svg\" style=\"margin-right: 10px; display: inline-block; float: none; vertical-align: middle; background-position: -260px -147px; width: 65px;\"><\/div>\n<\/div>\n<h3 style=\"margin: 20px 0 10px; text-align: center;\">Swift verkkosivut<\/h3>\n<p class=\"text-center\">Et halua anna k\u00e4ytt\u00e4jist\u00e4 l\u00e4htee alhaisten sivunopeuspalvelussa. Oletteko? Mallit on suunniteltu TemplateToaster ohjelmistot ovat kevyit\u00e4 ja siten varmistaa nopean sivun latausaika!<\/p>\n<\/div>\n<\/div>\n<div class=\"clearfix visible-lg-block visible-md-block visible-xs-block\"><\/div>\n<\/div>\n<\/div>\n<p><!--- section 6 starts --><\/p>\n<div class=\"section6 wp-theme-generator\" style=\"padding: 50px 10px;\">\n<div style=\"margin: 70px 0px 20px;\">\n<h2>Tukee kaikkia t\u00e4rkeimpi\u00e4 CMSes<\/h2>\n<div class=\"section-center\" style=\"padding-bottom: 50px;\">\n<div class=\"main-cms-section\">\n<div class=\"cms-section\">\n<div class=\"text-center\">\n<div class=\"wp_feature landing_page_svg\" style=\"width: 120px; height: 120px; background-position: -5px -880px;\"><\/div>\n<\/div>\n<\/div>\n<div class=\"cms-section\">\n<div class=\"text-center\">\n<div class=\"wp_feature landing_page_svg\" style=\"width: 150px; height: 120px; background-position: -125px -880px;\"><\/div>\n<\/div>\n<\/div>\n<\/div>\n<div class=\"other-cms-section\">\n<div class=\"cms-section\">\n<div class=\"text-center\">\n<div class=\"wp_feature landing_page_svg\" style=\"width: 110px; height: 100px; background-position: -100px -596px;\"><\/div>\n<\/div>\n<\/div>\n<div class=\"cms-section\">\n<div class=\"text-center\">\n<div class=\"wp_feature landing_page_svg\" style=\"width: 130px; height: 100px; background-position: -212px -596px;\"><\/div>\n<\/div>\n<\/div>\n<div class=\"cms-section\">\n<div class=\"text-center\">\n<div class=\"wp_feature landing_page_svg\" style=\"width: 110px; height: 102px; background-position: -68px -377px;\"><\/div>\n<\/div>\n<\/div>\n<div class=\"cms-section\">\n<div class=\"text-center\">\n<div class=\"wp_feature landing_page_svg\" style=\"width: 110px; height: 102px; background-position: -160px -377px;\"><\/div>\n<\/div>\n<\/div>\n<div class=\"cms-section\">\n<div class=\"text-center\">\n<div class=\"wp_feature landing_page_svg\" style=\"width: 110px; height: 100px; background-position: -260px -379px;\"><\/div>\n<\/div>\n<\/div>\n<div class=\"cms-section\">\n<div class=\"text-center\">\n<div class=\"wp_feature landing_page_svg\" style=\"width: 110px; height: 100px; background-position: -0px -495px;\"><\/div>\n<\/div>\n<\/div>\n<div class=\"cms-section\">\n<div class=\"text-center\">\n<div class=\"wp_feature landing_page_svg\" style=\"width: 110px; height: 100px; background-position: -125px -495px;\"><\/div>\n<\/div>\n<\/div>\n<div class=\"cms-section\">\n<div class=\"text-center\">\n<div class=\"wp_feature landing_page_svg\" style=\"width: 110px; height: 100px; background-position: -0px -598px;\"><\/div>\n<\/div>\n<\/div>\n<\/div>\n<\/div>\n<div style=\"text-align: center; margin-top: 30px;\"><a class=\"btn download_btn\" href=\"https:\/\/templatetoaster.com\/fi\/download\">Lataa kokeiluversio<\/a><\/div>\n<\/div>\n<\/div>\n","protected":false},"excerpt":{"rendered":"<p>Huippu ohjelmisto VirtueMart teeman tekemiseen Suunnittelumalleja mill\u00e4 VirtueMart kauppasi menestyy. &nbsp; Lataa nyt Miksi k\u00e4ytt\u00e4\u00e4 TemplateToaster:ia VirtueMartin teeman tekemiseen? Tehty luomaan hienoimpia malleja eritt\u00e4in kehittyneit\u00e4 ominaisuuksia, ved\u00e4 ja pudota ty\u00f6kalulla teet kuten haluat! Suunnittele ja tyylittele valmiiksi oletusvaihtoehdoilla, mukauta fontin &hellip; <a href=\"https:\/\/templatetoaster.com\/fi\/virtuemart-template-builder\">Continue Reading<span class=\"meta-nav\">&rarr;<\/span><\/a><\/p>\n","protected":false},"author":1,"featured_media":0,"parent":0,"menu_order":0,"comment_status":"closed","ping_status":"closed","template":"","meta":{"footnotes":""},"yoast_head":"<!-- This site is optimized with the Yoast SEO plugin v23.5 - https:\/\/yoast.com\/wordpress\/plugins\/seo\/ -->\n<title>Tehokas Virtuemart teeman suunnitteluohjelmisto - Templatetoaster.<\/title>\n<meta name=\"description\" content=\"Valitse TemplateToaster, paras Virtuemart Template Design -ohjelmisto\" \/>\n<meta name=\"robots\" content=\"index, follow, max-snippet:-1, max-image-preview:large, max-video-preview:-1\" \/>\n<link rel=\"canonical\" href=\"https:\/\/templatetoaster.com\/fi\/virtuemart-template-builder\" \/>\n<meta property=\"og:locale\" content=\"fi_FI\" \/>\n<meta property=\"og:type\" content=\"article\" \/>\n<meta property=\"og:title\" content=\"Tehokas Virtuemart teeman suunnitteluohjelmisto - Templatetoaster.\" \/>\n<meta property=\"og:description\" content=\"Valitse TemplateToaster, paras Virtuemart Template Design -ohjelmisto\" \/>\n<meta property=\"og:url\" content=\"https:\/\/templatetoaster.com\/fi\/virtuemart-template-builder\" \/>\n<meta property=\"og:site_name\" content=\"TemplateToaster\" \/>\n<meta property=\"article:publisher\" content=\"https:\/\/www.facebook.com\/TemplateToaster\" \/>\n<meta property=\"article:modified_time\" content=\"2019-08-10T06:21:37+00:00\" \/>\n<meta property=\"og:image\" content=\"https:\/\/templatetoaster.com\/wp-content\/uploads\/2017\/04\/multiple-language.png\" \/>\n<meta name=\"twitter:card\" content=\"summary_large_image\" \/>\n<meta name=\"twitter:site\" content=\"@templatetoaster\" \/>\n<meta name=\"twitter:label1\" content=\"Arvioitu lukuaika\" \/>\n\t<meta name=\"twitter:data1\" content=\"2 minuuttia\" \/>\n<script type=\"application\/ld+json\" class=\"yoast-schema-graph\">{\"@context\":\"https:\/\/schema.org\",\"@graph\":[{\"@type\":\"WebPage\",\"@id\":\"https:\/\/templatetoaster.com\/fi\/virtuemart-template-builder\",\"url\":\"https:\/\/templatetoaster.com\/fi\/virtuemart-template-builder\",\"name\":\"Tehokas Virtuemart teeman suunnitteluohjelmisto - Templatetoaster.\",\"isPartOf\":{\"@id\":\"https:\/\/templatetoaster.com\/#website\"},\"primaryImageOfPage\":{\"@id\":\"https:\/\/templatetoaster.com\/fi\/virtuemart-template-builder#primaryimage\"},\"image\":{\"@id\":\"https:\/\/templatetoaster.com\/fi\/virtuemart-template-builder#primaryimage\"},\"thumbnailUrl\":\"https:\/\/templatetoaster.com\/wp-content\/uploads\/2017\/04\/multiple-language.png\",\"datePublished\":\"2018-04-14T10:37:50+00:00\",\"dateModified\":\"2019-08-10T06:21:37+00:00\",\"description\":\"Valitse TemplateToaster, paras Virtuemart Template Design -ohjelmisto\",\"breadcrumb\":{\"@id\":\"https:\/\/templatetoaster.com\/fi\/virtuemart-template-builder#breadcrumb\"},\"inLanguage\":\"fi\",\"potentialAction\":[{\"@type\":\"ReadAction\",\"target\":[\"https:\/\/templatetoaster.com\/fi\/virtuemart-template-builder\"]}]},{\"@type\":\"ImageObject\",\"inLanguage\":\"fi\",\"@id\":\"https:\/\/templatetoaster.com\/fi\/virtuemart-template-builder#primaryimage\",\"url\":\"https:\/\/templatetoaster.com\/wp-content\/uploads\/2017\/04\/multiple-language.png\",\"contentUrl\":\"https:\/\/templatetoaster.com\/wp-content\/uploads\/2017\/04\/multiple-language.png\"},{\"@type\":\"BreadcrumbList\",\"@id\":\"https:\/\/templatetoaster.com\/fi\/virtuemart-template-builder#breadcrumb\",\"itemListElement\":[{\"@type\":\"ListItem\",\"position\":1,\"name\":\"Home\",\"item\":\"https:\/\/templatetoaster.com\/fi\"},{\"@type\":\"ListItem\",\"position\":2,\"name\":\"Virtuemart-mallinnusohjelmisto\"}]},{\"@type\":\"WebSite\",\"@id\":\"https:\/\/templatetoaster.com\/#website\",\"url\":\"https:\/\/templatetoaster.com\/\",\"name\":\"TemplateToaster\",\"description\":\"\",\"publisher\":{\"@id\":\"https:\/\/templatetoaster.com\/#organization\"},\"inLanguage\":\"fi\"},{\"@type\":\"Organization\",\"@id\":\"https:\/\/templatetoaster.com\/#organization\",\"name\":\"TemplateToaster\",\"url\":\"https:\/\/templatetoaster.com\/\",\"logo\":{\"@type\":\"ImageObject\",\"inLanguage\":\"fi\",\"@id\":\"https:\/\/templatetoaster.com\/#\/schema\/logo\/image\/\",\"url\":\"https:\/\/templatetoaster.com\/wp-content\/uploads\/2019\/11\/TemplateToaster_Logo.jpg\",\"contentUrl\":\"https:\/\/templatetoaster.com\/wp-content\/uploads\/2019\/11\/TemplateToaster_Logo.jpg\",\"width\":85,\"height\":85,\"caption\":\"TemplateToaster\"},\"image\":{\"@id\":\"https:\/\/templatetoaster.com\/#\/schema\/logo\/image\/\"},\"sameAs\":[\"https:\/\/www.facebook.com\/TemplateToaster\",\"https:\/\/x.com\/templatetoaster\",\"https:\/\/www.instagram.com\/templatetoaster\/\",\"https:\/\/www.linkedin.com\/company\/templatetoaster\/\",\"https:\/\/www.pinterest.com\/templatetoaster\/\",\"https:\/\/www.youtube.com\/@TemplateToaster\"]}]}<\/script>\n<!-- \/ Yoast SEO plugin. -->","yoast_head_json":{"title":"Tehokas Virtuemart teeman suunnitteluohjelmisto - Templatetoaster.","description":"Valitse TemplateToaster, paras Virtuemart Template Design -ohjelmisto","robots":{"index":"index","follow":"follow","max-snippet":"max-snippet:-1","max-image-preview":"max-image-preview:large","max-video-preview":"max-video-preview:-1"},"canonical":"https:\/\/templatetoaster.com\/fi\/virtuemart-template-builder","og_locale":"fi_FI","og_type":"article","og_title":"Tehokas Virtuemart teeman suunnitteluohjelmisto - Templatetoaster.","og_description":"Valitse TemplateToaster, paras Virtuemart Template Design -ohjelmisto","og_url":"https:\/\/templatetoaster.com\/fi\/virtuemart-template-builder","og_site_name":"TemplateToaster","article_publisher":"https:\/\/www.facebook.com\/TemplateToaster","article_modified_time":"2019-08-10T06:21:37+00:00","og_image":[{"url":"https:\/\/templatetoaster.com\/wp-content\/uploads\/2017\/04\/multiple-language.png"}],"twitter_card":"summary_large_image","twitter_site":"@templatetoaster","twitter_misc":{"Arvioitu lukuaika":"2 minuuttia"},"schema":{"@context":"https:\/\/schema.org","@graph":[{"@type":"WebPage","@id":"https:\/\/templatetoaster.com\/fi\/virtuemart-template-builder","url":"https:\/\/templatetoaster.com\/fi\/virtuemart-template-builder","name":"Tehokas Virtuemart teeman suunnitteluohjelmisto - Templatetoaster.","isPartOf":{"@id":"https:\/\/templatetoaster.com\/#website"},"primaryImageOfPage":{"@id":"https:\/\/templatetoaster.com\/fi\/virtuemart-template-builder#primaryimage"},"image":{"@id":"https:\/\/templatetoaster.com\/fi\/virtuemart-template-builder#primaryimage"},"thumbnailUrl":"https:\/\/templatetoaster.com\/wp-content\/uploads\/2017\/04\/multiple-language.png","datePublished":"2018-04-14T10:37:50+00:00","dateModified":"2019-08-10T06:21:37+00:00","description":"Valitse TemplateToaster, paras Virtuemart Template Design -ohjelmisto","breadcrumb":{"@id":"https:\/\/templatetoaster.com\/fi\/virtuemart-template-builder#breadcrumb"},"inLanguage":"fi","potentialAction":[{"@type":"ReadAction","target":["https:\/\/templatetoaster.com\/fi\/virtuemart-template-builder"]}]},{"@type":"ImageObject","inLanguage":"fi","@id":"https:\/\/templatetoaster.com\/fi\/virtuemart-template-builder#primaryimage","url":"https:\/\/templatetoaster.com\/wp-content\/uploads\/2017\/04\/multiple-language.png","contentUrl":"https:\/\/templatetoaster.com\/wp-content\/uploads\/2017\/04\/multiple-language.png"},{"@type":"BreadcrumbList","@id":"https:\/\/templatetoaster.com\/fi\/virtuemart-template-builder#breadcrumb","itemListElement":[{"@type":"ListItem","position":1,"name":"Home","item":"https:\/\/templatetoaster.com\/fi"},{"@type":"ListItem","position":2,"name":"Virtuemart-mallinnusohjelmisto"}]},{"@type":"WebSite","@id":"https:\/\/templatetoaster.com\/#website","url":"https:\/\/templatetoaster.com\/","name":"TemplateToaster","description":"","publisher":{"@id":"https:\/\/templatetoaster.com\/#organization"},"inLanguage":"fi"},{"@type":"Organization","@id":"https:\/\/templatetoaster.com\/#organization","name":"TemplateToaster","url":"https:\/\/templatetoaster.com\/","logo":{"@type":"ImageObject","inLanguage":"fi","@id":"https:\/\/templatetoaster.com\/#\/schema\/logo\/image\/","url":"https:\/\/templatetoaster.com\/wp-content\/uploads\/2019\/11\/TemplateToaster_Logo.jpg","contentUrl":"https:\/\/templatetoaster.com\/wp-content\/uploads\/2019\/11\/TemplateToaster_Logo.jpg","width":85,"height":85,"caption":"TemplateToaster"},"image":{"@id":"https:\/\/templatetoaster.com\/#\/schema\/logo\/image\/"},"sameAs":["https:\/\/www.facebook.com\/TemplateToaster","https:\/\/x.com\/templatetoaster","https:\/\/www.instagram.com\/templatetoaster\/","https:\/\/www.linkedin.com\/company\/templatetoaster\/","https:\/\/www.pinterest.com\/templatetoaster\/","https:\/\/www.youtube.com\/@TemplateToaster"]}]}},"_links":{"self":[{"href":"https:\/\/templatetoaster.com\/fi\/wp-json\/wp\/v2\/pages\/4590"}],"collection":[{"href":"https:\/\/templatetoaster.com\/fi\/wp-json\/wp\/v2\/pages"}],"about":[{"href":"https:\/\/templatetoaster.com\/fi\/wp-json\/wp\/v2\/types\/page"}],"author":[{"embeddable":true,"href":"https:\/\/templatetoaster.com\/fi\/wp-json\/wp\/v2\/users\/1"}],"replies":[{"embeddable":true,"href":"https:\/\/templatetoaster.com\/fi\/wp-json\/wp\/v2\/comments?post=4590"}],"version-history":[{"count":4,"href":"https:\/\/templatetoaster.com\/fi\/wp-json\/wp\/v2\/pages\/4590\/revisions"}],"predecessor-version":[{"id":64053,"href":"https:\/\/templatetoaster.com\/fi\/wp-json\/wp\/v2\/pages\/4590\/revisions\/64053"}],"wp:attachment":[{"href":"https:\/\/templatetoaster.com\/fi\/wp-json\/wp\/v2\/media?parent=4590"}],"curies":[{"name":"wp","href":"https:\/\/api.w.org\/{rel}","templated":true}]}}