{"id":4585,"date":"2018-04-14T10:33:28","date_gmt":"2018-04-14T10:33:28","guid":{"rendered":"http:\/\/templatetoaster.com?page_id=4585"},"modified":"2019-08-10T04:55:32","modified_gmt":"2019-08-10T04:55:32","slug":"testimonials","status":"publish","type":"page","link":"https:\/\/templatetoaster.com\/fi\/testimonials","title":{"rendered":"Mielipiteit\u00e4"},"content":{"rendered":"<div class=\"tt_testimonial-row row\">&nbsp;<\/p>\n<h1 class=\"heading_border\" style=\"background-size: 168px 1px;\">Suosittelut<\/h1>\n<h2 class=\"text-center\" style=\"margin-bottom: 0;\"><em>Mit\u00e4 asiakkaamme sanovat meist\u00e4<\/em><\/h2>\n<div class=\"col-md-12\">\n<div class=\"testmonial\">\n<div class=\"testmonial_veiws\">\n<p>Olette hyvin hiljainen loistava tuote. Olen \u2019 saada valmis ostamaan, ja toivottavasti siirty\u00e4 nykyisten teema generaattori. Minun on pyydett\u00e4v\u00e4. Miksi on ei edist\u00e4\u00e4 t\u00e4m\u00e4n tuotteen?!<\/p>\n<\/div>\n<div class=\"author\"><\/div>\n<h3>MW harja<\/h3>\n<\/div>\n<\/div>\n<div class=\"col-md-12\">\n<div class=\"testmonial\">\n<div class=\"testmonial_veiws\">\n<p>OLEN VAIKUTTUNUT! Kaikki tietokoneet ajan tasalla uusin ja leikkimisest\u00e4 kanssa. Voin \u2019 t odottaa valmis rakentamaan yst\u00e4v\u00e4ni mallin \u2019 s verkkosivuilla.<\/p>\n<\/div>\n<div class=\"author\"><\/div>\n<h3>John Akers<\/h3>\n<\/div>\n<\/div>\n<div class=\"col-md-12\">\n<div class=\"testmonial\">\n<div class=\"testmonial_veiws\">\n<p>Pelk\u00e4\u00e4n enemm\u00e4n ihmiset ovat menossa l\u00f6yt\u00e4\u00e4 t\u00e4m\u00e4 ty\u00f6kalu, ja selvitt\u00e4\u00e4, kuinka mahtava se on, koska se merkitsisi v\u00e4hemm\u00e4n ty\u00f6t\u00e4 \/ Asiakkaat minulle !!!! TemplateToaster on paras teema rakennus ty\u00f6kalu olen k\u00e4ytt\u00e4nyt. Ajan.<\/p>\n<\/div>\n<div class=\"author\"><\/div>\n<h3>dnsplus<\/h3>\n<\/div>\n<\/div>\n<div class=\"col-md-12\">\n<div class=\"testmonial\">\n<div class=\"testmonial_veiws\">\n<p>Olen juuri saanut tiet\u00e4\u00e4 t\u00e4m\u00e4n ohjelman muutama p\u00e4iv\u00e4 sitten, selaamisen foorumin toisen template-editori ohjelma. Olen todella, todella TemplateToaster j\u00e4lkeen k\u00e4ytt\u00e4nyt sit\u00e4 muutaman tunnin. Se on paljon ominaisuuksia etsin, jonkin aikaa (Keskityn WordPress malleja). Ohjelmiston, Olen ehdottomasti seurata t\u00e4t\u00e4 tiiviisti. Parhain terveisin,<\/p>\n<\/div>\n<div class=\"author\"><\/div>\n<h3>Arnold<\/h3>\n<\/div>\n<\/div>\n<div class=\"col-md-12\">\n<div class=\"testmonial\">\n<div class=\"testmonial_veiws\">\n<p>Pid\u00e4n ved\u00e4 ja pudota ominaisuuksia, t\u00e4m\u00e4 sovellus on sellaisenaan puuttuu osa nykyisi\u00e4 sovelluksia. Olisi hienoa n\u00e4hd\u00e4 TemplateToaster kasvamaan kilpailukykyisen tuotteen.<\/p>\n<\/div>\n<div class=\"author\"><\/div>\n<h3>Rommel<\/h3>\n<\/div>\n<\/div>\n<div class=\"col-md-12\">\n<div class=\"testmonial\">\n<div class=\"testmonial_veiws\">\n<p>H\u00e4mm\u00e4stytt\u00e4v\u00e4 pehmo. Tukea on saatavilla. Maksoi itsens\u00e4 takaisin ensimm\u00e4inen projekti. On ty\u00f6kalu vakavia web-suunnittelijoille. Peukalot yl\u00f6s!<\/p>\n<\/div>\n<div class=\"author\"><\/div>\n<h3>Dave<\/h3>\n<\/div>\n<\/div>\n<div class=\"col-md-12\">\n<div class=\"testmonial\">\n<div class=\"testmonial_veiws\">\n<p>Olen t\u00e4ll\u00e4 alalla viime 15 vuotta ja k\u00e4ytt\u00e4nyt l\u00e4hes jokainen Web Design ohjelmiston siell\u00e4, mutta jokainen ty\u00f6kalu kalpenee verrattuna TemplateToaster.<\/p>\n<\/div>\n<div class=\"author\"><\/div>\n<h3>Nick<\/h3>\n<\/div>\n<\/div>\n<div class=\"col-md-12\">\n<div class=\"testmonial\">\n<div class=\"testmonial_veiws\">\n<p>Kiitos, Etsinyt jotain t\u00e4llaista vuotta!<\/p>\n<\/div>\n<div class=\"author\"><\/div>\n<h3>Antonella<\/h3>\n<\/div>\n<\/div>\n<div class=\"col-md-12\">\n<div class=\"testmonial\">\n<div class=\"testmonial_veiws\">\n<p>Astuva hassu aikana nyt kuluva pehmo. Olen ollut kehitt\u00e4\u00e4 WordPress viime 7 vuotta, ja t\u00e4m\u00e4 on tehokkain teema suunnitteluohjelmisto koskaan luotu! Aloin k\u00e4ytt\u00e4\u00e4 sit\u00e4 minun WordPress design hankkeita.<\/p>\n<\/div>\n<div class=\"author\"><\/div>\n<h3>Oliver<\/h3>\n<\/div>\n<\/div>\n<div class=\"col-md-12\">\n<div class=\"testmonial\">\n<div class=\"testmonial_veiws\">\n<p>Sinulla on suuri ihailija, Aion jakaa TT kavereiden kanssa pian!!<\/p>\n<\/div>\n<div class=\"author\"><\/div>\n<h3>Bill P<\/h3>\n<\/div>\n<\/div>\n<div class=\"col-md-12\">\n<div class=\"testmonial\">\n<div class=\"testmonial_veiws\">\n<p>Juuri ostanut Templatetoaster Professional Edition lisenssi ja olen hyvin vaikuttunut. Ohjelmisto on helppok\u00e4ytt\u00f6inen, ja edelleen tuottaa laatu-mallit. N\u00e4in TT useita kuukausia sitten ja alkoi etsi\u00e4 jotain vastaavaa ja on sanottava, ei tule mit\u00e4\u00e4n l\u00e4hell\u00e4. Kiitoksia ajaksi ansaitseva minun ty\u00f6t\u00e4 hieman helpompaa.<\/p>\n<\/div>\n<div class=\"author\"><\/div>\n<h3>Judith<\/h3>\n<\/div>\n<\/div>\n<div class=\"col-md-12\">\n<div class=\"testmonial\">\n<div class=\"testmonial_veiws\">\n<p>TemplateToaster on todella v\u00e4hent\u00e4\u00e4 miehemme tuntia avulla voidaan suunnitella ja yll\u00e4pit\u00e4\u00e4 sivustot. Se aika k\u00e4ytt\u00e4\u00e4 nyt muita teht\u00e4vi\u00e4. Kiitos!!<\/p>\n<\/div>\n<div class=\"author\"><\/div>\n<h3>Alexander Schulz<\/h3>\n<\/div>\n<\/div>\n<div class=\"col-md-12\">\n<div class=\"testmonial\">\n<div class=\"testmonial_veiws\">\n<p>Ensimm\u00e4inen, haluan sanoa, ett\u00e4 rakastan TemplateToaster. Olen k\u00e4ynniss\u00e4 pienen web suunnittelu setup t\u00e4\u00e4ll\u00e4 Hollannissa, Saan siit\u00e4 2 jotta 5 Joomla mallin tilauksia p\u00e4ivitt\u00e4in ja ovat k\u00e4ytt\u00e4neet 3 Web-suunnittelijat. Aiemmin olimme vaikeuksissa kysynt\u00e4\u00e4n, Kiitos TemplateToaster, nyt tehd\u00e4 entist\u00e4 tilaukset ja tarjota aiempaa edullisemmin asiakkaillemme.<\/p>\n<\/div>\n<div class=\"author\"><\/div>\n<h3>Louis De Vries<\/h3>\n<\/div>\n<\/div>\n<div class=\"col-md-12\">\n<div class=\"testmonial\">\n<div class=\"testmonial_veiws\">\n<p>Halusin vain kiitt\u00e4\u00e4 yritys luoda hyv\u00e4st\u00e4 tuotteesta.<\/p>\n<\/div>\n<div class=\"author\"><\/div>\n<h3>Justin<\/h3>\n<\/div>\n<\/div>\n<div class=\"col-md-12\">\n<div class=\"testmonial\">\n<div class=\"testmonial_veiws\">\n<p>Halusin vain sanoa, &#8221;Hyv\u00e4 tuote!!&#8221;Olen kuullut sen muutaman p\u00e4iv\u00e4n takaisin yksi yst\u00e4v\u00e4ni, ja ostin minun anniskeluoikeudet eilen, J\u00e4ljess\u00e4 koettaminen se puoli tuntia. Kiitoksia ajaksi erinomainen pehmo.<\/p>\n<\/div>\n<div class=\"author\"><\/div>\n<h3>Andreas M\u00fcller<\/h3>\n<\/div>\n<\/div>\n<div class=\"col-md-12\">\n<div class=\"testmonial\">\n<div class=\"testmonial_veiws\">\n<p>Kiitos viel\u00e4 kerran tehd\u00e4 hyv\u00e4 tuote!<\/p>\n<\/div>\n<div class=\"author\"><\/div>\n<h3>Dirk<\/h3>\n<\/div>\n<\/div>\n<div class=\"col-md-12\">\n<div class=\"testmonial\">\n<div class=\"testmonial_veiws\">\n<p>En ole koskaan n\u00e4hnyt niin loistava Tuotetuki minun web design uran 14 vuotta. Sai 4 p\u00e4ivitykset viikossa, tehd\u00e4 kaverit olet paras.<\/p>\n<\/div>\n<div class=\"author\"><\/div>\n<h3>Sam Hall<\/h3>\n<\/div>\n<\/div>\n<div class=\"col-md-12\">\n<div class=\"testmonial\">\n<div class=\"testmonial_veiws\">\n<p>I maksaa asiakas ja olen juuri ladannut uusimman p\u00e4ivityksen, ja halusin sanoa WOW, Etsitk\u00f6 todella mukava, Olen ollut p\u00e4ivitt\u00e4\u00e4 muutaman p\u00e4iv\u00e4n v\u00e4lein, ja se paranee, mutta t\u00e4m\u00e4 on suuri parannus, Olen my\u00f6s kilpailijoiden versio. Pid\u00e4n Varauksen malli ja muuntaa ne mit\u00e4 haluan ja sitten Web! Toistaiseksi hyvin onnellinen asuntoauto!<\/p>\n<\/div>\n<div class=\"author\"><\/div>\n<h3>Dave<\/h3>\n<\/div>\n<\/div>\n<p style=\"clear: both; text-align: center; padding-top: 25px;\"><a class=\"btn btn-default\" href=\"\/support\">L\u00e4het\u00e4 suosittelu tai palautetta<\/a><\/p>\n<\/div>\n","protected":false},"excerpt":{"rendered":"<p>&nbsp; Suosittelut Mit\u00e4 asiakkaamme sanovat meist\u00e4 Olette hyvin hiljainen loistava tuote. Olen \u2019 saada valmis ostamaan, ja toivottavasti siirty\u00e4 nykyisten teema generaattori. Minun on pyydett\u00e4v\u00e4. Miksi on ei edist\u00e4\u00e4 t\u00e4m\u00e4n tuotteen?! MW harja OLEN VAIKUTTUNUT! Kaikki tietokoneet ajan tasalla uusin &hellip; <a href=\"https:\/\/templatetoaster.com\/fi\/testimonials\">Continue Reading<span class=\"meta-nav\">&rarr;<\/span><\/a><\/p>\n","protected":false},"author":1,"featured_media":0,"parent":0,"menu_order":0,"comment_status":"closed","ping_status":"closed","template":"PageTemplate1.php","meta":{"footnotes":""},"yoast_head":"<!-- This site is optimized with the Yoast SEO plugin v23.5 - https:\/\/yoast.com\/wordpress\/plugins\/seo\/ -->\n<title>Mielipiteit\u00e4 - TemplateToaster<\/title>\n<meta name=\"description\" content=\"Suosittelut TemplateToaster Software\" \/>\n<meta name=\"robots\" content=\"index, follow, max-snippet:-1, max-image-preview:large, max-video-preview:-1\" \/>\n<link rel=\"canonical\" href=\"https:\/\/templatetoaster.com\/fi\/testimonials\" \/>\n<meta property=\"og:locale\" content=\"fi_FI\" \/>\n<meta property=\"og:type\" content=\"article\" \/>\n<meta property=\"og:title\" content=\"Mielipiteit\u00e4 - TemplateToaster\" \/>\n<meta property=\"og:description\" content=\"Suosittelut TemplateToaster Software\" \/>\n<meta property=\"og:url\" content=\"https:\/\/templatetoaster.com\/fi\/testimonials\" \/>\n<meta property=\"og:site_name\" content=\"TemplateToaster\" \/>\n<meta property=\"article:publisher\" content=\"https:\/\/www.facebook.com\/TemplateToaster\" \/>\n<meta property=\"article:modified_time\" content=\"2019-08-10T04:55:32+00:00\" \/>\n<meta property=\"og:image\" content=\"https:\/\/templatetoaster.com\/wp-content\/uploads\/2015\/07\/TemplateToaster-325X325.png\" \/>\n\t<meta property=\"og:image:width\" content=\"325\" \/>\n\t<meta property=\"og:image:height\" content=\"325\" \/>\n\t<meta property=\"og:image:type\" content=\"image\/png\" \/>\n<meta name=\"twitter:card\" content=\"summary_large_image\" \/>\n<meta name=\"twitter:site\" content=\"@templatetoaster\" \/>\n<meta name=\"twitter:label1\" content=\"Arvioitu lukuaika\" \/>\n\t<meta name=\"twitter:data1\" content=\"3 minuuttia\" \/>\n<script type=\"application\/ld+json\" class=\"yoast-schema-graph\">{\"@context\":\"https:\/\/schema.org\",\"@graph\":[{\"@type\":\"WebPage\",\"@id\":\"https:\/\/templatetoaster.com\/fi\/testimonials\",\"url\":\"https:\/\/templatetoaster.com\/fi\/testimonials\",\"name\":\"Mielipiteit\u00e4 - TemplateToaster\",\"isPartOf\":{\"@id\":\"https:\/\/templatetoaster.com\/#website\"},\"datePublished\":\"2018-04-14T10:33:28+00:00\",\"dateModified\":\"2019-08-10T04:55:32+00:00\",\"description\":\"Suosittelut TemplateToaster Software\",\"breadcrumb\":{\"@id\":\"https:\/\/templatetoaster.com\/fi\/testimonials#breadcrumb\"},\"inLanguage\":\"fi\",\"potentialAction\":[{\"@type\":\"ReadAction\",\"target\":[\"https:\/\/templatetoaster.com\/fi\/testimonials\"]}]},{\"@type\":\"BreadcrumbList\",\"@id\":\"https:\/\/templatetoaster.com\/fi\/testimonials#breadcrumb\",\"itemListElement\":[{\"@type\":\"ListItem\",\"position\":1,\"name\":\"Home\",\"item\":\"https:\/\/templatetoaster.com\/fi\"},{\"@type\":\"ListItem\",\"position\":2,\"name\":\"Mielipiteit\u00e4\"}]},{\"@type\":\"WebSite\",\"@id\":\"https:\/\/templatetoaster.com\/#website\",\"url\":\"https:\/\/templatetoaster.com\/\",\"name\":\"TemplateToaster\",\"description\":\"\",\"publisher\":{\"@id\":\"https:\/\/templatetoaster.com\/#organization\"},\"inLanguage\":\"fi\"},{\"@type\":\"Organization\",\"@id\":\"https:\/\/templatetoaster.com\/#organization\",\"name\":\"TemplateToaster\",\"url\":\"https:\/\/templatetoaster.com\/\",\"logo\":{\"@type\":\"ImageObject\",\"inLanguage\":\"fi\",\"@id\":\"https:\/\/templatetoaster.com\/#\/schema\/logo\/image\/\",\"url\":\"https:\/\/templatetoaster.com\/wp-content\/uploads\/2019\/11\/TemplateToaster_Logo.jpg\",\"contentUrl\":\"https:\/\/templatetoaster.com\/wp-content\/uploads\/2019\/11\/TemplateToaster_Logo.jpg\",\"width\":85,\"height\":85,\"caption\":\"TemplateToaster\"},\"image\":{\"@id\":\"https:\/\/templatetoaster.com\/#\/schema\/logo\/image\/\"},\"sameAs\":[\"https:\/\/www.facebook.com\/TemplateToaster\",\"https:\/\/x.com\/templatetoaster\",\"https:\/\/www.instagram.com\/templatetoaster\/\",\"https:\/\/www.linkedin.com\/company\/templatetoaster\/\",\"https:\/\/www.pinterest.com\/templatetoaster\/\",\"https:\/\/www.youtube.com\/@TemplateToaster\"]}]}<\/script>\n<!-- \/ Yoast SEO plugin. -->","yoast_head_json":{"title":"Mielipiteit\u00e4 - TemplateToaster","description":"Suosittelut TemplateToaster Software","robots":{"index":"index","follow":"follow","max-snippet":"max-snippet:-1","max-image-preview":"max-image-preview:large","max-video-preview":"max-video-preview:-1"},"canonical":"https:\/\/templatetoaster.com\/fi\/testimonials","og_locale":"fi_FI","og_type":"article","og_title":"Mielipiteit\u00e4 - TemplateToaster","og_description":"Suosittelut TemplateToaster Software","og_url":"https:\/\/templatetoaster.com\/fi\/testimonials","og_site_name":"TemplateToaster","article_publisher":"https:\/\/www.facebook.com\/TemplateToaster","article_modified_time":"2019-08-10T04:55:32+00:00","og_image":[{"width":325,"height":325,"url":"https:\/\/templatetoaster.com\/wp-content\/uploads\/2015\/07\/TemplateToaster-325X325.png","type":"image\/png"}],"twitter_card":"summary_large_image","twitter_site":"@templatetoaster","twitter_misc":{"Arvioitu lukuaika":"3 minuuttia"},"schema":{"@context":"https:\/\/schema.org","@graph":[{"@type":"WebPage","@id":"https:\/\/templatetoaster.com\/fi\/testimonials","url":"https:\/\/templatetoaster.com\/fi\/testimonials","name":"Mielipiteit\u00e4 - TemplateToaster","isPartOf":{"@id":"https:\/\/templatetoaster.com\/#website"},"datePublished":"2018-04-14T10:33:28+00:00","dateModified":"2019-08-10T04:55:32+00:00","description":"Suosittelut TemplateToaster Software","breadcrumb":{"@id":"https:\/\/templatetoaster.com\/fi\/testimonials#breadcrumb"},"inLanguage":"fi","potentialAction":[{"@type":"ReadAction","target":["https:\/\/templatetoaster.com\/fi\/testimonials"]}]},{"@type":"BreadcrumbList","@id":"https:\/\/templatetoaster.com\/fi\/testimonials#breadcrumb","itemListElement":[{"@type":"ListItem","position":1,"name":"Home","item":"https:\/\/templatetoaster.com\/fi"},{"@type":"ListItem","position":2,"name":"Mielipiteit\u00e4"}]},{"@type":"WebSite","@id":"https:\/\/templatetoaster.com\/#website","url":"https:\/\/templatetoaster.com\/","name":"TemplateToaster","description":"","publisher":{"@id":"https:\/\/templatetoaster.com\/#organization"},"inLanguage":"fi"},{"@type":"Organization","@id":"https:\/\/templatetoaster.com\/#organization","name":"TemplateToaster","url":"https:\/\/templatetoaster.com\/","logo":{"@type":"ImageObject","inLanguage":"fi","@id":"https:\/\/templatetoaster.com\/#\/schema\/logo\/image\/","url":"https:\/\/templatetoaster.com\/wp-content\/uploads\/2019\/11\/TemplateToaster_Logo.jpg","contentUrl":"https:\/\/templatetoaster.com\/wp-content\/uploads\/2019\/11\/TemplateToaster_Logo.jpg","width":85,"height":85,"caption":"TemplateToaster"},"image":{"@id":"https:\/\/templatetoaster.com\/#\/schema\/logo\/image\/"},"sameAs":["https:\/\/www.facebook.com\/TemplateToaster","https:\/\/x.com\/templatetoaster","https:\/\/www.instagram.com\/templatetoaster\/","https:\/\/www.linkedin.com\/company\/templatetoaster\/","https:\/\/www.pinterest.com\/templatetoaster\/","https:\/\/www.youtube.com\/@TemplateToaster"]}]}},"_links":{"self":[{"href":"https:\/\/templatetoaster.com\/fi\/wp-json\/wp\/v2\/pages\/4585"}],"collection":[{"href":"https:\/\/templatetoaster.com\/fi\/wp-json\/wp\/v2\/pages"}],"about":[{"href":"https:\/\/templatetoaster.com\/fi\/wp-json\/wp\/v2\/types\/page"}],"author":[{"embeddable":true,"href":"https:\/\/templatetoaster.com\/fi\/wp-json\/wp\/v2\/users\/1"}],"replies":[{"embeddable":true,"href":"https:\/\/templatetoaster.com\/fi\/wp-json\/wp\/v2\/comments?post=4585"}],"version-history":[{"count":3,"href":"https:\/\/templatetoaster.com\/fi\/wp-json\/wp\/v2\/pages\/4585\/revisions"}],"predecessor-version":[{"id":64017,"href":"https:\/\/templatetoaster.com\/fi\/wp-json\/wp\/v2\/pages\/4585\/revisions\/64017"}],"wp:attachment":[{"href":"https:\/\/templatetoaster.com\/fi\/wp-json\/wp\/v2\/media?parent=4585"}],"curies":[{"name":"wp","href":"https:\/\/api.w.org\/{rel}","templated":true}]}}