{"id":4583,"date":"2018-04-14T10:31:27","date_gmt":"2018-04-14T10:31:27","guid":{"rendered":"http:\/\/templatetoaster.com?page_id=4583"},"modified":"2019-08-10T05:03:17","modified_gmt":"2019-08-10T05:03:17","slug":"terms-of-use","status":"publish","type":"page","link":"https:\/\/templatetoaster.com\/fi\/terms-of-use","title":{"rendered":"K\u00e4ytt\u00f6ehdot"},"content":{"rendered":"<div class=\"tt_terms_of_use_row row\">\n<h1 class=\"heading_border\">K\u00e4ytt\u00f6ehdot<\/h1>\n<p style=\"font-size: 14px; font-weight: 600; margin-bottom: 12px; margin-top: 20px;\">Tervetuloa TemplateToaster:iin, Jos jatkat t\u00e4m\u00e4n verkkosivuston k\u00e4ytt\u00f6\u00e4 sitoudut meid\u00e4n ehtoihin k\u00e4ytt\u00e4\u00e4 tietosuojak\u00e4yt\u00e4nt\u00f6mme suhteessamme. \u00c4l\u00e4 k\u00e4yt\u00e4 sivuillamme, jos et hyv\u00e4ksy seuraavia k\u00e4ytt\u00f6ehtoja.<\/p>\n<ul class=\"download_points terms\">\n<li>T\u00e4m\u00e4n sivuston sis\u00e4lt\u00f6 voi muuttua milloin tahansa ilman ennakkoilmoitusta.<\/li>\n<li>Sivustomme k\u00e4ytt\u00e4\u00e4 ev\u00e4steit\u00e4 paranteeksemme suorituskyky\u00e4.<\/li>\n<li>Ei TempleToaster eik\u00e4 kolmas osapuoli takaa ajantasaisuutta, tarkkuutta, valmiutta tai sopivuutta sis\u00e4ll\u00f6st\u00e4. Me yrit\u00e4mme parhaamme mutta voitte hyv\u00e4ksy\u00e4 sen, ett\u00e4 sis\u00e4lt\u00f6 saattaa sis\u00e4lt\u00e4\u00e4 virheit\u00e4.<\/li>\n<li>T\u00e4m\u00e4n nettisivujen sis\u00e4lt\u00f6 ei ole rajoitettu pohjapiirrustuksiin, grafiikkoihin, malleihin ja omistamme ne ja tekij\u00e4noikeuden, j\u00e4ljennys on ehdottomasti kielletty\u00e4.<\/li>\n<li>Kaikki muut nimet ja logot ja niiden tavaramerkit kuuluvat niiden omistajilleen. Joomla, WordPress ja Drupal eiv\u00e4t tue TempleToasteria.<\/li>\n<li>Voimme toimittaa ulkoisi\u00e4 linkkej\u00e4 t\u00e4ll\u00e4 nettisivulla, n\u00e4m\u00e4 linkit ovat k\u00e4tevyytt\u00e4 ja lis\u00e4tietoja varten. T\u00e4m\u00e4 ei tarkoita ett\u00e4 tuemme the he tukev\u00e4t meit\u00e4 ja emme ole vastuussa n\u00e4iden nettisivujen tarkkuudesta.<\/li>\n<li>TempleToasterin k\u00e4ytt\u00f6ehtojen vuoksi luo k\u00e4ytt\u00f6oikeussopimus (loppuk\u00e4ytt\u00e4j\u00e4n lisenssisopimus) asentaessasi.<\/li>\n<li>K\u00e4y meid\u00e4n\u00a0<a href=\"https:\/\/templatetoaster.com\/faqs\">UKK-sivulla<\/a>\u00a0saadaksesi lis\u00e4tietoa ja apua.<\/li>\n<\/ul>\n<\/div>\n","protected":false},"excerpt":{"rendered":"<p>K\u00e4ytt\u00f6ehdot Tervetuloa TemplateToaster:iin, Jos jatkat t\u00e4m\u00e4n verkkosivuston k\u00e4ytt\u00f6\u00e4 sitoudut meid\u00e4n ehtoihin k\u00e4ytt\u00e4\u00e4 tietosuojak\u00e4yt\u00e4nt\u00f6mme suhteessamme. \u00c4l\u00e4 k\u00e4yt\u00e4 sivuillamme, jos et hyv\u00e4ksy seuraavia k\u00e4ytt\u00f6ehtoja. T\u00e4m\u00e4n sivuston sis\u00e4lt\u00f6 voi muuttua milloin tahansa ilman ennakkoilmoitusta. Sivustomme k\u00e4ytt\u00e4\u00e4 ev\u00e4steit\u00e4 paranteeksemme suorituskyky\u00e4. Ei TempleToaster eik\u00e4 kolmas &hellip; <a href=\"https:\/\/templatetoaster.com\/fi\/terms-of-use\">Continue Reading<span class=\"meta-nav\">&rarr;<\/span><\/a><\/p>\n","protected":false},"author":1,"featured_media":0,"parent":0,"menu_order":0,"comment_status":"closed","ping_status":"closed","template":"PageTemplate1.php","meta":{"footnotes":""},"yoast_head":"<!-- This site is optimized with the Yoast SEO plugin v23.5 - https:\/\/yoast.com\/wordpress\/plugins\/seo\/ -->\n<title>K\u00e4ytt\u00f6ehdot - TemplateToaster<\/title>\n<meta name=\"description\" content=\"T\u00e4m\u00e4n sivuston k\u00e4ytt\u00f6ehdot\" \/>\n<meta name=\"robots\" content=\"index, follow, max-snippet:-1, max-image-preview:large, max-video-preview:-1\" \/>\n<link rel=\"canonical\" href=\"https:\/\/templatetoaster.com\/fi\/terms-of-use\" \/>\n<meta property=\"og:locale\" content=\"fi_FI\" \/>\n<meta property=\"og:type\" content=\"article\" \/>\n<meta property=\"og:title\" content=\"K\u00e4ytt\u00f6ehdot - TemplateToaster\" \/>\n<meta property=\"og:description\" content=\"T\u00e4m\u00e4n sivuston k\u00e4ytt\u00f6ehdot\" \/>\n<meta property=\"og:url\" content=\"https:\/\/templatetoaster.com\/fi\/terms-of-use\" \/>\n<meta property=\"og:site_name\" content=\"TemplateToaster\" \/>\n<meta property=\"article:publisher\" content=\"https:\/\/www.facebook.com\/TemplateToaster\" \/>\n<meta property=\"article:modified_time\" content=\"2019-08-10T05:03:17+00:00\" \/>\n<meta property=\"og:image\" content=\"https:\/\/templatetoaster.com\/wp-content\/uploads\/2015\/07\/TemplateToaster-325X325.png\" \/>\n\t<meta property=\"og:image:width\" content=\"325\" \/>\n\t<meta property=\"og:image:height\" content=\"325\" \/>\n\t<meta property=\"og:image:type\" content=\"image\/png\" \/>\n<meta name=\"twitter:card\" content=\"summary_large_image\" \/>\n<meta name=\"twitter:site\" content=\"@templatetoaster\" \/>\n<meta name=\"twitter:label1\" content=\"Arvioitu lukuaika\" \/>\n\t<meta name=\"twitter:data1\" content=\"1 minuutti\" \/>\n<script type=\"application\/ld+json\" class=\"yoast-schema-graph\">{\"@context\":\"https:\/\/schema.org\",\"@graph\":[{\"@type\":\"WebPage\",\"@id\":\"https:\/\/templatetoaster.com\/fi\/terms-of-use\",\"url\":\"https:\/\/templatetoaster.com\/fi\/terms-of-use\",\"name\":\"K\u00e4ytt\u00f6ehdot - TemplateToaster\",\"isPartOf\":{\"@id\":\"https:\/\/templatetoaster.com\/#website\"},\"datePublished\":\"2018-04-14T10:31:27+00:00\",\"dateModified\":\"2019-08-10T05:03:17+00:00\",\"description\":\"T\u00e4m\u00e4n sivuston k\u00e4ytt\u00f6ehdot\",\"breadcrumb\":{\"@id\":\"https:\/\/templatetoaster.com\/fi\/terms-of-use#breadcrumb\"},\"inLanguage\":\"fi\",\"potentialAction\":[{\"@type\":\"ReadAction\",\"target\":[\"https:\/\/templatetoaster.com\/fi\/terms-of-use\"]}]},{\"@type\":\"BreadcrumbList\",\"@id\":\"https:\/\/templatetoaster.com\/fi\/terms-of-use#breadcrumb\",\"itemListElement\":[{\"@type\":\"ListItem\",\"position\":1,\"name\":\"Home\",\"item\":\"https:\/\/templatetoaster.com\/fi\"},{\"@type\":\"ListItem\",\"position\":2,\"name\":\"K\u00e4ytt\u00f6ehdot\"}]},{\"@type\":\"WebSite\",\"@id\":\"https:\/\/templatetoaster.com\/#website\",\"url\":\"https:\/\/templatetoaster.com\/\",\"name\":\"TemplateToaster\",\"description\":\"\",\"publisher\":{\"@id\":\"https:\/\/templatetoaster.com\/#organization\"},\"inLanguage\":\"fi\"},{\"@type\":\"Organization\",\"@id\":\"https:\/\/templatetoaster.com\/#organization\",\"name\":\"TemplateToaster\",\"url\":\"https:\/\/templatetoaster.com\/\",\"logo\":{\"@type\":\"ImageObject\",\"inLanguage\":\"fi\",\"@id\":\"https:\/\/templatetoaster.com\/#\/schema\/logo\/image\/\",\"url\":\"https:\/\/templatetoaster.com\/wp-content\/uploads\/2019\/11\/TemplateToaster_Logo.jpg\",\"contentUrl\":\"https:\/\/templatetoaster.com\/wp-content\/uploads\/2019\/11\/TemplateToaster_Logo.jpg\",\"width\":85,\"height\":85,\"caption\":\"TemplateToaster\"},\"image\":{\"@id\":\"https:\/\/templatetoaster.com\/#\/schema\/logo\/image\/\"},\"sameAs\":[\"https:\/\/www.facebook.com\/TemplateToaster\",\"https:\/\/x.com\/templatetoaster\",\"https:\/\/www.instagram.com\/templatetoaster\/\",\"https:\/\/www.linkedin.com\/company\/templatetoaster\/\",\"https:\/\/www.pinterest.com\/templatetoaster\/\",\"https:\/\/www.youtube.com\/@TemplateToaster\"]}]}<\/script>\n<!-- \/ Yoast SEO plugin. -->","yoast_head_json":{"title":"K\u00e4ytt\u00f6ehdot - TemplateToaster","description":"T\u00e4m\u00e4n sivuston k\u00e4ytt\u00f6ehdot","robots":{"index":"index","follow":"follow","max-snippet":"max-snippet:-1","max-image-preview":"max-image-preview:large","max-video-preview":"max-video-preview:-1"},"canonical":"https:\/\/templatetoaster.com\/fi\/terms-of-use","og_locale":"fi_FI","og_type":"article","og_title":"K\u00e4ytt\u00f6ehdot - TemplateToaster","og_description":"T\u00e4m\u00e4n sivuston k\u00e4ytt\u00f6ehdot","og_url":"https:\/\/templatetoaster.com\/fi\/terms-of-use","og_site_name":"TemplateToaster","article_publisher":"https:\/\/www.facebook.com\/TemplateToaster","article_modified_time":"2019-08-10T05:03:17+00:00","og_image":[{"width":325,"height":325,"url":"https:\/\/templatetoaster.com\/wp-content\/uploads\/2015\/07\/TemplateToaster-325X325.png","type":"image\/png"}],"twitter_card":"summary_large_image","twitter_site":"@templatetoaster","twitter_misc":{"Arvioitu lukuaika":"1 minuutti"},"schema":{"@context":"https:\/\/schema.org","@graph":[{"@type":"WebPage","@id":"https:\/\/templatetoaster.com\/fi\/terms-of-use","url":"https:\/\/templatetoaster.com\/fi\/terms-of-use","name":"K\u00e4ytt\u00f6ehdot - TemplateToaster","isPartOf":{"@id":"https:\/\/templatetoaster.com\/#website"},"datePublished":"2018-04-14T10:31:27+00:00","dateModified":"2019-08-10T05:03:17+00:00","description":"T\u00e4m\u00e4n sivuston k\u00e4ytt\u00f6ehdot","breadcrumb":{"@id":"https:\/\/templatetoaster.com\/fi\/terms-of-use#breadcrumb"},"inLanguage":"fi","potentialAction":[{"@type":"ReadAction","target":["https:\/\/templatetoaster.com\/fi\/terms-of-use"]}]},{"@type":"BreadcrumbList","@id":"https:\/\/templatetoaster.com\/fi\/terms-of-use#breadcrumb","itemListElement":[{"@type":"ListItem","position":1,"name":"Home","item":"https:\/\/templatetoaster.com\/fi"},{"@type":"ListItem","position":2,"name":"K\u00e4ytt\u00f6ehdot"}]},{"@type":"WebSite","@id":"https:\/\/templatetoaster.com\/#website","url":"https:\/\/templatetoaster.com\/","name":"TemplateToaster","description":"","publisher":{"@id":"https:\/\/templatetoaster.com\/#organization"},"inLanguage":"fi"},{"@type":"Organization","@id":"https:\/\/templatetoaster.com\/#organization","name":"TemplateToaster","url":"https:\/\/templatetoaster.com\/","logo":{"@type":"ImageObject","inLanguage":"fi","@id":"https:\/\/templatetoaster.com\/#\/schema\/logo\/image\/","url":"https:\/\/templatetoaster.com\/wp-content\/uploads\/2019\/11\/TemplateToaster_Logo.jpg","contentUrl":"https:\/\/templatetoaster.com\/wp-content\/uploads\/2019\/11\/TemplateToaster_Logo.jpg","width":85,"height":85,"caption":"TemplateToaster"},"image":{"@id":"https:\/\/templatetoaster.com\/#\/schema\/logo\/image\/"},"sameAs":["https:\/\/www.facebook.com\/TemplateToaster","https:\/\/x.com\/templatetoaster","https:\/\/www.instagram.com\/templatetoaster\/","https:\/\/www.linkedin.com\/company\/templatetoaster\/","https:\/\/www.pinterest.com\/templatetoaster\/","https:\/\/www.youtube.com\/@TemplateToaster"]}]}},"_links":{"self":[{"href":"https:\/\/templatetoaster.com\/fi\/wp-json\/wp\/v2\/pages\/4583"}],"collection":[{"href":"https:\/\/templatetoaster.com\/fi\/wp-json\/wp\/v2\/pages"}],"about":[{"href":"https:\/\/templatetoaster.com\/fi\/wp-json\/wp\/v2\/types\/page"}],"author":[{"embeddable":true,"href":"https:\/\/templatetoaster.com\/fi\/wp-json\/wp\/v2\/users\/1"}],"replies":[{"embeddable":true,"href":"https:\/\/templatetoaster.com\/fi\/wp-json\/wp\/v2\/comments?post=4583"}],"version-history":[{"count":3,"href":"https:\/\/templatetoaster.com\/fi\/wp-json\/wp\/v2\/pages\/4583\/revisions"}],"predecessor-version":[{"id":64028,"href":"https:\/\/templatetoaster.com\/fi\/wp-json\/wp\/v2\/pages\/4583\/revisions\/64028"}],"wp:attachment":[{"href":"https:\/\/templatetoaster.com\/fi\/wp-json\/wp\/v2\/media?parent=4583"}],"curies":[{"name":"wp","href":"https:\/\/api.w.org\/{rel}","templated":true}]}}