{"id":4577,"date":"2018-04-14T10:29:29","date_gmt":"2018-04-14T10:29:29","guid":{"rendered":"http:\/\/templatetoaster.com?page_id=4577"},"modified":"2019-09-03T05:29:06","modified_gmt":"2019-09-03T05:29:06","slug":"demo","status":"publish","type":"page","link":"https:\/\/templatetoaster.com\/fi\/demo","title":{"rendered":"TempleToaster demonstrointi videokursseja"},"content":{"rendered":"<p>&nbsp;<\/p>\n<h1 class=\"heading_border\">TemplateToaster Esittelyvideo Oppaat<\/h1>\n<div class=\"demo_row1 odd row\">\n<h2><span class=\"demo_video_cms\"><\/span> WordPress<\/h2>\n<div class=\"row\">\n<div class=\"col-md-6 col-sm-6 col-xs-12\">\n<div class=\"vedio_bg\">\n<div class=\"tt_video_modal\"><a href=\"https:\/\/youtu.be\/QXM1K9pTHD4\"><img decoding=\"async\" src=\"https:\/\/templatetoaster.com\/wp-content\/uploads\/2018\/02\/youtube.png\"><\/a>&nbsp;<\/p>\n<div class=\"video-content\">\n<h3>Miten luodaan WordPress teema TemplateToasterissa<\/h3>\n<\/div>\n<\/div>\n<\/div>\n<\/div>\n<div class=\"clearfix visible-xs-block\">&nbsp;<\/div>\n<div class=\"col-md-6 col-sm-6 col-xs-12\">\n<div class=\"vedio_bg\">\n<div class=\"tt_video_modal\"><a href=\"https:\/\/youtu.be\/6g5Ca0J7XQA\"><img decoding=\"async\" src=\"https:\/\/templatetoaster.com\/wp-content\/uploads\/2018\/02\/youtube.png\"><\/a>&nbsp;<\/p>\n<div class=\"video-content\">\n<h3>Miten l\u00e4hett\u00e4\u00e4 TemplateToasterissa luotuja teemoja WordPressiin<\/h3>\n<\/div>\n<\/div>\n<\/div>\n<div class=\"clearfix visible-lg-block visible-md-block\">&nbsp;<\/div>\n<\/div>\n<\/div>\n<\/div>\n<div class=\"demo_row1 even row\">\n<h2><span class=\"demo_video_cms\" style=\"background-position: 137px -62px;\"><\/span> Magento 1.9<\/h2>\n<div class=\"row\">\n<div class=\"col-md-6 col-sm-6 col-xs-12\">\n<div class=\"vedio_bg\">\n<div class=\"tt_video_modal\"><a href=\"https:\/\/youtu.be\/tmMFYqDKsrk\"><img decoding=\"async\" src=\"https:\/\/templatetoaster.com\/wp-content\/uploads\/2018\/02\/youtube.png\"><\/a>&nbsp;<\/p>\n<div class=\"video-content\">\n<h3>Miten luoda Magento 1.9 Teema TemplateToasterissa<\/h3>\n<\/div>\n<\/div>\n<\/div>\n<\/div>\n<div class=\"col-md-6 col-sm-6 col-xs-12\">\n<div class=\"vedio_bg\">\n<div class=\"tt_video_modal\"><a href=\"https:\/\/youtu.be\/D6KBdP3kdjg\"><img decoding=\"async\" src=\"https:\/\/templatetoaster.com\/wp-content\/uploads\/2018\/02\/youtube.png\"><\/a>&nbsp;<\/p>\n<div class=\"video-content\">\n<h3>Miten l\u00e4hett\u00e4\u00e4 TemplateToasterissa luotuja teemoja Magento 1.9<\/h3>\n<\/div>\n<\/div>\n<\/div>\n<\/div>\n<div class=\"clearfix visible-lg-block visible-md-block\">&nbsp;<\/div>\n<\/div>\n<\/div>\n<div class=\"demo_row1 even row\">\n<h2><span class=\"demo_video_cms\" style=\"background-position: 137px -62px;\"><\/span> Magento 2.0<\/h2>\n<div class=\"row\">\n<div class=\"col-md-6 col-sm-6 col-xs-12\">\n<div class=\"vedio_bg\">\n<div class=\"tt_video_modal\"><a href=\"https:\/\/youtu.be\/tmMFYqDKsrk\"><img decoding=\"async\" src=\"https:\/\/templatetoaster.com\/wp-content\/uploads\/2018\/02\/youtube.png\"><\/a>&nbsp;<\/p>\n<div class=\"video-content\">\n<h3>Miten luoda Magento 2.0 Teemoja TemplateToasterissa<\/h3>\n<\/div>\n<\/div>\n<\/div>\n<\/div>\n<div class=\"col-md-6 col-sm-6 col-xs-12\">\n<div class=\"vedio_bg\">\n<div class=\"tt_video_modal\"><a href=\"https:\/\/youtu.be\/yz75jq66vn4\"><img decoding=\"async\" src=\"https:\/\/templatetoaster.com\/wp-content\/uploads\/2018\/02\/youtube.png\"><\/a>&nbsp;<\/p>\n<div class=\"video-content\">\n<h3>Miten l\u00e4hett\u00e4\u00e4 TemplateToaster luotuja teemoja Magento 2.0<\/h3>\n<\/div>\n<\/div>\n<\/div>\n<\/div>\n<div class=\"clearfix visible-lg-block visible-md-block\">&nbsp;<\/div>\n<\/div>\n<\/div>\n<div class=\"demo_row1 even row\">\n<h2><span class=\"demo_video_cms\" style=\"background-position: 85px -62px;\"><\/span> PrestaShop 1.6<\/h2>\n<div class=\"row\">\n<div class=\"col-md-6 col-sm-6 col-xs-12\">\n<div class=\"vedio_bg\">\n<div class=\"tt_video_modal\"><a href=\"https:\/\/youtu.be\/Dtz7c-JO8K0\"><img decoding=\"async\" src=\"https:\/\/templatetoaster.com\/wp-content\/uploads\/2018\/02\/youtube.png\"><\/a>&nbsp;<\/p>\n<div class=\"video-content\">\n<h3>Miten luodaan Prestashop 1.6 Teema TemplateToasteriassa<\/h3>\n<\/div>\n<\/div>\n<\/div>\n<\/div>\n<div class=\"col-md-6 col-sm-6 col-xs-12\">\n<div class=\"vedio_bg\">\n<div class=\"tt_video_modal\"><a href=\"https:\/\/youtu.be\/7S-hAXcaJC4\"><img decoding=\"async\" src=\"https:\/\/templatetoaster.com\/wp-content\/uploads\/2018\/02\/youtube.png\"><\/a>&nbsp;<\/p>\n<div class=\"video-content\">\n<h3>Miten l\u00e4hett\u00e4\u00e4 TemplateToasterissa luotu teema Prestashop 1.6<\/h3>\n<\/div>\n<\/div>\n<\/div>\n<\/div>\n<div class=\"clearfix visible-lg-block visible-md-block\">&nbsp;<\/div>\n<\/div>\n<\/div>\n<div class=\"demo_row1 even row\">\n<h2><span class=\"demo_video_cms\" style=\"background-position: 85px -62px;\"><\/span> PrestaShop 1.7<\/h2>\n<div class=\"row\">\n<div class=\"col-md-6 col-sm-6 col-xs-12\">\n<div class=\"vedio_bg\">\n<div class=\"tt_video_modal\"><a href=\"https:\/\/youtu.be\/Dtz7c-JO8K0\"><img decoding=\"async\" src=\"https:\/\/templatetoaster.com\/wp-content\/uploads\/2018\/02\/youtube.png\"><\/a>&nbsp;<\/p>\n<div class=\"video-content\">\n<h3>Miten luodaan Prestashop 1.7 Teema TemplateToasterissa<\/h3>\n<\/div>\n<\/div>\n<\/div>\n<\/div>\n<div class=\"col-md-6 col-sm-6 col-xs-12\">\n<div class=\"vedio_bg\">\n<div class=\"tt_video_modal\"><a href=\"https:\/\/youtu.be\/8BNZVUnXfgI\"><img decoding=\"async\" src=\"https:\/\/templatetoaster.com\/wp-content\/uploads\/2018\/02\/youtube.png\"><\/a>&nbsp;<\/p>\n<div class=\"video-content\">\n<h3>Miten l\u00e4hett\u00e4\u00e4 TemplateToasterissa luotu teema Prestashop 1.7<\/h3>\n<\/div>\n<\/div>\n<\/div>\n<\/div>\n<div class=\"clearfix visible-lg-block visible-md-block\">&nbsp;<\/div>\n<\/div>\n<\/div>\n<div class=\"demo_row1 even row\">\n<h2><span class=\"demo_video_cms\" style=\"background-position: 35px -62px;\"><\/span> OpenCart<\/h2>\n<div class=\"row\">\n<div class=\"col-md-6 col-sm-6 col-xs-12\">\n<div class=\"vedio_bg\">\n<div class=\"tt_video_modal\"><a href=\"https:\/\/youtu.be\/9z5POqcN8l0\"><img decoding=\"async\" src=\"https:\/\/templatetoaster.com\/wp-content\/uploads\/2018\/02\/youtube.png\"><\/a>&nbsp;<\/p>\n<div class=\"video-content\">\n<h3>Miten luoda OpenCart teema TemplateToasterissa<\/h3>\n<\/div>\n<\/div>\n<\/div>\n<\/div>\n<div class=\"col-md-6 col-sm-6 col-xs-12\">\n<div class=\"vedio_bg\">\n<div class=\"tt_video_modal\"><a href=\"https:\/\/youtu.be\/XIa9m33VrpM\"><img decoding=\"async\" src=\"https:\/\/templatetoaster.com\/wp-content\/uploads\/2018\/02\/youtube.png\"><\/a>&nbsp;<\/p>\n<div class=\"video-content\">\n<h3>Miten l\u00e4hett\u00e4\u00e4 TemplateToasterissa luotu teema OpenCartin<\/h3>\n<\/div>\n<\/div>\n<\/div>\n<\/div>\n<div class=\"clearfix visible-lg-block visible-md-block\">&nbsp;<\/div>\n<\/div>\n<\/div>\n<div class=\"demo_row1 even row\">\n<h2><span class=\"demo_video_cms\" style=\"background-position: -5px -62px;\"><\/span> Drupal<\/h2>\n<div class=\"row\">\n<div class=\"col-md-6 col-sm-6 col-xs-12\">\n<div class=\"vedio_bg\">\n<div class=\"tt_video_modal\"><a href=\"https:\/\/youtu.be\/G7r1RLGGY9Y\"><img decoding=\"async\" src=\"https:\/\/templatetoaster.com\/wp-content\/uploads\/2018\/02\/youtube.png\"><\/a>&nbsp;<\/p>\n<div class=\"video-content\">\n<h3>Miten luoda Drupal teema TemplateToasterissa<\/h3>\n<\/div>\n<\/div>\n<\/div>\n<\/div>\n<div class=\"col-md-6 col-sm-6 col-xs-12\">\n<div class=\"vedio_bg\">\n<div class=\"tt_video_modal\"><a href=\"https:\/\/youtu.be\/r0EvsjFohV0\"><img decoding=\"async\" src=\"https:\/\/templatetoaster.com\/wp-content\/uploads\/2018\/02\/youtube.png\"><\/a>&nbsp;<\/p>\n<div class=\"video-content\">\n<h3>Miten l\u00e4hett\u00e4\u00e4 TemplateToasterissa luotu teema Drupalissa<\/h3>\n<\/div>\n<\/div>\n<\/div>\n<\/div>\n<div class=\"clearfix visible-lg-block visible-md-block\">&nbsp;<\/div>\n<\/div>\n<\/div>\n<div class=\"demo_row1 even row\">\n<h2><span class=\"demo_video_cms\" style=\"background-position: -62px -60px;\"><\/span> WooCommerce<\/h2>\n<div class=\"row\">\n<div class=\"col-md-6 col-sm-6 col-xs-12\">\n<div class=\"vedio_bg\">\n<div class=\"tt_video_modal\"><a href=\"https:\/\/youtu.be\/wiikegBEAgU\"><img decoding=\"async\" src=\"https:\/\/templatetoaster.com\/wp-content\/uploads\/2018\/02\/youtube.png\"><\/a>&nbsp;<\/p>\n<div class=\"video-content\">\n<h3>Miten luoda WooCommerce teema TemplateToasterissa<\/h3>\n<\/div>\n<\/div>\n<\/div>\n<\/div>\n<div class=\"col-md-6 col-sm-6 col-xs-12\">\n<div class=\"vedio_bg\">\n<div class=\"tt_video_modal\"><a href=\"https:\/\/youtu.be\/gq4hwQ50U0Q\"><img decoding=\"async\" src=\"https:\/\/templatetoaster.com\/wp-content\/uploads\/2018\/02\/youtube.png\"><\/a>&nbsp;<\/p>\n<div class=\"video-content\">\n<h3>Miten l\u00e4hett\u00e4\u00e4 TemplateToasterilla luotu teema<\/h3>\n<h3>WooCommerceen<\/h3>\n<\/div>\n<\/div>\n<\/div>\n<\/div>\n<div class=\"clearfix visible-lg-block visible-md-block\">&nbsp;<\/div>\n<\/div>\n<\/div>\n<div class=\"demo_row1 even row\">\n<h2><span class=\"demo_video_cms\" style=\"background-position: -215px -5px;\"><\/span> Joomla<\/h2>\n<div class=\"row\">\n<div class=\"col-md-6 col-sm-6 col-xs-12\">\n<div class=\"vedio_bg\">\n<div class=\"tt_video_modal\"><a href=\"https:\/\/youtu.be\/SAdktPTGCqU\"><img decoding=\"async\" src=\"https:\/\/templatetoaster.com\/wp-content\/uploads\/2018\/02\/youtube.png\"><\/a>&nbsp;<\/p>\n<div class=\"video-content\">\n<h3>Miten luoda Joomla teema TemplateToasterissa<\/h3>\n<\/div>\n<\/div>\n<\/div>\n<\/div>\n<div class=\"col-md-6 col-sm-6 col-xs-12\">\n<div class=\"vedio_bg\">\n<div class=\"tt_video_modal\"><a href=\"https:\/\/youtu.be\/o3_csR3JFME\"><img decoding=\"async\" src=\"https:\/\/templatetoaster.com\/wp-content\/uploads\/2018\/02\/youtube.png\"><\/a>&nbsp;<\/p>\n<div class=\"video-content\">\n<h3>Miten l\u00e4hett\u00e4\u00e4 TemplateToasterissa luotu teema Joomlaan<\/h3>\n<\/div>\n<\/div>\n<\/div>\n<\/div>\n<div class=\"clearfix visible-lg-block visible-md-block\">&nbsp;<\/div>\n<\/div>\n<\/div>\n<div class=\"demo_row1 even row\">\n<h2><span class=\"demo_video_cms\" style=\"background-position: -315px -112px\"><\/span> Blogger<\/h2>\n<div class=\"row\">\n<div class=\"col-md-6 col-sm-6 col-xs-12\">\n<div class=\"vedio_bg\">\n<div class=\"tt_video_modal\"><a href=\"https:\/\/youtu.be\/ySdCPFNKfj0\"><img decoding=\"async\" src=\"https:\/\/templatetoaster.com\/wp-content\/uploads\/2018\/02\/youtube.png\"><\/a>&nbsp;<\/p>\n<div class=\"video-content\">\n<h3>Miten luoda Blogger malleja TemplateToasterissa<\/h3>\n<\/div>\n<\/div>\n<\/div>\n<\/div>\n<div class=\"col-md-6 col-sm-6 col-xs-12\">\n<div class=\"vedio_bg\">\n<div class=\"tt_video_modal\"><a href=\"https:\/\/youtu.be\/jLTa_7TgVZk\"><img decoding=\"async\" src=\"https:\/\/templatetoaster.com\/wp-content\/uploads\/2018\/02\/youtube.png\"><\/a>&nbsp;<\/p>\n<div class=\"video-content\">\n<h3>Miten l\u00e4hett\u00e4\u00e4 TemplateToasterissa luotu malli Bloggeriin<\/h3>\n<\/div>\n<\/div>\n<\/div>\n<\/div>\n<div class=\"clearfix visible-lg-block visible-md-block\">&nbsp;<\/div>\n<\/div>\n<\/div>\n<div class=\"demo_row1 even row\">\n<h2><span class=\"demo_video_cms\" style=\"background-position: -371px -112px\"><\/span> HTML CSS<\/h2>\n<div class=\"row\">\n<div class=\"col-md-6 col-sm-6 col-xs-12\">\n<div class=\"vedio_bg\">\n<div class=\"tt_video_modal\"><a href=\"https:\/\/youtu.be\/PRbnZjCqasE\"><img decoding=\"async\" src=\"https:\/\/templatetoaster.com\/wp-content\/uploads\/2018\/02\/youtube.png\"><\/a>&nbsp;<\/p>\n<div class=\"video-content\">\n<h3>Miten luodaan HTML CSS sivustoja TemplateToasterissa<\/h3>\n<\/div>\n<\/div>\n<\/div>\n<\/div>\n<div class=\"col-md-6 col-sm-6 col-xs-12\">\n<div class=\"vedio_bg\">\n<div class=\"tt_video_modal\"><a href=\"https:\/\/youtu.be\/wXeaIYZVxO8\"><img decoding=\"async\" src=\"https:\/\/templatetoaster.com\/wp-content\/uploads\/2018\/02\/youtube.png\"><\/a>&nbsp;<\/p>\n<div class=\"video-content\">\n<h3>Miten l\u00e4hett\u00e4\u00e4 TemplateToasterissa luotu HTML CSS sivusto<\/h3>\n<\/div>\n<\/div>\n<\/div>\n<\/div>\n<div class=\"clearfix visible-lg-block visible-md-block\">&nbsp;<\/div>\n<\/div>\n<\/div>\n","protected":false},"excerpt":{"rendered":"<p>&nbsp; TemplateToaster Esittelyvideo Oppaat WordPress &nbsp; Miten luodaan WordPress teema TemplateToasterissa &nbsp; &nbsp; Miten l\u00e4hett\u00e4\u00e4 TemplateToasterissa luotuja teemoja WordPressiin &nbsp; Magento 1.9 &nbsp; Miten luoda Magento 1.9 Teema TemplateToasterissa &nbsp; Miten l\u00e4hett\u00e4\u00e4 TemplateToasterissa luotuja teemoja Magento 1.9 &nbsp; Magento 2.0 &hellip; <a href=\"https:\/\/templatetoaster.com\/fi\/demo\">Continue Reading<span class=\"meta-nav\">&rarr;<\/span><\/a><\/p>\n","protected":false},"author":1,"featured_media":0,"parent":0,"menu_order":0,"comment_status":"closed","ping_status":"closed","template":"PageTemplate1.php","meta":{"footnotes":""},"yoast_head":"<!-- This site is optimized with the Yoast SEO plugin v23.5 - https:\/\/yoast.com\/wordpress\/plugins\/seo\/ -->\n<title>TempleToaster demonstrointi videokursseja - TemplateToaster<\/title>\n<meta name=\"description\" content=\"Kaikki tieto mit\u00e4 tarvitset TempleToasterilla luomiseen ja l\u00e4hett\u00e4miseen.\" \/>\n<meta name=\"robots\" content=\"index, follow, max-snippet:-1, max-image-preview:large, max-video-preview:-1\" \/>\n<link rel=\"canonical\" href=\"https:\/\/templatetoaster.com\/fi\/demo\" \/>\n<meta property=\"og:locale\" content=\"fi_FI\" \/>\n<meta property=\"og:type\" content=\"article\" \/>\n<meta property=\"og:title\" content=\"TempleToaster demonstrointi videokursseja - TemplateToaster\" \/>\n<meta property=\"og:description\" content=\"Kaikki tieto mit\u00e4 tarvitset TempleToasterilla luomiseen ja l\u00e4hett\u00e4miseen.\" \/>\n<meta property=\"og:url\" content=\"https:\/\/templatetoaster.com\/fi\/demo\" \/>\n<meta property=\"og:site_name\" content=\"TemplateToaster\" \/>\n<meta property=\"article:publisher\" content=\"https:\/\/www.facebook.com\/TemplateToaster\" \/>\n<meta property=\"article:modified_time\" content=\"2019-09-03T05:29:06+00:00\" \/>\n<meta property=\"og:image\" content=\"https:\/\/templatetoaster.com\/wp-content\/uploads\/2018\/02\/youtube.png\" \/>\n<meta name=\"twitter:card\" content=\"summary_large_image\" \/>\n<meta name=\"twitter:site\" content=\"@templatetoaster\" \/>\n<meta name=\"twitter:label1\" content=\"Arvioitu lukuaika\" \/>\n\t<meta name=\"twitter:data1\" content=\"1 minuutti\" \/>\n<script type=\"application\/ld+json\" class=\"yoast-schema-graph\">{\"@context\":\"https:\/\/schema.org\",\"@graph\":[{\"@type\":\"WebPage\",\"@id\":\"https:\/\/templatetoaster.com\/fi\/demo\",\"url\":\"https:\/\/templatetoaster.com\/fi\/demo\",\"name\":\"TempleToaster demonstrointi videokursseja - TemplateToaster\",\"isPartOf\":{\"@id\":\"https:\/\/templatetoaster.com\/#website\"},\"primaryImageOfPage\":{\"@id\":\"https:\/\/templatetoaster.com\/fi\/demo#primaryimage\"},\"image\":{\"@id\":\"https:\/\/templatetoaster.com\/fi\/demo#primaryimage\"},\"thumbnailUrl\":\"https:\/\/templatetoaster.com\/wp-content\/uploads\/2018\/02\/youtube.png\",\"datePublished\":\"2018-04-14T10:29:29+00:00\",\"dateModified\":\"2019-09-03T05:29:06+00:00\",\"description\":\"Kaikki tieto mit\u00e4 tarvitset TempleToasterilla luomiseen ja l\u00e4hett\u00e4miseen.\",\"breadcrumb\":{\"@id\":\"https:\/\/templatetoaster.com\/fi\/demo#breadcrumb\"},\"inLanguage\":\"fi\",\"potentialAction\":[{\"@type\":\"ReadAction\",\"target\":[\"https:\/\/templatetoaster.com\/fi\/demo\"]}]},{\"@type\":\"ImageObject\",\"inLanguage\":\"fi\",\"@id\":\"https:\/\/templatetoaster.com\/fi\/demo#primaryimage\",\"url\":\"https:\/\/templatetoaster.com\/wp-content\/uploads\/2018\/02\/youtube.png\",\"contentUrl\":\"https:\/\/templatetoaster.com\/wp-content\/uploads\/2018\/02\/youtube.png\"},{\"@type\":\"BreadcrumbList\",\"@id\":\"https:\/\/templatetoaster.com\/fi\/demo#breadcrumb\",\"itemListElement\":[{\"@type\":\"ListItem\",\"position\":1,\"name\":\"Home\",\"item\":\"https:\/\/templatetoaster.com\/fi\"},{\"@type\":\"ListItem\",\"position\":2,\"name\":\"TempleToaster demonstrointi videokursseja\"}]},{\"@type\":\"WebSite\",\"@id\":\"https:\/\/templatetoaster.com\/#website\",\"url\":\"https:\/\/templatetoaster.com\/\",\"name\":\"TemplateToaster\",\"description\":\"\",\"publisher\":{\"@id\":\"https:\/\/templatetoaster.com\/#organization\"},\"inLanguage\":\"fi\"},{\"@type\":\"Organization\",\"@id\":\"https:\/\/templatetoaster.com\/#organization\",\"name\":\"TemplateToaster\",\"url\":\"https:\/\/templatetoaster.com\/\",\"logo\":{\"@type\":\"ImageObject\",\"inLanguage\":\"fi\",\"@id\":\"https:\/\/templatetoaster.com\/#\/schema\/logo\/image\/\",\"url\":\"https:\/\/templatetoaster.com\/wp-content\/uploads\/2019\/11\/TemplateToaster_Logo.jpg\",\"contentUrl\":\"https:\/\/templatetoaster.com\/wp-content\/uploads\/2019\/11\/TemplateToaster_Logo.jpg\",\"width\":85,\"height\":85,\"caption\":\"TemplateToaster\"},\"image\":{\"@id\":\"https:\/\/templatetoaster.com\/#\/schema\/logo\/image\/\"},\"sameAs\":[\"https:\/\/www.facebook.com\/TemplateToaster\",\"https:\/\/x.com\/templatetoaster\",\"https:\/\/www.instagram.com\/templatetoaster\/\",\"https:\/\/www.linkedin.com\/company\/templatetoaster\/\",\"https:\/\/www.pinterest.com\/templatetoaster\/\",\"https:\/\/www.youtube.com\/@TemplateToaster\"]}]}<\/script>\n<!-- \/ Yoast SEO plugin. -->","yoast_head_json":{"title":"TempleToaster demonstrointi videokursseja - TemplateToaster","description":"Kaikki tieto mit\u00e4 tarvitset TempleToasterilla luomiseen ja l\u00e4hett\u00e4miseen.","robots":{"index":"index","follow":"follow","max-snippet":"max-snippet:-1","max-image-preview":"max-image-preview:large","max-video-preview":"max-video-preview:-1"},"canonical":"https:\/\/templatetoaster.com\/fi\/demo","og_locale":"fi_FI","og_type":"article","og_title":"TempleToaster demonstrointi videokursseja - TemplateToaster","og_description":"Kaikki tieto mit\u00e4 tarvitset TempleToasterilla luomiseen ja l\u00e4hett\u00e4miseen.","og_url":"https:\/\/templatetoaster.com\/fi\/demo","og_site_name":"TemplateToaster","article_publisher":"https:\/\/www.facebook.com\/TemplateToaster","article_modified_time":"2019-09-03T05:29:06+00:00","og_image":[{"url":"https:\/\/templatetoaster.com\/wp-content\/uploads\/2018\/02\/youtube.png"}],"twitter_card":"summary_large_image","twitter_site":"@templatetoaster","twitter_misc":{"Arvioitu lukuaika":"1 minuutti"},"schema":{"@context":"https:\/\/schema.org","@graph":[{"@type":"WebPage","@id":"https:\/\/templatetoaster.com\/fi\/demo","url":"https:\/\/templatetoaster.com\/fi\/demo","name":"TempleToaster demonstrointi videokursseja - TemplateToaster","isPartOf":{"@id":"https:\/\/templatetoaster.com\/#website"},"primaryImageOfPage":{"@id":"https:\/\/templatetoaster.com\/fi\/demo#primaryimage"},"image":{"@id":"https:\/\/templatetoaster.com\/fi\/demo#primaryimage"},"thumbnailUrl":"https:\/\/templatetoaster.com\/wp-content\/uploads\/2018\/02\/youtube.png","datePublished":"2018-04-14T10:29:29+00:00","dateModified":"2019-09-03T05:29:06+00:00","description":"Kaikki tieto mit\u00e4 tarvitset TempleToasterilla luomiseen ja l\u00e4hett\u00e4miseen.","breadcrumb":{"@id":"https:\/\/templatetoaster.com\/fi\/demo#breadcrumb"},"inLanguage":"fi","potentialAction":[{"@type":"ReadAction","target":["https:\/\/templatetoaster.com\/fi\/demo"]}]},{"@type":"ImageObject","inLanguage":"fi","@id":"https:\/\/templatetoaster.com\/fi\/demo#primaryimage","url":"https:\/\/templatetoaster.com\/wp-content\/uploads\/2018\/02\/youtube.png","contentUrl":"https:\/\/templatetoaster.com\/wp-content\/uploads\/2018\/02\/youtube.png"},{"@type":"BreadcrumbList","@id":"https:\/\/templatetoaster.com\/fi\/demo#breadcrumb","itemListElement":[{"@type":"ListItem","position":1,"name":"Home","item":"https:\/\/templatetoaster.com\/fi"},{"@type":"ListItem","position":2,"name":"TempleToaster demonstrointi videokursseja"}]},{"@type":"WebSite","@id":"https:\/\/templatetoaster.com\/#website","url":"https:\/\/templatetoaster.com\/","name":"TemplateToaster","description":"","publisher":{"@id":"https:\/\/templatetoaster.com\/#organization"},"inLanguage":"fi"},{"@type":"Organization","@id":"https:\/\/templatetoaster.com\/#organization","name":"TemplateToaster","url":"https:\/\/templatetoaster.com\/","logo":{"@type":"ImageObject","inLanguage":"fi","@id":"https:\/\/templatetoaster.com\/#\/schema\/logo\/image\/","url":"https:\/\/templatetoaster.com\/wp-content\/uploads\/2019\/11\/TemplateToaster_Logo.jpg","contentUrl":"https:\/\/templatetoaster.com\/wp-content\/uploads\/2019\/11\/TemplateToaster_Logo.jpg","width":85,"height":85,"caption":"TemplateToaster"},"image":{"@id":"https:\/\/templatetoaster.com\/#\/schema\/logo\/image\/"},"sameAs":["https:\/\/www.facebook.com\/TemplateToaster","https:\/\/x.com\/templatetoaster","https:\/\/www.instagram.com\/templatetoaster\/","https:\/\/www.linkedin.com\/company\/templatetoaster\/","https:\/\/www.pinterest.com\/templatetoaster\/","https:\/\/www.youtube.com\/@TemplateToaster"]}]}},"_links":{"self":[{"href":"https:\/\/templatetoaster.com\/fi\/wp-json\/wp\/v2\/pages\/4577"}],"collection":[{"href":"https:\/\/templatetoaster.com\/fi\/wp-json\/wp\/v2\/pages"}],"about":[{"href":"https:\/\/templatetoaster.com\/fi\/wp-json\/wp\/v2\/types\/page"}],"author":[{"embeddable":true,"href":"https:\/\/templatetoaster.com\/fi\/wp-json\/wp\/v2\/users\/1"}],"replies":[{"embeddable":true,"href":"https:\/\/templatetoaster.com\/fi\/wp-json\/wp\/v2\/comments?post=4577"}],"version-history":[{"count":3,"href":"https:\/\/templatetoaster.com\/fi\/wp-json\/wp\/v2\/pages\/4577\/revisions"}],"predecessor-version":[{"id":66661,"href":"https:\/\/templatetoaster.com\/fi\/wp-json\/wp\/v2\/pages\/4577\/revisions\/66661"}],"wp:attachment":[{"href":"https:\/\/templatetoaster.com\/fi\/wp-json\/wp\/v2\/media?parent=4577"}],"curies":[{"name":"wp","href":"https:\/\/api.w.org\/{rel}","templated":true}]}}