{"id":4571,"date":"2018-04-14T10:21:50","date_gmt":"2018-04-14T10:21:50","guid":{"rendered":"http:\/\/templatetoaster.com?page_id=4571"},"modified":"2019-08-09T12:37:15","modified_gmt":"2019-08-09T12:37:15","slug":"purchase","status":"publish","type":"page","link":"https:\/\/templatetoaster.com\/fi\/purchase","title":{"rendered":"Osta tuote"},"content":{"rendered":"<div class=\"tt_purchase_row row\">\n<h1 class=\"heading_border\">Osta TemplateToaster<\/h1>\n<div class=\"table-responsive\">\n<table class=\"table table-striped\">\n<thead>\n<tr>\n<th>TemplateToaster versiot<\/th>\n<th>Standardi versio<\/th>\n<th>Pro versio<\/th>\n<\/tr>\n<\/thead>\n<tbody>\n<tr>\n<td style=\"background-color: #e4e4e4;color: #1e1e1e;font-weight: 700;font-size: 22px; padding: 15px 10px;\">Hinta<\/td>\n<td style=\"background-color: #e4e4e4; color: #1e1e1e;font-weight: 700; font-size: 22px; padding: 15px 10px; text-align: center;\">$ 49<\/td>\n<td style=\"background-color: #e4e4e4; color: #1e1e1e;font-weight: 700; text-center; font-size: 22px; padding: 15px 10px; text-align: center;\">$ 149<\/td>\n<\/tr>\n<tr>\n<td>WordPress, Joomla, Magento, Drupal, HTML Website, PrestaShop, VirtueMart ja WooCommerce<\/td>\n<td>\n<div class=\"text-center\">\n<div class=\"right_icon\"><\/div>\n<\/div>\n<\/td>\n<td>\n<div class=\"text-center\">\n<div class=\"right_icon\"><\/div>\n<\/div>\n<\/td>\n<\/tr>\n<tr>\n<td>Ilmaiset p\u00e4ivitykset yhden vuoden<\/td>\n<td>\n<div class=\"text-center\">\n<div class=\"right_icon\"><\/div>\n<\/div>\n<\/td>\n<td>\n<div class=\"text-center\">\n<div class=\"right_icon\"><\/div>\n<\/div>\n<\/td>\n<\/tr>\n<tr>\n<td>Vankka tuotetuki<\/td>\n<td>\n<div class=\"text-center\">\n<div class=\"right_icon\"><\/div>\n<\/div>\n<\/td>\n<td>\n<div class=\"text-center\">\n<div class=\"right_icon\"><\/div>\n<\/div>\n<\/td>\n<\/tr>\n<tr>\n<td>Vapaa mallit\/Teemat\/Sivupohjat<\/td>\n<td>\n<div class=\"text-center\">\n<div class=\"right_icon\"><\/div>\n<\/div>\n<\/td>\n<td>\n<div class=\"text-center\">\n<div class=\"right_icon\"><\/div>\n<\/div>\n<\/td>\n<\/tr>\n<tr>\n<td>Bootstrap tuki<\/td>\n<td>\n<div class=\"text-center\">\n<div class=\"right_icon\"><\/div>\n<\/div>\n<\/td>\n<td>\n<div class=\"text-center\">\n<div class=\"right_icon\"><\/div>\n<\/div>\n<\/td>\n<\/tr>\n<tr>\n<td>Mahdollisuus suunnitella alusta asti<\/td>\n<td>\n<div class=\"text-center\">\n<div class=\"wrong_icon\"><\/div>\n<\/div>\n<\/td>\n<td>\n<div class=\"text-center\">\n<div class=\"right_icon\"><\/div>\n<\/div>\n<\/td>\n<\/tr>\n<tr>\n<td>Otsikot(H1 H2 jne.) Asetukset<\/td>\n<td>\n<div class=\"text-center\">\n<div class=\"wrong_icon\"><\/div>\n<\/div>\n<\/td>\n<td>\n<div class=\"text-center\">\n<div class=\"right_icon\"><\/div>\n<\/div>\n<\/td>\n<\/tr>\n<tr>\n<td>FTP mahdollisuus<\/td>\n<td>\n<div class=\"text-center\">\n<div class=\"wrong_icon\"><\/div>\n<\/div>\n<\/td>\n<td>\n<div class=\"text-center\">\n<div class=\"right_icon\"><\/div>\n<\/div>\n<\/td>\n<\/tr>\n<tr>\n<td>Moduuli-ja Widget- alueiden asettelu<\/td>\n<td>\n<div class=\"text-center\">\n<div class=\"wrong_icon\"><\/div>\n<\/div>\n<\/td>\n<td>\n<div class=\"text-center\">\n<div class=\"right_icon\"><\/div>\n<\/div>\n<\/td>\n<\/tr>\n<tr>\n<td>Mukautettu sivun mallin suunnittelu<\/td>\n<td>\n<div class=\"text-center\">\n<div class=\"wrong_icon\"><\/div>\n<\/div>\n<\/td>\n<td>\n<div class=\"text-center\">\n<div class=\"right_icon\"><\/div>\n<\/div>\n<\/td>\n<\/tr>\n<tr>\n<td>Poista _ttr CSS etuliite<\/td>\n<td>\n<div class=\"text-center\">\n<div class=\"wrong_icon\"><\/div>\n<\/div>\n<\/td>\n<td>\n<div class=\"text-center\">\n<div class=\"right_icon\"><\/div>\n<\/div>\n<\/td>\n<\/tr>\n<tr>\n<td>Mallin mukautettujen kuvien k\u00e4ytt\u00e4minen<\/td>\n<td>\n<div class=\"text-center\">\n<div class=\"wrong_icon\"><\/div>\n<\/div>\n<\/td>\n<td>\n<div class=\"text-center\">\n<div class=\"right_icon\"><\/div>\n<\/div>\n<\/td>\n<\/tr>\n<tr>\n<td>Mukautetun liukuv\u00e4rin kulma ja liukuv\u00e4rin s\u00e4\u00e4d\u00f6t<\/td>\n<td>\n<div class=\"text-center\">\n<div class=\"wrong_icon\"><\/div>\n<\/div>\n<\/td>\n<td>\n<div class=\"text-center\">\n<div class=\"right_icon\"><\/div>\n<\/div>\n<\/td>\n<\/tr>\n<tr>\n<td>Oma Logo hyperlinkill\u00e4<\/td>\n<td>\n<div class=\"text-center\">\n<div class=\"wrong_icon\"><\/div>\n<\/div>\n<\/td>\n<td>\n<div class=\"text-center\">\n<div class=\"right_icon\"><\/div>\n<\/div>\n<\/td>\n<\/tr>\n<tr>\n<td>Mukautetut arvot, kuten korkeus ja leveydeys jne.<\/td>\n<td>\n<div class=\"text-center\">\n<div class=\"wrong_icon\"><\/div>\n<\/div>\n<\/td>\n<td>\n<div class=\"text-center\">\n<div class=\"right_icon\"><\/div>\n<\/div>\n<\/td>\n<\/tr>\n<tr>\n<td>Elementin kirjanmerkit<\/td>\n<td>\n<div class=\"text-center\">\n<div class=\"wrong_icon\"><\/div>\n<\/div>\n<\/td>\n<td>\n<div class=\"text-center\">\n<div class=\"right_icon\"><\/div>\n<\/div>\n<\/td>\n<\/tr>\n<tr>\n<td>Kuvien muokkaus asetukset<\/td>\n<td>\n<div class=\"text-center\">\n<div class=\"wrong_icon\"><\/div>\n<\/div>\n<\/td>\n<td>\n<div class=\"text-center\">\n<div class=\"right_icon\"><\/div>\n<\/div>\n<\/td>\n<\/tr>\n<tr>\n<td>TemplateToaster versiot<\/td>\n<td style=\"text-align: center;\"><a class=\"btn btn-buy-now\" href=\"https:\/\/templatetoaster.com\/purchase-standard-edition\">Osta nyt<\/a><\/td>\n<td style=\"text-align: center;\"><a class=\"btn btn-buy-now\" href=\"https:\/\/templatetoaster.com\/purchase-professional-edition\">Osta nyt<\/a><\/td>\n<\/tr>\n<\/tbody>\n<\/table>\n<\/div>\n<p><b>K\u00e4ytett\u00e4viss\u00e4 olevat maksutavat:<\/b><br \/>\nPayPal, Luottokortit, Pankkisiirto, Faksi, sofortbanking, Alipay, Carte Bleue, Giropay, Ihanteellinen, WebMoney &amp; <a href=\"https:\/\/templatetoaster.com\/support\">Paljon muuta<\/a>.<\/p>\n<p>Saatuaan maksun sinulle s\u00e4hk\u00f6postitse aktivointiavaimen. On tarpeen aktivoida TemplateToaster, joka voidaan ladata kokeiluversio <a href=\"https:\/\/templatetoaster.com\/fi\/download\">T\u00e4\u00e4ll\u00e4<\/a>.<\/p>\n<p>Tarjoamme t\u00e4yden kokeiluversion ja eiv\u00e4t tarjoa vientitukea, Ole hyv\u00e4 <a href=\"https:\/\/templatetoaster.com\/fi\/download\">arvioida <\/a>TemplateToaster ennen ostamista aktivoiminen avain.<\/div>\n","protected":false},"excerpt":{"rendered":"<p>Osta TemplateToaster TemplateToaster versiot Standardi versio Pro versio Hinta $ 49 $ 149 WordPress, Joomla, Magento, Drupal, HTML Website, PrestaShop, VirtueMart ja WooCommerce Ilmaiset p\u00e4ivitykset yhden vuoden Vankka tuotetuki Vapaa mallit\/Teemat\/Sivupohjat Bootstrap tuki Mahdollisuus suunnitella alusta asti Otsikot(H1 H2 jne.) &hellip; <a href=\"https:\/\/templatetoaster.com\/fi\/purchase\">Continue Reading<span class=\"meta-nav\">&rarr;<\/span><\/a><\/p>\n","protected":false},"author":1,"featured_media":0,"parent":0,"menu_order":0,"comment_status":"closed","ping_status":"closed","template":"PageTemplate1.php","meta":{"footnotes":""},"yoast_head":"<!-- This site is optimized with the Yoast SEO plugin v23.5 - https:\/\/yoast.com\/wordpress\/plugins\/seo\/ -->\n<title>Osta tuote - TemplateToaster<\/title>\n<meta name=\"description\" content=\"Osta TemplateToaster aktivointiavain. Hyv\u00e4ksymme maksuv\u00e4lineeksi Paypalin ja tavallisimmat pankki\/luottokortit.\" \/>\n<meta name=\"robots\" content=\"index, follow, max-snippet:-1, max-image-preview:large, max-video-preview:-1\" \/>\n<link rel=\"canonical\" href=\"https:\/\/templatetoaster.com\/fi\/purchase\" \/>\n<meta property=\"og:locale\" content=\"fi_FI\" \/>\n<meta property=\"og:type\" content=\"article\" \/>\n<meta property=\"og:title\" content=\"Osta tuote - TemplateToaster\" \/>\n<meta property=\"og:description\" content=\"Osta TemplateToaster aktivointiavain. Hyv\u00e4ksymme maksuv\u00e4lineeksi Paypalin ja tavallisimmat pankki\/luottokortit.\" \/>\n<meta property=\"og:url\" content=\"https:\/\/templatetoaster.com\/fi\/purchase\" \/>\n<meta property=\"og:site_name\" content=\"TemplateToaster\" \/>\n<meta property=\"article:publisher\" content=\"https:\/\/www.facebook.com\/TemplateToaster\" \/>\n<meta property=\"article:modified_time\" content=\"2019-08-09T12:37:15+00:00\" \/>\n<meta property=\"og:image\" content=\"https:\/\/templatetoaster.com\/wp-content\/uploads\/2015\/07\/TemplateToaster-325X325.png\" \/>\n\t<meta property=\"og:image:width\" content=\"325\" \/>\n\t<meta property=\"og:image:height\" content=\"325\" \/>\n\t<meta property=\"og:image:type\" content=\"image\/png\" \/>\n<meta name=\"twitter:card\" content=\"summary_large_image\" \/>\n<meta name=\"twitter:site\" content=\"@templatetoaster\" \/>\n<meta name=\"twitter:label1\" content=\"Arvioitu lukuaika\" \/>\n\t<meta name=\"twitter:data1\" content=\"1 minuutti\" \/>\n<script type=\"application\/ld+json\" class=\"yoast-schema-graph\">{\"@context\":\"https:\/\/schema.org\",\"@graph\":[{\"@type\":\"WebPage\",\"@id\":\"https:\/\/templatetoaster.com\/fi\/purchase\",\"url\":\"https:\/\/templatetoaster.com\/fi\/purchase\",\"name\":\"Osta tuote - TemplateToaster\",\"isPartOf\":{\"@id\":\"https:\/\/templatetoaster.com\/#website\"},\"datePublished\":\"2018-04-14T10:21:50+00:00\",\"dateModified\":\"2019-08-09T12:37:15+00:00\",\"description\":\"Osta TemplateToaster aktivointiavain. Hyv\u00e4ksymme maksuv\u00e4lineeksi Paypalin ja tavallisimmat pankki\/luottokortit.\",\"breadcrumb\":{\"@id\":\"https:\/\/templatetoaster.com\/fi\/purchase#breadcrumb\"},\"inLanguage\":\"fi\",\"potentialAction\":[{\"@type\":\"ReadAction\",\"target\":[\"https:\/\/templatetoaster.com\/fi\/purchase\"]}]},{\"@type\":\"BreadcrumbList\",\"@id\":\"https:\/\/templatetoaster.com\/fi\/purchase#breadcrumb\",\"itemListElement\":[{\"@type\":\"ListItem\",\"position\":1,\"name\":\"Home\",\"item\":\"https:\/\/templatetoaster.com\/fi\"},{\"@type\":\"ListItem\",\"position\":2,\"name\":\"Osta tuote\"}]},{\"@type\":\"WebSite\",\"@id\":\"https:\/\/templatetoaster.com\/#website\",\"url\":\"https:\/\/templatetoaster.com\/\",\"name\":\"TemplateToaster\",\"description\":\"\",\"publisher\":{\"@id\":\"https:\/\/templatetoaster.com\/#organization\"},\"inLanguage\":\"fi\"},{\"@type\":\"Organization\",\"@id\":\"https:\/\/templatetoaster.com\/#organization\",\"name\":\"TemplateToaster\",\"url\":\"https:\/\/templatetoaster.com\/\",\"logo\":{\"@type\":\"ImageObject\",\"inLanguage\":\"fi\",\"@id\":\"https:\/\/templatetoaster.com\/#\/schema\/logo\/image\/\",\"url\":\"https:\/\/templatetoaster.com\/wp-content\/uploads\/2019\/11\/TemplateToaster_Logo.jpg\",\"contentUrl\":\"https:\/\/templatetoaster.com\/wp-content\/uploads\/2019\/11\/TemplateToaster_Logo.jpg\",\"width\":85,\"height\":85,\"caption\":\"TemplateToaster\"},\"image\":{\"@id\":\"https:\/\/templatetoaster.com\/#\/schema\/logo\/image\/\"},\"sameAs\":[\"https:\/\/www.facebook.com\/TemplateToaster\",\"https:\/\/x.com\/templatetoaster\",\"https:\/\/www.instagram.com\/templatetoaster\/\",\"https:\/\/www.linkedin.com\/company\/templatetoaster\/\",\"https:\/\/www.pinterest.com\/templatetoaster\/\",\"https:\/\/www.youtube.com\/@TemplateToaster\"]}]}<\/script>\n<!-- \/ Yoast SEO plugin. -->","yoast_head_json":{"title":"Osta tuote - TemplateToaster","description":"Osta TemplateToaster aktivointiavain. Hyv\u00e4ksymme maksuv\u00e4lineeksi Paypalin ja tavallisimmat pankki\/luottokortit.","robots":{"index":"index","follow":"follow","max-snippet":"max-snippet:-1","max-image-preview":"max-image-preview:large","max-video-preview":"max-video-preview:-1"},"canonical":"https:\/\/templatetoaster.com\/fi\/purchase","og_locale":"fi_FI","og_type":"article","og_title":"Osta tuote - TemplateToaster","og_description":"Osta TemplateToaster aktivointiavain. Hyv\u00e4ksymme maksuv\u00e4lineeksi Paypalin ja tavallisimmat pankki\/luottokortit.","og_url":"https:\/\/templatetoaster.com\/fi\/purchase","og_site_name":"TemplateToaster","article_publisher":"https:\/\/www.facebook.com\/TemplateToaster","article_modified_time":"2019-08-09T12:37:15+00:00","og_image":[{"width":325,"height":325,"url":"https:\/\/templatetoaster.com\/wp-content\/uploads\/2015\/07\/TemplateToaster-325X325.png","type":"image\/png"}],"twitter_card":"summary_large_image","twitter_site":"@templatetoaster","twitter_misc":{"Arvioitu lukuaika":"1 minuutti"},"schema":{"@context":"https:\/\/schema.org","@graph":[{"@type":"WebPage","@id":"https:\/\/templatetoaster.com\/fi\/purchase","url":"https:\/\/templatetoaster.com\/fi\/purchase","name":"Osta tuote - TemplateToaster","isPartOf":{"@id":"https:\/\/templatetoaster.com\/#website"},"datePublished":"2018-04-14T10:21:50+00:00","dateModified":"2019-08-09T12:37:15+00:00","description":"Osta TemplateToaster aktivointiavain. Hyv\u00e4ksymme maksuv\u00e4lineeksi Paypalin ja tavallisimmat pankki\/luottokortit.","breadcrumb":{"@id":"https:\/\/templatetoaster.com\/fi\/purchase#breadcrumb"},"inLanguage":"fi","potentialAction":[{"@type":"ReadAction","target":["https:\/\/templatetoaster.com\/fi\/purchase"]}]},{"@type":"BreadcrumbList","@id":"https:\/\/templatetoaster.com\/fi\/purchase#breadcrumb","itemListElement":[{"@type":"ListItem","position":1,"name":"Home","item":"https:\/\/templatetoaster.com\/fi"},{"@type":"ListItem","position":2,"name":"Osta tuote"}]},{"@type":"WebSite","@id":"https:\/\/templatetoaster.com\/#website","url":"https:\/\/templatetoaster.com\/","name":"TemplateToaster","description":"","publisher":{"@id":"https:\/\/templatetoaster.com\/#organization"},"inLanguage":"fi"},{"@type":"Organization","@id":"https:\/\/templatetoaster.com\/#organization","name":"TemplateToaster","url":"https:\/\/templatetoaster.com\/","logo":{"@type":"ImageObject","inLanguage":"fi","@id":"https:\/\/templatetoaster.com\/#\/schema\/logo\/image\/","url":"https:\/\/templatetoaster.com\/wp-content\/uploads\/2019\/11\/TemplateToaster_Logo.jpg","contentUrl":"https:\/\/templatetoaster.com\/wp-content\/uploads\/2019\/11\/TemplateToaster_Logo.jpg","width":85,"height":85,"caption":"TemplateToaster"},"image":{"@id":"https:\/\/templatetoaster.com\/#\/schema\/logo\/image\/"},"sameAs":["https:\/\/www.facebook.com\/TemplateToaster","https:\/\/x.com\/templatetoaster","https:\/\/www.instagram.com\/templatetoaster\/","https:\/\/www.linkedin.com\/company\/templatetoaster\/","https:\/\/www.pinterest.com\/templatetoaster\/","https:\/\/www.youtube.com\/@TemplateToaster"]}]}},"_links":{"self":[{"href":"https:\/\/templatetoaster.com\/fi\/wp-json\/wp\/v2\/pages\/4571"}],"collection":[{"href":"https:\/\/templatetoaster.com\/fi\/wp-json\/wp\/v2\/pages"}],"about":[{"href":"https:\/\/templatetoaster.com\/fi\/wp-json\/wp\/v2\/types\/page"}],"author":[{"embeddable":true,"href":"https:\/\/templatetoaster.com\/fi\/wp-json\/wp\/v2\/users\/1"}],"replies":[{"embeddable":true,"href":"https:\/\/templatetoaster.com\/fi\/wp-json\/wp\/v2\/comments?post=4571"}],"version-history":[{"count":5,"href":"https:\/\/templatetoaster.com\/fi\/wp-json\/wp\/v2\/pages\/4571\/revisions"}],"predecessor-version":[{"id":64002,"href":"https:\/\/templatetoaster.com\/fi\/wp-json\/wp\/v2\/pages\/4571\/revisions\/64002"}],"wp:attachment":[{"href":"https:\/\/templatetoaster.com\/fi\/wp-json\/wp\/v2\/media?parent=4571"}],"curies":[{"name":"wp","href":"https:\/\/api.w.org\/{rel}","templated":true}]}}