{"id":4567,"date":"2018-04-14T10:19:21","date_gmt":"2018-04-14T10:19:21","guid":{"rendered":"http:\/\/templatetoaster.com?page_id=4567"},"modified":"2019-08-10T05:11:40","modified_gmt":"2019-08-10T05:11:40","slug":"privacy-policy","status":"publish","type":"page","link":"https:\/\/templatetoaster.com\/fi\/privacy-policy","title":{"rendered":"Tietosuojaseloste"},"content":{"rendered":"<div class=\"tt_privacy_policy_row row\">\n<h1 class=\"heading_border\">TemplateToaster tietosuojaseloste<\/h1>\n<p>TemplateToaster on sitoutunut varmistamaan, ett\u00e4 tiedot jota ker\u00e4\u00e4mme sinusta on t\u00e4ysin nimet\u00f6n ja suojattu, Emme koskaan jaa tietoja kolmannelle osapuolelle.<\/p>\n<p>Millaisia tietoja ker\u00e4\u00e4mme: Email ja nimi rekister\u00f6itymisess\u00e4. K\u00e4yt\u00e4mme n\u00e4it\u00e4 tietoja tilisi yll\u00e4pit\u00e4miseksi, tulevaisuudessa kommunikointiin ja lisenssiesi aktivointiin \/ deaktivointiin jne. Sivustomme voi my\u00f6s tallentaa ev\u00e4steit\u00e4 selaimeesi suorituskyvyn parantamiseksi.<\/p>\n<p>Turvallisuus: Varmistamme ett\u00e4 sinulta saamamme tieto suojataan fyysisesti, digitaalisesti, s\u00e4hk\u00f6isesti luvatta ja lis\u00e4ksi emme koskaan jaa henkil\u00f6kohtaisia tietoja kolmannelle osapuolelle. Emme myy, jaa, tai vuokraa henkil\u00f6kohtaisia tietoja, ellei laissa vaadita niin.<\/p><\/div>\n","protected":false},"excerpt":{"rendered":"<p>TemplateToaster tietosuojaseloste TemplateToaster on sitoutunut varmistamaan, ett\u00e4 tiedot jota ker\u00e4\u00e4mme sinusta on t\u00e4ysin nimet\u00f6n ja suojattu, Emme koskaan jaa tietoja kolmannelle osapuolelle. Millaisia tietoja ker\u00e4\u00e4mme: Email ja nimi rekister\u00f6itymisess\u00e4. K\u00e4yt\u00e4mme n\u00e4it\u00e4 tietoja tilisi yll\u00e4pit\u00e4miseksi, tulevaisuudessa kommunikointiin ja lisenssiesi aktivointiin \/ &hellip; <a href=\"https:\/\/templatetoaster.com\/fi\/privacy-policy\">Continue Reading<span class=\"meta-nav\">&rarr;<\/span><\/a><\/p>\n","protected":false},"author":1,"featured_media":0,"parent":0,"menu_order":0,"comment_status":"closed","ping_status":"closed","template":"PageTemplate1.php","meta":{"footnotes":""},"yoast_head":"<!-- This site is optimized with the Yoast SEO plugin v23.5 - https:\/\/yoast.com\/wordpress\/plugins\/seo\/ -->\n<title>Tietosuojaseloste - TemplateToaster<\/title>\n<meta name=\"description\" content=\"Me emme jaa henkil\u00f6kohtaisia tietoja, mukaan lukien mutta ei rajoitettu sinun nimesi, s\u00e4hk\u00f6postisi jne. kenellekk\u00e4\u00e4n ulkopuoliselle.\" \/>\n<meta name=\"robots\" content=\"index, follow, max-snippet:-1, max-image-preview:large, max-video-preview:-1\" \/>\n<link rel=\"canonical\" href=\"https:\/\/templatetoaster.com\/fi\/privacy-policy\" \/>\n<meta property=\"og:locale\" content=\"fi_FI\" \/>\n<meta property=\"og:type\" content=\"article\" \/>\n<meta property=\"og:title\" content=\"Tietosuojaseloste - TemplateToaster\" \/>\n<meta property=\"og:description\" content=\"Me emme jaa henkil\u00f6kohtaisia tietoja, mukaan lukien mutta ei rajoitettu sinun nimesi, s\u00e4hk\u00f6postisi jne. kenellekk\u00e4\u00e4n ulkopuoliselle.\" \/>\n<meta property=\"og:url\" content=\"https:\/\/templatetoaster.com\/fi\/privacy-policy\" \/>\n<meta property=\"og:site_name\" content=\"TemplateToaster\" \/>\n<meta property=\"article:publisher\" content=\"https:\/\/www.facebook.com\/TemplateToaster\" \/>\n<meta property=\"article:modified_time\" content=\"2019-08-10T05:11:40+00:00\" \/>\n<meta property=\"og:image\" content=\"https:\/\/templatetoaster.com\/wp-content\/uploads\/2015\/07\/TemplateToaster-325X325.png\" \/>\n\t<meta property=\"og:image:width\" content=\"325\" \/>\n\t<meta property=\"og:image:height\" content=\"325\" \/>\n\t<meta property=\"og:image:type\" content=\"image\/png\" \/>\n<meta name=\"twitter:card\" content=\"summary_large_image\" \/>\n<meta name=\"twitter:site\" content=\"@templatetoaster\" \/>\n<script type=\"application\/ld+json\" class=\"yoast-schema-graph\">{\"@context\":\"https:\/\/schema.org\",\"@graph\":[{\"@type\":\"WebPage\",\"@id\":\"https:\/\/templatetoaster.com\/fi\/privacy-policy\",\"url\":\"https:\/\/templatetoaster.com\/fi\/privacy-policy\",\"name\":\"Tietosuojaseloste - TemplateToaster\",\"isPartOf\":{\"@id\":\"https:\/\/templatetoaster.com\/#website\"},\"datePublished\":\"2018-04-14T10:19:21+00:00\",\"dateModified\":\"2019-08-10T05:11:40+00:00\",\"description\":\"Me emme jaa henkil\u00f6kohtaisia tietoja, mukaan lukien mutta ei rajoitettu sinun nimesi, s\u00e4hk\u00f6postisi jne. kenellekk\u00e4\u00e4n ulkopuoliselle.\",\"breadcrumb\":{\"@id\":\"https:\/\/templatetoaster.com\/fi\/privacy-policy#breadcrumb\"},\"inLanguage\":\"fi\",\"potentialAction\":[{\"@type\":\"ReadAction\",\"target\":[\"https:\/\/templatetoaster.com\/fi\/privacy-policy\"]}]},{\"@type\":\"BreadcrumbList\",\"@id\":\"https:\/\/templatetoaster.com\/fi\/privacy-policy#breadcrumb\",\"itemListElement\":[{\"@type\":\"ListItem\",\"position\":1,\"name\":\"Home\",\"item\":\"https:\/\/templatetoaster.com\/fi\"},{\"@type\":\"ListItem\",\"position\":2,\"name\":\"Tietosuojaseloste\"}]},{\"@type\":\"WebSite\",\"@id\":\"https:\/\/templatetoaster.com\/#website\",\"url\":\"https:\/\/templatetoaster.com\/\",\"name\":\"TemplateToaster\",\"description\":\"\",\"publisher\":{\"@id\":\"https:\/\/templatetoaster.com\/#organization\"},\"inLanguage\":\"fi\"},{\"@type\":\"Organization\",\"@id\":\"https:\/\/templatetoaster.com\/#organization\",\"name\":\"TemplateToaster\",\"url\":\"https:\/\/templatetoaster.com\/\",\"logo\":{\"@type\":\"ImageObject\",\"inLanguage\":\"fi\",\"@id\":\"https:\/\/templatetoaster.com\/#\/schema\/logo\/image\/\",\"url\":\"https:\/\/templatetoaster.com\/wp-content\/uploads\/2019\/11\/TemplateToaster_Logo.jpg\",\"contentUrl\":\"https:\/\/templatetoaster.com\/wp-content\/uploads\/2019\/11\/TemplateToaster_Logo.jpg\",\"width\":85,\"height\":85,\"caption\":\"TemplateToaster\"},\"image\":{\"@id\":\"https:\/\/templatetoaster.com\/#\/schema\/logo\/image\/\"},\"sameAs\":[\"https:\/\/www.facebook.com\/TemplateToaster\",\"https:\/\/x.com\/templatetoaster\",\"https:\/\/www.instagram.com\/templatetoaster\/\",\"https:\/\/www.linkedin.com\/company\/templatetoaster\/\",\"https:\/\/www.pinterest.com\/templatetoaster\/\",\"https:\/\/www.youtube.com\/@TemplateToaster\"]}]}<\/script>\n<!-- \/ Yoast SEO plugin. -->","yoast_head_json":{"title":"Tietosuojaseloste - TemplateToaster","description":"Me emme jaa henkil\u00f6kohtaisia tietoja, mukaan lukien mutta ei rajoitettu sinun nimesi, s\u00e4hk\u00f6postisi jne. kenellekk\u00e4\u00e4n ulkopuoliselle.","robots":{"index":"index","follow":"follow","max-snippet":"max-snippet:-1","max-image-preview":"max-image-preview:large","max-video-preview":"max-video-preview:-1"},"canonical":"https:\/\/templatetoaster.com\/fi\/privacy-policy","og_locale":"fi_FI","og_type":"article","og_title":"Tietosuojaseloste - TemplateToaster","og_description":"Me emme jaa henkil\u00f6kohtaisia tietoja, mukaan lukien mutta ei rajoitettu sinun nimesi, s\u00e4hk\u00f6postisi jne. kenellekk\u00e4\u00e4n ulkopuoliselle.","og_url":"https:\/\/templatetoaster.com\/fi\/privacy-policy","og_site_name":"TemplateToaster","article_publisher":"https:\/\/www.facebook.com\/TemplateToaster","article_modified_time":"2019-08-10T05:11:40+00:00","og_image":[{"width":325,"height":325,"url":"https:\/\/templatetoaster.com\/wp-content\/uploads\/2015\/07\/TemplateToaster-325X325.png","type":"image\/png"}],"twitter_card":"summary_large_image","twitter_site":"@templatetoaster","schema":{"@context":"https:\/\/schema.org","@graph":[{"@type":"WebPage","@id":"https:\/\/templatetoaster.com\/fi\/privacy-policy","url":"https:\/\/templatetoaster.com\/fi\/privacy-policy","name":"Tietosuojaseloste - TemplateToaster","isPartOf":{"@id":"https:\/\/templatetoaster.com\/#website"},"datePublished":"2018-04-14T10:19:21+00:00","dateModified":"2019-08-10T05:11:40+00:00","description":"Me emme jaa henkil\u00f6kohtaisia tietoja, mukaan lukien mutta ei rajoitettu sinun nimesi, s\u00e4hk\u00f6postisi jne. kenellekk\u00e4\u00e4n ulkopuoliselle.","breadcrumb":{"@id":"https:\/\/templatetoaster.com\/fi\/privacy-policy#breadcrumb"},"inLanguage":"fi","potentialAction":[{"@type":"ReadAction","target":["https:\/\/templatetoaster.com\/fi\/privacy-policy"]}]},{"@type":"BreadcrumbList","@id":"https:\/\/templatetoaster.com\/fi\/privacy-policy#breadcrumb","itemListElement":[{"@type":"ListItem","position":1,"name":"Home","item":"https:\/\/templatetoaster.com\/fi"},{"@type":"ListItem","position":2,"name":"Tietosuojaseloste"}]},{"@type":"WebSite","@id":"https:\/\/templatetoaster.com\/#website","url":"https:\/\/templatetoaster.com\/","name":"TemplateToaster","description":"","publisher":{"@id":"https:\/\/templatetoaster.com\/#organization"},"inLanguage":"fi"},{"@type":"Organization","@id":"https:\/\/templatetoaster.com\/#organization","name":"TemplateToaster","url":"https:\/\/templatetoaster.com\/","logo":{"@type":"ImageObject","inLanguage":"fi","@id":"https:\/\/templatetoaster.com\/#\/schema\/logo\/image\/","url":"https:\/\/templatetoaster.com\/wp-content\/uploads\/2019\/11\/TemplateToaster_Logo.jpg","contentUrl":"https:\/\/templatetoaster.com\/wp-content\/uploads\/2019\/11\/TemplateToaster_Logo.jpg","width":85,"height":85,"caption":"TemplateToaster"},"image":{"@id":"https:\/\/templatetoaster.com\/#\/schema\/logo\/image\/"},"sameAs":["https:\/\/www.facebook.com\/TemplateToaster","https:\/\/x.com\/templatetoaster","https:\/\/www.instagram.com\/templatetoaster\/","https:\/\/www.linkedin.com\/company\/templatetoaster\/","https:\/\/www.pinterest.com\/templatetoaster\/","https:\/\/www.youtube.com\/@TemplateToaster"]}]}},"_links":{"self":[{"href":"https:\/\/templatetoaster.com\/fi\/wp-json\/wp\/v2\/pages\/4567"}],"collection":[{"href":"https:\/\/templatetoaster.com\/fi\/wp-json\/wp\/v2\/pages"}],"about":[{"href":"https:\/\/templatetoaster.com\/fi\/wp-json\/wp\/v2\/types\/page"}],"author":[{"embeddable":true,"href":"https:\/\/templatetoaster.com\/fi\/wp-json\/wp\/v2\/users\/1"}],"replies":[{"embeddable":true,"href":"https:\/\/templatetoaster.com\/fi\/wp-json\/wp\/v2\/comments?post=4567"}],"version-history":[{"count":3,"href":"https:\/\/templatetoaster.com\/fi\/wp-json\/wp\/v2\/pages\/4567\/revisions"}],"predecessor-version":[{"id":64040,"href":"https:\/\/templatetoaster.com\/fi\/wp-json\/wp\/v2\/pages\/4567\/revisions\/64040"}],"wp:attachment":[{"href":"https:\/\/templatetoaster.com\/fi\/wp-json\/wp\/v2\/media?parent=4567"}],"curies":[{"name":"wp","href":"https:\/\/api.w.org\/{rel}","templated":true}]}}