{"id":4564,"date":"2018-04-14T10:17:32","date_gmt":"2018-04-14T10:17:32","guid":{"rendered":"http:\/\/templatetoaster.com?page_id=4564"},"modified":"2019-08-27T06:58:53","modified_gmt":"2019-08-27T06:58:53","slug":"prestashop-theme-maker","status":"publish","type":"page","link":"https:\/\/templatetoaster.com\/fi\/prestashop-theme-maker","title":{"rendered":"PrestaShop teeman suunnitteluohjelmisto"},"content":{"rendered":"<div class=\"section1 wp-theme-generator\">\n<div style=\"margin: 115px 0 16px;\">\n<h1>PrestaShop teeman rakentaja huippusuorituksiin<\/h1>\n<p class=\"text-center\">Suunnittele teema joka puhuu puolestaan. Ei koodaus vaatimuksia!<\/p>\n<div style=\"text-align: center;\"><a class=\"btn download_btn\" href=\"https:\/\/templatetoaster.com\/fi\/download\">Lataa nyt<\/a><\/div>\n<div class=\"clearfix\"><\/div>\n<\/div>\n<\/div>\n<p><!--- What is TemplateToaster Section --><\/p>\n<div class=\"section2 wp-theme-generator\">\n<div class=\"section2-inner\">\n<h2>Miksi k\u00e4ytt\u00e4\u00e4 TemplateToast ohjelmaa PrestaShopin teeman tekoon?<\/h2>\n<p>TemplateToaster Ohjelmisto on suunniteltu tekem\u00e4\u00e4n h\u00e4tk\u00e4hdytt\u00e4v\u00e4 teemoja verkkokauppasivuille joka tulee antamaan aivan uuden ilmeen. Sinun ei tarvitse olla koodaaja! Se on totta. Ulkoasuteemoja teet vet\u00e4m\u00e4ll\u00e4 &amp; pudottamalla ja n\u00e4in luot teemoja muutamalla klikkauksella!<\/p>\n<\/div>\n<\/div>\n<p><!--- section 3 starts --><\/p>\n<div class=\"section3 wp-theme-generator\">\n<div class=\"section3-inner\">\n<h2>Miten se toimii?<\/h2>\n<div class=\"row\">\n<div class=\"col-lg-4 col-md-4 col-sm-6 col-xs-12\">\n<div class=\"media\">\n<div class=\"landing_page_svg download\"><\/div>\n<h3 class=\"text-center\">Lataa ohjelma. Sitten aloitetaan!<\/h3>\n<p class=\"text-center\">Lataamisen j\u00e4lkeen, asenna se ja ala suunnitella PrestaShop teemoja minuuteissa! Rajoittamaton demoversio antaa p\u00e4\u00e4syn kaikkiin toimintoihin! Nauti Web-suunnittelusta!<\/p>\n<\/div>\n<\/div>\n<div class=\"clearfix visible-xs-block\"><\/div>\n<div class=\"col-lg-4 col-md-4 col-sm-6 col-xs-12\">\n<div class=\"media\">\n<div class=\"landing_page_svg build-wp-theme\"><\/div>\n<h3 class=\"text-center\">intuitiivinen ved\u00e4 &amp; pudota. Suunnittele minuuteissa!<\/h3>\n<p class=\"text-center\">Aloita alusta tai valitse 100sta valmiiksi suunnitellusta mallista! Reippaasti kokeilemaan ja intuitiivinen vet\u00e4m\u00e4ll\u00e4 ja pudottamalla antaa tuloksia. Vaivatonta suunnittelua!<\/p>\n<\/div>\n<\/div>\n<div class=\"clearfix visible-sm-block visible-xs-block\"><\/div>\n<div class=\"col-lg-4 col-md-4 col-sm-6 col-xs-12\">\n<div class=\"media\">\n<div class=\"landing_page_svg export-upload\"><\/div>\n<h3 class=\"text-center\">PrestaShop sivusto, kokonaan teemoitettu!<\/h3>\n<p class=\"text-center\">Oletko tyytyv\u00e4inen verkkokauppasivuusi? Lataa uusi muotoilu muutamalla klikkauksella ja n\u00e4\u00e4t ulkoasun josta olet aina unelmoinut!<\/p>\n<\/div>\n<\/div>\n<div class=\"clearfix visible-lg-block visible-md-block visible-sm-block visible-xs-block\"><\/div>\n<\/div>\n<\/div>\n<\/div>\n<div class=\"video-section wp-theme-generator\">\n<div class=\"container\">\n<h2 style=\"text-transform: none;\">PrestaShop-teeman tekij\u00e4n esittely<\/h2>\n<div class=\"youtube-video-place embed-responsive embed-responsive-4by3 \" data-yt-url=\"https:\/\/www.youtube.com\/embed\/Dtz7c-JO8K0?rel=0&amp;showinfo=0&amp;autoplay=1\">\n<p><img loading=\"lazy\" decoding=\"async\" class=\"alignnone size-full wp-image-65563\" src=\"https:\/\/templatetoaster.com\/wp-content\/uploads\/2019\/08\/PrestaShop-teeman-tekij\u00e4n-esittely.jpg\" alt=\"PrestaShop-teeman tekij\u00e4n esittely\" width=\"1366\" height=\"728\" srcset=\"https:\/\/templatetoaster.com\/wp-content\/uploads\/2019\/08\/PrestaShop-teeman-tekij\u00e4n-esittely.jpg 1366w, https:\/\/templatetoaster.com\/wp-content\/uploads\/2019\/08\/PrestaShop-teeman-tekij\u00e4n-esittely-1000x533.jpg 1000w, https:\/\/templatetoaster.com\/wp-content\/uploads\/2019\/08\/PrestaShop-teeman-tekij\u00e4n-esittely-300x160.jpg 300w, https:\/\/templatetoaster.com\/wp-content\/uploads\/2019\/08\/PrestaShop-teeman-tekij\u00e4n-esittely-768x409.jpg 768w, https:\/\/templatetoaster.com\/wp-content\/uploads\/2019\/08\/PrestaShop-teeman-tekij\u00e4n-esittely-1024x546.jpg 1024w\" sizes=\"(max-width: 1366px) 100vw, 1366px\" \/><\/p>\n<div class=\"play-youtube-video\">\n<div class=\"landing_page_svg\"><\/div>\n<\/div>\n<\/div>\n<\/div>\n<\/div>\n<div class=\"section4 wp-theme-generator\">\n<h2>Templatetoeaster PrestaShop teema luojana<\/h2>\n<p class=\"section4-paragraph\">Pakattu t\u00e4yteen merkitt\u00e4v\u00e4 ominaisuuksia \u4e00 Suunnittele teema k\u00e4ytt\u00e4m\u00e4ll\u00e4 TemplateToaster ohjelmistoa!<\/p>\n<div class=\"row\">\n<div class=\"col-lg-4 col-md-4 col-sm-6 col-sx-12\">\n<div style=\"padding: 20px;\">\n<div class=\"text-center\">\n<div class=\"wp_feature landing_page_svg mobile-optimized\"><\/div>\n<\/div>\n<h3 style=\"margin: 20px 0px 10px; text-align: center;\">Mobiilioptimoidut tuotesivut<\/h3>\n<p class=\"text-center\">TemplateToasterilla luodut PrestaShop teemat ovat responsiivisia. Mobiililaiteyhteensopivuus takaa, ett\u00e4 asiakkaat saavat optimaalisen katselukokemuksen. Jotta, he voivat ostaa tuotteita ilman h\u00e4ss\u00e4kk\u00e4\u00e4 mill\u00e4 tahansa mobiililaitteella.<\/p>\n<\/div>\n<\/div>\n<div class=\"clearfix visible-xs-block\"><\/div>\n<div class=\"col-lg-4 col-md-4 col-sm-6 col-sx-12\">\n<div style=\"padding: 20px;\">\n<div class=\"text-center\">\n<div class=\"wp_feature landing_page_svg custom-layout\"><\/div>\n<\/div>\n<h3 style=\"margin: 20px 0 10px; text-align: center;\">Muokattavat ulkoasu valinnat<\/h3>\n<p class=\"text-center\">Ohjelmisto mahdollistaa suunnitella teemoja mukautetun asettelun mukaan, vaihtoehtoja, kuten 1 sarake, 2 sarake (sivupalkin ja yksi sarake) ja 3 sarake (sivupalkin,yksi sarake, sivupalkin). N\u00e4it\u00e4 voidaan r\u00e4\u00e4t\u00e4l\u00f6id\u00e4 my\u00f6s, vaihtamalla taustav\u00e4ri, fontin v\u00e4ri jne.<\/p>\n<\/div>\n<\/div>\n<div class=\"clearfix visible-sm-block visible-xs-block\"><\/div>\n<div class=\"col-md-4 col-sm-6 col-sx-12\">\n<div style=\"padding: 20px;\">\n<div class=\"text-center\">\n<div class=\"wp_feature landing_page_svg compatible-version\"><\/div>\n<\/div>\n<h3 style=\"margin: 20px 0 10px; text-align: center;\">Yhteensopivat versiot<\/h3>\n<p class=\"text-center\">T\u00e4m\u00e4 PrestaShop teema luoja tukee PrestaShop 1.5.x ja 1.6.x teemojen suunniteltua. Teemat ovat yhteensopivia kaikkien PrestaShopin uusimpien p\u00e4ivityksien ja toimintojen kanssa. TemplateToaster 7 tukee PrestaShop 1.7.x.x<\/p>\n<\/div>\n<\/div>\n<div class=\"clearfix visible-lg-block visible-md-block visible-xs-block\"><\/div>\n<div class=\"col-md-4 col-sm-6 col-sx-12\">\n<div style=\"padding: 20px;\">\n<div class=\"text-center\">\n<div class=\"wp_feature landing_page_svg checkout-pages\"><\/div>\n<\/div>\n<h3 style=\"margin: 20px 0 10px; text-align: center;\">Kassasivusi<\/h3>\n<p class=\"text-center\">Lis\u00e4\u00e4 ripaus personointia kassalle omalla PrestaShop verkkosivuilla. Anna tilkka taustav\u00e4ri\u00e4 ja valitse 100+ fontteja ja v\u00e4rit jotka antavat raikkaan ilmeen verkkokaupallesi! Sivut kuten \u2019Uhteenveto\u2019, \u2019Kirjaudu sis\u00e4\u00e4n\u2019, \u2019Osoite\u2019, &#8221;Toimitus jne. voidaan r\u00e4\u00e4t\u00e4l\u00f6id\u00e4 heti.<\/p>\n<\/div>\n<\/div>\n<div class=\"clearfix visible-sm-block visible-xs-block\"><\/div>\n<div class=\"col-md-4 col-sm-6 col-sx-12\">\n<div style=\"padding: 20px;\">\n<div class=\"text-center\">\n<div class=\"wp_feature landing_page_svg product-grid\"><\/div>\n<\/div>\n<h3 style=\"margin: 20px 0 10px; text-align: center;\">Useiden tuotteiden ruudukko muotoilu<\/h3>\n<p class=\"text-center\">Useita tuotteita n\u00e4ytet\u00e4\u00e4n ruudukkon\u00e4kym\u00e4ss\u00e4 tai luettelona yhdell\u00e4 sivulla PrestaShop verkkokauppasivuilla. Tee muutoksia ruudukkon\u00e4kym\u00e4\u00e4n asettelun valitsemalla 1 sarake, 2 sarake, 3 sarake ja 4 sarake ristikot. Tyylin muuttamiseksi, vaihtoehtoja, kuten fontin v\u00e4rin, fontti ja taustav\u00e4ri ovat k\u00e4ytett\u00e4viss\u00e4.<\/p>\n<\/div>\n<\/div>\n<div class=\"clearfix visible-xs-block\"><\/div>\n<div class=\"col-md-4 col-sm-6 col-sx-12\">\n<div style=\"padding: 20px;\">\n<div class=\"text-center\">\n<div class=\"wp_feature landing_page_svg product-page-option\"><\/div>\n<\/div>\n<h3 style=\"margin: 20px 0 10px; text-align: center;\">Tuote-sivun asetukset<\/h3>\n<p class=\"text-center\">Paranna ulkon\u00e4k\u00f6\u00e4 verkkokaupassasi vaihtamalla taustav\u00e4rin ja fontin tyyli millaiseksi haluat kaikilla tuoteryhmien-sivuilla. Voit helposti muokata sivun tekem\u00e4ll\u00e4 muutoksia suunnittelussa ja tyyliss\u00e4, vaihtaa tabeja, pikkukuvia, kuvausta, teknisi\u00e4 tietoja, arviot v\u00e4lilehdet jne.<\/p>\n<\/div>\n<\/div>\n<div class=\"clearfix visible-lg-block visible-md-block visible-sm-block visible-xs-block\"><\/div>\n<\/div>\n<\/div>\n<p><!--Section Features with WP--><\/p>\n<div class=\"section5 wp-theme-generator\" style=\"padding: 70px 10px; margin-bottom: 2px;\">\n<div style=\"margin: 40px 0px 20px;\">\n<h2 style=\"margin-bottom: 65px;\">Top ominaisuudet TemplateToaster<\/h2>\n<div class=\"feature_with_wp row\">\n<div class=\"col-lg-4 col-md-4 col-sm-4 col-xs-6\">\n<div class=\"feature_wpimg\"><img decoding=\"async\" class=\"img-responsive\" src=\"https:\/\/templatetoaster.com\/wp-content\/uploads\/2017\/04\/multiple-language.png\" alt=\"Tuki useille kielille\" \/><\/div>\n<\/div>\n<div class=\"col-lg-4 col-md-4 col-sm-4 col-xs-6\">\n<div class=\"feature_wpimg\"><img decoding=\"async\" class=\"img-responsive\" src=\"https:\/\/templatetoaster.com\/wp-content\/uploads\/2017\/04\/mobile-optimization.png\" alt=\"mobiilioptimointia\" \/><\/div>\n<\/div>\n<div class=\"clearfix visible-xs-block\"><\/div>\n<div class=\"col-lg-4 col-md-4 col-sm-4 col-xs-6\">\n<div class=\"feature_wpimg\"><img decoding=\"async\" class=\"img-responsive\" src=\"https:\/\/templatetoaster.com\/wp-content\/uploads\/2017\/04\/drag-drop.png\" alt=\"Raahaa ja pudota\" \/><\/div>\n<\/div>\n<div class=\"clearfix visible-lg-block visible-md-block visible-sm-block\"><\/div>\n<div class=\"col-lg-4 col-md-4 col-sm-4 col-xs-6\">\n<div class=\"feature_wpimg\"><img decoding=\"async\" class=\"img-responsive\" src=\"https:\/\/templatetoaster.com\/wp-content\/uploads\/2017\/04\/demo-templats.png\" alt=\"demo teemat\" \/><\/div>\n<\/div>\n<div class=\"clearfix visible-xs-block\"><\/div>\n<div class=\"col-lg-4 col-md-4 col-sm-4 col-xs-6\">\n<div class=\"feature_wpimg\"><img decoding=\"async\" class=\"img-responsive\" src=\"https:\/\/templatetoaster.com\/wp-content\/uploads\/2017\/04\/mega-menu.png\" alt=\"Mega Valikko\" \/><\/div>\n<\/div>\n<div class=\"col-lg-4 col-md-4 col-sm-4 col-xs-6\">\n<div class=\"feature_wpimg\"><img decoding=\"async\" class=\"img-responsive\" src=\"https:\/\/templatetoaster.com\/wp-content\/uploads\/2017\/04\/right-to-left.png\" alt=\"Oikealta vasemmalle\" \/><\/div>\n<\/div>\n<div class=\"clearfix visible-lg-block visible-md-block visible-sm-block visible-xs-block\"><\/div>\n<div class=\"col-lg-4 col-md-4 col-sm-4 col-xs-6\">\n<div class=\"feature_wpimg\"><img decoding=\"async\" class=\"img-responsive\" src=\"https:\/\/templatetoaster.com\/wp-content\/uploads\/2017\/04\/amazing-slideshow.png\" alt=\"Amazing diaesitys\" \/><\/div>\n<\/div>\n<div class=\"col-lg-4 col-md-4 col-sm-4 col-xs-6\">\n<div class=\"feature_wpimg\"><img decoding=\"async\" class=\"img-responsive\" src=\"https:\/\/templatetoaster.com\/wp-content\/uploads\/2017\/04\/zero-coding.png\" alt=\"nolla koodaus\" \/><\/div>\n<\/div>\n<div class=\"clearfix visible-xs-block\"><\/div>\n<div class=\"col-lg-4 col-md-4 col-sm-4 col-xs-6\">\n<div class=\"feature_wpimg\"><img decoding=\"async\" class=\"img-responsive\" src=\"https:\/\/templatetoaster.com\/wp-content\/uploads\/2017\/04\/custom-css.png\" alt=\"Custom CSS, JS ja PHP\" \/><\/div>\n<\/div>\n<div class=\"clearfix visible-lg-block visible-md-block visible-sm-block visible-xs-block\"><\/div>\n<\/div>\n<\/div>\n<\/div>\n<p><!--Section Gallery--><\/p>\n<div class=\"section7 wp-theme-generator\" style=\"padding: 100px 10px; background-color: #f1f4f8; margin-bottom: 2px;\">\n<h2>Meid\u00e4n standardit<\/h2>\n<div class=\"row\">\n<div class=\"col-lg-4 col-md-4 col-sm-6 col-xs-12\">\n<div style=\"padding: 20px;\">\n<div class=\"text-center\">\n<div class=\"wp_feature landing_page_svg w3c-validation\"><\/div>\n<\/div>\n<h3 style=\"margin: 20px 0px 10px; text-align: center;\">W3C-validointia<\/h3>\n<p class=\"text-center\">PrestaShopille t\u00e4ll\u00e4 ohjelmistolla luodut teemat ovat W3C voimassa, joka tarjoaa etuja, kuten web-selain rajat yhteensopivuutta, optimaalisen verkkosivujen n\u00e4yt\u00f6n ja lis\u00e4\u00e4!<\/p>\n<\/div>\n<\/div>\n<div class=\"clearfix visible-xs-block\"><\/div>\n<div class=\"col-lg-4 col-md-4 col-sm-6 col-xs-12\">\n<div style=\"padding: 20px;\">\n<div class=\"text-center\">\n<div class=\"wp_feature landing_page_svg theme-check-plugin-pass\"><\/div>\n<\/div>\n<h3 style=\"margin: 20px 0 10px; text-align: center;\">HTML5 &amp; CSS3 standardit<\/h3>\n<p class=\"text-center\">TemplateToaster ohjelmisto noudattaa HTML5 ja CSS3 standardeja. Raskaita sarjoja divs ja kuvien v\u00e4ltet\u00e4\u00e4n, siten tuottaa teemoja, jotka ovat kevyit\u00e4.<\/p>\n<\/div>\n<\/div>\n<div class=\"clearfix visible-sm-block visible-xs-block\"><\/div>\n<div class=\"col-lg-4 col-md-4 col-sm-6 col-xs-12\">\n<div style=\"padding: 20px;\">\n<div class=\"text-center\">\n<div class=\"wp_feature landing_page_svg page-speed\"><\/div>\n<\/div>\n<h3 style=\"margin: 20px 0 10px; text-align: center;\">Salamannopea nopeus<\/h3>\n<p class=\"text-center\">Ohjelmistolla luodut teemat latautuvat salamannopeasti, joka lis\u00e4\u00e4 liikennett\u00e4, konversiota, ja myynti\u00e4 verkkokaupassasi.<\/p>\n<\/div>\n<\/div>\n<div class=\"clearfix visible-lg-block visible-md-block visible-xs-block\"><\/div>\n<\/div>\n<\/div>\n<p><!--- section 6 starts --><\/p>\n<div class=\"section6 wp-theme-generator\" style=\"padding: 50px 10px;\">\n<div style=\"margin: 70px 0px 20px;\">\n<h2>Tukee kaikkia t\u00e4rkeimpi\u00e4 CMSes<\/h2>\n<div class=\"section-center\" style=\"padding-bottom: 50px;\">\n<div class=\"main-cms-section\">\n<div class=\"cms-section\">\n<div class=\"text-center\">\n<div class=\"wp_feature landing_page_svg prestashop\"><\/div>\n<\/div>\n<\/div>\n<\/div>\n<div class=\"other-cms-section\">\n<div class=\"cms-section\">\n<div class=\"text-center\">\n<div class=\"wp_feature landing_page_svg wordpress\"><\/div>\n<\/div>\n<\/div>\n<div class=\"cms-section\">\n<div class=\"text-center\">\n<div class=\"wp_feature landing_page_svg woocommerce\"><\/div>\n<\/div>\n<\/div>\n<div class=\"cms-section\">\n<div class=\"text-center\">\n<div class=\"wp_feature landing_page_svg magento\"><\/div>\n<\/div>\n<\/div>\n<div class=\"cms-section\">\n<div class=\"text-center\">\n<div class=\"wp_feature landing_page_svg blogger\"><\/div>\n<\/div>\n<\/div>\n<div class=\"cms-section\">\n<div class=\"text-center\">\n<div class=\"wp_feature landing_page_svg joomla\"><\/div>\n<\/div>\n<\/div>\n<div class=\"cms-section\">\n<div class=\"text-center\">\n<div class=\"wp_feature landing_page_svg virtuemart\"><\/div>\n<\/div>\n<\/div>\n<div class=\"cms-section\">\n<div class=\"text-center\">\n<div class=\"wp_feature landing_page_svg drupal\"><\/div>\n<\/div>\n<\/div>\n<div class=\"cms-section\">\n<div class=\"text-center\">\n<div class=\"wp_feature landing_page_svg opencart\"><\/div>\n<\/div>\n<\/div>\n<div class=\"cms-section\">\n<div class=\"text-center\">\n<div class=\"wp_feature landing_page_svg html\"><\/div>\n<\/div>\n<\/div>\n<\/div>\n<\/div>\n<div style=\"text-align: center; margin-top: 30px;\"><a class=\"btn download_btn\" href=\"https:\/\/templatetoaster.com\/fi\/download\">Lataa nyt<\/a><\/div>\n<\/div>\n<\/div>\n","protected":false},"excerpt":{"rendered":"<p>PrestaShop teeman rakentaja huippusuorituksiin Suunnittele teema joka puhuu puolestaan. Ei koodaus vaatimuksia! Lataa nyt Miksi k\u00e4ytt\u00e4\u00e4 TemplateToast ohjelmaa PrestaShopin teeman tekoon? TemplateToaster Ohjelmisto on suunniteltu tekem\u00e4\u00e4n h\u00e4tk\u00e4hdytt\u00e4v\u00e4 teemoja verkkokauppasivuille joka tulee antamaan aivan uuden ilmeen. Sinun ei tarvitse olla koodaaja! &hellip; <a href=\"https:\/\/templatetoaster.com\/fi\/prestashop-theme-maker\">Continue Reading<span class=\"meta-nav\">&rarr;<\/span><\/a><\/p>\n","protected":false},"author":1,"featured_media":0,"parent":0,"menu_order":0,"comment_status":"closed","ping_status":"closed","template":"","meta":{"footnotes":""},"yoast_head":"<!-- This site is optimized with the Yoast SEO plugin v23.5 - https:\/\/yoast.com\/wordpress\/plugins\/seo\/ -->\n<title>Tehokas Prestashop teeman rakennusohjelmisto - TemplateToaster<\/title>\n<meta name=\"description\" content=\"Suunnnittele upeita teemoja k\u00e4ytt\u00e4en TemplateToasteria. Et tarvitse koodaustaitoja. Suunnittele korkealaatuisia responsiivisia teemoja minuuteissa.\" \/>\n<meta name=\"robots\" content=\"index, follow, max-snippet:-1, max-image-preview:large, max-video-preview:-1\" \/>\n<link rel=\"canonical\" href=\"https:\/\/templatetoaster.com\/fi\/prestashop-theme-maker\" \/>\n<meta property=\"og:locale\" content=\"fi_FI\" \/>\n<meta property=\"og:type\" content=\"article\" \/>\n<meta property=\"og:title\" content=\"Tehokas Prestashop teeman rakennusohjelmisto - TemplateToaster\" \/>\n<meta property=\"og:description\" content=\"Suunnnittele upeita teemoja k\u00e4ytt\u00e4en TemplateToasteria. Et tarvitse koodaustaitoja. Suunnittele korkealaatuisia responsiivisia teemoja minuuteissa.\" \/>\n<meta property=\"og:url\" content=\"https:\/\/templatetoaster.com\/fi\/prestashop-theme-maker\" \/>\n<meta property=\"og:site_name\" content=\"TemplateToaster\" \/>\n<meta property=\"article:publisher\" content=\"https:\/\/www.facebook.com\/TemplateToaster\" \/>\n<meta property=\"article:modified_time\" content=\"2019-08-27T06:58:53+00:00\" \/>\n<meta property=\"og:image\" content=\"https:\/\/templatetoaster.com\/wp-content\/uploads\/2017\/04\/multiple-language.png\" \/>\n<meta name=\"twitter:card\" content=\"summary_large_image\" \/>\n<meta name=\"twitter:site\" content=\"@templatetoaster\" \/>\n<meta name=\"twitter:label1\" content=\"Arvioitu lukuaika\" \/>\n\t<meta name=\"twitter:data1\" content=\"2 minuuttia\" \/>\n<script type=\"application\/ld+json\" class=\"yoast-schema-graph\">{\"@context\":\"https:\/\/schema.org\",\"@graph\":[{\"@type\":\"WebPage\",\"@id\":\"https:\/\/templatetoaster.com\/fi\/prestashop-theme-maker\",\"url\":\"https:\/\/templatetoaster.com\/fi\/prestashop-theme-maker\",\"name\":\"Tehokas Prestashop teeman rakennusohjelmisto - TemplateToaster\",\"isPartOf\":{\"@id\":\"https:\/\/templatetoaster.com\/#website\"},\"primaryImageOfPage\":{\"@id\":\"https:\/\/templatetoaster.com\/fi\/prestashop-theme-maker#primaryimage\"},\"image\":{\"@id\":\"https:\/\/templatetoaster.com\/fi\/prestashop-theme-maker#primaryimage\"},\"thumbnailUrl\":\"https:\/\/templatetoaster.com\/wp-content\/uploads\/2017\/04\/multiple-language.png\",\"datePublished\":\"2018-04-14T10:17:32+00:00\",\"dateModified\":\"2019-08-27T06:58:53+00:00\",\"description\":\"Suunnnittele upeita teemoja k\u00e4ytt\u00e4en TemplateToasteria. Et tarvitse koodaustaitoja. Suunnittele korkealaatuisia responsiivisia teemoja minuuteissa.\",\"breadcrumb\":{\"@id\":\"https:\/\/templatetoaster.com\/fi\/prestashop-theme-maker#breadcrumb\"},\"inLanguage\":\"fi\",\"potentialAction\":[{\"@type\":\"ReadAction\",\"target\":[\"https:\/\/templatetoaster.com\/fi\/prestashop-theme-maker\"]}]},{\"@type\":\"ImageObject\",\"inLanguage\":\"fi\",\"@id\":\"https:\/\/templatetoaster.com\/fi\/prestashop-theme-maker#primaryimage\",\"url\":\"https:\/\/templatetoaster.com\/wp-content\/uploads\/2017\/04\/multiple-language.png\",\"contentUrl\":\"https:\/\/templatetoaster.com\/wp-content\/uploads\/2017\/04\/multiple-language.png\"},{\"@type\":\"BreadcrumbList\",\"@id\":\"https:\/\/templatetoaster.com\/fi\/prestashop-theme-maker#breadcrumb\",\"itemListElement\":[{\"@type\":\"ListItem\",\"position\":1,\"name\":\"Home\",\"item\":\"https:\/\/templatetoaster.com\/fi\"},{\"@type\":\"ListItem\",\"position\":2,\"name\":\"PrestaShop teeman suunnitteluohjelmisto\"}]},{\"@type\":\"WebSite\",\"@id\":\"https:\/\/templatetoaster.com\/#website\",\"url\":\"https:\/\/templatetoaster.com\/\",\"name\":\"TemplateToaster\",\"description\":\"\",\"publisher\":{\"@id\":\"https:\/\/templatetoaster.com\/#organization\"},\"inLanguage\":\"fi\"},{\"@type\":\"Organization\",\"@id\":\"https:\/\/templatetoaster.com\/#organization\",\"name\":\"TemplateToaster\",\"url\":\"https:\/\/templatetoaster.com\/\",\"logo\":{\"@type\":\"ImageObject\",\"inLanguage\":\"fi\",\"@id\":\"https:\/\/templatetoaster.com\/#\/schema\/logo\/image\/\",\"url\":\"https:\/\/templatetoaster.com\/wp-content\/uploads\/2019\/11\/TemplateToaster_Logo.jpg\",\"contentUrl\":\"https:\/\/templatetoaster.com\/wp-content\/uploads\/2019\/11\/TemplateToaster_Logo.jpg\",\"width\":85,\"height\":85,\"caption\":\"TemplateToaster\"},\"image\":{\"@id\":\"https:\/\/templatetoaster.com\/#\/schema\/logo\/image\/\"},\"sameAs\":[\"https:\/\/www.facebook.com\/TemplateToaster\",\"https:\/\/x.com\/templatetoaster\",\"https:\/\/www.instagram.com\/templatetoaster\/\",\"https:\/\/www.linkedin.com\/company\/templatetoaster\/\",\"https:\/\/www.pinterest.com\/templatetoaster\/\",\"https:\/\/www.youtube.com\/@TemplateToaster\"]}]}<\/script>\n<!-- \/ Yoast SEO plugin. -->","yoast_head_json":{"title":"Tehokas Prestashop teeman rakennusohjelmisto - TemplateToaster","description":"Suunnnittele upeita teemoja k\u00e4ytt\u00e4en TemplateToasteria. Et tarvitse koodaustaitoja. Suunnittele korkealaatuisia responsiivisia teemoja minuuteissa.","robots":{"index":"index","follow":"follow","max-snippet":"max-snippet:-1","max-image-preview":"max-image-preview:large","max-video-preview":"max-video-preview:-1"},"canonical":"https:\/\/templatetoaster.com\/fi\/prestashop-theme-maker","og_locale":"fi_FI","og_type":"article","og_title":"Tehokas Prestashop teeman rakennusohjelmisto - TemplateToaster","og_description":"Suunnnittele upeita teemoja k\u00e4ytt\u00e4en TemplateToasteria. Et tarvitse koodaustaitoja. Suunnittele korkealaatuisia responsiivisia teemoja minuuteissa.","og_url":"https:\/\/templatetoaster.com\/fi\/prestashop-theme-maker","og_site_name":"TemplateToaster","article_publisher":"https:\/\/www.facebook.com\/TemplateToaster","article_modified_time":"2019-08-27T06:58:53+00:00","og_image":[{"url":"https:\/\/templatetoaster.com\/wp-content\/uploads\/2017\/04\/multiple-language.png"}],"twitter_card":"summary_large_image","twitter_site":"@templatetoaster","twitter_misc":{"Arvioitu lukuaika":"2 minuuttia"},"schema":{"@context":"https:\/\/schema.org","@graph":[{"@type":"WebPage","@id":"https:\/\/templatetoaster.com\/fi\/prestashop-theme-maker","url":"https:\/\/templatetoaster.com\/fi\/prestashop-theme-maker","name":"Tehokas Prestashop teeman rakennusohjelmisto - TemplateToaster","isPartOf":{"@id":"https:\/\/templatetoaster.com\/#website"},"primaryImageOfPage":{"@id":"https:\/\/templatetoaster.com\/fi\/prestashop-theme-maker#primaryimage"},"image":{"@id":"https:\/\/templatetoaster.com\/fi\/prestashop-theme-maker#primaryimage"},"thumbnailUrl":"https:\/\/templatetoaster.com\/wp-content\/uploads\/2017\/04\/multiple-language.png","datePublished":"2018-04-14T10:17:32+00:00","dateModified":"2019-08-27T06:58:53+00:00","description":"Suunnnittele upeita teemoja k\u00e4ytt\u00e4en TemplateToasteria. Et tarvitse koodaustaitoja. Suunnittele korkealaatuisia responsiivisia teemoja minuuteissa.","breadcrumb":{"@id":"https:\/\/templatetoaster.com\/fi\/prestashop-theme-maker#breadcrumb"},"inLanguage":"fi","potentialAction":[{"@type":"ReadAction","target":["https:\/\/templatetoaster.com\/fi\/prestashop-theme-maker"]}]},{"@type":"ImageObject","inLanguage":"fi","@id":"https:\/\/templatetoaster.com\/fi\/prestashop-theme-maker#primaryimage","url":"https:\/\/templatetoaster.com\/wp-content\/uploads\/2017\/04\/multiple-language.png","contentUrl":"https:\/\/templatetoaster.com\/wp-content\/uploads\/2017\/04\/multiple-language.png"},{"@type":"BreadcrumbList","@id":"https:\/\/templatetoaster.com\/fi\/prestashop-theme-maker#breadcrumb","itemListElement":[{"@type":"ListItem","position":1,"name":"Home","item":"https:\/\/templatetoaster.com\/fi"},{"@type":"ListItem","position":2,"name":"PrestaShop teeman suunnitteluohjelmisto"}]},{"@type":"WebSite","@id":"https:\/\/templatetoaster.com\/#website","url":"https:\/\/templatetoaster.com\/","name":"TemplateToaster","description":"","publisher":{"@id":"https:\/\/templatetoaster.com\/#organization"},"inLanguage":"fi"},{"@type":"Organization","@id":"https:\/\/templatetoaster.com\/#organization","name":"TemplateToaster","url":"https:\/\/templatetoaster.com\/","logo":{"@type":"ImageObject","inLanguage":"fi","@id":"https:\/\/templatetoaster.com\/#\/schema\/logo\/image\/","url":"https:\/\/templatetoaster.com\/wp-content\/uploads\/2019\/11\/TemplateToaster_Logo.jpg","contentUrl":"https:\/\/templatetoaster.com\/wp-content\/uploads\/2019\/11\/TemplateToaster_Logo.jpg","width":85,"height":85,"caption":"TemplateToaster"},"image":{"@id":"https:\/\/templatetoaster.com\/#\/schema\/logo\/image\/"},"sameAs":["https:\/\/www.facebook.com\/TemplateToaster","https:\/\/x.com\/templatetoaster","https:\/\/www.instagram.com\/templatetoaster\/","https:\/\/www.linkedin.com\/company\/templatetoaster\/","https:\/\/www.pinterest.com\/templatetoaster\/","https:\/\/www.youtube.com\/@TemplateToaster"]}]}},"_links":{"self":[{"href":"https:\/\/templatetoaster.com\/fi\/wp-json\/wp\/v2\/pages\/4564"}],"collection":[{"href":"https:\/\/templatetoaster.com\/fi\/wp-json\/wp\/v2\/pages"}],"about":[{"href":"https:\/\/templatetoaster.com\/fi\/wp-json\/wp\/v2\/types\/page"}],"author":[{"embeddable":true,"href":"https:\/\/templatetoaster.com\/fi\/wp-json\/wp\/v2\/users\/1"}],"replies":[{"embeddable":true,"href":"https:\/\/templatetoaster.com\/fi\/wp-json\/wp\/v2\/comments?post=4564"}],"version-history":[{"count":5,"href":"https:\/\/templatetoaster.com\/fi\/wp-json\/wp\/v2\/pages\/4564\/revisions"}],"predecessor-version":[{"id":65577,"href":"https:\/\/templatetoaster.com\/fi\/wp-json\/wp\/v2\/pages\/4564\/revisions\/65577"}],"wp:attachment":[{"href":"https:\/\/templatetoaster.com\/fi\/wp-json\/wp\/v2\/media?parent=4564"}],"curies":[{"name":"wp","href":"https:\/\/api.w.org\/{rel}","templated":true}]}}