{"id":4560,"date":"2018-04-14T10:14:49","date_gmt":"2018-04-14T10:14:49","guid":{"rendered":"http:\/\/templatetoaster.com?page_id=4560"},"modified":"2019-02-07T05:47:17","modified_gmt":"2019-02-07T05:47:17","slug":"our-standards","status":"publish","type":"page","link":"https:\/\/templatetoaster.com\/fi\/our-standards","title":{"rendered":"Standardimme"},"content":{"rendered":"<div class=\"ttr_our_features_row_main row\">\n<h1 class=\"heading_border\" style=\"background-size: 335px 1px;\">Meid\u00e4n standardit<\/h1>\n<div class=\"ttr_our_features_row row odd first\">\n<div class=\"container\">\n<div class=\"ttr_our_features_col col1\"><img decoding=\"async\" class=\"img-responsive center-block\" src=\"https:\/\/templatetoaster.com\/wp-content\/uploads\/2018\/10\/responsive-web-design.jpg\" alt=\"\" \/><\/div>\n<div class=\"ttr_our_features_col col2\">\n<h3 style=\"margin: 0px;\">Reagoiva Web Design<\/h3>\n<p style=\"padding-left: 0px;\">TemplateToaster tukee reagoiva Web Design(RWD), se tarkoittaa ett\u00e4 sivustosi n\u00e4ytt\u00e4\u00e4 hienolta kaikissa laitteissa, kuten esim. Apple-laitteet, Android-laitteet, BlackBerry-laitteet, Windows-puhelimet, N\u00e4yt\u00f6ille, Pieni Tabletit, Suuret Tabletit, Ty\u00f6asemat ja niin edelleen.<\/p>\n<\/div>\n<\/div>\n<\/div>\n<div class=\"ttr_our_features_row row even\">\n<div class=\"container\">\n<div class=\"ttr_our_features_col col1\">\n<h3 style=\"margin: 0px;\">Selaimen yhteensopivuus<\/h3>\n<p>TemplateToaster tukee kaikkia standardi Web-selaimia kuten esim. Internet Explorer, Firefox, Chrome, Opera, Safari ja kaikki mobiiliselaimia.\n<\/p><\/div>\n<div class=\"ttr_our_features_col col2\"><img decoding=\"async\" class=\"img-responsive center-block\" src=\"https:\/\/templatetoaster.com\/wp-content\/uploads\/2018\/10\/browser-compatibility.png\" alt=\"\" \/><\/div>\n<\/div>\n<\/div>\n<div class=\"ttr_our_features_row row odd\">\n<div class=\"container\">\n<div class=\"ttr_our_features_col col1\"><img decoding=\"async\" class=\"img-responsive center-block\" src=\"https:\/\/templatetoaster.com\/wp-content\/uploads\/2018\/10\/bootstrap-framework-support.png\" alt=\"\" \/><\/div>\n<div class=\"ttr_our_features_col col2\">\n<h3 style=\"margin: 0px;\">Bootstrap tukikehyksen<\/h3>\n<p>TemplateToaster tukea my\u00f6s BootStrappia, tarkoittaa sit\u00e4 ett\u00e4 kaikki luodut mallit ovat Bootstar pohjaisia. Voit my\u00f6s muokata BootStrap ohjausobjekteja suoraan TemplateToasterista.<\/p>\n<\/div>\n<\/div>\n<\/div>\n<div class=\"ttr_our_features_row row even\">\n<div class=\"container\">\n<div class=\"ttr_our_features_col col1\">\n<h3 style=\"margin: 0px;\">Dot Net ja WPF-perusteinen ohjelmisto<\/h3>\n<p>TemplateToaster on kehitetty k\u00e4ytt\u00e4en alan standardi Microsoft dot Net ja WPF kehitysymp\u00e4rist\u00f6j\u00e4, se takaa t\u00e4ydellisen yhdistelm\u00e4n suorituskyky\u00e4 ja standardointia.<\/p>\n<\/div>\n<div class=\"ttr_our_features_col col2\"><img decoding=\"async\" class=\"img-responsive center-block\" src=\"https:\/\/templatetoaster.com\/wp-content\/uploads\/2018\/10\/dot-net-and-wpf-based-software.png\" alt=\"\" \/><\/div>\n<\/div>\n<\/div>\n<div class=\"ttr_our_features_row row odd\">\n<div class=\"container\">\n<div class=\"ttr_our_features_col col1\"><img decoding=\"async\" class=\"img-responsive center-block\" src=\"https:\/\/templatetoaster.com\/wp-content\/uploads\/2018\/10\/high-page-speed.png\" alt=\"\" \/><\/div>\n<div class=\"ttr_our_features_col col2\">\n<h3 style=\"margin: 0px;\">Suuri sivu nopeus<\/h3>\n<p>TemplateToaster toteuttaa teollisuusstandardien malleja, nopeuttaakseen teeman, Web-sivun nopeuden lis\u00e4\u00e4miseksi. Voit tarkistaa sivun nopeden TemplateToaster.com Google Page speed tai Pingdom avulla<\/p>\n<\/div>\n<\/div>\n<\/div>\n<div class=\"ttr_our_features_row row even\">\n<div class=\"container\">\n<div class=\"ttr_our_features_col col1\">\n<h3 style=\"margin: 0px;\">WordPress teema laajennoksien tarkistus<\/h3>\n<p>TemplateToasterilla suunnitellut WordPress Teemat  l\u00e4p\u00e4isev\u00e4t laajenoksien tarkistuksen. Se tarkoittaa ett\u00e4 ohjelmistolla suunnitellut teemat ovat virhevapaita ja korkealuokkaisesti standardin mukaan koodattuja.<\/p>\n<\/div>\n<div class=\"ttr_our_features_col col2\"><img decoding=\"async\" class=\"img-responsive center-block\" src=\"https:\/\/templatetoaster.com\/wp-content\/uploads\/2018\/10\/wordpress-theme-check-plugin-pass.png\" alt=\"\" \/><\/div>\n<\/div>\n<\/div>\n<div class=\"ttr_our_features_row row odd\">\n<div class=\"container\">\n<div class=\"ttr_our_features_col col1\"><img decoding=\"async\" class=\"img-responsive center-block drop_drag\" src=\"https:\/\/templatetoaster.com\/wp-content\/uploads\/2018\/10\/w3c-valid-output.png\" alt=\"\" \/><\/div>\n<div class=\"ttr_our_features_col col2\">\n<h3 style=\"margin: 0px;\">W3C Hyv\u00e4ksytty\u00e4 koodia<\/h3>\n<p>TemplateToaster tuottaa teollisuuden standardin HTML5\/CSS3, joka tottelee W3C-standardeja.<\/p>\n<\/div>\n<\/div>\n<\/div>\n<div class=\"ttr_our_features_row row even\">\n<div class=\"container\">\n<div class=\"ttr_our_features_col col1\">\n<h3 style=\"margin: 0px;\">WordPress Theme koodaus standardit<\/h3>\n<p>Kaikki tiet\u00e4nev\u00e4t WordPress teeman koodaus-suositukset, ohjeet ja standardit. Yksi <a href=\"https:\/\/wordpress.org\/themes\/templatetoaster\/\">TemplateToaster teema<\/a> on WordPress teema arkistossa, Nyt voit arvata, miten laadukkaita TemplateToasterin tuotokset ovat.<\/p>\n<\/div>\n<div class=\"ttr_our_features_col col2\"><img decoding=\"async\" class=\"img-responsive center-block\" src=\"https:\/\/templatetoaster.com\/wp-content\/uploads\/2018\/10\/wordpress-theme-coding-standards.png\" alt=\"\" \/><\/div>\n<\/div>\n<\/div>\n<div class=\"ttr_our_features_row_button row\">\n<div class=\"container\"><a class=\"btn download_button btn-feature\" href=\"https:\/\/templatetoaster.com\/download\">Download Free Trial<\/a><\/div>\n<\/div>\n<\/div>\n","protected":false},"excerpt":{"rendered":"<p>Meid\u00e4n standardit Reagoiva Web Design TemplateToaster tukee reagoiva Web Design(RWD), se tarkoittaa ett\u00e4 sivustosi n\u00e4ytt\u00e4\u00e4 hienolta kaikissa laitteissa, kuten esim. Apple-laitteet, Android-laitteet, BlackBerry-laitteet, Windows-puhelimet, N\u00e4yt\u00f6ille, Pieni Tabletit, Suuret Tabletit, Ty\u00f6asemat ja niin edelleen. Selaimen yhteensopivuus TemplateToaster tukee kaikkia standardi Web-selaimia &hellip; <a href=\"https:\/\/templatetoaster.com\/fi\/our-standards\">Continue Reading<span class=\"meta-nav\">&rarr;<\/span><\/a><\/p>\n","protected":false},"author":1,"featured_media":0,"parent":0,"menu_order":0,"comment_status":"closed","ping_status":"closed","template":"","meta":{"footnotes":""},"yoast_head":"<!-- This site is optimized with the Yoast SEO plugin v23.5 - https:\/\/yoast.com\/wordpress\/plugins\/seo\/ -->\n<title>Standardimme - TemplateToaster<\/title>\n<meta name=\"description\" content=\"TemplateToeaster ohjelmisto t\u00e4ytt\u00e4\u00e4 korkeat standardit, tutustu niihin.\" \/>\n<meta name=\"robots\" content=\"index, follow, max-snippet:-1, max-image-preview:large, max-video-preview:-1\" \/>\n<link rel=\"canonical\" href=\"https:\/\/templatetoaster.com\/fi\/our-standards\" \/>\n<meta property=\"og:locale\" content=\"fi_FI\" \/>\n<meta property=\"og:type\" content=\"article\" \/>\n<meta property=\"og:title\" content=\"Standardimme - TemplateToaster\" \/>\n<meta property=\"og:description\" content=\"TemplateToeaster ohjelmisto t\u00e4ytt\u00e4\u00e4 korkeat standardit, tutustu niihin.\" \/>\n<meta property=\"og:url\" content=\"https:\/\/templatetoaster.com\/fi\/our-standards\" \/>\n<meta property=\"og:site_name\" content=\"TemplateToaster\" \/>\n<meta property=\"article:publisher\" content=\"https:\/\/www.facebook.com\/TemplateToaster\" \/>\n<meta property=\"article:modified_time\" content=\"2019-02-07T05:47:17+00:00\" \/>\n<meta property=\"og:image\" content=\"https:\/\/templatetoaster.com\/wp-content\/uploads\/2018\/10\/responsive-web-design.jpg\" \/>\n<meta name=\"twitter:card\" content=\"summary_large_image\" \/>\n<meta name=\"twitter:site\" content=\"@templatetoaster\" \/>\n<meta name=\"twitter:label1\" content=\"Arvioitu lukuaika\" \/>\n\t<meta name=\"twitter:data1\" content=\"1 minuutti\" \/>\n<script type=\"application\/ld+json\" class=\"yoast-schema-graph\">{\"@context\":\"https:\/\/schema.org\",\"@graph\":[{\"@type\":\"WebPage\",\"@id\":\"https:\/\/templatetoaster.com\/fi\/our-standards\",\"url\":\"https:\/\/templatetoaster.com\/fi\/our-standards\",\"name\":\"Standardimme - TemplateToaster\",\"isPartOf\":{\"@id\":\"https:\/\/templatetoaster.com\/#website\"},\"primaryImageOfPage\":{\"@id\":\"https:\/\/templatetoaster.com\/fi\/our-standards#primaryimage\"},\"image\":{\"@id\":\"https:\/\/templatetoaster.com\/fi\/our-standards#primaryimage\"},\"thumbnailUrl\":\"https:\/\/templatetoaster.com\/wp-content\/uploads\/2018\/10\/responsive-web-design.jpg\",\"datePublished\":\"2018-04-14T10:14:49+00:00\",\"dateModified\":\"2019-02-07T05:47:17+00:00\",\"description\":\"TemplateToeaster ohjelmisto t\u00e4ytt\u00e4\u00e4 korkeat standardit, tutustu niihin.\",\"breadcrumb\":{\"@id\":\"https:\/\/templatetoaster.com\/fi\/our-standards#breadcrumb\"},\"inLanguage\":\"fi\",\"potentialAction\":[{\"@type\":\"ReadAction\",\"target\":[\"https:\/\/templatetoaster.com\/fi\/our-standards\"]}]},{\"@type\":\"ImageObject\",\"inLanguage\":\"fi\",\"@id\":\"https:\/\/templatetoaster.com\/fi\/our-standards#primaryimage\",\"url\":\"https:\/\/templatetoaster.com\/wp-content\/uploads\/2018\/10\/responsive-web-design.jpg\",\"contentUrl\":\"https:\/\/templatetoaster.com\/wp-content\/uploads\/2018\/10\/responsive-web-design.jpg\"},{\"@type\":\"BreadcrumbList\",\"@id\":\"https:\/\/templatetoaster.com\/fi\/our-standards#breadcrumb\",\"itemListElement\":[{\"@type\":\"ListItem\",\"position\":1,\"name\":\"Home\",\"item\":\"https:\/\/templatetoaster.com\/fi\"},{\"@type\":\"ListItem\",\"position\":2,\"name\":\"Standardimme\"}]},{\"@type\":\"WebSite\",\"@id\":\"https:\/\/templatetoaster.com\/#website\",\"url\":\"https:\/\/templatetoaster.com\/\",\"name\":\"TemplateToaster\",\"description\":\"\",\"publisher\":{\"@id\":\"https:\/\/templatetoaster.com\/#organization\"},\"inLanguage\":\"fi\"},{\"@type\":\"Organization\",\"@id\":\"https:\/\/templatetoaster.com\/#organization\",\"name\":\"TemplateToaster\",\"url\":\"https:\/\/templatetoaster.com\/\",\"logo\":{\"@type\":\"ImageObject\",\"inLanguage\":\"fi\",\"@id\":\"https:\/\/templatetoaster.com\/#\/schema\/logo\/image\/\",\"url\":\"https:\/\/templatetoaster.com\/wp-content\/uploads\/2019\/11\/TemplateToaster_Logo.jpg\",\"contentUrl\":\"https:\/\/templatetoaster.com\/wp-content\/uploads\/2019\/11\/TemplateToaster_Logo.jpg\",\"width\":85,\"height\":85,\"caption\":\"TemplateToaster\"},\"image\":{\"@id\":\"https:\/\/templatetoaster.com\/#\/schema\/logo\/image\/\"},\"sameAs\":[\"https:\/\/www.facebook.com\/TemplateToaster\",\"https:\/\/x.com\/templatetoaster\",\"https:\/\/www.instagram.com\/templatetoaster\/\",\"https:\/\/www.linkedin.com\/company\/templatetoaster\/\",\"https:\/\/www.pinterest.com\/templatetoaster\/\",\"https:\/\/www.youtube.com\/@TemplateToaster\"]}]}<\/script>\n<!-- \/ Yoast SEO plugin. -->","yoast_head_json":{"title":"Standardimme - TemplateToaster","description":"TemplateToeaster ohjelmisto t\u00e4ytt\u00e4\u00e4 korkeat standardit, tutustu niihin.","robots":{"index":"index","follow":"follow","max-snippet":"max-snippet:-1","max-image-preview":"max-image-preview:large","max-video-preview":"max-video-preview:-1"},"canonical":"https:\/\/templatetoaster.com\/fi\/our-standards","og_locale":"fi_FI","og_type":"article","og_title":"Standardimme - TemplateToaster","og_description":"TemplateToeaster ohjelmisto t\u00e4ytt\u00e4\u00e4 korkeat standardit, tutustu niihin.","og_url":"https:\/\/templatetoaster.com\/fi\/our-standards","og_site_name":"TemplateToaster","article_publisher":"https:\/\/www.facebook.com\/TemplateToaster","article_modified_time":"2019-02-07T05:47:17+00:00","og_image":[{"url":"https:\/\/templatetoaster.com\/wp-content\/uploads\/2018\/10\/responsive-web-design.jpg"}],"twitter_card":"summary_large_image","twitter_site":"@templatetoaster","twitter_misc":{"Arvioitu lukuaika":"1 minuutti"},"schema":{"@context":"https:\/\/schema.org","@graph":[{"@type":"WebPage","@id":"https:\/\/templatetoaster.com\/fi\/our-standards","url":"https:\/\/templatetoaster.com\/fi\/our-standards","name":"Standardimme - TemplateToaster","isPartOf":{"@id":"https:\/\/templatetoaster.com\/#website"},"primaryImageOfPage":{"@id":"https:\/\/templatetoaster.com\/fi\/our-standards#primaryimage"},"image":{"@id":"https:\/\/templatetoaster.com\/fi\/our-standards#primaryimage"},"thumbnailUrl":"https:\/\/templatetoaster.com\/wp-content\/uploads\/2018\/10\/responsive-web-design.jpg","datePublished":"2018-04-14T10:14:49+00:00","dateModified":"2019-02-07T05:47:17+00:00","description":"TemplateToeaster ohjelmisto t\u00e4ytt\u00e4\u00e4 korkeat standardit, tutustu niihin.","breadcrumb":{"@id":"https:\/\/templatetoaster.com\/fi\/our-standards#breadcrumb"},"inLanguage":"fi","potentialAction":[{"@type":"ReadAction","target":["https:\/\/templatetoaster.com\/fi\/our-standards"]}]},{"@type":"ImageObject","inLanguage":"fi","@id":"https:\/\/templatetoaster.com\/fi\/our-standards#primaryimage","url":"https:\/\/templatetoaster.com\/wp-content\/uploads\/2018\/10\/responsive-web-design.jpg","contentUrl":"https:\/\/templatetoaster.com\/wp-content\/uploads\/2018\/10\/responsive-web-design.jpg"},{"@type":"BreadcrumbList","@id":"https:\/\/templatetoaster.com\/fi\/our-standards#breadcrumb","itemListElement":[{"@type":"ListItem","position":1,"name":"Home","item":"https:\/\/templatetoaster.com\/fi"},{"@type":"ListItem","position":2,"name":"Standardimme"}]},{"@type":"WebSite","@id":"https:\/\/templatetoaster.com\/#website","url":"https:\/\/templatetoaster.com\/","name":"TemplateToaster","description":"","publisher":{"@id":"https:\/\/templatetoaster.com\/#organization"},"inLanguage":"fi"},{"@type":"Organization","@id":"https:\/\/templatetoaster.com\/#organization","name":"TemplateToaster","url":"https:\/\/templatetoaster.com\/","logo":{"@type":"ImageObject","inLanguage":"fi","@id":"https:\/\/templatetoaster.com\/#\/schema\/logo\/image\/","url":"https:\/\/templatetoaster.com\/wp-content\/uploads\/2019\/11\/TemplateToaster_Logo.jpg","contentUrl":"https:\/\/templatetoaster.com\/wp-content\/uploads\/2019\/11\/TemplateToaster_Logo.jpg","width":85,"height":85,"caption":"TemplateToaster"},"image":{"@id":"https:\/\/templatetoaster.com\/#\/schema\/logo\/image\/"},"sameAs":["https:\/\/www.facebook.com\/TemplateToaster","https:\/\/x.com\/templatetoaster","https:\/\/www.instagram.com\/templatetoaster\/","https:\/\/www.linkedin.com\/company\/templatetoaster\/","https:\/\/www.pinterest.com\/templatetoaster\/","https:\/\/www.youtube.com\/@TemplateToaster"]}]}},"_links":{"self":[{"href":"https:\/\/templatetoaster.com\/fi\/wp-json\/wp\/v2\/pages\/4560"}],"collection":[{"href":"https:\/\/templatetoaster.com\/fi\/wp-json\/wp\/v2\/pages"}],"about":[{"href":"https:\/\/templatetoaster.com\/fi\/wp-json\/wp\/v2\/types\/page"}],"author":[{"embeddable":true,"href":"https:\/\/templatetoaster.com\/fi\/wp-json\/wp\/v2\/users\/1"}],"replies":[{"embeddable":true,"href":"https:\/\/templatetoaster.com\/fi\/wp-json\/wp\/v2\/comments?post=4560"}],"version-history":[{"count":4,"href":"https:\/\/templatetoaster.com\/fi\/wp-json\/wp\/v2\/pages\/4560\/revisions"}],"predecessor-version":[{"id":8572,"href":"https:\/\/templatetoaster.com\/fi\/wp-json\/wp\/v2\/pages\/4560\/revisions\/8572"}],"wp:attachment":[{"href":"https:\/\/templatetoaster.com\/fi\/wp-json\/wp\/v2\/media?parent=4560"}],"curies":[{"name":"wp","href":"https:\/\/api.w.org\/{rel}","templated":true}]}}