{"id":4556,"date":"2018-04-14T10:12:29","date_gmt":"2018-04-14T10:12:29","guid":{"rendered":"http:\/\/templatetoaster.com?page_id=4556"},"modified":"2019-08-27T07:06:10","modified_gmt":"2019-08-27T07:06:10","slug":"opencart-theme-builder","status":"publish","type":"page","link":"https:\/\/templatetoaster.com\/fi\/opencart-theme-builder","title":{"rendered":"OpenCart-teemasuunnitteluohjelmisto"},"content":{"rendered":"<div class=\"section1 wp-theme-generator\">\n<div style=\"margin: 115px 0 16px;\">\n<h1>Tehokas OpenCart Theme Builder Software<\/h1>\n<p class=\"text-center\">Teemoja, jotka todella muovaavat verkkokauppaasi. Sinun ei tarvitse koodata mit\u00e4\u00e4n! Koskaan.<\/p>\n<div style=\"text-align: center;\"><a class=\"btn download_btn\" href=\"https:\/\/templatetoaster.com\/fi\/download\">Lataa nyt<\/a><\/div>\n<div class=\"clearfix\"><\/div>\n<\/div>\n<\/div>\n<p><!--- What is TemplateToaster Section --><\/p>\n<div class=\"section2 wp-theme-generator\">\n<div class=\"section2-inner\">\n<h2>Miksi k\u00e4ytt\u00e4\u00e4 TemplateToaster ohjelmistoa OpenCart teeman luontiin?<\/h2>\n<p>Luo h\u00e4tk\u00e4hdytt\u00e4v\u00e4 teemoja OpenCart verkkosivuille minuuteissa. Et tarvitse koodaustaitoja! Helppo ved\u00e4 &amp; pudota k\u00e4ytt\u00f6liittym\u00e4 teemojen suunnitteluun. Tee vaikutus sivustolla, joka k\u00e4\u00e4nt\u00e4\u00e4 k\u00e4vij\u00f6ist\u00e4 ostajia!<\/p>\n<\/div>\n<\/div>\n<p><!--- section 3 starts --><\/p>\n<div class=\"section3 wp-theme-generator\">\n<div class=\"section3-inner\">\n<h2>Miten se toimii?<\/h2>\n<div class=\"row\">\n<div class=\"col-lg-4 col-md-4 col-sm-6 col-xs-12\">\n<div class=\"media\">\n<div class=\"landing_page_svg download\"><\/div>\n<h3 class=\"text-center\">Aloitetaan suunnittelu TemplateToasterilla!<\/h3>\n<p class=\"text-center\">Nauti rajattomasti kokeiluversiosta ohjelmiston lataamisen j\u00e4lkeen. P\u00e4\u00e4se k\u00e4ytt\u00e4m\u00e4\u00e4n kaikkia toimintoja! Olet astunut maailmaan, jossa sinulla on mahdollisuus suunnitella helposti!<\/p>\n<\/div>\n<\/div>\n<div class=\"clearfix visible-xs-block\"><\/div>\n<div class=\"col-lg-4 col-md-4 col-sm-6 col-xs-12\">\n<div class=\"media\">\n<div class=\"landing_page_svg build-wp-theme\"><\/div>\n<h3 class=\"text-center\">Ved\u00e4 &amp; Pudota. Muokata minuuteissa!<\/h3>\n<p class=\"text-center\">Olet mahdollisuus valita valmiiksi suunniteltuja malleja, tai aloittaa tyhj\u00e4st\u00e4! T\u00e4m\u00e4 Drag &amp; Drop OpenCart teema luoja avulla voit suunnitella kuin ammattilainen ei koodaus tiet\u00e4myst\u00e4!<\/p>\n<\/div>\n<\/div>\n<div class=\"clearfix visible-sm-block visible-xs-block\"><\/div>\n<div class=\"col-lg-4 col-md-4 col-sm-6 col-xs-12\">\n<div class=\"media\">\n<div class=\"landing_page_svg export-upload\"><\/div>\n<h3 class=\"text-center\">OpenCart kauppasi<\/h3>\n<p class=\"text-center\">Oletko iloinen siit\u00e4, mit\u00e4 olet suunnitellut? Vakuuttunut jokaisesta pienest\u00e4 yksityiskohdasta? Lataa ja asenna tekem\u00e4si uusi teema muutamalla klikkauksella. N\u00e4in OpenCart myym\u00e4l\u00e4si on p\u00e4ivitety, valmiina k\u00e4ytt\u00f6\u00f6n!<\/p>\n<\/div>\n<\/div>\n<div class=\"clearfix visible-lg-block visible-md-block visible-sm-block visible-xs-block\"><\/div>\n<\/div>\n<\/div>\n<\/div>\n<div class=\"video-section wp-theme-generator\">\n<div class=\"container\">\n<h2 style=\"text-transform: none;\">OpenCart Theme Builderin esittely<\/h2>\n<div class=\"youtube-video-place embed-responsive embed-responsive-4by3 \" data-yt-url=\"https:\/\/www.youtube.com\/embed\/9z5POqcN8l0?rel=0&amp;showinfo=0&amp;autoplay=1\">\n<p><img loading=\"lazy\" decoding=\"async\" class=\"alignnone size-full wp-image-65640\" src=\"https:\/\/templatetoaster.com\/wp-content\/uploads\/2019\/08\/OpenCart-Theme-Builderin-esittely.jpg\" alt=\"OpenCart Theme Builderin esittely\" width=\"1366\" height=\"728\" srcset=\"https:\/\/templatetoaster.com\/wp-content\/uploads\/2019\/08\/OpenCart-Theme-Builderin-esittely.jpg 1366w, https:\/\/templatetoaster.com\/wp-content\/uploads\/2019\/08\/OpenCart-Theme-Builderin-esittely-1000x533.jpg 1000w, https:\/\/templatetoaster.com\/wp-content\/uploads\/2019\/08\/OpenCart-Theme-Builderin-esittely-300x160.jpg 300w, https:\/\/templatetoaster.com\/wp-content\/uploads\/2019\/08\/OpenCart-Theme-Builderin-esittely-768x409.jpg 768w, https:\/\/templatetoaster.com\/wp-content\/uploads\/2019\/08\/OpenCart-Theme-Builderin-esittely-1024x546.jpg 1024w\" sizes=\"(max-width: 1366px) 100vw, 1366px\" \/><\/p>\n<div class=\"play-youtube-video\">\n<div class=\"landing_page_svg\"><\/div>\n<\/div>\n<\/div>\n<\/div>\n<\/div>\n<div class=\"section4 wp-theme-generator\">\n<h2>TemplateToaster ja OpenCartin ominaisuuksia<\/h2>\n<p class=\"section4-paragraph\">T\u00e4ysin tehostettu joitakin tehokkaita ominaisuuksia, TemplateToaster avulla voit suunnitella huippuluokan teemoja.<\/p>\n<div class=\"row\">\n<div class=\"col-lg-4 col-md-4 col-sm-6 col-sx-12\">\n<div style=\"padding: 20px;\">\n<div class=\"text-center\">\n<div class=\"wp_feature landing_page_svg logo-placement\"><\/div>\n<\/div>\n<h3 style=\"margin: 20px 0px 10px; text-align: center;\">valikko Logo<\/h3>\n<p class=\"text-center\">Mit\u00e4 muuta huomionarvoista kuin lis\u00e4\u00e4m\u00e4ll\u00e4 myym\u00e4l\u00e4n logo valikkoon verkkosivuilla! T\u00e4h\u00e4n asti, sinulla oli mahdollisuus asettaa br\u00e4ndin logo vain yl\u00e4tunnisteeseen. Muttanyt TemplateToaster, parantaa tuotemerkin asettelua sivustolla t\u00e4m\u00e4n hienon ominaisuuden avulla muiden ominaisuuksien joukosta.<\/p>\n<\/div>\n<\/div>\n<div class=\"clearfix visible-xs-block\"><\/div>\n<div class=\"col-lg-4 col-md-4 col-sm-6 col-sx-12\">\n<div style=\"padding: 20px;\">\n<div class=\"text-center\">\n<div class=\"wp_feature landing_page_svg compatible-version\"><\/div>\n<\/div>\n<h3 style=\"margin: 20px 0 10px; text-align: center;\">yhteensopivat versiot<\/h3>\n<p class=\"text-center\">TemplateToasterilla suunnitellut teemat ovat t\u00e4ysin yhteensopivia OpenCart versioiden 2.1, 2.2 &amp; 2.3 kanssa. Teemat, n\u00e4in luodut ovat yhteensopivia ytimen toiminnoiltaan n\u00e4iden OpenCart versioiden kanssa. Pyrimme pit\u00e4m\u00e4\u00e4n pit\u00e4m\u00e4\u00e4n TemplateToaster ajan tasalla. Aina!<\/p>\n<\/div>\n<\/div>\n<div class=\"clearfix visible-sm-block visible-xs-block\"><\/div>\n<div class=\"col-md-4 col-sm-6 col-sx-12\">\n<div style=\"padding: 20px;\">\n<div class=\"text-center\">\n<div class=\"wp_feature landing_page_svg product-grid\"><\/div>\n<\/div>\n<h3 style=\"margin: 20px 0 10px; text-align: center;\">Usean tuotteen ruudukko n\u00e4kym\u00e4<\/h3>\n<p class=\"text-center\">N\u00e4yt\u00e4 tuotteet kuten haluat, joko lista-n\u00e4kym\u00e4ss\u00e4 tai ruudukkon\u00e4kym\u00e4ss\u00e4. T\u00e4ss\u00e4 OpenCart teema luomisessa, voit tyylitell\u00e4 monituotekonsepti ruudukon sivulle, jotta se n\u00e4ytt\u00e4\u00e4 houkuttelevammalta ja yksil\u00f6lliisemm\u00e4lt\u00e4! Vaihda kirjasimen v\u00e4ri\u00e4 &amp; tyyppi\u00e4, taustan v\u00e4rej\u00e4 ja muuta!<\/p>\n<\/div>\n<\/div>\n<div class=\"clearfix visible-lg-block visible-md-block visible-xs-block\"><\/div>\n<div class=\"col-md-4 col-sm-6 col-sx-12\">\n<div style=\"padding: 20px;\">\n<div class=\"text-center\">\n<div class=\"wp_feature landing_page_svg checkout-pages\"><\/div>\n<\/div>\n<h3 style=\"margin: 20px 0 10px; text-align: center;\">Kassalla<\/h3>\n<p class=\"text-center\">Ilahduta k\u00e4vij\u00f6it\u00e4si tekem\u00e4ll\u00e4 oma tyyli kassalla omaan OpenCart myym\u00e4l\u00e4\u00e4n. Laita mukautettu taustav\u00e4ri sivulle sek\u00e4 vaihda v\u00e4ri\u00e4, fonttityyli\u00e4, v\u00e4ri-, sis\u00e4ll\u00f6n jne. n lis\u00e4\u00e4ji\u00e4 (kassavaihtoehdot, Laskutustiedot jne) vastaamaan myym\u00e4l\u00e4si ulkoasua ja teemaa.<\/p>\n<\/div>\n<\/div>\n<div class=\"clearfix visible-sm-block visible-xs-block\"><\/div>\n<div class=\"col-md-4 col-sm-6 col-sx-12\">\n<div style=\"padding: 20px;\">\n<div class=\"text-center\">\n<div class=\"wp_feature landing_page_svg product-page-styling\"><\/div>\n<\/div>\n<h3 style=\"margin: 20px 0 10px; text-align: center;\">Tuote-sivun muotoilu<\/h3>\n<p class=\"text-center\">Tuote-sivun muotoilu on helppoa TemplateToasterilla kuin OpenCart teemallekkin. Muutat vain fontin v\u00e4ri\u00e4 ja tyyli\u00e4, taustav\u00e4ri jne. jotta sivusi on houkuttelevampi vierailijoille. Voit jopa tyylitell\u00e4 kokoa, v\u00e4ri\u00e4 ja v\u00e4lilehtien m\u00e4\u00e4r\u00e4ll\u00e4!<\/p>\n<\/div>\n<\/div>\n<div class=\"clearfix visible-xs-block\"><\/div>\n<div class=\"col-md-4 col-sm-6 col-sx-12\">\n<div style=\"padding: 20px;\">\n<div class=\"text-center\">\n<div class=\"wp_feature landing_page_svg module-positions\"><\/div>\n<\/div>\n<h3 style=\"margin: 20px 0 10px; text-align: center;\">Laajennoksien sijainnit<\/h3>\n<p class=\"text-center\">Voit luoda nopeasti omia laajennoksien sijaintipaikkoja kehittyneill\u00e4 toiminnoilla! Voit muokata taustakuvia, liukuv\u00e4rej\u00e4 tai v\u00e4rej\u00e4. Rajoittamaton m\u00e4\u00e4r\u00e4 sijoituspaikkoja voidaan m\u00e4\u00e4ritell\u00e4 erikois laajennoksille kuten yl\u00e4- ja alapuolella valikon, otsikko, alatunniste, sivupalkki jne.<\/p>\n<\/div>\n<\/div>\n<div class=\"clearfix visible-lg-block visible-md-block visible-sm-block visible-xs-block\"><\/div>\n<\/div>\n<\/div>\n<p><!--Section Features with WP--><\/p>\n<div class=\"section5 wp-theme-generator\" style=\"padding: 70px 10px; margin-bottom: 2px;\">\n<div style=\"margin: 40px 0px 20px;\">\n<h2 style=\"margin-bottom: 65px;\">TemplateToasterin huippu ominaisuudet<\/h2>\n<div class=\"feature_with_wp row\">\n<div class=\"col-lg-4 col-md-4 col-sm-4 col-xs-6\">\n<div class=\"feature_wpimg\"><img decoding=\"async\" class=\"img-responsive\" src=\"https:\/\/templatetoaster.com\/wp-content\/uploads\/2017\/04\/multiple-language.png\" alt=\"Tuki Useita Kieli\" \/><\/div>\n<\/div>\n<div class=\"col-lg-4 col-md-4 col-sm-4 col-xs-6\">\n<div class=\"feature_wpimg\"><img decoding=\"async\" class=\"img-responsive\" src=\"https:\/\/templatetoaster.com\/wp-content\/uploads\/2017\/04\/mobile-optimization.png\" alt=\"mobiilioptimointia\" \/><\/div>\n<\/div>\n<div class=\"clearfix visible-xs-block\"><\/div>\n<div class=\"col-lg-4 col-md-4 col-sm-4 col-xs-6\">\n<div class=\"feature_wpimg\"><img decoding=\"async\" class=\"img-responsive\" src=\"https:\/\/templatetoaster.com\/wp-content\/uploads\/2017\/04\/drag-drop.png\" alt=\"Raahaa ja pudota\" \/><\/div>\n<\/div>\n<div class=\"clearfix visible-lg-block visible-md-block visible-sm-block\"><\/div>\n<div class=\"col-lg-4 col-md-4 col-sm-4 col-xs-6\">\n<div class=\"feature_wpimg\"><img decoding=\"async\" class=\"img-responsive\" src=\"https:\/\/templatetoaster.com\/wp-content\/uploads\/2017\/04\/demo-templats.png\" alt=\"demo teemat\" \/><\/div>\n<\/div>\n<div class=\"clearfix visible-xs-block\"><\/div>\n<div class=\"col-lg-4 col-md-4 col-sm-4 col-xs-6\">\n<div class=\"feature_wpimg\"><img decoding=\"async\" class=\"img-responsive\" src=\"https:\/\/templatetoaster.com\/wp-content\/uploads\/2017\/04\/mega-menu.png\" alt=\"Mega Valikko\" \/><\/div>\n<\/div>\n<div class=\"col-lg-4 col-md-4 col-sm-4 col-xs-6\">\n<div class=\"feature_wpimg\"><img decoding=\"async\" class=\"img-responsive\" src=\"https:\/\/templatetoaster.com\/wp-content\/uploads\/2017\/04\/right-to-left.png\" alt=\"Oikealta vasemmalle\" \/><\/div>\n<\/div>\n<div class=\"clearfix visible-lg-block visible-md-block visible-sm-block visible-xs-block\"><\/div>\n<div class=\"col-lg-4 col-md-4 col-sm-4 col-xs-6\">\n<div class=\"feature_wpimg\"><img decoding=\"async\" class=\"img-responsive\" src=\"https:\/\/templatetoaster.com\/wp-content\/uploads\/2017\/04\/amazing-slideshow.png\" alt=\"Amazing diaesitys\" \/><\/div>\n<\/div>\n<div class=\"col-lg-4 col-md-4 col-sm-4 col-xs-6\">\n<div class=\"feature_wpimg\"><img decoding=\"async\" class=\"img-responsive\" src=\"https:\/\/templatetoaster.com\/wp-content\/uploads\/2017\/04\/zero-coding.png\" alt=\"nolla koodaus\" \/><\/div>\n<\/div>\n<div class=\"clearfix visible-xs-block\"><\/div>\n<div class=\"col-lg-4 col-md-4 col-sm-4 col-xs-6\">\n<div class=\"feature_wpimg\"><img decoding=\"async\" class=\"img-responsive\" src=\"https:\/\/templatetoaster.com\/wp-content\/uploads\/2017\/04\/custom-css.png\" alt=\"Custom CSS, JS ja PHP\" \/><\/div>\n<\/div>\n<div class=\"clearfix visible-lg-block visible-md-block visible-sm-block visible-xs-block\"><\/div>\n<\/div>\n<\/div>\n<\/div>\n<p><!--Section Gallery--><\/p>\n<div class=\"section7 wp-theme-generator\" style=\"padding: 100px 10px; background-color: #f1f4f8; margin-bottom: 2px;\">\n<h2>Meid\u00e4n standardit<\/h2>\n<div class=\"row\">\n<div class=\"col-lg-4 col-md-4 col-sm-6 col-xs-12\">\n<div style=\"padding: 20px;\">\n<div class=\"text-center\">\n<div class=\"wp_feature landing_page_svg w3c-validation\"><\/div>\n<\/div>\n<h3 style=\"margin: 20px 0px 10px; text-align: center;\">W3C-validointia<\/h3>\n<p class=\"text-center\">TemplateToasterilla luodut OpenCart teemat t\u00e4ytt\u00e4v\u00e4t kansainv\u00e4liset standardit ja W3C voimassa. N\u00e4in saat optimaalisen verkkosivujen toiminnallisuuden ja hakukoneiden hy\u00f6dyt.<\/p>\n<\/div>\n<\/div>\n<div class=\"clearfix visible-xs-block\"><\/div>\n<div class=\"col-lg-4 col-md-4 col-sm-6 col-xs-12\">\n<div style=\"padding: 20px;\">\n<div class=\"text-center\">\n<div class=\"wp_feature landing_page_svg theme-check-plugin-pass\"><\/div>\n<\/div>\n<h3 style=\"margin: 20px 0 10px; text-align: center;\">HTML5 &amp; CSS3 standardit<\/h3>\n<p class=\"text-center\">TemplateToaster ohjelmisto noudattaa HTML5 ja CSS3 standardeja. Se tukee enemm\u00e4n multimedia suuntautuneita verkkosivuja ja kehittyneneit\u00e4 muotoilu valmiuksia.<\/p>\n<\/div>\n<\/div>\n<div class=\"clearfix visible-sm-block visible-xs-block\"><\/div>\n<div class=\"col-lg-4 col-md-4 col-sm-6 col-xs-12\">\n<div style=\"padding: 20px;\">\n<div class=\"text-center\">\n<div class=\"wp_feature landing_page_svg page-speed\"><\/div>\n<\/div>\n<h3 style=\"margin: 20px 0 10px; text-align: center;\">Nopea verkkosivut<\/h3>\n<p class=\"text-center\">Optimaalinen verkkosivu haetaan paras k\u00e4ytt\u00e4j\u00e4kokemus. Paitsi paremmin UX, kaikki saat on laadukkaampi pisteet joka on enemm\u00e4n ulottuvilla.<\/p>\n<\/div>\n<\/div>\n<div class=\"clearfix visible-lg-block visible-md-block visible-xs-block\"><\/div>\n<\/div>\n<\/div>\n<p><!--- section 6 starts --><\/p>\n<div class=\"section6 wp-theme-generator\" style=\"padding: 50px 10px;\">\n<div style=\"margin: 70px 0px 20px;\">\n<h2>Tukee kaikkia t\u00e4rkeimpi\u00e4 sis\u00e4ll\u00f6nhallintaohjelmia<\/h2>\n<div class=\"section-center\" style=\"padding-bottom: 50px;\">\n<div class=\"main-cms-section\">\n<div class=\"cms-section\">\n<div class=\"text-center\">\n<div class=\"wp_feature landing_page_svg opencart\"><\/div>\n<\/div>\n<\/div>\n<\/div>\n<div class=\"other-cms-section\">\n<div class=\"cms-section\">\n<div class=\"text-center\">\n<div class=\"wp_feature landing_page_svg wordpress\"><\/div>\n<\/div>\n<\/div>\n<div class=\"cms-section\">\n<div class=\"text-center\">\n<div class=\"wp_feature landing_page_svg woocommerce\"><\/div>\n<\/div>\n<\/div>\n<div class=\"cms-section\">\n<div class=\"text-center\">\n<div class=\"wp_feature landing_page_svg magento\"><\/div>\n<\/div>\n<\/div>\n<div class=\"cms-section\">\n<div class=\"text-center\">\n<div class=\"wp_feature landing_page_svg blogger\"><\/div>\n<\/div>\n<\/div>\n<div class=\"cms-section\">\n<div class=\"text-center\">\n<div class=\"wp_feature landing_page_svg joomla\"><\/div>\n<\/div>\n<\/div>\n<div class=\"cms-section\">\n<div class=\"text-center\">\n<div class=\"wp_feature landing_page_svg virtuemart\"><\/div>\n<\/div>\n<\/div>\n<div class=\"cms-section\">\n<div class=\"text-center\">\n<div class=\"wp_feature landing_page_svg drupal\"><\/div>\n<\/div>\n<\/div>\n<div class=\"cms-section\">\n<div class=\"text-center\">\n<div class=\"wp_feature landing_page_svg prestashop\"><\/div>\n<\/div>\n<\/div>\n<div class=\"cms-section\">\n<div class=\"text-center\">\n<div class=\"wp_feature landing_page_svg html\"><\/div>\n<\/div>\n<\/div>\n<\/div>\n<\/div>\n<div style=\"text-align: center; margin-top: 30px;\"><a class=\"btn download_btn\" href=\"https:\/\/templatetoaster.com\/fi\/download\">Lataa nyt<\/a><\/div>\n<\/div>\n<\/div>\n","protected":false},"excerpt":{"rendered":"<p>Tehokas OpenCart Theme Builder Software Teemoja, jotka todella muovaavat verkkokauppaasi. Sinun ei tarvitse koodata mit\u00e4\u00e4n! Koskaan. Lataa nyt Miksi k\u00e4ytt\u00e4\u00e4 TemplateToaster ohjelmistoa OpenCart teeman luontiin? Luo h\u00e4tk\u00e4hdytt\u00e4v\u00e4 teemoja OpenCart verkkosivuille minuuteissa. Et tarvitse koodaustaitoja! Helppo ved\u00e4 &amp; pudota k\u00e4ytt\u00f6liittym\u00e4 teemojen &hellip; <a href=\"https:\/\/templatetoaster.com\/fi\/opencart-theme-builder\">Continue Reading<span class=\"meta-nav\">&rarr;<\/span><\/a><\/p>\n","protected":false},"author":1,"featured_media":0,"parent":0,"menu_order":0,"comment_status":"closed","ping_status":"closed","template":"","meta":{"footnotes":""},"yoast_head":"<!-- This site is optimized with the Yoast SEO plugin v23.5 - https:\/\/yoast.com\/wordpress\/plugins\/seo\/ -->\n<title>OpenCart teemanrakentaja parhaimmillaan - TemplateToaster<\/title>\n<meta name=\"description\" content=\"Suunnittele kauniita teemoja OpenCart kauppaasi. Tehokas OpenCart teemanrakennusohjelma auttaa sinua rakentamaan ammattimaisia teemoja minuuteissa ilman koodausta.\" \/>\n<meta name=\"robots\" content=\"index, follow, max-snippet:-1, max-image-preview:large, max-video-preview:-1\" \/>\n<link rel=\"canonical\" href=\"https:\/\/templatetoaster.com\/fi\/opencart-theme-builder\" \/>\n<meta property=\"og:locale\" content=\"fi_FI\" \/>\n<meta property=\"og:type\" content=\"article\" \/>\n<meta property=\"og:title\" content=\"OpenCart teemanrakentaja parhaimmillaan - TemplateToaster\" \/>\n<meta property=\"og:description\" content=\"Suunnittele kauniita teemoja OpenCart kauppaasi. Tehokas OpenCart teemanrakennusohjelma auttaa sinua rakentamaan ammattimaisia teemoja minuuteissa ilman koodausta.\" \/>\n<meta property=\"og:url\" content=\"https:\/\/templatetoaster.com\/fi\/opencart-theme-builder\" \/>\n<meta property=\"og:site_name\" content=\"TemplateToaster\" \/>\n<meta property=\"article:publisher\" content=\"https:\/\/www.facebook.com\/TemplateToaster\" \/>\n<meta property=\"article:modified_time\" content=\"2019-08-27T07:06:10+00:00\" \/>\n<meta property=\"og:image\" content=\"https:\/\/templatetoaster.com\/wp-content\/uploads\/2019\/08\/OpenCart-Theme-Builderin-esittely.jpg\" \/>\n<meta name=\"twitter:card\" content=\"summary_large_image\" \/>\n<meta name=\"twitter:site\" content=\"@templatetoaster\" \/>\n<meta name=\"twitter:label1\" content=\"Arvioitu lukuaika\" \/>\n\t<meta name=\"twitter:data1\" content=\"3 minuuttia\" \/>\n<script type=\"application\/ld+json\" class=\"yoast-schema-graph\">{\"@context\":\"https:\/\/schema.org\",\"@graph\":[{\"@type\":\"WebPage\",\"@id\":\"https:\/\/templatetoaster.com\/fi\/opencart-theme-builder\",\"url\":\"https:\/\/templatetoaster.com\/fi\/opencart-theme-builder\",\"name\":\"OpenCart teemanrakentaja parhaimmillaan - TemplateToaster\",\"isPartOf\":{\"@id\":\"https:\/\/templatetoaster.com\/#website\"},\"primaryImageOfPage\":{\"@id\":\"https:\/\/templatetoaster.com\/fi\/opencart-theme-builder#primaryimage\"},\"image\":{\"@id\":\"https:\/\/templatetoaster.com\/fi\/opencart-theme-builder#primaryimage\"},\"thumbnailUrl\":\"https:\/\/templatetoaster.com\/wp-content\/uploads\/2019\/08\/OpenCart-Theme-Builderin-esittely.jpg\",\"datePublished\":\"2018-04-14T10:12:29+00:00\",\"dateModified\":\"2019-08-27T07:06:10+00:00\",\"description\":\"Suunnittele kauniita teemoja OpenCart kauppaasi. Tehokas OpenCart teemanrakennusohjelma auttaa sinua rakentamaan ammattimaisia teemoja minuuteissa ilman koodausta.\",\"breadcrumb\":{\"@id\":\"https:\/\/templatetoaster.com\/fi\/opencart-theme-builder#breadcrumb\"},\"inLanguage\":\"fi\",\"potentialAction\":[{\"@type\":\"ReadAction\",\"target\":[\"https:\/\/templatetoaster.com\/fi\/opencart-theme-builder\"]}]},{\"@type\":\"ImageObject\",\"inLanguage\":\"fi\",\"@id\":\"https:\/\/templatetoaster.com\/fi\/opencart-theme-builder#primaryimage\",\"url\":\"https:\/\/templatetoaster.com\/wp-content\/uploads\/2019\/08\/OpenCart-Theme-Builderin-esittely.jpg\",\"contentUrl\":\"https:\/\/templatetoaster.com\/wp-content\/uploads\/2019\/08\/OpenCart-Theme-Builderin-esittely.jpg\"},{\"@type\":\"BreadcrumbList\",\"@id\":\"https:\/\/templatetoaster.com\/fi\/opencart-theme-builder#breadcrumb\",\"itemListElement\":[{\"@type\":\"ListItem\",\"position\":1,\"name\":\"Home\",\"item\":\"https:\/\/templatetoaster.com\/fi\"},{\"@type\":\"ListItem\",\"position\":2,\"name\":\"OpenCart-teemasuunnitteluohjelmisto\"}]},{\"@type\":\"WebSite\",\"@id\":\"https:\/\/templatetoaster.com\/#website\",\"url\":\"https:\/\/templatetoaster.com\/\",\"name\":\"TemplateToaster\",\"description\":\"\",\"publisher\":{\"@id\":\"https:\/\/templatetoaster.com\/#organization\"},\"inLanguage\":\"fi\"},{\"@type\":\"Organization\",\"@id\":\"https:\/\/templatetoaster.com\/#organization\",\"name\":\"TemplateToaster\",\"url\":\"https:\/\/templatetoaster.com\/\",\"logo\":{\"@type\":\"ImageObject\",\"inLanguage\":\"fi\",\"@id\":\"https:\/\/templatetoaster.com\/#\/schema\/logo\/image\/\",\"url\":\"https:\/\/templatetoaster.com\/wp-content\/uploads\/2019\/11\/TemplateToaster_Logo.jpg\",\"contentUrl\":\"https:\/\/templatetoaster.com\/wp-content\/uploads\/2019\/11\/TemplateToaster_Logo.jpg\",\"width\":85,\"height\":85,\"caption\":\"TemplateToaster\"},\"image\":{\"@id\":\"https:\/\/templatetoaster.com\/#\/schema\/logo\/image\/\"},\"sameAs\":[\"https:\/\/www.facebook.com\/TemplateToaster\",\"https:\/\/x.com\/templatetoaster\",\"https:\/\/www.instagram.com\/templatetoaster\/\",\"https:\/\/www.linkedin.com\/company\/templatetoaster\/\",\"https:\/\/www.pinterest.com\/templatetoaster\/\",\"https:\/\/www.youtube.com\/@TemplateToaster\"]}]}<\/script>\n<!-- \/ Yoast SEO plugin. -->","yoast_head_json":{"title":"OpenCart teemanrakentaja parhaimmillaan - TemplateToaster","description":"Suunnittele kauniita teemoja OpenCart kauppaasi. Tehokas OpenCart teemanrakennusohjelma auttaa sinua rakentamaan ammattimaisia teemoja minuuteissa ilman koodausta.","robots":{"index":"index","follow":"follow","max-snippet":"max-snippet:-1","max-image-preview":"max-image-preview:large","max-video-preview":"max-video-preview:-1"},"canonical":"https:\/\/templatetoaster.com\/fi\/opencart-theme-builder","og_locale":"fi_FI","og_type":"article","og_title":"OpenCart teemanrakentaja parhaimmillaan - TemplateToaster","og_description":"Suunnittele kauniita teemoja OpenCart kauppaasi. Tehokas OpenCart teemanrakennusohjelma auttaa sinua rakentamaan ammattimaisia teemoja minuuteissa ilman koodausta.","og_url":"https:\/\/templatetoaster.com\/fi\/opencart-theme-builder","og_site_name":"TemplateToaster","article_publisher":"https:\/\/www.facebook.com\/TemplateToaster","article_modified_time":"2019-08-27T07:06:10+00:00","og_image":[{"url":"https:\/\/templatetoaster.com\/wp-content\/uploads\/2019\/08\/OpenCart-Theme-Builderin-esittely.jpg"}],"twitter_card":"summary_large_image","twitter_site":"@templatetoaster","twitter_misc":{"Arvioitu lukuaika":"3 minuuttia"},"schema":{"@context":"https:\/\/schema.org","@graph":[{"@type":"WebPage","@id":"https:\/\/templatetoaster.com\/fi\/opencart-theme-builder","url":"https:\/\/templatetoaster.com\/fi\/opencart-theme-builder","name":"OpenCart teemanrakentaja parhaimmillaan - TemplateToaster","isPartOf":{"@id":"https:\/\/templatetoaster.com\/#website"},"primaryImageOfPage":{"@id":"https:\/\/templatetoaster.com\/fi\/opencart-theme-builder#primaryimage"},"image":{"@id":"https:\/\/templatetoaster.com\/fi\/opencart-theme-builder#primaryimage"},"thumbnailUrl":"https:\/\/templatetoaster.com\/wp-content\/uploads\/2019\/08\/OpenCart-Theme-Builderin-esittely.jpg","datePublished":"2018-04-14T10:12:29+00:00","dateModified":"2019-08-27T07:06:10+00:00","description":"Suunnittele kauniita teemoja OpenCart kauppaasi. Tehokas OpenCart teemanrakennusohjelma auttaa sinua rakentamaan ammattimaisia teemoja minuuteissa ilman koodausta.","breadcrumb":{"@id":"https:\/\/templatetoaster.com\/fi\/opencart-theme-builder#breadcrumb"},"inLanguage":"fi","potentialAction":[{"@type":"ReadAction","target":["https:\/\/templatetoaster.com\/fi\/opencart-theme-builder"]}]},{"@type":"ImageObject","inLanguage":"fi","@id":"https:\/\/templatetoaster.com\/fi\/opencart-theme-builder#primaryimage","url":"https:\/\/templatetoaster.com\/wp-content\/uploads\/2019\/08\/OpenCart-Theme-Builderin-esittely.jpg","contentUrl":"https:\/\/templatetoaster.com\/wp-content\/uploads\/2019\/08\/OpenCart-Theme-Builderin-esittely.jpg"},{"@type":"BreadcrumbList","@id":"https:\/\/templatetoaster.com\/fi\/opencart-theme-builder#breadcrumb","itemListElement":[{"@type":"ListItem","position":1,"name":"Home","item":"https:\/\/templatetoaster.com\/fi"},{"@type":"ListItem","position":2,"name":"OpenCart-teemasuunnitteluohjelmisto"}]},{"@type":"WebSite","@id":"https:\/\/templatetoaster.com\/#website","url":"https:\/\/templatetoaster.com\/","name":"TemplateToaster","description":"","publisher":{"@id":"https:\/\/templatetoaster.com\/#organization"},"inLanguage":"fi"},{"@type":"Organization","@id":"https:\/\/templatetoaster.com\/#organization","name":"TemplateToaster","url":"https:\/\/templatetoaster.com\/","logo":{"@type":"ImageObject","inLanguage":"fi","@id":"https:\/\/templatetoaster.com\/#\/schema\/logo\/image\/","url":"https:\/\/templatetoaster.com\/wp-content\/uploads\/2019\/11\/TemplateToaster_Logo.jpg","contentUrl":"https:\/\/templatetoaster.com\/wp-content\/uploads\/2019\/11\/TemplateToaster_Logo.jpg","width":85,"height":85,"caption":"TemplateToaster"},"image":{"@id":"https:\/\/templatetoaster.com\/#\/schema\/logo\/image\/"},"sameAs":["https:\/\/www.facebook.com\/TemplateToaster","https:\/\/x.com\/templatetoaster","https:\/\/www.instagram.com\/templatetoaster\/","https:\/\/www.linkedin.com\/company\/templatetoaster\/","https:\/\/www.pinterest.com\/templatetoaster\/","https:\/\/www.youtube.com\/@TemplateToaster"]}]}},"_links":{"self":[{"href":"https:\/\/templatetoaster.com\/fi\/wp-json\/wp\/v2\/pages\/4556"}],"collection":[{"href":"https:\/\/templatetoaster.com\/fi\/wp-json\/wp\/v2\/pages"}],"about":[{"href":"https:\/\/templatetoaster.com\/fi\/wp-json\/wp\/v2\/types\/page"}],"author":[{"embeddable":true,"href":"https:\/\/templatetoaster.com\/fi\/wp-json\/wp\/v2\/users\/1"}],"replies":[{"embeddable":true,"href":"https:\/\/templatetoaster.com\/fi\/wp-json\/wp\/v2\/comments?post=4556"}],"version-history":[{"count":5,"href":"https:\/\/templatetoaster.com\/fi\/wp-json\/wp\/v2\/pages\/4556\/revisions"}],"predecessor-version":[{"id":65654,"href":"https:\/\/templatetoaster.com\/fi\/wp-json\/wp\/v2\/pages\/4556\/revisions\/65654"}],"wp:attachment":[{"href":"https:\/\/templatetoaster.com\/fi\/wp-json\/wp\/v2\/media?parent=4556"}],"curies":[{"name":"wp","href":"https:\/\/api.w.org\/{rel}","templated":true}]}}