{"id":4550,"date":"2018-04-14T10:07:14","date_gmt":"2018-04-14T10:07:14","guid":{"rendered":"http:\/\/templatetoaster.com?page_id=4550"},"modified":"2019-01-23T08:55:25","modified_gmt":"2019-01-23T08:55:25","slug":"newsletter","status":"publish","type":"page","link":"https:\/\/templatetoaster.com\/fi\/newsletter","title":{"rendered":"Uutiskirje"},"content":{"rendered":"<div style=\"margin-top: 60px\">\n<p style=\"text-align: center;margin-bottom: 10px\">Jos lataus ei k\u00e4ynnisty automaattisesti klikkaa\u00a0<a style=\"text-decoration: underline\" href=\"https:\/\/templatetoaster.com\/downloads\/TemplateToaster.exe\" target=\"_blank\" rel=\"noopener\">T\u00e4st\u00e4 <\/a><\/p>\n<div class=\"newsletter_subscriber_page\">\n<p class=\"text-center\" style=\"font-size: 18px\">Let&#8217;s pit\u00e4\u00e4 yhteytt\u00e4<\/p>\n<div class=\"form-fields\">[yikes-mailchimp form=&#8221;1&#8243;]<\/div>\n<\/div>\n<\/div>\n","protected":false},"excerpt":{"rendered":"<p>Jos lataus ei k\u00e4ynnisty automaattisesti klikkaa\u00a0T\u00e4st\u00e4 Let&#8217;s pit\u00e4\u00e4 yhteytt\u00e4 [yikes-mailchimp form=&#8221;1&#8243;]<\/p>\n","protected":false},"author":1,"featured_media":0,"parent":0,"menu_order":0,"comment_status":"closed","ping_status":"closed","template":"","meta":{"footnotes":""},"yoast_head":"<!-- This site is optimized with the Yoast SEO plugin v23.5 - https:\/\/yoast.com\/wordpress\/plugins\/seo\/ -->\n<title>Uutiskirje - TemplateToaster<\/title>\n<meta name=\"description\" content=\"Tilaa TemplateToaster uutiskirje t\u00e4st\u00e4.\" \/>\n<meta name=\"robots\" content=\"noindex, nofollow\" \/>\n<meta property=\"og:locale\" content=\"fi_FI\" \/>\n<meta property=\"og:type\" content=\"article\" \/>\n<meta property=\"og:title\" content=\"Uutiskirje - TemplateToaster\" \/>\n<meta property=\"og:description\" content=\"Tilaa TemplateToaster uutiskirje t\u00e4st\u00e4.\" \/>\n<meta property=\"og:url\" content=\"https:\/\/templatetoaster.com\/fi\/newsletter\" \/>\n<meta property=\"og:site_name\" content=\"TemplateToaster\" \/>\n<meta property=\"article:publisher\" content=\"https:\/\/www.facebook.com\/TemplateToaster\" \/>\n<meta property=\"article:modified_time\" content=\"2019-01-23T08:55:25+00:00\" \/>\n<meta property=\"og:image\" content=\"https:\/\/templatetoaster.com\/wp-content\/uploads\/2015\/07\/TemplateToaster-325X325.png\" \/>\n\t<meta property=\"og:image:width\" content=\"325\" \/>\n\t<meta property=\"og:image:height\" content=\"325\" \/>\n\t<meta property=\"og:image:type\" content=\"image\/png\" \/>\n<meta name=\"twitter:card\" content=\"summary_large_image\" \/>\n<meta name=\"twitter:site\" content=\"@templatetoaster\" \/>\n<script type=\"application\/ld+json\" class=\"yoast-schema-graph\">{\"@context\":\"https:\/\/schema.org\",\"@graph\":[{\"@type\":\"WebPage\",\"@id\":\"https:\/\/templatetoaster.com\/fi\/newsletter\",\"url\":\"https:\/\/templatetoaster.com\/fi\/newsletter\",\"name\":\"Uutiskirje - TemplateToaster\",\"isPartOf\":{\"@id\":\"https:\/\/templatetoaster.com\/#website\"},\"datePublished\":\"2018-04-14T10:07:14+00:00\",\"dateModified\":\"2019-01-23T08:55:25+00:00\",\"description\":\"Tilaa TemplateToaster uutiskirje t\u00e4st\u00e4.\",\"breadcrumb\":{\"@id\":\"https:\/\/templatetoaster.com\/fi\/newsletter#breadcrumb\"},\"inLanguage\":\"fi\",\"potentialAction\":[{\"@type\":\"ReadAction\",\"target\":[\"https:\/\/templatetoaster.com\/fi\/newsletter\"]}]},{\"@type\":\"BreadcrumbList\",\"@id\":\"https:\/\/templatetoaster.com\/fi\/newsletter#breadcrumb\",\"itemListElement\":[{\"@type\":\"ListItem\",\"position\":1,\"name\":\"Home\",\"item\":\"https:\/\/templatetoaster.com\/fi\"},{\"@type\":\"ListItem\",\"position\":2,\"name\":\"Uutiskirje\"}]},{\"@type\":\"WebSite\",\"@id\":\"https:\/\/templatetoaster.com\/#website\",\"url\":\"https:\/\/templatetoaster.com\/\",\"name\":\"TemplateToaster\",\"description\":\"\",\"publisher\":{\"@id\":\"https:\/\/templatetoaster.com\/#organization\"},\"inLanguage\":\"fi\"},{\"@type\":\"Organization\",\"@id\":\"https:\/\/templatetoaster.com\/#organization\",\"name\":\"TemplateToaster\",\"url\":\"https:\/\/templatetoaster.com\/\",\"logo\":{\"@type\":\"ImageObject\",\"inLanguage\":\"fi\",\"@id\":\"https:\/\/templatetoaster.com\/#\/schema\/logo\/image\/\",\"url\":\"https:\/\/templatetoaster.com\/wp-content\/uploads\/2019\/11\/TemplateToaster_Logo.jpg\",\"contentUrl\":\"https:\/\/templatetoaster.com\/wp-content\/uploads\/2019\/11\/TemplateToaster_Logo.jpg\",\"width\":85,\"height\":85,\"caption\":\"TemplateToaster\"},\"image\":{\"@id\":\"https:\/\/templatetoaster.com\/#\/schema\/logo\/image\/\"},\"sameAs\":[\"https:\/\/www.facebook.com\/TemplateToaster\",\"https:\/\/x.com\/templatetoaster\",\"https:\/\/www.instagram.com\/templatetoaster\/\",\"https:\/\/www.linkedin.com\/company\/templatetoaster\/\",\"https:\/\/www.pinterest.com\/templatetoaster\/\",\"https:\/\/www.youtube.com\/@TemplateToaster\"]}]}<\/script>\n<!-- \/ Yoast SEO plugin. -->","yoast_head_json":{"title":"Uutiskirje - TemplateToaster","description":"Tilaa TemplateToaster uutiskirje t\u00e4st\u00e4.","robots":{"index":"noindex","follow":"nofollow"},"og_locale":"fi_FI","og_type":"article","og_title":"Uutiskirje - TemplateToaster","og_description":"Tilaa TemplateToaster uutiskirje t\u00e4st\u00e4.","og_url":"https:\/\/templatetoaster.com\/fi\/newsletter","og_site_name":"TemplateToaster","article_publisher":"https:\/\/www.facebook.com\/TemplateToaster","article_modified_time":"2019-01-23T08:55:25+00:00","og_image":[{"width":325,"height":325,"url":"https:\/\/templatetoaster.com\/wp-content\/uploads\/2015\/07\/TemplateToaster-325X325.png","type":"image\/png"}],"twitter_card":"summary_large_image","twitter_site":"@templatetoaster","schema":{"@context":"https:\/\/schema.org","@graph":[{"@type":"WebPage","@id":"https:\/\/templatetoaster.com\/fi\/newsletter","url":"https:\/\/templatetoaster.com\/fi\/newsletter","name":"Uutiskirje - TemplateToaster","isPartOf":{"@id":"https:\/\/templatetoaster.com\/#website"},"datePublished":"2018-04-14T10:07:14+00:00","dateModified":"2019-01-23T08:55:25+00:00","description":"Tilaa TemplateToaster uutiskirje t\u00e4st\u00e4.","breadcrumb":{"@id":"https:\/\/templatetoaster.com\/fi\/newsletter#breadcrumb"},"inLanguage":"fi","potentialAction":[{"@type":"ReadAction","target":["https:\/\/templatetoaster.com\/fi\/newsletter"]}]},{"@type":"BreadcrumbList","@id":"https:\/\/templatetoaster.com\/fi\/newsletter#breadcrumb","itemListElement":[{"@type":"ListItem","position":1,"name":"Home","item":"https:\/\/templatetoaster.com\/fi"},{"@type":"ListItem","position":2,"name":"Uutiskirje"}]},{"@type":"WebSite","@id":"https:\/\/templatetoaster.com\/#website","url":"https:\/\/templatetoaster.com\/","name":"TemplateToaster","description":"","publisher":{"@id":"https:\/\/templatetoaster.com\/#organization"},"inLanguage":"fi"},{"@type":"Organization","@id":"https:\/\/templatetoaster.com\/#organization","name":"TemplateToaster","url":"https:\/\/templatetoaster.com\/","logo":{"@type":"ImageObject","inLanguage":"fi","@id":"https:\/\/templatetoaster.com\/#\/schema\/logo\/image\/","url":"https:\/\/templatetoaster.com\/wp-content\/uploads\/2019\/11\/TemplateToaster_Logo.jpg","contentUrl":"https:\/\/templatetoaster.com\/wp-content\/uploads\/2019\/11\/TemplateToaster_Logo.jpg","width":85,"height":85,"caption":"TemplateToaster"},"image":{"@id":"https:\/\/templatetoaster.com\/#\/schema\/logo\/image\/"},"sameAs":["https:\/\/www.facebook.com\/TemplateToaster","https:\/\/x.com\/templatetoaster","https:\/\/www.instagram.com\/templatetoaster\/","https:\/\/www.linkedin.com\/company\/templatetoaster\/","https:\/\/www.pinterest.com\/templatetoaster\/","https:\/\/www.youtube.com\/@TemplateToaster"]}]}},"_links":{"self":[{"href":"https:\/\/templatetoaster.com\/fi\/wp-json\/wp\/v2\/pages\/4550"}],"collection":[{"href":"https:\/\/templatetoaster.com\/fi\/wp-json\/wp\/v2\/pages"}],"about":[{"href":"https:\/\/templatetoaster.com\/fi\/wp-json\/wp\/v2\/types\/page"}],"author":[{"embeddable":true,"href":"https:\/\/templatetoaster.com\/fi\/wp-json\/wp\/v2\/users\/1"}],"replies":[{"embeddable":true,"href":"https:\/\/templatetoaster.com\/fi\/wp-json\/wp\/v2\/comments?post=4550"}],"version-history":[{"count":2,"href":"https:\/\/templatetoaster.com\/fi\/wp-json\/wp\/v2\/pages\/4550\/revisions"}],"predecessor-version":[{"id":7935,"href":"https:\/\/templatetoaster.com\/fi\/wp-json\/wp\/v2\/pages\/4550\/revisions\/7935"}],"wp:attachment":[{"href":"https:\/\/templatetoaster.com\/fi\/wp-json\/wp\/v2\/media?parent=4550"}],"curies":[{"name":"wp","href":"https:\/\/api.w.org\/{rel}","templated":true}]}}