{"id":4534,"date":"2018-04-14T09:59:53","date_gmt":"2018-04-14T09:59:53","guid":{"rendered":"http:\/\/templatetoaster.com?page_id=4534"},"modified":"2019-08-27T07:03:05","modified_gmt":"2019-08-27T07:03:05","slug":"html5-css3-website-creator","status":"publish","type":"page","link":"https:\/\/templatetoaster.com\/fi\/html5-css3-website-creator","title":{"rendered":"HTML5 Nettivisuston tekij\u00e4 | HTML Nettisivun Rakentajaohjelmisto"},"content":{"rendered":"<div class=\"section1 wp-theme-generator\">\n<div style=\"margin: 115px 0 16px;\">\n<h1>HTML-verkkosivujen rakentaja<\/h1>\n<p class=\"text-center\">Luo nettisivu, joka vet\u00e4\u00e4 katsojia puoleensa<\/p>\n<div style=\"text-align: center;\"><a class=\"btn download_btn\" href=\"https:\/\/templatetoaster.com\/fi\/download\">Lataa nyt<\/a><\/div>\n<div class=\"clearfix\"><\/div>\n<\/div>\n<\/div>\n<p><!--- What is TemplateToaster Section --><\/p>\n<div class=\"section2 wp-theme-generator\">\n<div class=\"section2-inner\">\n<h2>Miksi k\u00e4ytt\u00e4\u00e4 TemplateToaster HTML teemanrakennus ohjelmistoa?<\/h2>\n<p>Luo kauniita sivuja HTML nettisivullesi. Luo t\u00e4ydet HTML nettisivut suoraan k\u00e4ytt\u00f6valmiina! Ei koodaus sotkua joka hermostuttaa sinua. Vain nautintoa luodessasi jotain, jota olet aina halunnut tehd\u00e4, vain minuuteissa!<\/p>\n<\/div>\n<\/div>\n<p><!--- section 3 starts --><\/p>\n<div class=\"section3 wp-theme-generator\">\n<div class=\"section3-inner\">\n<h2>Miten se toimii?<\/h2>\n<div class=\"row\">\n<div class=\"col-lg-4 col-md-4 col-sm-6 col-xs-12\">\n<div class=\"media\">\n<div class=\"landing_page_svg download\"><\/div>\n<h3 class=\"text-center\">Aloitetaan helpolla suunnittelulla<\/h3>\n<p class=\"text-center\">Kokeile vapaata rajoittamatonta p\u00e4\u00e4sy\u00e4 kaikkiin toimintoihin asentamisen j\u00e4lkeen. Aloitetaan suunnittelemaan ja luomaan jotain ihmeellist\u00e4 t\u00e4n\u00e4\u00e4n!<\/p>\n<\/div>\n<\/div>\n<div class=\"clearfix visible-xs-block\"><\/div>\n<div class=\"col-lg-4 col-md-4 col-sm-6 col-xs-12\">\n<div class=\"media\">\n<div class=\"landing_page_svg build-wp-theme\"><\/div>\n<h3 class=\"text-center\">Ved\u00e4 &amp; Tiputa LuodaksesiUpeita Malleja!<\/h3>\n<p class=\"text-center\">Muokkaa valmiiksi tehtyj\u00e4 malleja tai aloita kokonaan alusta. Lis\u00e4\u00e4 monia eri tyylej\u00e4 k\u00e4ytt\u00e4en t\u00e4t\u00e4 HTML nettisivun tekij\u00e4\u00e4 tehden sen minuuteissa!<\/p>\n<\/div>\n<\/div>\n<div class=\"clearfix visible-sm-block visible-xs-block\"><\/div>\n<div class=\"col-lg-4 col-md-4 col-sm-6 col-xs-12\">\n<div class=\"media\">\n<div class=\"landing_page_svg export-upload\"><\/div>\n<h3 class=\"text-center\">Nettisivusi on valmis rokkaamaan!<\/h3>\n<p class=\"text-center\">Oletko tehnyt nettisivusi t\u00e4ydelliseksi? Nyt on aika exportata ja ladata se palvelimelle ja n\u00e4hd\u00e4 se innoissaan kuin rockt\u00e4hti!<\/p>\n<\/div>\n<\/div>\n<div class=\"clearfix visible-lg-block visible-md-block visible-sm-block visible-xs-block\"><\/div>\n<\/div>\n<\/div>\n<\/div>\n<div class=\"video-section wp-theme-generator\">\n<div class=\"container\">\n<h2 style=\"text-transform: none;\">HTML-sivuston valmistajan esittely<\/h2>\n<div class=\"youtube-video-place embed-responsive embed-responsive-4by3 \" data-yt-url=\"https:\/\/www.youtube.com\/embed\/PRbnZjCqasE?rel=0&amp;showinfo=0&amp;autoplay=1\">\n<p><img loading=\"lazy\" decoding=\"async\" class=\"alignnone size-full wp-image-65594\" src=\"https:\/\/templatetoaster.com\/wp-content\/uploads\/2019\/08\/HTML-sivuston-valmistajan-esittely.jpg\" alt=\"HTML-sivuston valmistajan esittely\" width=\"1366\" height=\"728\" srcset=\"https:\/\/templatetoaster.com\/wp-content\/uploads\/2019\/08\/HTML-sivuston-valmistajan-esittely.jpg 1366w, https:\/\/templatetoaster.com\/wp-content\/uploads\/2019\/08\/HTML-sivuston-valmistajan-esittely-1000x533.jpg 1000w, https:\/\/templatetoaster.com\/wp-content\/uploads\/2019\/08\/HTML-sivuston-valmistajan-esittely-300x160.jpg 300w, https:\/\/templatetoaster.com\/wp-content\/uploads\/2019\/08\/HTML-sivuston-valmistajan-esittely-768x409.jpg 768w, https:\/\/templatetoaster.com\/wp-content\/uploads\/2019\/08\/HTML-sivuston-valmistajan-esittely-1024x546.jpg 1024w\" sizes=\"(max-width: 1366px) 100vw, 1366px\" \/><\/p>\n<div class=\"play-youtube-video\">\n<div class=\"landing_page_svg\"><\/div>\n<\/div>\n<\/div>\n<\/div>\n<\/div>\n<div class=\"section4 wp-theme-generator\">\n<h2>TemplateToasterin ominaisuuksia HTML nettisivun tekij\u00e4n\u00e4<\/h2>\n<p class=\"section4-paragraph\">Nappaa vilaus kaikist\u00e4 t\u00e4m\u00e4n html mallien tekij\u00e4 ohjelman ominaisuuksista.<\/p>\n<div class=\"row\">\n<div class=\"col-md-4 col-sm-6 col-sx-12\">\n<div style=\"padding: 20px;\">\n<div class=\"text-center\">\n<div class=\"wp_feature landing_page_svg header-video\"><\/div>\n<\/div>\n<h3 style=\"margin: 20px 0 10px; text-align: center;\">header Video<\/h3>\n<p class=\"text-center\">Ajatteletko hienoa videota yl\u00e4tunnisteessa, jotta ihmiset ymm\u00e4rt\u00e4v\u00e4t br\u00e4ndi\u00e4\/palveluksiasi paremmin? T\u00e4ll\u00e4 html nettisivun tekij\u00e4ll\u00e4 voit tehd\u00e4 sen todella suurella joustavuudella! Muokkaa mittoja ja aseta videosi vaakasuoraan tai pystysuoraan oman halusi mukaan!<\/p>\n<\/div>\n<\/div>\n<div class=\"clearfix visible-xs-block\"><\/div>\n<div class=\"col-lg-4 col-md-4 col-sm-6 col-sx-12\">\n<div style=\"padding: 20px;\">\n<div class=\"text-center\">\n<div class=\"wp_feature landing_page_svg logo-placement\"><\/div>\n<\/div>\n<h3 style=\"margin: 20px 0px 10px; text-align: center;\">logon paikka<\/h3>\n<p class=\"text-center\">Sijoittamalla logo sivustolle on keskeinen asia br\u00e4ndin uskottavuudelle! TemplateToasterilla voit nostaa tuotemerkin arvostusta sivustolla sijoittamalla logo Valikkoriville, Yl\u00e4- tai Slider -osioon suunniteltaessa teemaa. Valitse mink\u00e4 tahansa sijoituspaikoista mihin luulet logon sopivan hyvin!<\/p>\n<\/div>\n<\/div>\n<div class=\"clearfix visible-sm-block visible-xs-block\"><\/div>\n<div class=\"col-md-4 col-sm-6 col-sx-12\">\n<div style=\"padding: 20px;\">\n<div class=\"text-center\">\n<div class=\"wp_feature landing_page_svg custom-layout\"><\/div>\n<\/div>\n<h3 style=\"margin: 20px 0 10px; text-align: center;\">Asetteluvaihtoehdot<\/h3>\n<p class=\"text-center\">Haluatko suunnitella huomiota her\u00e4tt\u00e4v\u00e4n sivuston? Rakenna HTML-malli t\u00e4ll\u00e4 h\u00e4mm\u00e4stytt\u00e4v\u00e4ll\u00e4 ohjelmistolla ja valitse sivuasettelun kuten 1 sarake, 2 sarake (vasemmassa sivupalkissa, yhden sarakkeen jne.) tai 3 sarake (sivupalkin, yksi sarake, sivupalkki jne). Tyylitele taustav\u00e4rin \/ kuvia ja muuta!<\/p>\n<\/div>\n<\/div>\n<div class=\"clearfix visible-lg-block visible-md-block visible-xs-block\"><\/div>\n<div class=\"col-md-4 col-sm-6 col-sx-12\">\n<div style=\"padding: 20px;\">\n<div class=\"text-center\">\n<div class=\"wp_feature landing_page_svg contact-form\"><\/div>\n<\/div>\n<h3 style=\"margin: 20px 0 10px; text-align: center;\">Yhteydenottolomake<\/h3>\n<p class=\"text-center\">Yhteydenottolomake on yksi keskeisist\u00e4 tekij\u00f6ist\u00e4, joka pit\u00e4\u00e4 sivuston k\u00e4vij\u00e4t l\u00e4hemp\u00e4n\u00e4 sinua. Eik\u00f6 se huipennuksena jos voit lis\u00e4t\u00e4 omia tyylej\u00e4 lomake? Sovittaa sen oman maun vaihtamalla fontin tyyli, v\u00e4ri-, taustav\u00e4ri, lis\u00e4\u00e4 \/ poista kentti\u00e4 tai muokata olemassa olevia kuin haluat!<\/p>\n<\/div>\n<\/div>\n<div class=\"clearfix visible-sm-block visible-xs-block\"><\/div>\n<div class=\"col-lg-4 col-md-4 col-sm-6 col-sx-12\">\n<div style=\"padding: 20px;\">\n<div class=\"text-center\">\n<div class=\"wp_feature landing_page_svg social-media-integration\"><\/div>\n<\/div>\n<h3 style=\"margin: 20px 0 10px; text-align: center;\">Seura-Joukkoviestimet eheytt\u00e4minen<\/h3>\n<p class=\"text-center\">Kuvittele sivustoa ilman sosiaalisen median yhteyksi\u00e4. Ei hyv\u00e4 ajatus ollenkaan! T\u00e4m\u00e4n ohjelmiston, lis\u00e4t\u00e4 sosiaalisen median kuvakkeita joko yl\u00e4- tai alatunnisteessa sivun \/ malli tai molemmat. Lis\u00e4t\u00e4 sosiaalisen median linkkej\u00e4 n\u00e4m\u00e4 kuvakkeet, jotta vierailijat voivat hetkess\u00e4 l\u00f6yt\u00e4\u00e4 ja seurata sinua!<\/p>\n<\/div>\n<\/div>\n<div class=\"clearfix visible-xs-block\"><\/div>\n<div class=\"col-md-4 col-sm-6 col-sx-12\">\n<div style=\"padding: 20px;\">\n<div class=\"text-center\">\n<div class=\"wp_feature landing_page_svg bootstrap-compatibility\"><\/div>\n<\/div>\n<h3 style=\"margin: 20px 0 10px; text-align: center;\">bootstrap yhteensopiva<\/h3>\n<p class=\"text-center\">TemplateToasteri ohjelmistolla suunnitellut HTML-mallit perustuvat Bootstrap kehitysymp\u00e4rist\u00f6\u00f6n, jotka takaavat reagointikyky\u00e4 ja k\u00e4ytt\u00e4j\u00e4yst\u00e4v\u00e4llisyytt\u00e4 sivustolle! T\u00e4m\u00e4 ohjelmisto k\u00e4ytt\u00e4\u00e4 nyt V.3.3.7 Bootstrappia. Pyrimme pit\u00e4m\u00e4\u00e4n uusimmat p\u00e4ivitykset, aina!<\/p>\n<\/div>\n<\/div>\n<div class=\"clearfix visible-lg-block visible-md-block visible-sm-block visible-xs-block\"><\/div>\n<\/div>\n<\/div>\n<p><!--Section Features with WP--><\/p>\n<div class=\"section5 wp-theme-generator\" style=\"padding: 70px 10px; margin-bottom: 2px;\">\n<div style=\"margin: 40px 0px 20px;\">\n<h2 style=\"margin-bottom: 65px;\">Top ominaisuudet TemplateToaster<\/h2>\n<div class=\"feature_with_wp row\">\n<div class=\"col-lg-4 col-md-4 col-sm-4 col-xs-6\">\n<div class=\"feature_wpimg\"><img decoding=\"async\" class=\"img-responsive\" src=\"https:\/\/templatetoaster.com\/wp-content\/uploads\/2017\/04\/multiple-language.png\" alt=\"Tuki Useita Kieli\" \/><\/div>\n<\/div>\n<div class=\"col-lg-4 col-md-4 col-sm-4 col-xs-6\">\n<div class=\"feature_wpimg\"><img decoding=\"async\" class=\"img-responsive\" src=\"https:\/\/templatetoaster.com\/wp-content\/uploads\/2017\/04\/mobile-optimization.png\" alt=\"mobiilioptimointia\" \/><\/div>\n<\/div>\n<div class=\"clearfix visible-xs-block\"><\/div>\n<div class=\"col-lg-4 col-md-4 col-sm-4 col-xs-6\">\n<div class=\"feature_wpimg\"><img decoding=\"async\" class=\"img-responsive\" src=\"https:\/\/templatetoaster.com\/wp-content\/uploads\/2017\/04\/drag-drop.png\" alt=\"Raahaa ja pudota\" \/><\/div>\n<\/div>\n<div class=\"clearfix visible-lg-block visible-md-block visible-sm-block\"><\/div>\n<div class=\"col-lg-4 col-md-4 col-sm-4 col-xs-6\">\n<div class=\"feature_wpimg\"><img decoding=\"async\" class=\"img-responsive\" src=\"https:\/\/templatetoaster.com\/wp-content\/uploads\/2017\/04\/demo-templats.png\" alt=\"demo teemat\" \/><\/div>\n<\/div>\n<div class=\"clearfix visible-xs-block\"><\/div>\n<div class=\"col-lg-4 col-md-4 col-sm-4 col-xs-6\">\n<div class=\"feature_wpimg\"><img decoding=\"async\" class=\"img-responsive\" src=\"https:\/\/templatetoaster.com\/wp-content\/uploads\/2017\/04\/mega-menu.png\" alt=\"Mega Valikko\" \/><\/div>\n<\/div>\n<div class=\"col-lg-4 col-md-4 col-sm-4 col-xs-6\">\n<div class=\"feature_wpimg\"><img decoding=\"async\" class=\"img-responsive\" src=\"https:\/\/templatetoaster.com\/wp-content\/uploads\/2017\/04\/right-to-left.png\" alt=\"Oikealta vasemmalle\" \/><\/div>\n<\/div>\n<div class=\"clearfix visible-lg-block visible-md-block visible-sm-block visible-xs-block\"><\/div>\n<div class=\"col-lg-4 col-md-4 col-sm-4 col-xs-6\">\n<div class=\"feature_wpimg\"><img decoding=\"async\" class=\"img-responsive\" src=\"https:\/\/templatetoaster.com\/wp-content\/uploads\/2017\/04\/amazing-slideshow.png\" alt=\"Amazing diaesitys\" \/><\/div>\n<\/div>\n<div class=\"col-lg-4 col-md-4 col-sm-4 col-xs-6\">\n<div class=\"feature_wpimg\"><img decoding=\"async\" class=\"img-responsive\" src=\"https:\/\/templatetoaster.com\/wp-content\/uploads\/2017\/04\/zero-coding.png\" alt=\"nolla koodaus\" \/><\/div>\n<\/div>\n<div class=\"clearfix visible-xs-block\"><\/div>\n<div class=\"col-lg-4 col-md-4 col-sm-4 col-xs-6\">\n<div class=\"feature_wpimg\"><img decoding=\"async\" class=\"img-responsive\" src=\"https:\/\/templatetoaster.com\/wp-content\/uploads\/2017\/04\/custom-css.png\" alt=\"Custom CSS, JS ja PHP\" \/><\/div>\n<\/div>\n<div class=\"clearfix visible-lg-block visible-md-block visible-sm-block visible-xs-block\"><\/div>\n<\/div>\n<\/div>\n<\/div>\n<p><!--Section Gallery--><\/p>\n<div class=\"section7 wp-theme-generator\" style=\"padding: 100px 10px; background-color: #f1f4f8; margin-bottom: 2px;\">\n<h2>Meid\u00e4n standardit<\/h2>\n<div class=\"row\">\n<div class=\"col-lg-4 col-md-4 col-sm-6 col-xs-12\">\n<div style=\"padding: 20px;\">\n<div class=\"text-center\">\n<div class=\"wp_feature landing_page_svg w3c-validation\"><\/div>\n<\/div>\n<h3 style=\"margin: 20px 0px 10px; text-align: center;\">W3C-validointia<\/h3>\n<p class=\"text-center\">T\u00e4ll\u00e4 ohjelmistolla suunnitellut teemat ovat W3C validoituja. Ne t\u00e4ytt\u00e4v\u00e4t kansainv\u00e4liset standardit ja johtavat suosituimmat selaimet ovat yhteensopivia!<\/p>\n<\/div>\n<\/div>\n<div class=\"clearfix visible-xs-block\"><\/div>\n<div class=\"col-lg-4 col-md-4 col-sm-6 col-xs-12\">\n<div style=\"padding: 20px;\">\n<div class=\"text-center\">\n<div class=\"wp_feature landing_page_svg theme-check-plugin-pass\"><\/div>\n<\/div>\n<h3 style=\"margin: 20px 0 10px; text-align: center;\">HTML5 &amp; CSS3 standardit<\/h3>\n<p class=\"text-center\">TemplateToaster t\u00e4ytt\u00e4\u00e4 uusimmat HTML5 ja CSS3 standardit. Ohjelmiston tuottamat mallit ovat keveit\u00e4 koska mukana ei ole raskaita divs ja muotoilu koodeja.<\/p>\n<\/div>\n<\/div>\n<div class=\"clearfix visible-sm-block visible-xs-block\"><\/div>\n<div class=\"col-lg-4 col-md-4 col-sm-6 col-xs-12\">\n<div style=\"padding: 20px;\">\n<div class=\"text-center\">\n<div class=\"wp_feature landing_page_svg page-speed\"><\/div>\n<\/div>\n<h3 style=\"margin: 20px 0 10px; text-align: center;\">Speedy Page Ladataan<\/h3>\n<p class=\"text-center\">T\u00e4ll\u00e4 ohjelmistolla syntyv\u00e4t HTML-mallit latautuvat salamannopeasti ja ne l\u00e4p\u00e4isev\u00e4t kaikki sivun nopeustestit. T\u00e4m\u00e4 luonnolliseti tuo enemm\u00e4n vierailijoita!<\/p>\n<\/div>\n<\/div>\n<div class=\"clearfix visible-lg-block visible-md-block visible-xs-block\"><\/div>\n<\/div>\n<\/div>\n<p><!--- section 6 starts --><\/p>\n<div class=\"section6 wp-theme-generator\" style=\"padding: 50px 10px;\">\n<div style=\"margin: 70px 0px 20px;\">\n<h2>Tukee kaikkia t\u00e4rkeimpi\u00e4 CMSes<\/h2>\n<div class=\"section-center\" style=\"padding-bottom: 50px;\">\n<div class=\"main-cms-section\">\n<div class=\"cms-section\">\n<div class=\"text-center\">\n<div class=\"wp_feature landing_page_svg html\"><\/div>\n<\/div>\n<\/div>\n<\/div>\n<div class=\"other-cms-section\">\n<div class=\"cms-section\">\n<div class=\"text-center\">\n<div class=\"wp_feature landing_page_svg wordpress\"><\/div>\n<\/div>\n<\/div>\n<div class=\"cms-section\">\n<div class=\"text-center\">\n<div class=\"wp_feature landing_page_svg woocommerce\"><\/div>\n<\/div>\n<\/div>\n<div class=\"cms-section\">\n<div class=\"text-center\">\n<div class=\"wp_feature landing_page_svg magento\"><\/div>\n<\/div>\n<\/div>\n<div class=\"cms-section\">\n<div class=\"text-center\">\n<div class=\"wp_feature landing_page_svg blogger\"><\/div>\n<\/div>\n<\/div>\n<div class=\"cms-section\">\n<div class=\"text-center\">\n<div class=\"wp_feature landing_page_svg joomla\"><\/div>\n<\/div>\n<\/div>\n<div class=\"cms-section\">\n<div class=\"text-center\">\n<div class=\"wp_feature landing_page_svg virtuemart\"><\/div>\n<\/div>\n<\/div>\n<div class=\"cms-section\">\n<div class=\"text-center\">\n<div class=\"wp_feature landing_page_svg drupal\"><\/div>\n<\/div>\n<\/div>\n<div class=\"cms-section\">\n<div class=\"text-center\">\n<div class=\"wp_feature landing_page_svg opencart\"><\/div>\n<\/div>\n<\/div>\n<div class=\"cms-section\">\n<div class=\"text-center\">\n<div class=\"wp_feature landing_page_svg prestashop\"><\/div>\n<\/div>\n<\/div>\n<\/div>\n<\/div>\n<div style=\"text-align: center; margin-top: 30px;\"><a class=\"btn download_btn\" href=\"https:\/\/templatetoaster.com\/fi\/download\">Lataa nyt<\/a><\/div>\n<\/div>\n<\/div>\n","protected":false},"excerpt":{"rendered":"<p>HTML-verkkosivujen rakentaja Luo nettisivu, joka vet\u00e4\u00e4 katsojia puoleensa Lataa nyt Miksi k\u00e4ytt\u00e4\u00e4 TemplateToaster HTML teemanrakennus ohjelmistoa? Luo kauniita sivuja HTML nettisivullesi. Luo t\u00e4ydet HTML nettisivut suoraan k\u00e4ytt\u00f6valmiina! Ei koodaus sotkua joka hermostuttaa sinua. Vain nautintoa luodessasi jotain, jota olet aina &hellip; <a href=\"https:\/\/templatetoaster.com\/fi\/html5-css3-website-creator\">Continue Reading<span class=\"meta-nav\">&rarr;<\/span><\/a><\/p>\n","protected":false},"author":1,"featured_media":0,"parent":0,"menu_order":0,"comment_status":"closed","ping_status":"closed","template":"","meta":{"footnotes":""},"yoast_head":"<!-- This site is optimized with the Yoast SEO plugin v23.5 - https:\/\/yoast.com\/wordpress\/plugins\/seo\/ -->\n<title>HTML5 Nettivisuston tekij\u00e4 | HTML Nettisivun Rakentajaohjelmisto - TemplateToaster<\/title>\n<meta name=\"description\" content=\"Luo HTML nettisivu t\u00e4ll\u00e4 HTML nettisivun tekij\u00e4ll\u00e4. T\u00e4m\u00e4 HTML nettisivun tekij\u00e4 tekee html sivuja. Koodi vapaa nettisivu html nettisivun tekij\u00e4ll\u00e4.\" \/>\n<meta name=\"robots\" content=\"index, follow, max-snippet:-1, max-image-preview:large, max-video-preview:-1\" \/>\n<link rel=\"canonical\" href=\"https:\/\/templatetoaster.com\/fi\/html5-css3-website-creator\" \/>\n<meta property=\"og:locale\" content=\"fi_FI\" \/>\n<meta property=\"og:type\" content=\"article\" \/>\n<meta property=\"og:title\" content=\"HTML5 Nettivisuston tekij\u00e4 | HTML Nettisivun Rakentajaohjelmisto - TemplateToaster\" \/>\n<meta property=\"og:description\" content=\"Luo HTML nettisivu t\u00e4ll\u00e4 HTML nettisivun tekij\u00e4ll\u00e4. T\u00e4m\u00e4 HTML nettisivun tekij\u00e4 tekee html sivuja. Koodi vapaa nettisivu html nettisivun tekij\u00e4ll\u00e4.\" \/>\n<meta property=\"og:url\" content=\"https:\/\/templatetoaster.com\/fi\/html5-css3-website-creator\" \/>\n<meta property=\"og:site_name\" content=\"TemplateToaster\" \/>\n<meta property=\"article:publisher\" content=\"https:\/\/www.facebook.com\/TemplateToaster\" \/>\n<meta property=\"article:modified_time\" content=\"2019-08-27T07:03:05+00:00\" \/>\n<meta property=\"og:image\" content=\"https:\/\/templatetoaster.com\/wp-content\/uploads\/2019\/08\/HTML-sivuston-valmistajan-esittely.jpg\" \/>\n<meta name=\"twitter:card\" content=\"summary_large_image\" \/>\n<meta name=\"twitter:site\" content=\"@templatetoaster\" \/>\n<meta name=\"twitter:label1\" content=\"Arvioitu lukuaika\" \/>\n\t<meta name=\"twitter:data1\" content=\"2 minuuttia\" \/>\n<script type=\"application\/ld+json\" class=\"yoast-schema-graph\">{\"@context\":\"https:\/\/schema.org\",\"@graph\":[{\"@type\":\"WebPage\",\"@id\":\"https:\/\/templatetoaster.com\/fi\/html5-css3-website-creator\",\"url\":\"https:\/\/templatetoaster.com\/fi\/html5-css3-website-creator\",\"name\":\"HTML5 Nettivisuston tekij\u00e4 | HTML Nettisivun Rakentajaohjelmisto - TemplateToaster\",\"isPartOf\":{\"@id\":\"https:\/\/templatetoaster.com\/#website\"},\"primaryImageOfPage\":{\"@id\":\"https:\/\/templatetoaster.com\/fi\/html5-css3-website-creator#primaryimage\"},\"image\":{\"@id\":\"https:\/\/templatetoaster.com\/fi\/html5-css3-website-creator#primaryimage\"},\"thumbnailUrl\":\"https:\/\/templatetoaster.com\/wp-content\/uploads\/2019\/08\/HTML-sivuston-valmistajan-esittely.jpg\",\"datePublished\":\"2018-04-14T09:59:53+00:00\",\"dateModified\":\"2019-08-27T07:03:05+00:00\",\"description\":\"Luo HTML nettisivu t\u00e4ll\u00e4 HTML nettisivun tekij\u00e4ll\u00e4. T\u00e4m\u00e4 HTML nettisivun tekij\u00e4 tekee html sivuja. Koodi vapaa nettisivu html nettisivun tekij\u00e4ll\u00e4.\",\"breadcrumb\":{\"@id\":\"https:\/\/templatetoaster.com\/fi\/html5-css3-website-creator#breadcrumb\"},\"inLanguage\":\"fi\",\"potentialAction\":[{\"@type\":\"ReadAction\",\"target\":[\"https:\/\/templatetoaster.com\/fi\/html5-css3-website-creator\"]}]},{\"@type\":\"ImageObject\",\"inLanguage\":\"fi\",\"@id\":\"https:\/\/templatetoaster.com\/fi\/html5-css3-website-creator#primaryimage\",\"url\":\"https:\/\/templatetoaster.com\/wp-content\/uploads\/2019\/08\/HTML-sivuston-valmistajan-esittely.jpg\",\"contentUrl\":\"https:\/\/templatetoaster.com\/wp-content\/uploads\/2019\/08\/HTML-sivuston-valmistajan-esittely.jpg\"},{\"@type\":\"BreadcrumbList\",\"@id\":\"https:\/\/templatetoaster.com\/fi\/html5-css3-website-creator#breadcrumb\",\"itemListElement\":[{\"@type\":\"ListItem\",\"position\":1,\"name\":\"Home\",\"item\":\"https:\/\/templatetoaster.com\/fi\"},{\"@type\":\"ListItem\",\"position\":2,\"name\":\"HTML5 Nettivisuston tekij\u00e4 | HTML Nettisivun Rakentajaohjelmisto\"}]},{\"@type\":\"WebSite\",\"@id\":\"https:\/\/templatetoaster.com\/#website\",\"url\":\"https:\/\/templatetoaster.com\/\",\"name\":\"TemplateToaster\",\"description\":\"\",\"publisher\":{\"@id\":\"https:\/\/templatetoaster.com\/#organization\"},\"inLanguage\":\"fi\"},{\"@type\":\"Organization\",\"@id\":\"https:\/\/templatetoaster.com\/#organization\",\"name\":\"TemplateToaster\",\"url\":\"https:\/\/templatetoaster.com\/\",\"logo\":{\"@type\":\"ImageObject\",\"inLanguage\":\"fi\",\"@id\":\"https:\/\/templatetoaster.com\/#\/schema\/logo\/image\/\",\"url\":\"https:\/\/templatetoaster.com\/wp-content\/uploads\/2019\/11\/TemplateToaster_Logo.jpg\",\"contentUrl\":\"https:\/\/templatetoaster.com\/wp-content\/uploads\/2019\/11\/TemplateToaster_Logo.jpg\",\"width\":85,\"height\":85,\"caption\":\"TemplateToaster\"},\"image\":{\"@id\":\"https:\/\/templatetoaster.com\/#\/schema\/logo\/image\/\"},\"sameAs\":[\"https:\/\/www.facebook.com\/TemplateToaster\",\"https:\/\/x.com\/templatetoaster\",\"https:\/\/www.instagram.com\/templatetoaster\/\",\"https:\/\/www.linkedin.com\/company\/templatetoaster\/\",\"https:\/\/www.pinterest.com\/templatetoaster\/\",\"https:\/\/www.youtube.com\/@TemplateToaster\"]}]}<\/script>\n<!-- \/ Yoast SEO plugin. -->","yoast_head_json":{"title":"HTML5 Nettivisuston tekij\u00e4 | HTML Nettisivun Rakentajaohjelmisto - TemplateToaster","description":"Luo HTML nettisivu t\u00e4ll\u00e4 HTML nettisivun tekij\u00e4ll\u00e4. T\u00e4m\u00e4 HTML nettisivun tekij\u00e4 tekee html sivuja. Koodi vapaa nettisivu html nettisivun tekij\u00e4ll\u00e4.","robots":{"index":"index","follow":"follow","max-snippet":"max-snippet:-1","max-image-preview":"max-image-preview:large","max-video-preview":"max-video-preview:-1"},"canonical":"https:\/\/templatetoaster.com\/fi\/html5-css3-website-creator","og_locale":"fi_FI","og_type":"article","og_title":"HTML5 Nettivisuston tekij\u00e4 | HTML Nettisivun Rakentajaohjelmisto - TemplateToaster","og_description":"Luo HTML nettisivu t\u00e4ll\u00e4 HTML nettisivun tekij\u00e4ll\u00e4. T\u00e4m\u00e4 HTML nettisivun tekij\u00e4 tekee html sivuja. Koodi vapaa nettisivu html nettisivun tekij\u00e4ll\u00e4.","og_url":"https:\/\/templatetoaster.com\/fi\/html5-css3-website-creator","og_site_name":"TemplateToaster","article_publisher":"https:\/\/www.facebook.com\/TemplateToaster","article_modified_time":"2019-08-27T07:03:05+00:00","og_image":[{"url":"https:\/\/templatetoaster.com\/wp-content\/uploads\/2019\/08\/HTML-sivuston-valmistajan-esittely.jpg"}],"twitter_card":"summary_large_image","twitter_site":"@templatetoaster","twitter_misc":{"Arvioitu lukuaika":"2 minuuttia"},"schema":{"@context":"https:\/\/schema.org","@graph":[{"@type":"WebPage","@id":"https:\/\/templatetoaster.com\/fi\/html5-css3-website-creator","url":"https:\/\/templatetoaster.com\/fi\/html5-css3-website-creator","name":"HTML5 Nettivisuston tekij\u00e4 | HTML Nettisivun Rakentajaohjelmisto - TemplateToaster","isPartOf":{"@id":"https:\/\/templatetoaster.com\/#website"},"primaryImageOfPage":{"@id":"https:\/\/templatetoaster.com\/fi\/html5-css3-website-creator#primaryimage"},"image":{"@id":"https:\/\/templatetoaster.com\/fi\/html5-css3-website-creator#primaryimage"},"thumbnailUrl":"https:\/\/templatetoaster.com\/wp-content\/uploads\/2019\/08\/HTML-sivuston-valmistajan-esittely.jpg","datePublished":"2018-04-14T09:59:53+00:00","dateModified":"2019-08-27T07:03:05+00:00","description":"Luo HTML nettisivu t\u00e4ll\u00e4 HTML nettisivun tekij\u00e4ll\u00e4. T\u00e4m\u00e4 HTML nettisivun tekij\u00e4 tekee html sivuja. Koodi vapaa nettisivu html nettisivun tekij\u00e4ll\u00e4.","breadcrumb":{"@id":"https:\/\/templatetoaster.com\/fi\/html5-css3-website-creator#breadcrumb"},"inLanguage":"fi","potentialAction":[{"@type":"ReadAction","target":["https:\/\/templatetoaster.com\/fi\/html5-css3-website-creator"]}]},{"@type":"ImageObject","inLanguage":"fi","@id":"https:\/\/templatetoaster.com\/fi\/html5-css3-website-creator#primaryimage","url":"https:\/\/templatetoaster.com\/wp-content\/uploads\/2019\/08\/HTML-sivuston-valmistajan-esittely.jpg","contentUrl":"https:\/\/templatetoaster.com\/wp-content\/uploads\/2019\/08\/HTML-sivuston-valmistajan-esittely.jpg"},{"@type":"BreadcrumbList","@id":"https:\/\/templatetoaster.com\/fi\/html5-css3-website-creator#breadcrumb","itemListElement":[{"@type":"ListItem","position":1,"name":"Home","item":"https:\/\/templatetoaster.com\/fi"},{"@type":"ListItem","position":2,"name":"HTML5 Nettivisuston tekij\u00e4 | HTML Nettisivun Rakentajaohjelmisto"}]},{"@type":"WebSite","@id":"https:\/\/templatetoaster.com\/#website","url":"https:\/\/templatetoaster.com\/","name":"TemplateToaster","description":"","publisher":{"@id":"https:\/\/templatetoaster.com\/#organization"},"inLanguage":"fi"},{"@type":"Organization","@id":"https:\/\/templatetoaster.com\/#organization","name":"TemplateToaster","url":"https:\/\/templatetoaster.com\/","logo":{"@type":"ImageObject","inLanguage":"fi","@id":"https:\/\/templatetoaster.com\/#\/schema\/logo\/image\/","url":"https:\/\/templatetoaster.com\/wp-content\/uploads\/2019\/11\/TemplateToaster_Logo.jpg","contentUrl":"https:\/\/templatetoaster.com\/wp-content\/uploads\/2019\/11\/TemplateToaster_Logo.jpg","width":85,"height":85,"caption":"TemplateToaster"},"image":{"@id":"https:\/\/templatetoaster.com\/#\/schema\/logo\/image\/"},"sameAs":["https:\/\/www.facebook.com\/TemplateToaster","https:\/\/x.com\/templatetoaster","https:\/\/www.instagram.com\/templatetoaster\/","https:\/\/www.linkedin.com\/company\/templatetoaster\/","https:\/\/www.pinterest.com\/templatetoaster\/","https:\/\/www.youtube.com\/@TemplateToaster"]}]}},"_links":{"self":[{"href":"https:\/\/templatetoaster.com\/fi\/wp-json\/wp\/v2\/pages\/4534"}],"collection":[{"href":"https:\/\/templatetoaster.com\/fi\/wp-json\/wp\/v2\/pages"}],"about":[{"href":"https:\/\/templatetoaster.com\/fi\/wp-json\/wp\/v2\/types\/page"}],"author":[{"embeddable":true,"href":"https:\/\/templatetoaster.com\/fi\/wp-json\/wp\/v2\/users\/1"}],"replies":[{"embeddable":true,"href":"https:\/\/templatetoaster.com\/fi\/wp-json\/wp\/v2\/comments?post=4534"}],"version-history":[{"count":5,"href":"https:\/\/templatetoaster.com\/fi\/wp-json\/wp\/v2\/pages\/4534\/revisions"}],"predecessor-version":[{"id":65608,"href":"https:\/\/templatetoaster.com\/fi\/wp-json\/wp\/v2\/pages\/4534\/revisions\/65608"}],"wp:attachment":[{"href":"https:\/\/templatetoaster.com\/fi\/wp-json\/wp\/v2\/media?parent=4534"}],"curies":[{"name":"wp","href":"https:\/\/api.w.org\/{rel}","templated":true}]}}