{"id":4531,"date":"2018-04-14T09:56:14","date_gmt":"2018-04-14T09:56:14","guid":{"rendered":"http:\/\/templatetoaster.com?page_id=4531"},"modified":"2019-08-13T12:02:31","modified_gmt":"2019-08-13T12:02:31","slug":"drupal","status":"publish","type":"page","link":"https:\/\/templatetoaster.com\/fi\/drupal","title":{"rendered":"Miten l\u00e4hett\u00e4\u00e4, asentaa ja konfiguroida TempleToaster teemoja Drupaliissa"},"content":{"rendered":"<div class=\"tt_documentation_instruction_row row\">\n<h1 class=\"heading_border\">Miten l\u00e4hett\u00e4\u00e4, asentaa ja konfiguroida TempleToaster teemoja Drupaliissa<\/h1>\n<div class=\"demo_row1 even row\" style=\"padding-top: 15px;\">\n<div class=\"row\">\n<div class=\"col-md-6 col-sm-6 col-xs-12\">\n<div class=\"vedio_bg\">\n<div class=\"tt_video_modal\">\n<p><a href=\"https:\/\/youtu.be\/G7r1RLGGY9Y\"><img decoding=\"async\" src=\"https:\/\/templatetoaster.com\/wp-content\/uploads\/2018\/02\/youtube.png\" \/><\/a><\/p>\n<div class=\"video-content\">\n<h3>Miten luoda Drupal teema TempleToasterissa<\/h3>\n<\/div>\n<\/div>\n<\/div>\n<\/div>\n<div class=\"col-md-6 col-sm-6 col-xs-12\">\n<div class=\"vedio_bg\">\n<div class=\"tt_video_modal\">\n<p><a href=\"https:\/\/youtu.be\/r0EvsjFohV0\"><img decoding=\"async\" src=\"https:\/\/templatetoaster.com\/wp-content\/uploads\/2018\/02\/youtube.png\" \/><\/a><\/p>\n<div class=\"video-content\">\n<h3>Miten l\u00e4hett\u00e4\u00e4 TempleToaster teema Drupaliin<\/h3>\n<\/div>\n<\/div>\n<\/div>\n<\/div>\n<div class=\"clearfix visible-lg-block visible-md-block\"><\/div>\n<\/div>\n<\/div>\n<div class=\"basic\">\n<div class=\"basic-step\">\n<h3 class=\"media-heading\">Ohjeita Drupal 7:<\/h3>\n<h4>Teeman l\u00e4hett\u00e4minen ja asentaminen<\/h4>\n<ol class=\"decimal\">\n<li>Viennin j\u00e4lkeen, l\u00e4het\u00e4 teema Drupaliin mill\u00e4 tahansa FTP ohjelmalla.<\/li>\n<li>Kirjaudu j\u00e4rjestelm\u00e4nvalvojana.<\/li>\n<li>Mene ulkon\u00e4k\u00f6asetuksiin, joka sijaitsee sivun yl\u00e4palkissa.<\/li>\n<li>Mene sivun alalaitaan, l\u00f6yt\u00e4 teemasi ja paina &#8221;Aseta oletusteemaksi&#8221;<\/li>\n<li>Mene kotisivulle ja n\u00e4et muutokset<\/li>\n<\/ol>\n<\/div>\n<\/div>\n<div class=\"basic\">\n<div class=\"basic-step\">\n<h4>M\u00e4\u00e4ritt\u00e4 moduulit:<\/h4>\n<ol class=\"decimal\">\n<li>Kirjaudu j\u00e4rjestelm\u00e4nvalvojana.<\/li>\n<li>Mene rakenne asetuksiin, joka sijaitsee yl\u00e4palkissa.<\/li>\n<li>Valitse &#8221;Lohko&#8221; valikosta.<\/li>\n<li>Muuta asetukset vaatimusten mukaisiksi.<\/li>\n<li>Mene sivun alalaitaan ja paina &#8221;Tallenna Lohkot&#8221;.<\/li>\n<li>Mene kotisivulle ja n\u00e4et muutokset.<\/li>\n<\/ol>\n<\/div>\n<\/div>\n<div class=\"basic\">\n<div class=\"basic-step\">\n<h3 class=\"media-heading\">Ohjeita Drupal 8:<\/h3>\n<ol>\n<li>Vie Drupal teema TemplateToasterista menem\u00e4ll\u00e4 Tiedosto-&gt; Vie\n<p><a href=\"https:\/\/templatetoaster.com\/wp-content\/uploads\/2017\/11\/drupal_theme_export_upload_instructions_step_1.jpg\"><img loading=\"lazy\" decoding=\"async\" class=\"aligncenter size-large wp-image-3296\" src=\"https:\/\/templatetoaster.com\/wp-content\/uploads\/2017\/11\/drupal_theme_export_upload_instructions_step_1-1024x545.jpg\" alt=\"drupal_theme_export_upload_instructions_step_1\" width=\"900\" height=\"479\" srcset=\"https:\/\/templatetoaster.com\/wp-content\/uploads\/2017\/11\/drupal_theme_export_upload_instructions_step_1-1024x545.jpg 1024w, https:\/\/templatetoaster.com\/wp-content\/uploads\/2017\/11\/drupal_theme_export_upload_instructions_step_1-1000x532.jpg 1000w, https:\/\/templatetoaster.com\/wp-content\/uploads\/2017\/11\/drupal_theme_export_upload_instructions_step_1-300x160.jpg 300w, https:\/\/templatetoaster.com\/wp-content\/uploads\/2017\/11\/drupal_theme_export_upload_instructions_step_1.jpg 1366w\" sizes=\"(max-width: 900px) 100vw, 900px\" \/><\/a><\/li>\n<li> Valitse vientisijainti ja Drupal 8\n<p><a href=\"https:\/\/templatetoaster.com\/wp-content\/uploads\/2017\/11\/drupal_theme_export_upload_instructions_step_2.jpg\"><img loading=\"lazy\" decoding=\"async\" class=\"aligncenter size-large wp-image-3297\" src=\"https:\/\/templatetoaster.com\/wp-content\/uploads\/2017\/11\/drupal_theme_export_upload_instructions_step_2-1024x545.jpg\" alt=\"drupal_theme_export_upload_instructions_step_2\" width=\"900\" height=\"479\" srcset=\"https:\/\/templatetoaster.com\/wp-content\/uploads\/2017\/11\/drupal_theme_export_upload_instructions_step_2-1024x545.jpg 1024w, https:\/\/templatetoaster.com\/wp-content\/uploads\/2017\/11\/drupal_theme_export_upload_instructions_step_2-1000x532.jpg 1000w, https:\/\/templatetoaster.com\/wp-content\/uploads\/2017\/11\/drupal_theme_export_upload_instructions_step_2-300x160.jpg 300w, https:\/\/templatetoaster.com\/wp-content\/uploads\/2017\/11\/drupal_theme_export_upload_instructions_step_2.jpg 1366w\" sizes=\"(max-width: 900px) 100vw, 900px\" \/><\/a><\/li>\n<li> Admin asetuksista paina Ulkon\u00e4k\u00f6<br \/>\n<a href=\"https:\/\/templatetoaster.com\/wp-content\/uploads\/2017\/11\/drupal_theme_export_upload_instructions_step_3.jpg\"><img loading=\"lazy\" decoding=\"async\" class=\"aligncenter size-large wp-image-3298\" src=\"https:\/\/templatetoaster.com\/wp-content\/uploads\/2017\/11\/drupal_theme_export_upload_instructions_step_3-1024x410.jpg\" alt=\"drupal_theme_export_upload_instructions_step_3\" width=\"900\" height=\"360\" srcset=\"https:\/\/templatetoaster.com\/wp-content\/uploads\/2017\/11\/drupal_theme_export_upload_instructions_step_3-1024x410.jpg 1024w, https:\/\/templatetoaster.com\/wp-content\/uploads\/2017\/11\/drupal_theme_export_upload_instructions_step_3-1000x400.jpg 1000w, https:\/\/templatetoaster.com\/wp-content\/uploads\/2017\/11\/drupal_theme_export_upload_instructions_step_3-300x120.jpg 300w, https:\/\/templatetoaster.com\/wp-content\/uploads\/2017\/11\/drupal_theme_export_upload_instructions_step_3.jpg 1349w\" sizes=\"(max-width: 900px) 100vw, 900px\" \/><\/a><\/li>\n<li> Asenna uusi teema<br \/>\n<a href=\"https:\/\/templatetoaster.com\/wp-content\/uploads\/2017\/11\/drupal_theme_export_upload_instructions_step_4.jpg\"><img loading=\"lazy\" decoding=\"async\" class=\"aligncenter size-large wp-image-3299\" src=\"https:\/\/templatetoaster.com\/wp-content\/uploads\/2017\/11\/drupal_theme_export_upload_instructions_step_4-1024x428.jpg\" alt=\"drupal_theme_export_upload_instructions_step_4\" width=\"900\" height=\"376\" srcset=\"https:\/\/templatetoaster.com\/wp-content\/uploads\/2017\/11\/drupal_theme_export_upload_instructions_step_4-1024x428.jpg 1024w, https:\/\/templatetoaster.com\/wp-content\/uploads\/2017\/11\/drupal_theme_export_upload_instructions_step_4-1000x418.jpg 1000w, https:\/\/templatetoaster.com\/wp-content\/uploads\/2017\/11\/drupal_theme_export_upload_instructions_step_4-300x125.jpg 300w, https:\/\/templatetoaster.com\/wp-content\/uploads\/2017\/11\/drupal_theme_export_upload_instructions_step_4.jpg 1349w\" sizes=\"(max-width: 900px) 100vw, 900px\" \/><\/a><\/li>\n<li> Etse teemasi, jonka veit TempleToasterista ja paina asenna.<br \/>\n<a href=\"https:\/\/templatetoaster.com\/wp-content\/uploads\/2017\/11\/drupal_theme_export_upload_instructions_step_5.jpg\"><img loading=\"lazy\" decoding=\"async\" class=\"aligncenter size-large wp-image-3300\" src=\"https:\/\/templatetoaster.com\/wp-content\/uploads\/2017\/11\/drupal_theme_export_upload_instructions_step_5-1024x388.jpg\" alt=\"drupal_theme_export_upload_instructions_step_5\" width=\"900\" height=\"341\" srcset=\"https:\/\/templatetoaster.com\/wp-content\/uploads\/2017\/11\/drupal_theme_export_upload_instructions_step_5-1024x388.jpg 1024w, https:\/\/templatetoaster.com\/wp-content\/uploads\/2017\/11\/drupal_theme_export_upload_instructions_step_5-1000x379.jpg 1000w, https:\/\/templatetoaster.com\/wp-content\/uploads\/2017\/11\/drupal_theme_export_upload_instructions_step_5-300x114.jpg 300w, https:\/\/templatetoaster.com\/wp-content\/uploads\/2017\/11\/drupal_theme_export_upload_instructions_step_5.jpg 1363w\" sizes=\"(max-width: 900px) 100vw, 900px\" \/><\/a><\/li>\n<li> Drupal teema on asennettu<br \/>\n<a href=\"https:\/\/templatetoaster.com\/wp-content\/uploads\/2017\/11\/drupal_theme_export_upload_instructions_step_6.jpg\"><img loading=\"lazy\" decoding=\"async\" class=\"aligncenter size-large wp-image-3301\" src=\"https:\/\/templatetoaster.com\/wp-content\/uploads\/2017\/11\/drupal_theme_export_upload_instructions_step_6-1024x410.jpg\" alt=\"drupal_theme_export_upload_instructions_step_6\" width=\"900\" height=\"360\" srcset=\"https:\/\/templatetoaster.com\/wp-content\/uploads\/2017\/11\/drupal_theme_export_upload_instructions_step_6-1024x410.jpg 1024w, https:\/\/templatetoaster.com\/wp-content\/uploads\/2017\/11\/drupal_theme_export_upload_instructions_step_6-1000x400.jpg 1000w, https:\/\/templatetoaster.com\/wp-content\/uploads\/2017\/11\/drupal_theme_export_upload_instructions_step_6-300x120.jpg 300w, https:\/\/templatetoaster.com\/wp-content\/uploads\/2017\/11\/drupal_theme_export_upload_instructions_step_6.jpg 1349w\" sizes=\"(max-width: 900px) 100vw, 900px\" \/><\/a><\/li>\n<\/ol>\n<\/div>\n<\/div>\n<\/div>\n","protected":false},"excerpt":{"rendered":"<p>Miten l\u00e4hett\u00e4\u00e4, asentaa ja konfiguroida TempleToaster teemoja Drupaliissa Miten luoda Drupal teema TempleToasterissa Miten l\u00e4hett\u00e4\u00e4 TempleToaster teema Drupaliin Ohjeita Drupal 7: Teeman l\u00e4hett\u00e4minen ja asentaminen Viennin j\u00e4lkeen, l\u00e4het\u00e4 teema Drupaliin mill\u00e4 tahansa FTP ohjelmalla. Kirjaudu j\u00e4rjestelm\u00e4nvalvojana. Mene ulkon\u00e4k\u00f6asetuksiin, joka sijaitsee &hellip; <a href=\"https:\/\/templatetoaster.com\/fi\/drupal\">Continue Reading<span class=\"meta-nav\">&rarr;<\/span><\/a><\/p>\n","protected":false},"author":1,"featured_media":0,"parent":0,"menu_order":0,"comment_status":"closed","ping_status":"closed","template":"PageTemplate1.php","meta":{"footnotes":""},"yoast_head":"<!-- This site is optimized with the Yoast SEO plugin v23.5 - https:\/\/yoast.com\/wordpress\/plugins\/seo\/ -->\n<title>Miten l\u00e4hett\u00e4\u00e4, asentaa ja konfiguroida TempleToaster teemoja Drupaliissa - TemplateToaster<\/title>\n<meta name=\"description\" content=\"Ohjeita kuinka l\u00e4hett\u00e4\u00e4 jaa asentaa TempleToasterissa luotuja teemoja Drupal nettisivvullesi.\" \/>\n<meta name=\"robots\" content=\"index, follow, max-snippet:-1, max-image-preview:large, max-video-preview:-1\" \/>\n<link rel=\"canonical\" href=\"https:\/\/templatetoaster.com\/fi\/drupal\" \/>\n<meta property=\"og:locale\" content=\"fi_FI\" \/>\n<meta property=\"og:type\" content=\"article\" \/>\n<meta property=\"og:title\" content=\"Miten l\u00e4hett\u00e4\u00e4, asentaa ja konfiguroida TempleToaster teemoja Drupaliissa - TemplateToaster\" \/>\n<meta property=\"og:description\" content=\"Ohjeita kuinka l\u00e4hett\u00e4\u00e4 jaa asentaa TempleToasterissa luotuja teemoja Drupal nettisivvullesi.\" \/>\n<meta property=\"og:url\" content=\"https:\/\/templatetoaster.com\/fi\/drupal\" \/>\n<meta property=\"og:site_name\" content=\"TemplateToaster\" \/>\n<meta property=\"article:publisher\" content=\"https:\/\/www.facebook.com\/TemplateToaster\" \/>\n<meta property=\"article:modified_time\" content=\"2019-08-13T12:02:31+00:00\" \/>\n<meta property=\"og:image\" content=\"https:\/\/templatetoaster.com\/wp-content\/uploads\/2018\/02\/youtube.png\" \/>\n<meta name=\"twitter:card\" content=\"summary_large_image\" \/>\n<meta name=\"twitter:site\" content=\"@templatetoaster\" \/>\n<meta name=\"twitter:label1\" content=\"Arvioitu lukuaika\" \/>\n\t<meta name=\"twitter:data1\" content=\"1 minuutti\" \/>\n<script type=\"application\/ld+json\" class=\"yoast-schema-graph\">{\"@context\":\"https:\/\/schema.org\",\"@graph\":[{\"@type\":\"WebPage\",\"@id\":\"https:\/\/templatetoaster.com\/fi\/drupal\",\"url\":\"https:\/\/templatetoaster.com\/fi\/drupal\",\"name\":\"Miten l\u00e4hett\u00e4\u00e4, asentaa ja konfiguroida TempleToaster teemoja Drupaliissa - TemplateToaster\",\"isPartOf\":{\"@id\":\"https:\/\/templatetoaster.com\/#website\"},\"primaryImageOfPage\":{\"@id\":\"https:\/\/templatetoaster.com\/fi\/drupal#primaryimage\"},\"image\":{\"@id\":\"https:\/\/templatetoaster.com\/fi\/drupal#primaryimage\"},\"thumbnailUrl\":\"https:\/\/templatetoaster.com\/wp-content\/uploads\/2018\/02\/youtube.png\",\"datePublished\":\"2018-04-14T09:56:14+00:00\",\"dateModified\":\"2019-08-13T12:02:31+00:00\",\"description\":\"Ohjeita kuinka l\u00e4hett\u00e4\u00e4 jaa asentaa TempleToasterissa luotuja teemoja Drupal nettisivvullesi.\",\"breadcrumb\":{\"@id\":\"https:\/\/templatetoaster.com\/fi\/drupal#breadcrumb\"},\"inLanguage\":\"fi\",\"potentialAction\":[{\"@type\":\"ReadAction\",\"target\":[\"https:\/\/templatetoaster.com\/fi\/drupal\"]}]},{\"@type\":\"ImageObject\",\"inLanguage\":\"fi\",\"@id\":\"https:\/\/templatetoaster.com\/fi\/drupal#primaryimage\",\"url\":\"https:\/\/templatetoaster.com\/wp-content\/uploads\/2018\/02\/youtube.png\",\"contentUrl\":\"https:\/\/templatetoaster.com\/wp-content\/uploads\/2018\/02\/youtube.png\"},{\"@type\":\"BreadcrumbList\",\"@id\":\"https:\/\/templatetoaster.com\/fi\/drupal#breadcrumb\",\"itemListElement\":[{\"@type\":\"ListItem\",\"position\":1,\"name\":\"Home\",\"item\":\"https:\/\/templatetoaster.com\/fi\"},{\"@type\":\"ListItem\",\"position\":2,\"name\":\"Miten l\u00e4hett\u00e4\u00e4, asentaa ja konfiguroida TempleToaster teemoja Drupaliissa\"}]},{\"@type\":\"WebSite\",\"@id\":\"https:\/\/templatetoaster.com\/#website\",\"url\":\"https:\/\/templatetoaster.com\/\",\"name\":\"TemplateToaster\",\"description\":\"\",\"publisher\":{\"@id\":\"https:\/\/templatetoaster.com\/#organization\"},\"inLanguage\":\"fi\"},{\"@type\":\"Organization\",\"@id\":\"https:\/\/templatetoaster.com\/#organization\",\"name\":\"TemplateToaster\",\"url\":\"https:\/\/templatetoaster.com\/\",\"logo\":{\"@type\":\"ImageObject\",\"inLanguage\":\"fi\",\"@id\":\"https:\/\/templatetoaster.com\/#\/schema\/logo\/image\/\",\"url\":\"https:\/\/templatetoaster.com\/wp-content\/uploads\/2019\/11\/TemplateToaster_Logo.jpg\",\"contentUrl\":\"https:\/\/templatetoaster.com\/wp-content\/uploads\/2019\/11\/TemplateToaster_Logo.jpg\",\"width\":85,\"height\":85,\"caption\":\"TemplateToaster\"},\"image\":{\"@id\":\"https:\/\/templatetoaster.com\/#\/schema\/logo\/image\/\"},\"sameAs\":[\"https:\/\/www.facebook.com\/TemplateToaster\",\"https:\/\/x.com\/templatetoaster\",\"https:\/\/www.instagram.com\/templatetoaster\/\",\"https:\/\/www.linkedin.com\/company\/templatetoaster\/\",\"https:\/\/www.pinterest.com\/templatetoaster\/\",\"https:\/\/www.youtube.com\/@TemplateToaster\"]}]}<\/script>\n<!-- \/ Yoast SEO plugin. -->","yoast_head_json":{"title":"Miten l\u00e4hett\u00e4\u00e4, asentaa ja konfiguroida TempleToaster teemoja Drupaliissa - TemplateToaster","description":"Ohjeita kuinka l\u00e4hett\u00e4\u00e4 jaa asentaa TempleToasterissa luotuja teemoja Drupal nettisivvullesi.","robots":{"index":"index","follow":"follow","max-snippet":"max-snippet:-1","max-image-preview":"max-image-preview:large","max-video-preview":"max-video-preview:-1"},"canonical":"https:\/\/templatetoaster.com\/fi\/drupal","og_locale":"fi_FI","og_type":"article","og_title":"Miten l\u00e4hett\u00e4\u00e4, asentaa ja konfiguroida TempleToaster teemoja Drupaliissa - TemplateToaster","og_description":"Ohjeita kuinka l\u00e4hett\u00e4\u00e4 jaa asentaa TempleToasterissa luotuja teemoja Drupal nettisivvullesi.","og_url":"https:\/\/templatetoaster.com\/fi\/drupal","og_site_name":"TemplateToaster","article_publisher":"https:\/\/www.facebook.com\/TemplateToaster","article_modified_time":"2019-08-13T12:02:31+00:00","og_image":[{"url":"https:\/\/templatetoaster.com\/wp-content\/uploads\/2018\/02\/youtube.png"}],"twitter_card":"summary_large_image","twitter_site":"@templatetoaster","twitter_misc":{"Arvioitu lukuaika":"1 minuutti"},"schema":{"@context":"https:\/\/schema.org","@graph":[{"@type":"WebPage","@id":"https:\/\/templatetoaster.com\/fi\/drupal","url":"https:\/\/templatetoaster.com\/fi\/drupal","name":"Miten l\u00e4hett\u00e4\u00e4, asentaa ja konfiguroida TempleToaster teemoja Drupaliissa - TemplateToaster","isPartOf":{"@id":"https:\/\/templatetoaster.com\/#website"},"primaryImageOfPage":{"@id":"https:\/\/templatetoaster.com\/fi\/drupal#primaryimage"},"image":{"@id":"https:\/\/templatetoaster.com\/fi\/drupal#primaryimage"},"thumbnailUrl":"https:\/\/templatetoaster.com\/wp-content\/uploads\/2018\/02\/youtube.png","datePublished":"2018-04-14T09:56:14+00:00","dateModified":"2019-08-13T12:02:31+00:00","description":"Ohjeita kuinka l\u00e4hett\u00e4\u00e4 jaa asentaa TempleToasterissa luotuja teemoja Drupal nettisivvullesi.","breadcrumb":{"@id":"https:\/\/templatetoaster.com\/fi\/drupal#breadcrumb"},"inLanguage":"fi","potentialAction":[{"@type":"ReadAction","target":["https:\/\/templatetoaster.com\/fi\/drupal"]}]},{"@type":"ImageObject","inLanguage":"fi","@id":"https:\/\/templatetoaster.com\/fi\/drupal#primaryimage","url":"https:\/\/templatetoaster.com\/wp-content\/uploads\/2018\/02\/youtube.png","contentUrl":"https:\/\/templatetoaster.com\/wp-content\/uploads\/2018\/02\/youtube.png"},{"@type":"BreadcrumbList","@id":"https:\/\/templatetoaster.com\/fi\/drupal#breadcrumb","itemListElement":[{"@type":"ListItem","position":1,"name":"Home","item":"https:\/\/templatetoaster.com\/fi"},{"@type":"ListItem","position":2,"name":"Miten l\u00e4hett\u00e4\u00e4, asentaa ja konfiguroida TempleToaster teemoja Drupaliissa"}]},{"@type":"WebSite","@id":"https:\/\/templatetoaster.com\/#website","url":"https:\/\/templatetoaster.com\/","name":"TemplateToaster","description":"","publisher":{"@id":"https:\/\/templatetoaster.com\/#organization"},"inLanguage":"fi"},{"@type":"Organization","@id":"https:\/\/templatetoaster.com\/#organization","name":"TemplateToaster","url":"https:\/\/templatetoaster.com\/","logo":{"@type":"ImageObject","inLanguage":"fi","@id":"https:\/\/templatetoaster.com\/#\/schema\/logo\/image\/","url":"https:\/\/templatetoaster.com\/wp-content\/uploads\/2019\/11\/TemplateToaster_Logo.jpg","contentUrl":"https:\/\/templatetoaster.com\/wp-content\/uploads\/2019\/11\/TemplateToaster_Logo.jpg","width":85,"height":85,"caption":"TemplateToaster"},"image":{"@id":"https:\/\/templatetoaster.com\/#\/schema\/logo\/image\/"},"sameAs":["https:\/\/www.facebook.com\/TemplateToaster","https:\/\/x.com\/templatetoaster","https:\/\/www.instagram.com\/templatetoaster\/","https:\/\/www.linkedin.com\/company\/templatetoaster\/","https:\/\/www.pinterest.com\/templatetoaster\/","https:\/\/www.youtube.com\/@TemplateToaster"]}]}},"_links":{"self":[{"href":"https:\/\/templatetoaster.com\/fi\/wp-json\/wp\/v2\/pages\/4531"}],"collection":[{"href":"https:\/\/templatetoaster.com\/fi\/wp-json\/wp\/v2\/pages"}],"about":[{"href":"https:\/\/templatetoaster.com\/fi\/wp-json\/wp\/v2\/types\/page"}],"author":[{"embeddable":true,"href":"https:\/\/templatetoaster.com\/fi\/wp-json\/wp\/v2\/users\/1"}],"replies":[{"embeddable":true,"href":"https:\/\/templatetoaster.com\/fi\/wp-json\/wp\/v2\/comments?post=4531"}],"version-history":[{"count":4,"href":"https:\/\/templatetoaster.com\/fi\/wp-json\/wp\/v2\/pages\/4531\/revisions"}],"predecessor-version":[{"id":64457,"href":"https:\/\/templatetoaster.com\/fi\/wp-json\/wp\/v2\/pages\/4531\/revisions\/64457"}],"wp:attachment":[{"href":"https:\/\/templatetoaster.com\/fi\/wp-json\/wp\/v2\/media?parent=4531"}],"curies":[{"name":"wp","href":"https:\/\/api.w.org\/{rel}","templated":true}]}}