{"id":4522,"date":"2018-04-14T09:50:37","date_gmt":"2018-04-14T09:50:37","guid":{"rendered":"http:\/\/templatetoaster.com?page_id=4522"},"modified":"2019-08-13T11:32:35","modified_gmt":"2019-08-13T11:32:35","slug":"wordpress","status":"publish","type":"page","link":"https:\/\/templatetoaster.com\/fi\/wordpress","title":{"rendered":"Mit\u00e4n l\u00e4hett\u00e4\u00e4 ja konfiguroida WordPress teemoja"},"content":{"rendered":"<div class=\"tt_documentation_instruction_row row\">\n<h1 class=\"heading_border\">Miten l\u00e4hett\u00e4\u00e4, asentaa ja konfiguroida WordPress teemoja<\/h1>\n<p>&nbsp;<\/p>\n<div class=\"demo_row1 odd row\">\n<div class=\"row\">\n<div class=\"col-md-6 col-sm-6 col-xs-12\">\n<div class=\"vedio_bg\">\n<div class=\"tt_video_modal\">\n<p><a href=\"https:\/\/youtu.be\/QXM1K9pTHD4\"><img decoding=\"async\" src=\"https:\/\/templatetoaster.com\/wp-content\/uploads\/2018\/02\/youtube.png\" \/><\/a><\/p>\n<div class=\"video-content\">\n<h3>Miten luoda WordPress teema TemplateToasteriassa<\/h3>\n<\/div>\n<\/div>\n<\/div>\n<\/div>\n<div class=\"clearfix visible-xs-block\"><\/div>\n<div class=\"col-md-6 col-sm-6 col-xs-12\">\n<div class=\"vedio_bg\">\n<div class=\"tt_video_modal\">\n<p><a href=\"https:\/\/youtu.be\/6g5Ca0J7XQA\"><img decoding=\"async\" src=\"https:\/\/templatetoaster.com\/wp-content\/uploads\/2018\/02\/youtube.png\" \/><\/a><\/p>\n<div class=\"video-content\">\n<h3>Miten l\u00e4hett\u00e4\u00e4 TemplateToasterissa luotu teema WordPressiin<\/h3>\n<\/div>\n<\/div>\n<\/div>\n<div class=\"clearfix visible-lg-block visible-md-block\"><\/div>\n<\/div>\n<\/div>\n<\/div>\n<p>&nbsp;<\/p>\n<div class=\"basic\">\n<div class=\"basic-step\">\n<h4>WordPress teemojen luonti ja l\u00e4hett\u00e4minen<\/h4>\n<p class=\"wordpress\">K\u00e4ynnist\u00e4 TemplateToaster ja valitse WordPress, Nyt voit alkaa suunnittelemaan tyhj\u00e4st\u00e4 tai valita valmiin WordPress teeman. Vie sunnitelmasi teema tietokoneen tiedostosto &gt;&gt; vie &gt;&gt; WordPress teema.<\/p>\n<h4 class=\"joomla\">Vietyjen WordPress teemojen asentaminen<\/h4>\n<p class=\"wordpress\">Kirjaudu WordPressiin&gt;&gt; Siirry ulkoasu &gt;&gt; Teemat &gt;&gt; asenna teema &gt;&gt; lataa &gt;&gt; Selaa teemoja &gt;&gt; lataa &gt;&gt; Aktivoi uusi teema. Voit my\u00f6s l\u00e4hett\u00e4\u00e4 teeman k\u00e4ytt\u00e4m\u00e4ll\u00e4 FTP:t\u00e4. Jos l\u00e4het\u00e4t k\u00e4ytt\u00e4m\u00e4ll\u00e4 FTP, k\u00e4yt\u00e4 wp-content &gt;&gt; teema hakemisto ja se n\u00e4ytt\u00e4ytyy Teemat kansiossa WordPressiss\u00e4, voit aktivoida sen sielt\u00e4.<\/p>\n<h4 class=\"joomla\">Widgettien lis\u00e4\u00e4minen<\/h4>\n<p class=\"wordpress\">Voit lis\u00e4t\u00e4 haluamasi widgetit saatavilla widget-alueilla ulkon\u00e4k\u00f6 &gt;&gt; widgetit WordPress.<\/p>\n<h4 class=\"joomla\">M\u00e4\u00e4rittele horisontaalinen Valikko<\/h4>\n<p class=\"wordpress\">Tehdess\u00e4si sivua, mene sivut &gt;&gt; Lis\u00e4\u00e4 uusi, sen pit\u00e4isi automaattisesti n\u00e4ky\u00e4 valikkorivill\u00e4, voit my\u00f6s k\u00e4ytt\u00e4\u00e4 valikkoa ulkon\u00e4k\u00f6 &gt;&gt; valikot.<\/p>\n<h4 class=\"joomla\">M\u00e4\u00e4rittele pystysuora Valikko<\/h4>\n<p class=\"wordpress\">Mene ulkon\u00e4k\u00f6-&gt; Widgetit, Ved\u00e4 \u201cCustom valikko\u201d Widget vasen tai oikea sivupalkki vekotin alueella, m\u00e4\u00e4ritt\u00e4\u00e4 asetukset ja klikkaa Tallenna.<\/p>\n<h4 class=\"joomla\">Ristikkopohjien sis\u00e4ll\u00f6n muokkaus<\/h4>\n<p class=\"wordpress\">Ristikkopohjaa voi muokata Ulkoasu -&gt; valitse &#8217;Teeman tiedot\u2019 -&gt; Teema valinnat -&gt; Post \/ Sis\u00e4lt\u00f6 -&gt; Muokkaa \u2019m\u00e4\u00e4r\u00e4 Ohjelmaan Viestit\u2019 \/\u2019Sarakkeiden m\u00e4\u00e4r\u00e4\u2019 -&gt; paina tallenna asetukset.<\/p>\n<h4 class=\"joomla\">alaviite linkit<\/h4>\n<p class=\"wordpress\">Siirry ulkon\u00e4k\u00f6 &gt;&gt; Widgets &gt;&gt; Ved\u00e4 teksti widgetti alatunnisteeseen Widget &gt;&gt; lis\u00e4\u00e4 haluttu HTML\/teksti ja Tallenna.<\/p>\n<h4 class=\"joomla\">Luo sivuja<\/h4>\n<p class=\"wordpress\">Nyt voit lis\u00e4t\u00e4 uusia sivuja, johonk voit lis\u00e4t\u00e4t haluamaasi sis\u00e4lt\u00f6\u00e4 \/ kuvia ja lis\u00e4t\u00e4 linkkej\u00e4, jotka ovat vasemmalla puolella valikossa WordPressiss\u00e4si.<a href=\"https:\/\/templatetoaster.com\/wp-content\/uploads\/2017\/10\/Upload_Install_WooCommerce_WordPress_Theme_step1.jpg\"><img loading=\"lazy\" decoding=\"async\" class=\"aligncenter size-large wp-image-3181\" src=\"https:\/\/templatetoaster.com\/wp-content\/uploads\/2017\/10\/Upload_Install_WooCommerce_WordPress_Theme_step1-1024x500.jpg\" alt=\"Upload_Install_WooCommerce_WordPress_Theme_step1\" width=\"900\" height=\"439\" srcset=\"https:\/\/templatetoaster.com\/wp-content\/uploads\/2017\/10\/Upload_Install_WooCommerce_WordPress_Theme_step1-1024x500.jpg 1024w, https:\/\/templatetoaster.com\/wp-content\/uploads\/2017\/10\/Upload_Install_WooCommerce_WordPress_Theme_step1-1000x489.jpg 1000w, https:\/\/templatetoaster.com\/wp-content\/uploads\/2017\/10\/Upload_Install_WooCommerce_WordPress_Theme_step1-300x147.jpg 300w, https:\/\/templatetoaster.com\/wp-content\/uploads\/2017\/10\/Upload_Install_WooCommerce_WordPress_Theme_step1.jpg 1349w\" sizes=\"(max-width: 900px) 100vw, 900px\" \/><\/a><\/p>\n<p><a href=\"https:\/\/templatetoaster.com\/wp-content\/uploads\/2017\/10\/Upload_Install_WooCommerce_WordPress_Theme_step2.jpg\"><img loading=\"lazy\" decoding=\"async\" class=\"aligncenter size-large wp-image-3182\" src=\"https:\/\/templatetoaster.com\/wp-content\/uploads\/2017\/10\/Upload_Install_WooCommerce_WordPress_Theme_step2-1024x500.jpg\" alt=\"Upload_Install_WooCommerce_WordPress_Theme_step2\" width=\"900\" height=\"439\" srcset=\"https:\/\/templatetoaster.com\/wp-content\/uploads\/2017\/10\/Upload_Install_WooCommerce_WordPress_Theme_step2-1024x500.jpg 1024w, https:\/\/templatetoaster.com\/wp-content\/uploads\/2017\/10\/Upload_Install_WooCommerce_WordPress_Theme_step2-1000x489.jpg 1000w, https:\/\/templatetoaster.com\/wp-content\/uploads\/2017\/10\/Upload_Install_WooCommerce_WordPress_Theme_step2-300x147.jpg 300w, https:\/\/templatetoaster.com\/wp-content\/uploads\/2017\/10\/Upload_Install_WooCommerce_WordPress_Theme_step2.jpg 1349w\" sizes=\"(max-width: 900px) 100vw, 900px\" \/><\/a><\/p>\n<p><a href=\"https:\/\/templatetoaster.com\/wp-content\/uploads\/2017\/10\/Upload_Install_WooCommerce_WordPress_Theme_step3.jpg\"><img loading=\"lazy\" decoding=\"async\" class=\"aligncenter size-large wp-image-3183\" src=\"https:\/\/templatetoaster.com\/wp-content\/uploads\/2017\/10\/Upload_Install_WooCommerce_WordPress_Theme_step3-1024x500.jpg\" alt=\"Upload_Install_WooCommerce_WordPress_Theme_step3\" width=\"900\" height=\"439\" srcset=\"https:\/\/templatetoaster.com\/wp-content\/uploads\/2017\/10\/Upload_Install_WooCommerce_WordPress_Theme_step3-1024x500.jpg 1024w, https:\/\/templatetoaster.com\/wp-content\/uploads\/2017\/10\/Upload_Install_WooCommerce_WordPress_Theme_step3-1000x489.jpg 1000w, https:\/\/templatetoaster.com\/wp-content\/uploads\/2017\/10\/Upload_Install_WooCommerce_WordPress_Theme_step3-300x147.jpg 300w, https:\/\/templatetoaster.com\/wp-content\/uploads\/2017\/10\/Upload_Install_WooCommerce_WordPress_Theme_step3.jpg 1349w\" sizes=\"(max-width: 900px) 100vw, 900px\" \/><\/a><\/p>\n<p><a href=\"https:\/\/templatetoaster.com\/wp-content\/uploads\/2017\/10\/Upload_Install_WooCommerce_WordPress_Theme_step4.jpg\"><img loading=\"lazy\" decoding=\"async\" class=\"aligncenter size-large wp-image-3184\" src=\"https:\/\/templatetoaster.com\/wp-content\/uploads\/2017\/10\/Upload_Install_WooCommerce_WordPress_Theme_step4-1024x500.jpg\" alt=\"Upload_Install_WooCommerce_WordPress_Theme_step4\" width=\"900\" height=\"439\" srcset=\"https:\/\/templatetoaster.com\/wp-content\/uploads\/2017\/10\/Upload_Install_WooCommerce_WordPress_Theme_step4-1024x500.jpg 1024w, https:\/\/templatetoaster.com\/wp-content\/uploads\/2017\/10\/Upload_Install_WooCommerce_WordPress_Theme_step4-1000x489.jpg 1000w, https:\/\/templatetoaster.com\/wp-content\/uploads\/2017\/10\/Upload_Install_WooCommerce_WordPress_Theme_step4-300x147.jpg 300w, https:\/\/templatetoaster.com\/wp-content\/uploads\/2017\/10\/Upload_Install_WooCommerce_WordPress_Theme_step4.jpg 1349w\" sizes=\"(max-width: 900px) 100vw, 900px\" \/><\/a><\/p>\n<p><a href=\"https:\/\/templatetoaster.com\/wp-content\/uploads\/2017\/10\/Upload_Install_WooCommerce_WordPress_Theme_step5.jpg\"><img loading=\"lazy\" decoding=\"async\" class=\"aligncenter size-large wp-image-3185\" src=\"https:\/\/templatetoaster.com\/wp-content\/uploads\/2017\/10\/Upload_Install_WooCommerce_WordPress_Theme_step5-1024x500.jpg\" alt=\"Upload_Install_WooCommerce_WordPress_Theme_step5\" width=\"900\" height=\"439\" srcset=\"https:\/\/templatetoaster.com\/wp-content\/uploads\/2017\/10\/Upload_Install_WooCommerce_WordPress_Theme_step5-1024x500.jpg 1024w, https:\/\/templatetoaster.com\/wp-content\/uploads\/2017\/10\/Upload_Install_WooCommerce_WordPress_Theme_step5-1000x489.jpg 1000w, https:\/\/templatetoaster.com\/wp-content\/uploads\/2017\/10\/Upload_Install_WooCommerce_WordPress_Theme_step5-300x147.jpg 300w, https:\/\/templatetoaster.com\/wp-content\/uploads\/2017\/10\/Upload_Install_WooCommerce_WordPress_Theme_step5.jpg 1349w\" sizes=\"(max-width: 900px) 100vw, 900px\" \/><\/a><\/p>\n<p><a href=\"https:\/\/templatetoaster.com\/wp-content\/uploads\/2017\/10\/Upload_Install_WooCommerce_WordPress_Theme_step6.jpg\"><img loading=\"lazy\" decoding=\"async\" class=\"aligncenter size-large wp-image-3186\" src=\"https:\/\/templatetoaster.com\/wp-content\/uploads\/2017\/10\/Upload_Install_WooCommerce_WordPress_Theme_step6-1024x494.jpg\" alt=\"Upload_Install_WooCommerce_WordPress_Theme_step6\" width=\"900\" height=\"434\" srcset=\"https:\/\/templatetoaster.com\/wp-content\/uploads\/2017\/10\/Upload_Install_WooCommerce_WordPress_Theme_step6-1024x494.jpg 1024w, https:\/\/templatetoaster.com\/wp-content\/uploads\/2017\/10\/Upload_Install_WooCommerce_WordPress_Theme_step6-1000x482.jpg 1000w, https:\/\/templatetoaster.com\/wp-content\/uploads\/2017\/10\/Upload_Install_WooCommerce_WordPress_Theme_step6-300x145.jpg 300w, https:\/\/templatetoaster.com\/wp-content\/uploads\/2017\/10\/Upload_Install_WooCommerce_WordPress_Theme_step6.jpg 1366w\" sizes=\"(max-width: 900px) 100vw, 900px\" \/><\/a><\/p>\n<p><a href=\"https:\/\/templatetoaster.com\/wp-content\/uploads\/2017\/10\/Upload_Install_WooCommerce_WordPress_Theme_step7.jpg\"><img loading=\"lazy\" decoding=\"async\" class=\"aligncenter size-large wp-image-3187\" src=\"https:\/\/templatetoaster.com\/wp-content\/uploads\/2017\/10\/Upload_Install_WooCommerce_WordPress_Theme_step7-1024x500.jpg\" alt=\"Upload_Install_WooCommerce_WordPress_Theme_step7\" width=\"900\" height=\"439\" srcset=\"https:\/\/templatetoaster.com\/wp-content\/uploads\/2017\/10\/Upload_Install_WooCommerce_WordPress_Theme_step7-1024x500.jpg 1024w, https:\/\/templatetoaster.com\/wp-content\/uploads\/2017\/10\/Upload_Install_WooCommerce_WordPress_Theme_step7-1000x489.jpg 1000w, https:\/\/templatetoaster.com\/wp-content\/uploads\/2017\/10\/Upload_Install_WooCommerce_WordPress_Theme_step7-300x147.jpg 300w, https:\/\/templatetoaster.com\/wp-content\/uploads\/2017\/10\/Upload_Install_WooCommerce_WordPress_Theme_step7.jpg 1349w\" sizes=\"(max-width: 900px) 100vw, 900px\" \/><\/a><\/p>\n<\/div>\n<\/div>\n<\/div>\n","protected":false},"excerpt":{"rendered":"<p>Miten l\u00e4hett\u00e4\u00e4, asentaa ja konfiguroida WordPress teemoja &nbsp; Miten luoda WordPress teema TemplateToasteriassa Miten l\u00e4hett\u00e4\u00e4 TemplateToasterissa luotu teema WordPressiin &nbsp; WordPress teemojen luonti ja l\u00e4hett\u00e4minen K\u00e4ynnist\u00e4 TemplateToaster ja valitse WordPress, Nyt voit alkaa suunnittelemaan tyhj\u00e4st\u00e4 tai valita valmiin WordPress teeman. &hellip; <a href=\"https:\/\/templatetoaster.com\/fi\/wordpress\">Continue Reading<span class=\"meta-nav\">&rarr;<\/span><\/a><\/p>\n","protected":false},"author":1,"featured_media":0,"parent":0,"menu_order":0,"comment_status":"closed","ping_status":"closed","template":"PageTemplate1.php","meta":{"footnotes":""},"yoast_head":"<!-- This site is optimized with the Yoast SEO plugin v23.5 - https:\/\/yoast.com\/wordpress\/plugins\/seo\/ -->\n<title>Mit\u00e4n l\u00e4hett\u00e4\u00e4 ja konfiguroida WordPress teemoja - TemplateToaster<\/title>\n<meta name=\"description\" content=\"Ohjeita miten vied\u00e4, ladata ja asentaa TempleToasterissa luotuja teemoja.\" \/>\n<meta name=\"robots\" content=\"index, follow, max-snippet:-1, max-image-preview:large, max-video-preview:-1\" \/>\n<link rel=\"canonical\" href=\"https:\/\/templatetoaster.com\/fi\/wordpress\" \/>\n<meta property=\"og:locale\" content=\"fi_FI\" \/>\n<meta property=\"og:type\" content=\"article\" \/>\n<meta property=\"og:title\" content=\"Mit\u00e4n l\u00e4hett\u00e4\u00e4 ja konfiguroida WordPress teemoja - TemplateToaster\" \/>\n<meta property=\"og:description\" content=\"Ohjeita miten vied\u00e4, ladata ja asentaa TempleToasterissa luotuja teemoja.\" \/>\n<meta property=\"og:url\" content=\"https:\/\/templatetoaster.com\/fi\/wordpress\" \/>\n<meta property=\"og:site_name\" content=\"TemplateToaster\" \/>\n<meta property=\"article:publisher\" content=\"https:\/\/www.facebook.com\/TemplateToaster\" \/>\n<meta property=\"article:modified_time\" content=\"2019-08-13T11:32:35+00:00\" \/>\n<meta property=\"og:image\" content=\"https:\/\/templatetoaster.com\/wp-content\/uploads\/2018\/02\/youtube.png\" \/>\n<meta name=\"twitter:card\" content=\"summary_large_image\" \/>\n<meta name=\"twitter:site\" content=\"@templatetoaster\" \/>\n<meta name=\"twitter:label1\" content=\"Arvioitu lukuaika\" \/>\n\t<meta name=\"twitter:data1\" content=\"1 minuutti\" \/>\n<script type=\"application\/ld+json\" class=\"yoast-schema-graph\">{\"@context\":\"https:\/\/schema.org\",\"@graph\":[{\"@type\":\"WebPage\",\"@id\":\"https:\/\/templatetoaster.com\/fi\/wordpress\",\"url\":\"https:\/\/templatetoaster.com\/fi\/wordpress\",\"name\":\"Mit\u00e4n l\u00e4hett\u00e4\u00e4 ja konfiguroida WordPress teemoja - TemplateToaster\",\"isPartOf\":{\"@id\":\"https:\/\/templatetoaster.com\/#website\"},\"primaryImageOfPage\":{\"@id\":\"https:\/\/templatetoaster.com\/fi\/wordpress#primaryimage\"},\"image\":{\"@id\":\"https:\/\/templatetoaster.com\/fi\/wordpress#primaryimage\"},\"thumbnailUrl\":\"https:\/\/templatetoaster.com\/wp-content\/uploads\/2018\/02\/youtube.png\",\"datePublished\":\"2018-04-14T09:50:37+00:00\",\"dateModified\":\"2019-08-13T11:32:35+00:00\",\"description\":\"Ohjeita miten vied\u00e4, ladata ja asentaa TempleToasterissa luotuja teemoja.\",\"breadcrumb\":{\"@id\":\"https:\/\/templatetoaster.com\/fi\/wordpress#breadcrumb\"},\"inLanguage\":\"fi\",\"potentialAction\":[{\"@type\":\"ReadAction\",\"target\":[\"https:\/\/templatetoaster.com\/fi\/wordpress\"]}]},{\"@type\":\"ImageObject\",\"inLanguage\":\"fi\",\"@id\":\"https:\/\/templatetoaster.com\/fi\/wordpress#primaryimage\",\"url\":\"https:\/\/templatetoaster.com\/wp-content\/uploads\/2018\/02\/youtube.png\",\"contentUrl\":\"https:\/\/templatetoaster.com\/wp-content\/uploads\/2018\/02\/youtube.png\"},{\"@type\":\"BreadcrumbList\",\"@id\":\"https:\/\/templatetoaster.com\/fi\/wordpress#breadcrumb\",\"itemListElement\":[{\"@type\":\"ListItem\",\"position\":1,\"name\":\"Home\",\"item\":\"https:\/\/templatetoaster.com\/fi\"},{\"@type\":\"ListItem\",\"position\":2,\"name\":\"Mit\u00e4n l\u00e4hett\u00e4\u00e4 ja konfiguroida WordPress teemoja\"}]},{\"@type\":\"WebSite\",\"@id\":\"https:\/\/templatetoaster.com\/#website\",\"url\":\"https:\/\/templatetoaster.com\/\",\"name\":\"TemplateToaster\",\"description\":\"\",\"publisher\":{\"@id\":\"https:\/\/templatetoaster.com\/#organization\"},\"inLanguage\":\"fi\"},{\"@type\":\"Organization\",\"@id\":\"https:\/\/templatetoaster.com\/#organization\",\"name\":\"TemplateToaster\",\"url\":\"https:\/\/templatetoaster.com\/\",\"logo\":{\"@type\":\"ImageObject\",\"inLanguage\":\"fi\",\"@id\":\"https:\/\/templatetoaster.com\/#\/schema\/logo\/image\/\",\"url\":\"https:\/\/templatetoaster.com\/wp-content\/uploads\/2019\/11\/TemplateToaster_Logo.jpg\",\"contentUrl\":\"https:\/\/templatetoaster.com\/wp-content\/uploads\/2019\/11\/TemplateToaster_Logo.jpg\",\"width\":85,\"height\":85,\"caption\":\"TemplateToaster\"},\"image\":{\"@id\":\"https:\/\/templatetoaster.com\/#\/schema\/logo\/image\/\"},\"sameAs\":[\"https:\/\/www.facebook.com\/TemplateToaster\",\"https:\/\/x.com\/templatetoaster\",\"https:\/\/www.instagram.com\/templatetoaster\/\",\"https:\/\/www.linkedin.com\/company\/templatetoaster\/\",\"https:\/\/www.pinterest.com\/templatetoaster\/\",\"https:\/\/www.youtube.com\/@TemplateToaster\"]}]}<\/script>\n<!-- \/ Yoast SEO plugin. -->","yoast_head_json":{"title":"Mit\u00e4n l\u00e4hett\u00e4\u00e4 ja konfiguroida WordPress teemoja - TemplateToaster","description":"Ohjeita miten vied\u00e4, ladata ja asentaa TempleToasterissa luotuja teemoja.","robots":{"index":"index","follow":"follow","max-snippet":"max-snippet:-1","max-image-preview":"max-image-preview:large","max-video-preview":"max-video-preview:-1"},"canonical":"https:\/\/templatetoaster.com\/fi\/wordpress","og_locale":"fi_FI","og_type":"article","og_title":"Mit\u00e4n l\u00e4hett\u00e4\u00e4 ja konfiguroida WordPress teemoja - TemplateToaster","og_description":"Ohjeita miten vied\u00e4, ladata ja asentaa TempleToasterissa luotuja teemoja.","og_url":"https:\/\/templatetoaster.com\/fi\/wordpress","og_site_name":"TemplateToaster","article_publisher":"https:\/\/www.facebook.com\/TemplateToaster","article_modified_time":"2019-08-13T11:32:35+00:00","og_image":[{"url":"https:\/\/templatetoaster.com\/wp-content\/uploads\/2018\/02\/youtube.png"}],"twitter_card":"summary_large_image","twitter_site":"@templatetoaster","twitter_misc":{"Arvioitu lukuaika":"1 minuutti"},"schema":{"@context":"https:\/\/schema.org","@graph":[{"@type":"WebPage","@id":"https:\/\/templatetoaster.com\/fi\/wordpress","url":"https:\/\/templatetoaster.com\/fi\/wordpress","name":"Mit\u00e4n l\u00e4hett\u00e4\u00e4 ja konfiguroida WordPress teemoja - TemplateToaster","isPartOf":{"@id":"https:\/\/templatetoaster.com\/#website"},"primaryImageOfPage":{"@id":"https:\/\/templatetoaster.com\/fi\/wordpress#primaryimage"},"image":{"@id":"https:\/\/templatetoaster.com\/fi\/wordpress#primaryimage"},"thumbnailUrl":"https:\/\/templatetoaster.com\/wp-content\/uploads\/2018\/02\/youtube.png","datePublished":"2018-04-14T09:50:37+00:00","dateModified":"2019-08-13T11:32:35+00:00","description":"Ohjeita miten vied\u00e4, ladata ja asentaa TempleToasterissa luotuja teemoja.","breadcrumb":{"@id":"https:\/\/templatetoaster.com\/fi\/wordpress#breadcrumb"},"inLanguage":"fi","potentialAction":[{"@type":"ReadAction","target":["https:\/\/templatetoaster.com\/fi\/wordpress"]}]},{"@type":"ImageObject","inLanguage":"fi","@id":"https:\/\/templatetoaster.com\/fi\/wordpress#primaryimage","url":"https:\/\/templatetoaster.com\/wp-content\/uploads\/2018\/02\/youtube.png","contentUrl":"https:\/\/templatetoaster.com\/wp-content\/uploads\/2018\/02\/youtube.png"},{"@type":"BreadcrumbList","@id":"https:\/\/templatetoaster.com\/fi\/wordpress#breadcrumb","itemListElement":[{"@type":"ListItem","position":1,"name":"Home","item":"https:\/\/templatetoaster.com\/fi"},{"@type":"ListItem","position":2,"name":"Mit\u00e4n l\u00e4hett\u00e4\u00e4 ja konfiguroida WordPress teemoja"}]},{"@type":"WebSite","@id":"https:\/\/templatetoaster.com\/#website","url":"https:\/\/templatetoaster.com\/","name":"TemplateToaster","description":"","publisher":{"@id":"https:\/\/templatetoaster.com\/#organization"},"inLanguage":"fi"},{"@type":"Organization","@id":"https:\/\/templatetoaster.com\/#organization","name":"TemplateToaster","url":"https:\/\/templatetoaster.com\/","logo":{"@type":"ImageObject","inLanguage":"fi","@id":"https:\/\/templatetoaster.com\/#\/schema\/logo\/image\/","url":"https:\/\/templatetoaster.com\/wp-content\/uploads\/2019\/11\/TemplateToaster_Logo.jpg","contentUrl":"https:\/\/templatetoaster.com\/wp-content\/uploads\/2019\/11\/TemplateToaster_Logo.jpg","width":85,"height":85,"caption":"TemplateToaster"},"image":{"@id":"https:\/\/templatetoaster.com\/#\/schema\/logo\/image\/"},"sameAs":["https:\/\/www.facebook.com\/TemplateToaster","https:\/\/x.com\/templatetoaster","https:\/\/www.instagram.com\/templatetoaster\/","https:\/\/www.linkedin.com\/company\/templatetoaster\/","https:\/\/www.pinterest.com\/templatetoaster\/","https:\/\/www.youtube.com\/@TemplateToaster"]}]}},"_links":{"self":[{"href":"https:\/\/templatetoaster.com\/fi\/wp-json\/wp\/v2\/pages\/4522"}],"collection":[{"href":"https:\/\/templatetoaster.com\/fi\/wp-json\/wp\/v2\/pages"}],"about":[{"href":"https:\/\/templatetoaster.com\/fi\/wp-json\/wp\/v2\/types\/page"}],"author":[{"embeddable":true,"href":"https:\/\/templatetoaster.com\/fi\/wp-json\/wp\/v2\/users\/1"}],"replies":[{"embeddable":true,"href":"https:\/\/templatetoaster.com\/fi\/wp-json\/wp\/v2\/comments?post=4522"}],"version-history":[{"count":5,"href":"https:\/\/templatetoaster.com\/fi\/wp-json\/wp\/v2\/pages\/4522\/revisions"}],"predecessor-version":[{"id":64427,"href":"https:\/\/templatetoaster.com\/fi\/wp-json\/wp\/v2\/pages\/4522\/revisions\/64427"}],"wp:attachment":[{"href":"https:\/\/templatetoaster.com\/fi\/wp-json\/wp\/v2\/media?parent=4522"}],"curies":[{"name":"wp","href":"https:\/\/api.w.org\/{rel}","templated":true}]}}