{"id":4509,"date":"2018-04-14T09:43:35","date_gmt":"2018-04-14T09:43:35","guid":{"rendered":"http:\/\/templatetoaster.com?page_id=4509"},"modified":"2019-08-14T05:00:22","modified_gmt":"2019-08-14T05:00:22","slug":"magento","status":"publish","type":"page","link":"https:\/\/templatetoaster.com\/fi\/magento","title":{"rendered":"Miten asentaa TemplateToasterilla tehty Magento teema"},"content":{"rendered":"<div class=\"tt_documentation_instruction_row row\">\n<h1 class=\"heading_border\">Miten asentaa TemplateToasterilla tehty Magento teema<\/h1>\n<div class=\"demo_row1 even row\">\n<h2><span class=\"demo_video_cms\" style=\"background-position: 137px -62px;\"><\/span> Magento 1.9<\/h2>\n<div class=\"row\">\n<div class=\"col-md-6 col-sm-6 col-xs-12\">\n<div class=\"vedio_bg\">\n<div class=\"tt_video_modal\">\n<p><a href=\"https:\/\/youtu.be\/tmMFYqDKsrk\"><img decoding=\"async\" src=\"https:\/\/templatetoaster.com\/wp-content\/uploads\/2018\/02\/youtube.png\" \/><\/a><\/p>\n<div class=\"video-content\">\n<h3>Miten luoda Magento 1.9 Teema TemplateToasterilla<\/h3>\n<\/div>\n<\/div>\n<\/div>\n<\/div>\n<div class=\"col-md-6 col-sm-6 col-xs-12\">\n<div class=\"vedio_bg\">\n<div class=\"tt_video_modal\">\n<p><a href=\"https:\/\/youtu.be\/D6KBdP3kdjg\"><img decoding=\"async\" src=\"https:\/\/templatetoaster.com\/wp-content\/uploads\/2018\/02\/youtube.png\" \/><\/a><\/p>\n<div class=\"video-content\">\n<h3>Miten asentaa TemplateToasterilla luotu teema Magento 1.9<\/h3>\n<\/div>\n<\/div>\n<\/div>\n<\/div>\n<div class=\"clearfix visible-lg-block visible-md-block\"><\/div>\n<\/div>\n<\/div>\n<div class=\"demo_row1 even row\">\n<h2><span class=\"demo_video_cms\" style=\"background-position: 137px -62px;\"><\/span> Magento 2.0<\/h2>\n<div class=\"row\">\n<div class=\"col-md-6 col-sm-6 col-xs-12\">\n<div class=\"vedio_bg\">\n<div class=\"tt_video_modal\">\n<p><a href=\"https:\/\/youtu.be\/tmMFYqDKsrk\"><img decoding=\"async\" src=\"https:\/\/templatetoaster.com\/wp-content\/uploads\/2018\/02\/youtube.png\" \/><\/a><\/p>\n<div class=\"video-content\">\n<h3>Miten luoda Magento 2.0 Teema TemplateToasterilla<\/h3>\n<\/div>\n<\/div>\n<\/div>\n<\/div>\n<div class=\"col-md-6 col-sm-6 col-xs-12\">\n<div class=\"vedio_bg\">\n<div class=\"tt_video_modal\">\n<p><a href=\"https:\/\/youtu.be\/yz75jq66vn4\"><img decoding=\"async\" src=\"https:\/\/templatetoaster.com\/wp-content\/uploads\/2018\/02\/youtube.png\" \/><\/a><\/p>\n<div class=\"video-content\">\n<h3>Miten ladata TemplateToasterilla luotu teema Magento 2.0<\/h3>\n<\/div>\n<\/div>\n<\/div>\n<\/div>\n<div class=\"clearfix visible-lg-block visible-md-block\"><\/div>\n<\/div>\n<\/div>\n<div class=\"basic\">\n<div class=\"basic-step\">\n<h3 style=\"margin-bottom: 15px;\"><a href=\"#magento1.9\">Magento teema asennusohje Magento 1.9<\/a><\/h3>\n<h3 style=\"margin-bottom: 15px;\"><a href=\"#magento2\">Magento teema asennusohje Magento 2.0<\/a><\/h3>\n<p><a name=\"magento1.9\"><\/a><\/p>\n<div class=\"basic-step\">\n<h4 style=\"margin: 15px 0px 10px;\">1. Kopioi teema-tiedostot<\/h4>\n<ol class=\"lower-alpha\">\n<li>XAMPP, WAMPP jne. (Jos haluat asentaa Magento teeman paikallisesti)<\/li>\n<li>Vie teema .zip-tiedostona.<\/li>\n<li>Pura zip-tiedosto Magento p\u00e4\u00e4kansioon.<\/li>\n<li>Hosting palvelimelle (Jos haluat asentaa Magento teeman palvelimelle)<\/li>\n<li>Vie teema kansiona.<\/li>\n<li>Lataa sis\u00e4lt\u00f6 Magenton p\u00e4\u00e4kansioon . Tutustu alla olevaan kuvankaappaukseen.<\/li>\n<\/ol>\n<\/div>\n<\/div>\n<div class=\"basic\">\n<div class=\"basic-step\">\n<h4>2. Seuraavaksi:<\/h4>\n<ol class=\"lower-alpha\">\n<li>Avaa Magento hallinto-paneeli ja mene j\u00e4rjestelm\u00e4 &gt; suunnitteluosa.<\/li>\n<li>ko. n\u00e4yt\u00f6ss\u00e4 valitse Lis\u00e4\u00e4 uusi teema(tai vaihda nappi)\u00a0 oikeassa yl\u00e4kulmassa.<\/li>\n<li>Valitse mukautettu uusi asentamasi teema<\/li>\n<li>Napsauta Tallenna muutokset-painiketta<\/li>\n<li>Luo luokan alaryhm\u00e4 teeman-oletusluokalle. T\u00e4m\u00e4n on oltava toimittomana piilottaaksesi sen p\u00e4\u00e4valikosta. T\u00e4m\u00e4 luokka on &#8221;kotisivun tuotteet&#8221;. Muista t\u00e4m\u00e4n luokan tunnus. Katso kuva alla.<\/li>\n<li>Kun luokka luodaan,\u00a0 on hyv\u00e4 lis\u00e4t\u00e4 tuotteita siihen.<\/li>\n<\/ol>\n<p><img decoding=\"async\" class=\"img-responsive center-block\" src=\"https:\/\/templatetoaster.com\/wp-content\/uploads\/2012\/03\/images\/pf\/1.jpg\" alt=\"\" \/><\/p>\n<p>&nbsp;<\/p>\n<p><img decoding=\"async\" class=\"img-responsive center-block\" src=\"https:\/\/templatetoaster.com\/wp-content\/uploads\/2012\/03\/images\/pf\/3.jpg\" alt=\"\" \/><\/p>\n<\/div>\n<\/div>\n<div class=\"basic\">\n<div class=\"basic-step\">\n<h3>Muokkaa kotisivua<\/h3>\n<p>Siirry CMS -&gt; Sivut ja Muokkaa\/lis\u00e4\u00e4 kotisivulle. Mene sis\u00e4lt\u00f6\u00f6n ja lis\u00e4\u00e4<\/p>\n<pre>{{block type=\"catalog\/product_list\" category_id =\"HomeProductsCategoryID\" malli =\"Catalog\/Product\/List.phtml\"}}<\/pre>\n<p>\u00c4l\u00e4 unohda korvata \u201cHomeProductsCategoryID\u201d tunnussta yhdell\u00e4 kategorian omalla.<\/p>\n<\/div>\n<\/div>\n<div class=\"basic\">\n<div class=\"basic-step\">\n<h3 style=\"margin-bottom: 15px;\">Lis\u00e4\u00e4\/Luo staattinen lohko (Valinnainen)<\/h3>\n<ol class=\"decimal\">\n<li>Kirjaudu Magenton hallintaan admin-tunnuksilla<\/li>\n<li>Siirry CMS &gt; staattiset lohkot<\/li>\n<li>Valitse Lis\u00e4\u00e4 uusi lohko oikeassa yl\u00e4kulmassa<\/li>\n<li>Anna lohkollesi lohkon otsikko<\/li>\n<li>Anna lohkolle tunniste mit\u00e4 k\u00e4ytet\u00e4\u00e4n lohkon kutsumiseen. Varmista, ett\u00e4 tunnus on kaikki pienill\u00e4 kirjaimilla ja sanat erotetaan alaviivovoilla\u00a0kuten Magento nimikkeist\u00f6ss\u00e4 eli. your_block_id<\/li>\n<li>Valitse mihin sis\u00e4lt\u00f6\u00f6n lohko kuuluu. J\u00e4t\u00e4 kaikki Store n\u00e4kymin\u00e4, ellei sinulla ole hyv\u00e4 syy olla asettaa tilaksi k\u00e4yt\u00f6ss\u00e4<\/li>\n<li>Kirjoita HTML-sis\u00e4lt\u00f6-kent\u00e4ss\u00e4.<\/li>\n<li>Valitse Tallenna lohko tai Tallenna ja Muokkaa Tallenna asetukset.<\/li>\n<\/ol>\n<\/div>\n<\/div>\n<div class=\"basic\">\n<div class=\"basic-step\">\n<h3 style=\"margin-bottom: 15px;\">Lis\u00e4t\u00e4 XML (Valinnainen)<\/h3>\n<pre>  \r\n&lt;viitteen nimi =\"BlockReferenceName\"&gt;\r\n   &lt;est\u00e4\u00e4 tyyppi =\"CMS\/lohko\" Nimi\"your_block_id\" aiemmin =\"_\"&gt;\r\n\t&lt;toiminnon menetelm\u00e4 =\"setBlockId\"&gt;\r\n\t   &lt;block_id&gt;your_block_id &lt;\/block_id&gt;\r\n\t&lt;\/toiminta&gt;\r\n  &lt;\/lohko&gt;\r\n&lt;viittaus&gt;\r\n<\/pre>\n<\/div>\n<\/div>\n<div class=\"basic\">\n<div class=\"basic-step\">\n<ol class=\"decimal\">\n<li>Avata cms.xml app &gt; design &gt; frontend &gt; oletus &gt; your_theme &gt; asettelukansiota.<\/li>\n<li>UnComment edell\u00e4 koodi. \u201cBlockReferenceName\u201d on alueen, jossa staattinen lohko on sijoitettava nimi.<\/li>\n<li>T\u00e4m\u00e4 koodi asettaa block &#8221;your_block_id&#8221; jonka loit edell\u00e4 luokkasivujen sis\u00e4ll\u00f6n admin (Huomaa, aiemmin = &#8221;-&#8221; m\u00e4\u00e4rite, joka varmistaa lohko saa n\u00e4kyviin ennen muun sis\u00e4ll\u00f6n).<\/li>\n<li>Lis\u00e4\u00e4 lis\u00e4\u00e4 lohko edell\u00e4 koodi ja M\u00e4\u00e4rit\u00e4 sopiva \u201cBlockReferenceName\u201d ja \u201cyour_block_id\u201d.<\/li>\n<\/ol>\n<\/div>\n<\/div>\n<p><a name=\"magento2\"><\/a><\/p>\n<div class=\"basic\">\n<div class=\"basic-step\">\n<h3 style=\"margin-bottom: 15px;\">Magento teema asennusohje Magento 2.0<\/h3>\n<ol>\n<li>Oltuaan tehd\u00e4\u00e4n suunnittelussa Magento 2 teema, vied\u00e4 teeman kansio:Klikkaa Magento Icon Top oikealla TemplateToaster(viittaavat Magento1.png) tai mene File -&gt; Export.<\/li>\n<li>A \u2019Vie Magento Theme\u2019 nimelt\u00e4\u00e4n popup aukeaa(viittaavat Magento1.png) -&gt; Selaa polku s\u00e4\u00e4st\u00e4\u00e4 vietyjen kansio -&gt; Valitse 2.x -&gt; klikkaa Tallenna-painiketta popup<\/li>\n<li>Teeman kansio vied\u00e4\u00e4n valittuun polku.<\/li>\n<li>Etsi ja avaa Vied\u00e4\u00e4n Magento teema kansio -&gt; Kopioi \u2019-sovellus\u2019 kansio teeman kansio(viittaavat Magento2.png)<\/li>\n<li>Mene Magento 2 asennuskansio j\u00e4rjestelm\u00e4ss\u00e4 -&gt; Liit\u00e4 kopioitu sovellustoimintaan\u2019 kansion se(viittaavat Magento3.png).<\/li>\n<li>Nyt, Siirry Magento 2 Dashboard -&gt; Admin -&gt; Store -&gt; Kokoonpano(viittaavat Magento4.png).<\/li>\n<li>Configuration -&gt; Siirry General -&gt; Suunnittelu -&gt; teema -&gt; Valitse teema on oletusasetuksena osoitteesta \u2019teema\u2019 pudota alas(viittaavat Magento5.png) -&gt; Klikkaa \u2019Save Config\u2019 nappia(viittaavat Magento6.png).<\/li>\n<li>\u2019tallensit kokoonpanon\u2019 viesti tulee n\u00e4kyviin, Nyt teema on asetettu oletukseksi(viittaavat Magento7.png).<\/li>\n<\/ol>\n<p><a href=\"https:\/\/templatetoaster.com\/wp-content\/uploads\/2013\/05\/step1.jpg\"><img loading=\"lazy\" decoding=\"async\" class=\"aligncenter size-medium wp-image-3066\" src=\"https:\/\/templatetoaster.com\/wp-content\/uploads\/2013\/05\/step1.jpg\" alt=\"Lataa ja asenna manegento 2 mallin vaihe 1\" width=\"823\" height=\"523\" \/><\/a><\/p>\n<p><a href=\"https:\/\/templatetoaster.com\/wp-content\/uploads\/2013\/05\/step2.jpg\"><img loading=\"lazy\" decoding=\"async\" class=\"aligncenter size-full wp-image-3067\" src=\"https:\/\/templatetoaster.com\/wp-content\/uploads\/2013\/05\/step2.jpg\" alt=\"Lataa ja asenna manegento 2 mallin vaihe 2\" width=\"823\" height=\"523\" srcset=\"https:\/\/templatetoaster.com\/wp-content\/uploads\/2013\/05\/step2.jpg 823w, https:\/\/templatetoaster.com\/wp-content\/uploads\/2013\/05\/step2-600x381.jpg 600w, https:\/\/templatetoaster.com\/wp-content\/uploads\/2013\/05\/step2-300x191.jpg 300w\" sizes=\"(max-width: 823px) 100vw, 823px\" \/><\/a><\/p>\n<p><a href=\"https:\/\/templatetoaster.com\/wp-content\/uploads\/2013\/05\/step3.jpg\"><img loading=\"lazy\" decoding=\"async\" class=\"aligncenter size-full wp-image-3068\" src=\"https:\/\/templatetoaster.com\/wp-content\/uploads\/2013\/05\/step3.jpg\" alt=\"Lataa ja asenna manegento 2 mallin vaihe 3\" width=\"823\" height=\"348\" srcset=\"https:\/\/templatetoaster.com\/wp-content\/uploads\/2013\/05\/step3.jpg 823w, https:\/\/templatetoaster.com\/wp-content\/uploads\/2013\/05\/step3-600x254.jpg 600w, https:\/\/templatetoaster.com\/wp-content\/uploads\/2013\/05\/step3-300x127.jpg 300w\" sizes=\"(max-width: 823px) 100vw, 823px\" \/><\/a><\/p>\n<p><a href=\"https:\/\/templatetoaster.com\/wp-content\/uploads\/2013\/05\/step4.jpg\"><img loading=\"lazy\" decoding=\"async\" class=\"aligncenter size-full wp-image-3069\" src=\"https:\/\/templatetoaster.com\/wp-content\/uploads\/2013\/05\/step4.jpg\" alt=\"Lataa ja asenna manegento 2 mallin vaihe 4\" width=\"823\" height=\"368\" srcset=\"https:\/\/templatetoaster.com\/wp-content\/uploads\/2013\/05\/step4.jpg 823w, https:\/\/templatetoaster.com\/wp-content\/uploads\/2013\/05\/step4-600x268.jpg 600w, https:\/\/templatetoaster.com\/wp-content\/uploads\/2013\/05\/step4-300x134.jpg 300w\" sizes=\"(max-width: 823px) 100vw, 823px\" \/><\/a><\/p>\n<p><a href=\"https:\/\/templatetoaster.com\/wp-content\/uploads\/2013\/05\/step5.jpg\"><img loading=\"lazy\" decoding=\"async\" class=\"aligncenter size-full wp-image-3070\" src=\"https:\/\/templatetoaster.com\/wp-content\/uploads\/2013\/05\/step5.jpg\" alt=\"Lataa ja asenna manegento 2 mallin vaihe 5\" width=\"823\" height=\"625\" srcset=\"https:\/\/templatetoaster.com\/wp-content\/uploads\/2013\/05\/step5.jpg 823w, https:\/\/templatetoaster.com\/wp-content\/uploads\/2013\/05\/step5-600x456.jpg 600w, https:\/\/templatetoaster.com\/wp-content\/uploads\/2013\/05\/step5-300x228.jpg 300w\" sizes=\"(max-width: 823px) 100vw, 823px\" \/><\/a><\/p>\n<p><a href=\"https:\/\/templatetoaster.com\/wp-content\/uploads\/2013\/05\/step6.jpg\"><img loading=\"lazy\" decoding=\"async\" class=\"aligncenter size-full wp-image-3071\" src=\"https:\/\/templatetoaster.com\/wp-content\/uploads\/2013\/05\/step6.jpg\" alt=\"Lataa ja asenna manegento 2 mallin vaihe 6\" width=\"823\" height=\"444\" srcset=\"https:\/\/templatetoaster.com\/wp-content\/uploads\/2013\/05\/step6.jpg 823w, https:\/\/templatetoaster.com\/wp-content\/uploads\/2013\/05\/step6-600x324.jpg 600w, https:\/\/templatetoaster.com\/wp-content\/uploads\/2013\/05\/step6-300x162.jpg 300w\" sizes=\"(max-width: 823px) 100vw, 823px\" \/><\/a><\/p>\n<p><a href=\"https:\/\/templatetoaster.com\/wp-content\/uploads\/2013\/05\/step7.jpg\"><img loading=\"lazy\" decoding=\"async\" class=\"aligncenter size-full wp-image-3072\" src=\"https:\/\/templatetoaster.com\/wp-content\/uploads\/2013\/05\/step7.jpg\" alt=\"Lataa ja asenna manegento 2 mallin vaihe 7\" width=\"823\" height=\"517\" srcset=\"https:\/\/templatetoaster.com\/wp-content\/uploads\/2013\/05\/step7.jpg 823w, https:\/\/templatetoaster.com\/wp-content\/uploads\/2013\/05\/step7-600x377.jpg 600w, https:\/\/templatetoaster.com\/wp-content\/uploads\/2013\/05\/step7-300x188.jpg 300w\" sizes=\"(max-width: 823px) 100vw, 823px\" \/><\/a><\/p>\n<\/div>\n<\/div>\n<\/div>\n<\/div>\n","protected":false},"excerpt":{"rendered":"<p>Miten asentaa TemplateToasterilla tehty Magento teema Magento 1.9 Miten luoda Magento 1.9 Teema TemplateToasterilla Miten asentaa TemplateToasterilla luotu teema Magento 1.9 Magento 2.0 Miten luoda Magento 2.0 Teema TemplateToasterilla Miten ladata TemplateToasterilla luotu teema Magento 2.0 Magento teema asennusohje Magento &hellip; <a href=\"https:\/\/templatetoaster.com\/fi\/magento\">Continue Reading<span class=\"meta-nav\">&rarr;<\/span><\/a><\/p>\n","protected":false},"author":1,"featured_media":0,"parent":0,"menu_order":0,"comment_status":"closed","ping_status":"closed","template":"PageTemplate1.php","meta":{"footnotes":""},"yoast_head":"<!-- This site is optimized with the Yoast SEO plugin v23.5 - https:\/\/yoast.com\/wordpress\/plugins\/seo\/ -->\n<title>Miten asentaa TemplateToasterilla tehty Magento teema - TemplateToaster<\/title>\n<meta name=\"description\" content=\"Miten asentaa siirt\u00e4\u00e4 ja asentaa TemplateToasterilla tehty Magento teema Magento sivustolle.\" \/>\n<meta name=\"robots\" content=\"index, follow, max-snippet:-1, max-image-preview:large, max-video-preview:-1\" \/>\n<link rel=\"canonical\" href=\"https:\/\/templatetoaster.com\/fi\/magento\" \/>\n<meta property=\"og:locale\" content=\"fi_FI\" \/>\n<meta property=\"og:type\" content=\"article\" \/>\n<meta property=\"og:title\" content=\"Miten asentaa TemplateToasterilla tehty Magento teema - TemplateToaster\" \/>\n<meta property=\"og:description\" content=\"Miten asentaa siirt\u00e4\u00e4 ja asentaa TemplateToasterilla tehty Magento teema Magento sivustolle.\" \/>\n<meta property=\"og:url\" content=\"https:\/\/templatetoaster.com\/fi\/magento\" \/>\n<meta property=\"og:site_name\" content=\"TemplateToaster\" \/>\n<meta property=\"article:publisher\" content=\"https:\/\/www.facebook.com\/TemplateToaster\" \/>\n<meta property=\"article:modified_time\" content=\"2019-08-14T05:00:22+00:00\" \/>\n<meta property=\"og:image\" content=\"https:\/\/templatetoaster.com\/wp-content\/uploads\/2018\/02\/youtube.png\" \/>\n<meta name=\"twitter:card\" content=\"summary_large_image\" \/>\n<meta name=\"twitter:site\" content=\"@templatetoaster\" \/>\n<meta name=\"twitter:label1\" content=\"Arvioitu lukuaika\" \/>\n\t<meta name=\"twitter:data1\" content=\"3 minuuttia\" \/>\n<script type=\"application\/ld+json\" class=\"yoast-schema-graph\">{\"@context\":\"https:\/\/schema.org\",\"@graph\":[{\"@type\":\"WebPage\",\"@id\":\"https:\/\/templatetoaster.com\/fi\/magento\",\"url\":\"https:\/\/templatetoaster.com\/fi\/magento\",\"name\":\"Miten asentaa TemplateToasterilla tehty Magento teema - TemplateToaster\",\"isPartOf\":{\"@id\":\"https:\/\/templatetoaster.com\/#website\"},\"primaryImageOfPage\":{\"@id\":\"https:\/\/templatetoaster.com\/fi\/magento#primaryimage\"},\"image\":{\"@id\":\"https:\/\/templatetoaster.com\/fi\/magento#primaryimage\"},\"thumbnailUrl\":\"https:\/\/templatetoaster.com\/wp-content\/uploads\/2018\/02\/youtube.png\",\"datePublished\":\"2018-04-14T09:43:35+00:00\",\"dateModified\":\"2019-08-14T05:00:22+00:00\",\"description\":\"Miten asentaa siirt\u00e4\u00e4 ja asentaa TemplateToasterilla tehty Magento teema Magento sivustolle.\",\"breadcrumb\":{\"@id\":\"https:\/\/templatetoaster.com\/fi\/magento#breadcrumb\"},\"inLanguage\":\"fi\",\"potentialAction\":[{\"@type\":\"ReadAction\",\"target\":[\"https:\/\/templatetoaster.com\/fi\/magento\"]}]},{\"@type\":\"ImageObject\",\"inLanguage\":\"fi\",\"@id\":\"https:\/\/templatetoaster.com\/fi\/magento#primaryimage\",\"url\":\"https:\/\/templatetoaster.com\/wp-content\/uploads\/2018\/02\/youtube.png\",\"contentUrl\":\"https:\/\/templatetoaster.com\/wp-content\/uploads\/2018\/02\/youtube.png\"},{\"@type\":\"BreadcrumbList\",\"@id\":\"https:\/\/templatetoaster.com\/fi\/magento#breadcrumb\",\"itemListElement\":[{\"@type\":\"ListItem\",\"position\":1,\"name\":\"Home\",\"item\":\"https:\/\/templatetoaster.com\/fi\"},{\"@type\":\"ListItem\",\"position\":2,\"name\":\"Miten asentaa TemplateToasterilla tehty Magento teema\"}]},{\"@type\":\"WebSite\",\"@id\":\"https:\/\/templatetoaster.com\/#website\",\"url\":\"https:\/\/templatetoaster.com\/\",\"name\":\"TemplateToaster\",\"description\":\"\",\"publisher\":{\"@id\":\"https:\/\/templatetoaster.com\/#organization\"},\"inLanguage\":\"fi\"},{\"@type\":\"Organization\",\"@id\":\"https:\/\/templatetoaster.com\/#organization\",\"name\":\"TemplateToaster\",\"url\":\"https:\/\/templatetoaster.com\/\",\"logo\":{\"@type\":\"ImageObject\",\"inLanguage\":\"fi\",\"@id\":\"https:\/\/templatetoaster.com\/#\/schema\/logo\/image\/\",\"url\":\"https:\/\/templatetoaster.com\/wp-content\/uploads\/2019\/11\/TemplateToaster_Logo.jpg\",\"contentUrl\":\"https:\/\/templatetoaster.com\/wp-content\/uploads\/2019\/11\/TemplateToaster_Logo.jpg\",\"width\":85,\"height\":85,\"caption\":\"TemplateToaster\"},\"image\":{\"@id\":\"https:\/\/templatetoaster.com\/#\/schema\/logo\/image\/\"},\"sameAs\":[\"https:\/\/www.facebook.com\/TemplateToaster\",\"https:\/\/x.com\/templatetoaster\",\"https:\/\/www.instagram.com\/templatetoaster\/\",\"https:\/\/www.linkedin.com\/company\/templatetoaster\/\",\"https:\/\/www.pinterest.com\/templatetoaster\/\",\"https:\/\/www.youtube.com\/@TemplateToaster\"]}]}<\/script>\n<!-- \/ Yoast SEO plugin. -->","yoast_head_json":{"title":"Miten asentaa TemplateToasterilla tehty Magento teema - TemplateToaster","description":"Miten asentaa siirt\u00e4\u00e4 ja asentaa TemplateToasterilla tehty Magento teema Magento sivustolle.","robots":{"index":"index","follow":"follow","max-snippet":"max-snippet:-1","max-image-preview":"max-image-preview:large","max-video-preview":"max-video-preview:-1"},"canonical":"https:\/\/templatetoaster.com\/fi\/magento","og_locale":"fi_FI","og_type":"article","og_title":"Miten asentaa TemplateToasterilla tehty Magento teema - TemplateToaster","og_description":"Miten asentaa siirt\u00e4\u00e4 ja asentaa TemplateToasterilla tehty Magento teema Magento sivustolle.","og_url":"https:\/\/templatetoaster.com\/fi\/magento","og_site_name":"TemplateToaster","article_publisher":"https:\/\/www.facebook.com\/TemplateToaster","article_modified_time":"2019-08-14T05:00:22+00:00","og_image":[{"url":"https:\/\/templatetoaster.com\/wp-content\/uploads\/2018\/02\/youtube.png"}],"twitter_card":"summary_large_image","twitter_site":"@templatetoaster","twitter_misc":{"Arvioitu lukuaika":"3 minuuttia"},"schema":{"@context":"https:\/\/schema.org","@graph":[{"@type":"WebPage","@id":"https:\/\/templatetoaster.com\/fi\/magento","url":"https:\/\/templatetoaster.com\/fi\/magento","name":"Miten asentaa TemplateToasterilla tehty Magento teema - TemplateToaster","isPartOf":{"@id":"https:\/\/templatetoaster.com\/#website"},"primaryImageOfPage":{"@id":"https:\/\/templatetoaster.com\/fi\/magento#primaryimage"},"image":{"@id":"https:\/\/templatetoaster.com\/fi\/magento#primaryimage"},"thumbnailUrl":"https:\/\/templatetoaster.com\/wp-content\/uploads\/2018\/02\/youtube.png","datePublished":"2018-04-14T09:43:35+00:00","dateModified":"2019-08-14T05:00:22+00:00","description":"Miten asentaa siirt\u00e4\u00e4 ja asentaa TemplateToasterilla tehty Magento teema Magento sivustolle.","breadcrumb":{"@id":"https:\/\/templatetoaster.com\/fi\/magento#breadcrumb"},"inLanguage":"fi","potentialAction":[{"@type":"ReadAction","target":["https:\/\/templatetoaster.com\/fi\/magento"]}]},{"@type":"ImageObject","inLanguage":"fi","@id":"https:\/\/templatetoaster.com\/fi\/magento#primaryimage","url":"https:\/\/templatetoaster.com\/wp-content\/uploads\/2018\/02\/youtube.png","contentUrl":"https:\/\/templatetoaster.com\/wp-content\/uploads\/2018\/02\/youtube.png"},{"@type":"BreadcrumbList","@id":"https:\/\/templatetoaster.com\/fi\/magento#breadcrumb","itemListElement":[{"@type":"ListItem","position":1,"name":"Home","item":"https:\/\/templatetoaster.com\/fi"},{"@type":"ListItem","position":2,"name":"Miten asentaa TemplateToasterilla tehty Magento teema"}]},{"@type":"WebSite","@id":"https:\/\/templatetoaster.com\/#website","url":"https:\/\/templatetoaster.com\/","name":"TemplateToaster","description":"","publisher":{"@id":"https:\/\/templatetoaster.com\/#organization"},"inLanguage":"fi"},{"@type":"Organization","@id":"https:\/\/templatetoaster.com\/#organization","name":"TemplateToaster","url":"https:\/\/templatetoaster.com\/","logo":{"@type":"ImageObject","inLanguage":"fi","@id":"https:\/\/templatetoaster.com\/#\/schema\/logo\/image\/","url":"https:\/\/templatetoaster.com\/wp-content\/uploads\/2019\/11\/TemplateToaster_Logo.jpg","contentUrl":"https:\/\/templatetoaster.com\/wp-content\/uploads\/2019\/11\/TemplateToaster_Logo.jpg","width":85,"height":85,"caption":"TemplateToaster"},"image":{"@id":"https:\/\/templatetoaster.com\/#\/schema\/logo\/image\/"},"sameAs":["https:\/\/www.facebook.com\/TemplateToaster","https:\/\/x.com\/templatetoaster","https:\/\/www.instagram.com\/templatetoaster\/","https:\/\/www.linkedin.com\/company\/templatetoaster\/","https:\/\/www.pinterest.com\/templatetoaster\/","https:\/\/www.youtube.com\/@TemplateToaster"]}]}},"_links":{"self":[{"href":"https:\/\/templatetoaster.com\/fi\/wp-json\/wp\/v2\/pages\/4509"}],"collection":[{"href":"https:\/\/templatetoaster.com\/fi\/wp-json\/wp\/v2\/pages"}],"about":[{"href":"https:\/\/templatetoaster.com\/fi\/wp-json\/wp\/v2\/types\/page"}],"author":[{"embeddable":true,"href":"https:\/\/templatetoaster.com\/fi\/wp-json\/wp\/v2\/users\/1"}],"replies":[{"embeddable":true,"href":"https:\/\/templatetoaster.com\/fi\/wp-json\/wp\/v2\/comments?post=4509"}],"version-history":[{"count":5,"href":"https:\/\/templatetoaster.com\/fi\/wp-json\/wp\/v2\/pages\/4509\/revisions"}],"predecessor-version":[{"id":64484,"href":"https:\/\/templatetoaster.com\/fi\/wp-json\/wp\/v2\/pages\/4509\/revisions\/64484"}],"wp:attachment":[{"href":"https:\/\/templatetoaster.com\/fi\/wp-json\/wp\/v2\/media?parent=4509"}],"curies":[{"name":"wp","href":"https:\/\/api.w.org\/{rel}","templated":true}]}}