{"id":4507,"date":"2018-04-14T08:05:08","date_gmt":"2018-04-14T08:05:08","guid":{"rendered":"http:\/\/templatetoaster.com?page_id=4507"},"modified":"2019-08-13T11:48:36","modified_gmt":"2019-08-13T11:48:36","slug":"joomla","status":"publish","type":"page","link":"https:\/\/templatetoaster.com\/fi\/joomla","title":{"rendered":"Miten l\u00e4hett\u00e4\u00e4 ja konfiguroida Jooma malleja"},"content":{"rendered":"<div class=\"tt_documentation_instruction_row row\">\n<h1 class=\"heading_border\">Miten l\u00e4hett\u00e4\u00e4 asentaa ja konfiguroida Joomla malleja<\/h1>\n<p>&nbsp;<\/p>\n<div class=\"demo_row1 even row\" style=\"padding-top: 15px;\">\n<div class=\"row\">\n<div class=\"col-md-6 col-sm-6 col-xs-12\">\n<div class=\"vedio_bg\">\n<div class=\"tt_video_modal\">\n<p><a href=\"https:\/\/youtu.be\/SAdktPTGCqU\"><img decoding=\"async\" src=\"https:\/\/templatetoaster.com\/wp-content\/uploads\/2018\/02\/youtube.png\" \/><\/a><\/p>\n<div class=\"video-content\">\n<h3>Miten luoda Joomla teemoja TemplateToasterilla<\/h3>\n<\/div>\n<\/div>\n<\/div>\n<\/div>\n<div class=\"col-md-6 col-sm-6 col-xs-12\">\n<div class=\"vedio_bg\">\n<div class=\"tt_video_modal\">\n<p><a href=\"https:\/\/youtu.be\/o3_csR3JFME\"><img decoding=\"async\" src=\"https:\/\/templatetoaster.com\/wp-content\/uploads\/2018\/02\/youtube.png\" \/><\/a><\/p>\n<div class=\"video-content\">\n<h3>Miten l\u00e4hett\u00e4\u00e4 TemplateToasterilla luotu teema Joomlaan<\/h3>\n<\/div>\n<\/div>\n<\/div>\n<\/div>\n<div class=\"clearfix visible-lg-block visible-md-block\"><\/div>\n<\/div>\n<\/div>\n<h4 class=\"joomla\">Joomla sivupohjien teko ja vieminen<\/h4>\n<p class=\"wordpress\">K\u00e4ynnist\u00e4 TemplateToaster ja valitse Joomla Yleisist\u00e4 asetuksista (Voit my\u00f6s valita se aloitussivulta). Aloita Joomla sivupohjan suunnittelu tyhj\u00e4st\u00e4 tai valitse ennalta suunniteltu, vie se tietokoneeltasi tiedosto &gt;&gt; vie &gt;&gt; Joomla sivupohja.<\/p>\n<h4 class=\"joomla\">Joomla sivupohjien l\u00e4hett\u00e4minen ja asentaminen<\/h4>\n<p class=\"wordpress\">Kirjaudu sis\u00e4\u00e4n Joomlaan &gt;&gt; Laajennukset &gt;&gt; Asenna tai poista &gt;&gt; selaa tietokoneeltasi tehty sivupohja&gt;&gt; l\u00e4het\u00e4 se ja voit asettaa sen oletuspohjeksesi Laajennukset &gt;&gt; mallit.<\/p>\n<h4 class=\"joomla\">Moduulien m\u00e4\u00e4ritt\u00e4minen<\/h4>\n<p class=\"wordpress\">Aseta halutut moduulit paikoilleen uudessa pohjassa menem\u00e4ll\u00e4 Laajennukset &gt;&gt; Moduuli hallinta Joomla sivulta ja lis\u00e4t\u00e4 sis\u00e4lt\u00f6\/sivut artikkelihallinnasta. Kun laitat moduulia paikalleen, varmista ett\u00e4 olet valinnut halutun sivun jossa haluat n\u00e4ytt\u00e4\u00e4 kyseisen mallin.<\/p>\n<h4 class=\"joomla\">M\u00e4\u00e4rittele horisontaalinen Menu<\/h4>\n<p class=\"wordpress\">Mene valikot &gt;&gt; p\u00e4\u00e4valikko tai luo uusi valikko, Lis\u00e4\u00e4 uusi esine ja liit\u00e4\u00e4 haluamasi artikkeli, sijoittaa moduuli menu laajennukset &gt;&gt; moduuli manager. Kun lis\u00e4\u00e4t valikkoa varmista, ett\u00e4 valitset haluamasi sivut jossa haluat n\u00e4ytt\u00e4\u00e4 valikon.<\/p>\n<h4 class=\"joomla\">Sivupalking menun m\u00e4\u00e4rittely<\/h4>\n<p class=\"wordpress\">Mene valikot &gt;&gt; p\u00e4\u00e4valikko tai luo uusi valikko, Lis\u00e4\u00e4 uusi valikko ja liitt\u00e4\u00e4 haluamasi artikkeli, Aseta valikosta moduuli &#8221;vasen&#8221; tai &#8221;oikea&#8221; asentoon laajennukset &gt;&gt; moduuli hallinta. Kun lis\u00e4\u00e4t valikkoa varmista, ett\u00e4 valitset haluamasi sivut jossa haluat n\u00e4ytt\u00e4\u00e4 valikon.<\/p>\n<h4 class=\"joomla\">Alaviite linkit<\/h4>\n<p class=\"wordpress\">Siirry Extensions &gt;&gt; moduulin hallinta&gt;&gt; Valitse uusi yl\u00e4oikealta &gt;&gt; Valitse Custom HTML &gt;&gt; Valitse uusi yl\u00e4oikealla &gt;&gt; seuraavalla sivulla Valitse &#8221;alaviite&#8221; tiputusvalikosta &gt;&gt; Lis\u00e4\u00e4 haluamasi sis\u00e4lt\u00f6 ja linkkej\u00e4 k\u00e4ytt\u00e4m\u00e4ll\u00e4 editoria pohjalla &gt;&gt; Tallenna oikeasta yl\u00e4kulmasta.<\/p>\n<\/div>\n","protected":false},"excerpt":{"rendered":"<p>Miten l\u00e4hett\u00e4\u00e4 asentaa ja konfiguroida Joomla malleja &nbsp; Miten luoda Joomla teemoja TemplateToasterilla Miten l\u00e4hett\u00e4\u00e4 TemplateToasterilla luotu teema Joomlaan Joomla sivupohjien teko ja vieminen K\u00e4ynnist\u00e4 TemplateToaster ja valitse Joomla Yleisist\u00e4 asetuksista (Voit my\u00f6s valita se aloitussivulta). Aloita Joomla sivupohjan suunnittelu &hellip; <a href=\"https:\/\/templatetoaster.com\/fi\/joomla\">Continue Reading<span class=\"meta-nav\">&rarr;<\/span><\/a><\/p>\n","protected":false},"author":1,"featured_media":0,"parent":0,"menu_order":0,"comment_status":"closed","ping_status":"closed","template":"PageTemplate1.php","meta":{"footnotes":""},"yoast_head":"<!-- This site is optimized with the Yoast SEO plugin v23.5 - https:\/\/yoast.com\/wordpress\/plugins\/seo\/ -->\n<title>Miten l\u00e4hett\u00e4\u00e4 ja konfiguroida Jooma malleja - TemplateToaster<\/title>\n<meta name=\"description\" content=\"Muutama helppo ohje kuinka l\u00e4hett\u00e4\u00e4 ja asentaa TempleToasterilla luotuja Joomla malleja nettisivullesi.\" \/>\n<meta name=\"robots\" content=\"index, follow, max-snippet:-1, max-image-preview:large, max-video-preview:-1\" \/>\n<link rel=\"canonical\" href=\"https:\/\/templatetoaster.com\/fi\/joomla\" \/>\n<meta property=\"og:locale\" content=\"fi_FI\" \/>\n<meta property=\"og:type\" content=\"article\" \/>\n<meta property=\"og:title\" content=\"Miten l\u00e4hett\u00e4\u00e4 ja konfiguroida Jooma malleja - TemplateToaster\" \/>\n<meta property=\"og:description\" content=\"Muutama helppo ohje kuinka l\u00e4hett\u00e4\u00e4 ja asentaa TempleToasterilla luotuja Joomla malleja nettisivullesi.\" \/>\n<meta property=\"og:url\" content=\"https:\/\/templatetoaster.com\/fi\/joomla\" \/>\n<meta property=\"og:site_name\" content=\"TemplateToaster\" \/>\n<meta property=\"article:publisher\" content=\"https:\/\/www.facebook.com\/TemplateToaster\" \/>\n<meta property=\"article:modified_time\" content=\"2019-08-13T11:48:36+00:00\" \/>\n<meta property=\"og:image\" content=\"https:\/\/templatetoaster.com\/wp-content\/uploads\/2018\/02\/youtube.png\" \/>\n<meta name=\"twitter:card\" content=\"summary_large_image\" \/>\n<meta name=\"twitter:site\" content=\"@templatetoaster\" \/>\n<meta name=\"twitter:label1\" content=\"Arvioitu lukuaika\" \/>\n\t<meta name=\"twitter:data1\" content=\"1 minuutti\" \/>\n<script type=\"application\/ld+json\" class=\"yoast-schema-graph\">{\"@context\":\"https:\/\/schema.org\",\"@graph\":[{\"@type\":\"WebPage\",\"@id\":\"https:\/\/templatetoaster.com\/fi\/joomla\",\"url\":\"https:\/\/templatetoaster.com\/fi\/joomla\",\"name\":\"Miten l\u00e4hett\u00e4\u00e4 ja konfiguroida Jooma malleja - TemplateToaster\",\"isPartOf\":{\"@id\":\"https:\/\/templatetoaster.com\/#website\"},\"primaryImageOfPage\":{\"@id\":\"https:\/\/templatetoaster.com\/fi\/joomla#primaryimage\"},\"image\":{\"@id\":\"https:\/\/templatetoaster.com\/fi\/joomla#primaryimage\"},\"thumbnailUrl\":\"https:\/\/templatetoaster.com\/wp-content\/uploads\/2018\/02\/youtube.png\",\"datePublished\":\"2018-04-14T08:05:08+00:00\",\"dateModified\":\"2019-08-13T11:48:36+00:00\",\"description\":\"Muutama helppo ohje kuinka l\u00e4hett\u00e4\u00e4 ja asentaa TempleToasterilla luotuja Joomla malleja nettisivullesi.\",\"breadcrumb\":{\"@id\":\"https:\/\/templatetoaster.com\/fi\/joomla#breadcrumb\"},\"inLanguage\":\"fi\",\"potentialAction\":[{\"@type\":\"ReadAction\",\"target\":[\"https:\/\/templatetoaster.com\/fi\/joomla\"]}]},{\"@type\":\"ImageObject\",\"inLanguage\":\"fi\",\"@id\":\"https:\/\/templatetoaster.com\/fi\/joomla#primaryimage\",\"url\":\"https:\/\/templatetoaster.com\/wp-content\/uploads\/2018\/02\/youtube.png\",\"contentUrl\":\"https:\/\/templatetoaster.com\/wp-content\/uploads\/2018\/02\/youtube.png\"},{\"@type\":\"BreadcrumbList\",\"@id\":\"https:\/\/templatetoaster.com\/fi\/joomla#breadcrumb\",\"itemListElement\":[{\"@type\":\"ListItem\",\"position\":1,\"name\":\"Home\",\"item\":\"https:\/\/templatetoaster.com\/fi\"},{\"@type\":\"ListItem\",\"position\":2,\"name\":\"Miten l\u00e4hett\u00e4\u00e4 ja konfiguroida Jooma malleja\"}]},{\"@type\":\"WebSite\",\"@id\":\"https:\/\/templatetoaster.com\/#website\",\"url\":\"https:\/\/templatetoaster.com\/\",\"name\":\"TemplateToaster\",\"description\":\"\",\"publisher\":{\"@id\":\"https:\/\/templatetoaster.com\/#organization\"},\"inLanguage\":\"fi\"},{\"@type\":\"Organization\",\"@id\":\"https:\/\/templatetoaster.com\/#organization\",\"name\":\"TemplateToaster\",\"url\":\"https:\/\/templatetoaster.com\/\",\"logo\":{\"@type\":\"ImageObject\",\"inLanguage\":\"fi\",\"@id\":\"https:\/\/templatetoaster.com\/#\/schema\/logo\/image\/\",\"url\":\"https:\/\/templatetoaster.com\/wp-content\/uploads\/2019\/11\/TemplateToaster_Logo.jpg\",\"contentUrl\":\"https:\/\/templatetoaster.com\/wp-content\/uploads\/2019\/11\/TemplateToaster_Logo.jpg\",\"width\":85,\"height\":85,\"caption\":\"TemplateToaster\"},\"image\":{\"@id\":\"https:\/\/templatetoaster.com\/#\/schema\/logo\/image\/\"},\"sameAs\":[\"https:\/\/www.facebook.com\/TemplateToaster\",\"https:\/\/x.com\/templatetoaster\",\"https:\/\/www.instagram.com\/templatetoaster\/\",\"https:\/\/www.linkedin.com\/company\/templatetoaster\/\",\"https:\/\/www.pinterest.com\/templatetoaster\/\",\"https:\/\/www.youtube.com\/@TemplateToaster\"]}]}<\/script>\n<!-- \/ Yoast SEO plugin. -->","yoast_head_json":{"title":"Miten l\u00e4hett\u00e4\u00e4 ja konfiguroida Jooma malleja - TemplateToaster","description":"Muutama helppo ohje kuinka l\u00e4hett\u00e4\u00e4 ja asentaa TempleToasterilla luotuja Joomla malleja nettisivullesi.","robots":{"index":"index","follow":"follow","max-snippet":"max-snippet:-1","max-image-preview":"max-image-preview:large","max-video-preview":"max-video-preview:-1"},"canonical":"https:\/\/templatetoaster.com\/fi\/joomla","og_locale":"fi_FI","og_type":"article","og_title":"Miten l\u00e4hett\u00e4\u00e4 ja konfiguroida Jooma malleja - TemplateToaster","og_description":"Muutama helppo ohje kuinka l\u00e4hett\u00e4\u00e4 ja asentaa TempleToasterilla luotuja Joomla malleja nettisivullesi.","og_url":"https:\/\/templatetoaster.com\/fi\/joomla","og_site_name":"TemplateToaster","article_publisher":"https:\/\/www.facebook.com\/TemplateToaster","article_modified_time":"2019-08-13T11:48:36+00:00","og_image":[{"url":"https:\/\/templatetoaster.com\/wp-content\/uploads\/2018\/02\/youtube.png"}],"twitter_card":"summary_large_image","twitter_site":"@templatetoaster","twitter_misc":{"Arvioitu lukuaika":"1 minuutti"},"schema":{"@context":"https:\/\/schema.org","@graph":[{"@type":"WebPage","@id":"https:\/\/templatetoaster.com\/fi\/joomla","url":"https:\/\/templatetoaster.com\/fi\/joomla","name":"Miten l\u00e4hett\u00e4\u00e4 ja konfiguroida Jooma malleja - TemplateToaster","isPartOf":{"@id":"https:\/\/templatetoaster.com\/#website"},"primaryImageOfPage":{"@id":"https:\/\/templatetoaster.com\/fi\/joomla#primaryimage"},"image":{"@id":"https:\/\/templatetoaster.com\/fi\/joomla#primaryimage"},"thumbnailUrl":"https:\/\/templatetoaster.com\/wp-content\/uploads\/2018\/02\/youtube.png","datePublished":"2018-04-14T08:05:08+00:00","dateModified":"2019-08-13T11:48:36+00:00","description":"Muutama helppo ohje kuinka l\u00e4hett\u00e4\u00e4 ja asentaa TempleToasterilla luotuja Joomla malleja nettisivullesi.","breadcrumb":{"@id":"https:\/\/templatetoaster.com\/fi\/joomla#breadcrumb"},"inLanguage":"fi","potentialAction":[{"@type":"ReadAction","target":["https:\/\/templatetoaster.com\/fi\/joomla"]}]},{"@type":"ImageObject","inLanguage":"fi","@id":"https:\/\/templatetoaster.com\/fi\/joomla#primaryimage","url":"https:\/\/templatetoaster.com\/wp-content\/uploads\/2018\/02\/youtube.png","contentUrl":"https:\/\/templatetoaster.com\/wp-content\/uploads\/2018\/02\/youtube.png"},{"@type":"BreadcrumbList","@id":"https:\/\/templatetoaster.com\/fi\/joomla#breadcrumb","itemListElement":[{"@type":"ListItem","position":1,"name":"Home","item":"https:\/\/templatetoaster.com\/fi"},{"@type":"ListItem","position":2,"name":"Miten l\u00e4hett\u00e4\u00e4 ja konfiguroida Jooma malleja"}]},{"@type":"WebSite","@id":"https:\/\/templatetoaster.com\/#website","url":"https:\/\/templatetoaster.com\/","name":"TemplateToaster","description":"","publisher":{"@id":"https:\/\/templatetoaster.com\/#organization"},"inLanguage":"fi"},{"@type":"Organization","@id":"https:\/\/templatetoaster.com\/#organization","name":"TemplateToaster","url":"https:\/\/templatetoaster.com\/","logo":{"@type":"ImageObject","inLanguage":"fi","@id":"https:\/\/templatetoaster.com\/#\/schema\/logo\/image\/","url":"https:\/\/templatetoaster.com\/wp-content\/uploads\/2019\/11\/TemplateToaster_Logo.jpg","contentUrl":"https:\/\/templatetoaster.com\/wp-content\/uploads\/2019\/11\/TemplateToaster_Logo.jpg","width":85,"height":85,"caption":"TemplateToaster"},"image":{"@id":"https:\/\/templatetoaster.com\/#\/schema\/logo\/image\/"},"sameAs":["https:\/\/www.facebook.com\/TemplateToaster","https:\/\/x.com\/templatetoaster","https:\/\/www.instagram.com\/templatetoaster\/","https:\/\/www.linkedin.com\/company\/templatetoaster\/","https:\/\/www.pinterest.com\/templatetoaster\/","https:\/\/www.youtube.com\/@TemplateToaster"]}]}},"_links":{"self":[{"href":"https:\/\/templatetoaster.com\/fi\/wp-json\/wp\/v2\/pages\/4507"}],"collection":[{"href":"https:\/\/templatetoaster.com\/fi\/wp-json\/wp\/v2\/pages"}],"about":[{"href":"https:\/\/templatetoaster.com\/fi\/wp-json\/wp\/v2\/types\/page"}],"author":[{"embeddable":true,"href":"https:\/\/templatetoaster.com\/fi\/wp-json\/wp\/v2\/users\/1"}],"replies":[{"embeddable":true,"href":"https:\/\/templatetoaster.com\/fi\/wp-json\/wp\/v2\/comments?post=4507"}],"version-history":[{"count":5,"href":"https:\/\/templatetoaster.com\/fi\/wp-json\/wp\/v2\/pages\/4507\/revisions"}],"predecessor-version":[{"id":64445,"href":"https:\/\/templatetoaster.com\/fi\/wp-json\/wp\/v2\/pages\/4507\/revisions\/64445"}],"wp:attachment":[{"href":"https:\/\/templatetoaster.com\/fi\/wp-json\/wp\/v2\/media?parent=4507"}],"curies":[{"name":"wp","href":"https:\/\/api.w.org\/{rel}","templated":true}]}}