{"id":4504,"date":"2018-04-14T08:03:13","date_gmt":"2018-04-14T08:03:13","guid":{"rendered":"http:\/\/templatetoaster.com?page_id=4504"},"modified":"2019-08-13T06:03:33","modified_gmt":"2019-08-13T06:03:33","slug":"blogger","status":"publish","type":"page","link":"https:\/\/templatetoaster.com\/fi\/blogger","title":{"rendered":"Miten ladata ja asentaa TempleToasterissa generoituja Blogger malleja"},"content":{"rendered":"<div class=\"tt_documentation_instruction_row row\">\n<h1 class=\"heading_border\">Miten ladata ja asentaa TempleToasterissa generoituja Blogger malleja<\/h1>\n<p>&nbsp;<\/p>\n<div class=\"demo_row1 even row\" style=\"padding-top: 15px;\">\n<div class=\"row\">\n<div class=\"col-md-6 col-sm-6 col-xs-12\">\n<div class=\"vedio_bg\">\n<div class=\"tt_video_modal\">\n<p><a href=\"https:\/\/youtu.be\/ySdCPFNKfj0\"><img decoding=\"async\" src=\"https:\/\/templatetoaster.com\/wp-content\/uploads\/2018\/02\/youtube.png\" \/><\/a><\/p>\n<div class=\"video-content\">\n<h3>Miten luoda Blogger Malleja TemplateToasterissa<\/h3>\n<\/div>\n<\/div>\n<\/div>\n<\/div>\n<div class=\"col-md-6 col-sm-6 col-xs-12\">\n<div class=\"vedio_bg\">\n<div class=\"tt_video_modal\">\n<p><a href=\"https:\/\/youtu.be\/jLTa_7TgVZk\"><img decoding=\"async\" src=\"https:\/\/templatetoaster.com\/wp-content\/uploads\/2018\/02\/youtube.png\" \/><\/a><\/p>\n<div class=\"video-content\">\n<h3>Miten ladata TemplateToaster generoituja Malleja Bloggerissa<\/h3>\n<\/div>\n<\/div>\n<\/div>\n<\/div>\n<div class=\"clearfix visible-lg-block visible-md-block\"><\/div>\n<\/div>\n<\/div>\n<div class=\"basic\">\n<div class=\"basic-step\">\n<ol>\n<li> Exporttaa Blogger teema TemplateToasterista menem\u00e4ll\u00e4\u00a0 Tiedosto-&gt; Export\n<p><a href=\"https:\/\/templatetoaster.com\/wp-content\/uploads\/2017\/11\/blogger_theme_export_upload_instructions_step_1.jpg\"><img loading=\"lazy\" decoding=\"async\" class=\"aligncenter size-large wp-image-3302\" src=\"https:\/\/templatetoaster.com\/wp-content\/uploads\/2017\/11\/blogger_theme_export_upload_instructions_step_1-1024x545.jpg\" alt=\"blogger_theme_export_upload_instructions_step_1\" width=\"900\" height=\"479\" srcset=\"https:\/\/templatetoaster.com\/wp-content\/uploads\/2017\/11\/blogger_theme_export_upload_instructions_step_1-1024x545.jpg 1024w, https:\/\/templatetoaster.com\/wp-content\/uploads\/2017\/11\/blogger_theme_export_upload_instructions_step_1-1000x532.jpg 1000w, https:\/\/templatetoaster.com\/wp-content\/uploads\/2017\/11\/blogger_theme_export_upload_instructions_step_1-300x160.jpg 300w, https:\/\/templatetoaster.com\/wp-content\/uploads\/2017\/11\/blogger_theme_export_upload_instructions_step_1.jpg 1366w\" sizes=\"(max-width: 900px) 100vw, 900px\" \/><\/a><\/li>\n<li> Valitse viennin sijainti\n<p><a href=\"https:\/\/templatetoaster.com\/wp-content\/uploads\/2017\/11\/blogger_theme_export_upload_instructions_step_2.jpg\"><img loading=\"lazy\" decoding=\"async\" class=\"aligncenter size-full wp-image-3303\" src=\"https:\/\/templatetoaster.com\/wp-content\/uploads\/2017\/11\/blogger_theme_export_upload_instructions_step_2.jpg\" alt=\"blogger_theme_export_upload_instructions_step_2\" width=\"823\" height=\"438\" srcset=\"https:\/\/templatetoaster.com\/wp-content\/uploads\/2017\/11\/blogger_theme_export_upload_instructions_step_2.jpg 823w, https:\/\/templatetoaster.com\/wp-content\/uploads\/2017\/11\/blogger_theme_export_upload_instructions_step_2-600x319.jpg 600w, https:\/\/templatetoaster.com\/wp-content\/uploads\/2017\/11\/blogger_theme_export_upload_instructions_step_2-300x160.jpg 300w\" sizes=\"(max-width: 823px) 100vw, 823px\" \/><\/a><\/li>\n<li> T\u00e4m\u00e4 ikkuna kysyy, haluatko n\u00e4hd\u00e4 latauksen\u00a0 ja asentaa ohjeet Bloggeriin. Se tulee avautuu t\u00e4lle samalle sivulle, mit\u00e4 luet juuri nyt.\n<p><a href=\"https:\/\/templatetoaster.com\/wp-content\/uploads\/2017\/11\/blogger_theme_export_upload_instructions_step_3.jpg\"><img loading=\"lazy\" decoding=\"async\" class=\"aligncenter size-large wp-image-3304\" src=\"https:\/\/templatetoaster.com\/wp-content\/uploads\/2017\/11\/blogger_theme_export_upload_instructions_step_3-1024x545.jpg\" alt=\"blogger_theme_export_upload_instructions_step_3\" width=\"900\" height=\"479\" srcset=\"https:\/\/templatetoaster.com\/wp-content\/uploads\/2017\/11\/blogger_theme_export_upload_instructions_step_3-1024x545.jpg 1024w, https:\/\/templatetoaster.com\/wp-content\/uploads\/2017\/11\/blogger_theme_export_upload_instructions_step_3-1000x532.jpg 1000w, https:\/\/templatetoaster.com\/wp-content\/uploads\/2017\/11\/blogger_theme_export_upload_instructions_step_3-300x160.jpg 300w, https:\/\/templatetoaster.com\/wp-content\/uploads\/2017\/11\/blogger_theme_export_upload_instructions_step_3.jpg 1366w\" sizes=\"(max-width: 900px) 100vw, 900px\" \/><\/a><\/li>\n<li> Valitse \u201cLis\u00e4\u00e4 uusi tili\u201d tai joku jo lis\u00e4tty Blogger rili TemplateToasteriss\u00e4\n<p><a href=\"https:\/\/templatetoaster.com\/wp-content\/uploads\/2017\/11\/blogger_theme_export_upload_instructions_step_4.jpg\"><img loading=\"lazy\" decoding=\"async\" class=\"aligncenter size-large wp-image-3305\" src=\"https:\/\/templatetoaster.com\/wp-content\/uploads\/2017\/11\/blogger_theme_export_upload_instructions_step_4-1024x545.jpg\" alt=\"blogger_theme_export_upload_instructions_step_4\" width=\"900\" height=\"479\" srcset=\"https:\/\/templatetoaster.com\/wp-content\/uploads\/2017\/11\/blogger_theme_export_upload_instructions_step_4-1024x545.jpg 1024w, https:\/\/templatetoaster.com\/wp-content\/uploads\/2017\/11\/blogger_theme_export_upload_instructions_step_4-1000x532.jpg 1000w, https:\/\/templatetoaster.com\/wp-content\/uploads\/2017\/11\/blogger_theme_export_upload_instructions_step_4-300x160.jpg 300w, https:\/\/templatetoaster.com\/wp-content\/uploads\/2017\/11\/blogger_theme_export_upload_instructions_step_4.jpg 1366w\" sizes=\"(max-width: 900px) 100vw, 900px\" \/><\/a><\/li>\n<li> Lis\u00e4\u00e4 Blogger tilisi TemplateToasteriin\n<p><a href=\"https:\/\/templatetoaster.com\/wp-content\/uploads\/2017\/11\/blogger_theme_export_upload_instructions_step_5.jpg\"><img loading=\"lazy\" decoding=\"async\" class=\"aligncenter size-large wp-image-3306\" src=\"https:\/\/templatetoaster.com\/wp-content\/uploads\/2017\/11\/blogger_theme_export_upload_instructions_step_5-1024x545.jpg\" alt=\"blogger_theme_export_upload_instructions_step_5\" width=\"900\" height=\"479\" srcset=\"https:\/\/templatetoaster.com\/wp-content\/uploads\/2017\/11\/blogger_theme_export_upload_instructions_step_5-1024x545.jpg 1024w, https:\/\/templatetoaster.com\/wp-content\/uploads\/2017\/11\/blogger_theme_export_upload_instructions_step_5-1000x532.jpg 1000w, https:\/\/templatetoaster.com\/wp-content\/uploads\/2017\/11\/blogger_theme_export_upload_instructions_step_5-300x160.jpg 300w, https:\/\/templatetoaster.com\/wp-content\/uploads\/2017\/11\/blogger_theme_export_upload_instructions_step_5.jpg 1366w\" sizes=\"(max-width: 900px) 100vw, 900px\" \/><\/a><\/li>\n<li> Kirjaudu Blogger-tiliin\n<p><a href=\"https:\/\/templatetoaster.com\/wp-content\/uploads\/2017\/11\/blogger_theme_export_upload_instructions_step_6.jpg\"><img loading=\"lazy\" decoding=\"async\" class=\"aligncenter size-large wp-image-3307\" src=\"https:\/\/templatetoaster.com\/wp-content\/uploads\/2017\/11\/blogger_theme_export_upload_instructions_step_6-1024x517.jpg\" alt=\"blogger_theme_export_upload_instructions_step_6\" width=\"900\" height=\"454\" srcset=\"https:\/\/templatetoaster.com\/wp-content\/uploads\/2017\/11\/blogger_theme_export_upload_instructions_step_6-1024x517.jpg 1024w, https:\/\/templatetoaster.com\/wp-content\/uploads\/2017\/11\/blogger_theme_export_upload_instructions_step_6-1000x505.jpg 1000w, https:\/\/templatetoaster.com\/wp-content\/uploads\/2017\/11\/blogger_theme_export_upload_instructions_step_6-300x152.jpg 300w, https:\/\/templatetoaster.com\/wp-content\/uploads\/2017\/11\/blogger_theme_export_upload_instructions_step_6.jpg 1366w\" sizes=\"(max-width: 900px) 100vw, 900px\" \/><\/a><\/li>\n<li> Salli TempleToasterin ladata kuvia sinun Blogger tilillesi.\n<p><a href=\"https:\/\/templatetoaster.com\/wp-content\/uploads\/2019\/02\/blogger_theme_export_upload_instructions_step_7.jpg\"><img loading=\"lazy\" decoding=\"async\" class=\"aligncenter size-full wp-image-8542\" src=\"https:\/\/templatetoaster.com\/wp-content\/uploads\/2019\/02\/blogger_theme_export_upload_instructions_step_7.jpg\" alt=\"blogger theme export upload instructions step 7\" width=\"969\" height=\"767\" srcset=\"https:\/\/templatetoaster.com\/wp-content\/uploads\/2019\/02\/blogger_theme_export_upload_instructions_step_7.jpg 969w, https:\/\/templatetoaster.com\/wp-content\/uploads\/2019\/02\/blogger_theme_export_upload_instructions_step_7-600x475.jpg 600w, https:\/\/templatetoaster.com\/wp-content\/uploads\/2019\/02\/blogger_theme_export_upload_instructions_step_7-300x237.jpg 300w, https:\/\/templatetoaster.com\/wp-content\/uploads\/2019\/02\/blogger_theme_export_upload_instructions_step_7-768x608.jpg 768w\" sizes=\"(max-width: 969px) 100vw, 969px\" \/><\/a><\/li>\n<li> K\u00e4ytt\u00f6oikeudet lis\u00e4tty, voit nyt sulkea t\u00e4m\u00e4n ikkunan.\n<p><a href=\"https:\/\/templatetoaster.com\/wp-content\/uploads\/2017\/11\/blogger_theme_export_upload_instructions_step_8.jpg\"><img loading=\"lazy\" decoding=\"async\" class=\"aligncenter size-large wp-image-3309\" style=\"border: 1px solid black;\" src=\"https:\/\/templatetoaster.com\/wp-content\/uploads\/2017\/11\/blogger_theme_export_upload_instructions_step_8-1024x485.jpg\" alt=\"blogger_theme_export_upload_instructions_step_8\" width=\"900\" height=\"426\" srcset=\"https:\/\/templatetoaster.com\/wp-content\/uploads\/2017\/11\/blogger_theme_export_upload_instructions_step_8-1024x485.jpg 1024w, https:\/\/templatetoaster.com\/wp-content\/uploads\/2017\/11\/blogger_theme_export_upload_instructions_step_8-1000x474.jpg 1000w, https:\/\/templatetoaster.com\/wp-content\/uploads\/2017\/11\/blogger_theme_export_upload_instructions_step_8-300x142.jpg 300w, https:\/\/templatetoaster.com\/wp-content\/uploads\/2017\/11\/blogger_theme_export_upload_instructions_step_8.jpg 1366w\" sizes=\"(max-width: 900px) 100vw, 900px\" \/><span id=\"tr_10\" class=\"tr_\"><\/span><\/a><\/li>\n<li> Nyt kirjaudu sinun Blogger tilillesi nettiselaimessa.\n<p><a href=\"https:\/\/templatetoaster.com\/wp-content\/uploads\/2017\/11\/blogger_theme_export_upload_instructions_step_9.jpg\"><img loading=\"lazy\" decoding=\"async\" class=\"aligncenter size-large wp-image-3310\" src=\"https:\/\/templatetoaster.com\/wp-content\/uploads\/2017\/11\/blogger_theme_export_upload_instructions_step_9-1024x492.jpg\" alt=\"blogger_theme_export_upload_instructions_step_9\" width=\"900\" height=\"432\" srcset=\"https:\/\/templatetoaster.com\/wp-content\/uploads\/2017\/11\/blogger_theme_export_upload_instructions_step_9-1024x492.jpg 1024w, https:\/\/templatetoaster.com\/wp-content\/uploads\/2017\/11\/blogger_theme_export_upload_instructions_step_9-1000x480.jpg 1000w, https:\/\/templatetoaster.com\/wp-content\/uploads\/2017\/11\/blogger_theme_export_upload_instructions_step_9-300x144.jpg 300w, https:\/\/templatetoaster.com\/wp-content\/uploads\/2017\/11\/blogger_theme_export_upload_instructions_step_9.jpg 1347w\" sizes=\"(max-width: 900px) 100vw, 900px\" \/><span id=\"tr_11\" class=\"tr_\"><\/span><\/a><\/li>\n<li> Mene Teemoihin vasemmasta menusta.<br \/>\n<a href=\"https:\/\/templatetoaster.com\/wp-content\/uploads\/2017\/11\/blogger_theme_export_upload_instructions_step_10.jpg\"><img loading=\"lazy\" decoding=\"async\" class=\"aligncenter size-large wp-image-3311\" src=\"https:\/\/templatetoaster.com\/wp-content\/uploads\/2017\/11\/blogger_theme_export_upload_instructions_step_10-1024x492.jpg\" alt=\"blogger_theme_export_upload_instructions_step_10\" width=\"900\" height=\"432\" srcset=\"https:\/\/templatetoaster.com\/wp-content\/uploads\/2017\/11\/blogger_theme_export_upload_instructions_step_10-1024x492.jpg 1024w, https:\/\/templatetoaster.com\/wp-content\/uploads\/2017\/11\/blogger_theme_export_upload_instructions_step_10-1000x480.jpg 1000w, https:\/\/templatetoaster.com\/wp-content\/uploads\/2017\/11\/blogger_theme_export_upload_instructions_step_10-300x144.jpg 300w, https:\/\/templatetoaster.com\/wp-content\/uploads\/2017\/11\/blogger_theme_export_upload_instructions_step_10.jpg 1347w\" sizes=\"(max-width: 900px) 100vw, 900px\" \/><span id=\"tr_12\" class=\"tr_\"><\/span><\/a><\/li>\n<li> <span id=\"tr_5\" class=\"tr_\">Mene Blogger-&gt; Themes -&gt; Backup\/Restore -&gt; Browse<\/span><br \/>\n<a href=\"https:\/\/templatetoaster.com\/wp-content\/uploads\/2017\/11\/blogger_theme_export_upload_instructions_step_11.jpg\"><img loading=\"lazy\" decoding=\"async\" class=\"aligncenter size-large wp-image-3312\" src=\"https:\/\/templatetoaster.com\/wp-content\/uploads\/2017\/11\/blogger_theme_export_upload_instructions_step_11-1024x492.jpg\" alt=\"blogger_theme_export_upload_instructions_step_11\" width=\"900\" height=\"432\" srcset=\"https:\/\/templatetoaster.com\/wp-content\/uploads\/2017\/11\/blogger_theme_export_upload_instructions_step_11-1024x492.jpg 1024w, https:\/\/templatetoaster.com\/wp-content\/uploads\/2017\/11\/blogger_theme_export_upload_instructions_step_11-1000x480.jpg 1000w, https:\/\/templatetoaster.com\/wp-content\/uploads\/2017\/11\/blogger_theme_export_upload_instructions_step_11-300x144.jpg 300w, https:\/\/templatetoaster.com\/wp-content\/uploads\/2017\/11\/blogger_theme_export_upload_instructions_step_11.jpg 1347w\" sizes=\"(max-width: 900px) 100vw, 900px\" \/><span id=\"tr_13\" class=\"tr_\"><\/span><\/a><\/li>\n<li> <span id=\"tr_6\" class=\"tr_\">Valitse main.xml tiedosto exportatusta Blogger teemasta.<\/span><br \/>\n<a href=\"https:\/\/templatetoaster.com\/wp-content\/uploads\/2017\/11\/blogger_theme_export_upload_instructions_step_12.jpg\"><img loading=\"lazy\" decoding=\"async\" class=\"aligncenter size-large wp-image-3313\" src=\"https:\/\/templatetoaster.com\/wp-content\/uploads\/2017\/11\/blogger_theme_export_upload_instructions_step_12-1024x458.jpg\" alt=\"blogger_theme_export_upload_instructions_step_12\" width=\"900\" height=\"403\" srcset=\"https:\/\/templatetoaster.com\/wp-content\/uploads\/2017\/11\/blogger_theme_export_upload_instructions_step_12-1024x458.jpg 1024w, https:\/\/templatetoaster.com\/wp-content\/uploads\/2017\/11\/blogger_theme_export_upload_instructions_step_12-1000x447.jpg 1000w, https:\/\/templatetoaster.com\/wp-content\/uploads\/2017\/11\/blogger_theme_export_upload_instructions_step_12-300x134.jpg 300w, https:\/\/templatetoaster.com\/wp-content\/uploads\/2017\/11\/blogger_theme_export_upload_instructions_step_12.jpg 1347w\" sizes=\"(max-width: 900px) 100vw, 900px\" \/><span id=\"tr_14\" class=\"tr_\"><\/span><\/a><\/li>\n<li> <span id=\"tr_7\" class=\"tr_\">Paina Upload.<\/span><br \/>\n<a href=\"https:\/\/templatetoaster.com\/wp-content\/uploads\/2017\/11\/blogger_theme_export_upload_instructions_step_13.jpg\"><img loading=\"lazy\" decoding=\"async\" class=\"aligncenter size-large wp-image-3314\" src=\"https:\/\/templatetoaster.com\/wp-content\/uploads\/2017\/11\/blogger_theme_export_upload_instructions_step_13-1024x381.jpg\" alt=\"blogger_theme_export_upload_instructions_step_13\" width=\"900\" height=\"335\" srcset=\"https:\/\/templatetoaster.com\/wp-content\/uploads\/2017\/11\/blogger_theme_export_upload_instructions_step_13-1024x381.jpg 1024w, https:\/\/templatetoaster.com\/wp-content\/uploads\/2017\/11\/blogger_theme_export_upload_instructions_step_13-1000x372.jpg 1000w, https:\/\/templatetoaster.com\/wp-content\/uploads\/2017\/11\/blogger_theme_export_upload_instructions_step_13-300x112.jpg 300w, https:\/\/templatetoaster.com\/wp-content\/uploads\/2017\/11\/blogger_theme_export_upload_instructions_step_13.jpg 1345w\" sizes=\"(max-width: 900px) 100vw, 900px\" \/><span id=\"tr_15\" class=\"tr_\"><\/span><\/a><\/li>\n<li> <span id=\"tr_8\" class=\"tr_\">Sinun TempleToaster on nyt ladattu Bloggeriin ja on valmis k\u00e4ytt\u00f6\u00f6n.<\/span><br \/>\n<a href=\"https:\/\/templatetoaster.com\/wp-content\/uploads\/2017\/11\/blogger_theme_export_upload_instructions_step_14.jpg\"><img loading=\"lazy\" decoding=\"async\" class=\"aligncenter size-large wp-image-3315\" src=\"https:\/\/templatetoaster.com\/wp-content\/uploads\/2017\/11\/blogger_theme_export_upload_instructions_step_14-1024x488.jpg\" alt=\"blogger_theme_export_upload_instructions_step_14\" width=\"900\" height=\"429\" srcset=\"https:\/\/templatetoaster.com\/wp-content\/uploads\/2017\/11\/blogger_theme_export_upload_instructions_step_14-1024x488.jpg 1024w, https:\/\/templatetoaster.com\/wp-content\/uploads\/2017\/11\/blogger_theme_export_upload_instructions_step_14-1000x477.jpg 1000w, https:\/\/templatetoaster.com\/wp-content\/uploads\/2017\/11\/blogger_theme_export_upload_instructions_step_14-300x143.jpg 300w, https:\/\/templatetoaster.com\/wp-content\/uploads\/2017\/11\/blogger_theme_export_upload_instructions_step_14.jpg 1364w\" sizes=\"(max-width: 900px) 100vw, 900px\" \/><span id=\"tr_16\" class=\"tr_\"><\/span><\/a><\/li>\n<\/ol>\n<\/div>\n<\/div>\n<\/div>\n","protected":false},"excerpt":{"rendered":"<p>Miten ladata ja asentaa TempleToasterissa generoituja Blogger malleja &nbsp; Miten luoda Blogger Malleja TemplateToasterissa Miten ladata TemplateToaster generoituja Malleja Bloggerissa Exporttaa Blogger teema TemplateToasterista menem\u00e4ll\u00e4\u00a0 Tiedosto-&gt; Export Valitse viennin sijainti T\u00e4m\u00e4 ikkuna kysyy, haluatko n\u00e4hd\u00e4 latauksen\u00a0 ja asentaa ohjeet Bloggeriin. &hellip; <a href=\"https:\/\/templatetoaster.com\/fi\/blogger\">Continue Reading<span class=\"meta-nav\">&rarr;<\/span><\/a><\/p>\n","protected":false},"author":1,"featured_media":0,"parent":0,"menu_order":0,"comment_status":"closed","ping_status":"closed","template":"PageTemplate1.php","meta":{"footnotes":""},"yoast_head":"<!-- This site is optimized with the Yoast SEO plugin v23.5 - https:\/\/yoast.com\/wordpress\/plugins\/seo\/ -->\n<title>Miten ladata ja asentaa TempleToasterissa generoituja Blogger malleja - TemplateToaster<\/title>\n<meta name=\"description\" content=\"TempleToaster nyt tukee Blogger Malleja.\" \/>\n<meta name=\"robots\" content=\"index, follow, max-snippet:-1, max-image-preview:large, max-video-preview:-1\" \/>\n<link rel=\"canonical\" href=\"https:\/\/templatetoaster.com\/fi\/blogger\" \/>\n<meta property=\"og:locale\" content=\"fi_FI\" \/>\n<meta property=\"og:type\" content=\"article\" \/>\n<meta property=\"og:title\" content=\"Miten ladata ja asentaa TempleToasterissa generoituja Blogger malleja - TemplateToaster\" \/>\n<meta property=\"og:description\" content=\"TempleToaster nyt tukee Blogger Malleja.\" \/>\n<meta property=\"og:url\" content=\"https:\/\/templatetoaster.com\/fi\/blogger\" \/>\n<meta property=\"og:site_name\" content=\"TemplateToaster\" \/>\n<meta property=\"article:publisher\" content=\"https:\/\/www.facebook.com\/TemplateToaster\" \/>\n<meta property=\"article:modified_time\" content=\"2019-08-13T06:03:33+00:00\" \/>\n<meta property=\"og:image\" content=\"https:\/\/templatetoaster.com\/wp-content\/uploads\/2018\/02\/youtube.png\" \/>\n<meta name=\"twitter:card\" content=\"summary_large_image\" \/>\n<meta name=\"twitter:site\" content=\"@templatetoaster\" \/>\n<meta name=\"twitter:label1\" content=\"Arvioitu lukuaika\" \/>\n\t<meta name=\"twitter:data1\" content=\"1 minuutti\" \/>\n<script type=\"application\/ld+json\" class=\"yoast-schema-graph\">{\"@context\":\"https:\/\/schema.org\",\"@graph\":[{\"@type\":\"WebPage\",\"@id\":\"https:\/\/templatetoaster.com\/fi\/blogger\",\"url\":\"https:\/\/templatetoaster.com\/fi\/blogger\",\"name\":\"Miten ladata ja asentaa TempleToasterissa generoituja Blogger malleja - TemplateToaster\",\"isPartOf\":{\"@id\":\"https:\/\/templatetoaster.com\/#website\"},\"primaryImageOfPage\":{\"@id\":\"https:\/\/templatetoaster.com\/fi\/blogger#primaryimage\"},\"image\":{\"@id\":\"https:\/\/templatetoaster.com\/fi\/blogger#primaryimage\"},\"thumbnailUrl\":\"https:\/\/templatetoaster.com\/wp-content\/uploads\/2018\/02\/youtube.png\",\"datePublished\":\"2018-04-14T08:03:13+00:00\",\"dateModified\":\"2019-08-13T06:03:33+00:00\",\"description\":\"TempleToaster nyt tukee Blogger Malleja.\",\"breadcrumb\":{\"@id\":\"https:\/\/templatetoaster.com\/fi\/blogger#breadcrumb\"},\"inLanguage\":\"fi\",\"potentialAction\":[{\"@type\":\"ReadAction\",\"target\":[\"https:\/\/templatetoaster.com\/fi\/blogger\"]}]},{\"@type\":\"ImageObject\",\"inLanguage\":\"fi\",\"@id\":\"https:\/\/templatetoaster.com\/fi\/blogger#primaryimage\",\"url\":\"https:\/\/templatetoaster.com\/wp-content\/uploads\/2018\/02\/youtube.png\",\"contentUrl\":\"https:\/\/templatetoaster.com\/wp-content\/uploads\/2018\/02\/youtube.png\"},{\"@type\":\"BreadcrumbList\",\"@id\":\"https:\/\/templatetoaster.com\/fi\/blogger#breadcrumb\",\"itemListElement\":[{\"@type\":\"ListItem\",\"position\":1,\"name\":\"Home\",\"item\":\"https:\/\/templatetoaster.com\/fi\"},{\"@type\":\"ListItem\",\"position\":2,\"name\":\"Miten ladata ja asentaa TempleToasterissa generoituja Blogger malleja\"}]},{\"@type\":\"WebSite\",\"@id\":\"https:\/\/templatetoaster.com\/#website\",\"url\":\"https:\/\/templatetoaster.com\/\",\"name\":\"TemplateToaster\",\"description\":\"\",\"publisher\":{\"@id\":\"https:\/\/templatetoaster.com\/#organization\"},\"inLanguage\":\"fi\"},{\"@type\":\"Organization\",\"@id\":\"https:\/\/templatetoaster.com\/#organization\",\"name\":\"TemplateToaster\",\"url\":\"https:\/\/templatetoaster.com\/\",\"logo\":{\"@type\":\"ImageObject\",\"inLanguage\":\"fi\",\"@id\":\"https:\/\/templatetoaster.com\/#\/schema\/logo\/image\/\",\"url\":\"https:\/\/templatetoaster.com\/wp-content\/uploads\/2019\/11\/TemplateToaster_Logo.jpg\",\"contentUrl\":\"https:\/\/templatetoaster.com\/wp-content\/uploads\/2019\/11\/TemplateToaster_Logo.jpg\",\"width\":85,\"height\":85,\"caption\":\"TemplateToaster\"},\"image\":{\"@id\":\"https:\/\/templatetoaster.com\/#\/schema\/logo\/image\/\"},\"sameAs\":[\"https:\/\/www.facebook.com\/TemplateToaster\",\"https:\/\/x.com\/templatetoaster\",\"https:\/\/www.instagram.com\/templatetoaster\/\",\"https:\/\/www.linkedin.com\/company\/templatetoaster\/\",\"https:\/\/www.pinterest.com\/templatetoaster\/\",\"https:\/\/www.youtube.com\/@TemplateToaster\"]}]}<\/script>\n<!-- \/ Yoast SEO plugin. -->","yoast_head_json":{"title":"Miten ladata ja asentaa TempleToasterissa generoituja Blogger malleja - TemplateToaster","description":"TempleToaster nyt tukee Blogger Malleja.","robots":{"index":"index","follow":"follow","max-snippet":"max-snippet:-1","max-image-preview":"max-image-preview:large","max-video-preview":"max-video-preview:-1"},"canonical":"https:\/\/templatetoaster.com\/fi\/blogger","og_locale":"fi_FI","og_type":"article","og_title":"Miten ladata ja asentaa TempleToasterissa generoituja Blogger malleja - TemplateToaster","og_description":"TempleToaster nyt tukee Blogger Malleja.","og_url":"https:\/\/templatetoaster.com\/fi\/blogger","og_site_name":"TemplateToaster","article_publisher":"https:\/\/www.facebook.com\/TemplateToaster","article_modified_time":"2019-08-13T06:03:33+00:00","og_image":[{"url":"https:\/\/templatetoaster.com\/wp-content\/uploads\/2018\/02\/youtube.png"}],"twitter_card":"summary_large_image","twitter_site":"@templatetoaster","twitter_misc":{"Arvioitu lukuaika":"1 minuutti"},"schema":{"@context":"https:\/\/schema.org","@graph":[{"@type":"WebPage","@id":"https:\/\/templatetoaster.com\/fi\/blogger","url":"https:\/\/templatetoaster.com\/fi\/blogger","name":"Miten ladata ja asentaa TempleToasterissa generoituja Blogger malleja - TemplateToaster","isPartOf":{"@id":"https:\/\/templatetoaster.com\/#website"},"primaryImageOfPage":{"@id":"https:\/\/templatetoaster.com\/fi\/blogger#primaryimage"},"image":{"@id":"https:\/\/templatetoaster.com\/fi\/blogger#primaryimage"},"thumbnailUrl":"https:\/\/templatetoaster.com\/wp-content\/uploads\/2018\/02\/youtube.png","datePublished":"2018-04-14T08:03:13+00:00","dateModified":"2019-08-13T06:03:33+00:00","description":"TempleToaster nyt tukee Blogger Malleja.","breadcrumb":{"@id":"https:\/\/templatetoaster.com\/fi\/blogger#breadcrumb"},"inLanguage":"fi","potentialAction":[{"@type":"ReadAction","target":["https:\/\/templatetoaster.com\/fi\/blogger"]}]},{"@type":"ImageObject","inLanguage":"fi","@id":"https:\/\/templatetoaster.com\/fi\/blogger#primaryimage","url":"https:\/\/templatetoaster.com\/wp-content\/uploads\/2018\/02\/youtube.png","contentUrl":"https:\/\/templatetoaster.com\/wp-content\/uploads\/2018\/02\/youtube.png"},{"@type":"BreadcrumbList","@id":"https:\/\/templatetoaster.com\/fi\/blogger#breadcrumb","itemListElement":[{"@type":"ListItem","position":1,"name":"Home","item":"https:\/\/templatetoaster.com\/fi"},{"@type":"ListItem","position":2,"name":"Miten ladata ja asentaa TempleToasterissa generoituja Blogger malleja"}]},{"@type":"WebSite","@id":"https:\/\/templatetoaster.com\/#website","url":"https:\/\/templatetoaster.com\/","name":"TemplateToaster","description":"","publisher":{"@id":"https:\/\/templatetoaster.com\/#organization"},"inLanguage":"fi"},{"@type":"Organization","@id":"https:\/\/templatetoaster.com\/#organization","name":"TemplateToaster","url":"https:\/\/templatetoaster.com\/","logo":{"@type":"ImageObject","inLanguage":"fi","@id":"https:\/\/templatetoaster.com\/#\/schema\/logo\/image\/","url":"https:\/\/templatetoaster.com\/wp-content\/uploads\/2019\/11\/TemplateToaster_Logo.jpg","contentUrl":"https:\/\/templatetoaster.com\/wp-content\/uploads\/2019\/11\/TemplateToaster_Logo.jpg","width":85,"height":85,"caption":"TemplateToaster"},"image":{"@id":"https:\/\/templatetoaster.com\/#\/schema\/logo\/image\/"},"sameAs":["https:\/\/www.facebook.com\/TemplateToaster","https:\/\/x.com\/templatetoaster","https:\/\/www.instagram.com\/templatetoaster\/","https:\/\/www.linkedin.com\/company\/templatetoaster\/","https:\/\/www.pinterest.com\/templatetoaster\/","https:\/\/www.youtube.com\/@TemplateToaster"]}]}},"_links":{"self":[{"href":"https:\/\/templatetoaster.com\/fi\/wp-json\/wp\/v2\/pages\/4504"}],"collection":[{"href":"https:\/\/templatetoaster.com\/fi\/wp-json\/wp\/v2\/pages"}],"about":[{"href":"https:\/\/templatetoaster.com\/fi\/wp-json\/wp\/v2\/types\/page"}],"author":[{"embeddable":true,"href":"https:\/\/templatetoaster.com\/fi\/wp-json\/wp\/v2\/users\/1"}],"replies":[{"embeddable":true,"href":"https:\/\/templatetoaster.com\/fi\/wp-json\/wp\/v2\/comments?post=4504"}],"version-history":[{"count":4,"href":"https:\/\/templatetoaster.com\/fi\/wp-json\/wp\/v2\/pages\/4504\/revisions"}],"predecessor-version":[{"id":64222,"href":"https:\/\/templatetoaster.com\/fi\/wp-json\/wp\/v2\/pages\/4504\/revisions\/64222"}],"wp:attachment":[{"href":"https:\/\/templatetoaster.com\/fi\/wp-json\/wp\/v2\/media?parent=4504"}],"curies":[{"name":"wp","href":"https:\/\/api.w.org\/{rel}","templated":true}]}}