{"id":4492,"date":"2018-04-14T07:55:55","date_gmt":"2018-04-14T07:55:55","guid":{"rendered":"http:\/\/templatetoaster.com?page_id=4492"},"modified":"2019-08-09T07:54:50","modified_gmt":"2019-08-09T07:54:50","slug":"faqs","status":"publish","type":"page","link":"https:\/\/templatetoaster.com\/fi\/faqs","title":{"rendered":"Usein Kysytyt Kysymykset"},"content":{"rendered":"<div class=\"tt_faq_row row\">\n<h1 class=\"heading_border\" style=\"padding-top: 40px;\">TemplateToasterin usein kysyttyj\u00e4 kysymyksi\u00e4<\/h1>\n<h4 class=\"joomla\">Q: Voinko siirt\u00e4\u00e4 TemplateToasterin yhdest\u00e4 tietokoneesta toiseen?<\/h4>\n<p class=\"wordpress\">A: Kyll\u00e4, yksinkertaisesti poistaa TemplateToaster nykyisest\u00e4 tietokoneesta, Asenna se uuteen tietokoneeseen ja voit aktivoida sen uudelleen k\u00e4ytt\u00e4m\u00e4ll\u00e4 ostettu lisenssiavain.<\/p>\n<h4 class=\"joomla\">Q: Voinko asentaa sen enemm\u00e4n kuin yhdelle tietokoneelle?<\/h4>\n<p class=\"wordpress\">A: <del datetime=\"2013-06-01T04:25:23+00:00\">Ei, sallimme ainoastaan yhden aktivoinnin kohden per avain<\/del>. Arvostetun asiakkaidemme pyynn\u00f6st\u00e4, nyt Tarjoamme kaksi aktivointia, mutta molemmat tietokoneed pit\u00e4isi olla saman henkil\u00f6n omistuksessa.<\/p>\n<h4 class=\"joomla\">Q: Voin myyd\u00e4 minun lisenssini?<\/h4>\n<p class=\"wordpress\">A: Kyll\u00e4, Voit myyd\u00e4 tai siirt\u00e4\u00e4 lisenssiavaimen kenelle haluat. Voit muuttaa omistajan tiedot kuten nimesi tai s\u00e4hk\u00f6postiosoitteesi profiilisivulla milloin tahansa.<\/p>\n<h4 class=\"joomla\">Q: Voinko myyd\u00e4 malleja tai teemoja luotu TemplateToasterilla?<\/h4>\n<p class=\"wordpress\">A: kyll\u00e4, Voit myyd\u00e4 viedyt mallit haluamallesi henkil\u00f6m\u00e4\u00e4r\u00e4lle.<\/p>\n<h4 class=\"joomla\">Q: Onko mit\u00e4\u00e4n verkkotunnuksen liittyv\u00e4t rajoitukset?<\/h4>\n<p class=\"wordpress\">A: Ei, ei ole \u201cToimialueen\u201d tai \u201csivustojen m\u00e4\u00e4r\u00e4\u201d liittyvi\u00e4 rajoituksia, Voit luoda niin monta malleja tai teemoja ja kaikkia sivustoja, kuten on.<\/p>\n<h4 class=\"joomla\">Q: Mit\u00e4 jos minun tietokoneeni kaatuu?<\/h4>\n<p class=\"wordpress\">A: Yksinkertaisesti korjaa tietokoneesi, alusta tai asenna k\u00e4ytt\u00f6j\u00e4rjestelm\u00e4 uudestaan jos tarvitset, uudestaan asenna TempleToaster ja sen pit\u00e4isi antaa sinun aktivoida uudestaan.<\/p>\n<h4 class=\"joomla\">Q: Maksutapanne ei sovi minulle?<\/h4>\n<p class=\"wordpress\">A: Meill\u00e4 on joitakin muita maksutapoja, Voit ottaa yhteytt\u00e4 siitt\u00e4.<\/p>\n<h4 class=\"joomla\">Q: Sis\u00e4lt\u00e4\u00e4k\u00f6 TemplateToaster malleja?<\/h4>\n<p class=\"wordpress\">A: Ei, TemplateToaster tiukasti ei sis\u00e4ll\u00e4 mallia, se luo ainutlaatuinsen teeman tai mallin kun se on p\u00e4\u00e4ll\u00e4.<\/p>\n<h4 class=\"joomla\">Q: Olen asentanut kokeiluversion, t\u00e4ytyyk\u00f6 minun\u00a0 asettaa jokin toinen versio oston j\u00e4lkeen?<\/h4>\n<p class=\"wordpress\">A: Ei, sinun t\u00e4ytyy aktivoida nykyisen kokeiluversion ostettu lisenssi avaimella.<\/p>\n<h4 class=\"joomla\">Q: Onko kokeiluversiolla m\u00e4\u00e4r\u00e4aika?<\/h4>\n<p class=\"wordpress\">A:Ei, TempleToasterin koeversio ei ole rajallinen, mutta printtaa &#8221;Evalution Version&#8221; vesimerkkej\u00e4 vietyihin malleihin.<\/p>\n<h4 class=\"joomla\">Q: Voinko p\u00e4ivitt\u00e4\u00e4 standardista ammattilaisversioon?<\/h4>\n<p class=\"wordpress\">A: Kyll\u00e4, Voit <a href=\"https:\/\/templatetoaster.com\/purchase-upgrade\">p\u00e4ivitt\u00e4\u00e4\u00a0<\/a>Standardista Professional Editioniin maksamalla hintaeron. \u00a0P\u00e4ivitysmaksun j\u00e4lkeen avaa TempleToaster ja siirry Tiedosto-&gt; Activation-&gt; Deaktivoi, nyt mene Tiedosto-&gt; Asetukset-&gt; Valitse Professional Edition ja sitten aktivoi vanhan avain.<\/p>\n<h4 class=\"joomla\">Q: Onko teill\u00e4 mit\u00e4\u00e4n palautustakuuta?<\/h4>\n<p class=\"wordpress\">A: Ei, Tarjoamme rajoittamattoman kokeiluversion ja sinun kannattaa kokeilla TemplateToasteria ennen ostamista.<\/p>\n<h4 class=\"joomla\">Q: Kuinka monta selainta tuette?<\/h4>\n<p class=\"wordpress\">A: Tuemme kaikkia suurimpia selaimia kuten Firefox, Chrome, Internet Explorer, Opera, Safari jne.<\/p>\n<h4 class=\"joomla\">Q:14- Ovat viedyt mallit W3C validoituja?<\/h4>\n<p class=\"wordpress\">A: Kyll\u00e4, XHTML ja CSS viedyt malli(t) ovat W3C validoituja.<\/p>\n<h4 class=\"joomla\">Q: Ovatko mallit hakukone yst\u00e4v\u00e4llisi\u00e4?<\/h4>\n<p class=\"wordpress\">A: Kyll\u00e4, TemplateToaster k\u00e4ytt\u00e4\u00e4 luonnollista SEO tekniikkaa saadakseen korkeammat sijoitukset.<\/p>\n<h4 class=\"joomla\">Q:Kuinka p\u00e4ivitt\u00e4\u00e4 TemplateToaster?<\/h4>\n<p class=\"wordpress\">A: Lataa uusin versio meid\u00e4n <a href=\"https:\/\/templatetoaster.com\/download\">lataukset <\/a>sivulta ja kaksoisnapsauta ladattua setup-tiedostao, se tekee automaattisesti p\u00e4ivityksen.<\/p>\n<h4 class=\"joomla\">Q: Kuinka monella kielell\u00e4 TemplateToaseterin k\u00e4ytt\u00f6liittym\u00e4 on saatavilla?<\/h4>\n<p class=\"wordpress\">A:TemplateToasterin k\u00e4ytt\u00f6liittym\u00e4 on saatavilla 8 kielell\u00e4, Vieraile <a href=\"https:\/\/templatetoaster.com\/download\">sivu <\/a>lis\u00e4tiedoille<\/p>\n<h4 class=\"joomla\">Q: Kuinka monella kielell\u00e4 viedyt sivustot ja mallit toimivat?<\/h4>\n<p class=\"wordpress\">A: Mallit ja viedyt TemplateToaster sivustot ovat kielest\u00e4 riippumattomia, Voit k\u00e4ytt\u00e4\u00e4 niit\u00e4 mill\u00e4 tahansa kielell\u00e4.<\/p>\n<h4 class=\"joomla\">Q: Milloin minun TempleToaster kopioni vanhentuu?<\/h4>\n<p class=\"wordpress\">A: Voit k\u00e4ytt\u00e4\u00e4 ostettua lisenssi\u00e4si elini\u00e4n. Me tarjoamme p\u00e4ivityksi\u00e4 vuoden ajaksi, ja t\u00e4m\u00e4n j\u00e4lkeen voit jatkaa k\u00e4ytt\u00e4m\u00e4\u00e4si versiota tai p\u00e4ivitt\u00e4\u00e4 sen vuosittain 40% tuotteen hinnasta.<\/p>\n<h4 class=\"joomla\">Q: Mit\u00e4\u00e4n rajoituksia TemplateToaster kirjaston kuvien k\u00e4yt\u00f6ll\u00e4 on?<\/h4>\n<p class=\"wordpress\">A: Voit k\u00e4ytt\u00e4\u00e4 varastokuvia yksityiseen ja asiakkaasi k\u00e4ytt\u00f6\u00f6n, mutta et voi k\u00e4ytt\u00e4\u00e4 mallia vapaaksi massilataukseen ilmaiseksi.<\/p>\n<h4>Q: En voi k\u00e4ytt\u00e4\u00e4 kaikkia ominaisuuksia TemplateToasterissa?<\/h4>\n<p class=\"wordpress\">A: Jos olet ostanut Ammatilaisversion ja saat viesti\u00e4 ollessasi asetuksissa \u201cT\u00e4m\u00e4 ominaisuus ei ole k\u00e4ytett\u00e4viss\u00e4 t\u00e4ss\u00e4 versiossa. Siirry parempaan versioon\u201d, mene tiedosto-&gt; aktivoiminen-&gt; poista k\u00e4yt\u00f6st\u00e4 TemplateToaster, Nyt mene tiedosto-&gt; asetukset ja valitse Professional Edition ja uudestaan aktivoi TemplateToaster.<\/p>\n<h4 class=\"joomla\">Q: Asetatteko rajoituksia koeversiossa?<\/h4>\n<p class=\"wordpress\">A: Koeversio lis\u00e4\u00e4 vesimerkkej\u00e4 vietyihin malleihin ja et voi tallentaa projektejasi .ttr tiedostoina tulevaa muokkausta varten, mutta voit vied\u00e4 tiedoston asentaaksesi sen CMSs\u00e4\u00e4n kuten WordPress, jooma jne.<\/p>\n<h4 class=\"joomla\">Q: Voinko suunnitella malleja\/nettisivuja\/teemoja asiakkailleni?<\/h4>\n<p class=\"wordpress\">A: Kyll\u00e4, meill\u00e4 ei ole mit\u00e4\u00e4n rajoituksia sit\u00e4 varten.<\/p>\n<h4 class=\"joomla\">Q: Mik\u00e4 on suurin tuettu kuvakoko?<\/h4>\n<p class=\"wordpress\">A: TemplateToaster v6 tukee enint\u00e4\u00e4n 2000 px kuvia mutta sin\u00e4 voit k\u00e4ytt\u00e4\u00e4 mit\u00e4 tahansa kokoa v7:ssa.<\/p>\n<h4 class=\"joomla\">Q: Sinun demovideossasi ei ole \u00e4\u00e4nt\u00e4.<\/h4>\n<p>A: Meill\u00e4 on asiakkaita ymp\u00e4ri maailman ketk\u00e4 puhuvat eri kieli\u00e4 joten \u00e4\u00e4ni ei ole mahdollista. Olette vapaita\u00a0\u00a0<a href=\"https:\/\/templatetoaster.com\/support\/\" target=\"_blank\" rel=\"noopener\">kysym\u00e4\u00e4n kysymyksi\u00e4 t\u00e4\u00e4ll\u00e4.<\/a><\/div>\n","protected":false},"excerpt":{"rendered":"<p>TemplateToasterin usein kysyttyj\u00e4 kysymyksi\u00e4 Q: Voinko siirt\u00e4\u00e4 TemplateToasterin yhdest\u00e4 tietokoneesta toiseen? A: Kyll\u00e4, yksinkertaisesti poistaa TemplateToaster nykyisest\u00e4 tietokoneesta, Asenna se uuteen tietokoneeseen ja voit aktivoida sen uudelleen k\u00e4ytt\u00e4m\u00e4ll\u00e4 ostettu lisenssiavain. Q: Voinko asentaa sen enemm\u00e4n kuin yhdelle tietokoneelle? A: Ei, &hellip; <a href=\"https:\/\/templatetoaster.com\/fi\/faqs\">Continue Reading<span class=\"meta-nav\">&rarr;<\/span><\/a><\/p>\n","protected":false},"author":1,"featured_media":0,"parent":0,"menu_order":0,"comment_status":"closed","ping_status":"closed","template":"PageTemplate1.php","meta":{"footnotes":""},"yoast_head":"<!-- This site is optimized with the Yoast SEO plugin v23.5 - https:\/\/yoast.com\/wordpress\/plugins\/seo\/ -->\n<title>Usein Kysytyt Kysymykset - TemplateToaster<\/title>\n<meta name=\"description\" content=\"Olemme listanneed kaikki Usein Kysytyt Kysymykset (FAQ) t\u00e4\u00e4ll\u00e4.\" \/>\n<meta name=\"robots\" content=\"index, follow, max-snippet:-1, max-image-preview:large, max-video-preview:-1\" \/>\n<link rel=\"canonical\" href=\"https:\/\/templatetoaster.com\/fi\/faqs\" \/>\n<meta property=\"og:locale\" content=\"fi_FI\" \/>\n<meta property=\"og:type\" content=\"article\" \/>\n<meta property=\"og:title\" content=\"Usein Kysytyt Kysymykset - TemplateToaster\" \/>\n<meta property=\"og:description\" content=\"Olemme listanneed kaikki Usein Kysytyt Kysymykset (FAQ) t\u00e4\u00e4ll\u00e4.\" \/>\n<meta property=\"og:url\" content=\"https:\/\/templatetoaster.com\/fi\/faqs\" \/>\n<meta property=\"og:site_name\" content=\"TemplateToaster\" \/>\n<meta property=\"article:publisher\" content=\"https:\/\/www.facebook.com\/TemplateToaster\" \/>\n<meta property=\"article:modified_time\" content=\"2019-08-09T07:54:50+00:00\" \/>\n<meta property=\"og:image\" content=\"https:\/\/templatetoaster.com\/wp-content\/uploads\/2015\/07\/TemplateToaster-325X325.png\" \/>\n\t<meta property=\"og:image:width\" content=\"325\" \/>\n\t<meta property=\"og:image:height\" content=\"325\" \/>\n\t<meta property=\"og:image:type\" content=\"image\/png\" \/>\n<meta name=\"twitter:card\" content=\"summary_large_image\" \/>\n<meta name=\"twitter:site\" content=\"@templatetoaster\" \/>\n<meta name=\"twitter:label1\" content=\"Arvioitu lukuaika\" \/>\n\t<meta name=\"twitter:data1\" content=\"3 minuuttia\" \/>\n<script type=\"application\/ld+json\" class=\"yoast-schema-graph\">{\"@context\":\"https:\/\/schema.org\",\"@graph\":[{\"@type\":\"WebPage\",\"@id\":\"https:\/\/templatetoaster.com\/fi\/faqs\",\"url\":\"https:\/\/templatetoaster.com\/fi\/faqs\",\"name\":\"Usein Kysytyt Kysymykset - TemplateToaster\",\"isPartOf\":{\"@id\":\"https:\/\/templatetoaster.com\/#website\"},\"datePublished\":\"2018-04-14T07:55:55+00:00\",\"dateModified\":\"2019-08-09T07:54:50+00:00\",\"description\":\"Olemme listanneed kaikki Usein Kysytyt Kysymykset (FAQ) t\u00e4\u00e4ll\u00e4.\",\"breadcrumb\":{\"@id\":\"https:\/\/templatetoaster.com\/fi\/faqs#breadcrumb\"},\"inLanguage\":\"fi\",\"potentialAction\":[{\"@type\":\"ReadAction\",\"target\":[\"https:\/\/templatetoaster.com\/fi\/faqs\"]}]},{\"@type\":\"BreadcrumbList\",\"@id\":\"https:\/\/templatetoaster.com\/fi\/faqs#breadcrumb\",\"itemListElement\":[{\"@type\":\"ListItem\",\"position\":1,\"name\":\"Home\",\"item\":\"https:\/\/templatetoaster.com\/fi\"},{\"@type\":\"ListItem\",\"position\":2,\"name\":\"Usein Kysytyt Kysymykset\"}]},{\"@type\":\"WebSite\",\"@id\":\"https:\/\/templatetoaster.com\/#website\",\"url\":\"https:\/\/templatetoaster.com\/\",\"name\":\"TemplateToaster\",\"description\":\"\",\"publisher\":{\"@id\":\"https:\/\/templatetoaster.com\/#organization\"},\"inLanguage\":\"fi\"},{\"@type\":\"Organization\",\"@id\":\"https:\/\/templatetoaster.com\/#organization\",\"name\":\"TemplateToaster\",\"url\":\"https:\/\/templatetoaster.com\/\",\"logo\":{\"@type\":\"ImageObject\",\"inLanguage\":\"fi\",\"@id\":\"https:\/\/templatetoaster.com\/#\/schema\/logo\/image\/\",\"url\":\"https:\/\/templatetoaster.com\/wp-content\/uploads\/2019\/11\/TemplateToaster_Logo.jpg\",\"contentUrl\":\"https:\/\/templatetoaster.com\/wp-content\/uploads\/2019\/11\/TemplateToaster_Logo.jpg\",\"width\":85,\"height\":85,\"caption\":\"TemplateToaster\"},\"image\":{\"@id\":\"https:\/\/templatetoaster.com\/#\/schema\/logo\/image\/\"},\"sameAs\":[\"https:\/\/www.facebook.com\/TemplateToaster\",\"https:\/\/x.com\/templatetoaster\",\"https:\/\/www.instagram.com\/templatetoaster\/\",\"https:\/\/www.linkedin.com\/company\/templatetoaster\/\",\"https:\/\/www.pinterest.com\/templatetoaster\/\",\"https:\/\/www.youtube.com\/@TemplateToaster\"]}]}<\/script>\n<!-- \/ Yoast SEO plugin. -->","yoast_head_json":{"title":"Usein Kysytyt Kysymykset - TemplateToaster","description":"Olemme listanneed kaikki Usein Kysytyt Kysymykset (FAQ) t\u00e4\u00e4ll\u00e4.","robots":{"index":"index","follow":"follow","max-snippet":"max-snippet:-1","max-image-preview":"max-image-preview:large","max-video-preview":"max-video-preview:-1"},"canonical":"https:\/\/templatetoaster.com\/fi\/faqs","og_locale":"fi_FI","og_type":"article","og_title":"Usein Kysytyt Kysymykset - TemplateToaster","og_description":"Olemme listanneed kaikki Usein Kysytyt Kysymykset (FAQ) t\u00e4\u00e4ll\u00e4.","og_url":"https:\/\/templatetoaster.com\/fi\/faqs","og_site_name":"TemplateToaster","article_publisher":"https:\/\/www.facebook.com\/TemplateToaster","article_modified_time":"2019-08-09T07:54:50+00:00","og_image":[{"width":325,"height":325,"url":"https:\/\/templatetoaster.com\/wp-content\/uploads\/2015\/07\/TemplateToaster-325X325.png","type":"image\/png"}],"twitter_card":"summary_large_image","twitter_site":"@templatetoaster","twitter_misc":{"Arvioitu lukuaika":"3 minuuttia"},"schema":{"@context":"https:\/\/schema.org","@graph":[{"@type":"WebPage","@id":"https:\/\/templatetoaster.com\/fi\/faqs","url":"https:\/\/templatetoaster.com\/fi\/faqs","name":"Usein Kysytyt Kysymykset - TemplateToaster","isPartOf":{"@id":"https:\/\/templatetoaster.com\/#website"},"datePublished":"2018-04-14T07:55:55+00:00","dateModified":"2019-08-09T07:54:50+00:00","description":"Olemme listanneed kaikki Usein Kysytyt Kysymykset (FAQ) t\u00e4\u00e4ll\u00e4.","breadcrumb":{"@id":"https:\/\/templatetoaster.com\/fi\/faqs#breadcrumb"},"inLanguage":"fi","potentialAction":[{"@type":"ReadAction","target":["https:\/\/templatetoaster.com\/fi\/faqs"]}]},{"@type":"BreadcrumbList","@id":"https:\/\/templatetoaster.com\/fi\/faqs#breadcrumb","itemListElement":[{"@type":"ListItem","position":1,"name":"Home","item":"https:\/\/templatetoaster.com\/fi"},{"@type":"ListItem","position":2,"name":"Usein Kysytyt Kysymykset"}]},{"@type":"WebSite","@id":"https:\/\/templatetoaster.com\/#website","url":"https:\/\/templatetoaster.com\/","name":"TemplateToaster","description":"","publisher":{"@id":"https:\/\/templatetoaster.com\/#organization"},"inLanguage":"fi"},{"@type":"Organization","@id":"https:\/\/templatetoaster.com\/#organization","name":"TemplateToaster","url":"https:\/\/templatetoaster.com\/","logo":{"@type":"ImageObject","inLanguage":"fi","@id":"https:\/\/templatetoaster.com\/#\/schema\/logo\/image\/","url":"https:\/\/templatetoaster.com\/wp-content\/uploads\/2019\/11\/TemplateToaster_Logo.jpg","contentUrl":"https:\/\/templatetoaster.com\/wp-content\/uploads\/2019\/11\/TemplateToaster_Logo.jpg","width":85,"height":85,"caption":"TemplateToaster"},"image":{"@id":"https:\/\/templatetoaster.com\/#\/schema\/logo\/image\/"},"sameAs":["https:\/\/www.facebook.com\/TemplateToaster","https:\/\/x.com\/templatetoaster","https:\/\/www.instagram.com\/templatetoaster\/","https:\/\/www.linkedin.com\/company\/templatetoaster\/","https:\/\/www.pinterest.com\/templatetoaster\/","https:\/\/www.youtube.com\/@TemplateToaster"]}]}},"_links":{"self":[{"href":"https:\/\/templatetoaster.com\/fi\/wp-json\/wp\/v2\/pages\/4492"}],"collection":[{"href":"https:\/\/templatetoaster.com\/fi\/wp-json\/wp\/v2\/pages"}],"about":[{"href":"https:\/\/templatetoaster.com\/fi\/wp-json\/wp\/v2\/types\/page"}],"author":[{"embeddable":true,"href":"https:\/\/templatetoaster.com\/fi\/wp-json\/wp\/v2\/users\/1"}],"replies":[{"embeddable":true,"href":"https:\/\/templatetoaster.com\/fi\/wp-json\/wp\/v2\/comments?post=4492"}],"version-history":[{"count":3,"href":"https:\/\/templatetoaster.com\/fi\/wp-json\/wp\/v2\/pages\/4492\/revisions"}],"predecessor-version":[{"id":63963,"href":"https:\/\/templatetoaster.com\/fi\/wp-json\/wp\/v2\/pages\/4492\/revisions\/63963"}],"wp:attachment":[{"href":"https:\/\/templatetoaster.com\/fi\/wp-json\/wp\/v2\/media?parent=4492"}],"curies":[{"name":"wp","href":"https:\/\/api.w.org\/{rel}","templated":true}]}}