{"id":4483,"date":"2018-04-14T07:51:24","date_gmt":"2018-04-14T07:51:24","guid":{"rendered":"http:\/\/templatetoaster.com?page_id=4483"},"modified":"2019-08-20T07:26:31","modified_gmt":"2019-08-20T07:26:31","slug":"download","status":"publish","type":"page","link":"https:\/\/templatetoaster.com\/fi\/download","title":{"rendered":"Lataa"},"content":{"rendered":"<div class=\"ttr_download_section\">\n<h1 class=\"heading_border heading2\">Lataa TemplateToaster<\/h1>\n<p>T\u00e4ll\u00e4 sivulla on viimeisin TemplateToaster versio. Tarjoamme rajoittamattoman kokeiluversion, Voit <a style=\"text-decoration: underline;\" href=\"https:\/\/kb.templatetoaster.com\/templatetoaster-license-activation\/\" target=\"_blank\" rel=\"noopener\">Aktivoida TemplateToasterin<\/a> milloin tahansa ostamalla Aktivointi avaimen meid\u00e4n <a style=\"text-decoration: underline;\" href=\"https:\/\/templatetoaster.com\/fi\/purchase\" target=\"_blank\" rel=\"noopener\">Osta-sivulta<\/a>.<\/p>\n<div class=\"download_side\" style=\"text-align: center; font-size: 10px;\">\n<div class=\"download-release\">\n<p><a class=\"btn download_button\" href=\"https:\/\/templatetoaster.com\/downloads\/TemplateToaster.exe\">Lataa nyt<\/a><\/p>\n<div class=\"download-version\">\n<p><b>Versio: 8.1.0.21130 <\/b><\/p>\n<p>Julkaisup\u00e4iv\u00e4: Mar 23, 2026<\/p>\n<p><a style=\"font-size: 14px;\" href=\"https:\/\/templatetoaster.com\/changelog\">(Changelog) <\/a><\/p>\n<p>&nbsp;<\/p>\n<p><a style=\"font-size: 16px;\" href=\"https:\/\/templatetoaster.com\/downloads\/beta\/TemplateToaster-web.exe\">Lataa<\/a> TemplateToaster v8 Beta<\/p>\n<p>(<a style=\"font-size: 14px;\" href=\"https:\/\/templatetoaster.com\/templatetoaster-8\" target=\"_blank\" rel=\"noopener\">Mik\u00e4 on uutta<\/a>)<\/p>\n<\/div>\n<\/div>\n<\/div>\n<\/div>\n<div class=\"clearfix\"><\/div>\n<div class=\"ttr_download_section2 row\">\n<div class=\"ttr_download_section_content\">\n<h2 style=\"font-weight: 500;\">J\u00e4rjestelm\u00e4vaatimukset<\/h2>\n<p>Windows XP(SP3), Vista, Windows 7, Windows 8, Windows 8.1, Windows 10<\/p>\n<p>MAC Through Virtual Machines<\/p>\n<\/div>\n<\/div>\n","protected":false},"excerpt":{"rendered":"<p>Lataa TemplateToaster T\u00e4ll\u00e4 sivulla on viimeisin TemplateToaster versio. Tarjoamme rajoittamattoman kokeiluversion, Voit Aktivoida TemplateToasterin milloin tahansa ostamalla Aktivointi avaimen meid\u00e4n Osta-sivulta. Lataa nyt Versio: Julkaisup\u00e4iv\u00e4: (Changelog) &nbsp; Lataa TemplateToaster v8 Beta (Mik\u00e4 on uutta) J\u00e4rjestelm\u00e4vaatimukset Windows XP(SP3), Vista, Windows 7, &hellip; <a href=\"https:\/\/templatetoaster.com\/fi\/download\">Continue Reading<span class=\"meta-nav\">&rarr;<\/span><\/a><\/p>\n","protected":false},"author":1,"featured_media":0,"parent":0,"menu_order":0,"comment_status":"closed","ping_status":"closed","template":"PageTemplate1.php","meta":{"footnotes":""},"yoast_head":"<!-- This site is optimized with the Yoast SEO plugin v23.5 - https:\/\/yoast.com\/wordpress\/plugins\/seo\/ -->\n<title>Lataa - TemplateToaster<\/title>\n<meta name=\"description\" content=\"Lataa viimeisin stabiili versio TempleToaster ohjelmasta t\u00e4lt\u00e4 sivulta.\" \/>\n<meta name=\"robots\" content=\"index, follow, max-snippet:-1, max-image-preview:large, max-video-preview:-1\" \/>\n<link rel=\"canonical\" href=\"https:\/\/templatetoaster.com\/fi\/download\" \/>\n<meta property=\"og:locale\" content=\"fi_FI\" \/>\n<meta property=\"og:type\" content=\"article\" \/>\n<meta property=\"og:title\" content=\"Lataa - TemplateToaster\" \/>\n<meta property=\"og:description\" content=\"Lataa viimeisin stabiili versio TempleToaster ohjelmasta t\u00e4lt\u00e4 sivulta.\" \/>\n<meta property=\"og:url\" content=\"https:\/\/templatetoaster.com\/fi\/download\" \/>\n<meta property=\"og:site_name\" content=\"TemplateToaster\" \/>\n<meta property=\"article:publisher\" content=\"https:\/\/www.facebook.com\/TemplateToaster\" \/>\n<meta property=\"article:modified_time\" content=\"2019-08-20T07:26:31+00:00\" \/>\n<meta property=\"og:image\" content=\"https:\/\/templatetoaster.com\/wp-content\/uploads\/2015\/07\/TemplateToaster-325X325.png\" \/>\n\t<meta property=\"og:image:width\" content=\"325\" \/>\n\t<meta property=\"og:image:height\" content=\"325\" \/>\n\t<meta property=\"og:image:type\" content=\"image\/png\" \/>\n<meta name=\"twitter:card\" content=\"summary_large_image\" \/>\n<meta name=\"twitter:site\" content=\"@templatetoaster\" \/>\n<script type=\"application\/ld+json\" class=\"yoast-schema-graph\">{\"@context\":\"https:\/\/schema.org\",\"@graph\":[{\"@type\":\"WebPage\",\"@id\":\"https:\/\/templatetoaster.com\/fi\/download\",\"url\":\"https:\/\/templatetoaster.com\/fi\/download\",\"name\":\"Lataa - TemplateToaster\",\"isPartOf\":{\"@id\":\"https:\/\/templatetoaster.com\/#website\"},\"datePublished\":\"2018-04-14T07:51:24+00:00\",\"dateModified\":\"2019-08-20T07:26:31+00:00\",\"description\":\"Lataa viimeisin stabiili versio TempleToaster ohjelmasta t\u00e4lt\u00e4 sivulta.\",\"breadcrumb\":{\"@id\":\"https:\/\/templatetoaster.com\/fi\/download#breadcrumb\"},\"inLanguage\":\"fi\",\"potentialAction\":[{\"@type\":\"ReadAction\",\"target\":[\"https:\/\/templatetoaster.com\/fi\/download\"]}]},{\"@type\":\"BreadcrumbList\",\"@id\":\"https:\/\/templatetoaster.com\/fi\/download#breadcrumb\",\"itemListElement\":[{\"@type\":\"ListItem\",\"position\":1,\"name\":\"Home\",\"item\":\"https:\/\/templatetoaster.com\/fi\"},{\"@type\":\"ListItem\",\"position\":2,\"name\":\"Lataa\"}]},{\"@type\":\"WebSite\",\"@id\":\"https:\/\/templatetoaster.com\/#website\",\"url\":\"https:\/\/templatetoaster.com\/\",\"name\":\"TemplateToaster\",\"description\":\"\",\"publisher\":{\"@id\":\"https:\/\/templatetoaster.com\/#organization\"},\"inLanguage\":\"fi\"},{\"@type\":\"Organization\",\"@id\":\"https:\/\/templatetoaster.com\/#organization\",\"name\":\"TemplateToaster\",\"url\":\"https:\/\/templatetoaster.com\/\",\"logo\":{\"@type\":\"ImageObject\",\"inLanguage\":\"fi\",\"@id\":\"https:\/\/templatetoaster.com\/#\/schema\/logo\/image\/\",\"url\":\"https:\/\/templatetoaster.com\/wp-content\/uploads\/2019\/11\/TemplateToaster_Logo.jpg\",\"contentUrl\":\"https:\/\/templatetoaster.com\/wp-content\/uploads\/2019\/11\/TemplateToaster_Logo.jpg\",\"width\":85,\"height\":85,\"caption\":\"TemplateToaster\"},\"image\":{\"@id\":\"https:\/\/templatetoaster.com\/#\/schema\/logo\/image\/\"},\"sameAs\":[\"https:\/\/www.facebook.com\/TemplateToaster\",\"https:\/\/x.com\/templatetoaster\",\"https:\/\/www.instagram.com\/templatetoaster\/\",\"https:\/\/www.linkedin.com\/company\/templatetoaster\/\",\"https:\/\/www.pinterest.com\/templatetoaster\/\",\"https:\/\/www.youtube.com\/@TemplateToaster\"]}]}<\/script>\n<!-- \/ Yoast SEO plugin. -->","yoast_head_json":{"title":"Lataa - TemplateToaster","description":"Lataa viimeisin stabiili versio TempleToaster ohjelmasta t\u00e4lt\u00e4 sivulta.","robots":{"index":"index","follow":"follow","max-snippet":"max-snippet:-1","max-image-preview":"max-image-preview:large","max-video-preview":"max-video-preview:-1"},"canonical":"https:\/\/templatetoaster.com\/fi\/download","og_locale":"fi_FI","og_type":"article","og_title":"Lataa - TemplateToaster","og_description":"Lataa viimeisin stabiili versio TempleToaster ohjelmasta t\u00e4lt\u00e4 sivulta.","og_url":"https:\/\/templatetoaster.com\/fi\/download","og_site_name":"TemplateToaster","article_publisher":"https:\/\/www.facebook.com\/TemplateToaster","article_modified_time":"2019-08-20T07:26:31+00:00","og_image":[{"width":325,"height":325,"url":"https:\/\/templatetoaster.com\/wp-content\/uploads\/2015\/07\/TemplateToaster-325X325.png","type":"image\/png"}],"twitter_card":"summary_large_image","twitter_site":"@templatetoaster","schema":{"@context":"https:\/\/schema.org","@graph":[{"@type":"WebPage","@id":"https:\/\/templatetoaster.com\/fi\/download","url":"https:\/\/templatetoaster.com\/fi\/download","name":"Lataa - TemplateToaster","isPartOf":{"@id":"https:\/\/templatetoaster.com\/#website"},"datePublished":"2018-04-14T07:51:24+00:00","dateModified":"2019-08-20T07:26:31+00:00","description":"Lataa viimeisin stabiili versio TempleToaster ohjelmasta t\u00e4lt\u00e4 sivulta.","breadcrumb":{"@id":"https:\/\/templatetoaster.com\/fi\/download#breadcrumb"},"inLanguage":"fi","potentialAction":[{"@type":"ReadAction","target":["https:\/\/templatetoaster.com\/fi\/download"]}]},{"@type":"BreadcrumbList","@id":"https:\/\/templatetoaster.com\/fi\/download#breadcrumb","itemListElement":[{"@type":"ListItem","position":1,"name":"Home","item":"https:\/\/templatetoaster.com\/fi"},{"@type":"ListItem","position":2,"name":"Lataa"}]},{"@type":"WebSite","@id":"https:\/\/templatetoaster.com\/#website","url":"https:\/\/templatetoaster.com\/","name":"TemplateToaster","description":"","publisher":{"@id":"https:\/\/templatetoaster.com\/#organization"},"inLanguage":"fi"},{"@type":"Organization","@id":"https:\/\/templatetoaster.com\/#organization","name":"TemplateToaster","url":"https:\/\/templatetoaster.com\/","logo":{"@type":"ImageObject","inLanguage":"fi","@id":"https:\/\/templatetoaster.com\/#\/schema\/logo\/image\/","url":"https:\/\/templatetoaster.com\/wp-content\/uploads\/2019\/11\/TemplateToaster_Logo.jpg","contentUrl":"https:\/\/templatetoaster.com\/wp-content\/uploads\/2019\/11\/TemplateToaster_Logo.jpg","width":85,"height":85,"caption":"TemplateToaster"},"image":{"@id":"https:\/\/templatetoaster.com\/#\/schema\/logo\/image\/"},"sameAs":["https:\/\/www.facebook.com\/TemplateToaster","https:\/\/x.com\/templatetoaster","https:\/\/www.instagram.com\/templatetoaster\/","https:\/\/www.linkedin.com\/company\/templatetoaster\/","https:\/\/www.pinterest.com\/templatetoaster\/","https:\/\/www.youtube.com\/@TemplateToaster"]}]}},"_links":{"self":[{"href":"https:\/\/templatetoaster.com\/fi\/wp-json\/wp\/v2\/pages\/4483"}],"collection":[{"href":"https:\/\/templatetoaster.com\/fi\/wp-json\/wp\/v2\/pages"}],"about":[{"href":"https:\/\/templatetoaster.com\/fi\/wp-json\/wp\/v2\/types\/page"}],"author":[{"embeddable":true,"href":"https:\/\/templatetoaster.com\/fi\/wp-json\/wp\/v2\/users\/1"}],"replies":[{"embeddable":true,"href":"https:\/\/templatetoaster.com\/fi\/wp-json\/wp\/v2\/comments?post=4483"}],"version-history":[{"count":5,"href":"https:\/\/templatetoaster.com\/fi\/wp-json\/wp\/v2\/pages\/4483\/revisions"}],"predecessor-version":[{"id":64751,"href":"https:\/\/templatetoaster.com\/fi\/wp-json\/wp\/v2\/pages\/4483\/revisions\/64751"}],"wp:attachment":[{"href":"https:\/\/templatetoaster.com\/fi\/wp-json\/wp\/v2\/media?parent=4483"}],"curies":[{"name":"wp","href":"https:\/\/api.w.org\/{rel}","templated":true}]}}