{"id":4479,"date":"2018-04-14T07:48:35","date_gmt":"2018-04-14T07:48:35","guid":{"rendered":"http:\/\/templatetoaster.com?page_id=4479"},"modified":"2019-09-18T11:53:59","modified_gmt":"2019-09-18T11:53:59","slug":"documentation","status":"publish","type":"page","link":"https:\/\/templatetoaster.com\/fi\/documentation","title":{"rendered":"Dokumentointi"},"content":{"rendered":"<div class=\"documentation-main row\">\n<div class=\"documentation-tt row first-child\">\n<h1 style=\"background-size: 427px 1px;\">TemplateToaster asiakirjat<\/h1>\n<\/div>\n<div class=\"documentation-tt row last-child\">\n<div class=\"feature_container\">\n<div class=\"col-md-12 col-sm-12 col-xs-12\">\n<div class=\"basic-documentation\">\n<div class=\"basic\" style=\"margin: 5px 0px;\">\n<div class=\"documentation-ui\">\n<div class=\"basic-step\">\n<div class=\"col-md-3 col-sm-3 col-xs-12\">\n<span class=\"documentation-sprite explained\" style=\"height: 52px;width: 52px;\"><\/span><\/p>\n<p class=\"text-center\"><a href=\"https:\/\/kb.templatetoaster.com\/\">TemplateToaster UI Explained Online<\/a><\/p>\n<\/div>\n<div class=\"clearfix visible-xs-block\"><\/div>\n<div class=\"col-md-3 col-sm-3 col-xs-12\">\n<p><span class=\"documentation-sprite documentation\" style=\"height: 52px; width: 52px;\"><\/span><\/p>\n<p class=\"text-center\"><a href=\"https:\/\/templatetoaster.com\/downloads\/Documentation.pdf\" download=\"Documentation.pdf\">TemplateToaster User Manual PDF <\/a><\/p>\n<\/div>\n<div class=\"clearfix visible-xs-block\"><\/div>\n<div class=\"col-md-3 col-sm-3 col-xs-12\">\n<p><span class=\"documentation-sprite demo-video\" style=\"height: 52px;\twidth: 52px;\"><\/span><\/p>\n<p class=\"text-center\"><a href=\"https:\/\/templatetoaster.com\/fi\/demo\">Explanatory Video Tutorials Demo Videos <\/a><\/p>\n<\/div>\n<div class=\"clearfix visible-xs-block\"><\/div>\n<div class=\"col-md-3 col-sm-3 col-xs-12\">\n<p><span class=\"documentation-sprite screenshots\" style=\"height: 52px;\twidth: 52px;\"><\/span><\/p>\n<p class=\"text-center\"><a href=\"https:\/\/templatetoaster.com\/fi\/screenshots\">TemplateToaster UI Screenshots Images <\/a><\/p>\n<\/div>\n<div class=\"clearfix visible-lg-block visible-md-block visible-sm-block visible-xs-block\"><\/div>\n<\/div>\n<\/div>\n<\/div>\n<\/div>\n<\/div>\n<\/div>\n<\/div>\n<div class=\"documentation-tt row\">\n<div class=\"feature_container\">\n<div class=\"col-md-12 col-sm-12 col-xs-12\">\n<div class=\"basic upload_template\">\n<h2 class=\"media-heading\">Mallin asennusohjeet<\/h2>\n<ul class=\"cms-provide text-center\">\n<li><a href=\"https:\/\/templatetoaster.com\/fi\/wordpress\"><span class=\"documentation-sprite wordpress\" style=\"height: 50px;width: 55px;\"><\/span> WordPress Themes<\/a><\/li>\n<li><a href=\"https:\/\/templatetoaster.com\/fi\/joomla\"><span class=\"documentation-sprite joomla\" style=\"height: 50px;width: 55px;\"><\/span> Joomla Templates<\/a><\/li>\n<li><a href=\"https:\/\/templatetoaster.com\/fi\/drupal\"><span class=\"documentation-sprite drupal\" style=\"height: 50px;width: 55px;\"><\/span> Drupal Themes<\/a><\/li>\n<li><a href=\"https:\/\/templatetoaster.com\/fi\/magento\"><span class=\"documentation-sprite magento\" style=\"height: 50px;width: 55px;\"><\/span> Magento Themes<\/a><\/li>\n<li><a href=\"https:\/\/templatetoaster.com\/fi\/prestashop\"><span class=\"documentation-sprite prestashop\" style=\"height: 50px;width: 55px;\"><\/span> PrestaShop Themes<\/a><\/li>\n<li><a href=\"https:\/\/templatetoaster.com\/fi\/html_website\"><span class=\"documentation-sprite html-css\" style=\"height: 50px;width: 55px;\"><\/span> HTML5 \/ CSS3 Website<\/a><\/li>\n<li><a href=\"https:\/\/templatetoaster.com\/fi\/virtuemart\"><span class=\"documentation-sprite virtuemart\" style=\"height: 50px;width: 55px;\"><\/span> VirtueMart Themes<\/a><\/li>\n<li><a href=\"https:\/\/templatetoaster.com\/fi\/woocommerce\"><span class=\"documentation-sprite woocommerce\" style=\"height: 50px;width: 55px;\"><\/span> WooCommerce Themes<\/a><\/li>\n<li><a href=\"https:\/\/templatetoaster.com\/fi\/blogger\"><span class=\"documentation-sprite blogger\" style=\"height: 50px;width: 55px;\"><\/span> Blogger Templates<\/a><\/li>\n<li><a href=\"https:\/\/templatetoaster.com\/fi\/opencart\"><span class=\"documentation-sprite opencart\" style=\"height: 50px;width: 55px;\"><\/span> OpenCart Themes<\/a><\/li>\n<\/ul>\n<\/div>\n<\/div>\n<\/div>\n<\/div>\n<\/div>\n","protected":false},"excerpt":{"rendered":"<p>TemplateToaster asiakirjat TemplateToaster UI Explained Online TemplateToaster User Manual PDF Explanatory Video Tutorials Demo Videos TemplateToaster UI Screenshots Images Mallin asennusohjeet WordPress Themes Joomla Templates Drupal Themes Magento Themes PrestaShop Themes HTML5 \/ CSS3 Website VirtueMart Themes WooCommerce Themes Blogger &hellip; <a href=\"https:\/\/templatetoaster.com\/fi\/documentation\">Continue Reading<span class=\"meta-nav\">&rarr;<\/span><\/a><\/p>\n","protected":false},"author":1,"featured_media":0,"parent":0,"menu_order":0,"comment_status":"closed","ping_status":"closed","template":"","meta":{"footnotes":""},"yoast_head":"<!-- This site is optimized with the Yoast SEO plugin v23.5 - https:\/\/yoast.com\/wordpress\/plugins\/seo\/ -->\n<title>Dokumentointi - TemplateToaster<\/title>\n<meta name=\"description\" content=\"Miten vied\u00e4, siirt\u00e4\u00e4 ja asentaa sivupohjia, teemoja ja sivustoja palveluntarjoajasi kotisivutilaan, jotka on tehty TemplateToeasterilla.\" \/>\n<meta name=\"robots\" content=\"index, follow, max-snippet:-1, max-image-preview:large, max-video-preview:-1\" \/>\n<link rel=\"canonical\" href=\"https:\/\/templatetoaster.com\/fi\/documentation\" \/>\n<meta property=\"og:locale\" content=\"fi_FI\" \/>\n<meta property=\"og:type\" content=\"article\" \/>\n<meta property=\"og:title\" content=\"Dokumentointi - TemplateToaster\" \/>\n<meta property=\"og:description\" content=\"Miten vied\u00e4, siirt\u00e4\u00e4 ja asentaa sivupohjia, teemoja ja sivustoja palveluntarjoajasi kotisivutilaan, jotka on tehty TemplateToeasterilla.\" \/>\n<meta property=\"og:url\" content=\"https:\/\/templatetoaster.com\/fi\/documentation\" \/>\n<meta property=\"og:site_name\" content=\"TemplateToaster\" \/>\n<meta property=\"article:publisher\" content=\"https:\/\/www.facebook.com\/TemplateToaster\" \/>\n<meta property=\"article:modified_time\" content=\"2019-09-18T11:53:59+00:00\" \/>\n<meta property=\"og:image\" content=\"https:\/\/templatetoaster.com\/wp-content\/uploads\/2015\/07\/TemplateToaster-325X325.png\" \/>\n\t<meta property=\"og:image:width\" content=\"325\" \/>\n\t<meta property=\"og:image:height\" content=\"325\" \/>\n\t<meta property=\"og:image:type\" content=\"image\/png\" \/>\n<meta name=\"twitter:card\" content=\"summary_large_image\" \/>\n<meta name=\"twitter:site\" content=\"@templatetoaster\" \/>\n<script type=\"application\/ld+json\" class=\"yoast-schema-graph\">{\"@context\":\"https:\/\/schema.org\",\"@graph\":[{\"@type\":\"WebPage\",\"@id\":\"https:\/\/templatetoaster.com\/fi\/documentation\",\"url\":\"https:\/\/templatetoaster.com\/fi\/documentation\",\"name\":\"Dokumentointi - TemplateToaster\",\"isPartOf\":{\"@id\":\"https:\/\/templatetoaster.com\/#website\"},\"datePublished\":\"2018-04-14T07:48:35+00:00\",\"dateModified\":\"2019-09-18T11:53:59+00:00\",\"description\":\"Miten vied\u00e4, siirt\u00e4\u00e4 ja asentaa sivupohjia, teemoja ja sivustoja palveluntarjoajasi kotisivutilaan, jotka on tehty TemplateToeasterilla.\",\"breadcrumb\":{\"@id\":\"https:\/\/templatetoaster.com\/fi\/documentation#breadcrumb\"},\"inLanguage\":\"fi\",\"potentialAction\":[{\"@type\":\"ReadAction\",\"target\":[\"https:\/\/templatetoaster.com\/fi\/documentation\"]}]},{\"@type\":\"BreadcrumbList\",\"@id\":\"https:\/\/templatetoaster.com\/fi\/documentation#breadcrumb\",\"itemListElement\":[{\"@type\":\"ListItem\",\"position\":1,\"name\":\"Home\",\"item\":\"https:\/\/templatetoaster.com\/fi\"},{\"@type\":\"ListItem\",\"position\":2,\"name\":\"Dokumentointi\"}]},{\"@type\":\"WebSite\",\"@id\":\"https:\/\/templatetoaster.com\/#website\",\"url\":\"https:\/\/templatetoaster.com\/\",\"name\":\"TemplateToaster\",\"description\":\"\",\"publisher\":{\"@id\":\"https:\/\/templatetoaster.com\/#organization\"},\"inLanguage\":\"fi\"},{\"@type\":\"Organization\",\"@id\":\"https:\/\/templatetoaster.com\/#organization\",\"name\":\"TemplateToaster\",\"url\":\"https:\/\/templatetoaster.com\/\",\"logo\":{\"@type\":\"ImageObject\",\"inLanguage\":\"fi\",\"@id\":\"https:\/\/templatetoaster.com\/#\/schema\/logo\/image\/\",\"url\":\"https:\/\/templatetoaster.com\/wp-content\/uploads\/2019\/11\/TemplateToaster_Logo.jpg\",\"contentUrl\":\"https:\/\/templatetoaster.com\/wp-content\/uploads\/2019\/11\/TemplateToaster_Logo.jpg\",\"width\":85,\"height\":85,\"caption\":\"TemplateToaster\"},\"image\":{\"@id\":\"https:\/\/templatetoaster.com\/#\/schema\/logo\/image\/\"},\"sameAs\":[\"https:\/\/www.facebook.com\/TemplateToaster\",\"https:\/\/x.com\/templatetoaster\",\"https:\/\/www.instagram.com\/templatetoaster\/\",\"https:\/\/www.linkedin.com\/company\/templatetoaster\/\",\"https:\/\/www.pinterest.com\/templatetoaster\/\",\"https:\/\/www.youtube.com\/@TemplateToaster\"]}]}<\/script>\n<!-- \/ Yoast SEO plugin. -->","yoast_head_json":{"title":"Dokumentointi - TemplateToaster","description":"Miten vied\u00e4, siirt\u00e4\u00e4 ja asentaa sivupohjia, teemoja ja sivustoja palveluntarjoajasi kotisivutilaan, jotka on tehty TemplateToeasterilla.","robots":{"index":"index","follow":"follow","max-snippet":"max-snippet:-1","max-image-preview":"max-image-preview:large","max-video-preview":"max-video-preview:-1"},"canonical":"https:\/\/templatetoaster.com\/fi\/documentation","og_locale":"fi_FI","og_type":"article","og_title":"Dokumentointi - TemplateToaster","og_description":"Miten vied\u00e4, siirt\u00e4\u00e4 ja asentaa sivupohjia, teemoja ja sivustoja palveluntarjoajasi kotisivutilaan, jotka on tehty TemplateToeasterilla.","og_url":"https:\/\/templatetoaster.com\/fi\/documentation","og_site_name":"TemplateToaster","article_publisher":"https:\/\/www.facebook.com\/TemplateToaster","article_modified_time":"2019-09-18T11:53:59+00:00","og_image":[{"width":325,"height":325,"url":"https:\/\/templatetoaster.com\/wp-content\/uploads\/2015\/07\/TemplateToaster-325X325.png","type":"image\/png"}],"twitter_card":"summary_large_image","twitter_site":"@templatetoaster","schema":{"@context":"https:\/\/schema.org","@graph":[{"@type":"WebPage","@id":"https:\/\/templatetoaster.com\/fi\/documentation","url":"https:\/\/templatetoaster.com\/fi\/documentation","name":"Dokumentointi - TemplateToaster","isPartOf":{"@id":"https:\/\/templatetoaster.com\/#website"},"datePublished":"2018-04-14T07:48:35+00:00","dateModified":"2019-09-18T11:53:59+00:00","description":"Miten vied\u00e4, siirt\u00e4\u00e4 ja asentaa sivupohjia, teemoja ja sivustoja palveluntarjoajasi kotisivutilaan, jotka on tehty TemplateToeasterilla.","breadcrumb":{"@id":"https:\/\/templatetoaster.com\/fi\/documentation#breadcrumb"},"inLanguage":"fi","potentialAction":[{"@type":"ReadAction","target":["https:\/\/templatetoaster.com\/fi\/documentation"]}]},{"@type":"BreadcrumbList","@id":"https:\/\/templatetoaster.com\/fi\/documentation#breadcrumb","itemListElement":[{"@type":"ListItem","position":1,"name":"Home","item":"https:\/\/templatetoaster.com\/fi"},{"@type":"ListItem","position":2,"name":"Dokumentointi"}]},{"@type":"WebSite","@id":"https:\/\/templatetoaster.com\/#website","url":"https:\/\/templatetoaster.com\/","name":"TemplateToaster","description":"","publisher":{"@id":"https:\/\/templatetoaster.com\/#organization"},"inLanguage":"fi"},{"@type":"Organization","@id":"https:\/\/templatetoaster.com\/#organization","name":"TemplateToaster","url":"https:\/\/templatetoaster.com\/","logo":{"@type":"ImageObject","inLanguage":"fi","@id":"https:\/\/templatetoaster.com\/#\/schema\/logo\/image\/","url":"https:\/\/templatetoaster.com\/wp-content\/uploads\/2019\/11\/TemplateToaster_Logo.jpg","contentUrl":"https:\/\/templatetoaster.com\/wp-content\/uploads\/2019\/11\/TemplateToaster_Logo.jpg","width":85,"height":85,"caption":"TemplateToaster"},"image":{"@id":"https:\/\/templatetoaster.com\/#\/schema\/logo\/image\/"},"sameAs":["https:\/\/www.facebook.com\/TemplateToaster","https:\/\/x.com\/templatetoaster","https:\/\/www.instagram.com\/templatetoaster\/","https:\/\/www.linkedin.com\/company\/templatetoaster\/","https:\/\/www.pinterest.com\/templatetoaster\/","https:\/\/www.youtube.com\/@TemplateToaster"]}]}},"_links":{"self":[{"href":"https:\/\/templatetoaster.com\/fi\/wp-json\/wp\/v2\/pages\/4479"}],"collection":[{"href":"https:\/\/templatetoaster.com\/fi\/wp-json\/wp\/v2\/pages"}],"about":[{"href":"https:\/\/templatetoaster.com\/fi\/wp-json\/wp\/v2\/types\/page"}],"author":[{"embeddable":true,"href":"https:\/\/templatetoaster.com\/fi\/wp-json\/wp\/v2\/users\/1"}],"replies":[{"embeddable":true,"href":"https:\/\/templatetoaster.com\/fi\/wp-json\/wp\/v2\/comments?post=4479"}],"version-history":[{"count":5,"href":"https:\/\/templatetoaster.com\/fi\/wp-json\/wp\/v2\/pages\/4479\/revisions"}],"predecessor-version":[{"id":67142,"href":"https:\/\/templatetoaster.com\/fi\/wp-json\/wp\/v2\/pages\/4479\/revisions\/67142"}],"wp:attachment":[{"href":"https:\/\/templatetoaster.com\/fi\/wp-json\/wp\/v2\/media?parent=4479"}],"curies":[{"name":"wp","href":"https:\/\/api.w.org\/{rel}","templated":true}]}}