{"id":4471,"date":"2018-04-14T07:27:02","date_gmt":"2018-04-14T07:27:02","guid":{"rendered":"http:\/\/templatetoaster.com?page_id=4471"},"modified":"2019-09-06T11:42:42","modified_gmt":"2019-09-06T11:42:42","slug":"bootstrap","status":"publish","type":"page","link":"https:\/\/templatetoaster.com\/fi\/bootstrap","title":{"rendered":"BootStrap Rakentaja | BootStrap mallipohja ohjelmisto | BootStrap Verkkosivu Rakentaja"},"content":{"rendered":"<div class=\"section1 wp-theme-generator\">\n<div style=\"margin: 115px 0 16px;\">\n<div class=\"section1-inner\">\n<h1>Bootstrap nettisivu rakentaja ohjelmisto<\/h1>\n<p class=\"text-center\">TemplateToaster on Bootstrapin kehikk\u00f6 pohjainen ohjelmisto, ja se on ideaali BootStrap rakentaja poikkeuksellisen vastaaviin sivustoihin.<\/p>\n<\/div>\n<div style=\"text-align: center;\"><a class=\"btn download_btn\" href=\"https:\/\/templatetoaster.com\/fi\/download\">Lataa nyt<\/a><\/div>\n<div class=\"clearfix\"><\/div>\n<\/div>\n<\/div>\n<p><!--- Mik\u00e4 on TemplateToaster --><\/p>\n<div class=\"section2 wp-theme-generator\">\n<div class=\"section2-inner-bs\">\n<h2>Miksi k\u00e4ytt\u00e4\u00e4 t\u00e4t\u00e4 BuildStrap rakentajaa<\/h2>\n<p>Se upottaa BootStrapin verkosto systeemin tuottaakseen optimaalisia tuloksia, lis\u00e4ksi t\u00e4m\u00e4 BootStrap generaattori on ideaali valinta ammattilaisten nettisivujen valmistamiseksi. Saat varmasti parhaan k\u00e4ytt\u00e4j\u00e4n kokemuksen toimialalla. Siit\u00e4 huolimatta, t\u00e4m\u00e4 BootStrap nettisivu rakentaja tarjoaa h\u00e4slinki vapaata k\u00e4ytt\u00e4mist\u00e4 amat\u00f6\u00f6reille ja ammattilaisille. Se sallii sinun rakentaa sinun omasi unelma sivusi tyhj\u00e4st\u00e4 kivuttomasti. Kaikki mit\u00e4 tarvitset omaa nettisivuasi varten on n\u00e4kymys siitt\u00e4 ja se tuo sen el\u00e4m\u00e4\u00e4n!<\/p>\n<\/div>\n<div class=\"row section2-bs\">\n<div class=\"col-lg-4 col-md-4 col-sm-6 col-xs-12\">\n<div style=\"padding: 20px;\">\n<div class=\"text-center\">\n<div class=\"wp_feature landing_page_svg code-standardization\"><\/div>\n<\/div>\n<h3 style=\"margin: 20px 0px 10px; text-align: center;\">koodi Standardointi<\/h3>\n<p class=\"text-center\">BootStrap kehikk\u00f6 on tunnettu sen standartoidusta puhtaasta koodista, ja se pit\u00e4\u00e4 siitt\u00e4 kiinni. BootStrap kehik\u00f6n k\u00e4ytt\u00e4minen takaa h\u00e4mm\u00e4stytt\u00e4v\u00e4n reagoivia teemoja.<\/p>\n<\/div>\n<\/div>\n<div class=\"clearfix visible-xs-block\"><\/div>\n<div class=\"col-lg-4 col-md-4 col-sm-6 col-xs-12\">\n<div style=\"padding: 20px;\">\n<div class=\"text-center\">\n<div class=\"wp_feature landing_page_svg theme-check-plugin-pass\"><\/div>\n<\/div>\n<h3 style=\"margin: 20px 0 10px; text-align: center;\">tuttu k\u00e4ytt\u00f6liittym\u00e4<\/h3>\n<p class=\"text-center\">Nyky\u00e4\u00e4n l\u00e4hes jokainen web-suunnittelija tuntee Bootstrapin, se on kehittynyt ja tehnyt BootStrapin k\u00e4yt\u00f6st\u00e4 todella simppeli\u00e4 ja helppoa k\u00e4ytt\u00e4\u00e4 sen helpolla k\u00e4ytt\u00e4j\u00e4liittym\u00e4ll\u00e4.<\/p>\n<\/div>\n<\/div>\n<div class=\"clearfix visible-sm-block visible-xs-block\"><\/div>\n<div class=\"col-lg-4 col-md-4 col-sm-6 col-xs-12\">\n<div style=\"padding: 20px;\">\n<div class=\"text-center\">\n<div class=\"wp_feature landing_page_svg responsive-web-design\"><\/div>\n<\/div>\n<h3 style=\"margin: 20px 0 10px; text-align: center;\">Reagointikyky<\/h3>\n<p class=\"text-center\">TempleToaster on uskomattoman reagoiva, t\u00e4m\u00e4 tekee nettisivustasi laite yst\u00e4v\u00e4llisemm\u00e4n kuin koskaan ennen. Sinun nettisivuja toimii t\u00e4ydellisesti jokaisella laitteella.<\/p>\n<\/div>\n<\/div>\n<div class=\"clearfix visible-lg-block visible-md-block visible-xs-block\"><\/div>\n<\/div>\n<p>Olemme t\u00e4ysin valmiita p\u00e4ivitt\u00e4\u00e4ksemme yhteensopimuutta BootStrap 4:\u00e4\u00e4n heti kun se julkaistaan.<\/p>\n<\/div>\n<p><!--- section 3 starts --><\/p>\n<div class=\"section3 wp-theme-generator\">\n<div class=\"section3-inner\">\n<h2>Kuinka TemplateToaster Works?<\/h2>\n<div class=\"row\">\n<div class=\"col-lg-4 col-md-4 col-sm-6 col-xs-12\">\n<div class=\"media\">\n<div class=\"landing_page_svg download\"><\/div>\n<h3 class=\"text-center\">Lataa BootStrap generaattori<\/h3>\n<p class=\"text-center\">Lataa, asenna &amp; Aloita t\u00e4ll\u00e4 BootStrap generaattorilla ja yrit\u00e4 sit\u00e4 niin kauan kuin haluat, koska tarjoamme loputtoman koe-ajan.<\/p>\n<\/div>\n<\/div>\n<div class=\"clearfix visible-xs-block\"><\/div>\n<div class=\"col-lg-4 col-md-4 col-sm-6 col-xs-12\">\n<div class=\"media\">\n<div class=\"landing_page_svg build-wp-theme\"><\/div>\n<h3 class=\"text-center\">Suunnittele teemoja \/ Malleja \/ sivustoja<\/h3>\n<p class=\"text-center\">Suunnittele omasi toiveittesi mukaan. Voit aloittaa tyhj\u00e4st\u00e4 tai muokata n\u00e4yte-malleja saatavilla BootStrap generaattorista.<\/p>\n<\/div>\n<\/div>\n<div class=\"clearfix visible-sm-block visible-xs-block\"><\/div>\n<div class=\"col-lg-4 col-md-4 col-sm-6 col-xs-12\">\n<div class=\"media\">\n<div class=\"landing_page_svg export-upload\"><\/div>\n<h3 class=\"text-center\">Vienti ja lataus<\/h3>\n<p class=\"text-center\">Kun sinun mallisi on valmis, on aika exportata se. Nyt exporttaa teema tiedostot ja lataa ne sinun palvelimellesi.<\/p>\n<\/div>\n<\/div>\n<div class=\"clearfix visible-lg-block visible-md-block visible-sm-block visible-xs-block\"><\/div>\n<\/div>\n<\/div>\n<\/div>\n<div class=\"video-section wp-theme-generator\">\n<div class=\"container\">\n<h2 style=\"text-transform: none;\">Bootstrap Builder -demo<\/h2>\n<div class=\"youtube-video-place embed-responsive embed-responsive-4by3 \" data-yt-url=\"https:\/\/www.youtube.com\/embed\/PRbnZjCqasE?rel=0&amp;showinfo=0&amp;autoplay=1\">\n<p><img loading=\"lazy\" decoding=\"async\" class=\"alignnone size-full wp-image-65655\" src=\"https:\/\/templatetoaster.com\/wp-content\/uploads\/2019\/08\/Bootstrap-Builder-demo.jpg\" alt=\"Bootstrap Builder -demo\" width=\"1366\" height=\"728\" srcset=\"https:\/\/templatetoaster.com\/wp-content\/uploads\/2019\/08\/Bootstrap-Builder-demo.jpg 1366w, https:\/\/templatetoaster.com\/wp-content\/uploads\/2019\/08\/Bootstrap-Builder-demo-1000x533.jpg 1000w, https:\/\/templatetoaster.com\/wp-content\/uploads\/2019\/08\/Bootstrap-Builder-demo-300x160.jpg 300w, https:\/\/templatetoaster.com\/wp-content\/uploads\/2019\/08\/Bootstrap-Builder-demo-768x409.jpg 768w, https:\/\/templatetoaster.com\/wp-content\/uploads\/2019\/08\/Bootstrap-Builder-demo-1024x546.jpg 1024w\" sizes=\"(max-width: 1366px) 100vw, 1366px\" \/><\/p>\n<div class=\"play-youtube-video\">\n<div class=\"landing_page_svg\"><\/div>\n<\/div>\n<\/div>\n<\/div>\n<\/div>\n<p><!--- section 6 starts --><\/p>\n<div class=\"section6 wp-theme-generator\" style=\"padding: 50px 10px; background-color: #f1f4f8;\">\n<div style=\"margin: 70px 0px 20px;\">\n<h2>WordPress Bootstrap Theme Builder<\/h2>\n<div class=\"section-center\" style=\"padding-bottom: 50px;\">\n<div class=\"main-cms-section\">\n<div class=\"cms-section\">\n<div class=\"text-center\">\n<div class=\"wp_feature landing_page_svg wordpress\"><\/div>\n<\/div>\n<\/div>\n<div class=\"cms-section\">\n<div class=\"text-center\">\n<div class=\"wp_feature landing_page_svg woocommerce\"><\/div>\n<\/div>\n<\/div>\n<\/div>\n<div class=\"other-cms-section\">\n<div class=\"cms-section\">\n<div class=\"text-center\">\n<div class=\"wp_feature landing_page_svg joomla\"><\/div>\n<\/div>\n<\/div>\n<div class=\"cms-section\">\n<div class=\"text-center\">\n<div class=\"wp_feature landing_page_svg drupal\"><\/div>\n<\/div>\n<\/div>\n<div class=\"cms-section\">\n<div class=\"text-center\">\n<div class=\"wp_feature landing_page_svg blogger\"><\/div>\n<\/div>\n<\/div>\n<div class=\"cms-section\">\n<div class=\"text-center\">\n<div class=\"wp_feature landing_page_svg magento\"><\/div>\n<\/div>\n<\/div>\n<div class=\"cms-section\">\n<div class=\"text-center\">\n<div class=\"wp_feature landing_page_svg prestashop\"><\/div>\n<\/div>\n<\/div>\n<div class=\"cms-section\">\n<div class=\"text-center\">\n<div class=\"wp_feature landing_page_svg opencart\"><\/div>\n<\/div>\n<\/div>\n<div class=\"cms-section\">\n<div class=\"text-center\">\n<div class=\"wp_feature landing_page_svg virtuemart\"><\/div>\n<\/div>\n<\/div>\n<div class=\"cms-section\">\n<div class=\"text-center\">\n<div class=\"wp_feature landing_page_svg html\"><\/div>\n<\/div>\n<\/div>\n<div class=\"section6-bs os-content\">\n<p>T\u00e4m\u00e4 BootStrap genetaattori tekee ihmeit\u00e4 omien teemojen ja mallien tekemiseen kaikille suurile sis\u00e4ll\u00f6nhallintaj\u00e4rjestelmille, mukaan lukien WordPress. Suunnittele t\u00e4ydellinen BootStrap teema WordPressille ilman huolia sen toiminnasta ja vastaavuus kyvyst\u00e4.<\/p>\n<p>Se on upotettu BootStrap kehikk\u00f6\u00f6n. T\u00e4m\u00e4 BootStrap rakentajan tavoitteena on tehd\u00e4 optimaalinen k\u00e4ytt\u00e4j\u00e4kokemus mill\u00e4 tahansa laitteella. T\u00e4m\u00e4n takia se on t\u00e4ydellinen valinta BootStrap rakentajaksi. Joten, aloita unelmiesi nettisivun rakentaminen t\u00e4n\u00e4\u00e4n.<\/p>\n<\/div>\n<\/div>\n<\/div>\n<div style=\"text-align: center; margin-top: 30px;\"><a class=\"btn download_btn\" href=\"https:\/\/templatetoaster.com\/fi\/download\">Lataa nyt<\/a><\/div>\n<\/div>\n<\/div>\n","protected":false},"excerpt":{"rendered":"<p>Bootstrap nettisivu rakentaja ohjelmisto TemplateToaster on Bootstrapin kehikk\u00f6 pohjainen ohjelmisto, ja se on ideaali BootStrap rakentaja poikkeuksellisen vastaaviin sivustoihin. Lataa nyt Miksi k\u00e4ytt\u00e4\u00e4 t\u00e4t\u00e4 BuildStrap rakentajaa Se upottaa BootStrapin verkosto systeemin tuottaakseen optimaalisia tuloksia, lis\u00e4ksi t\u00e4m\u00e4 BootStrap generaattori on ideaali &hellip; <a href=\"https:\/\/templatetoaster.com\/fi\/bootstrap\">Continue Reading<span class=\"meta-nav\">&rarr;<\/span><\/a><\/p>\n","protected":false},"author":1,"featured_media":0,"parent":0,"menu_order":0,"comment_status":"closed","ping_status":"closed","template":"","meta":{"footnotes":""},"yoast_head":"<!-- This site is optimized with the Yoast SEO plugin v23.5 - https:\/\/yoast.com\/wordpress\/plugins\/seo\/ -->\n<title>TemplateToaster<\/title>\n<meta name=\"description\" content=\"Luo verkkosivut, teemat ja pohjat t\u00e4ll\u00e4 Bootstrap rakentajalla. Valitse TemplateToaster, paras Bootstrap verkkosivurakentaja.\" \/>\n<meta name=\"robots\" content=\"index, follow, max-snippet:-1, max-image-preview:large, max-video-preview:-1\" \/>\n<link rel=\"canonical\" href=\"https:\/\/templatetoaster.com\/fi\/bootstrap\" \/>\n<meta property=\"og:locale\" content=\"fi_FI\" \/>\n<meta property=\"og:type\" content=\"article\" \/>\n<meta property=\"og:description\" content=\"Luo verkkosivut, teemat ja pohjat t\u00e4ll\u00e4 Bootstrap rakentajalla. Valitse TemplateToaster, paras Bootstrap verkkosivurakentaja.\" \/>\n<meta property=\"og:url\" content=\"https:\/\/templatetoaster.com\/fi\/bootstrap\" \/>\n<meta property=\"og:site_name\" content=\"TemplateToaster\" \/>\n<meta property=\"article:publisher\" content=\"https:\/\/www.facebook.com\/TemplateToaster\" \/>\n<meta property=\"article:modified_time\" content=\"2019-09-06T11:42:42+00:00\" \/>\n<meta property=\"og:image\" content=\"https:\/\/templatetoaster.com\/wp-content\/uploads\/2019\/08\/Bootstrap-Builder-demo.jpg\" \/>\n<meta name=\"twitter:card\" content=\"summary_large_image\" \/>\n<meta name=\"twitter:site\" content=\"@templatetoaster\" \/>\n<meta name=\"twitter:label1\" content=\"Arvioitu lukuaika\" \/>\n\t<meta name=\"twitter:data1\" content=\"2 minuuttia\" \/>\n<script type=\"application\/ld+json\" class=\"yoast-schema-graph\">{\"@context\":\"https:\/\/schema.org\",\"@graph\":[{\"@type\":\"WebPage\",\"@id\":\"https:\/\/templatetoaster.com\/fi\/bootstrap\",\"url\":\"https:\/\/templatetoaster.com\/fi\/bootstrap\",\"name\":\"\",\"isPartOf\":{\"@id\":\"https:\/\/templatetoaster.com\/#website\"},\"primaryImageOfPage\":{\"@id\":\"https:\/\/templatetoaster.com\/fi\/bootstrap#primaryimage\"},\"image\":{\"@id\":\"https:\/\/templatetoaster.com\/fi\/bootstrap#primaryimage\"},\"thumbnailUrl\":\"https:\/\/templatetoaster.com\/wp-content\/uploads\/2019\/08\/Bootstrap-Builder-demo.jpg\",\"datePublished\":\"2018-04-14T07:27:02+00:00\",\"dateModified\":\"2019-09-06T11:42:42+00:00\",\"description\":\"Luo verkkosivut, teemat ja pohjat t\u00e4ll\u00e4 Bootstrap rakentajalla. Valitse TemplateToaster, paras Bootstrap verkkosivurakentaja.\",\"breadcrumb\":{\"@id\":\"https:\/\/templatetoaster.com\/fi\/bootstrap#breadcrumb\"},\"inLanguage\":\"fi\",\"potentialAction\":[{\"@type\":\"ReadAction\",\"target\":[\"https:\/\/templatetoaster.com\/fi\/bootstrap\"]}]},{\"@type\":\"ImageObject\",\"inLanguage\":\"fi\",\"@id\":\"https:\/\/templatetoaster.com\/fi\/bootstrap#primaryimage\",\"url\":\"https:\/\/templatetoaster.com\/wp-content\/uploads\/2019\/08\/Bootstrap-Builder-demo.jpg\",\"contentUrl\":\"https:\/\/templatetoaster.com\/wp-content\/uploads\/2019\/08\/Bootstrap-Builder-demo.jpg\"},{\"@type\":\"BreadcrumbList\",\"@id\":\"https:\/\/templatetoaster.com\/fi\/bootstrap#breadcrumb\",\"itemListElement\":[{\"@type\":\"ListItem\",\"position\":1,\"name\":\"Home\",\"item\":\"https:\/\/templatetoaster.com\/fi\"},{\"@type\":\"ListItem\",\"position\":2,\"name\":\"BootStrap Rakentaja | BootStrap mallipohja ohjelmisto | BootStrap Verkkosivu Rakentaja\"}]},{\"@type\":\"WebSite\",\"@id\":\"https:\/\/templatetoaster.com\/#website\",\"url\":\"https:\/\/templatetoaster.com\/\",\"name\":\"TemplateToaster\",\"description\":\"\",\"publisher\":{\"@id\":\"https:\/\/templatetoaster.com\/#organization\"},\"inLanguage\":\"fi\"},{\"@type\":\"Organization\",\"@id\":\"https:\/\/templatetoaster.com\/#organization\",\"name\":\"TemplateToaster\",\"url\":\"https:\/\/templatetoaster.com\/\",\"logo\":{\"@type\":\"ImageObject\",\"inLanguage\":\"fi\",\"@id\":\"https:\/\/templatetoaster.com\/#\/schema\/logo\/image\/\",\"url\":\"https:\/\/templatetoaster.com\/wp-content\/uploads\/2019\/11\/TemplateToaster_Logo.jpg\",\"contentUrl\":\"https:\/\/templatetoaster.com\/wp-content\/uploads\/2019\/11\/TemplateToaster_Logo.jpg\",\"width\":85,\"height\":85,\"caption\":\"TemplateToaster\"},\"image\":{\"@id\":\"https:\/\/templatetoaster.com\/#\/schema\/logo\/image\/\"},\"sameAs\":[\"https:\/\/www.facebook.com\/TemplateToaster\",\"https:\/\/x.com\/templatetoaster\",\"https:\/\/www.instagram.com\/templatetoaster\/\",\"https:\/\/www.linkedin.com\/company\/templatetoaster\/\",\"https:\/\/www.pinterest.com\/templatetoaster\/\",\"https:\/\/www.youtube.com\/@TemplateToaster\"]}]}<\/script>\n<!-- \/ Yoast SEO plugin. -->","yoast_head_json":{"title":"TemplateToaster","description":"Luo verkkosivut, teemat ja pohjat t\u00e4ll\u00e4 Bootstrap rakentajalla. Valitse TemplateToaster, paras Bootstrap verkkosivurakentaja.","robots":{"index":"index","follow":"follow","max-snippet":"max-snippet:-1","max-image-preview":"max-image-preview:large","max-video-preview":"max-video-preview:-1"},"canonical":"https:\/\/templatetoaster.com\/fi\/bootstrap","og_locale":"fi_FI","og_type":"article","og_description":"Luo verkkosivut, teemat ja pohjat t\u00e4ll\u00e4 Bootstrap rakentajalla. Valitse TemplateToaster, paras Bootstrap verkkosivurakentaja.","og_url":"https:\/\/templatetoaster.com\/fi\/bootstrap","og_site_name":"TemplateToaster","article_publisher":"https:\/\/www.facebook.com\/TemplateToaster","article_modified_time":"2019-09-06T11:42:42+00:00","og_image":[{"url":"https:\/\/templatetoaster.com\/wp-content\/uploads\/2019\/08\/Bootstrap-Builder-demo.jpg"}],"twitter_card":"summary_large_image","twitter_site":"@templatetoaster","twitter_misc":{"Arvioitu lukuaika":"2 minuuttia"},"schema":{"@context":"https:\/\/schema.org","@graph":[{"@type":"WebPage","@id":"https:\/\/templatetoaster.com\/fi\/bootstrap","url":"https:\/\/templatetoaster.com\/fi\/bootstrap","name":"","isPartOf":{"@id":"https:\/\/templatetoaster.com\/#website"},"primaryImageOfPage":{"@id":"https:\/\/templatetoaster.com\/fi\/bootstrap#primaryimage"},"image":{"@id":"https:\/\/templatetoaster.com\/fi\/bootstrap#primaryimage"},"thumbnailUrl":"https:\/\/templatetoaster.com\/wp-content\/uploads\/2019\/08\/Bootstrap-Builder-demo.jpg","datePublished":"2018-04-14T07:27:02+00:00","dateModified":"2019-09-06T11:42:42+00:00","description":"Luo verkkosivut, teemat ja pohjat t\u00e4ll\u00e4 Bootstrap rakentajalla. Valitse TemplateToaster, paras Bootstrap verkkosivurakentaja.","breadcrumb":{"@id":"https:\/\/templatetoaster.com\/fi\/bootstrap#breadcrumb"},"inLanguage":"fi","potentialAction":[{"@type":"ReadAction","target":["https:\/\/templatetoaster.com\/fi\/bootstrap"]}]},{"@type":"ImageObject","inLanguage":"fi","@id":"https:\/\/templatetoaster.com\/fi\/bootstrap#primaryimage","url":"https:\/\/templatetoaster.com\/wp-content\/uploads\/2019\/08\/Bootstrap-Builder-demo.jpg","contentUrl":"https:\/\/templatetoaster.com\/wp-content\/uploads\/2019\/08\/Bootstrap-Builder-demo.jpg"},{"@type":"BreadcrumbList","@id":"https:\/\/templatetoaster.com\/fi\/bootstrap#breadcrumb","itemListElement":[{"@type":"ListItem","position":1,"name":"Home","item":"https:\/\/templatetoaster.com\/fi"},{"@type":"ListItem","position":2,"name":"BootStrap Rakentaja | BootStrap mallipohja ohjelmisto | BootStrap Verkkosivu Rakentaja"}]},{"@type":"WebSite","@id":"https:\/\/templatetoaster.com\/#website","url":"https:\/\/templatetoaster.com\/","name":"TemplateToaster","description":"","publisher":{"@id":"https:\/\/templatetoaster.com\/#organization"},"inLanguage":"fi"},{"@type":"Organization","@id":"https:\/\/templatetoaster.com\/#organization","name":"TemplateToaster","url":"https:\/\/templatetoaster.com\/","logo":{"@type":"ImageObject","inLanguage":"fi","@id":"https:\/\/templatetoaster.com\/#\/schema\/logo\/image\/","url":"https:\/\/templatetoaster.com\/wp-content\/uploads\/2019\/11\/TemplateToaster_Logo.jpg","contentUrl":"https:\/\/templatetoaster.com\/wp-content\/uploads\/2019\/11\/TemplateToaster_Logo.jpg","width":85,"height":85,"caption":"TemplateToaster"},"image":{"@id":"https:\/\/templatetoaster.com\/#\/schema\/logo\/image\/"},"sameAs":["https:\/\/www.facebook.com\/TemplateToaster","https:\/\/x.com\/templatetoaster","https:\/\/www.instagram.com\/templatetoaster\/","https:\/\/www.linkedin.com\/company\/templatetoaster\/","https:\/\/www.pinterest.com\/templatetoaster\/","https:\/\/www.youtube.com\/@TemplateToaster"]}]}},"_links":{"self":[{"href":"https:\/\/templatetoaster.com\/fi\/wp-json\/wp\/v2\/pages\/4471"}],"collection":[{"href":"https:\/\/templatetoaster.com\/fi\/wp-json\/wp\/v2\/pages"}],"about":[{"href":"https:\/\/templatetoaster.com\/fi\/wp-json\/wp\/v2\/types\/page"}],"author":[{"embeddable":true,"href":"https:\/\/templatetoaster.com\/fi\/wp-json\/wp\/v2\/users\/1"}],"replies":[{"embeddable":true,"href":"https:\/\/templatetoaster.com\/fi\/wp-json\/wp\/v2\/comments?post=4471"}],"version-history":[{"count":5,"href":"https:\/\/templatetoaster.com\/fi\/wp-json\/wp\/v2\/pages\/4471\/revisions"}],"predecessor-version":[{"id":66962,"href":"https:\/\/templatetoaster.com\/fi\/wp-json\/wp\/v2\/pages\/4471\/revisions\/66962"}],"wp:attachment":[{"href":"https:\/\/templatetoaster.com\/fi\/wp-json\/wp\/v2\/media?parent=4471"}],"curies":[{"name":"wp","href":"https:\/\/api.w.org\/{rel}","templated":true}]}}