{"id":4468,"date":"2018-04-14T07:18:05","date_gmt":"2018-04-14T07:18:05","guid":{"rendered":"http:\/\/templatetoaster.com?page_id=4468"},"modified":"2019-08-27T07:04:44","modified_gmt":"2019-08-27T07:04:44","slug":"blogger-template-creator","status":"publish","type":"page","link":"https:\/\/templatetoaster.com\/fi\/blogger-template-creator","title":{"rendered":"Blogger Mallin Rakentaja"},"content":{"rendered":"<div id=\"ttr_content_margin\">\n<div class=\"remove_collapsing_margins\"><\/div>\n<div class=\"section1 wp-theme-generator\">\n<div style=\"margin: 115px 0 16px;\">\n<h1>Blogger mallin Maker ett\u00e4 Designs Vain paras<\/h1>\n<p class=\"text-center\">Anna raikas ulkon\u00e4k\u00f6 Blogger verkkosivullesi. Luo Blogger Malleja ilman koodautietoa!<\/p>\n<div style=\"text-align: center;\"><a class=\"btn download_btn\" href=\"https:\/\/templatetoaster.com\/fi\/download\">Lataa nyt<\/a><\/div>\n<div class=\"clearfix\"><\/div>\n<\/div>\n<\/div>\n<p><!--- Mik\u00e4 on TempleToaster --><\/p>\n<div class=\"section2 wp-theme-generator\">\n<div class=\"section2-inner\">\n<h2>Miksi k\u00e4ytt\u00e4\u00e4 TemplateToaster Blogger Mallin rakentaja ohjelmistoa?<\/h2>\n<p>Luo Blogger Malleja sinun Blogger sivullesi k\u00e4ytt\u00e4j\u00e4 yst\u00e4v\u00e4llisell\u00e4 k\u00e4ytt\u00f6liittym\u00e4ll\u00e4. Anna uusi houkutteleva n\u00f6k\u00f6 sivullesi ja j\u00e4t\u00e4 katsojasi lumoutuneiksi. Ei tarvitse sotkea koodin kanssa!<\/p>\n<\/div>\n<\/div>\n<p><!--- section 3 starts --><\/p>\n<div class=\"section3 wp-theme-generator\">\n<div class=\"section3-inner\">\n<h2>Miten se toimii?<\/h2>\n<div class=\"row\">\n<div class=\"col-lg-4 col-md-4 col-sm-6 col-xs-12\">\n<div class=\"media\">\n<div class=\"landing_page_svg download\"><\/div>\n<h3 class=\"text-center\">Lataa TemplateToaster. Aloita!<\/h3>\n<p class=\"text-center\">Asentaa ohjelmisto minuuteissa! Kokeile ilmaiseksi rajoittamattoman ajan ja saa k\u00e4ytt\u00f6\u00f6n kaikki toiminnot. Aloitetaanpa ja suunnitellaan jotain ihmeellist\u00e4 t\u00e4n\u00e4\u00e4n!<\/p>\n<\/div>\n<\/div>\n<div class=\"clearfix visible-xs-block\"><\/div>\n<div class=\"col-lg-4 col-md-4 col-sm-6 col-xs-12\">\n<div class=\"media\">\n<div class=\"landing_page_svg build-wp-theme\"><\/div>\n<h3 class=\"text-center\">Lis\u00e4\u00e4 Runsaasti tyyli\u00e4. Ved\u00e4 &amp; Pudota!<\/h3>\n<p class=\"text-center\">Valitse laajasta malli valikoimasta ja muokkaa niit\u00e4 omiin tarpeisiisi! Tai aloita pohjalta ja lis\u00e4\u00e4 jokainen lohko itse! ved\u00e4 &amp; Pudota!<\/p>\n<\/div>\n<\/div>\n<div class=\"clearfix visible-sm-block visible-xs-block\"><\/div>\n<div class=\"col-lg-4 col-md-4 col-sm-6 col-xs-12\">\n<div class=\"media\">\n<div class=\"landing_page_svg export-upload\"><\/div>\n<h3 class=\"text-center\">K\u00e4yt\u00e4 Blogger malliasia!<\/h3>\n<p class=\"text-center\">Oletko tyytyv\u00e4inen kaikille pikkupaloille mallissasi? Nyt on aika exportata ja asentaa sinun uusi teemasi Blogger sivullesi!<\/p>\n<\/div>\n<\/div>\n<div class=\"clearfix visible-lg-block visible-md-block visible-sm-block visible-xs-block\"><\/div>\n<\/div>\n<\/div>\n<\/div>\n<div class=\"video-section wp-theme-generator\">\n<div class=\"container\">\n<h2 style=\"text-transform: none;\">Blogger-mallin luojan esittely<\/h2>\n<div class=\"youtube-video-place embed-responsive embed-responsive-4by3 \" data-yt-url=\"https:\/\/www.youtube.com\/embed\/ySdCPFNKfj0?rel=0&amp;showinfo=0&amp;autoplay=1\">\n<p><img loading=\"lazy\" decoding=\"async\" class=\"alignnone size-full wp-image-65609\" src=\"https:\/\/templatetoaster.com\/wp-content\/uploads\/2019\/08\/Blogger-mallin-luojan-esittely.jpg\" alt=\"Blogger-mallin luojan esittely\" width=\"1366\" height=\"728\" srcset=\"https:\/\/templatetoaster.com\/wp-content\/uploads\/2019\/08\/Blogger-mallin-luojan-esittely.jpg 1366w, https:\/\/templatetoaster.com\/wp-content\/uploads\/2019\/08\/Blogger-mallin-luojan-esittely-1000x533.jpg 1000w, https:\/\/templatetoaster.com\/wp-content\/uploads\/2019\/08\/Blogger-mallin-luojan-esittely-300x160.jpg 300w, https:\/\/templatetoaster.com\/wp-content\/uploads\/2019\/08\/Blogger-mallin-luojan-esittely-768x409.jpg 768w, https:\/\/templatetoaster.com\/wp-content\/uploads\/2019\/08\/Blogger-mallin-luojan-esittely-1024x546.jpg 1024w\" sizes=\"(max-width: 1366px) 100vw, 1366px\" \/><\/p>\n<div class=\"play-youtube-video\">\n<div class=\"landing_page_svg\"><\/div>\n<\/div>\n<\/div>\n<\/div>\n<\/div>\n<div class=\"section4 wp-theme-generator\">\n<h2>Demo Blogger mallin luojasta<\/h2>\n<p class=\"section4-paragraph\">T\u00e4ynn\u00e4 mahtavia ominaisuuksia, Katso mit\u00e4 t\u00e4ll\u00e4 tehokkaalla ohjelmistolla on tarjota.<\/p>\n<div class=\"row\">\n<div class=\"col-md-4 col-sm-6 col-sx-12\">\n<div style=\"padding: 20px;\">\n<div class=\"text-center\">\n<div class=\"wp_feature landing_page_svg custom-layout\"><\/div>\n<\/div>\n<h3 style=\"margin: 20px 0 10px; text-align: center;\">sivuasettelu asetukset<\/h3>\n<p class=\"text-center\">Luo Blogger Malli ja muokkaa se omaan tyyliisi! Valitse 1 sarakkeesta, 2 sarakkeesta (vasen sivupalkki, yksi sarake jne.) ja 3 sarakeesta (sivupalkki, yksi sarake jne.) valinnasta luodaksesi Blogger malli k\u00e4ytt\u00e4en sit\u00e4. Lis\u00e4\u00e4 taustakuva ja muuta fontti tyyli\u00e4, v\u00e4ri\u00e4 jne.<\/p>\n<\/div>\n<\/div>\n<div class=\"clearfix visible-xs-block\"><\/div>\n<div class=\"col-lg-4 col-md-4 col-sm-6 col-sx-12\">\n<div style=\"padding: 20px;\">\n<div class=\"text-center\">\n<div class=\"wp_feature landing_page_svg logo-placement\"><\/div>\n<\/div>\n<h3 style=\"margin: 20px 0px 10px; text-align: center;\">logo Paikannus<\/h3>\n<p class=\"text-center\">Haluatka parantaa br\u00e4ndisi vaikutusta Blogger nettisivullasi? Se on v\u00e4ltt\u00e4m\u00e4t\u00f6nt\u00e4 sijoittaa br\u00e4ndisi logo \/ palvelukset uskottavuutta ja luotettavuutta varten. K\u00e4ytt\u00e4en t\u00e4t\u00e4 ohjelmaa voit sijoittaa logosi valikkoon, yl\u00e4tunnisteeseen tai palkkiin. Valitse monista eri paikoista ja lis\u00e4\u00e4 se minne katsot sen sopivan.<\/p>\n<\/div>\n<\/div>\n<div class=\"clearfix visible-sm-block visible-xs-block\"><\/div>\n<div class=\"col-md-4 col-sm-6 col-sx-12\">\n<div style=\"padding: 20px;\">\n<div class=\"text-center\">\n<div class=\"wp_feature landing_page_svg bootstrap-compatibility\"><\/div>\n<\/div>\n<h3 style=\"margin: 20px 0 10px; text-align: center;\">Perustuen Bootstrap kehikkoon<\/h3>\n<p class=\"text-center\">Luo Blogger Mallisi suunniteltuna TemplateToasterilla, joka pohjautuu Bootstrappiin, joka on kaikista suosituin ulkoasukehikko. Se takaa, ett\u00e4 mallit ovat todella nopeasti reagoivia! T\u00e4ll\u00e4 hetkell\u00e4 se k\u00e4ytt\u00e4\u00e4 Bootstrap (v.3.3.7). Me pyrimme pit\u00e4m\u00e4\u00e4n ohjelmistomme aina p\u00e4iv\u00e4ntasalla!<\/p>\n<\/div>\n<\/div>\n<div class=\"clearfix visible-lg-block visible-md-block visible-xs-block\"><\/div>\n<div class=\"col-md-4 col-sm-6 col-sx-12\">\n<div style=\"padding: 20px;\">\n<div class=\"text-center\">\n<div class=\"wp_feature landing_page_svg styling-metadata\"><\/div>\n<\/div>\n<h3 style=\"margin: 20px 0 10px; text-align: center;\">Metadatan Muotoilu<\/h3>\n<p class=\"text-center\">Helpoita sivuston k\u00e4vij\u00f6it\u00e4 l\u00f6yt\u00e4m\u00e4\u00e4n painettavat linkit ja esikatselu sis\u00e4ll\u00f6st\u00e4, jota he voivat haluta lukea! K\u00e4ytt\u00e4en t\u00e4t\u00e4 Blogger teeman tekij\u00e4\u00e4 voit helposti muokata metadataa Blogger mallissa vaihtaen tyyli\u00e4, v\u00e4rej\u00e4, efektej\u00e4, varjoja ja paljon lis\u00e4\u00e4!<\/p>\n<\/div>\n<\/div>\n<div class=\"clearfix visible-sm-block visible-xs-block\"><\/div>\n<div class=\"col-lg-4 col-md-4 col-sm-6 col-sx-12\">\n<div style=\"padding: 20px;\">\n<div class=\"text-center\">\n<div class=\"wp_feature landing_page_svg social-media-integration\"><\/div>\n<\/div>\n<h3 style=\"margin: 20px 0 10px; text-align: center;\">Sosiaalinen media iknoni<\/h3>\n<p class=\"text-center\">Ajattele sivusto, jossa ei ole sosiaalisen median linkkej\u00e4! Mit\u00e4 ihmiset ajattelisiv\u00e4t sivustasi? Ei varmaan mit\u00e4\u00e4n positiivist\u00e4! Lis\u00e4\u00e4 painettavat sosiaalisen median linkit joko yl\u00e4tunnisteeseen tai alaviitteeseen tai molempiin. Tee sivustosi katsojista seuraajia nopeasti!<\/p>\n<\/div>\n<\/div>\n<div class=\"clearfix visible-xs-block\"><\/div>\n<div class=\"col-md-4 col-sm-6 col-sx-12\">\n<div style=\"padding: 20px;\">\n<div class=\"text-center\">\n<div class=\"wp_feature landing_page_svg responsive-web-design\"><\/div>\n<\/div>\n<h3 style=\"margin: 20px 0 10px; text-align: center;\">Reagoiva verkkosivusto<\/h3>\n<p class=\"text-center\">Blogger mallit, jotka ollaan tehty t\u00e4ll\u00e4 ohjelmistolla ovat t\u00e4ysin reagoivia! Mobiililaitteiden k\u00e4yt\u00f6n my\u00f6t\u00e4 k\u00e4ytt\u00e4j\u00e4kokemus niille my\u00f6s merkitsee paljon enemm\u00e4n. Mallit tehty ohjelmistolla tulevat render\u00f6im\u00e4\u00e4n t\u00e4ydellisesti p\u00f6yt\u00e4koneella, tableteilla ja mobiililla!<\/p>\n<\/div>\n<\/div>\n<div class=\"clearfix visible-lg-block visible-md-block visible-sm-block visible-xs-block\"><\/div>\n<\/div>\n<\/div>\n<p><!--Section Features with WP--><\/p>\n<div class=\"section5 wp-theme-generator\" style=\"padding: 70px 10px; margin-bottom: 2px;\">\n<div style=\"margin: 40px 0px 20px;\">\n<h2 style=\"margin-bottom: 65px;\">Parhaat ominaisuudet TemplateToasteriss\u00e4<\/h2>\n<div class=\"feature_with_wp row\">\n<div class=\"col-lg-4 col-md-4 col-sm-4 col-xs-6\">\n<div class=\"feature_wpimg\"><img decoding=\"async\" class=\"img-responsive\" src=\"https:\/\/templatetoaster.com\/wp-content\/uploads\/2017\/04\/multiple-language.png\" alt=\"Tukee useita kieli\u00e4\" \/><\/div>\n<\/div>\n<div class=\"col-lg-4 col-md-4 col-sm-4 col-xs-6\">\n<div class=\"feature_wpimg\"><img decoding=\"async\" class=\"img-responsive\" src=\"https:\/\/templatetoaster.com\/wp-content\/uploads\/2017\/04\/mobile-optimization.png\" alt=\"mobiilioptimointia\" \/><\/div>\n<\/div>\n<div class=\"clearfix visible-xs-block\"><\/div>\n<div class=\"col-lg-4 col-md-4 col-sm-4 col-xs-6\">\n<div class=\"feature_wpimg\"><img decoding=\"async\" class=\"img-responsive\" src=\"https:\/\/templatetoaster.com\/wp-content\/uploads\/2017\/04\/drag-drop.png\" alt=\"Raahaa ja pudota\" \/><\/div>\n<\/div>\n<div class=\"clearfix visible-lg-block visible-md-block visible-sm-block\"><\/div>\n<div class=\"col-lg-4 col-md-4 col-sm-4 col-xs-6\">\n<div class=\"feature_wpimg\"><img decoding=\"async\" class=\"img-responsive\" src=\"https:\/\/templatetoaster.com\/wp-content\/uploads\/2017\/04\/demo-templats.png\" alt=\"demo teemat\" \/><\/div>\n<\/div>\n<div class=\"clearfix visible-xs-block\"><\/div>\n<div class=\"col-lg-4 col-md-4 col-sm-4 col-xs-6\">\n<div class=\"feature_wpimg\"><img decoding=\"async\" class=\"img-responsive\" src=\"https:\/\/templatetoaster.com\/wp-content\/uploads\/2017\/04\/mega-menu.png\" alt=\"Mega Valikko\" \/><\/div>\n<\/div>\n<div class=\"col-lg-4 col-md-4 col-sm-4 col-xs-6\">\n<div class=\"feature_wpimg\"><img decoding=\"async\" class=\"img-responsive\" src=\"https:\/\/templatetoaster.com\/wp-content\/uploads\/2017\/04\/right-to-left.png\" alt=\"Oikealta vasemmalle\" \/><\/div>\n<\/div>\n<div class=\"clearfix visible-lg-block visible-md-block visible-sm-block visible-xs-block\"><\/div>\n<div class=\"col-lg-4 col-md-4 col-sm-4 col-xs-6\">\n<div class=\"feature_wpimg\"><img decoding=\"async\" class=\"img-responsive\" src=\"https:\/\/templatetoaster.com\/wp-content\/uploads\/2017\/04\/amazing-slideshow.png\" alt=\"Amazing diaesitys\" \/><\/div>\n<\/div>\n<div class=\"col-lg-4 col-md-4 col-sm-4 col-xs-6\">\n<div class=\"feature_wpimg\"><img decoding=\"async\" class=\"img-responsive\" src=\"https:\/\/templatetoaster.com\/wp-content\/uploads\/2017\/04\/zero-coding.png\" alt=\"ei koodausta\" \/><\/div>\n<\/div>\n<div class=\"clearfix visible-xs-block\"><\/div>\n<div class=\"col-lg-4 col-md-4 col-sm-4 col-xs-6\">\n<div class=\"feature_wpimg\"><img decoding=\"async\" class=\"img-responsive\" src=\"https:\/\/templatetoaster.com\/wp-content\/uploads\/2017\/04\/custom-css.png\" alt=\"Custom CSS, JS ja PHP\" \/><\/div>\n<\/div>\n<div class=\"clearfix visible-lg-block visible-md-block visible-sm-block visible-xs-block\"><\/div>\n<\/div>\n<\/div>\n<\/div>\n<p><!--Section Gallery--><\/p>\n<div class=\"section7 wp-theme-generator\" style=\"padding: 100px 10px; background-color: #f1f4f8; margin-bottom: 2px;\">\n<h2>Meid\u00e4n standardit<\/h2>\n<div class=\"row\">\n<div class=\"col-lg-4 col-md-4 col-sm-6 col-xs-12\">\n<div style=\"padding: 20px;\">\n<div class=\"text-center\">\n<div class=\"wp_feature landing_page_svg w3c-validation\"><\/div>\n<\/div>\n<h3 style=\"margin: 20px 0px 10px; text-align: center;\">W3C-validointia<\/h3>\n<p class=\"text-center\">Kansainv\u00e4listen standartien noudattaminen ja W3C validaatio, Bloggerin mallit tehty t\u00e4ll\u00e4 ohjelmalla ovat kauniisti saumattomia ja toimivat kaikilla suurilla selaimilla.<\/p>\n<\/div>\n<\/div>\n<div class=\"clearfix visible-xs-block\"><\/div>\n<div class=\"col-lg-4 col-md-4 col-sm-6 col-xs-12\">\n<div style=\"padding: 20px;\">\n<div class=\"text-center\">\n<div class=\"wp_feature landing_page_svg theme-check-plugin-pass\"><\/div>\n<\/div>\n<h3 style=\"margin: 20px 0 10px; text-align: center;\">HTML5 &amp; CSS3 standardit<\/h3>\n<p class=\"text-center\">TemplateToaster noudattaa uusimpia HTML5 &amp; CSS3 standarteja. T\u00e4m\u00e4n takia monipuolinen, puhdas ja dynaaminen sivusto luodaan minuuteiisa!<\/p>\n<\/div>\n<\/div>\n<div class=\"clearfix visible-sm-block visible-xs-block\"><\/div>\n<div class=\"col-lg-4 col-md-4 col-sm-6 col-xs-12\">\n<div style=\"padding: 20px;\">\n<div class=\"text-center\">\n<div class=\"wp_feature landing_page_svg page-speed\"><\/div>\n<\/div>\n<h3 style=\"margin: 20px 0 10px; text-align: center;\">Turbo Latausnopeus<\/h3>\n<p class=\"text-center\">Koska sivustolla ei ole raskaita DIVej\u00e4 ja koodin tyyli tehty Bloggerin Malleissa, sivustot latautuvat todella nopeasti. Latausnopeudet auttavat n\u00e4kyvyydess\u00e4 ja sen avulla saat lis\u00e4\u00e4 katsojia.<\/p>\n<\/div>\n<\/div>\n<div class=\"clearfix visible-lg-block visible-md-block visible-xs-block\"><\/div>\n<\/div>\n<\/div>\n<p><!--- section 6 starts --><\/p>\n<div class=\"section6 wp-theme-generator\" style=\"padding: 50px 10px;\">\n<div style=\"margin: 70px 0px 20px;\">\n<h2>Tukee kaikkia suuria CMSi\u00e4<\/h2>\n<div class=\"section-center\" style=\"padding-bottom: 50px;\">\n<div class=\"main-cms-section\">\n<div class=\"cms-section\">\n<div class=\"text-center\">\n<div class=\"wp_feature landing_page_svg blogger\"><\/div>\n<\/div>\n<\/div>\n<\/div>\n<div class=\"other-cms-section\">\n<div class=\"cms-section\">\n<div class=\"text-center\">\n<div class=\"wp_feature landing_page_svg wordpress\"><\/div>\n<\/div>\n<\/div>\n<div class=\"cms-section\">\n<div class=\"text-center\">\n<div class=\"wp_feature landing_page_svg drupal\"><\/div>\n<\/div>\n<\/div>\n<div class=\"cms-section\">\n<div class=\"text-center\">\n<div class=\"wp_feature landing_page_svg virtuemart\"><\/div>\n<\/div>\n<\/div>\n<div class=\"cms-section\">\n<div class=\"text-center\">\n<div class=\"wp_feature landing_page_svg joomla\"><\/div>\n<\/div>\n<\/div>\n<div class=\"cms-section\">\n<div class=\"text-center\">\n<div class=\"wp_feature landing_page_svg magento\"><\/div>\n<\/div>\n<\/div>\n<div class=\"cms-section\">\n<div class=\"text-center\">\n<div class=\"wp_feature landing_page_svg prestashop\"><\/div>\n<\/div>\n<\/div>\n<div class=\"cms-section\">\n<div class=\"text-center\">\n<div class=\"wp_feature landing_page_svg opencart\"><\/div>\n<\/div>\n<\/div>\n<div class=\"cms-section\">\n<div class=\"text-center\">\n<div class=\"wp_feature landing_page_svg woocommerce\"><\/div>\n<\/div>\n<\/div>\n<div class=\"cms-section\">\n<div class=\"text-center\">\n<div class=\"wp_feature landing_page_svg html\"><\/div>\n<\/div>\n<\/div>\n<\/div>\n<\/div>\n<div style=\"text-align: center; margin-top: 30px;\"><a class=\"btn download_btn\" href=\"https:\/\/templatetoaster.com\/fi\/download\">Lataa nyt<\/a><\/div>\n<\/div>\n<\/div>\n<\/div>\n","protected":false},"excerpt":{"rendered":"<p>Blogger mallin Maker ett\u00e4 Designs Vain paras Anna raikas ulkon\u00e4k\u00f6 Blogger verkkosivullesi. Luo Blogger Malleja ilman koodautietoa! Lataa nyt Miksi k\u00e4ytt\u00e4\u00e4 TemplateToaster Blogger Mallin rakentaja ohjelmistoa? Luo Blogger Malleja sinun Blogger sivullesi k\u00e4ytt\u00e4j\u00e4 yst\u00e4v\u00e4llisell\u00e4 k\u00e4ytt\u00f6liittym\u00e4ll\u00e4. Anna uusi houkutteleva n\u00f6k\u00f6 sivullesi &hellip; <a href=\"https:\/\/templatetoaster.com\/fi\/blogger-template-creator\">Continue Reading<span class=\"meta-nav\">&rarr;<\/span><\/a><\/p>\n","protected":false},"author":1,"featured_media":0,"parent":0,"menu_order":0,"comment_status":"closed","ping_status":"closed","template":"","meta":{"footnotes":""},"yoast_head":"<!-- This site is optimized with the Yoast SEO plugin v23.5 - https:\/\/yoast.com\/wordpress\/plugins\/seo\/ -->\n<title>Kaikista suuring Blogger mallin tekij\u00e4 ohjelmisto - TempleToaster<\/title>\n<meta name=\"description\" content=\"Luo Malleja, jotka miellytt\u00e4v\u00e4t kaikkia k\u00e4vij\u00f6it\u00e4. Houkuttelevat mallit minuuteissa TempleToasterlla - dynaaminen Blogger mallin tekij\u00e4 ohjelimist\u00f6. Ei koodipainajaisia!\" \/>\n<meta name=\"robots\" content=\"index, follow, max-snippet:-1, max-image-preview:large, max-video-preview:-1\" \/>\n<link rel=\"canonical\" href=\"https:\/\/templatetoaster.com\/fi\/blogger-template-creator\" \/>\n<meta property=\"og:locale\" content=\"fi_FI\" \/>\n<meta property=\"og:type\" content=\"article\" \/>\n<meta property=\"og:title\" content=\"Kaikista suuring Blogger mallin tekij\u00e4 ohjelmisto - TempleToaster\" \/>\n<meta property=\"og:description\" content=\"Luo Malleja, jotka miellytt\u00e4v\u00e4t kaikkia k\u00e4vij\u00f6it\u00e4. Houkuttelevat mallit minuuteissa TempleToasterlla - dynaaminen Blogger mallin tekij\u00e4 ohjelimist\u00f6. Ei koodipainajaisia!\" \/>\n<meta property=\"og:url\" content=\"https:\/\/templatetoaster.com\/fi\/blogger-template-creator\" \/>\n<meta property=\"og:site_name\" content=\"TemplateToaster\" \/>\n<meta property=\"article:publisher\" content=\"https:\/\/www.facebook.com\/TemplateToaster\" \/>\n<meta property=\"article:modified_time\" content=\"2019-08-27T07:04:44+00:00\" \/>\n<meta property=\"og:image\" content=\"https:\/\/templatetoaster.com\/wp-content\/uploads\/2019\/08\/Blogger-mallin-luojan-esittely.jpg\" \/>\n<meta name=\"twitter:card\" content=\"summary_large_image\" \/>\n<meta name=\"twitter:site\" content=\"@templatetoaster\" \/>\n<meta name=\"twitter:label1\" content=\"Arvioitu lukuaika\" \/>\n\t<meta name=\"twitter:data1\" content=\"3 minuuttia\" \/>\n<script type=\"application\/ld+json\" class=\"yoast-schema-graph\">{\"@context\":\"https:\/\/schema.org\",\"@graph\":[{\"@type\":\"WebPage\",\"@id\":\"https:\/\/templatetoaster.com\/fi\/blogger-template-creator\",\"url\":\"https:\/\/templatetoaster.com\/fi\/blogger-template-creator\",\"name\":\"Kaikista suuring Blogger mallin tekij\u00e4 ohjelmisto - TempleToaster\",\"isPartOf\":{\"@id\":\"https:\/\/templatetoaster.com\/#website\"},\"primaryImageOfPage\":{\"@id\":\"https:\/\/templatetoaster.com\/fi\/blogger-template-creator#primaryimage\"},\"image\":{\"@id\":\"https:\/\/templatetoaster.com\/fi\/blogger-template-creator#primaryimage\"},\"thumbnailUrl\":\"https:\/\/templatetoaster.com\/wp-content\/uploads\/2019\/08\/Blogger-mallin-luojan-esittely.jpg\",\"datePublished\":\"2018-04-14T07:18:05+00:00\",\"dateModified\":\"2019-08-27T07:04:44+00:00\",\"description\":\"Luo Malleja, jotka miellytt\u00e4v\u00e4t kaikkia k\u00e4vij\u00f6it\u00e4. Houkuttelevat mallit minuuteissa TempleToasterlla - dynaaminen Blogger mallin tekij\u00e4 ohjelimist\u00f6. Ei koodipainajaisia!\",\"breadcrumb\":{\"@id\":\"https:\/\/templatetoaster.com\/fi\/blogger-template-creator#breadcrumb\"},\"inLanguage\":\"fi\",\"potentialAction\":[{\"@type\":\"ReadAction\",\"target\":[\"https:\/\/templatetoaster.com\/fi\/blogger-template-creator\"]}]},{\"@type\":\"ImageObject\",\"inLanguage\":\"fi\",\"@id\":\"https:\/\/templatetoaster.com\/fi\/blogger-template-creator#primaryimage\",\"url\":\"https:\/\/templatetoaster.com\/wp-content\/uploads\/2019\/08\/Blogger-mallin-luojan-esittely.jpg\",\"contentUrl\":\"https:\/\/templatetoaster.com\/wp-content\/uploads\/2019\/08\/Blogger-mallin-luojan-esittely.jpg\"},{\"@type\":\"BreadcrumbList\",\"@id\":\"https:\/\/templatetoaster.com\/fi\/blogger-template-creator#breadcrumb\",\"itemListElement\":[{\"@type\":\"ListItem\",\"position\":1,\"name\":\"Home\",\"item\":\"https:\/\/templatetoaster.com\/fi\"},{\"@type\":\"ListItem\",\"position\":2,\"name\":\"Blogger Mallin Rakentaja\"}]},{\"@type\":\"WebSite\",\"@id\":\"https:\/\/templatetoaster.com\/#website\",\"url\":\"https:\/\/templatetoaster.com\/\",\"name\":\"TemplateToaster\",\"description\":\"\",\"publisher\":{\"@id\":\"https:\/\/templatetoaster.com\/#organization\"},\"inLanguage\":\"fi\"},{\"@type\":\"Organization\",\"@id\":\"https:\/\/templatetoaster.com\/#organization\",\"name\":\"TemplateToaster\",\"url\":\"https:\/\/templatetoaster.com\/\",\"logo\":{\"@type\":\"ImageObject\",\"inLanguage\":\"fi\",\"@id\":\"https:\/\/templatetoaster.com\/#\/schema\/logo\/image\/\",\"url\":\"https:\/\/templatetoaster.com\/wp-content\/uploads\/2019\/11\/TemplateToaster_Logo.jpg\",\"contentUrl\":\"https:\/\/templatetoaster.com\/wp-content\/uploads\/2019\/11\/TemplateToaster_Logo.jpg\",\"width\":85,\"height\":85,\"caption\":\"TemplateToaster\"},\"image\":{\"@id\":\"https:\/\/templatetoaster.com\/#\/schema\/logo\/image\/\"},\"sameAs\":[\"https:\/\/www.facebook.com\/TemplateToaster\",\"https:\/\/x.com\/templatetoaster\",\"https:\/\/www.instagram.com\/templatetoaster\/\",\"https:\/\/www.linkedin.com\/company\/templatetoaster\/\",\"https:\/\/www.pinterest.com\/templatetoaster\/\",\"https:\/\/www.youtube.com\/@TemplateToaster\"]}]}<\/script>\n<!-- \/ Yoast SEO plugin. -->","yoast_head_json":{"title":"Kaikista suuring Blogger mallin tekij\u00e4 ohjelmisto - TempleToaster","description":"Luo Malleja, jotka miellytt\u00e4v\u00e4t kaikkia k\u00e4vij\u00f6it\u00e4. Houkuttelevat mallit minuuteissa TempleToasterlla - dynaaminen Blogger mallin tekij\u00e4 ohjelimist\u00f6. Ei koodipainajaisia!","robots":{"index":"index","follow":"follow","max-snippet":"max-snippet:-1","max-image-preview":"max-image-preview:large","max-video-preview":"max-video-preview:-1"},"canonical":"https:\/\/templatetoaster.com\/fi\/blogger-template-creator","og_locale":"fi_FI","og_type":"article","og_title":"Kaikista suuring Blogger mallin tekij\u00e4 ohjelmisto - TempleToaster","og_description":"Luo Malleja, jotka miellytt\u00e4v\u00e4t kaikkia k\u00e4vij\u00f6it\u00e4. Houkuttelevat mallit minuuteissa TempleToasterlla - dynaaminen Blogger mallin tekij\u00e4 ohjelimist\u00f6. Ei koodipainajaisia!","og_url":"https:\/\/templatetoaster.com\/fi\/blogger-template-creator","og_site_name":"TemplateToaster","article_publisher":"https:\/\/www.facebook.com\/TemplateToaster","article_modified_time":"2019-08-27T07:04:44+00:00","og_image":[{"url":"https:\/\/templatetoaster.com\/wp-content\/uploads\/2019\/08\/Blogger-mallin-luojan-esittely.jpg"}],"twitter_card":"summary_large_image","twitter_site":"@templatetoaster","twitter_misc":{"Arvioitu lukuaika":"3 minuuttia"},"schema":{"@context":"https:\/\/schema.org","@graph":[{"@type":"WebPage","@id":"https:\/\/templatetoaster.com\/fi\/blogger-template-creator","url":"https:\/\/templatetoaster.com\/fi\/blogger-template-creator","name":"Kaikista suuring Blogger mallin tekij\u00e4 ohjelmisto - TempleToaster","isPartOf":{"@id":"https:\/\/templatetoaster.com\/#website"},"primaryImageOfPage":{"@id":"https:\/\/templatetoaster.com\/fi\/blogger-template-creator#primaryimage"},"image":{"@id":"https:\/\/templatetoaster.com\/fi\/blogger-template-creator#primaryimage"},"thumbnailUrl":"https:\/\/templatetoaster.com\/wp-content\/uploads\/2019\/08\/Blogger-mallin-luojan-esittely.jpg","datePublished":"2018-04-14T07:18:05+00:00","dateModified":"2019-08-27T07:04:44+00:00","description":"Luo Malleja, jotka miellytt\u00e4v\u00e4t kaikkia k\u00e4vij\u00f6it\u00e4. Houkuttelevat mallit minuuteissa TempleToasterlla - dynaaminen Blogger mallin tekij\u00e4 ohjelimist\u00f6. Ei koodipainajaisia!","breadcrumb":{"@id":"https:\/\/templatetoaster.com\/fi\/blogger-template-creator#breadcrumb"},"inLanguage":"fi","potentialAction":[{"@type":"ReadAction","target":["https:\/\/templatetoaster.com\/fi\/blogger-template-creator"]}]},{"@type":"ImageObject","inLanguage":"fi","@id":"https:\/\/templatetoaster.com\/fi\/blogger-template-creator#primaryimage","url":"https:\/\/templatetoaster.com\/wp-content\/uploads\/2019\/08\/Blogger-mallin-luojan-esittely.jpg","contentUrl":"https:\/\/templatetoaster.com\/wp-content\/uploads\/2019\/08\/Blogger-mallin-luojan-esittely.jpg"},{"@type":"BreadcrumbList","@id":"https:\/\/templatetoaster.com\/fi\/blogger-template-creator#breadcrumb","itemListElement":[{"@type":"ListItem","position":1,"name":"Home","item":"https:\/\/templatetoaster.com\/fi"},{"@type":"ListItem","position":2,"name":"Blogger Mallin Rakentaja"}]},{"@type":"WebSite","@id":"https:\/\/templatetoaster.com\/#website","url":"https:\/\/templatetoaster.com\/","name":"TemplateToaster","description":"","publisher":{"@id":"https:\/\/templatetoaster.com\/#organization"},"inLanguage":"fi"},{"@type":"Organization","@id":"https:\/\/templatetoaster.com\/#organization","name":"TemplateToaster","url":"https:\/\/templatetoaster.com\/","logo":{"@type":"ImageObject","inLanguage":"fi","@id":"https:\/\/templatetoaster.com\/#\/schema\/logo\/image\/","url":"https:\/\/templatetoaster.com\/wp-content\/uploads\/2019\/11\/TemplateToaster_Logo.jpg","contentUrl":"https:\/\/templatetoaster.com\/wp-content\/uploads\/2019\/11\/TemplateToaster_Logo.jpg","width":85,"height":85,"caption":"TemplateToaster"},"image":{"@id":"https:\/\/templatetoaster.com\/#\/schema\/logo\/image\/"},"sameAs":["https:\/\/www.facebook.com\/TemplateToaster","https:\/\/x.com\/templatetoaster","https:\/\/www.instagram.com\/templatetoaster\/","https:\/\/www.linkedin.com\/company\/templatetoaster\/","https:\/\/www.pinterest.com\/templatetoaster\/","https:\/\/www.youtube.com\/@TemplateToaster"]}]}},"_links":{"self":[{"href":"https:\/\/templatetoaster.com\/fi\/wp-json\/wp\/v2\/pages\/4468"}],"collection":[{"href":"https:\/\/templatetoaster.com\/fi\/wp-json\/wp\/v2\/pages"}],"about":[{"href":"https:\/\/templatetoaster.com\/fi\/wp-json\/wp\/v2\/types\/page"}],"author":[{"embeddable":true,"href":"https:\/\/templatetoaster.com\/fi\/wp-json\/wp\/v2\/users\/1"}],"replies":[{"embeddable":true,"href":"https:\/\/templatetoaster.com\/fi\/wp-json\/wp\/v2\/comments?post=4468"}],"version-history":[{"count":5,"href":"https:\/\/templatetoaster.com\/fi\/wp-json\/wp\/v2\/pages\/4468\/revisions"}],"predecessor-version":[{"id":65624,"href":"https:\/\/templatetoaster.com\/fi\/wp-json\/wp\/v2\/pages\/4468\/revisions\/65624"}],"wp:attachment":[{"href":"https:\/\/templatetoaster.com\/fi\/wp-json\/wp\/v2\/media?parent=4468"}],"curies":[{"name":"wp","href":"https:\/\/api.w.org\/{rel}","templated":true}]}}