{"id":4464,"date":"2018-04-14T07:15:01","date_gmt":"2018-04-14T07:15:01","guid":{"rendered":"http:\/\/templatetoaster.com?page_id=4464"},"modified":"2019-08-09T08:51:23","modified_gmt":"2019-08-09T08:51:23","slug":"affiliates","status":"publish","type":"page","link":"https:\/\/templatetoaster.com\/fi\/affiliates","title":{"rendered":"Kumppanit"},"content":{"rendered":"<div class=\"tt_affiliates_row row\">&nbsp;<\/p>\n<h1 class=\"heading_border\">TemplateToaster Affiliate-ohjelma<\/h1>\n<h4 class=\"joomla\">Promoa TemplateToasteria sivustossasi ja saa maksua siitt\u00e4!<\/h4>\n<p class=\"wordpress\">Saat\u00a0<strong>16%<\/strong> provision jokaisesta kauttasi tulevasta myynnist\u00e4!, joka on noin $25 for TemplateToaster Professional versiosta. Aloita TemplateToaster kumppanuus t\u00e4n\u00e4\u00e4n! Tuottemme ovat myynniss\u00e4 kumppanuusverkostomme kautta. Ala myyd\u00e4, kaikki sinun t\u00e4ytyy tehd\u00e4 on n\u00e4ytt\u00e4\u00e4 tuotetiedot ja &#8221;Osta nyt&#8221; linkki sivustollasi.<\/p>\n<h4 class=\"joomla\">Taattu kumppanuus provisio<\/h4>\n<p class=\"wordpress\">Kun vierailija seuraa linkki\u00e4 tai banneria sivustolta, seuraamme vierailijan<em>\u00a0tunnusta 120 kalenterip\u00e4iv\u00e4\u00e4<\/em>. Tuona aikana tehty tilaus\u00a0takaa sinulle provision.<\/p>\n<h4 class=\"joomla\">Se on yht\u00e4 helppoa kuin 1, 2, 3\u2026<\/h4>\n<p class=\"wordpress\">Huolehdimme tilausprosessin, tuotteen toimitus- ja asiakastuen.<br \/>\n\u2013 Et tarvitse mit\u00e4\u00e4n ohjelmistoa palvelimella, tai seurata lisenssej\u00e4<br \/>\n\u2013 Ei yhdistett\u00e4vyys liittyv\u00e4t laskutus- tai maksuja asiakkailta<br \/>\n\u2013 Ei avaus maksua, aloitus kustannuksia, ei piilotettuja suoritustavoitteita!<br \/>\nHy\u00f6dyt my\u00f6s kattavavilla kumppanuus raporteilla, joka n\u00e4ytt\u00e4\u00e4, miten edistyt.<\/p>\n<h4 class=\"joomla\">Kuukausimaksut<\/h4>\n<p class=\"wordpress\">Saat palkkiot kuukausittain, joko siirrettyn\u00e4 luottokorttitilillesi tai l\u00e4hetet\u00e4\u00e4n pankkisiirrolla, sekill\u00e4 tai PayPalilla.<\/p>\n<h4 class=\"joomla\">Ala myyd\u00e4 nyt!<\/h4>\n<p class=\"wordpress\"><em>K\u00e4yt\u00e4 myynnin edist\u00e4miseen k\u00e4ytett\u00e4viss\u00e4si olevia kanavia \u2013 sivustoa, uutiskirjett\u00e4, jne!<\/em> Muista \u2013 Mit\u00e4 enemm\u00e4n teet viittauslinkkej\u00e4, sit\u00e4 paremmat mahdollisuudet sinulla on ansaita rahaa verkkosivuston kautta!<\/p>\n<p style=\"text-align: center; clear: both;\"><a class=\"btn download_button btn-feature\" href=\"https:\/\/www.avangate.com\/affiliates\/sign-up.php?merchant=TEMPLATT&amp;template=Default+Template&amp;lang=en\">Liity nyt<\/a><\/p>\n<\/div>\n","protected":false},"excerpt":{"rendered":"<p>&nbsp; TemplateToaster Affiliate-ohjelma Promoa TemplateToasteria sivustossasi ja saa maksua siitt\u00e4! Saat\u00a016% provision jokaisesta kauttasi tulevasta myynnist\u00e4!, joka on noin $25 for TemplateToaster Professional versiosta. Aloita TemplateToaster kumppanuus t\u00e4n\u00e4\u00e4n! Tuottemme ovat myynniss\u00e4 kumppanuusverkostomme kautta. Ala myyd\u00e4, kaikki sinun t\u00e4ytyy tehd\u00e4 on &hellip; <a href=\"https:\/\/templatetoaster.com\/fi\/affiliates\">Continue Reading<span class=\"meta-nav\">&rarr;<\/span><\/a><\/p>\n","protected":false},"author":1,"featured_media":0,"parent":0,"menu_order":0,"comment_status":"closed","ping_status":"closed","template":"PageTemplate1.php","meta":{"footnotes":""},"yoast_head":"<!-- This site is optimized with the Yoast SEO plugin v23.5 - https:\/\/yoast.com\/wordpress\/plugins\/seo\/ -->\n<title>Kumppanit - TemplateToaster<\/title>\n<meta name=\"description\" content=\"Ryhdy TemplateToasterin kumppaniksi ja saat komissiota pienell\u00e4 vaivalla.\" \/>\n<meta name=\"robots\" content=\"index, follow, max-snippet:-1, max-image-preview:large, max-video-preview:-1\" \/>\n<link rel=\"canonical\" href=\"https:\/\/templatetoaster.com\/fi\/affiliates\" \/>\n<meta property=\"og:locale\" content=\"fi_FI\" \/>\n<meta property=\"og:type\" content=\"article\" \/>\n<meta property=\"og:title\" content=\"Kumppanit - TemplateToaster\" \/>\n<meta property=\"og:description\" content=\"Ryhdy TemplateToasterin kumppaniksi ja saat komissiota pienell\u00e4 vaivalla.\" \/>\n<meta property=\"og:url\" content=\"https:\/\/templatetoaster.com\/fi\/affiliates\" \/>\n<meta property=\"og:site_name\" content=\"TemplateToaster\" \/>\n<meta property=\"article:publisher\" content=\"https:\/\/www.facebook.com\/TemplateToaster\" \/>\n<meta property=\"article:modified_time\" content=\"2019-08-09T08:51:23+00:00\" \/>\n<meta property=\"og:image\" content=\"https:\/\/templatetoaster.com\/wp-content\/uploads\/2015\/07\/TemplateToaster-325X325.png\" \/>\n\t<meta property=\"og:image:width\" content=\"325\" \/>\n\t<meta property=\"og:image:height\" content=\"325\" \/>\n\t<meta property=\"og:image:type\" content=\"image\/png\" \/>\n<meta name=\"twitter:card\" content=\"summary_large_image\" \/>\n<meta name=\"twitter:site\" content=\"@templatetoaster\" \/>\n<meta name=\"twitter:label1\" content=\"Arvioitu lukuaika\" \/>\n\t<meta name=\"twitter:data1\" content=\"1 minuutti\" \/>\n<script type=\"application\/ld+json\" class=\"yoast-schema-graph\">{\"@context\":\"https:\/\/schema.org\",\"@graph\":[{\"@type\":\"WebPage\",\"@id\":\"https:\/\/templatetoaster.com\/fi\/affiliates\",\"url\":\"https:\/\/templatetoaster.com\/fi\/affiliates\",\"name\":\"Kumppanit - TemplateToaster\",\"isPartOf\":{\"@id\":\"https:\/\/templatetoaster.com\/#website\"},\"datePublished\":\"2018-04-14T07:15:01+00:00\",\"dateModified\":\"2019-08-09T08:51:23+00:00\",\"description\":\"Ryhdy TemplateToasterin kumppaniksi ja saat komissiota pienell\u00e4 vaivalla.\",\"breadcrumb\":{\"@id\":\"https:\/\/templatetoaster.com\/fi\/affiliates#breadcrumb\"},\"inLanguage\":\"fi\",\"potentialAction\":[{\"@type\":\"ReadAction\",\"target\":[\"https:\/\/templatetoaster.com\/fi\/affiliates\"]}]},{\"@type\":\"BreadcrumbList\",\"@id\":\"https:\/\/templatetoaster.com\/fi\/affiliates#breadcrumb\",\"itemListElement\":[{\"@type\":\"ListItem\",\"position\":1,\"name\":\"Home\",\"item\":\"https:\/\/templatetoaster.com\/fi\"},{\"@type\":\"ListItem\",\"position\":2,\"name\":\"Kumppanit\"}]},{\"@type\":\"WebSite\",\"@id\":\"https:\/\/templatetoaster.com\/#website\",\"url\":\"https:\/\/templatetoaster.com\/\",\"name\":\"TemplateToaster\",\"description\":\"\",\"publisher\":{\"@id\":\"https:\/\/templatetoaster.com\/#organization\"},\"inLanguage\":\"fi\"},{\"@type\":\"Organization\",\"@id\":\"https:\/\/templatetoaster.com\/#organization\",\"name\":\"TemplateToaster\",\"url\":\"https:\/\/templatetoaster.com\/\",\"logo\":{\"@type\":\"ImageObject\",\"inLanguage\":\"fi\",\"@id\":\"https:\/\/templatetoaster.com\/#\/schema\/logo\/image\/\",\"url\":\"https:\/\/templatetoaster.com\/wp-content\/uploads\/2019\/11\/TemplateToaster_Logo.jpg\",\"contentUrl\":\"https:\/\/templatetoaster.com\/wp-content\/uploads\/2019\/11\/TemplateToaster_Logo.jpg\",\"width\":85,\"height\":85,\"caption\":\"TemplateToaster\"},\"image\":{\"@id\":\"https:\/\/templatetoaster.com\/#\/schema\/logo\/image\/\"},\"sameAs\":[\"https:\/\/www.facebook.com\/TemplateToaster\",\"https:\/\/x.com\/templatetoaster\",\"https:\/\/www.instagram.com\/templatetoaster\/\",\"https:\/\/www.linkedin.com\/company\/templatetoaster\/\",\"https:\/\/www.pinterest.com\/templatetoaster\/\",\"https:\/\/www.youtube.com\/@TemplateToaster\"]}]}<\/script>\n<!-- \/ Yoast SEO plugin. -->","yoast_head_json":{"title":"Kumppanit - TemplateToaster","description":"Ryhdy TemplateToasterin kumppaniksi ja saat komissiota pienell\u00e4 vaivalla.","robots":{"index":"index","follow":"follow","max-snippet":"max-snippet:-1","max-image-preview":"max-image-preview:large","max-video-preview":"max-video-preview:-1"},"canonical":"https:\/\/templatetoaster.com\/fi\/affiliates","og_locale":"fi_FI","og_type":"article","og_title":"Kumppanit - TemplateToaster","og_description":"Ryhdy TemplateToasterin kumppaniksi ja saat komissiota pienell\u00e4 vaivalla.","og_url":"https:\/\/templatetoaster.com\/fi\/affiliates","og_site_name":"TemplateToaster","article_publisher":"https:\/\/www.facebook.com\/TemplateToaster","article_modified_time":"2019-08-09T08:51:23+00:00","og_image":[{"width":325,"height":325,"url":"https:\/\/templatetoaster.com\/wp-content\/uploads\/2015\/07\/TemplateToaster-325X325.png","type":"image\/png"}],"twitter_card":"summary_large_image","twitter_site":"@templatetoaster","twitter_misc":{"Arvioitu lukuaika":"1 minuutti"},"schema":{"@context":"https:\/\/schema.org","@graph":[{"@type":"WebPage","@id":"https:\/\/templatetoaster.com\/fi\/affiliates","url":"https:\/\/templatetoaster.com\/fi\/affiliates","name":"Kumppanit - TemplateToaster","isPartOf":{"@id":"https:\/\/templatetoaster.com\/#website"},"datePublished":"2018-04-14T07:15:01+00:00","dateModified":"2019-08-09T08:51:23+00:00","description":"Ryhdy TemplateToasterin kumppaniksi ja saat komissiota pienell\u00e4 vaivalla.","breadcrumb":{"@id":"https:\/\/templatetoaster.com\/fi\/affiliates#breadcrumb"},"inLanguage":"fi","potentialAction":[{"@type":"ReadAction","target":["https:\/\/templatetoaster.com\/fi\/affiliates"]}]},{"@type":"BreadcrumbList","@id":"https:\/\/templatetoaster.com\/fi\/affiliates#breadcrumb","itemListElement":[{"@type":"ListItem","position":1,"name":"Home","item":"https:\/\/templatetoaster.com\/fi"},{"@type":"ListItem","position":2,"name":"Kumppanit"}]},{"@type":"WebSite","@id":"https:\/\/templatetoaster.com\/#website","url":"https:\/\/templatetoaster.com\/","name":"TemplateToaster","description":"","publisher":{"@id":"https:\/\/templatetoaster.com\/#organization"},"inLanguage":"fi"},{"@type":"Organization","@id":"https:\/\/templatetoaster.com\/#organization","name":"TemplateToaster","url":"https:\/\/templatetoaster.com\/","logo":{"@type":"ImageObject","inLanguage":"fi","@id":"https:\/\/templatetoaster.com\/#\/schema\/logo\/image\/","url":"https:\/\/templatetoaster.com\/wp-content\/uploads\/2019\/11\/TemplateToaster_Logo.jpg","contentUrl":"https:\/\/templatetoaster.com\/wp-content\/uploads\/2019\/11\/TemplateToaster_Logo.jpg","width":85,"height":85,"caption":"TemplateToaster"},"image":{"@id":"https:\/\/templatetoaster.com\/#\/schema\/logo\/image\/"},"sameAs":["https:\/\/www.facebook.com\/TemplateToaster","https:\/\/x.com\/templatetoaster","https:\/\/www.instagram.com\/templatetoaster\/","https:\/\/www.linkedin.com\/company\/templatetoaster\/","https:\/\/www.pinterest.com\/templatetoaster\/","https:\/\/www.youtube.com\/@TemplateToaster"]}]}},"_links":{"self":[{"href":"https:\/\/templatetoaster.com\/fi\/wp-json\/wp\/v2\/pages\/4464"}],"collection":[{"href":"https:\/\/templatetoaster.com\/fi\/wp-json\/wp\/v2\/pages"}],"about":[{"href":"https:\/\/templatetoaster.com\/fi\/wp-json\/wp\/v2\/types\/page"}],"author":[{"embeddable":true,"href":"https:\/\/templatetoaster.com\/fi\/wp-json\/wp\/v2\/users\/1"}],"replies":[{"embeddable":true,"href":"https:\/\/templatetoaster.com\/fi\/wp-json\/wp\/v2\/comments?post=4464"}],"version-history":[{"count":3,"href":"https:\/\/templatetoaster.com\/fi\/wp-json\/wp\/v2\/pages\/4464\/revisions"}],"predecessor-version":[{"id":63979,"href":"https:\/\/templatetoaster.com\/fi\/wp-json\/wp\/v2\/pages\/4464\/revisions\/63979"}],"wp:attachment":[{"href":"https:\/\/templatetoaster.com\/fi\/wp-json\/wp\/v2\/media?parent=4464"}],"curies":[{"name":"wp","href":"https:\/\/api.w.org\/{rel}","templated":true}]}}