{"id":3932,"date":"2018-04-13T05:18:24","date_gmt":"2018-04-13T05:18:24","guid":{"rendered":"http:\/\/templatetoaster.com?page_id=3932"},"modified":"2020-11-19T07:44:06","modified_gmt":"2020-11-19T07:44:06","slug":"woocommerce-theme-builder","status":"publish","type":"page","link":"https:\/\/templatetoaster.com\/es\/woocommerce-theme-builder","title":{"rendered":"Constructor de temas de  WooCommerce"},"content":{"rendered":"<div class=\"section1 wp-theme-generator\">\n<div style=\"margin: 115px 0 16px\">\n<p><strong>Construya plantillas de WooCommerce con TemplateToaster<\/strong><\/p>\n<p>\u00a1Dise\u00f1e temas que den un nuevo impulso a su sitio web, y aumente sus ventas en tu tienda WooCommerce!<\/p>\n<p>&nbsp;<\/p>\n<p>Descarguelo ahora<\/p>\n<p>&nbsp;<\/p>\n<p><strong>\u00bfPor qu\u00e9 usar TemplateToaster para dise\u00f1ador Temas de WooCommerce?<\/strong><\/p>\n<p>El software fue creado de tal manera que usted tenga el control total sobre su tienda de comercio electr\u00f3nico sin necesidad de aprender codigo. Dise\u00f1e temas complejos con gran facilidad. Arrastre y suelte de la manera que le guste<\/p>\n<p><strong>\u00bfC\u00f3mo funciona?<\/strong><\/p>\n<p>&nbsp;<\/p>\n<p><strong>\u00a1Comencemos con un dise\u00f1o sencillo!<\/strong><\/p>\n<p>Instale TemplateToaster despu\u00e9s de descargarlo. Empiece a dise\u00f1ar apenas obtenga acceso a todas las funciones en la prueba gratuita \u00bf Qu\u00e9 est\u00e1 esperando?<\/p>\n<p>&nbsp;<\/p>\n<p>&nbsp;<\/p>\n<p><strong>Una interfaz\u00a0 que le permite dise\u00f1ar como un profesional en minutos<\/strong><\/p>\n<p>\u00a1Elija entre cientos de plantillas predise\u00f1adas o empiece desde cero!\u00a0 \u00a1Simplemente arrastre y suelte y a\u00f1ada estilos para dise\u00f1ar su tema de WooCommerce!<\/p>\n<p>&nbsp;<\/p>\n<p>&nbsp;<\/p>\n<p><strong>Instale el tema con unos pocos clicks<\/strong><\/p>\n<p>\u00bfFinalmente ha podido dise\u00f1ar su tema y esta satisfecho? Solo subalo en unos pocos clicks. \u00a1De esta forma su sitio\u00a0 sera reconocido!<\/p>\n<p><img decoding=\"async\" src=\"https:\/\/templatetoaster.com\/wp-content\/uploads\/2019\/05\/woocommerce-theme-builder.jpg\" alt=\"WooCommerce Theme Builder\" \/><\/p>\n<p>&nbsp;<\/p>\n<p><strong>Caracter\u00edsticas de TemplateToaster como Creador de Temas de WooCommerce<\/strong><\/p>\n<p>Templatetoaster viene con una gran cantidad de caractersticas asi como temas de dise\u00f1o<\/p>\n<p><strong>Compatibilidad de la versi\u00f3n<\/strong><\/p>\n<p>TemplateToaster es compatible con la \u00faltima versi\u00f3n de WordPress y WooCommerce. Dise\u00f1e temas con este dise\u00f1ador de temas de WooCommerce que no s\u00f3lo son visualmente perfectos, sino tambi\u00e9n perfectamente compatibles con estas versiones. \u00a1Nos mantenemos a la vanguardia con actualizaciones permanentes!<\/p>\n<p style=\"text-align: center\"><strong>Constructor de p\u00e1ginas<\/strong><\/p>\n<p>El avanzado constructor visual de p\u00e1ginas de TemplateToaster hace que sea muy sencillo a\u00f1adir tablas, filas, columnas, y todo lo\u00a0 que usted necesite para su post o\u00a0 su p\u00e1gina. Esto elimina la necesidad de plugins de dise\u00f1o adicionales en este dise\u00f1ador de WooCommerce!<\/p>\n<p>&nbsp;<\/p>\n<p>&nbsp;<\/p>\n<p><strong>Opciones de encabezado<\/strong><\/p>\n<p>El software viene con gran cantidad de opciones de encabezado para dise\u00f1ar un tema que sea atractivo. Elija entre 10 pre ajustes para el encabezado, a\u00f1ada un v\u00eddeo en primer plano, un logotipo, iconos de redes sociales, texturas, efectos, sombra, etc. y mucho m\u00e1s. La posici\u00f3n del encabezado se puede establecer debajo o encima del Men\u00fa.<\/p>\n<p>&nbsp;<\/p>\n<p>&nbsp;<\/p>\n<p style=\"text-align: center\">Estilo de p\u00e1gina y de Producto<\/p>\n<p>Mejore la presentaci\u00f3n de sus productos en su tienda WooCommerce a\u00f1adiendo un toque de estilo. Personalice el tipo de fuente del producto, las descripciones, las especificaciones agregue un boton para \u00abagregar al carrito\u00bb. et<\/p>\n<p>&nbsp;<\/p>\n<p style=\"text-align: center\"><strong>Multiples estilos de disposici\u00f3n de productos<\/strong><\/p>\n<p>Con este creador de temas podr\u00e1 elegir entra una vista de cuadricula y una vista de lista de productos. Elija entre una variedad de colores y tipos de fuentes, colores de fondo y m\u00e1s para hacer\u00a0 la p\u00e1gina mas atrayente<\/p>\n<p>&nbsp;<\/p>\n<p>&nbsp;<\/p>\n<p style=\"text-align: center\"><strong>P\u00e1gina de pago<\/strong><\/p>\n<p>Mejore el dise\u00f1o de la p\u00e1gina de pago de tu tienda WooCommerce para dar la mejor impresi\u00f3n al comprador antes de que abandone su sitio web. A\u00f1ada estilos personalizados a su p\u00e1gina modificando el color de fondo, los estilos de fuente, los tipos de letra seg\u00fan lo desee<\/p>\n<\/div>\n<\/div>\n<p><!--Section Features with WP--><\/p>\n<div class=\"section5 wp-theme-generator\" style=\"padding: 70px 10px;margin-bottom: 2px\">\n<div style=\"margin: 40px 0px 20px\">\n<h2 style=\"margin-bottom: 65px;text-transform: none\">Principales caracter\u00edsticas del TemplateToaster<\/h2>\n<div class=\"feature_with_wp row\">\n<div class=\"col-lg-4 col-md-4 col-sm-4 col-xs-6\">\n<div class=\"feature_wpimg\"><img decoding=\"async\" class=\"img-responsive\" src=\"https:\/\/templatetoaster.com\/wp-content\/uploads\/2017\/04\/multiple-language.png\" alt=\"Soporte para m\u00faltiples idiomas\" \/><\/div>\n<\/div>\n<div class=\"col-lg-4 col-md-4 col-sm-4 col-xs-6\">\n<div class=\"feature_wpimg\"><img decoding=\"async\" class=\"img-responsive\" src=\"https:\/\/templatetoaster.com\/wp-content\/uploads\/2017\/04\/mobile-optimization.png\" alt=\"Optimizaci\u00f3n m\u00f3vil\" \/><\/div>\n<\/div>\n<div class=\"clearfix visible-xs-block\"><\/div>\n<div class=\"col-lg-4 col-md-4 col-sm-4 col-xs-6\">\n<div class=\"feature_wpimg\"><img decoding=\"async\" class=\"img-responsive\" src=\"https:\/\/templatetoaster.com\/wp-content\/uploads\/2017\/04\/drag-drop.png\" alt=\"Arrastrar y soltar\" \/><\/div>\n<\/div>\n<div class=\"clearfix visible-lg-block visible-md-block visible-sm-block\"><\/div>\n<div class=\"col-lg-4 col-md-4 col-sm-4 col-xs-6\">\n<div class=\"feature_wpimg\"><img decoding=\"async\" class=\"img-responsive\" src=\"https:\/\/templatetoaster.com\/wp-content\/uploads\/2017\/04\/demo-templats.png\" alt=\"temas de demostraci\u00f3n\" \/><\/div>\n<\/div>\n<div class=\"clearfix visible-xs-block\"><\/div>\n<div class=\"col-lg-4 col-md-4 col-sm-4 col-xs-6\">\n<div class=\"feature_wpimg\"><img decoding=\"async\" class=\"img-responsive\" src=\"https:\/\/templatetoaster.com\/wp-content\/uploads\/2017\/04\/mega-menu.png\" alt=\"Men\u00fa Mega\" \/><\/div>\n<\/div>\n<div class=\"col-lg-4 col-md-4 col-sm-4 col-xs-6\">\n<div class=\"feature_wpimg\"><img decoding=\"async\" class=\"img-responsive\" src=\"https:\/\/templatetoaster.com\/wp-content\/uploads\/2017\/04\/right-to-left.png\" alt=\"De derecha a izquierda\" \/><\/div>\n<\/div>\n<div class=\"clearfix visible-lg-block visible-md-block visible-sm-block visible-xs-block\"><\/div>\n<div class=\"col-lg-4 col-md-4 col-sm-4 col-xs-6\">\n<div class=\"feature_wpimg\"><img decoding=\"async\" class=\"img-responsive\" src=\"https:\/\/templatetoaster.com\/wp-content\/uploads\/2017\/04\/amazing-slideshow.png\" alt=\"Presentaci\u00f3n incre\u00edble\" \/><\/div>\n<\/div>\n<div class=\"col-lg-4 col-md-4 col-sm-4 col-xs-6\">\n<div class=\"feature_wpimg\"><img decoding=\"async\" class=\"img-responsive\" src=\"https:\/\/templatetoaster.com\/wp-content\/uploads\/2017\/04\/zero-coding.png\" alt=\"Codificaci\u00f3n cero\" \/><\/div>\n<\/div>\n<div class=\"clearfix visible-xs-block\"><\/div>\n<div class=\"col-lg-4 col-md-4 col-sm-4 col-xs-6\">\n<div class=\"feature_wpimg\"><img decoding=\"async\" class=\"img-responsive\" src=\"https:\/\/templatetoaster.com\/wp-content\/uploads\/2017\/04\/custom-css.png\" alt=\"Custom CSS, JS y PHP\" \/><\/div>\n<\/div>\n<div class=\"clearfix visible-lg-block visible-md-block visible-sm-block visible-xs-block\"><\/div>\n<\/div>\n<\/div>\n<\/div>\n<p><!--Section Gallery--><\/p>\n<div class=\"section7 wp-theme-generator\" style=\"padding: 100px 10px;background-color: #f1f4f8;margin-bottom: 2px\">\n<h2 style=\"text-transform: none\">Nuestros est\u00e1ndares de calidad<\/h2>\n<div class=\"row\">\n<div class=\"col-lg-4 col-md-4 col-sm-6 col-xs-12\">\n<div style=\"padding: 20px\">\n<div class=\"text-center\">\n<div><\/div>\n<div class=\"wp_feature landing_page_svg w3c-validation\">Validation de W3C<\/div>\n<\/div>\n<p class=\"text-center\">Esta p\u00e1gina web ha sido construida utilizando un c\u00f3digo que cumple con los est\u00e1ndares\u00a0<a class=\"link_highlighted\" href=\"https:\/\/context.reverso.net\/traduccion\/espanol-ingles\/W3C\" rel=\"nofollow\"><em>W3C<\/em><\/a> para HTML5 y CSS3.<\/p>\n<\/div>\n<\/div>\n<div class=\"clearfix visible-xs-block\"><\/div>\n<div class=\"col-lg-4 col-md-4 col-sm-6 col-xs-12\">\n<div style=\"padding: 20px\">\n<div class=\"text-center\">\n<div class=\"wp_feature landing_page_svg theme-check-plugin-pass\"><strong>Cumple con estandares HTML5 &amp; CSS3<\/strong><\/div>\n<\/div>\n<p class=\"text-center\">El software TemplateToaster se basa en los est\u00e1ndares HTML5 y CSS3, lo que le permite agregar elementos multimedia y mucho m\u00e1s. Dise\u00f1e un sitio web lleno de funciones en minutos.<\/p>\n<\/div>\n<\/div>\n<div class=\"clearfix visible-sm-block visible-xs-block\"><\/div>\n<div class=\"col-lg-4 col-md-4 col-sm-6 col-xs-12\">\n<div style=\"padding: 20px\">\n<div class=\"text-center\">\n<div class=\"wp_feature landing_page_svg page-speed\"><\/div>\n<\/div>\n<h3>P\u00e1ginas web r\u00e1pidas al cargar<\/h3>\n<p class=\"text-center\">Templatetoaster ofrece una gran rapidez en la carga de su sitio web, lo cual atraer\u00e1 a mas visitantes<\/p>\n<\/div>\n<\/div>\n<\/div>\n<\/div>\n<p><!--- section 6 starts --><\/p>\n<div class=\"section6 wp-theme-generator\" style=\"padding: 50px 10px\">\n<div style=\"margin: 70px 0px 20px\">\n<h2>Es compatible con todos los CMS, o sistemas de gesti\u00f3n de contenidos<\/h2>\n<div class=\"section-center\" style=\"padding-bottom: 50px\">\n<div class=\"main-cms-section\">\n<div class=\"cms-section\">\n<div class=\"text-center\">\n<div class=\"wp_feature landing_page_svg wordpress\"><\/div>\n<\/div>\n<\/div>\n<div class=\"cms-section\">\n<div class=\"text-center\">\n<div class=\"wp_feature landing_page_svg woocommerce\"><\/div>\n<\/div>\n<\/div>\n<\/div>\n<div class=\"other-cms-section\">\n<div class=\"cms-section\">\n<div class=\"text-center\">\n<div class=\"wp_feature landing_page_svg joomla\"><\/div>\n<\/div>\n<\/div>\n<div class=\"cms-section\">\n<div class=\"text-center\">\n<div class=\"wp_feature landing_page_svg drupal\"><\/div>\n<\/div>\n<\/div>\n<div class=\"cms-section\">\n<div class=\"text-center\">\n<div class=\"wp_feature landing_page_svg blogger\"><\/div>\n<\/div>\n<\/div>\n<div class=\"cms-section\">\n<div class=\"text-center\">\n<div class=\"wp_feature landing_page_svg magento\"><\/div>\n<\/div>\n<\/div>\n<div class=\"cms-section\">\n<div class=\"text-center\">\n<div class=\"wp_feature landing_page_svg prestashop\"><\/div>\n<\/div>\n<\/div>\n<div class=\"cms-section\">\n<div class=\"text-center\">\n<div class=\"wp_feature landing_page_svg opencart\"><\/div>\n<\/div>\n<\/div>\n<div class=\"cms-section\">\n<div class=\"text-center\">\n<div class=\"wp_feature landing_page_svg virtuemart\"><\/div>\n<\/div>\n<\/div>\n<div class=\"cms-section\">\n<div class=\"text-center\">\n<div class=\"wp_feature landing_page_svg html\"><\/div>\n<\/div>\n<\/div>\n<\/div>\n<\/div>\n<div style=\"text-align: center;margin-top: 30px\"><a class=\"btn download_btn\" href=\"https:\/\/templatetoaster.com\/es\/download\">Descargue ahora<\/a><\/div>\n<\/div>\n<\/div>\n","protected":false},"excerpt":{"rendered":"<p>Construya plantillas de WooCommerce con TemplateToaster \u00a1Dise\u00f1e temas que den un nuevo impulso a su sitio web, y aumente sus ventas en tu tienda WooCommerce! &nbsp; Descarguelo ahora &nbsp; \u00bfPor qu\u00e9 usar TemplateToaster para dise\u00f1ador Temas de WooCommerce? El software &hellip; <a href=\"https:\/\/templatetoaster.com\/es\/woocommerce-theme-builder\">Continue Reading<span class=\"meta-nav\">&rarr;<\/span><\/a><\/p>\n","protected":false},"author":1,"featured_media":0,"parent":0,"menu_order":0,"comment_status":"closed","ping_status":"closed","template":"","meta":{"footnotes":""},"yoast_head":"<!-- This site is optimized with the Yoast SEO plugin v23.5 - https:\/\/yoast.com\/wordpress\/plugins\/seo\/ -->\n<title>Constructor de temas de WooCommerce<\/title>\n<meta name=\"description\" content=\"Dise\u00f1e temas que vayan m\u00e1s all\u00e1 de la imaginaci\u00f3n con TemplateToaster - Un generador de temas WooCommerce que le libera del uso del codigo. \u00a1Hagalo como un profesional en minutos!\" \/>\n<meta name=\"robots\" content=\"index, follow, max-snippet:-1, max-image-preview:large, max-video-preview:-1\" \/>\n<link rel=\"canonical\" href=\"https:\/\/templatetoaster.com\/es\/woocommerce-theme-builder\" \/>\n<meta property=\"og:locale\" content=\"es_ES\" \/>\n<meta property=\"og:type\" content=\"article\" \/>\n<meta property=\"og:title\" content=\"Constructor de temas de WooCommerce\" \/>\n<meta property=\"og:description\" content=\"Dise\u00f1e temas que vayan m\u00e1s all\u00e1 de la imaginaci\u00f3n con TemplateToaster - Un generador de temas WooCommerce que le libera del uso del codigo. \u00a1Hagalo como un profesional en minutos!\" \/>\n<meta property=\"og:url\" content=\"https:\/\/templatetoaster.com\/es\/woocommerce-theme-builder\" \/>\n<meta property=\"og:site_name\" content=\"TemplateToaster\" \/>\n<meta property=\"article:publisher\" content=\"https:\/\/www.facebook.com\/TemplateToaster\" \/>\n<meta property=\"article:modified_time\" content=\"2020-11-19T07:44:06+00:00\" \/>\n<meta property=\"og:image\" content=\"https:\/\/templatetoaster.com\/wp-content\/uploads\/2019\/05\/woocommerce-theme-builder.jpg\" \/>\n<meta name=\"twitter:card\" content=\"summary_large_image\" \/>\n<meta name=\"twitter:site\" content=\"@templatetoaster\" \/>\n<meta name=\"twitter:label1\" content=\"Tiempo de lectura\" \/>\n\t<meta name=\"twitter:data1\" content=\"3 minutos\" \/>\n<script type=\"application\/ld+json\" class=\"yoast-schema-graph\">{\"@context\":\"https:\/\/schema.org\",\"@graph\":[{\"@type\":\"WebPage\",\"@id\":\"https:\/\/templatetoaster.com\/es\/woocommerce-theme-builder\",\"url\":\"https:\/\/templatetoaster.com\/es\/woocommerce-theme-builder\",\"name\":\"Constructor de temas de WooCommerce\",\"isPartOf\":{\"@id\":\"https:\/\/templatetoaster.com\/#website\"},\"primaryImageOfPage\":{\"@id\":\"https:\/\/templatetoaster.com\/es\/woocommerce-theme-builder#primaryimage\"},\"image\":{\"@id\":\"https:\/\/templatetoaster.com\/es\/woocommerce-theme-builder#primaryimage\"},\"thumbnailUrl\":\"https:\/\/templatetoaster.com\/wp-content\/uploads\/2019\/05\/woocommerce-theme-builder.jpg\",\"datePublished\":\"2018-04-13T05:18:24+00:00\",\"dateModified\":\"2020-11-19T07:44:06+00:00\",\"description\":\"Dise\u00f1e temas que vayan m\u00e1s all\u00e1 de la imaginaci\u00f3n con TemplateToaster - Un generador de temas WooCommerce que le libera del uso del codigo. \u00a1Hagalo como un profesional en minutos!\",\"breadcrumb\":{\"@id\":\"https:\/\/templatetoaster.com\/es\/woocommerce-theme-builder#breadcrumb\"},\"inLanguage\":\"es\",\"potentialAction\":[{\"@type\":\"ReadAction\",\"target\":[\"https:\/\/templatetoaster.com\/es\/woocommerce-theme-builder\"]}]},{\"@type\":\"ImageObject\",\"inLanguage\":\"es\",\"@id\":\"https:\/\/templatetoaster.com\/es\/woocommerce-theme-builder#primaryimage\",\"url\":\"https:\/\/templatetoaster.com\/wp-content\/uploads\/2019\/05\/woocommerce-theme-builder.jpg\",\"contentUrl\":\"https:\/\/templatetoaster.com\/wp-content\/uploads\/2019\/05\/woocommerce-theme-builder.jpg\"},{\"@type\":\"BreadcrumbList\",\"@id\":\"https:\/\/templatetoaster.com\/es\/woocommerce-theme-builder#breadcrumb\",\"itemListElement\":[{\"@type\":\"ListItem\",\"position\":1,\"name\":\"Home\",\"item\":\"https:\/\/templatetoaster.com\/es\"},{\"@type\":\"ListItem\",\"position\":2,\"name\":\"Constructor de temas de WooCommerce\"}]},{\"@type\":\"WebSite\",\"@id\":\"https:\/\/templatetoaster.com\/#website\",\"url\":\"https:\/\/templatetoaster.com\/\",\"name\":\"TemplateToaster\",\"description\":\"\",\"publisher\":{\"@id\":\"https:\/\/templatetoaster.com\/#organization\"},\"inLanguage\":\"es\"},{\"@type\":\"Organization\",\"@id\":\"https:\/\/templatetoaster.com\/#organization\",\"name\":\"TemplateToaster\",\"url\":\"https:\/\/templatetoaster.com\/\",\"logo\":{\"@type\":\"ImageObject\",\"inLanguage\":\"es\",\"@id\":\"https:\/\/templatetoaster.com\/#\/schema\/logo\/image\/\",\"url\":\"https:\/\/templatetoaster.com\/wp-content\/uploads\/2019\/11\/TemplateToaster_Logo.jpg\",\"contentUrl\":\"https:\/\/templatetoaster.com\/wp-content\/uploads\/2019\/11\/TemplateToaster_Logo.jpg\",\"width\":85,\"height\":85,\"caption\":\"TemplateToaster\"},\"image\":{\"@id\":\"https:\/\/templatetoaster.com\/#\/schema\/logo\/image\/\"},\"sameAs\":[\"https:\/\/www.facebook.com\/TemplateToaster\",\"https:\/\/x.com\/templatetoaster\",\"https:\/\/www.instagram.com\/templatetoaster\/\",\"https:\/\/www.linkedin.com\/company\/templatetoaster\/\",\"https:\/\/www.pinterest.com\/templatetoaster\/\",\"https:\/\/www.youtube.com\/@TemplateToaster\"]}]}<\/script>\n<!-- \/ Yoast SEO plugin. -->","yoast_head_json":{"title":"Constructor de temas de WooCommerce","description":"Dise\u00f1e temas que vayan m\u00e1s all\u00e1 de la imaginaci\u00f3n con TemplateToaster - Un generador de temas WooCommerce que le libera del uso del codigo. \u00a1Hagalo como un profesional en minutos!","robots":{"index":"index","follow":"follow","max-snippet":"max-snippet:-1","max-image-preview":"max-image-preview:large","max-video-preview":"max-video-preview:-1"},"canonical":"https:\/\/templatetoaster.com\/es\/woocommerce-theme-builder","og_locale":"es_ES","og_type":"article","og_title":"Constructor de temas de WooCommerce","og_description":"Dise\u00f1e temas que vayan m\u00e1s all\u00e1 de la imaginaci\u00f3n con TemplateToaster - Un generador de temas WooCommerce que le libera del uso del codigo. \u00a1Hagalo como un profesional en minutos!","og_url":"https:\/\/templatetoaster.com\/es\/woocommerce-theme-builder","og_site_name":"TemplateToaster","article_publisher":"https:\/\/www.facebook.com\/TemplateToaster","article_modified_time":"2020-11-19T07:44:06+00:00","og_image":[{"url":"https:\/\/templatetoaster.com\/wp-content\/uploads\/2019\/05\/woocommerce-theme-builder.jpg"}],"twitter_card":"summary_large_image","twitter_site":"@templatetoaster","twitter_misc":{"Tiempo de lectura":"3 minutos"},"schema":{"@context":"https:\/\/schema.org","@graph":[{"@type":"WebPage","@id":"https:\/\/templatetoaster.com\/es\/woocommerce-theme-builder","url":"https:\/\/templatetoaster.com\/es\/woocommerce-theme-builder","name":"Constructor de temas de WooCommerce","isPartOf":{"@id":"https:\/\/templatetoaster.com\/#website"},"primaryImageOfPage":{"@id":"https:\/\/templatetoaster.com\/es\/woocommerce-theme-builder#primaryimage"},"image":{"@id":"https:\/\/templatetoaster.com\/es\/woocommerce-theme-builder#primaryimage"},"thumbnailUrl":"https:\/\/templatetoaster.com\/wp-content\/uploads\/2019\/05\/woocommerce-theme-builder.jpg","datePublished":"2018-04-13T05:18:24+00:00","dateModified":"2020-11-19T07:44:06+00:00","description":"Dise\u00f1e temas que vayan m\u00e1s all\u00e1 de la imaginaci\u00f3n con TemplateToaster - Un generador de temas WooCommerce que le libera del uso del codigo. \u00a1Hagalo como un profesional en minutos!","breadcrumb":{"@id":"https:\/\/templatetoaster.com\/es\/woocommerce-theme-builder#breadcrumb"},"inLanguage":"es","potentialAction":[{"@type":"ReadAction","target":["https:\/\/templatetoaster.com\/es\/woocommerce-theme-builder"]}]},{"@type":"ImageObject","inLanguage":"es","@id":"https:\/\/templatetoaster.com\/es\/woocommerce-theme-builder#primaryimage","url":"https:\/\/templatetoaster.com\/wp-content\/uploads\/2019\/05\/woocommerce-theme-builder.jpg","contentUrl":"https:\/\/templatetoaster.com\/wp-content\/uploads\/2019\/05\/woocommerce-theme-builder.jpg"},{"@type":"BreadcrumbList","@id":"https:\/\/templatetoaster.com\/es\/woocommerce-theme-builder#breadcrumb","itemListElement":[{"@type":"ListItem","position":1,"name":"Home","item":"https:\/\/templatetoaster.com\/es"},{"@type":"ListItem","position":2,"name":"Constructor de temas de WooCommerce"}]},{"@type":"WebSite","@id":"https:\/\/templatetoaster.com\/#website","url":"https:\/\/templatetoaster.com\/","name":"TemplateToaster","description":"","publisher":{"@id":"https:\/\/templatetoaster.com\/#organization"},"inLanguage":"es"},{"@type":"Organization","@id":"https:\/\/templatetoaster.com\/#organization","name":"TemplateToaster","url":"https:\/\/templatetoaster.com\/","logo":{"@type":"ImageObject","inLanguage":"es","@id":"https:\/\/templatetoaster.com\/#\/schema\/logo\/image\/","url":"https:\/\/templatetoaster.com\/wp-content\/uploads\/2019\/11\/TemplateToaster_Logo.jpg","contentUrl":"https:\/\/templatetoaster.com\/wp-content\/uploads\/2019\/11\/TemplateToaster_Logo.jpg","width":85,"height":85,"caption":"TemplateToaster"},"image":{"@id":"https:\/\/templatetoaster.com\/#\/schema\/logo\/image\/"},"sameAs":["https:\/\/www.facebook.com\/TemplateToaster","https:\/\/x.com\/templatetoaster","https:\/\/www.instagram.com\/templatetoaster\/","https:\/\/www.linkedin.com\/company\/templatetoaster\/","https:\/\/www.pinterest.com\/templatetoaster\/","https:\/\/www.youtube.com\/@TemplateToaster"]}]}},"_links":{"self":[{"href":"https:\/\/templatetoaster.com\/es\/wp-json\/wp\/v2\/pages\/3932"}],"collection":[{"href":"https:\/\/templatetoaster.com\/es\/wp-json\/wp\/v2\/pages"}],"about":[{"href":"https:\/\/templatetoaster.com\/es\/wp-json\/wp\/v2\/types\/page"}],"author":[{"embeddable":true,"href":"https:\/\/templatetoaster.com\/es\/wp-json\/wp\/v2\/users\/1"}],"replies":[{"embeddable":true,"href":"https:\/\/templatetoaster.com\/es\/wp-json\/wp\/v2\/comments?post=3932"}],"version-history":[{"count":5,"href":"https:\/\/templatetoaster.com\/es\/wp-json\/wp\/v2\/pages\/3932\/revisions"}],"predecessor-version":[{"id":75406,"href":"https:\/\/templatetoaster.com\/es\/wp-json\/wp\/v2\/pages\/3932\/revisions\/75406"}],"wp:attachment":[{"href":"https:\/\/templatetoaster.com\/es\/wp-json\/wp\/v2\/media?parent=3932"}],"curies":[{"name":"wp","href":"https:\/\/api.w.org\/{rel}","templated":true}]}}