{"id":3930,"date":"2018-04-13T05:16:31","date_gmt":"2018-04-13T05:16:31","guid":{"rendered":"http:\/\/templatetoaster.com?page_id=3930"},"modified":"2020-11-19T08:10:20","modified_gmt":"2020-11-19T08:10:20","slug":"what-is-templatetoaster","status":"publish","type":"page","link":"https:\/\/templatetoaster.com\/es\/what-is-templatetoaster","title":{"rendered":"\u00bfQu\u00e9 es TemplateToaster?"},"content":{"rendered":"<div class=\"section1 wp-theme-generator about-tt\">\n<div class=\"inner-section\">\n<div style=\"margin: 115px 0 50px\">\n<h1>\u00bfQu\u00e9 es el software TemplateToaster?<\/h1>\n<p class=\"text-center\">TemplateToaster es un software basado en el entorno Windows, de dise\u00f1o web y dise\u00f1o de temas y plantillas adaptables a los gestores de contenido.\u00a0 Esto\u00a0 le permitira crear sitios web y plantillas maravillosas en minutos. Con su interfaz de usuario intuitiva, TemplateToaster le permite concebir sus ideas y dise\u00f1ar temas y plantillas responsivas para varios sistemas de gesti\u00f3n de contenido (CMS)\u00a0 como WordPress, Joomla &amp; Drupal. \u00a0Tambi\u00e9n podra\u00a0 dise\u00f1ar plataformas de comercio electr\u00f3nico como Magento, OpenCart, Prestashop y VirtueMart.<\/p>\n<p class=\"text-center\">Adem\u00e1s podr\u00e1\u00a0 crear plantillas para Blogger y sitios web HTML en poco tiempo. TemplateToaster es el mejor creador de sitios web sin conexi\u00f3n que le permite trabajar en su m\u00e1quina local y le proporciona una interfaz din\u00e1mica para trabajar.<\/p>\n<p>&nbsp;<\/p>\n<div class=\"clearfix\"><\/div>\n<\/div>\n<\/div>\n<\/div>\n<p><!--- What is TemplateToaster Section --><\/p>\n<div class=\"section2 wp-theme-generator about-tt\">\n<div class=\"section2-inner\">\n<h2>\u00bfPor qu\u00e9 elegir TemplateToaster?<\/h2>\n<div class=\"about-tt row\">\n<div class=\"col-lg-5 col-md-5 col-sm-5 col-xs-12\"><img decoding=\"async\" class=\"img-responsive\" src=\"https:\/\/templatetoaster.com\/wp-content\/uploads\/2018\/03\/templatetoaster-offers.png\" alt=\"\"><img decoding=\"async\" class=\"img-responsive lazyloaded\" src=\"https:\/\/templatetoaster.com\/wp-content\/uploads\/2018\/03\/templatetoaster-offers.png\" alt=\"\" data-src=\"https:\/\/templatetoaster.com\/wp-content\/uploads\/2018\/03\/templatetoaster-offers.png\" \/><\/div>\n<div class=\"clearfix visible-xs-block\"><\/div>\n<div class=\"col-lg-7 col-md-7 col-sm-7 col-xs-12\">\n<ul>\n<li>Desarrollo continuo desde 2008 y sigue siendo el n\u00famero uno con respecto a sus competidores.<\/li>\n<li>Al ser una aplicaci\u00f3n \/ software de escritorio, es robusto y estable, por lo que puede manejar f\u00e1cilmente el trabajo de dise\u00f1o web pesado.<\/li>\n<li>TemplateToaster le permite dise\u00f1ar un sitio web seg\u00fan sus requisitos sin tener que escribir ni una sola l\u00ednea de c\u00f3digo.<\/li>\n<li>La belleza de TemplateToaster reside en la interfaz intuitiva y los complementos, por ejemplo, fotos de archivo, logotipos, iconos sociales y otras ventajas a los constructores en linea<\/li>\n<li>Debido a las magn\u00edficas funciones y al incre\u00edble soporte, TemplateToaster se destaca entre todos los programas de dise\u00f1o web.<\/li>\n<li>La flexibilidad para crear sitios web responsivos y amigables con SEO que ofrece TemplateToaster es incre\u00edblemente \u00fatil para que los principiantes comiencen.<\/li>\n<\/ul>\n<\/div>\n<\/div>\n<p><a class=\"btn download_btn\" href=\"https:\/\/templatetoaster.com\/es\/download\">Descarguelo ahora<\/a><\/p>\n<\/div>\n<\/div>\n<p><!--- section 3 starts --><\/p>\n<div class=\"section3 wp-theme-generator\">\n<div class=\"section3-inner\"><\/div>\n<\/div>\n<div class=\"section7 wp-theme-generator about-tt\" style=\"padding: 100px 10px;margin-bottom: 2px;text-align: center\">\n<div class=\"inner-section\">\n<p><strong>Caracter\u00edsticas destacadas de TemplateToaster<\/strong><\/p>\n<p><strong>No necesita saber codificar<\/strong><\/p>\n<p>La interfaz de arrastrar y soltar le permite crear el dise\u00f1o de su elecci\u00f3n sin la necesidad de codificar. Simplemente arrastre y suelte los elementos y su sitio web estar\u00e1 listo para usar.<\/p>\n<p>&nbsp;<\/p>\n<p>&nbsp;<\/p>\n<p><strong>Dise\u00f1o Web Responsivo<\/strong><\/p>\n<p>TemplateToaster es compatible con el dise\u00f1o web responsivo,\u00a0 lo que significa que no importa en qu\u00e9 dispositivo se vea, su sitio web se ajustar\u00e1 perfectamente a la pantalla.<\/p>\n<p>&nbsp;<\/p>\n<p>&nbsp;<\/p>\n<p><strong>Compatible con BootStrap<\/strong><\/p>\n<p>TemplateToaster es compatible con la \u00faltima versi\u00f3n de Bootstrap Framework, por lo tanto, mejorar o renovar su sitio nunca disminuir\u00e1 la capacidad de respuesta del mismo<\/p>\n<p>&nbsp;<\/p>\n<p>&nbsp;<\/p>\n<p><strong>Presentaciones deslumbrantes<\/strong><\/p>\n<p>Las presentaciones con im\u00e1genes atraen m\u00e1s al usuario y lo instan a interactuar. TemplateToaster le permite crear presentaciones de diapositivas atractivas y atrayentes para dar ese aspecto llamativo a su sitio.<\/p>\n<p>&nbsp;<\/p>\n<p>&nbsp;<\/p>\n<p><strong>Cree su men\u00fa<\/strong><\/p>\n<p>Cualquier tipo de men\u00fa se puede dise\u00f1ar f\u00e1cilmente con TemplateToaster, ya sea un men\u00fa que se despliegue en forma horizontal o vertical<\/p>\n<p>&nbsp;<\/p>\n<p>&nbsp;<\/p>\n<p><strong>WYSIWYG Editor<\/strong><\/p>\n<p>TemplateToaster le ofrece un editor visual avanzado WYSIWYG el cual incluye todas las opciones avanzadas como hiperv\u00ednculos, sangr\u00eda de texto, gestor de im\u00e1genes, tabla, fuente, etc.<\/p>\n<p>&nbsp;<\/p>\n<p><strong>TemplateToaster:<br \/>\n\u00bfEs un software de escritorio, un complemento, un tema o una aplicaci\u00f3n web?<\/strong><\/p>\n<p>&nbsp;<\/p>\n<p>TemplateToaster no es ni un complemento, ni un tema, ni una aplicaci\u00f3n web, de hecho, es un software de escritorio. Puede descargar TemplateToaster en su computadora local y utilizarlo como cualquier otro software de Windows sin problemas.<\/p>\n<p>TemplateToaster le ofrece la libertad total para dise\u00f1ar el tema de su elecci\u00f3n de acuerdo con las necesidades de su sitio. La interfaz simple y f\u00e1cil de usar seguramente lo atrapar\u00e1<\/p>\n<p><strong>\u00bfEst\u00e1 disponible de forma gratuita?<\/strong><\/p>\n<p>&nbsp;<\/p>\n<p>&nbsp;<\/p>\n<p>S\u00ed, puede utilizar la versi\u00f3n de prueba de TemplateToaster en forma gratuita. Simplemente descargue TemplateToaster y util\u00edcelo durante el tiempo que desee. Una cosa a tener en cuenta es que todas las plantillas creadas en la versi\u00f3n de prueba saldr\u00e1n con una marca de agua que dice \u00abVersi\u00f3n de evaluaci\u00f3n\u00bb.<\/p>\n<p>Una vez que est\u00e9 satisfecho con el funcionamiento de TemplateToaster, puede comprar la licencia de activaci\u00f3n del producto, para acceder a todas sus funciones. Consulte y compare las <a href=\"https:\/\/templatetoaster.com\/es\/purchase\">ediciones disponibles <\/a>y seleccione la que m\u00e1s le convenga.<\/p>\n<p><a href=\"https:\/\/templatetoaster.com\/es\/download\">Descargue ahora<\/a><\/p>\n<p>&nbsp;<\/p>\n<p><strong>Comenzando con TemplateToaster<\/strong><\/p>\n<p>TemplateToaster es super f\u00e1cil de usar. Es una herramienta de dise\u00f1o web tan f\u00e1cil de entender y \u00fatil que le permite incluso a un principiante crear un sitio web en poco tiempo. Consulte algunas guias interesantes que se detallan a continuaci\u00f3n para iniciar su proceso de dise\u00f1o web.<\/p>\n<p>&nbsp;<\/p>\n<p><strong><a href=\"https:\/\/templatetoaster.com\/documentation\">Documentaci\u00f3n<\/a><\/strong><\/p>\n<p>La <a href=\"https:\/\/templatetoaster.com\/documentation\">Documentaci\u00f3n<\/a> incluye el proceso de descarga, instalaci\u00f3n y activaci\u00f3n de TemplateToaster. Otra secci\u00f3n, llamada <a href=\"https:\/\/kb.templatetoaster.com\/\">Base de conocimientos <\/a>, presenta informaci\u00f3n detallada sobre las funciones del software<\/p>\n<p>&nbsp;<\/p>\n<p>&nbsp;<\/p>\n<p><strong><a href=\"https:\/\/templatetoaster.com\/demo\">Demos<\/a><\/strong><\/p>\n<p>En esta secci\u00f3n est\u00e1n los tutoriales completos de demostraci\u00f3n sobre el uso de <a href=\"https:\/\/templatetoaster.com\/es\/demo\">TemplateToaster <\/a>para ofrecer una visi\u00f3n clara del software. Desde c\u00f3mo realizar la instalaci\u00f3n, hasta c\u00f3mo usarlo<\/p>\n<p>&nbsp;<\/p>\n<p>&nbsp;<\/p>\n<p><strong><a href=\"https:\/\/templatetoaster.com\/showcase\/\">Temas y plantillas de muestra<\/a><\/strong><\/p>\n<p>La biblioteca incorporada de TemplateToaster tiene una amplia colecci\u00f3n de hermosas <a href=\"https:\/\/templatetoaster.com\/showcase\/\">Temas y plantillas <\/a>para que usted pueda elegir. Sin embargo, usted es libre de crear sus propios Temas y Plantillas con sus dise\u00f1os.<\/p>\n<p>&nbsp;<\/p>\n<p>&nbsp;<\/p>\n<p><strong>Venda sus plantillas<\/strong><\/p>\n<p>TemplateToaster le ofrece la oportunidad de <a href=\"https:\/\/templatetoaster.com\/marketplace\/\">Comprar y vender <\/a>Temas y plantillas de sitios web premium. Como usuario registrado puede comprar otros temas o vender sus temas de creaci\u00f3n propia aqu\u00ed. \u00a1Su creatividad puede generarle una ganancia!<\/p>\n<p>&nbsp;<\/p>\n<p>&nbsp;<\/p>\n<p><strong><a href=\"https:\/\/templatetoaster.com\/forum\/\">Foros<\/a><\/strong><\/p>\n<p>La comunidad de TemplateToaster le permite compartir su opini\u00f3n con los dem\u00e1s usuarios, contando con la ayuda de los miembros t\u00e9cnicos del equipo TemplateToaster son parte integral de este <a href=\"https:\/\/templatetoaster.com\/forum\/\">Foro <\/a><\/p>\n<p>&nbsp;<\/p>\n<p>&nbsp;<\/p>\n<p><strong><a href=\"https:\/\/templatetoaster.com\/tutorials\/\">Tutoriales<\/a><\/strong><\/p>\n<p>Puede sumergirse en nuestro oc\u00e9ano informativo lleno de art\u00edculos sobre WordPress, Drupal, Magento y otros CMS en nuestra <a href=\"https:\/\/blog.templatetoaster.com\">secci\u00f3n del blog que lleva ese nombre <\/a>. Las gu\u00edas que explican los usos m\u00e1s simples est\u00e1n disponibles en nuestra <a href=\"https:\/\/templatetoaster.com\/tutorials\/\">secci\u00f3n de tutoriales <\/a>.<\/p>\n<p>&nbsp;<\/p>\n<p><strong>Contacte nuestro soporte t\u00e9cnico<\/strong><\/p>\n<p>\u00bfTiene alg\u00fan problema que no puede resolver? No se preocupe, <a href=\"https:\/\/templatetoaster.com\/support\">nuestro soporte t\u00e9cnico <\/a>est\u00e1 a solo un clic de distancia. Para responder a todas sus consultas, estamos disponibles 24 * 7. Sea cual sea su consulta, estaremos all\u00ed para resolverla a cualquier hora del d\u00eda. No dude en comunicarse con nosotros siempre que tenga un problema. Estaremos encantados de servirle.<\/p>\n<p><a href=\"https:\/\/templatetoaster.com\/support\">Ticket de soporte<\/a><\/p>\n<p>&nbsp;<\/p>\n<\/div>\n<\/div>\n","protected":false},"excerpt":{"rendered":"<p>\u00bfQu\u00e9 es el software TemplateToaster? TemplateToaster es un software basado en el entorno Windows, de dise\u00f1o web y dise\u00f1o de temas y plantillas adaptables a los gestores de contenido.\u00a0 Esto\u00a0 le permitira crear sitios web y plantillas maravillosas en minutos. &hellip; <a href=\"https:\/\/templatetoaster.com\/es\/what-is-templatetoaster\">Continue Reading<span class=\"meta-nav\">&rarr;<\/span><\/a><\/p>\n","protected":false},"author":1,"featured_media":0,"parent":0,"menu_order":0,"comment_status":"closed","ping_status":"closed","template":"","meta":{"footnotes":""},"yoast_head":"<!-- This site is optimized with the Yoast SEO plugin v23.5 - https:\/\/yoast.com\/wordpress\/plugins\/seo\/ -->\n<title>\u00bfQu\u00e9 es TemplateToaster? - TemplateToaster<\/title>\n<meta name=\"description\" content=\"\u00bfQuieres saber qu\u00e9 es TemplateToaster ? Es un software de dise\u00f1o web fuera de l\u00ednea para dise\u00f1ar temas y plantillas para varios CMS como: WordPress, Joomla, Drupal, Magento, PrestaShop, WooCommerce, VirtueMart, Blogger y OpenCart. Adem\u00e1s podra dise\u00f1ar sitios web CSS HTML est\u00e1ticos basados en Bootstrap\" \/>\n<meta name=\"robots\" content=\"index, follow, max-snippet:-1, max-image-preview:large, max-video-preview:-1\" \/>\n<link rel=\"canonical\" href=\"https:\/\/templatetoaster.com\/es\/what-is-templatetoaster\" \/>\n<meta property=\"og:locale\" content=\"es_ES\" \/>\n<meta property=\"og:type\" content=\"article\" \/>\n<meta property=\"og:title\" content=\"\u00bfQu\u00e9 es TemplateToaster? - TemplateToaster\" \/>\n<meta property=\"og:description\" content=\"\u00bfQuieres saber qu\u00e9 es TemplateToaster ? Es un software de dise\u00f1o web fuera de l\u00ednea para dise\u00f1ar temas y plantillas para varios CMS como: WordPress, Joomla, Drupal, Magento, PrestaShop, WooCommerce, VirtueMart, Blogger y OpenCart. Adem\u00e1s podra dise\u00f1ar sitios web CSS HTML est\u00e1ticos basados en Bootstrap\" \/>\n<meta property=\"og:url\" content=\"https:\/\/templatetoaster.com\/es\/what-is-templatetoaster\" \/>\n<meta property=\"og:site_name\" content=\"TemplateToaster\" \/>\n<meta property=\"article:publisher\" content=\"https:\/\/www.facebook.com\/TemplateToaster\" \/>\n<meta property=\"article:modified_time\" content=\"2020-11-19T08:10:20+00:00\" \/>\n<meta property=\"og:image\" content=\"https:\/\/templatetoaster.com\/wp-content\/uploads\/2018\/03\/templatetoaster-offers.png\" \/>\n<meta name=\"twitter:card\" content=\"summary_large_image\" \/>\n<meta name=\"twitter:site\" content=\"@templatetoaster\" \/>\n<meta name=\"twitter:label1\" content=\"Tiempo de lectura\" \/>\n\t<meta name=\"twitter:data1\" content=\"5 minutos\" \/>\n<script type=\"application\/ld+json\" class=\"yoast-schema-graph\">{\"@context\":\"https:\/\/schema.org\",\"@graph\":[{\"@type\":\"WebPage\",\"@id\":\"https:\/\/templatetoaster.com\/es\/what-is-templatetoaster\",\"url\":\"https:\/\/templatetoaster.com\/es\/what-is-templatetoaster\",\"name\":\"\u00bfQu\u00e9 es TemplateToaster? - TemplateToaster\",\"isPartOf\":{\"@id\":\"https:\/\/templatetoaster.com\/#website\"},\"primaryImageOfPage\":{\"@id\":\"https:\/\/templatetoaster.com\/es\/what-is-templatetoaster#primaryimage\"},\"image\":{\"@id\":\"https:\/\/templatetoaster.com\/es\/what-is-templatetoaster#primaryimage\"},\"thumbnailUrl\":\"https:\/\/templatetoaster.com\/wp-content\/uploads\/2018\/03\/templatetoaster-offers.png\",\"datePublished\":\"2018-04-13T05:16:31+00:00\",\"dateModified\":\"2020-11-19T08:10:20+00:00\",\"description\":\"\u00bfQuieres saber qu\u00e9 es TemplateToaster ? Es un software de dise\u00f1o web fuera de l\u00ednea para dise\u00f1ar temas y plantillas para varios CMS como: WordPress, Joomla, Drupal, Magento, PrestaShop, WooCommerce, VirtueMart, Blogger y OpenCart. Adem\u00e1s podra dise\u00f1ar sitios web CSS HTML est\u00e1ticos basados en Bootstrap\",\"breadcrumb\":{\"@id\":\"https:\/\/templatetoaster.com\/es\/what-is-templatetoaster#breadcrumb\"},\"inLanguage\":\"es\",\"potentialAction\":[{\"@type\":\"ReadAction\",\"target\":[\"https:\/\/templatetoaster.com\/es\/what-is-templatetoaster\"]}]},{\"@type\":\"ImageObject\",\"inLanguage\":\"es\",\"@id\":\"https:\/\/templatetoaster.com\/es\/what-is-templatetoaster#primaryimage\",\"url\":\"https:\/\/templatetoaster.com\/wp-content\/uploads\/2018\/03\/templatetoaster-offers.png\",\"contentUrl\":\"https:\/\/templatetoaster.com\/wp-content\/uploads\/2018\/03\/templatetoaster-offers.png\"},{\"@type\":\"BreadcrumbList\",\"@id\":\"https:\/\/templatetoaster.com\/es\/what-is-templatetoaster#breadcrumb\",\"itemListElement\":[{\"@type\":\"ListItem\",\"position\":1,\"name\":\"Home\",\"item\":\"https:\/\/templatetoaster.com\/es\"},{\"@type\":\"ListItem\",\"position\":2,\"name\":\"\u00bfQu\u00e9 es TemplateToaster?\"}]},{\"@type\":\"WebSite\",\"@id\":\"https:\/\/templatetoaster.com\/#website\",\"url\":\"https:\/\/templatetoaster.com\/\",\"name\":\"TemplateToaster\",\"description\":\"\",\"publisher\":{\"@id\":\"https:\/\/templatetoaster.com\/#organization\"},\"inLanguage\":\"es\"},{\"@type\":\"Organization\",\"@id\":\"https:\/\/templatetoaster.com\/#organization\",\"name\":\"TemplateToaster\",\"url\":\"https:\/\/templatetoaster.com\/\",\"logo\":{\"@type\":\"ImageObject\",\"inLanguage\":\"es\",\"@id\":\"https:\/\/templatetoaster.com\/#\/schema\/logo\/image\/\",\"url\":\"https:\/\/templatetoaster.com\/wp-content\/uploads\/2019\/11\/TemplateToaster_Logo.jpg\",\"contentUrl\":\"https:\/\/templatetoaster.com\/wp-content\/uploads\/2019\/11\/TemplateToaster_Logo.jpg\",\"width\":85,\"height\":85,\"caption\":\"TemplateToaster\"},\"image\":{\"@id\":\"https:\/\/templatetoaster.com\/#\/schema\/logo\/image\/\"},\"sameAs\":[\"https:\/\/www.facebook.com\/TemplateToaster\",\"https:\/\/x.com\/templatetoaster\",\"https:\/\/www.instagram.com\/templatetoaster\/\",\"https:\/\/www.linkedin.com\/company\/templatetoaster\/\",\"https:\/\/www.pinterest.com\/templatetoaster\/\",\"https:\/\/www.youtube.com\/@TemplateToaster\"]}]}<\/script>\n<!-- \/ Yoast SEO plugin. -->","yoast_head_json":{"title":"\u00bfQu\u00e9 es TemplateToaster? - TemplateToaster","description":"\u00bfQuieres saber qu\u00e9 es TemplateToaster ? Es un software de dise\u00f1o web fuera de l\u00ednea para dise\u00f1ar temas y plantillas para varios CMS como: WordPress, Joomla, Drupal, Magento, PrestaShop, WooCommerce, VirtueMart, Blogger y OpenCart. Adem\u00e1s podra dise\u00f1ar sitios web CSS HTML est\u00e1ticos basados en Bootstrap","robots":{"index":"index","follow":"follow","max-snippet":"max-snippet:-1","max-image-preview":"max-image-preview:large","max-video-preview":"max-video-preview:-1"},"canonical":"https:\/\/templatetoaster.com\/es\/what-is-templatetoaster","og_locale":"es_ES","og_type":"article","og_title":"\u00bfQu\u00e9 es TemplateToaster? - TemplateToaster","og_description":"\u00bfQuieres saber qu\u00e9 es TemplateToaster ? Es un software de dise\u00f1o web fuera de l\u00ednea para dise\u00f1ar temas y plantillas para varios CMS como: WordPress, Joomla, Drupal, Magento, PrestaShop, WooCommerce, VirtueMart, Blogger y OpenCart. Adem\u00e1s podra dise\u00f1ar sitios web CSS HTML est\u00e1ticos basados en Bootstrap","og_url":"https:\/\/templatetoaster.com\/es\/what-is-templatetoaster","og_site_name":"TemplateToaster","article_publisher":"https:\/\/www.facebook.com\/TemplateToaster","article_modified_time":"2020-11-19T08:10:20+00:00","og_image":[{"url":"https:\/\/templatetoaster.com\/wp-content\/uploads\/2018\/03\/templatetoaster-offers.png"}],"twitter_card":"summary_large_image","twitter_site":"@templatetoaster","twitter_misc":{"Tiempo de lectura":"5 minutos"},"schema":{"@context":"https:\/\/schema.org","@graph":[{"@type":"WebPage","@id":"https:\/\/templatetoaster.com\/es\/what-is-templatetoaster","url":"https:\/\/templatetoaster.com\/es\/what-is-templatetoaster","name":"\u00bfQu\u00e9 es TemplateToaster? - TemplateToaster","isPartOf":{"@id":"https:\/\/templatetoaster.com\/#website"},"primaryImageOfPage":{"@id":"https:\/\/templatetoaster.com\/es\/what-is-templatetoaster#primaryimage"},"image":{"@id":"https:\/\/templatetoaster.com\/es\/what-is-templatetoaster#primaryimage"},"thumbnailUrl":"https:\/\/templatetoaster.com\/wp-content\/uploads\/2018\/03\/templatetoaster-offers.png","datePublished":"2018-04-13T05:16:31+00:00","dateModified":"2020-11-19T08:10:20+00:00","description":"\u00bfQuieres saber qu\u00e9 es TemplateToaster ? Es un software de dise\u00f1o web fuera de l\u00ednea para dise\u00f1ar temas y plantillas para varios CMS como: WordPress, Joomla, Drupal, Magento, PrestaShop, WooCommerce, VirtueMart, Blogger y OpenCart. Adem\u00e1s podra dise\u00f1ar sitios web CSS HTML est\u00e1ticos basados en Bootstrap","breadcrumb":{"@id":"https:\/\/templatetoaster.com\/es\/what-is-templatetoaster#breadcrumb"},"inLanguage":"es","potentialAction":[{"@type":"ReadAction","target":["https:\/\/templatetoaster.com\/es\/what-is-templatetoaster"]}]},{"@type":"ImageObject","inLanguage":"es","@id":"https:\/\/templatetoaster.com\/es\/what-is-templatetoaster#primaryimage","url":"https:\/\/templatetoaster.com\/wp-content\/uploads\/2018\/03\/templatetoaster-offers.png","contentUrl":"https:\/\/templatetoaster.com\/wp-content\/uploads\/2018\/03\/templatetoaster-offers.png"},{"@type":"BreadcrumbList","@id":"https:\/\/templatetoaster.com\/es\/what-is-templatetoaster#breadcrumb","itemListElement":[{"@type":"ListItem","position":1,"name":"Home","item":"https:\/\/templatetoaster.com\/es"},{"@type":"ListItem","position":2,"name":"\u00bfQu\u00e9 es TemplateToaster?"}]},{"@type":"WebSite","@id":"https:\/\/templatetoaster.com\/#website","url":"https:\/\/templatetoaster.com\/","name":"TemplateToaster","description":"","publisher":{"@id":"https:\/\/templatetoaster.com\/#organization"},"inLanguage":"es"},{"@type":"Organization","@id":"https:\/\/templatetoaster.com\/#organization","name":"TemplateToaster","url":"https:\/\/templatetoaster.com\/","logo":{"@type":"ImageObject","inLanguage":"es","@id":"https:\/\/templatetoaster.com\/#\/schema\/logo\/image\/","url":"https:\/\/templatetoaster.com\/wp-content\/uploads\/2019\/11\/TemplateToaster_Logo.jpg","contentUrl":"https:\/\/templatetoaster.com\/wp-content\/uploads\/2019\/11\/TemplateToaster_Logo.jpg","width":85,"height":85,"caption":"TemplateToaster"},"image":{"@id":"https:\/\/templatetoaster.com\/#\/schema\/logo\/image\/"},"sameAs":["https:\/\/www.facebook.com\/TemplateToaster","https:\/\/x.com\/templatetoaster","https:\/\/www.instagram.com\/templatetoaster\/","https:\/\/www.linkedin.com\/company\/templatetoaster\/","https:\/\/www.pinterest.com\/templatetoaster\/","https:\/\/www.youtube.com\/@TemplateToaster"]}]}},"_links":{"self":[{"href":"https:\/\/templatetoaster.com\/es\/wp-json\/wp\/v2\/pages\/3930"}],"collection":[{"href":"https:\/\/templatetoaster.com\/es\/wp-json\/wp\/v2\/pages"}],"about":[{"href":"https:\/\/templatetoaster.com\/es\/wp-json\/wp\/v2\/types\/page"}],"author":[{"embeddable":true,"href":"https:\/\/templatetoaster.com\/es\/wp-json\/wp\/v2\/users\/1"}],"replies":[{"embeddable":true,"href":"https:\/\/templatetoaster.com\/es\/wp-json\/wp\/v2\/comments?post=3930"}],"version-history":[{"count":4,"href":"https:\/\/templatetoaster.com\/es\/wp-json\/wp\/v2\/pages\/3930\/revisions"}],"predecessor-version":[{"id":75410,"href":"https:\/\/templatetoaster.com\/es\/wp-json\/wp\/v2\/pages\/3930\/revisions\/75410"}],"wp:attachment":[{"href":"https:\/\/templatetoaster.com\/es\/wp-json\/wp\/v2\/media?parent=3930"}],"curies":[{"name":"wp","href":"https:\/\/api.w.org\/{rel}","templated":true}]}}