{"id":3922,"date":"2018-04-13T05:08:06","date_gmt":"2018-04-13T05:08:06","guid":{"rendered":"http:\/\/templatetoaster.com?page_id=3922"},"modified":"2020-12-02T06:37:48","modified_gmt":"2020-12-02T06:37:48","slug":"terms-of-use","status":"publish","type":"page","link":"https:\/\/templatetoaster.com\/es\/terms-of-use","title":{"rendered":"T\u00e9rminos de Uso"},"content":{"rendered":"<p>T\u00e9rminos de Uso \u00a0\u00a1Bienvenido a TemplateToaster<\/p>\n<p>Si contin\u00faa utilizando este sitio web, debe conocer nuestras condiciones de uso, que junto con nuestra pol\u00edtica de privacidad definir\u00e1n nuestra relaci\u00f3n con usted. Por favor no utilice nuestro sitio web si no est\u00e1 de acuerdo con los siguientes t\u00e9rminos de uso.<\/p>\n<ul>\n<li>El contenido de este sitio web,tiene prop\u00f3sito informativo y puede cambiar en cualquier momento sin previo aviso.<\/li>\n<li>Nuestro sitio utiliza cookies para un mejor rendimiento.<\/li>\n<li>Ni TemplateToaster ni ning\u00fan tercero ofrece ning\u00fan tipo de garant\u00eda de exactitud, exclusividad o idoneidad del contenido. Intentamos realizar lo mejor pero es posible que existan errores<\/li>\n<li>El contenido de este sitio web en su totalidad ya sea lo escrito, como as\u00ed tambi\u00e9n los gr\u00e1ficos y videos son propiedad de TemplateToster, y su reproducci\u00f3n esta prohibida<\/li>\n<li>Todos los otros nombres y logotipos son marcas registradas de sus respectivos propietarios; TemplateToaster no est\u00e1 respaldada por Joomla, WordPress y Drupal<\/li>\n<\/ul>\n<ul>\n<li>.Si le proporcionamos enlaces externos a este sitio web, estos enlaces son para su conveniencia, lo cual no significa que estemos de acuerdo con su contenido, y por lo tanto no nos hacemos responsables por el mismo.<\/li>\n<li>Para conocer los t\u00e9rminos de uso del Software de TemplateToaster por favor lea el Acuerdo de Licencia con el Usuario Final (<span class=\"original-content\">EULA<\/span>) durante la instalaci\u00f3n. Si lo desea puede visitar nuestra P\u00e1gina de preguntas frecuentes para m\u00e1s detalles y m\u00e1s ayuda.<\/li>\n<\/ul>\n","protected":false},"excerpt":{"rendered":"<p>T\u00e9rminos de Uso \u00a0\u00a1Bienvenido a TemplateToaster Si contin\u00faa utilizando este sitio web, debe conocer nuestras condiciones de uso, que junto con nuestra pol\u00edtica de privacidad definir\u00e1n nuestra relaci\u00f3n con usted. Por favor no utilice nuestro sitio web si no est\u00e1 &hellip; <a href=\"https:\/\/templatetoaster.com\/es\/terms-of-use\">Continue Reading<span class=\"meta-nav\">&rarr;<\/span><\/a><\/p>\n","protected":false},"author":1,"featured_media":0,"parent":0,"menu_order":0,"comment_status":"closed","ping_status":"closed","template":"PageTemplate1.php","meta":{"footnotes":""},"yoast_head":"<!-- This site is optimized with the Yoast SEO plugin v23.5 - https:\/\/yoast.com\/wordpress\/plugins\/seo\/ -->\n<title>T\u00e9rminos de Uso - TemplateToaster<\/title>\n<meta name=\"description\" content=\"Terminos de uso del sitio web de TemplateToaster\" \/>\n<meta name=\"robots\" content=\"index, follow, max-snippet:-1, max-image-preview:large, max-video-preview:-1\" \/>\n<link rel=\"canonical\" href=\"https:\/\/templatetoaster.com\/es\/terms-of-use\" \/>\n<meta property=\"og:locale\" content=\"es_ES\" \/>\n<meta property=\"og:type\" content=\"article\" \/>\n<meta property=\"og:title\" content=\"T\u00e9rminos de Uso - TemplateToaster\" \/>\n<meta property=\"og:description\" content=\"Terminos de uso del sitio web de TemplateToaster\" \/>\n<meta property=\"og:url\" content=\"https:\/\/templatetoaster.com\/es\/terms-of-use\" \/>\n<meta property=\"og:site_name\" content=\"TemplateToaster\" \/>\n<meta property=\"article:publisher\" content=\"https:\/\/www.facebook.com\/TemplateToaster\" \/>\n<meta property=\"article:modified_time\" content=\"2020-12-02T06:37:48+00:00\" \/>\n<meta property=\"og:image\" content=\"https:\/\/templatetoaster.com\/wp-content\/uploads\/2015\/07\/TemplateToaster-325X325.png\" \/>\n\t<meta property=\"og:image:width\" content=\"325\" \/>\n\t<meta property=\"og:image:height\" content=\"325\" \/>\n\t<meta property=\"og:image:type\" content=\"image\/png\" \/>\n<meta name=\"twitter:card\" content=\"summary_large_image\" \/>\n<meta name=\"twitter:site\" content=\"@templatetoaster\" \/>\n<meta name=\"twitter:label1\" content=\"Tiempo de lectura\" \/>\n\t<meta name=\"twitter:data1\" content=\"1 minuto\" \/>\n<script type=\"application\/ld+json\" class=\"yoast-schema-graph\">{\"@context\":\"https:\/\/schema.org\",\"@graph\":[{\"@type\":\"WebPage\",\"@id\":\"https:\/\/templatetoaster.com\/es\/terms-of-use\",\"url\":\"https:\/\/templatetoaster.com\/es\/terms-of-use\",\"name\":\"T\u00e9rminos de Uso - TemplateToaster\",\"isPartOf\":{\"@id\":\"https:\/\/templatetoaster.com\/#website\"},\"datePublished\":\"2018-04-13T05:08:06+00:00\",\"dateModified\":\"2020-12-02T06:37:48+00:00\",\"description\":\"Terminos de uso del sitio web de TemplateToaster\",\"breadcrumb\":{\"@id\":\"https:\/\/templatetoaster.com\/es\/terms-of-use#breadcrumb\"},\"inLanguage\":\"es\",\"potentialAction\":[{\"@type\":\"ReadAction\",\"target\":[\"https:\/\/templatetoaster.com\/es\/terms-of-use\"]}]},{\"@type\":\"BreadcrumbList\",\"@id\":\"https:\/\/templatetoaster.com\/es\/terms-of-use#breadcrumb\",\"itemListElement\":[{\"@type\":\"ListItem\",\"position\":1,\"name\":\"Home\",\"item\":\"https:\/\/templatetoaster.com\/es\"},{\"@type\":\"ListItem\",\"position\":2,\"name\":\"T\u00e9rminos de Uso\"}]},{\"@type\":\"WebSite\",\"@id\":\"https:\/\/templatetoaster.com\/#website\",\"url\":\"https:\/\/templatetoaster.com\/\",\"name\":\"TemplateToaster\",\"description\":\"\",\"publisher\":{\"@id\":\"https:\/\/templatetoaster.com\/#organization\"},\"inLanguage\":\"es\"},{\"@type\":\"Organization\",\"@id\":\"https:\/\/templatetoaster.com\/#organization\",\"name\":\"TemplateToaster\",\"url\":\"https:\/\/templatetoaster.com\/\",\"logo\":{\"@type\":\"ImageObject\",\"inLanguage\":\"es\",\"@id\":\"https:\/\/templatetoaster.com\/#\/schema\/logo\/image\/\",\"url\":\"https:\/\/templatetoaster.com\/wp-content\/uploads\/2019\/11\/TemplateToaster_Logo.jpg\",\"contentUrl\":\"https:\/\/templatetoaster.com\/wp-content\/uploads\/2019\/11\/TemplateToaster_Logo.jpg\",\"width\":85,\"height\":85,\"caption\":\"TemplateToaster\"},\"image\":{\"@id\":\"https:\/\/templatetoaster.com\/#\/schema\/logo\/image\/\"},\"sameAs\":[\"https:\/\/www.facebook.com\/TemplateToaster\",\"https:\/\/x.com\/templatetoaster\",\"https:\/\/www.instagram.com\/templatetoaster\/\",\"https:\/\/www.linkedin.com\/company\/templatetoaster\/\",\"https:\/\/www.pinterest.com\/templatetoaster\/\",\"https:\/\/www.youtube.com\/@TemplateToaster\"]}]}<\/script>\n<!-- \/ Yoast SEO plugin. -->","yoast_head_json":{"title":"T\u00e9rminos de Uso - TemplateToaster","description":"Terminos de uso del sitio web de TemplateToaster","robots":{"index":"index","follow":"follow","max-snippet":"max-snippet:-1","max-image-preview":"max-image-preview:large","max-video-preview":"max-video-preview:-1"},"canonical":"https:\/\/templatetoaster.com\/es\/terms-of-use","og_locale":"es_ES","og_type":"article","og_title":"T\u00e9rminos de Uso - TemplateToaster","og_description":"Terminos de uso del sitio web de TemplateToaster","og_url":"https:\/\/templatetoaster.com\/es\/terms-of-use","og_site_name":"TemplateToaster","article_publisher":"https:\/\/www.facebook.com\/TemplateToaster","article_modified_time":"2020-12-02T06:37:48+00:00","og_image":[{"width":325,"height":325,"url":"https:\/\/templatetoaster.com\/wp-content\/uploads\/2015\/07\/TemplateToaster-325X325.png","type":"image\/png"}],"twitter_card":"summary_large_image","twitter_site":"@templatetoaster","twitter_misc":{"Tiempo de lectura":"1 minuto"},"schema":{"@context":"https:\/\/schema.org","@graph":[{"@type":"WebPage","@id":"https:\/\/templatetoaster.com\/es\/terms-of-use","url":"https:\/\/templatetoaster.com\/es\/terms-of-use","name":"T\u00e9rminos de Uso - TemplateToaster","isPartOf":{"@id":"https:\/\/templatetoaster.com\/#website"},"datePublished":"2018-04-13T05:08:06+00:00","dateModified":"2020-12-02T06:37:48+00:00","description":"Terminos de uso del sitio web de TemplateToaster","breadcrumb":{"@id":"https:\/\/templatetoaster.com\/es\/terms-of-use#breadcrumb"},"inLanguage":"es","potentialAction":[{"@type":"ReadAction","target":["https:\/\/templatetoaster.com\/es\/terms-of-use"]}]},{"@type":"BreadcrumbList","@id":"https:\/\/templatetoaster.com\/es\/terms-of-use#breadcrumb","itemListElement":[{"@type":"ListItem","position":1,"name":"Home","item":"https:\/\/templatetoaster.com\/es"},{"@type":"ListItem","position":2,"name":"T\u00e9rminos de Uso"}]},{"@type":"WebSite","@id":"https:\/\/templatetoaster.com\/#website","url":"https:\/\/templatetoaster.com\/","name":"TemplateToaster","description":"","publisher":{"@id":"https:\/\/templatetoaster.com\/#organization"},"inLanguage":"es"},{"@type":"Organization","@id":"https:\/\/templatetoaster.com\/#organization","name":"TemplateToaster","url":"https:\/\/templatetoaster.com\/","logo":{"@type":"ImageObject","inLanguage":"es","@id":"https:\/\/templatetoaster.com\/#\/schema\/logo\/image\/","url":"https:\/\/templatetoaster.com\/wp-content\/uploads\/2019\/11\/TemplateToaster_Logo.jpg","contentUrl":"https:\/\/templatetoaster.com\/wp-content\/uploads\/2019\/11\/TemplateToaster_Logo.jpg","width":85,"height":85,"caption":"TemplateToaster"},"image":{"@id":"https:\/\/templatetoaster.com\/#\/schema\/logo\/image\/"},"sameAs":["https:\/\/www.facebook.com\/TemplateToaster","https:\/\/x.com\/templatetoaster","https:\/\/www.instagram.com\/templatetoaster\/","https:\/\/www.linkedin.com\/company\/templatetoaster\/","https:\/\/www.pinterest.com\/templatetoaster\/","https:\/\/www.youtube.com\/@TemplateToaster"]}]}},"_links":{"self":[{"href":"https:\/\/templatetoaster.com\/es\/wp-json\/wp\/v2\/pages\/3922"}],"collection":[{"href":"https:\/\/templatetoaster.com\/es\/wp-json\/wp\/v2\/pages"}],"about":[{"href":"https:\/\/templatetoaster.com\/es\/wp-json\/wp\/v2\/types\/page"}],"author":[{"embeddable":true,"href":"https:\/\/templatetoaster.com\/es\/wp-json\/wp\/v2\/users\/1"}],"replies":[{"embeddable":true,"href":"https:\/\/templatetoaster.com\/es\/wp-json\/wp\/v2\/comments?post=3922"}],"version-history":[{"count":3,"href":"https:\/\/templatetoaster.com\/es\/wp-json\/wp\/v2\/pages\/3922\/revisions"}],"predecessor-version":[{"id":75423,"href":"https:\/\/templatetoaster.com\/es\/wp-json\/wp\/v2\/pages\/3922\/revisions\/75423"}],"wp:attachment":[{"href":"https:\/\/templatetoaster.com\/es\/wp-json\/wp\/v2\/media?parent=3922"}],"curies":[{"name":"wp","href":"https:\/\/api.w.org\/{rel}","templated":true}]}}