{"id":3914,"date":"2018-04-13T04:59:55","date_gmt":"2018-04-13T04:59:55","guid":{"rendered":"http:\/\/templatetoaster.com?page_id=3914"},"modified":"2020-11-08T05:04:26","modified_gmt":"2020-11-08T05:04:26","slug":"our-standards","status":"publish","type":"page","link":"https:\/\/templatetoaster.com\/es\/our-standards","title":{"rendered":"Nuestros est\u00e1ndares"},"content":{"rendered":"<div class=\"ttr_our_features_row_main row\">\n<h1 class=\"heading_border\">Nuestros est\u00e1ndares<\/h1>\n<div class=\"ttr_our_features_row row odd first\">\n<div class=\"container\">\n<div class=\"ttr_our_features_col col1\"><img decoding=\"async\" class=\"img-responsive center-block\" src=\"https:\/\/templatetoaster.com\/wp-content\/uploads\/2018\/10\/responsive-web-design.jpg\" alt=\"\" \/><\/div>\n<div class=\"ttr_our_features_col col2\">\n<h3 style=\"margin: 0px\">Dise\u00f1o web adaptable<\/h3>\n<p style=\"padding-left: 0px\">TemplateToaster es compatible con el Dise\u00f1o Web Responsivo, lo que significa que su sitio web se mostrar\u00e1 perfectamente en cualquier dispositivo, incluidos, entre otros, dispositivos Apple, Android,\u00a0 Blackberry, Windows Phone, grandes monitores, tabletas peque\u00f1as, tabletas grandes, computadoras de escritorio, etc.<\/p>\n<\/div>\n<\/div>\n<\/div>\n<div class=\"ttr_our_features_row row even\">\n<div class=\"container\">\n<div class=\"ttr_our_features_col col1\">\n<h3 style=\"margin: 0px\">Compatibilidad con los navegadores<\/h3>\n<p>TemplateToaster es compatible con todos los navegadores web est\u00e1ndar, incluidos, entre otros, Internet Explorer, Firefox, Chrome, Opera, Safari y todos los navegadores utilizados en dispositivos m\u00f3viles.<\/p>\n<\/div>\n<div class=\"ttr_our_features_col col2\"><img decoding=\"async\" class=\"img-responsive center-block\" src=\"https:\/\/templatetoaster.com\/wp-content\/uploads\/2018\/10\/browser-compatibility.png\" alt=\"\" \/><\/div>\n<\/div>\n<\/div>\n<div class=\"ttr_our_features_row row odd\">\n<div class=\"container\">\n<div class=\"ttr_our_features_col col1\"><img decoding=\"async\" class=\"img-responsive center-block\" src=\"https:\/\/templatetoaster.com\/wp-content\/uploads\/2018\/10\/bootstrap-framework-support.png\" alt=\"\" \/><\/div>\n<div class=\"ttr_our_features_col col2\">\n<h3 style=\"margin: 0px\">Compatible con Bootstrap<\/h3>\n<p>TemplateToaster ahora es compatible con BootStrap, lo que significa que todas las plantillas, temas y sitios web generados estar\u00e1n basados en BootStrap. Tambi\u00e9n podr\u00e1 modificar todos los par\u00e1metros predeterminados de BootStrap en TemplateToaster.<\/p>\n<\/div>\n<\/div>\n<\/div>\n<div class=\"ttr_our_features_row row even\">\n<div class=\"container\">\n<div class=\"ttr_our_features_col col1\">\n<h3 style=\"margin: 0px\">\u00a0Software basado en WPF<\/h3>\n<h3 style=\"margin: 0px\">y Dot Net<\/h3>\n<p>TemplateToaster se ha desarrollado utilizando los marcos Microsoft dot .Net y WPF los cuales son est\u00e1ndares de la industria y garantizan la combinaci\u00f3n perfecta de rendimiento y estandarizaci\u00f3n.<\/p>\n<\/div>\n<div class=\"ttr_our_features_col col2\"><img decoding=\"async\" class=\"img-responsive center-block\" src=\"https:\/\/templatetoaster.com\/wp-content\/uploads\/2018\/10\/dot-net-and-wpf-based-software.png\" alt=\"\" \/><\/div>\n<\/div>\n<\/div>\n<div class=\"ttr_our_features_row row odd\">\n<div class=\"container\">\n<div class=\"ttr_our_features_col col1\"><img decoding=\"async\" class=\"img-responsive center-block\" src=\"https:\/\/templatetoaster.com\/wp-content\/uploads\/2018\/10\/high-page-speed.png\" alt=\"\" \/><\/div>\n<div class=\"ttr_our_features_col col2\">\n<h3 style=\"margin: 0px\">P\u00e1ginas m\u00e1s veloces<\/h3>\n<p>TemplateToaster implementa los \u00faltimos est\u00e1ndares de la industria para aumentar la velocidad de la\u00a0 plantilla \/ tema \/ sitio web. Puede verificar la velocidad de la p\u00e1gina de TemplateToaster.com utilizando la Google Page speed e o la herramienta Pingdom<\/p>\n<\/div>\n<\/div>\n<\/div>\n<div class=\"ttr_our_features_row row even\">\n<div class=\"container\">\n<div class=\"ttr_our_features_col col1\">\n<h3 style=\"margin: 0px\">Nuestras plantillas superan los estandares del\u00a0 \u00abTheme Check plugin\u00bb de WordPress<\/h3>\n<p>Los temas de WordPress dise\u00f1ados en TemplateToaster pasan el plugin de\u00a0 theme checks de WordPress.\u00a0 Esto significa que los temas\u00a0 que dise\u00f1es en TemplateToaster est\u00e1n libres de errores y son de\u00a0 una alta calidad<\/p>\n<\/div>\n<div class=\"ttr_our_features_col col2\"><img decoding=\"async\" class=\"img-responsive center-block\" src=\"https:\/\/templatetoaster.com\/wp-content\/uploads\/2018\/10\/wordpress-theme-check-plugin-pass.png\" alt=\"\" \/><\/div>\n<\/div>\n<\/div>\n<div class=\"ttr_our_features_row row odd\">\n<div class=\"container\">\n<div class=\"ttr_our_features_col col1\"><img decoding=\"async\" class=\"img-responsive center-block drop_drag\" src=\"https:\/\/templatetoaster.com\/wp-content\/uploads\/2018\/10\/w3c-valid-output.png\" alt=\"\" \/><\/div>\n<div class=\"ttr_our_features_col col2\">\n<h3 style=\"margin: 0px\">Cumple est\u00e1ndares W3C<\/h3>\n<p>TemplateToaster cumple con los est\u00e1ndares industriales HTML5 \/ CSS3 al igual que los est\u00e1ndares W3C.<\/p>\n<\/div>\n<\/div>\n<\/div>\n<div class=\"ttr_our_features_row row even\">\n<div class=\"container\">\n<div class=\"ttr_our_features_col col1\">\n<h3 style=\"margin: 0px\">Cumple con las normas de codificaci\u00f3n de temas de WordPress<\/h3>\n<p>Es posible que usted conozca las recomendaciones, directrices y est\u00e1ndares, y temas que establece WordPress. Uno de los temas de <a href=\"https:\/\/wordpress.org\/themes\/templatetoaster\/\">\u00a0TemplateToaster\u00a0 <\/a>est\u00e1 en el repositorio de temas de WordPress, ahora puede determinar cu\u00e1n alta es la calidad de TemplateToaster.<\/p>\n<\/div>\n<div class=\"ttr_our_features_col col2\"><img decoding=\"async\" class=\"img-responsive center-block\" src=\"https:\/\/templatetoaster.com\/wp-content\/uploads\/2018\/10\/wordpress-theme-coding-standards.png\" alt=\"\" \/><\/div>\n<\/div>\n<\/div>\n<div class=\"ttr_our_features_row_button row\">\n<div class=\"container\"><a class=\"btn download_button btn-feature\" href=\"https:\/\/templatetoaster.com\/es\/download\">Descargue la prueba gratis<\/a><\/div>\n<\/div>\n<\/div>\n","protected":false},"excerpt":{"rendered":"<p>Nuestros est\u00e1ndares Dise\u00f1o web adaptable TemplateToaster es compatible con el Dise\u00f1o Web Responsivo, lo que significa que su sitio web se mostrar\u00e1 perfectamente en cualquier dispositivo, incluidos, entre otros, dispositivos Apple, Android,\u00a0 Blackberry, Windows Phone, grandes monitores, tabletas peque\u00f1as, tabletas &hellip; <a href=\"https:\/\/templatetoaster.com\/es\/our-standards\">Continue Reading<span class=\"meta-nav\">&rarr;<\/span><\/a><\/p>\n","protected":false},"author":1,"featured_media":0,"parent":0,"menu_order":0,"comment_status":"closed","ping_status":"closed","template":"","meta":{"footnotes":""},"yoast_head":"<!-- This site is optimized with the Yoast SEO plugin v23.5 - https:\/\/yoast.com\/wordpress\/plugins\/seo\/ -->\n<title>Nuestros est\u00e1ndares - TemplateToaster<\/title>\n<meta name=\"description\" content=\"TemplateToaster es un software con altos est\u00e1ndares de calidad, veamos alguno de ellos\" \/>\n<meta name=\"robots\" content=\"index, follow, max-snippet:-1, max-image-preview:large, max-video-preview:-1\" \/>\n<link rel=\"canonical\" href=\"https:\/\/templatetoaster.com\/es\/our-standards\" \/>\n<meta property=\"og:locale\" content=\"es_ES\" \/>\n<meta property=\"og:type\" content=\"article\" \/>\n<meta property=\"og:title\" content=\"Nuestros est\u00e1ndares - TemplateToaster\" \/>\n<meta property=\"og:description\" content=\"TemplateToaster es un software con altos est\u00e1ndares de calidad, veamos alguno de ellos\" \/>\n<meta property=\"og:url\" content=\"https:\/\/templatetoaster.com\/es\/our-standards\" \/>\n<meta property=\"og:site_name\" content=\"TemplateToaster\" \/>\n<meta property=\"article:publisher\" content=\"https:\/\/www.facebook.com\/TemplateToaster\" \/>\n<meta property=\"article:modified_time\" content=\"2020-11-08T05:04:26+00:00\" \/>\n<meta property=\"og:image\" content=\"https:\/\/templatetoaster.com\/wp-content\/uploads\/2018\/10\/responsive-web-design.jpg\" \/>\n<meta name=\"twitter:card\" content=\"summary_large_image\" \/>\n<meta name=\"twitter:site\" content=\"@templatetoaster\" \/>\n<meta name=\"twitter:label1\" content=\"Tiempo de lectura\" \/>\n\t<meta name=\"twitter:data1\" content=\"2 minutos\" \/>\n<script type=\"application\/ld+json\" class=\"yoast-schema-graph\">{\"@context\":\"https:\/\/schema.org\",\"@graph\":[{\"@type\":\"WebPage\",\"@id\":\"https:\/\/templatetoaster.com\/es\/our-standards\",\"url\":\"https:\/\/templatetoaster.com\/es\/our-standards\",\"name\":\"Nuestros est\u00e1ndares - TemplateToaster\",\"isPartOf\":{\"@id\":\"https:\/\/templatetoaster.com\/#website\"},\"primaryImageOfPage\":{\"@id\":\"https:\/\/templatetoaster.com\/es\/our-standards#primaryimage\"},\"image\":{\"@id\":\"https:\/\/templatetoaster.com\/es\/our-standards#primaryimage\"},\"thumbnailUrl\":\"https:\/\/templatetoaster.com\/wp-content\/uploads\/2018\/10\/responsive-web-design.jpg\",\"datePublished\":\"2018-04-13T04:59:55+00:00\",\"dateModified\":\"2020-11-08T05:04:26+00:00\",\"description\":\"TemplateToaster es un software con altos est\u00e1ndares de calidad, veamos alguno de ellos\",\"breadcrumb\":{\"@id\":\"https:\/\/templatetoaster.com\/es\/our-standards#breadcrumb\"},\"inLanguage\":\"es\",\"potentialAction\":[{\"@type\":\"ReadAction\",\"target\":[\"https:\/\/templatetoaster.com\/es\/our-standards\"]}]},{\"@type\":\"ImageObject\",\"inLanguage\":\"es\",\"@id\":\"https:\/\/templatetoaster.com\/es\/our-standards#primaryimage\",\"url\":\"https:\/\/templatetoaster.com\/wp-content\/uploads\/2018\/10\/responsive-web-design.jpg\",\"contentUrl\":\"https:\/\/templatetoaster.com\/wp-content\/uploads\/2018\/10\/responsive-web-design.jpg\"},{\"@type\":\"BreadcrumbList\",\"@id\":\"https:\/\/templatetoaster.com\/es\/our-standards#breadcrumb\",\"itemListElement\":[{\"@type\":\"ListItem\",\"position\":1,\"name\":\"Home\",\"item\":\"https:\/\/templatetoaster.com\/es\"},{\"@type\":\"ListItem\",\"position\":2,\"name\":\"Nuestros est\u00e1ndares\"}]},{\"@type\":\"WebSite\",\"@id\":\"https:\/\/templatetoaster.com\/#website\",\"url\":\"https:\/\/templatetoaster.com\/\",\"name\":\"TemplateToaster\",\"description\":\"\",\"publisher\":{\"@id\":\"https:\/\/templatetoaster.com\/#organization\"},\"inLanguage\":\"es\"},{\"@type\":\"Organization\",\"@id\":\"https:\/\/templatetoaster.com\/#organization\",\"name\":\"TemplateToaster\",\"url\":\"https:\/\/templatetoaster.com\/\",\"logo\":{\"@type\":\"ImageObject\",\"inLanguage\":\"es\",\"@id\":\"https:\/\/templatetoaster.com\/#\/schema\/logo\/image\/\",\"url\":\"https:\/\/templatetoaster.com\/wp-content\/uploads\/2019\/11\/TemplateToaster_Logo.jpg\",\"contentUrl\":\"https:\/\/templatetoaster.com\/wp-content\/uploads\/2019\/11\/TemplateToaster_Logo.jpg\",\"width\":85,\"height\":85,\"caption\":\"TemplateToaster\"},\"image\":{\"@id\":\"https:\/\/templatetoaster.com\/#\/schema\/logo\/image\/\"},\"sameAs\":[\"https:\/\/www.facebook.com\/TemplateToaster\",\"https:\/\/x.com\/templatetoaster\",\"https:\/\/www.instagram.com\/templatetoaster\/\",\"https:\/\/www.linkedin.com\/company\/templatetoaster\/\",\"https:\/\/www.pinterest.com\/templatetoaster\/\",\"https:\/\/www.youtube.com\/@TemplateToaster\"]}]}<\/script>\n<!-- \/ Yoast SEO plugin. -->","yoast_head_json":{"title":"Nuestros est\u00e1ndares - TemplateToaster","description":"TemplateToaster es un software con altos est\u00e1ndares de calidad, veamos alguno de ellos","robots":{"index":"index","follow":"follow","max-snippet":"max-snippet:-1","max-image-preview":"max-image-preview:large","max-video-preview":"max-video-preview:-1"},"canonical":"https:\/\/templatetoaster.com\/es\/our-standards","og_locale":"es_ES","og_type":"article","og_title":"Nuestros est\u00e1ndares - TemplateToaster","og_description":"TemplateToaster es un software con altos est\u00e1ndares de calidad, veamos alguno de ellos","og_url":"https:\/\/templatetoaster.com\/es\/our-standards","og_site_name":"TemplateToaster","article_publisher":"https:\/\/www.facebook.com\/TemplateToaster","article_modified_time":"2020-11-08T05:04:26+00:00","og_image":[{"url":"https:\/\/templatetoaster.com\/wp-content\/uploads\/2018\/10\/responsive-web-design.jpg"}],"twitter_card":"summary_large_image","twitter_site":"@templatetoaster","twitter_misc":{"Tiempo de lectura":"2 minutos"},"schema":{"@context":"https:\/\/schema.org","@graph":[{"@type":"WebPage","@id":"https:\/\/templatetoaster.com\/es\/our-standards","url":"https:\/\/templatetoaster.com\/es\/our-standards","name":"Nuestros est\u00e1ndares - TemplateToaster","isPartOf":{"@id":"https:\/\/templatetoaster.com\/#website"},"primaryImageOfPage":{"@id":"https:\/\/templatetoaster.com\/es\/our-standards#primaryimage"},"image":{"@id":"https:\/\/templatetoaster.com\/es\/our-standards#primaryimage"},"thumbnailUrl":"https:\/\/templatetoaster.com\/wp-content\/uploads\/2018\/10\/responsive-web-design.jpg","datePublished":"2018-04-13T04:59:55+00:00","dateModified":"2020-11-08T05:04:26+00:00","description":"TemplateToaster es un software con altos est\u00e1ndares de calidad, veamos alguno de ellos","breadcrumb":{"@id":"https:\/\/templatetoaster.com\/es\/our-standards#breadcrumb"},"inLanguage":"es","potentialAction":[{"@type":"ReadAction","target":["https:\/\/templatetoaster.com\/es\/our-standards"]}]},{"@type":"ImageObject","inLanguage":"es","@id":"https:\/\/templatetoaster.com\/es\/our-standards#primaryimage","url":"https:\/\/templatetoaster.com\/wp-content\/uploads\/2018\/10\/responsive-web-design.jpg","contentUrl":"https:\/\/templatetoaster.com\/wp-content\/uploads\/2018\/10\/responsive-web-design.jpg"},{"@type":"BreadcrumbList","@id":"https:\/\/templatetoaster.com\/es\/our-standards#breadcrumb","itemListElement":[{"@type":"ListItem","position":1,"name":"Home","item":"https:\/\/templatetoaster.com\/es"},{"@type":"ListItem","position":2,"name":"Nuestros est\u00e1ndares"}]},{"@type":"WebSite","@id":"https:\/\/templatetoaster.com\/#website","url":"https:\/\/templatetoaster.com\/","name":"TemplateToaster","description":"","publisher":{"@id":"https:\/\/templatetoaster.com\/#organization"},"inLanguage":"es"},{"@type":"Organization","@id":"https:\/\/templatetoaster.com\/#organization","name":"TemplateToaster","url":"https:\/\/templatetoaster.com\/","logo":{"@type":"ImageObject","inLanguage":"es","@id":"https:\/\/templatetoaster.com\/#\/schema\/logo\/image\/","url":"https:\/\/templatetoaster.com\/wp-content\/uploads\/2019\/11\/TemplateToaster_Logo.jpg","contentUrl":"https:\/\/templatetoaster.com\/wp-content\/uploads\/2019\/11\/TemplateToaster_Logo.jpg","width":85,"height":85,"caption":"TemplateToaster"},"image":{"@id":"https:\/\/templatetoaster.com\/#\/schema\/logo\/image\/"},"sameAs":["https:\/\/www.facebook.com\/TemplateToaster","https:\/\/x.com\/templatetoaster","https:\/\/www.instagram.com\/templatetoaster\/","https:\/\/www.linkedin.com\/company\/templatetoaster\/","https:\/\/www.pinterest.com\/templatetoaster\/","https:\/\/www.youtube.com\/@TemplateToaster"]}]}},"_links":{"self":[{"href":"https:\/\/templatetoaster.com\/es\/wp-json\/wp\/v2\/pages\/3914"}],"collection":[{"href":"https:\/\/templatetoaster.com\/es\/wp-json\/wp\/v2\/pages"}],"about":[{"href":"https:\/\/templatetoaster.com\/es\/wp-json\/wp\/v2\/types\/page"}],"author":[{"embeddable":true,"href":"https:\/\/templatetoaster.com\/es\/wp-json\/wp\/v2\/users\/1"}],"replies":[{"embeddable":true,"href":"https:\/\/templatetoaster.com\/es\/wp-json\/wp\/v2\/comments?post=3914"}],"version-history":[{"count":4,"href":"https:\/\/templatetoaster.com\/es\/wp-json\/wp\/v2\/pages\/3914\/revisions"}],"predecessor-version":[{"id":75393,"href":"https:\/\/templatetoaster.com\/es\/wp-json\/wp\/v2\/pages\/3914\/revisions\/75393"}],"wp:attachment":[{"href":"https:\/\/templatetoaster.com\/es\/wp-json\/wp\/v2\/media?parent=3914"}],"curies":[{"name":"wp","href":"https:\/\/api.w.org\/{rel}","templated":true}]}}