{"id":3912,"date":"2018-04-13T04:53:52","date_gmt":"2018-04-13T04:53:52","guid":{"rendered":"http:\/\/templatetoaster.com?page_id=3912"},"modified":"2020-12-02T06:14:26","modified_gmt":"2020-12-02T06:14:26","slug":"generar-temas-y-plantillas","status":"publish","type":"page","link":"https:\/\/templatetoaster.com\/es\/generar-temas-y-plantillas","title":{"rendered":"Software de desarrollo de sitios web offline"},"content":{"rendered":"<div class=\"section1 wp-theme-generator\">\n<div style=\"margin: 115px 0 16px\">\n<h1>Un software \u00fanico para desarrollar sitios web\u00a0 fuera de linea<\/h1>\n<h1>Cree sitios webs profesionales para hacer crecer su negocio<\/h1>\n<p class=\"text-center\" style=\"font-size: 18px\">Dise\u00f1e desde cero sin ning\u00fan tipo de conocimiento de c\u00f3digo<\/p>\n<p>&nbsp;<\/p>\n<div style=\"text-align: center\"><a class=\"btn download_btn\" href=\"https:\/\/templatetoaster.com\/es\/download\">Descargue ahora<\/a><\/div>\n<div class=\"clearfix\"><\/div>\n<\/div>\n<\/div>\n<p><!--- What is TemplateToaster Section --><\/p>\n<div class=\"section2 wp-theme-generator\">\n<div class=\"section2-inner\">\n<h2>\u00bfPor qu\u00e9 utilizar TemplateToaster como software offline?<\/h2>\n<p>Este software est\u00e1 dise\u00f1ado espec\u00edficamente para funcionar en su ordenador totalmente desconectado. No tendr\u00e1 que seguir trabajando condicionado con la limitaci\u00f3n de estar en linea o limitaciones\u00a0en los navegadores.<\/p>\n<p>Los temas de dise\u00f1o y plantillas para su sitio web estar\u00e1n directamente en su escritorio, al igual que se trabaja con cualquier otro software sin conexi\u00f3n<\/p>\n<p>\u00bfC\u00f3mo funciona?<\/p>\n<\/div>\n<\/div>\n<div class=\"section3 wp-theme-generator\">\n<div class=\"section3-inner\">\n<div class=\"row\">\n<div class=\"col-lg-4 col-md-4 col-sm-6 col-xs-12\">\n<div class=\"media\">\n<div class=\"landing_page_svg download\"><\/div>\n<h3 class=\"text-center\">\u00a1Vamos a empezar a dise\u00f1ar con TemplateToaster!<\/h3>\n<p class=\"text-center\">Disfrute de una prueba ilimitada del software despu\u00e9s de descargarlo. \u00a1Obtenga acceso a todas las funcionalidades! Usted ha entrado en un mundo donde podr\u00e1 dise\u00f1ar sin saber c\u00f3digo<\/p>\n<\/div>\n<\/div>\n<div class=\"clearfix visible-xs-block\"><\/div>\n<div class=\"col-lg-4 col-md-4 col-sm-6 col-xs-12\">\n<div class=\"media\">\n<div class=\"landing_page_svg build-wp-theme\"><\/div>\n<h3 class=\"text-center\">Dise\u00f1o y personalizaci\u00f3n<\/h3>\n<p class=\"text-center\">El dise\u00f1o de su sitio web podr\u00e1 realizarlo en cuesti\u00f3n de minutos, con una interfaz de usuario f\u00e1cil de usar, lo que le permitir\u00e1 plasmas sus ideas con libertad. Podr\u00e1 personalizar el dise\u00f1o de cada parte de su sitio tal como el color, la fuente, el estilo, etc.\u00a0 \u00a1Al instante!<\/p>\n<\/div>\n<\/div>\n<div class=\"clearfix visible-sm-block visible-xs-block\"><\/div>\n<div class=\"col-lg-4 col-md-4 col-sm-6 col-xs-12\">\n<div class=\"media\">\n<h3 class=\"text-center\">\u00a1Publique su sitio!<\/h3>\n<p class=\"text-center\">\u00bfYa tiene todo listo en su blog o tienda de ecommerce? \u00a1Exporte el tema y luego presione el bot\u00f3n de publicar\u00a0 su sitio web.! Y listo!<\/p>\n<\/div>\n<\/div>\n<div class=\"clearfix visible-lg-block visible-md-block visible-sm-block visible-xs-block\"><\/div>\n<\/div>\n<\/div>\n<\/div>\n<div class=\"section4 wp-theme-generator\">\n<h2 style=\"text-transform: none\">Caracter\u00edsticas de TemplateToaster, software de dise\u00f1o web offline<\/h2>\n<div class=\"row\">\n<div class=\"col-lg-4 col-md-4 col-sm-6 col-sx-12\">\n<div style=\"padding: 20px\">\n<h3 style=\"margin: 20px 0px 10px;text-align: center\">F\u00e1cil y Confiable<\/h3>\n<h5 style=\"margin: 20px 0px 10px;text-align: center\">Construido por desarrolladores para\u00a0 desarrolladores. Est\u00e1 dise\u00f1ado para el uso profesional exigente. Se pueden hacer tareas complejas con facilidad y de forma r\u00e1pida.<\/h5>\n<\/div>\n<\/div>\n<div class=\"clearfix visible-xs-block\"><\/div>\n<div class=\"col-lg-4 col-md-4 col-sm-6 col-sx-12\">\n<div style=\"padding: 20px\">\n<div class=\"text-center\">\n<div class=\"wp_feature landing_page_svg compatible-version\"><\/div>\n<\/div>\n<h3 style=\"margin: 20px 0 10px;text-align: center\">Arquitectura estable<\/h3>\n<p class=\"text-center\">TemplateToaster se basa en una arquitectura s\u00f3lida, est\u00e1 libre de bloqueos y caidas del sistema, a diferencia de los editores en l\u00ednea.. Por lo tanto, es sumamente estable para trabajar<\/p>\n<\/div>\n<\/div>\n<div class=\"clearfix visible-sm-block visible-xs-block\"><\/div>\n<div class=\"col-md-4 col-sm-6 col-sx-12\">\n<div style=\"padding: 20px\">\n<div class=\"text-center\">\n<div class=\"wp_feature landing_page_svg product-grid\"><\/div>\n<\/div>\n<h3 style=\"margin: 20px 0 10px;text-align: center\">En cualquier lugar, en todos lados \u00a1Sin conexi\u00f3n!<\/h3>\n<p class=\"text-center\">Lo m\u00e1s importante de TemplateToaster es que funciona completamente fuera de l\u00ednea. Se puede trabajar sin conexi\u00f3n a Internet y\u00a0 tambi\u00e9n durante horas sin ning\u00fan tipo de necesidad de descargar e instalar otras cosas mientras se dise\u00f1a.<\/p>\n<p class=\"text-center\">\n<\/div>\n<\/div>\n<\/div>\n<\/div>\n<div class=\"section5 wp-theme-generator\" style=\"padding: 70px 10px;margin-bottom: 2px\">\n<div style=\"margin: 40px 0px 20px\">\n<div class=\"feature_with_wp row\">\n<div class=\"col-lg-4 col-md-4 col-sm-4 col-xs-6\">\n<div class=\"feature_wpimg\"><\/div>\n<\/div>\n<div class=\"col-lg-4 col-md-4 col-sm-4 col-xs-6\">\n<div class=\"feature_wpimg\"><\/div>\n<\/div>\n<div class=\"col-lg-4 col-md-4 col-sm-4 col-xs-6\">\n<div class=\"feature_wpimg\"><\/div>\n<\/div>\n<div class=\"clearfix visible-lg-block visible-md-block visible-sm-block\"><\/div>\n<div class=\"clearfix visible-xs-block\">\n<div class=\"row\">\n<div class=\"col-lg-4 col-md-4 col-sm-6 col-xs-12\">\n<div class=\"feature_wpimg text-center\"><img loading=\"lazy\" decoding=\"async\" class=\"alignnone size-full wp-image-72598\" src=\"https:\/\/templatetoaster.com\/wp-content\/uploads\/2020\/02\/offline-website-builder.png\" alt=\"offline website builder\" width=\"320\" height=\"280\" srcset=\"https:\/\/templatetoaster.com\/wp-content\/uploads\/2020\/02\/offline-website-builder.png 320w, https:\/\/templatetoaster.com\/wp-content\/uploads\/2020\/02\/offline-website-builder-300x263.png 300w\" sizes=\"(max-width: 320px) 100vw, 320px\" \/><\/div>\n<\/div>\n<div class=\"clearfix visible-xs-block\"><\/div>\n<div class=\"col-lg-4 col-md-4 col-sm-6 col-xs-12\">\n<div class=\"feature_wpimg text-center\"><img loading=\"lazy\" decoding=\"async\" class=\"alignnone size-full wp-image-72612\" src=\"https:\/\/templatetoaster.com\/wp-content\/uploads\/2020\/02\/best-offline-website-builder.png\" alt=\"best offline website builder\" width=\"320\" height=\"280\" srcset=\"https:\/\/templatetoaster.com\/wp-content\/uploads\/2020\/02\/best-offline-website-builder.png 320w, https:\/\/templatetoaster.com\/wp-content\/uploads\/2020\/02\/best-offline-website-builder-300x263.png 300w\" sizes=\"(max-width: 320px) 100vw, 320px\" \/><\/div>\n<\/div>\n<div class=\"clearfix visible-sm-block visible-xs-block\"><\/div>\n<div class=\"col-lg-4 col-md-4 col-sm-6 col-xs-12\">\n<div class=\"feature_wpimg text-center\"><img loading=\"lazy\" decoding=\"async\" class=\"alignnone size-full wp-image-72626\" src=\"https:\/\/templatetoaster.com\/wp-content\/uploads\/2020\/02\/offline-web-builder.png\" alt=\"offline web builder\" width=\"320\" height=\"280\" srcset=\"https:\/\/templatetoaster.com\/wp-content\/uploads\/2020\/02\/offline-web-builder.png 320w, https:\/\/templatetoaster.com\/wp-content\/uploads\/2020\/02\/offline-web-builder-300x263.png 300w\" sizes=\"(max-width: 320px) 100vw, 320px\" \/><\/div>\n<\/div>\n<div class=\"clearfix visible-lg-block visible-md-block visible-xs-block\"><\/div>\n<div class=\"col-lg-4 col-md-4 col-sm-6 col-xs-12\">\n<div class=\"feature_wpimg img4\"><\/div>\n<\/div>\n<div class=\"clearfix visible-sm-block visible-xs-block\"><\/div>\n<\/div>\n<\/div>\n<div class=\"col-lg-4 col-md-4 col-sm-4 col-xs-6\">\n<div class=\"feature_wpimg\"><\/div>\n<\/div>\n<div class=\"col-lg-4 col-md-4 col-sm-4 col-xs-6\">\n<div class=\"feature_wpimg\"><\/div>\n<\/div>\n<div class=\"clearfix visible-lg-block visible-md-block visible-sm-block visible-xs-block\"><\/div>\n<div class=\"col-lg-4 col-md-4 col-sm-4 col-xs-6\">\n<div class=\"feature_wpimg\"><\/div>\n<\/div>\n<div class=\"col-lg-4 col-md-4 col-sm-4 col-xs-6\">\n<div class=\"feature_wpimg\"><\/div>\n<\/div>\n<div class=\"clearfix visible-xs-block\"><\/div>\n<div class=\"col-lg-4 col-md-4 col-sm-4 col-xs-6\">\n<div class=\"feature_wpimg\"><\/div>\n<\/div>\n<\/div>\n<\/div>\n<\/div>\n<div class=\"section7 wp-theme-generator\" style=\"padding: 100px 10px;background-color: #f1f4f8;margin-bottom: 2px\">\n<div class=\"row\">\n<div class=\"col-lg-4 col-md-4 col-sm-6 col-xs-12\">\n<div style=\"padding: 20px\">\n<p class=\"text-center\">\n<\/div>\n<\/div>\n<div><\/div>\n<div><\/div>\n<div><\/div>\n<div class=\"clearfix visible-lg-block visible-md-block visible-xs-block\"><\/div>\n<\/div>\n<\/div>\n<div class=\"section6 wp-theme-generator\" style=\"padding: 50px 10px\">\n<div style=\"margin: 70px 0px 20px\">\n<div class=\"section-center\" style=\"padding-bottom: 50px\">\n<div class=\"other-cms-section\">\n<div class=\"cms-section\">\n<div class=\"text-center\">\n<div class=\"wp_feature landing_page_svg\" style=\"width: 110px;height: 100px;background-position: -100px -596px\"><\/div>\n<\/div>\n<\/div>\n<div class=\"cms-section\">\n<div class=\"text-center\">\n<div class=\"wp_feature landing_page_svg\" style=\"width: 130px;height: 100px;background-position: -212px -596px\"><\/div>\n<\/div>\n<\/div>\n<div class=\"cms-section\">\n<div class=\"text-center\">\n<div class=\"wp_feature landing_page_svg\" style=\"width: 90px;height: 102px;background-position: -250px -377px\"><\/div>\n<\/div>\n<\/div>\n<div class=\"cms-section\">\n<div class=\"text-center\">\n<div class=\"wp_feature landing_page_svg\" style=\"width: 100px;height: 102px;background-position: -160px -377px\"><\/div>\n<\/div>\n<\/div>\n<div class=\"cms-section\">\n<div class=\"text-center\">\n<div class=\"wp_feature landing_page_svg\" style=\"width: 90px;height: 120px;background-position: 12px -359px\"><\/div>\n<\/div>\n<\/div>\n<div class=\"cms-section\">\n<div class=\"text-center\">\n<div class=\"wp_feature landing_page_svg\" style=\"width: 110px;height: 100px;background-position: -240px -495px\"><\/div>\n<\/div>\n<\/div>\n<div class=\"cms-section\">\n<div class=\"text-center\">\n<div class=\"wp_feature landing_page_svg\" style=\"width: 110px;height: 100px;background-position: -65px -379px\"><\/div>\n<\/div>\n<\/div>\n<div class=\"cms-section\">\n<div class=\"text-center\">\n<div class=\"wp_feature landing_page_svg\" style=\"width: 110px;height: 100px;background-position: -5px -494px\"><\/div>\n<\/div>\n<\/div>\n<div class=\"cms-section\">\n<div class=\"text-center\">\n<div class=\"wp_feature landing_page_svg\" style=\"width: 110px;height: 100px;background-position: -0px -598px\"><\/div>\n<\/div>\n<\/div>\n<div class=\"cms-section\">\n<div class=\"text-center\">\n<div class=\"wp_feature landing_page_svg\" style=\"width: 130px;height: 100px;background-position: -125px -495px\"><\/div>\n<\/div>\n<\/div>\n<\/div>\n<\/div>\n<div style=\"text-align: center;margin-top: 30px\"><a class=\"btn download_btn\" href=\"https:\/\/templatetoaster.com\/es\/download\">Descargue ahora<\/a><\/div>\n<\/div>\n<\/div>\n","protected":false},"excerpt":{"rendered":"<p>Un software \u00fanico para desarrollar sitios web\u00a0 fuera de linea Cree sitios webs profesionales para hacer crecer su negocio Dise\u00f1e desde cero sin ning\u00fan tipo de conocimiento de c\u00f3digo &nbsp; Descargue ahora \u00bfPor qu\u00e9 utilizar TemplateToaster como software offline? Este &hellip; <a href=\"https:\/\/templatetoaster.com\/es\/generar-temas-y-plantillas\">Continue Reading<span class=\"meta-nav\">&rarr;<\/span><\/a><\/p>\n","protected":false},"author":1,"featured_media":0,"parent":0,"menu_order":0,"comment_status":"closed","ping_status":"closed","template":"","meta":{"footnotes":""},"yoast_head":"<!-- This site is optimized with the Yoast SEO plugin v23.5 - https:\/\/yoast.com\/wordpress\/plugins\/seo\/ -->\n<title>Software de desarrollo de sitios web offline - TemplateToaster<\/title>\n<meta name=\"description\" content=\"El constructor de sitios web offline para crear su p\u00e1gina web n\u00famero 1, sin necesidad de estar conectado a internet. Dise\u00f1e sitios en cuesti\u00f3n de minutos\" \/>\n<meta name=\"robots\" content=\"index, follow, max-snippet:-1, max-image-preview:large, max-video-preview:-1\" \/>\n<link rel=\"canonical\" href=\"https:\/\/templatetoaster.com\/es\/generar-temas-y-plantillas\" \/>\n<meta property=\"og:locale\" content=\"es_ES\" \/>\n<meta property=\"og:type\" content=\"article\" \/>\n<meta property=\"og:title\" content=\"Software de desarrollo de sitios web offline - TemplateToaster\" \/>\n<meta property=\"og:description\" content=\"El constructor de sitios web offline para crear su p\u00e1gina web n\u00famero 1, sin necesidad de estar conectado a internet. Dise\u00f1e sitios en cuesti\u00f3n de minutos\" \/>\n<meta property=\"og:url\" content=\"https:\/\/templatetoaster.com\/es\/generar-temas-y-plantillas\" \/>\n<meta property=\"og:site_name\" content=\"TemplateToaster\" \/>\n<meta property=\"article:publisher\" content=\"https:\/\/www.facebook.com\/TemplateToaster\" \/>\n<meta property=\"article:modified_time\" content=\"2020-12-02T06:14:26+00:00\" \/>\n<meta property=\"og:image\" content=\"https:\/\/templatetoaster.com\/wp-content\/uploads\/2020\/02\/offline-website-builder.png\" \/>\n<meta name=\"twitter:card\" content=\"summary_large_image\" \/>\n<meta name=\"twitter:site\" content=\"@templatetoaster\" \/>\n<meta name=\"twitter:label1\" content=\"Tiempo de lectura\" \/>\n\t<meta name=\"twitter:data1\" content=\"2 minutos\" \/>\n<script type=\"application\/ld+json\" class=\"yoast-schema-graph\">{\"@context\":\"https:\/\/schema.org\",\"@graph\":[{\"@type\":\"WebPage\",\"@id\":\"https:\/\/templatetoaster.com\/es\/generar-temas-y-plantillas\",\"url\":\"https:\/\/templatetoaster.com\/es\/generar-temas-y-plantillas\",\"name\":\"Software de desarrollo de sitios web offline - TemplateToaster\",\"isPartOf\":{\"@id\":\"https:\/\/templatetoaster.com\/#website\"},\"primaryImageOfPage\":{\"@id\":\"https:\/\/templatetoaster.com\/es\/generar-temas-y-plantillas#primaryimage\"},\"image\":{\"@id\":\"https:\/\/templatetoaster.com\/es\/generar-temas-y-plantillas#primaryimage\"},\"thumbnailUrl\":\"https:\/\/templatetoaster.com\/wp-content\/uploads\/2020\/02\/offline-website-builder.png\",\"datePublished\":\"2018-04-13T04:53:52+00:00\",\"dateModified\":\"2020-12-02T06:14:26+00:00\",\"description\":\"El constructor de sitios web offline para crear su p\u00e1gina web n\u00famero 1, sin necesidad de estar conectado a internet. Dise\u00f1e sitios en cuesti\u00f3n de minutos\",\"breadcrumb\":{\"@id\":\"https:\/\/templatetoaster.com\/es\/generar-temas-y-plantillas#breadcrumb\"},\"inLanguage\":\"es\",\"potentialAction\":[{\"@type\":\"ReadAction\",\"target\":[\"https:\/\/templatetoaster.com\/es\/generar-temas-y-plantillas\"]}]},{\"@type\":\"ImageObject\",\"inLanguage\":\"es\",\"@id\":\"https:\/\/templatetoaster.com\/es\/generar-temas-y-plantillas#primaryimage\",\"url\":\"https:\/\/templatetoaster.com\/wp-content\/uploads\/2020\/02\/offline-website-builder.png\",\"contentUrl\":\"https:\/\/templatetoaster.com\/wp-content\/uploads\/2020\/02\/offline-website-builder.png\"},{\"@type\":\"BreadcrumbList\",\"@id\":\"https:\/\/templatetoaster.com\/es\/generar-temas-y-plantillas#breadcrumb\",\"itemListElement\":[{\"@type\":\"ListItem\",\"position\":1,\"name\":\"Home\",\"item\":\"https:\/\/templatetoaster.com\/es\"},{\"@type\":\"ListItem\",\"position\":2,\"name\":\"Software de desarrollo de sitios web offline\"}]},{\"@type\":\"WebSite\",\"@id\":\"https:\/\/templatetoaster.com\/#website\",\"url\":\"https:\/\/templatetoaster.com\/\",\"name\":\"TemplateToaster\",\"description\":\"\",\"publisher\":{\"@id\":\"https:\/\/templatetoaster.com\/#organization\"},\"inLanguage\":\"es\"},{\"@type\":\"Organization\",\"@id\":\"https:\/\/templatetoaster.com\/#organization\",\"name\":\"TemplateToaster\",\"url\":\"https:\/\/templatetoaster.com\/\",\"logo\":{\"@type\":\"ImageObject\",\"inLanguage\":\"es\",\"@id\":\"https:\/\/templatetoaster.com\/#\/schema\/logo\/image\/\",\"url\":\"https:\/\/templatetoaster.com\/wp-content\/uploads\/2019\/11\/TemplateToaster_Logo.jpg\",\"contentUrl\":\"https:\/\/templatetoaster.com\/wp-content\/uploads\/2019\/11\/TemplateToaster_Logo.jpg\",\"width\":85,\"height\":85,\"caption\":\"TemplateToaster\"},\"image\":{\"@id\":\"https:\/\/templatetoaster.com\/#\/schema\/logo\/image\/\"},\"sameAs\":[\"https:\/\/www.facebook.com\/TemplateToaster\",\"https:\/\/x.com\/templatetoaster\",\"https:\/\/www.instagram.com\/templatetoaster\/\",\"https:\/\/www.linkedin.com\/company\/templatetoaster\/\",\"https:\/\/www.pinterest.com\/templatetoaster\/\",\"https:\/\/www.youtube.com\/@TemplateToaster\"]}]}<\/script>\n<!-- \/ Yoast SEO plugin. -->","yoast_head_json":{"title":"Software de desarrollo de sitios web offline - TemplateToaster","description":"El constructor de sitios web offline para crear su p\u00e1gina web n\u00famero 1, sin necesidad de estar conectado a internet. Dise\u00f1e sitios en cuesti\u00f3n de minutos","robots":{"index":"index","follow":"follow","max-snippet":"max-snippet:-1","max-image-preview":"max-image-preview:large","max-video-preview":"max-video-preview:-1"},"canonical":"https:\/\/templatetoaster.com\/es\/generar-temas-y-plantillas","og_locale":"es_ES","og_type":"article","og_title":"Software de desarrollo de sitios web offline - TemplateToaster","og_description":"El constructor de sitios web offline para crear su p\u00e1gina web n\u00famero 1, sin necesidad de estar conectado a internet. Dise\u00f1e sitios en cuesti\u00f3n de minutos","og_url":"https:\/\/templatetoaster.com\/es\/generar-temas-y-plantillas","og_site_name":"TemplateToaster","article_publisher":"https:\/\/www.facebook.com\/TemplateToaster","article_modified_time":"2020-12-02T06:14:26+00:00","og_image":[{"url":"https:\/\/templatetoaster.com\/wp-content\/uploads\/2020\/02\/offline-website-builder.png"}],"twitter_card":"summary_large_image","twitter_site":"@templatetoaster","twitter_misc":{"Tiempo de lectura":"2 minutos"},"schema":{"@context":"https:\/\/schema.org","@graph":[{"@type":"WebPage","@id":"https:\/\/templatetoaster.com\/es\/generar-temas-y-plantillas","url":"https:\/\/templatetoaster.com\/es\/generar-temas-y-plantillas","name":"Software de desarrollo de sitios web offline - TemplateToaster","isPartOf":{"@id":"https:\/\/templatetoaster.com\/#website"},"primaryImageOfPage":{"@id":"https:\/\/templatetoaster.com\/es\/generar-temas-y-plantillas#primaryimage"},"image":{"@id":"https:\/\/templatetoaster.com\/es\/generar-temas-y-plantillas#primaryimage"},"thumbnailUrl":"https:\/\/templatetoaster.com\/wp-content\/uploads\/2020\/02\/offline-website-builder.png","datePublished":"2018-04-13T04:53:52+00:00","dateModified":"2020-12-02T06:14:26+00:00","description":"El constructor de sitios web offline para crear su p\u00e1gina web n\u00famero 1, sin necesidad de estar conectado a internet. Dise\u00f1e sitios en cuesti\u00f3n de minutos","breadcrumb":{"@id":"https:\/\/templatetoaster.com\/es\/generar-temas-y-plantillas#breadcrumb"},"inLanguage":"es","potentialAction":[{"@type":"ReadAction","target":["https:\/\/templatetoaster.com\/es\/generar-temas-y-plantillas"]}]},{"@type":"ImageObject","inLanguage":"es","@id":"https:\/\/templatetoaster.com\/es\/generar-temas-y-plantillas#primaryimage","url":"https:\/\/templatetoaster.com\/wp-content\/uploads\/2020\/02\/offline-website-builder.png","contentUrl":"https:\/\/templatetoaster.com\/wp-content\/uploads\/2020\/02\/offline-website-builder.png"},{"@type":"BreadcrumbList","@id":"https:\/\/templatetoaster.com\/es\/generar-temas-y-plantillas#breadcrumb","itemListElement":[{"@type":"ListItem","position":1,"name":"Home","item":"https:\/\/templatetoaster.com\/es"},{"@type":"ListItem","position":2,"name":"Software de desarrollo de sitios web offline"}]},{"@type":"WebSite","@id":"https:\/\/templatetoaster.com\/#website","url":"https:\/\/templatetoaster.com\/","name":"TemplateToaster","description":"","publisher":{"@id":"https:\/\/templatetoaster.com\/#organization"},"inLanguage":"es"},{"@type":"Organization","@id":"https:\/\/templatetoaster.com\/#organization","name":"TemplateToaster","url":"https:\/\/templatetoaster.com\/","logo":{"@type":"ImageObject","inLanguage":"es","@id":"https:\/\/templatetoaster.com\/#\/schema\/logo\/image\/","url":"https:\/\/templatetoaster.com\/wp-content\/uploads\/2019\/11\/TemplateToaster_Logo.jpg","contentUrl":"https:\/\/templatetoaster.com\/wp-content\/uploads\/2019\/11\/TemplateToaster_Logo.jpg","width":85,"height":85,"caption":"TemplateToaster"},"image":{"@id":"https:\/\/templatetoaster.com\/#\/schema\/logo\/image\/"},"sameAs":["https:\/\/www.facebook.com\/TemplateToaster","https:\/\/x.com\/templatetoaster","https:\/\/www.instagram.com\/templatetoaster\/","https:\/\/www.linkedin.com\/company\/templatetoaster\/","https:\/\/www.pinterest.com\/templatetoaster\/","https:\/\/www.youtube.com\/@TemplateToaster"]}]}},"_links":{"self":[{"href":"https:\/\/templatetoaster.com\/es\/wp-json\/wp\/v2\/pages\/3912"}],"collection":[{"href":"https:\/\/templatetoaster.com\/es\/wp-json\/wp\/v2\/pages"}],"about":[{"href":"https:\/\/templatetoaster.com\/es\/wp-json\/wp\/v2\/types\/page"}],"author":[{"embeddable":true,"href":"https:\/\/templatetoaster.com\/es\/wp-json\/wp\/v2\/users\/1"}],"replies":[{"embeddable":true,"href":"https:\/\/templatetoaster.com\/es\/wp-json\/wp\/v2\/comments?post=3912"}],"version-history":[{"count":5,"href":"https:\/\/templatetoaster.com\/es\/wp-json\/wp\/v2\/pages\/3912\/revisions"}],"predecessor-version":[{"id":75421,"href":"https:\/\/templatetoaster.com\/es\/wp-json\/wp\/v2\/pages\/3912\/revisions\/75421"}],"wp:attachment":[{"href":"https:\/\/templatetoaster.com\/es\/wp-json\/wp\/v2\/media?parent=3912"}],"curies":[{"name":"wp","href":"https:\/\/api.w.org\/{rel}","templated":true}]}}