{"id":3904,"date":"2018-04-13T04:45:45","date_gmt":"2018-04-13T04:45:45","guid":{"rendered":"http:\/\/templatetoaster.com?page_id=3904"},"modified":"2020-11-19T07:49:34","modified_gmt":"2020-11-19T07:49:34","slug":"woocommerce","status":"publish","type":"page","link":"https:\/\/templatetoaster.com\/es\/woocommerce","title":{"rendered":"C\u00f3mo subir , instalar y configurar  temas en WooCommerce"},"content":{"rendered":"<div style=\"margin: 60px 0px\">\n<h1 class=\"heading_border\">\u00bfC\u00f3mo subir, instalar y configurar temas de WooCommerce en Templatetoaster?<\/h1>\n<h1 class=\"heading_border\"><\/h1>\n<div class=\"demo_row1 even row\">\n<div class=\"row\">\n<div class=\"col-md-6 col-sm-6 col-xs-12\">\n<div class=\"vedio_bg\">\n<div class=\"tt_video_modal\">\n<p><a href=\"https:\/\/youtu.be\/wiikegBEAgU\" data-toggle=\"lightbox\" data-gallery=\"youtubevideos\" data-title=\"How to Create WooCommerce Theme in TemplateToaster\"><img decoding=\"async\" src=\"http:\/\/templatetoaster.com\/wp-content\/uploads\/2018\/02\/youtube.png\" \/><\/a><\/p>\n<div class=\"video-content\">\n<h3>\u00bfC\u00f3mo crear temas de WooCommerce en TemplateToaster?<\/h3>\n<\/div>\n<\/div>\n<\/div>\n<\/div>\n<div class=\"col-md-6 col-sm-6 col-xs-12\">\n<div class=\"vedio_bg\">\n<div class=\"tt_video_modal\">\n<p><a href=\"https:\/\/youtu.be\/gq4hwQ50U0Q\" data-toggle=\"lightbox\" data-gallery=\"youtubevideos\" data-title=\"How to Upload TemplateToaster generated Theme on WooCommerce\"><img decoding=\"async\" src=\"http:\/\/templatetoaster.com\/wp-content\/uploads\/2018\/02\/youtube.png\" \/><\/a><\/p>\n<div class=\"video-content\">\n<h3>\u00bfC\u00f3mo subir el tema de Woocomerce creado con TemplateToaster?<\/h3>\n<\/div>\n<\/div>\n<\/div>\n<\/div>\n<div class=\"clearfix visible-lg-block visible-md-block\"><\/div>\n<\/div>\n<\/div>\n<p>1. Vaya al panel de WordPress -&gt; Apariencia -&gt; Temas -&gt; Agregar Nuevo -&gt; Sub Tema -&gt; Examine y seleccione un tema en .zip -&gt; Instale<\/p>\n<p>2. Una vez que el tema se haya instalado correctamente, , la p\u00e1gina de activaci\u00f3n aparecer\u00e1 -&gt; Haga clic en Activar.<\/p>\n<p>Sino ir a Apariencia -&gt; Temas -&gt; Encuentre el tema instalado -&gt; Haga clic en Activar. <br class=\"\u201d\u201d\" \/><br class=\"\u201d\u201d\" \/><\/p>\n<p><a href=\"http:\/\/templatetoaster.com\/wp-content\/uploads\/2017\/10\/Upload_Install_WooCommerce_WordPress_Theme_step1.jpg\"><img loading=\"lazy\" decoding=\"async\" class=\"aligncenter size-large wp-image-3181\" src=\"http:\/\/templatetoaster.com\/wp-content\/uploads\/2017\/10\/Upload_Install_WooCommerce_WordPress_Theme_step1-1024x500.jpg\" alt=\"Upload_Install_WooCommerce_WordPress_Theme_step1\" width=\"900\" height=\"439\" srcset=\"https:\/\/templatetoaster.com\/wp-content\/uploads\/2017\/10\/Upload_Install_WooCommerce_WordPress_Theme_step1-1024x500.jpg 1024w, https:\/\/templatetoaster.com\/wp-content\/uploads\/2017\/10\/Upload_Install_WooCommerce_WordPress_Theme_step1-1000x489.jpg 1000w, https:\/\/templatetoaster.com\/wp-content\/uploads\/2017\/10\/Upload_Install_WooCommerce_WordPress_Theme_step1-300x147.jpg 300w, https:\/\/templatetoaster.com\/wp-content\/uploads\/2017\/10\/Upload_Install_WooCommerce_WordPress_Theme_step1.jpg 1349w\" sizes=\"(max-width: 900px) 100vw, 900px\" \/><\/a><\/p>\n<p><a href=\"http:\/\/templatetoaster.com\/wp-content\/uploads\/2017\/10\/Upload_Install_WooCommerce_WordPress_Theme_step2.jpg\"><img loading=\"lazy\" decoding=\"async\" class=\"aligncenter size-large wp-image-3182\" src=\"http:\/\/templatetoaster.com\/wp-content\/uploads\/2017\/10\/Upload_Install_WooCommerce_WordPress_Theme_step2-1024x500.jpg\" alt=\"Upload_Install_WooCommerce_WordPress_Theme_step2\" width=\"900\" height=\"439\" srcset=\"https:\/\/templatetoaster.com\/wp-content\/uploads\/2017\/10\/Upload_Install_WooCommerce_WordPress_Theme_step2-1024x500.jpg 1024w, https:\/\/templatetoaster.com\/wp-content\/uploads\/2017\/10\/Upload_Install_WooCommerce_WordPress_Theme_step2-1000x489.jpg 1000w, https:\/\/templatetoaster.com\/wp-content\/uploads\/2017\/10\/Upload_Install_WooCommerce_WordPress_Theme_step2-300x147.jpg 300w, https:\/\/templatetoaster.com\/wp-content\/uploads\/2017\/10\/Upload_Install_WooCommerce_WordPress_Theme_step2.jpg 1349w\" sizes=\"(max-width: 900px) 100vw, 900px\" \/><\/a><\/p>\n<p><a href=\"http:\/\/templatetoaster.com\/wp-content\/uploads\/2017\/10\/Upload_Install_WooCommerce_WordPress_Theme_step3.jpg\"><img loading=\"lazy\" decoding=\"async\" class=\"aligncenter size-large wp-image-3183\" src=\"http:\/\/templatetoaster.com\/wp-content\/uploads\/2017\/10\/Upload_Install_WooCommerce_WordPress_Theme_step3-1024x500.jpg\" alt=\"Upload_Install_WooCommerce_WordPress_Theme_step3\" width=\"900\" height=\"439\" srcset=\"https:\/\/templatetoaster.com\/wp-content\/uploads\/2017\/10\/Upload_Install_WooCommerce_WordPress_Theme_step3-1024x500.jpg 1024w, https:\/\/templatetoaster.com\/wp-content\/uploads\/2017\/10\/Upload_Install_WooCommerce_WordPress_Theme_step3-1000x489.jpg 1000w, https:\/\/templatetoaster.com\/wp-content\/uploads\/2017\/10\/Upload_Install_WooCommerce_WordPress_Theme_step3-300x147.jpg 300w, https:\/\/templatetoaster.com\/wp-content\/uploads\/2017\/10\/Upload_Install_WooCommerce_WordPress_Theme_step3.jpg 1349w\" sizes=\"(max-width: 900px) 100vw, 900px\" \/><\/a><\/p>\n<p><a href=\"http:\/\/templatetoaster.com\/wp-content\/uploads\/2017\/10\/Upload_Install_WooCommerce_WordPress_Theme_step4.jpg\"><img loading=\"lazy\" decoding=\"async\" class=\"aligncenter size-large wp-image-3184\" src=\"http:\/\/templatetoaster.com\/wp-content\/uploads\/2017\/10\/Upload_Install_WooCommerce_WordPress_Theme_step4-1024x500.jpg\" alt=\"Upload_Install_WooCommerce_WordPress_Theme_step4\" width=\"900\" height=\"439\" srcset=\"https:\/\/templatetoaster.com\/wp-content\/uploads\/2017\/10\/Upload_Install_WooCommerce_WordPress_Theme_step4-1024x500.jpg 1024w, https:\/\/templatetoaster.com\/wp-content\/uploads\/2017\/10\/Upload_Install_WooCommerce_WordPress_Theme_step4-1000x489.jpg 1000w, https:\/\/templatetoaster.com\/wp-content\/uploads\/2017\/10\/Upload_Install_WooCommerce_WordPress_Theme_step4-300x147.jpg 300w, https:\/\/templatetoaster.com\/wp-content\/uploads\/2017\/10\/Upload_Install_WooCommerce_WordPress_Theme_step4.jpg 1349w\" sizes=\"(max-width: 900px) 100vw, 900px\" \/><\/a><\/p>\n<p><a href=\"http:\/\/templatetoaster.com\/wp-content\/uploads\/2017\/10\/Upload_Install_WooCommerce_WordPress_Theme_step5.jpg\"><img loading=\"lazy\" decoding=\"async\" class=\"aligncenter size-large wp-image-3185\" src=\"http:\/\/templatetoaster.com\/wp-content\/uploads\/2017\/10\/Upload_Install_WooCommerce_WordPress_Theme_step5-1024x500.jpg\" alt=\"Upload_Install_WooCommerce_WordPress_Theme_step5\" width=\"900\" height=\"439\" srcset=\"https:\/\/templatetoaster.com\/wp-content\/uploads\/2017\/10\/Upload_Install_WooCommerce_WordPress_Theme_step5-1024x500.jpg 1024w, https:\/\/templatetoaster.com\/wp-content\/uploads\/2017\/10\/Upload_Install_WooCommerce_WordPress_Theme_step5-1000x489.jpg 1000w, https:\/\/templatetoaster.com\/wp-content\/uploads\/2017\/10\/Upload_Install_WooCommerce_WordPress_Theme_step5-300x147.jpg 300w, https:\/\/templatetoaster.com\/wp-content\/uploads\/2017\/10\/Upload_Install_WooCommerce_WordPress_Theme_step5.jpg 1349w\" sizes=\"(max-width: 900px) 100vw, 900px\" \/><\/a><\/p>\n<p><a href=\"http:\/\/templatetoaster.com\/wp-content\/uploads\/2017\/10\/Upload_Install_WooCommerce_WordPress_Theme_step6.jpg\"><img loading=\"lazy\" decoding=\"async\" class=\"aligncenter size-large wp-image-3186\" src=\"http:\/\/templatetoaster.com\/wp-content\/uploads\/2017\/10\/Upload_Install_WooCommerce_WordPress_Theme_step6-1024x494.jpg\" alt=\"Upload_Install_WooCommerce_WordPress_Theme_step6\" width=\"900\" height=\"434\" srcset=\"https:\/\/templatetoaster.com\/wp-content\/uploads\/2017\/10\/Upload_Install_WooCommerce_WordPress_Theme_step6-1024x494.jpg 1024w, https:\/\/templatetoaster.com\/wp-content\/uploads\/2017\/10\/Upload_Install_WooCommerce_WordPress_Theme_step6-1000x482.jpg 1000w, https:\/\/templatetoaster.com\/wp-content\/uploads\/2017\/10\/Upload_Install_WooCommerce_WordPress_Theme_step6-300x145.jpg 300w, https:\/\/templatetoaster.com\/wp-content\/uploads\/2017\/10\/Upload_Install_WooCommerce_WordPress_Theme_step6.jpg 1366w\" sizes=\"(max-width: 900px) 100vw, 900px\" \/><\/a><\/p>\n<p><a href=\"http:\/\/templatetoaster.com\/wp-content\/uploads\/2017\/10\/Upload_Install_WooCommerce_WordPress_Theme_step7.jpg\"><img loading=\"lazy\" decoding=\"async\" class=\"aligncenter size-large wp-image-3187\" src=\"http:\/\/templatetoaster.com\/wp-content\/uploads\/2017\/10\/Upload_Install_WooCommerce_WordPress_Theme_step7-1024x500.jpg\" alt=\"Upload_Install_WooCommerce_WordPress_Theme_step7\" width=\"900\" height=\"439\" srcset=\"https:\/\/templatetoaster.com\/wp-content\/uploads\/2017\/10\/Upload_Install_WooCommerce_WordPress_Theme_step7-1024x500.jpg 1024w, https:\/\/templatetoaster.com\/wp-content\/uploads\/2017\/10\/Upload_Install_WooCommerce_WordPress_Theme_step7-1000x489.jpg 1000w, https:\/\/templatetoaster.com\/wp-content\/uploads\/2017\/10\/Upload_Install_WooCommerce_WordPress_Theme_step7-300x147.jpg 300w, https:\/\/templatetoaster.com\/wp-content\/uploads\/2017\/10\/Upload_Install_WooCommerce_WordPress_Theme_step7.jpg 1349w\" sizes=\"(max-width: 900px) 100vw, 900px\" \/><\/a><\/p>\n<\/div>\n","protected":false},"excerpt":{"rendered":"<p>\u00bfC\u00f3mo subir, instalar y configurar temas de WooCommerce en Templatetoaster? \u00bfC\u00f3mo crear temas de WooCommerce en TemplateToaster? \u00bfC\u00f3mo subir el tema de Woocomerce creado con TemplateToaster? 1. Vaya al panel de WordPress -&gt; Apariencia -&gt; Temas -&gt; Agregar Nuevo -&gt; &hellip; <a href=\"https:\/\/templatetoaster.com\/es\/woocommerce\">Continue Reading<span class=\"meta-nav\">&rarr;<\/span><\/a><\/p>\n","protected":false},"author":1,"featured_media":0,"parent":0,"menu_order":0,"comment_status":"closed","ping_status":"closed","template":"PageTemplate1.php","meta":{"footnotes":""},"yoast_head":"<!-- This site is optimized with the Yoast SEO plugin v23.5 - https:\/\/yoast.com\/wordpress\/plugins\/seo\/ -->\n<title>C\u00f3mo subir , instalar y configurar temas en WooCommerce - TemplateToaster<\/title>\n<meta name=\"description\" content=\"Instrucciones para crear y exportar plantillas Woocommerce compatibles con WordPress con TemplateToaster\" \/>\n<meta name=\"robots\" content=\"index, follow, max-snippet:-1, max-image-preview:large, max-video-preview:-1\" \/>\n<link rel=\"canonical\" href=\"https:\/\/templatetoaster.com\/es\/woocommerce\" \/>\n<meta property=\"og:locale\" content=\"es_ES\" \/>\n<meta property=\"og:type\" content=\"article\" \/>\n<meta property=\"og:title\" content=\"C\u00f3mo subir , instalar y configurar temas en WooCommerce - TemplateToaster\" \/>\n<meta property=\"og:description\" content=\"Instrucciones para crear y exportar plantillas Woocommerce compatibles con WordPress con TemplateToaster\" \/>\n<meta property=\"og:url\" content=\"https:\/\/templatetoaster.com\/es\/woocommerce\" \/>\n<meta property=\"og:site_name\" content=\"TemplateToaster\" \/>\n<meta property=\"article:publisher\" content=\"https:\/\/www.facebook.com\/TemplateToaster\" \/>\n<meta property=\"article:modified_time\" content=\"2020-11-19T07:49:34+00:00\" \/>\n<meta property=\"og:image\" content=\"http:\/\/templatetoaster.com\/wp-content\/uploads\/2018\/02\/youtube.png\" \/>\n<meta name=\"twitter:card\" content=\"summary_large_image\" \/>\n<meta name=\"twitter:site\" content=\"@templatetoaster\" \/>\n<meta name=\"twitter:label1\" content=\"Tiempo de lectura\" \/>\n\t<meta name=\"twitter:data1\" content=\"1 minuto\" \/>\n<script type=\"application\/ld+json\" class=\"yoast-schema-graph\">{\"@context\":\"https:\/\/schema.org\",\"@graph\":[{\"@type\":\"WebPage\",\"@id\":\"https:\/\/templatetoaster.com\/es\/woocommerce\",\"url\":\"https:\/\/templatetoaster.com\/es\/woocommerce\",\"name\":\"C\u00f3mo subir , instalar y configurar temas en WooCommerce - TemplateToaster\",\"isPartOf\":{\"@id\":\"https:\/\/templatetoaster.com\/#website\"},\"primaryImageOfPage\":{\"@id\":\"https:\/\/templatetoaster.com\/es\/woocommerce#primaryimage\"},\"image\":{\"@id\":\"https:\/\/templatetoaster.com\/es\/woocommerce#primaryimage\"},\"thumbnailUrl\":\"http:\/\/templatetoaster.com\/wp-content\/uploads\/2018\/02\/youtube.png\",\"datePublished\":\"2018-04-13T04:45:45+00:00\",\"dateModified\":\"2020-11-19T07:49:34+00:00\",\"description\":\"Instrucciones para crear y exportar plantillas Woocommerce compatibles con WordPress con TemplateToaster\",\"breadcrumb\":{\"@id\":\"https:\/\/templatetoaster.com\/es\/woocommerce#breadcrumb\"},\"inLanguage\":\"es\",\"potentialAction\":[{\"@type\":\"ReadAction\",\"target\":[\"https:\/\/templatetoaster.com\/es\/woocommerce\"]}]},{\"@type\":\"ImageObject\",\"inLanguage\":\"es\",\"@id\":\"https:\/\/templatetoaster.com\/es\/woocommerce#primaryimage\",\"url\":\"http:\/\/templatetoaster.com\/wp-content\/uploads\/2018\/02\/youtube.png\",\"contentUrl\":\"http:\/\/templatetoaster.com\/wp-content\/uploads\/2018\/02\/youtube.png\"},{\"@type\":\"BreadcrumbList\",\"@id\":\"https:\/\/templatetoaster.com\/es\/woocommerce#breadcrumb\",\"itemListElement\":[{\"@type\":\"ListItem\",\"position\":1,\"name\":\"Home\",\"item\":\"https:\/\/templatetoaster.com\/es\"},{\"@type\":\"ListItem\",\"position\":2,\"name\":\"C\u00f3mo subir , instalar y configurar temas en WooCommerce\"}]},{\"@type\":\"WebSite\",\"@id\":\"https:\/\/templatetoaster.com\/#website\",\"url\":\"https:\/\/templatetoaster.com\/\",\"name\":\"TemplateToaster\",\"description\":\"\",\"publisher\":{\"@id\":\"https:\/\/templatetoaster.com\/#organization\"},\"inLanguage\":\"es\"},{\"@type\":\"Organization\",\"@id\":\"https:\/\/templatetoaster.com\/#organization\",\"name\":\"TemplateToaster\",\"url\":\"https:\/\/templatetoaster.com\/\",\"logo\":{\"@type\":\"ImageObject\",\"inLanguage\":\"es\",\"@id\":\"https:\/\/templatetoaster.com\/#\/schema\/logo\/image\/\",\"url\":\"https:\/\/templatetoaster.com\/wp-content\/uploads\/2019\/11\/TemplateToaster_Logo.jpg\",\"contentUrl\":\"https:\/\/templatetoaster.com\/wp-content\/uploads\/2019\/11\/TemplateToaster_Logo.jpg\",\"width\":85,\"height\":85,\"caption\":\"TemplateToaster\"},\"image\":{\"@id\":\"https:\/\/templatetoaster.com\/#\/schema\/logo\/image\/\"},\"sameAs\":[\"https:\/\/www.facebook.com\/TemplateToaster\",\"https:\/\/x.com\/templatetoaster\",\"https:\/\/www.instagram.com\/templatetoaster\/\",\"https:\/\/www.linkedin.com\/company\/templatetoaster\/\",\"https:\/\/www.pinterest.com\/templatetoaster\/\",\"https:\/\/www.youtube.com\/@TemplateToaster\"]}]}<\/script>\n<!-- \/ Yoast SEO plugin. -->","yoast_head_json":{"title":"C\u00f3mo subir , instalar y configurar temas en WooCommerce - TemplateToaster","description":"Instrucciones para crear y exportar plantillas Woocommerce compatibles con WordPress con TemplateToaster","robots":{"index":"index","follow":"follow","max-snippet":"max-snippet:-1","max-image-preview":"max-image-preview:large","max-video-preview":"max-video-preview:-1"},"canonical":"https:\/\/templatetoaster.com\/es\/woocommerce","og_locale":"es_ES","og_type":"article","og_title":"C\u00f3mo subir , instalar y configurar temas en WooCommerce - TemplateToaster","og_description":"Instrucciones para crear y exportar plantillas Woocommerce compatibles con WordPress con TemplateToaster","og_url":"https:\/\/templatetoaster.com\/es\/woocommerce","og_site_name":"TemplateToaster","article_publisher":"https:\/\/www.facebook.com\/TemplateToaster","article_modified_time":"2020-11-19T07:49:34+00:00","og_image":[{"url":"http:\/\/templatetoaster.com\/wp-content\/uploads\/2018\/02\/youtube.png"}],"twitter_card":"summary_large_image","twitter_site":"@templatetoaster","twitter_misc":{"Tiempo de lectura":"1 minuto"},"schema":{"@context":"https:\/\/schema.org","@graph":[{"@type":"WebPage","@id":"https:\/\/templatetoaster.com\/es\/woocommerce","url":"https:\/\/templatetoaster.com\/es\/woocommerce","name":"C\u00f3mo subir , instalar y configurar temas en WooCommerce - TemplateToaster","isPartOf":{"@id":"https:\/\/templatetoaster.com\/#website"},"primaryImageOfPage":{"@id":"https:\/\/templatetoaster.com\/es\/woocommerce#primaryimage"},"image":{"@id":"https:\/\/templatetoaster.com\/es\/woocommerce#primaryimage"},"thumbnailUrl":"http:\/\/templatetoaster.com\/wp-content\/uploads\/2018\/02\/youtube.png","datePublished":"2018-04-13T04:45:45+00:00","dateModified":"2020-11-19T07:49:34+00:00","description":"Instrucciones para crear y exportar plantillas Woocommerce compatibles con WordPress con TemplateToaster","breadcrumb":{"@id":"https:\/\/templatetoaster.com\/es\/woocommerce#breadcrumb"},"inLanguage":"es","potentialAction":[{"@type":"ReadAction","target":["https:\/\/templatetoaster.com\/es\/woocommerce"]}]},{"@type":"ImageObject","inLanguage":"es","@id":"https:\/\/templatetoaster.com\/es\/woocommerce#primaryimage","url":"http:\/\/templatetoaster.com\/wp-content\/uploads\/2018\/02\/youtube.png","contentUrl":"http:\/\/templatetoaster.com\/wp-content\/uploads\/2018\/02\/youtube.png"},{"@type":"BreadcrumbList","@id":"https:\/\/templatetoaster.com\/es\/woocommerce#breadcrumb","itemListElement":[{"@type":"ListItem","position":1,"name":"Home","item":"https:\/\/templatetoaster.com\/es"},{"@type":"ListItem","position":2,"name":"C\u00f3mo subir , instalar y configurar temas en WooCommerce"}]},{"@type":"WebSite","@id":"https:\/\/templatetoaster.com\/#website","url":"https:\/\/templatetoaster.com\/","name":"TemplateToaster","description":"","publisher":{"@id":"https:\/\/templatetoaster.com\/#organization"},"inLanguage":"es"},{"@type":"Organization","@id":"https:\/\/templatetoaster.com\/#organization","name":"TemplateToaster","url":"https:\/\/templatetoaster.com\/","logo":{"@type":"ImageObject","inLanguage":"es","@id":"https:\/\/templatetoaster.com\/#\/schema\/logo\/image\/","url":"https:\/\/templatetoaster.com\/wp-content\/uploads\/2019\/11\/TemplateToaster_Logo.jpg","contentUrl":"https:\/\/templatetoaster.com\/wp-content\/uploads\/2019\/11\/TemplateToaster_Logo.jpg","width":85,"height":85,"caption":"TemplateToaster"},"image":{"@id":"https:\/\/templatetoaster.com\/#\/schema\/logo\/image\/"},"sameAs":["https:\/\/www.facebook.com\/TemplateToaster","https:\/\/x.com\/templatetoaster","https:\/\/www.instagram.com\/templatetoaster\/","https:\/\/www.linkedin.com\/company\/templatetoaster\/","https:\/\/www.pinterest.com\/templatetoaster\/","https:\/\/www.youtube.com\/@TemplateToaster"]}]}},"_links":{"self":[{"href":"https:\/\/templatetoaster.com\/es\/wp-json\/wp\/v2\/pages\/3904"}],"collection":[{"href":"https:\/\/templatetoaster.com\/es\/wp-json\/wp\/v2\/pages"}],"about":[{"href":"https:\/\/templatetoaster.com\/es\/wp-json\/wp\/v2\/types\/page"}],"author":[{"embeddable":true,"href":"https:\/\/templatetoaster.com\/es\/wp-json\/wp\/v2\/users\/1"}],"replies":[{"embeddable":true,"href":"https:\/\/templatetoaster.com\/es\/wp-json\/wp\/v2\/comments?post=3904"}],"version-history":[{"count":4,"href":"https:\/\/templatetoaster.com\/es\/wp-json\/wp\/v2\/pages\/3904\/revisions"}],"predecessor-version":[{"id":75407,"href":"https:\/\/templatetoaster.com\/es\/wp-json\/wp\/v2\/pages\/3904\/revisions\/75407"}],"wp:attachment":[{"href":"https:\/\/templatetoaster.com\/es\/wp-json\/wp\/v2\/media?parent=3904"}],"curies":[{"name":"wp","href":"https:\/\/api.w.org\/{rel}","templated":true}]}}