{"id":3900,"date":"2018-04-13T04:42:17","date_gmt":"2018-04-13T04:42:17","guid":{"rendered":"http:\/\/templatetoaster.com?page_id=3900"},"modified":"2019-08-08T05:48:17","modified_gmt":"2019-08-08T05:48:17","slug":"magento","status":"publish","type":"page","link":"https:\/\/templatetoaster.com\/es\/magento","title":{"rendered":"C\u00f3mo subir e instalar temas en Magento"},"content":{"rendered":"<div class=\"tt_documentation_instruction_row row\">\n<h1 class=\"heading_border\" style=\"background-size: 544px 1px;\">C\u00f3mo subir Instalar y configurar TemplateToaster Temas Generado en Magento<\/h1>\n<div class=\"demo_row1 even row\">\n<h2><span class=\"demo_video_cms\" style=\"background-position: 137px -62px;\"><\/span> Magento 1.9<\/h2>\n<div class=\"row\">\n<div class=\"col-md-6 col-sm-6 col-xs-12\">\n<div class=\"vedio_bg\">\n<div class=\"tt_video_modal\"><a href=\"https:\/\/youtu.be\/tmMFYqDKsrk\" data-toggle=\"lightbox\" data-gallery=\"youtubevideos\" data-title=\"How to Create Magento 1.9 Theme in TemplateToaster\"><img decoding=\"async\" src=\"https:\/\/templatetoaster.com\/wp-content\/uploads\/2018\/02\/youtube.png\" \/><\/a><\/p>\n<div class=\"video-content\">\n<h3>C\u00f3mo crear Magento 1.9 Tem\u00e1tico en TemplateToaster<\/h3>\n<\/div>\n<\/div>\n<\/div>\n<\/div>\n<div class=\"col-md-6 col-sm-6 col-xs-12\">\n<div class=\"vedio_bg\">\n<div class=\"tt_video_modal\"><a href=\"https:\/\/youtu.be\/D6KBdP3kdjg\" data-toggle=\"lightbox\" data-gallery=\"youtubevideos\" data-title=\"How to Upload TemplateToaster generated Theme on Magento 1.9\"><img decoding=\"async\" src=\"https:\/\/templatetoaster.com\/wp-content\/uploads\/2018\/02\/youtube.png\" \/><\/a><\/p>\n<div class=\"video-content\">\n<h3>C\u00f3mo subir TemplateToaster tem\u00e1tico generada en Magento 1.9<\/h3>\n<\/div>\n<\/div>\n<\/div>\n<\/div>\n<div class=\"clearfix visible-lg-block visible-md-block\"><\/div>\n<\/div>\n<\/div>\n<div class=\"demo_row1 even row\">\n<h2><span class=\"demo_video_cms\" style=\"background-position: 137px -62px;\"><\/span> Magento 2.0<\/h2>\n<div class=\"row\">\n<div class=\"col-md-6 col-sm-6 col-xs-12\">\n<div class=\"vedio_bg\">\n<div class=\"tt_video_modal\"><a href=\"https:\/\/youtu.be\/tmMFYqDKsrk\" data-toggle=\"lightbox\" data-gallery=\"youtubevideos\" data-title=\"How to Create Magento 2.0 Theme in TemplateToaster\"><img decoding=\"async\" src=\"https:\/\/templatetoaster.com\/wp-content\/uploads\/2018\/02\/youtube.png\" \/><\/a><\/p>\n<div class=\"video-content\">\n<h3>C\u00f3mo crear Magento 2.0 Tem\u00e1tico en TemplateToaster<\/h3>\n<\/div>\n<\/div>\n<\/div>\n<\/div>\n<div class=\"col-md-6 col-sm-6 col-xs-12\">\n<div class=\"vedio_bg\">\n<div class=\"tt_video_modal\"><a href=\"https:\/\/youtu.be\/yz75jq66vn4\" data-toggle=\"lightbox\" data-gallery=\"youtubevideos\" data-title=\"How to Upload TemplateToaster generated Theme on Magento 2.0\"><img decoding=\"async\" src=\"https:\/\/templatetoaster.com\/wp-content\/uploads\/2018\/02\/youtube.png\" \/><\/a><\/p>\n<div class=\"video-content\">\n<h3>C\u00f3mo subir TemplateToaster tem\u00e1tico generada en Magento 2.0<\/h3>\n<\/div>\n<\/div>\n<\/div>\n<\/div>\n<div class=\"clearfix visible-lg-block visible-md-block\"><\/div>\n<\/div>\n<\/div>\n<div class=\"basic\">\n<div class=\"basic-step\">\n<h3 style=\"margin-bottom: 15px;\"><a href=\"#magento1.9\">gu\u00eda de instalaci\u00f3n del tema de Magento para Magento 1.9<\/a><\/h3>\n<h3 style=\"margin-bottom: 15px;\"><a href=\"#magento2\">gu\u00eda de instalaci\u00f3n del tema de Magento para Magento 2.0<\/a><\/h3>\n<p><a name=\"magento1.9\"><\/a><\/p>\n<div class=\"basic-step\">\n<h4 style=\"margin: 15px 0px 10px;\">1. Copiar archivos de tema<\/h4>\n<ol class=\"lower-alpha\">\n<li>Sobre XAMPP, WAMPP etc.. (Si desea instalar Magento Theme en PC Local)<\/li>\n<li>El tema de la exportaci\u00f3n como archivo .zip.<\/li>\n<li>Extraiga el archivo zip a la carpeta ra\u00edz de Magento.<\/li>\n<li>En Hosting Server (Si desea instalar Magento Theme en servidor de Hosting)<\/li>\n<li>El tema de la exportaci\u00f3n como carpeta.<\/li>\n<li>Cargar el contenido de la carpeta en la ra\u00edz del directorio de Magento. Por favor refi\u00e9rase a la siguiente captura de pantalla.<\/li>\n<\/ol>\n<\/div>\n<\/div>\n<div class=\"basic\">\n<div class=\"basic-step\">\n<h4>2. Siguiente:<\/h4>\n<ol class=\"lower-alpha\">\n<li>Abra el panel de administraci\u00f3n de Magento e ir a sistema &gt; secci\u00f3n dise\u00f1o.<\/li>\n<li>En la pantalla apareci\u00f3 haga clic en Agregar nuevo tema(o agregar dise\u00f1o cambio bot\u00f3n) en la esquina superior derecha.<\/li>\n<li>En el campo del dise\u00f1o personalizado, seleccione el tema reci\u00e9n instalado<\/li>\n<li>Haz clic en el bot\u00f3n aplicar cambios guardar<\/li>\n<li> Crear una categor\u00eda como subcategor\u00eda a la categor\u00eda de tema por defecto. Esto debe ser inactivo que est\u00e1 escondido en la navegaci\u00f3n principal. Esta categor\u00eda ser\u00e1 de \u00abproductos de la p\u00e1gina de inicio\u00bb. Recuerda el ID de esta categor\u00eda. Ver la imagen de abajo.<\/li>\n<li>4.Una vez que se crea categor\u00eda es buena a\u00f1adirle varios productos.<\/li>\n<\/ol>\n<p><img decoding=\"async\" class=\"img-responsive center-block\" src=\"https:\/\/templatetoaster.com\/wp-content\/uploads\/2012\/03\/images\/pf\/1.jpg\" alt=\"\" \/><\/p>\n<p>&nbsp;<\/p>\n<p><img decoding=\"async\" class=\"img-responsive center-block\" src=\"https:\/\/templatetoaster.com\/wp-content\/uploads\/2012\/03\/images\/pf\/3.jpg\" alt=\"\" \/>\n<\/div>\n<\/div>\n<div class=\"basic\">\n<div class=\"basic-step\">\n<h3>Editar la p\u00e1gina de inicio<\/h3>\n<p>CMS -&gt; p\u00e1ginas y agregar o editar p\u00e1gina de inicio. Ir a los contenidos y a\u00f1adir<\/p>\n<pre>{{bloque tipo =\"Cat\u00e1logo\/product_list\" category_id =\"HomeProductsCategoryID\" plantilla =\"Catalog\/product\/list.phtml\"}}<\/pre>\n<p>No se olvide de reemplazar \u201cHomeProductsCategoryID\u201d con la identificaci\u00f3n de una de las categor\u00edas creadas\n<\/p><\/div>\n<\/div>\n<div class=\"basic\">\n<div class=\"basic-step\">\n<h3 style=\"margin-bottom: 15px;\">A\u00f1adir\/crear un bloque est\u00e1tico (Opcional)<\/h3>\n<ol class=\"decimal\">\n<li>Inicie sesi\u00f3n en el administrador de tu tienda Magento<\/li>\n<li>Despl\u00e1cese hasta CMS &gt; bloques est\u00e1ticos<\/li>\n<li>Haga clic en Agregar nuevo bloque en la esquina superior derecha<\/li>\n<li>Dar su bloque un bloque de t\u00edtulo<\/li>\n<li>Darle su bloque un identificador que se utilizar\u00e1 para llamar el bloque. Aseg\u00farese de que el identificador es todo en min\u00fasculas y separada por guiones bajos para seguir nomenclatura i.e de Magento. your_block_id<\/li>\n<li>Elija qu\u00e9 tienda ver el bloque pertenece a. Dejar como tienda de todas las vistas si no tienes una buena raz\u00f3n para no establecer estado habilitado<\/li>\n<li>Escriba el c\u00f3digo HTML en el campo Content.<\/li>\n<li>Haga clic en guardar o guardar y continuar Edit para guardar la configuraci\u00f3n.<\/li>\n<\/ol>\n<\/div>\n<\/div>\n<div class=\"basic\">\n<div class=\"basic-step\">\n<h3 style=\"margin-bottom: 15px;\">A\u00f1adir bloque en xml (Opcional)<\/h3>\n<pre>  \r\n&lt;nombre de referencia =\"BlockReferenceName\"&gt;\r\n   &lt;bloque tipo =\"bloque de CMS\" nombre\"your_block_id\" antes =\"_\"&gt;\r\n\t&lt;m\u00e9todo de acci\u00f3n =\"setBlockId\"&gt;\r\n\t   &lt;block_id&gt;your_block_id &lt;\/block_id&gt;\r\n\t&lt;\/acci\u00f3n&gt;\r\n  &lt;\/bloque&gt;\r\n&lt;referencia&gt;\r\n<\/pre>\n<ol class=\"decimal\">\n<li>Abra la cms.xml de aplicaci\u00f3n &gt; Dise\u00f1o &gt; frontend &gt; predeterminado &gt; your_theme &gt; carpeta de dise\u00f1o.<\/li>\n<li>Elimine el c\u00f3digo anterior. \u201cBlockReferenceName\u201d es el nombre de la zona donde el bloque est\u00e1tico tiene que colocarse.<\/li>\n<li>Este c\u00f3digo coloca el bloque \u00abyour_block_id\u00bb que ha creado en la administraci\u00f3n sobre el contenido de las p\u00e1ginas de categor\u00eda (Observe el antes = \u00ab-\u00bb atributo, que hace que su bloque obtiene aparece antes que el resto del contenido).<\/li>\n<li>Para agregar m\u00e1s pasta bloque encima de c\u00f3digo y asignar la correspondiente \u201cBlockReferenceName\u201d y \u201cyour_block_id\u201d.<\/li>\n<\/ol>\n<\/div>\n<\/div>\n<div class=\"basic\">\n<div class=\"basic-step\">\n<h3 style=\"margin-bottom: 15px;\">gu\u00eda de instalaci\u00f3n del tema de Magento para Magento 2.0<\/h3>\n<ol>\n<li>Despu\u00e9s de haber sido hecho con el dise\u00f1o de un Magento 2 tema, para exportar la carpeta del tema:Haga clic en el icono de Magento en la parte superior derecha de TemplateToaster(consulte Magento1.png) o ir a Archivo -&gt; Exportar.<\/li>\n<li>Un \u2018Exportar Magento tem\u00e1tico\u2019 llamado emergente se abrir\u00e1(consulte Magento1.png) -&gt; Buscar una ruta para guardar la carpeta exportada -&gt; Seleccione la versi\u00f3n 2.x -&gt; haga clic en el bot\u00f3n Exportar en popup<\/li>\n<li>carpeta de temas ser\u00e1 exportado a la ruta seleccionada.<\/li>\n<li>Encontrar y abrir la carpeta de temas Magento Exportado -&gt; Copiar \u2018App\u2019 carpeta de la carpeta de temas(consulte Magento2.png)<\/li>\n<li>Ir a Magento 2 carpeta de instalaci\u00f3n en su sistema -&gt; Pegar copiado \u2018App\u2019 carpeta en la que(consulte Magento3.png).<\/li>\n<li>Ahora, ir a Magento 2 Dashboard -&gt; Administrador -&gt; tienda -&gt; Configuraci\u00f3n(consulte Magento4.png).<\/li>\n<li>En Configuraci\u00f3n -&gt; Ir al General -&gt; Dise\u00f1o -&gt; Tema de dise\u00f1o -&gt; Seleccione el tema que desea establecer como predeterminado de \u2018Tema de dise\u00f1o\u2019 desplegable(consulte Magento5.png) -&gt; Haga clic en \u2018Guardar configuraci\u00f3n\u2019 bot\u00f3n(consulte Magento6.png).<\/li>\n<li>\u2018Se guard\u00f3 la configuraci\u00f3n\u2019 aparecer\u00e1 el mensaje, Ahora el tema se ha establecido como predeterminado(consulte Magento7.png).<\/li>\n<\/ol>\n<p><a href=\"https:\/\/templatetoaster.com\/wp-content\/uploads\/2013\/05\/step1.jpg\"><img loading=\"lazy\" decoding=\"async\" class=\"aligncenter size-medium wp-image-3066\" src=\"https:\/\/templatetoaster.com\/wp-content\/uploads\/2013\/05\/step1.jpg\" alt=\"Sube e instalar manegento 2 paso plantilla 1\" width=\"823\" height=\"523\" \/><\/a><\/p>\n<p><a href=\"https:\/\/templatetoaster.com\/wp-content\/uploads\/2013\/05\/step2.jpg\"><img loading=\"lazy\" decoding=\"async\" class=\"aligncenter size-full wp-image-3067\" src=\"https:\/\/templatetoaster.com\/wp-content\/uploads\/2013\/05\/step2.jpg\" alt=\"Sube e instalar manegento 2 paso plantilla 2\" width=\"823\" height=\"523\" srcset=\"https:\/\/templatetoaster.com\/wp-content\/uploads\/2013\/05\/step2.jpg 823w, https:\/\/templatetoaster.com\/wp-content\/uploads\/2013\/05\/step2-600x381.jpg 600w, https:\/\/templatetoaster.com\/wp-content\/uploads\/2013\/05\/step2-300x191.jpg 300w\" sizes=\"(max-width: 823px) 100vw, 823px\" \/><\/a><\/p>\n<p><a href=\"https:\/\/templatetoaster.com\/wp-content\/uploads\/2013\/05\/step3.jpg\"><img loading=\"lazy\" decoding=\"async\" class=\"aligncenter size-full wp-image-3068\" src=\"https:\/\/templatetoaster.com\/wp-content\/uploads\/2013\/05\/step3.jpg\" alt=\"Sube e instalar manegento 2 paso plantilla 3\" width=\"823\" height=\"348\" srcset=\"https:\/\/templatetoaster.com\/wp-content\/uploads\/2013\/05\/step3.jpg 823w, https:\/\/templatetoaster.com\/wp-content\/uploads\/2013\/05\/step3-600x254.jpg 600w, https:\/\/templatetoaster.com\/wp-content\/uploads\/2013\/05\/step3-300x127.jpg 300w\" sizes=\"(max-width: 823px) 100vw, 823px\" \/><\/a><\/p>\n<p><a href=\"https:\/\/templatetoaster.com\/wp-content\/uploads\/2013\/05\/step4.jpg\"><img loading=\"lazy\" decoding=\"async\" class=\"aligncenter size-full wp-image-3069\" src=\"https:\/\/templatetoaster.com\/wp-content\/uploads\/2013\/05\/step4.jpg\" alt=\"Sube e instalar manegento 2 paso plantilla 4\" width=\"823\" height=\"368\" srcset=\"https:\/\/templatetoaster.com\/wp-content\/uploads\/2013\/05\/step4.jpg 823w, https:\/\/templatetoaster.com\/wp-content\/uploads\/2013\/05\/step4-600x268.jpg 600w, https:\/\/templatetoaster.com\/wp-content\/uploads\/2013\/05\/step4-300x134.jpg 300w\" sizes=\"(max-width: 823px) 100vw, 823px\" \/><\/a><\/p>\n<p><a href=\"https:\/\/templatetoaster.com\/wp-content\/uploads\/2013\/05\/step5.jpg\"><img loading=\"lazy\" decoding=\"async\" class=\"aligncenter size-full wp-image-3070\" src=\"https:\/\/templatetoaster.com\/wp-content\/uploads\/2013\/05\/step5.jpg\" alt=\"Sube e instalar manegento 2 paso plantilla 5\" width=\"823\" height=\"625\" srcset=\"https:\/\/templatetoaster.com\/wp-content\/uploads\/2013\/05\/step5.jpg 823w, https:\/\/templatetoaster.com\/wp-content\/uploads\/2013\/05\/step5-600x456.jpg 600w, https:\/\/templatetoaster.com\/wp-content\/uploads\/2013\/05\/step5-300x228.jpg 300w\" sizes=\"(max-width: 823px) 100vw, 823px\" \/><\/a><\/p>\n<p><a href=\"https:\/\/templatetoaster.com\/wp-content\/uploads\/2013\/05\/step6.jpg\"><img loading=\"lazy\" decoding=\"async\" class=\"aligncenter size-full wp-image-3071\" src=\"https:\/\/templatetoaster.com\/wp-content\/uploads\/2013\/05\/step6.jpg\" alt=\"Sube e instalar manegento 2 paso plantilla 6\" width=\"823\" height=\"444\" srcset=\"https:\/\/templatetoaster.com\/wp-content\/uploads\/2013\/05\/step6.jpg 823w, https:\/\/templatetoaster.com\/wp-content\/uploads\/2013\/05\/step6-600x324.jpg 600w, https:\/\/templatetoaster.com\/wp-content\/uploads\/2013\/05\/step6-300x162.jpg 300w\" sizes=\"(max-width: 823px) 100vw, 823px\" \/><\/a><\/p>\n<p><a href=\"https:\/\/templatetoaster.com\/wp-content\/uploads\/2013\/05\/step7.jpg\"><img loading=\"lazy\" decoding=\"async\" class=\"aligncenter size-full wp-image-3072\" src=\"https:\/\/templatetoaster.com\/wp-content\/uploads\/2013\/05\/step7.jpg\" alt=\"Sube e instalar manegento 2 paso plantilla 7\" width=\"823\" height=\"517\" srcset=\"https:\/\/templatetoaster.com\/wp-content\/uploads\/2013\/05\/step7.jpg 823w, https:\/\/templatetoaster.com\/wp-content\/uploads\/2013\/05\/step7-600x377.jpg 600w, https:\/\/templatetoaster.com\/wp-content\/uploads\/2013\/05\/step7-300x188.jpg 300w\" sizes=\"(max-width: 823px) 100vw, 823px\" \/><\/a><\/p>\n<\/div>\n<\/div>\n<\/div>\n<\/div>\n","protected":false},"excerpt":{"rendered":"<p>C\u00f3mo subir Instalar y configurar TemplateToaster Temas Generado en Magento Magento 1.9 C\u00f3mo crear Magento 1.9 Tem\u00e1tico en TemplateToaster C\u00f3mo subir TemplateToaster tem\u00e1tico generada en Magento 1.9 Magento 2.0 C\u00f3mo crear Magento 2.0 Tem\u00e1tico en TemplateToaster C\u00f3mo subir TemplateToaster tem\u00e1tico &hellip; <a href=\"https:\/\/templatetoaster.com\/es\/magento\">Continue Reading<span class=\"meta-nav\">&rarr;<\/span><\/a><\/p>\n","protected":false},"author":1,"featured_media":0,"parent":0,"menu_order":0,"comment_status":"closed","ping_status":"closed","template":"PageTemplate1.php","meta":{"footnotes":""},"yoast_head":"<!-- This site is optimized with the Yoast SEO plugin v23.5 - https:\/\/yoast.com\/wordpress\/plugins\/seo\/ -->\n<title>C\u00f3mo subir e instalar temas en Magento - TemplateToaster<\/title>\n<meta name=\"description\" content=\"C\u00f3mo cargar Instalar y configurar temas generados por TemplateToaster en Magento\" \/>\n<meta name=\"robots\" content=\"index, follow, max-snippet:-1, max-image-preview:large, max-video-preview:-1\" \/>\n<link rel=\"canonical\" href=\"https:\/\/templatetoaster.com\/es\/magento\" \/>\n<meta property=\"og:locale\" content=\"es_ES\" \/>\n<meta property=\"og:type\" content=\"article\" \/>\n<meta property=\"og:title\" content=\"C\u00f3mo subir e instalar temas en Magento - TemplateToaster\" \/>\n<meta property=\"og:description\" content=\"C\u00f3mo cargar Instalar y configurar temas generados por TemplateToaster en Magento\" \/>\n<meta property=\"og:url\" content=\"https:\/\/templatetoaster.com\/es\/magento\" \/>\n<meta property=\"og:site_name\" content=\"TemplateToaster\" \/>\n<meta property=\"article:publisher\" content=\"https:\/\/www.facebook.com\/TemplateToaster\" \/>\n<meta property=\"article:modified_time\" content=\"2019-08-08T05:48:17+00:00\" \/>\n<meta property=\"og:image\" content=\"https:\/\/templatetoaster.com\/wp-content\/uploads\/2018\/02\/youtube.png\" \/>\n<meta name=\"twitter:card\" content=\"summary_large_image\" \/>\n<meta name=\"twitter:site\" content=\"@templatetoaster\" \/>\n<meta name=\"twitter:label1\" content=\"Tiempo de lectura\" \/>\n\t<meta name=\"twitter:data1\" content=\"4 minutos\" \/>\n<script type=\"application\/ld+json\" class=\"yoast-schema-graph\">{\"@context\":\"https:\/\/schema.org\",\"@graph\":[{\"@type\":\"WebPage\",\"@id\":\"https:\/\/templatetoaster.com\/es\/magento\",\"url\":\"https:\/\/templatetoaster.com\/es\/magento\",\"name\":\"C\u00f3mo subir e instalar temas en Magento - TemplateToaster\",\"isPartOf\":{\"@id\":\"https:\/\/templatetoaster.com\/#website\"},\"primaryImageOfPage\":{\"@id\":\"https:\/\/templatetoaster.com\/es\/magento#primaryimage\"},\"image\":{\"@id\":\"https:\/\/templatetoaster.com\/es\/magento#primaryimage\"},\"thumbnailUrl\":\"https:\/\/templatetoaster.com\/wp-content\/uploads\/2018\/02\/youtube.png\",\"datePublished\":\"2018-04-13T04:42:17+00:00\",\"dateModified\":\"2019-08-08T05:48:17+00:00\",\"description\":\"C\u00f3mo cargar Instalar y configurar temas generados por TemplateToaster en Magento\",\"breadcrumb\":{\"@id\":\"https:\/\/templatetoaster.com\/es\/magento#breadcrumb\"},\"inLanguage\":\"es\",\"potentialAction\":[{\"@type\":\"ReadAction\",\"target\":[\"https:\/\/templatetoaster.com\/es\/magento\"]}]},{\"@type\":\"ImageObject\",\"inLanguage\":\"es\",\"@id\":\"https:\/\/templatetoaster.com\/es\/magento#primaryimage\",\"url\":\"https:\/\/templatetoaster.com\/wp-content\/uploads\/2018\/02\/youtube.png\",\"contentUrl\":\"https:\/\/templatetoaster.com\/wp-content\/uploads\/2018\/02\/youtube.png\"},{\"@type\":\"BreadcrumbList\",\"@id\":\"https:\/\/templatetoaster.com\/es\/magento#breadcrumb\",\"itemListElement\":[{\"@type\":\"ListItem\",\"position\":1,\"name\":\"Home\",\"item\":\"https:\/\/templatetoaster.com\/es\"},{\"@type\":\"ListItem\",\"position\":2,\"name\":\"C\u00f3mo subir e instalar temas en Magento\"}]},{\"@type\":\"WebSite\",\"@id\":\"https:\/\/templatetoaster.com\/#website\",\"url\":\"https:\/\/templatetoaster.com\/\",\"name\":\"TemplateToaster\",\"description\":\"\",\"publisher\":{\"@id\":\"https:\/\/templatetoaster.com\/#organization\"},\"inLanguage\":\"es\"},{\"@type\":\"Organization\",\"@id\":\"https:\/\/templatetoaster.com\/#organization\",\"name\":\"TemplateToaster\",\"url\":\"https:\/\/templatetoaster.com\/\",\"logo\":{\"@type\":\"ImageObject\",\"inLanguage\":\"es\",\"@id\":\"https:\/\/templatetoaster.com\/#\/schema\/logo\/image\/\",\"url\":\"https:\/\/templatetoaster.com\/wp-content\/uploads\/2019\/11\/TemplateToaster_Logo.jpg\",\"contentUrl\":\"https:\/\/templatetoaster.com\/wp-content\/uploads\/2019\/11\/TemplateToaster_Logo.jpg\",\"width\":85,\"height\":85,\"caption\":\"TemplateToaster\"},\"image\":{\"@id\":\"https:\/\/templatetoaster.com\/#\/schema\/logo\/image\/\"},\"sameAs\":[\"https:\/\/www.facebook.com\/TemplateToaster\",\"https:\/\/x.com\/templatetoaster\",\"https:\/\/www.instagram.com\/templatetoaster\/\",\"https:\/\/www.linkedin.com\/company\/templatetoaster\/\",\"https:\/\/www.pinterest.com\/templatetoaster\/\",\"https:\/\/www.youtube.com\/@TemplateToaster\"]}]}<\/script>\n<!-- \/ Yoast SEO plugin. -->","yoast_head_json":{"title":"C\u00f3mo subir e instalar temas en Magento - TemplateToaster","description":"C\u00f3mo cargar Instalar y configurar temas generados por TemplateToaster en Magento","robots":{"index":"index","follow":"follow","max-snippet":"max-snippet:-1","max-image-preview":"max-image-preview:large","max-video-preview":"max-video-preview:-1"},"canonical":"https:\/\/templatetoaster.com\/es\/magento","og_locale":"es_ES","og_type":"article","og_title":"C\u00f3mo subir e instalar temas en Magento - TemplateToaster","og_description":"C\u00f3mo cargar Instalar y configurar temas generados por TemplateToaster en Magento","og_url":"https:\/\/templatetoaster.com\/es\/magento","og_site_name":"TemplateToaster","article_publisher":"https:\/\/www.facebook.com\/TemplateToaster","article_modified_time":"2019-08-08T05:48:17+00:00","og_image":[{"url":"https:\/\/templatetoaster.com\/wp-content\/uploads\/2018\/02\/youtube.png"}],"twitter_card":"summary_large_image","twitter_site":"@templatetoaster","twitter_misc":{"Tiempo de lectura":"4 minutos"},"schema":{"@context":"https:\/\/schema.org","@graph":[{"@type":"WebPage","@id":"https:\/\/templatetoaster.com\/es\/magento","url":"https:\/\/templatetoaster.com\/es\/magento","name":"C\u00f3mo subir e instalar temas en Magento - TemplateToaster","isPartOf":{"@id":"https:\/\/templatetoaster.com\/#website"},"primaryImageOfPage":{"@id":"https:\/\/templatetoaster.com\/es\/magento#primaryimage"},"image":{"@id":"https:\/\/templatetoaster.com\/es\/magento#primaryimage"},"thumbnailUrl":"https:\/\/templatetoaster.com\/wp-content\/uploads\/2018\/02\/youtube.png","datePublished":"2018-04-13T04:42:17+00:00","dateModified":"2019-08-08T05:48:17+00:00","description":"C\u00f3mo cargar Instalar y configurar temas generados por TemplateToaster en Magento","breadcrumb":{"@id":"https:\/\/templatetoaster.com\/es\/magento#breadcrumb"},"inLanguage":"es","potentialAction":[{"@type":"ReadAction","target":["https:\/\/templatetoaster.com\/es\/magento"]}]},{"@type":"ImageObject","inLanguage":"es","@id":"https:\/\/templatetoaster.com\/es\/magento#primaryimage","url":"https:\/\/templatetoaster.com\/wp-content\/uploads\/2018\/02\/youtube.png","contentUrl":"https:\/\/templatetoaster.com\/wp-content\/uploads\/2018\/02\/youtube.png"},{"@type":"BreadcrumbList","@id":"https:\/\/templatetoaster.com\/es\/magento#breadcrumb","itemListElement":[{"@type":"ListItem","position":1,"name":"Home","item":"https:\/\/templatetoaster.com\/es"},{"@type":"ListItem","position":2,"name":"C\u00f3mo subir e instalar temas en Magento"}]},{"@type":"WebSite","@id":"https:\/\/templatetoaster.com\/#website","url":"https:\/\/templatetoaster.com\/","name":"TemplateToaster","description":"","publisher":{"@id":"https:\/\/templatetoaster.com\/#organization"},"inLanguage":"es"},{"@type":"Organization","@id":"https:\/\/templatetoaster.com\/#organization","name":"TemplateToaster","url":"https:\/\/templatetoaster.com\/","logo":{"@type":"ImageObject","inLanguage":"es","@id":"https:\/\/templatetoaster.com\/#\/schema\/logo\/image\/","url":"https:\/\/templatetoaster.com\/wp-content\/uploads\/2019\/11\/TemplateToaster_Logo.jpg","contentUrl":"https:\/\/templatetoaster.com\/wp-content\/uploads\/2019\/11\/TemplateToaster_Logo.jpg","width":85,"height":85,"caption":"TemplateToaster"},"image":{"@id":"https:\/\/templatetoaster.com\/#\/schema\/logo\/image\/"},"sameAs":["https:\/\/www.facebook.com\/TemplateToaster","https:\/\/x.com\/templatetoaster","https:\/\/www.instagram.com\/templatetoaster\/","https:\/\/www.linkedin.com\/company\/templatetoaster\/","https:\/\/www.pinterest.com\/templatetoaster\/","https:\/\/www.youtube.com\/@TemplateToaster"]}]}},"_links":{"self":[{"href":"https:\/\/templatetoaster.com\/es\/wp-json\/wp\/v2\/pages\/3900"}],"collection":[{"href":"https:\/\/templatetoaster.com\/es\/wp-json\/wp\/v2\/pages"}],"about":[{"href":"https:\/\/templatetoaster.com\/es\/wp-json\/wp\/v2\/types\/page"}],"author":[{"embeddable":true,"href":"https:\/\/templatetoaster.com\/es\/wp-json\/wp\/v2\/users\/1"}],"replies":[{"embeddable":true,"href":"https:\/\/templatetoaster.com\/es\/wp-json\/wp\/v2\/comments?post=3900"}],"version-history":[{"count":3,"href":"https:\/\/templatetoaster.com\/es\/wp-json\/wp\/v2\/pages\/3900\/revisions"}],"predecessor-version":[{"id":63813,"href":"https:\/\/templatetoaster.com\/es\/wp-json\/wp\/v2\/pages\/3900\/revisions\/63813"}],"wp:attachment":[{"href":"https:\/\/templatetoaster.com\/es\/wp-json\/wp\/v2\/media?parent=3900"}],"curies":[{"name":"wp","href":"https:\/\/api.w.org\/{rel}","templated":true}]}}