{"id":3894,"date":"2018-04-13T04:27:08","date_gmt":"2018-04-13T04:27:08","guid":{"rendered":"http:\/\/templatetoaster.com?page_id=3894"},"modified":"2024-06-27T08:38:42","modified_gmt":"2024-06-27T08:38:42","slug":"download","status":"publish","type":"page","link":"https:\/\/templatetoaster.com\/es\/download","title":{"rendered":"Descarga"},"content":{"rendered":"<div class=\"ttr_download_section\">\n<h1 class=\"heading_border\">Descargue TemplateToaster<\/h1>\n<p><span style=\"color: #141414;\">La \u00faltima versi\u00f3n de TemplateToaster est\u00e1 disponible en esta p\u00e1gina. Le Ofrecemos una prueba ilimitada del producto. Puede <a style=\"text-decoration: none; font-weight: bold;\" href=\"http:\/\/templatetoaster.com\/documentation#Activating_TemplateToaster\">Activar<\/a> TemplateToaster en cualquier momento mediante la compra de su clave de activaci\u00f3n en nuestra <a style=\"text-decoration: none; font-weight: bold;\" href=\"http:\/\/templatetoaster.com\/purchase\">P\u00e1gina de compra<\/a> .<\/span><\/p>\n<p style=\"text-align: center;\"><a class=\"download_button btn btn-default btn-lg\" href=\"https:\/\/templatetoaster.com\/downloads\/TemplateToaster.exe\">Descargue ahora<\/a><\/p>\n<div class=\"download-version\">\n<p style=\"text-align: center;\"> <b>Version: 8.1.0.21130<\/b> <\/p>\n<p style=\"text-align: center;\">Fecha lanzamiento: Mar 23, 2026 <\/p>\n<p>(<a style=\"font-size: 14px;\" href=\"https:\/\/templatetoaster.com\/changelog\" target=\"_blank\" rel=\"noopener noreferrer\">Changelog<\/a>)<br \/>\n<a style=\"font-size: 14px;\" href=\"https:\/\/d39kc01zfxgus5.cloudfront.net\/TemplateToaster_v9.exe\">Download<\/a> TemplateToaster v9 Beta<\/p>\n<p style=\"text-align: center;\"><a style=\"font-size: 14px;\" href=\"https:\/\/templatetoaster.com\/templatetoaster-9\" target=\"_blank\" rel=\"noopener\">Registro de cambios<\/a><\/p>\n<\/div>\n<\/div>\n<\/div>\n<\/div>\n<div class=\"clearfix\"><\/div>\n<div class=\"ttr_download_section2 row\">\n<div class=\"ttr_download_section_content\">\n<h2 class=\"heading2\">Requisitos del sistema<\/h2>\n<div class=\"ttr_download_section2-col-row\">\n<div class=\"ttr_download_section2-col col1\">\n<div class=\"download_icon\"><\/div>\n<p>Windows XP(SP3), Vista, Windows 7, Windows 8, Windows 8.1, Windows 10 and Windows 11<\/p>\n<\/div>\n<div class=\"ttr_download_section2-col col2\">\n<div class=\"download_icon\"><\/div>\n<p>MAC a trav\u00e9s de una m\u00e1quina virtual<\/p>\n<\/div>\n<\/div>\n<\/div>\n<\/div>\n","protected":false},"excerpt":{"rendered":"<p>Descargue TemplateToaster La \u00faltima versi\u00f3n de TemplateToaster est\u00e1 disponible en esta p\u00e1gina. Le Ofrecemos una prueba ilimitada del producto. Puede Activar TemplateToaster en cualquier momento mediante la compra de su clave de activaci\u00f3n en nuestra P\u00e1gina de compra . Descargue &hellip; <a href=\"https:\/\/templatetoaster.com\/es\/download\">Continue Reading<span class=\"meta-nav\">&rarr;<\/span><\/a><\/p>\n","protected":false},"author":1,"featured_media":0,"parent":0,"menu_order":0,"comment_status":"closed","ping_status":"closed","template":"PageTemplate1.php","meta":{"footnotes":""},"yoast_head":"<!-- This site is optimized with the Yoast SEO plugin v23.5 - https:\/\/yoast.com\/wordpress\/plugins\/seo\/ -->\n<title>Descarga - TemplateToaster<\/title>\n<meta name=\"description\" content=\"Usted puede descargar la ultima version estable de TemplateToaster de esta p\u00e1gina\" \/>\n<meta name=\"robots\" content=\"index, follow, max-snippet:-1, max-image-preview:large, max-video-preview:-1\" \/>\n<link rel=\"canonical\" href=\"https:\/\/templatetoaster.com\/es\/download\" \/>\n<meta property=\"og:locale\" content=\"es_ES\" \/>\n<meta property=\"og:type\" content=\"article\" \/>\n<meta property=\"og:title\" content=\"Descarga - TemplateToaster\" \/>\n<meta property=\"og:description\" content=\"Usted puede descargar la ultima version estable de TemplateToaster de esta p\u00e1gina\" \/>\n<meta property=\"og:url\" content=\"https:\/\/templatetoaster.com\/es\/download\" \/>\n<meta property=\"og:site_name\" content=\"TemplateToaster\" \/>\n<meta property=\"article:publisher\" content=\"https:\/\/www.facebook.com\/TemplateToaster\" \/>\n<meta property=\"article:modified_time\" content=\"2024-06-27T08:38:42+00:00\" \/>\n<meta property=\"og:image\" content=\"https:\/\/templatetoaster.com\/wp-content\/uploads\/2015\/07\/TemplateToaster-325X325.png\" \/>\n\t<meta property=\"og:image:width\" content=\"325\" \/>\n\t<meta property=\"og:image:height\" content=\"325\" \/>\n\t<meta property=\"og:image:type\" content=\"image\/png\" \/>\n<meta name=\"twitter:card\" content=\"summary_large_image\" \/>\n<meta name=\"twitter:site\" content=\"@templatetoaster\" \/>\n<meta name=\"twitter:label1\" content=\"Tiempo de lectura\" \/>\n\t<meta name=\"twitter:data1\" content=\"1 minuto\" \/>\n<script type=\"application\/ld+json\" class=\"yoast-schema-graph\">{\"@context\":\"https:\/\/schema.org\",\"@graph\":[{\"@type\":\"WebPage\",\"@id\":\"https:\/\/templatetoaster.com\/es\/download\",\"url\":\"https:\/\/templatetoaster.com\/es\/download\",\"name\":\"Descarga - TemplateToaster\",\"isPartOf\":{\"@id\":\"https:\/\/templatetoaster.com\/#website\"},\"datePublished\":\"2018-04-13T04:27:08+00:00\",\"dateModified\":\"2024-06-27T08:38:42+00:00\",\"description\":\"Usted puede descargar la ultima version estable de TemplateToaster de esta p\u00e1gina\",\"breadcrumb\":{\"@id\":\"https:\/\/templatetoaster.com\/es\/download#breadcrumb\"},\"inLanguage\":\"es\",\"potentialAction\":[{\"@type\":\"ReadAction\",\"target\":[\"https:\/\/templatetoaster.com\/es\/download\"]}]},{\"@type\":\"BreadcrumbList\",\"@id\":\"https:\/\/templatetoaster.com\/es\/download#breadcrumb\",\"itemListElement\":[{\"@type\":\"ListItem\",\"position\":1,\"name\":\"Home\",\"item\":\"https:\/\/templatetoaster.com\/es\"},{\"@type\":\"ListItem\",\"position\":2,\"name\":\"Descarga\"}]},{\"@type\":\"WebSite\",\"@id\":\"https:\/\/templatetoaster.com\/#website\",\"url\":\"https:\/\/templatetoaster.com\/\",\"name\":\"TemplateToaster\",\"description\":\"\",\"publisher\":{\"@id\":\"https:\/\/templatetoaster.com\/#organization\"},\"inLanguage\":\"es\"},{\"@type\":\"Organization\",\"@id\":\"https:\/\/templatetoaster.com\/#organization\",\"name\":\"TemplateToaster\",\"url\":\"https:\/\/templatetoaster.com\/\",\"logo\":{\"@type\":\"ImageObject\",\"inLanguage\":\"es\",\"@id\":\"https:\/\/templatetoaster.com\/#\/schema\/logo\/image\/\",\"url\":\"https:\/\/templatetoaster.com\/wp-content\/uploads\/2019\/11\/TemplateToaster_Logo.jpg\",\"contentUrl\":\"https:\/\/templatetoaster.com\/wp-content\/uploads\/2019\/11\/TemplateToaster_Logo.jpg\",\"width\":85,\"height\":85,\"caption\":\"TemplateToaster\"},\"image\":{\"@id\":\"https:\/\/templatetoaster.com\/#\/schema\/logo\/image\/\"},\"sameAs\":[\"https:\/\/www.facebook.com\/TemplateToaster\",\"https:\/\/x.com\/templatetoaster\",\"https:\/\/www.instagram.com\/templatetoaster\/\",\"https:\/\/www.linkedin.com\/company\/templatetoaster\/\",\"https:\/\/www.pinterest.com\/templatetoaster\/\",\"https:\/\/www.youtube.com\/@TemplateToaster\"]}]}<\/script>\n<!-- \/ Yoast SEO plugin. -->","yoast_head_json":{"title":"Descarga - TemplateToaster","description":"Usted puede descargar la ultima version estable de TemplateToaster de esta p\u00e1gina","robots":{"index":"index","follow":"follow","max-snippet":"max-snippet:-1","max-image-preview":"max-image-preview:large","max-video-preview":"max-video-preview:-1"},"canonical":"https:\/\/templatetoaster.com\/es\/download","og_locale":"es_ES","og_type":"article","og_title":"Descarga - TemplateToaster","og_description":"Usted puede descargar la ultima version estable de TemplateToaster de esta p\u00e1gina","og_url":"https:\/\/templatetoaster.com\/es\/download","og_site_name":"TemplateToaster","article_publisher":"https:\/\/www.facebook.com\/TemplateToaster","article_modified_time":"2024-06-27T08:38:42+00:00","og_image":[{"width":325,"height":325,"url":"https:\/\/templatetoaster.com\/wp-content\/uploads\/2015\/07\/TemplateToaster-325X325.png","type":"image\/png"}],"twitter_card":"summary_large_image","twitter_site":"@templatetoaster","twitter_misc":{"Tiempo de lectura":"1 minuto"},"schema":{"@context":"https:\/\/schema.org","@graph":[{"@type":"WebPage","@id":"https:\/\/templatetoaster.com\/es\/download","url":"https:\/\/templatetoaster.com\/es\/download","name":"Descarga - TemplateToaster","isPartOf":{"@id":"https:\/\/templatetoaster.com\/#website"},"datePublished":"2018-04-13T04:27:08+00:00","dateModified":"2024-06-27T08:38:42+00:00","description":"Usted puede descargar la ultima version estable de TemplateToaster de esta p\u00e1gina","breadcrumb":{"@id":"https:\/\/templatetoaster.com\/es\/download#breadcrumb"},"inLanguage":"es","potentialAction":[{"@type":"ReadAction","target":["https:\/\/templatetoaster.com\/es\/download"]}]},{"@type":"BreadcrumbList","@id":"https:\/\/templatetoaster.com\/es\/download#breadcrumb","itemListElement":[{"@type":"ListItem","position":1,"name":"Home","item":"https:\/\/templatetoaster.com\/es"},{"@type":"ListItem","position":2,"name":"Descarga"}]},{"@type":"WebSite","@id":"https:\/\/templatetoaster.com\/#website","url":"https:\/\/templatetoaster.com\/","name":"TemplateToaster","description":"","publisher":{"@id":"https:\/\/templatetoaster.com\/#organization"},"inLanguage":"es"},{"@type":"Organization","@id":"https:\/\/templatetoaster.com\/#organization","name":"TemplateToaster","url":"https:\/\/templatetoaster.com\/","logo":{"@type":"ImageObject","inLanguage":"es","@id":"https:\/\/templatetoaster.com\/#\/schema\/logo\/image\/","url":"https:\/\/templatetoaster.com\/wp-content\/uploads\/2019\/11\/TemplateToaster_Logo.jpg","contentUrl":"https:\/\/templatetoaster.com\/wp-content\/uploads\/2019\/11\/TemplateToaster_Logo.jpg","width":85,"height":85,"caption":"TemplateToaster"},"image":{"@id":"https:\/\/templatetoaster.com\/#\/schema\/logo\/image\/"},"sameAs":["https:\/\/www.facebook.com\/TemplateToaster","https:\/\/x.com\/templatetoaster","https:\/\/www.instagram.com\/templatetoaster\/","https:\/\/www.linkedin.com\/company\/templatetoaster\/","https:\/\/www.pinterest.com\/templatetoaster\/","https:\/\/www.youtube.com\/@TemplateToaster"]}]}},"_links":{"self":[{"href":"https:\/\/templatetoaster.com\/es\/wp-json\/wp\/v2\/pages\/3894"}],"collection":[{"href":"https:\/\/templatetoaster.com\/es\/wp-json\/wp\/v2\/pages"}],"about":[{"href":"https:\/\/templatetoaster.com\/es\/wp-json\/wp\/v2\/types\/page"}],"author":[{"embeddable":true,"href":"https:\/\/templatetoaster.com\/es\/wp-json\/wp\/v2\/users\/1"}],"replies":[{"embeddable":true,"href":"https:\/\/templatetoaster.com\/es\/wp-json\/wp\/v2\/comments?post=3894"}],"version-history":[{"count":7,"href":"https:\/\/templatetoaster.com\/es\/wp-json\/wp\/v2\/pages\/3894\/revisions"}],"predecessor-version":[{"id":233383,"href":"https:\/\/templatetoaster.com\/es\/wp-json\/wp\/v2\/pages\/3894\/revisions\/233383"}],"wp:attachment":[{"href":"https:\/\/templatetoaster.com\/es\/wp-json\/wp\/v2\/media?parent=3894"}],"curies":[{"name":"wp","href":"https:\/\/api.w.org\/{rel}","templated":true}]}}