{"id":3888,"date":"2018-04-13T04:19:44","date_gmt":"2018-04-13T04:19:44","guid":{"rendered":"http:\/\/templatetoaster.com?page_id=3888"},"modified":"2020-11-19T08:17:16","modified_gmt":"2020-11-19T08:17:16","slug":"affiliates","status":"publish","type":"page","link":"https:\/\/templatetoaster.com\/es\/affiliates","title":{"rendered":"Programa de afiliados"},"content":{"rendered":"<p>&nbsp;<\/p>\n<h1 class=\"heading_border\">Programa de afiliados de TemplateToaster<\/h1>\n<h1 class=\"heading_border\">\u00a1Promueva TemplateToaster en su sitio web y podr\u00e1 obtener dinero por ello<\/h1>\n<p class=\"wordpress\">Obtenga un 1<strong>6%<\/strong> de comisi\u00f3n en cada venta que refiera, lo cual es\u00a0 alrededor de un descuento de $25 para el software TemplateToaster Professional Edition. \u00a1Convi\u00e9rtase en un afiliado de TemplateToaster hoy! Nuestros productos est\u00e1n disponibles para la venta a trav\u00e9s de la red de afiliaci\u00f3n Avangate. Para empezar a vender, todo lo que necesita hacer es mostrar la informaci\u00f3n del producto y el enlace \u00abComprar ahora\u00bb en su sitio web.<\/p>\n<h4 class=\"joomla\">Comisi\u00f3n de afiliado garantizada<\/h4>\n<p class=\"wordpress\">Cuando un visitante presiona un enlace o banner en su sitio web, Avangate <em>realiza un seguimiento del ID de afiliado durante 120 d\u00edas<\/em>. Son 4 meses durante los cuales cualquier pedido hecho por el mismo usuario garantiza que usted reciba sus comisiones como afiliado<\/p>\n<p class=\"wordpress\"><strong>Es tan simple como 1, 2, 3\u2026<\/strong><\/p>\n<p class=\"wordpress\">Avangate se encarga del proceso de pedido, la entrega del producto y soporte al cliente.<br \/>\n\u2013 No hay necesidad de almacenar ning\u00fan software o licencia en su servidores.<br \/>\n\u2013 No debe preocuparse por la facturaci\u00f3n y pago a clientes<br \/>\n\u2013No hay costo para comenzar, ni objetivos que alcanzar. Tambi\u00e9n podr\u00e1 ver su desempe\u00f1o a trav\u00e9s de informes que se le enviaran<\/p>\n<h4 class=\"joomla\">Pagos mensuales<\/h4>\n<p class=\"wordpress\">Usted cobrar\u00e1 sus comisiones cada mes, ya sea mediante d\u00e9bito prepago Avangate MasterCard o de transferencia bancaria, cheque o PayPal.<\/p>\n<h4 class=\"joomla\">\u00a1Empiece a vender ahora!<\/h4>\n<p class=\"wordpress\"><em>\u00a1Utilice todos los canales disponibles para la<\/em><em> promoci\u00f3n que tenga \u2013 sitio web, peri\u00f3dico, etc.!<\/em> \u00a1Recuerde \u2013 entre mas enlaces de referidos cree, m\u00e1s posibilidades tiene de ganar dinero desde su sitio web!<\/p>\n<p style=\"text-align: center;clear: both\"><a class=\"btn download_button btn-feature\" href=\"https:\/\/www.avangate.com\/affiliates\/sign-up.php?merchant=TEMPLATT&amp;template=Default+Template&amp;lang=en\">\u00danase ahora<\/a><\/p>\n","protected":false},"excerpt":{"rendered":"<p>&nbsp; Programa de afiliados de TemplateToaster \u00a1Promueva TemplateToaster en su sitio web y podr\u00e1 obtener dinero por ello Obtenga un 16% de comisi\u00f3n en cada venta que refiera, lo cual es\u00a0 alrededor de un descuento de $25 para el software &hellip; <a href=\"https:\/\/templatetoaster.com\/es\/affiliates\">Continue Reading<span class=\"meta-nav\">&rarr;<\/span><\/a><\/p>\n","protected":false},"author":1,"featured_media":0,"parent":0,"menu_order":0,"comment_status":"closed","ping_status":"closed","template":"PageTemplate1.php","meta":{"footnotes":""},"yoast_head":"<!-- This site is optimized with the Yoast SEO plugin v23.5 - https:\/\/yoast.com\/wordpress\/plugins\/seo\/ -->\n<title>Programa de afiliados - TemplateToaster<\/title>\n<meta name=\"description\" content=\"Reg\u00edstrese como afiliado para ganar una comisi\u00f3n con muy pocos esfuerzos.\" \/>\n<meta name=\"robots\" content=\"index, follow, max-snippet:-1, max-image-preview:large, max-video-preview:-1\" \/>\n<link rel=\"canonical\" href=\"https:\/\/templatetoaster.com\/es\/affiliates\" \/>\n<meta property=\"og:locale\" content=\"es_ES\" \/>\n<meta property=\"og:type\" content=\"article\" \/>\n<meta property=\"og:title\" content=\"Programa de afiliados - TemplateToaster\" \/>\n<meta property=\"og:description\" content=\"Reg\u00edstrese como afiliado para ganar una comisi\u00f3n con muy pocos esfuerzos.\" \/>\n<meta property=\"og:url\" content=\"https:\/\/templatetoaster.com\/es\/affiliates\" \/>\n<meta property=\"og:site_name\" content=\"TemplateToaster\" \/>\n<meta property=\"article:publisher\" content=\"https:\/\/www.facebook.com\/TemplateToaster\" \/>\n<meta property=\"article:modified_time\" content=\"2020-11-19T08:17:16+00:00\" \/>\n<meta property=\"og:image\" content=\"https:\/\/templatetoaster.com\/wp-content\/uploads\/2015\/07\/TemplateToaster-325X325.png\" \/>\n\t<meta property=\"og:image:width\" content=\"325\" \/>\n\t<meta property=\"og:image:height\" content=\"325\" \/>\n\t<meta property=\"og:image:type\" content=\"image\/png\" \/>\n<meta name=\"twitter:card\" content=\"summary_large_image\" \/>\n<meta name=\"twitter:site\" content=\"@templatetoaster\" \/>\n<meta name=\"twitter:label1\" content=\"Tiempo de lectura\" \/>\n\t<meta name=\"twitter:data1\" content=\"1 minuto\" \/>\n<script type=\"application\/ld+json\" class=\"yoast-schema-graph\">{\"@context\":\"https:\/\/schema.org\",\"@graph\":[{\"@type\":\"WebPage\",\"@id\":\"https:\/\/templatetoaster.com\/es\/affiliates\",\"url\":\"https:\/\/templatetoaster.com\/es\/affiliates\",\"name\":\"Programa de afiliados - TemplateToaster\",\"isPartOf\":{\"@id\":\"https:\/\/templatetoaster.com\/#website\"},\"datePublished\":\"2018-04-13T04:19:44+00:00\",\"dateModified\":\"2020-11-19T08:17:16+00:00\",\"description\":\"Reg\u00edstrese como afiliado para ganar una comisi\u00f3n con muy pocos esfuerzos.\",\"breadcrumb\":{\"@id\":\"https:\/\/templatetoaster.com\/es\/affiliates#breadcrumb\"},\"inLanguage\":\"es\",\"potentialAction\":[{\"@type\":\"ReadAction\",\"target\":[\"https:\/\/templatetoaster.com\/es\/affiliates\"]}]},{\"@type\":\"BreadcrumbList\",\"@id\":\"https:\/\/templatetoaster.com\/es\/affiliates#breadcrumb\",\"itemListElement\":[{\"@type\":\"ListItem\",\"position\":1,\"name\":\"Home\",\"item\":\"https:\/\/templatetoaster.com\/es\"},{\"@type\":\"ListItem\",\"position\":2,\"name\":\"Programa de afiliados\"}]},{\"@type\":\"WebSite\",\"@id\":\"https:\/\/templatetoaster.com\/#website\",\"url\":\"https:\/\/templatetoaster.com\/\",\"name\":\"TemplateToaster\",\"description\":\"\",\"publisher\":{\"@id\":\"https:\/\/templatetoaster.com\/#organization\"},\"inLanguage\":\"es\"},{\"@type\":\"Organization\",\"@id\":\"https:\/\/templatetoaster.com\/#organization\",\"name\":\"TemplateToaster\",\"url\":\"https:\/\/templatetoaster.com\/\",\"logo\":{\"@type\":\"ImageObject\",\"inLanguage\":\"es\",\"@id\":\"https:\/\/templatetoaster.com\/#\/schema\/logo\/image\/\",\"url\":\"https:\/\/templatetoaster.com\/wp-content\/uploads\/2019\/11\/TemplateToaster_Logo.jpg\",\"contentUrl\":\"https:\/\/templatetoaster.com\/wp-content\/uploads\/2019\/11\/TemplateToaster_Logo.jpg\",\"width\":85,\"height\":85,\"caption\":\"TemplateToaster\"},\"image\":{\"@id\":\"https:\/\/templatetoaster.com\/#\/schema\/logo\/image\/\"},\"sameAs\":[\"https:\/\/www.facebook.com\/TemplateToaster\",\"https:\/\/x.com\/templatetoaster\",\"https:\/\/www.instagram.com\/templatetoaster\/\",\"https:\/\/www.linkedin.com\/company\/templatetoaster\/\",\"https:\/\/www.pinterest.com\/templatetoaster\/\",\"https:\/\/www.youtube.com\/@TemplateToaster\"]}]}<\/script>\n<!-- \/ Yoast SEO plugin. -->","yoast_head_json":{"title":"Programa de afiliados - TemplateToaster","description":"Reg\u00edstrese como afiliado para ganar una comisi\u00f3n con muy pocos esfuerzos.","robots":{"index":"index","follow":"follow","max-snippet":"max-snippet:-1","max-image-preview":"max-image-preview:large","max-video-preview":"max-video-preview:-1"},"canonical":"https:\/\/templatetoaster.com\/es\/affiliates","og_locale":"es_ES","og_type":"article","og_title":"Programa de afiliados - TemplateToaster","og_description":"Reg\u00edstrese como afiliado para ganar una comisi\u00f3n con muy pocos esfuerzos.","og_url":"https:\/\/templatetoaster.com\/es\/affiliates","og_site_name":"TemplateToaster","article_publisher":"https:\/\/www.facebook.com\/TemplateToaster","article_modified_time":"2020-11-19T08:17:16+00:00","og_image":[{"width":325,"height":325,"url":"https:\/\/templatetoaster.com\/wp-content\/uploads\/2015\/07\/TemplateToaster-325X325.png","type":"image\/png"}],"twitter_card":"summary_large_image","twitter_site":"@templatetoaster","twitter_misc":{"Tiempo de lectura":"1 minuto"},"schema":{"@context":"https:\/\/schema.org","@graph":[{"@type":"WebPage","@id":"https:\/\/templatetoaster.com\/es\/affiliates","url":"https:\/\/templatetoaster.com\/es\/affiliates","name":"Programa de afiliados - TemplateToaster","isPartOf":{"@id":"https:\/\/templatetoaster.com\/#website"},"datePublished":"2018-04-13T04:19:44+00:00","dateModified":"2020-11-19T08:17:16+00:00","description":"Reg\u00edstrese como afiliado para ganar una comisi\u00f3n con muy pocos esfuerzos.","breadcrumb":{"@id":"https:\/\/templatetoaster.com\/es\/affiliates#breadcrumb"},"inLanguage":"es","potentialAction":[{"@type":"ReadAction","target":["https:\/\/templatetoaster.com\/es\/affiliates"]}]},{"@type":"BreadcrumbList","@id":"https:\/\/templatetoaster.com\/es\/affiliates#breadcrumb","itemListElement":[{"@type":"ListItem","position":1,"name":"Home","item":"https:\/\/templatetoaster.com\/es"},{"@type":"ListItem","position":2,"name":"Programa de afiliados"}]},{"@type":"WebSite","@id":"https:\/\/templatetoaster.com\/#website","url":"https:\/\/templatetoaster.com\/","name":"TemplateToaster","description":"","publisher":{"@id":"https:\/\/templatetoaster.com\/#organization"},"inLanguage":"es"},{"@type":"Organization","@id":"https:\/\/templatetoaster.com\/#organization","name":"TemplateToaster","url":"https:\/\/templatetoaster.com\/","logo":{"@type":"ImageObject","inLanguage":"es","@id":"https:\/\/templatetoaster.com\/#\/schema\/logo\/image\/","url":"https:\/\/templatetoaster.com\/wp-content\/uploads\/2019\/11\/TemplateToaster_Logo.jpg","contentUrl":"https:\/\/templatetoaster.com\/wp-content\/uploads\/2019\/11\/TemplateToaster_Logo.jpg","width":85,"height":85,"caption":"TemplateToaster"},"image":{"@id":"https:\/\/templatetoaster.com\/#\/schema\/logo\/image\/"},"sameAs":["https:\/\/www.facebook.com\/TemplateToaster","https:\/\/x.com\/templatetoaster","https:\/\/www.instagram.com\/templatetoaster\/","https:\/\/www.linkedin.com\/company\/templatetoaster\/","https:\/\/www.pinterest.com\/templatetoaster\/","https:\/\/www.youtube.com\/@TemplateToaster"]}]}},"_links":{"self":[{"href":"https:\/\/templatetoaster.com\/es\/wp-json\/wp\/v2\/pages\/3888"}],"collection":[{"href":"https:\/\/templatetoaster.com\/es\/wp-json\/wp\/v2\/pages"}],"about":[{"href":"https:\/\/templatetoaster.com\/es\/wp-json\/wp\/v2\/types\/page"}],"author":[{"embeddable":true,"href":"https:\/\/templatetoaster.com\/es\/wp-json\/wp\/v2\/users\/1"}],"replies":[{"embeddable":true,"href":"https:\/\/templatetoaster.com\/es\/wp-json\/wp\/v2\/comments?post=3888"}],"version-history":[{"count":3,"href":"https:\/\/templatetoaster.com\/es\/wp-json\/wp\/v2\/pages\/3888\/revisions"}],"predecessor-version":[{"id":75411,"href":"https:\/\/templatetoaster.com\/es\/wp-json\/wp\/v2\/pages\/3888\/revisions\/75411"}],"wp:attachment":[{"href":"https:\/\/templatetoaster.com\/es\/wp-json\/wp\/v2\/media?parent=3888"}],"curies":[{"name":"wp","href":"https:\/\/api.w.org\/{rel}","templated":true}]}}