{"id":3852,"date":"2018-04-11T06:54:45","date_gmt":"2018-04-11T06:54:45","guid":{"rendered":"http:\/\/templatetoaster.com?page_id=3852"},"modified":"2020-11-19T07:58:23","modified_gmt":"2020-11-19T07:58:23","slug":"virtuemart-template-builder","status":"publish","type":"page","link":"https:\/\/templatetoaster.com\/es\/virtuemart-template-builder","title":{"rendered":"Constructor de plantillas Virtuemart"},"content":{"rendered":"<div class=\"section1 wp-theme-generator\">\n<div style=\"margin: 115px 0 16px\">\n<h1>Un dise\u00f1ador de plantillas de Virtuemart, para dise\u00f1ar las m\u00e1s atractivas<\/h1>\n<p class=\"text-center\">Cree plantillas de dise\u00f1o de gran calidad para asegurar el \u00e9xito de su tienda VirtueMart.<\/p>\n<p>&nbsp;<\/p>\n<div style=\"text-align: center\"><a class=\"btn download_btn\" href=\"https:\/\/templatetoaster.com\/es\/download\">Descargue ahora<\/a><\/div>\n<div class=\"clearfix\"><\/div>\n<\/div>\n<\/div>\n<p><!--- What is TemplateToaster Section --><\/p>\n<div class=\"section2 wp-theme-generator\">\n<div class=\"section2-inner\">\n<h2>\u00bfPor qu\u00e9 utilizar TemplateToaster\u00a0 para crear plantillas de VirtueMart?<\/h2>\n<p>\u00a1Dise\u00f1ado para crear las mejores plantillas con caracter\u00edsticas muy avanzadas, este software le da el poder de arrastrar y colocar los elementos de la manera que le guste! Presenta m\u00faltiples opciones de dise\u00f1o preestablecidos, estilos de fuente personalizado, colores y m\u00e1s que pueden adaptarse perfectamente a su marca<\/p>\n<\/div>\n<\/div>\n<p><!--- section 3 starts --><\/p>\n<div class=\"section3 wp-theme-generator\">\n<div class=\"section3-inner\">\n<h2>\u00bfC\u00f3mo funciona?<\/h2>\n<div class=\"row\">\n<div class=\"col-lg-4 col-md-4 col-sm-6 col-xs-12\">\n<div class=\"media\">\n<div class=\"landing_page_svg download\"><\/div>\n<h3 class=\"text-center\">Vamos a\u00a0 comenzar a realizar dise\u00f1os asombrosos<\/h3>\n<p class=\"text-center\">\u00a1Luego de descargar este programa e instalarlo en minutos, usted tiene acceso libre a todas las funciones de la versi\u00f3n de prueba por tiempo ilimitado!<\/p>\n<\/div>\n<\/div>\n<div class=\"clearfix visible-xs-block\"><\/div>\n<div class=\"col-lg-4 col-md-4 col-sm-6 col-xs-12\">\n<div class=\"media\">\n<div class=\"landing_page_svg build-wp-theme\"><\/div>\n<h3 class=\"text-center\">\u00bfTodo listo? Vamos a arrastrar estilos personalizados y colocarlos donde desee<\/h3>\n<p class=\"text-center\">\u00a1Utilice\u00a0 las plantillas pre-dise\u00f1adas y comience a personalizar al instante!<\/p>\n<\/div>\n<\/div>\n<div class=\"col-lg-4 col-md-4 col-sm-6 col-xs-12\">\n<div class=\"media\">\n<div class=\"landing_page_svg export-upload\"><\/div>\n<h3 class=\"text-center\">\u00a1Cargue su plantilla VirtueMart<br \/>\nal instante!<\/h3>\n<p class=\"text-center\">\u00a1Es tan f\u00e1cil\u00a0 cargar su plantilla a la p\u00e1gina web, como dise\u00f1arla! Vea crecer su tienda de comercio electr\u00f3nico\u00a0 con un renovado y atractivo dise\u00f1o nuevo<\/p>\n<\/div>\n<\/div>\n<\/div>\n<\/div>\n<\/div>\n<div class=\"section4 wp-theme-generator\">\n<h2><\/h2>\n<h2 style=\"text-transform: none\">Caracter\u00edsticas de TemplateToaster como software para crear plantillas de VirtueMart<\/h2>\n<p class=\"section4-paragraph\">El software viene equipado con una serie de caracter\u00edsticas para dise\u00f1ar plantillas hermosas para su tienda VirtueMart. \u00a1Vea lo que el software tiene para ofrecerle!<\/p>\n<div class=\"row\">\n<div class=\"col-md-4 col-sm-6 col-sx-12\">\n<div style=\"padding: 20px\">\n<div class=\"text-center\">\n<div class=\"wp_feature landing_page_svg compatible-version\"><\/div>\n<\/div>\n<h3 style=\"margin: 20px 0 10px;text-align: center\">Versiones compatibles<\/h3>\n<p class=\"text-center\">Las plantillas creadas con este software son totalmente compatibles con Joomla 2.5 y 3.x.x y VirtueMart 3.x.x . \u00a1Dise\u00f1e plantillas\u00a0 visualmente atractivas para su tienda VirtueMart sin tener que preocuparse por los problemas de compatibilidad\u00a1<\/p>\n<\/div>\n<\/div>\n<div class=\"col-lg-4 col-md-4 col-sm-6 col-sx-12\">\n<div style=\"padding: 20px\">\n<h3 style=\"margin: 20px 0px 10px;text-align: center\">Opciones de dise\u00f1o de p\u00e1gina<\/h3>\n<p class=\"text-center\">Podr\u00e1 elegir entre las opciones de dise\u00f1o de p\u00e1gina como: 1, 2 o 3 columnas (Sidebar,una sola columna) ; cambiar el color de fondo, de la fuente,\u00a0 el estilo, etc..<\/p>\n<\/div>\n<\/div>\n<div class=\"clearfix visible-sm-block visible-xs-block\"><\/div>\n<div class=\"col-md-4 col-sm-6 col-sx-12\">\n<div style=\"padding: 20px\">\n<div class=\"text-center\">\n<div class=\"wp_feature landing_page_svg product-grid\"><\/div>\n<\/div>\n<h3 style=\"margin: 20px 0 10px;text-align: center\">Vea sus productos en diferentes disposiciones en la p\u00e1gina<\/h3>\n<p class=\"text-center\">Con este constructor de plantilla VirtueMart, los productos se pueden visualizar en la lista de visi\u00f3n o en forma de rejilla. Podr\u00e1 cambiar colores de la fuente, estilos, los colores de fondo, para personalizar y hacer m\u00e1s atractiva a su p\u00e1gina y atraer m\u00e1s visitantes<\/p>\n<\/div>\n<\/div>\n<div class=\"col-md-4 col-sm-6 col-sx-12\">\n<div style=\"padding: 20px\">\n<h3 style=\"margin: 20px 0 10px;text-align: center\">Estilice las p\u00e1gina<\/h3>\n<p class=\"text-center\">Como poderoso creador de plantillas VirtueMart,\u00a0 personalizar\u00a0 la p\u00e1gina del producto es muy simple. Podra elegir entre una gran cantidad de opciones como: cambiar el color de la fuente, el estilo, el color de fondo, etc..<\/p>\n<p class=\"text-center\">Puede adem\u00e1s personalizar los men\u00faes, sus tama\u00f1os, los men\u00faes desplegables y las pesta\u00f1as<\/p>\n<\/div>\n<\/div>\n<div class=\"clearfix visible-sm-block visible-xs-block\"><\/div>\n<div class=\"col-lg-4 col-md-4 col-sm-6 col-sx-12\">\n<div style=\"padding: 20px\">\n<div class=\"text-center\">\n<div class=\"wp_feature landing_page_svg checkout-pages\"><\/div>\n<\/div>\n<h3 style=\"margin: 20px 0 10px;text-align: center\">Estilice su p\u00e1gina de pagos<\/h3>\n<p class=\"text-center\">\u00a1No deje que la p\u00e1gina de pago de su tienda sea aburrida y mon\u00f3tona! Cautive a sus clientes con so p\u00e1gina de pago de VirtueMart. Puede modificar el color de fondo, color de fuente y el estilo, etc.. Adem\u00e1s se pueden\u00a0 cambiar f\u00e1cilmente otros elementos como son el\u00a0 checkout del profucto y detalles de facturaci\u00f3n, etc..<\/p>\n<\/div>\n<\/div>\n<div class=\"clearfix visible-xs-block\"><\/div>\n<div class=\"col-md-4 col-sm-6 col-sx-12\">\n<div style=\"padding: 20px\">\n<div class=\"text-center\">\n<div class=\"wp_feature landing_page_svg extension-friendly\"><\/div>\n<\/div>\n<h3 style=\"margin: 20px 0 10px;text-align: center\">Amigable con las extensiones<\/h3>\n<p class=\"text-center\">TemplateToaster es completamente flexible lo cual le permite instalar extensiones a su tienda VirtueMart para funciones avanzadas. Para nombrar algunas de ellas:\u00a0 M\u00f3dulo de la compra Pro Para Virtuemart, Generador de producto para Virtuemart etc.<\/p>\n<\/div>\n<\/div>\n<div class=\"clearfix visible-lg-block visible-md-block visible-sm-block visible-xs-block\"><\/div>\n<\/div>\n<\/div>\n<p><!--Section Features with WP--><\/p>\n<div class=\"section5 wp-theme-generator\" style=\"padding: 70px 10px;margin-bottom: 2px\">\n<div style=\"margin: 40px 0px 20px\">\n<h2 style=\"margin-bottom: 65px;text-transform: none\">Principales caracter\u00edsticas de TemplateToaster<\/h2>\n<div class=\"feature_with_wp row\">\n<div class=\"col-lg-4 col-md-4 col-sm-4 col-xs-6\">\n<div class=\"feature_wpimg\"><img decoding=\"async\" class=\"img-responsive\" src=\"https:\/\/templatetoaster.com\/wp-content\/uploads\/2017\/04\/multiple-language.png\" alt=\"Soporte para m\u00faltiples idiomas\" \/><\/div>\n<\/div>\n<div class=\"col-lg-4 col-md-4 col-sm-4 col-xs-6\">\n<div class=\"feature_wpimg\"><img decoding=\"async\" class=\"img-responsive\" src=\"https:\/\/templatetoaster.com\/wp-content\/uploads\/2017\/04\/mobile-optimization.png\" alt=\"Optimizaci\u00f3n m\u00f3vil\" \/><\/div>\n<\/div>\n<div class=\"clearfix visible-xs-block\"><\/div>\n<div class=\"col-lg-4 col-md-4 col-sm-4 col-xs-6\">\n<div class=\"feature_wpimg\"><img decoding=\"async\" class=\"img-responsive\" src=\"https:\/\/templatetoaster.com\/wp-content\/uploads\/2017\/04\/drag-drop.png\" alt=\"Arrastrar y soltar\" \/><\/div>\n<\/div>\n<div class=\"clearfix visible-lg-block visible-md-block visible-sm-block\"><\/div>\n<div class=\"col-lg-4 col-md-4 col-sm-4 col-xs-6\">\n<div class=\"feature_wpimg\"><img decoding=\"async\" class=\"img-responsive\" src=\"https:\/\/templatetoaster.com\/wp-content\/uploads\/2017\/04\/demo-templats.png\" alt=\"temas de demostraci\u00f3n\" \/><\/div>\n<\/div>\n<div class=\"clearfix visible-xs-block\"><\/div>\n<div class=\"col-lg-4 col-md-4 col-sm-4 col-xs-6\">\n<div class=\"feature_wpimg\"><img decoding=\"async\" class=\"img-responsive\" src=\"https:\/\/templatetoaster.com\/wp-content\/uploads\/2017\/04\/mega-menu.png\" alt=\"Men\u00fa Mega\" \/><\/div>\n<\/div>\n<div class=\"col-lg-4 col-md-4 col-sm-4 col-xs-6\">\n<div class=\"feature_wpimg\"><img decoding=\"async\" class=\"img-responsive\" src=\"https:\/\/templatetoaster.com\/wp-content\/uploads\/2017\/04\/right-to-left.png\" alt=\"De derecha a izquierda\" \/><\/div>\n<\/div>\n<div class=\"clearfix visible-lg-block visible-md-block visible-sm-block visible-xs-block\"><\/div>\n<div class=\"col-lg-4 col-md-4 col-sm-4 col-xs-6\">\n<div class=\"feature_wpimg\"><img decoding=\"async\" class=\"img-responsive\" src=\"https:\/\/templatetoaster.com\/wp-content\/uploads\/2017\/04\/amazing-slideshow.png\" alt=\"Presentaci\u00f3n incre\u00edble\" \/><\/div>\n<\/div>\n<div class=\"col-lg-4 col-md-4 col-sm-4 col-xs-6\">\n<div class=\"feature_wpimg\"><img decoding=\"async\" class=\"img-responsive\" src=\"https:\/\/templatetoaster.com\/wp-content\/uploads\/2017\/04\/zero-coding.png\" alt=\"Codificaci\u00f3n cero\" \/><\/div>\n<\/div>\n<div class=\"clearfix visible-xs-block\"><\/div>\n<div class=\"col-lg-4 col-md-4 col-sm-4 col-xs-6\">\n<div class=\"feature_wpimg\"><img decoding=\"async\" class=\"img-responsive\" src=\"https:\/\/templatetoaster.com\/wp-content\/uploads\/2017\/04\/custom-css.png\" alt=\"Custom CSS, JS y PHP\" \/><\/div>\n<\/div>\n<\/div>\n<\/div>\n<div class=\"clearfix visible-lg-block visible-md-block visible-sm-block visible-xs-block\">\n<p><strong>Nuestros est\u00e1ndares<\/strong><\/p>\n<p>&nbsp;<\/p>\n<p><strong>Validaci\u00f3n W3C<\/strong><\/p>\n<p>Debido al cumplimiento de las Normas Internacionales y la validaci\u00f3n W3C, las plantillas de VirtueMart creadas con este software se integran perfectamente con los principales navegadores web.<\/p>\n<p>&nbsp;<\/p>\n<p>&nbsp;<\/p>\n<p><strong>Est\u00e1ndares HTML5 y CSS3<\/strong><\/p>\n<p>Cumple con los \u00faltimos est\u00e1ndares HTML5 y CSS3. \u00a1Debido a este hecho, un sitio web\u00a0 atractivo, con variedad de caracter\u00edsticas, y din\u00e1mico se crea en cuesti\u00f3n de minutos!<\/p>\n<p>P\u00e1ginas m\u00e1s veloces<\/p>\n<p>Usted seguramente\u00a0 querr\u00e1 que sus visitantes dejen su web por ser demasiado lento. Las plantillas dise\u00f1adas con TemplateToaster son livianas y le aseguran cargar en forma r\u00e1pida<\/p>\n<p>&nbsp;<\/p>\n<p>&nbsp;<\/p>\n<\/div>\n<\/div>\n<p><!--Section Gallery--><\/p>\n<div class=\"section7 wp-theme-generator\" style=\"padding: 100px 10px;background-color: #f1f4f8;margin-bottom: 2px\"><\/div>\n<div class=\"section6 wp-theme-generator\" style=\"padding: 50px 10px\">\n<div style=\"margin: 70px 0px 20px\">\n<div class=\"section-center\" style=\"padding-bottom: 50px\">\n<div class=\"main-cms-section\">\n<div class=\"cms-section\">\n<div class=\"text-center\">\n<div class=\"wp_feature landing_page_svg virtuemart\"><\/div>\n<\/div>\n<\/div>\n<\/div>\n<div class=\"other-cms-section\">\n<div class=\"cms-section\">\n<div class=\"text-center\">\n<div class=\"wp_feature landing_page_svg wordpress\"><\/div>\n<\/div>\n<\/div>\n<div class=\"cms-section\">\n<div class=\"text-center\">\n<div class=\"wp_feature landing_page_svg drupal\"><\/div>\n<\/div>\n<\/div>\n<div class=\"cms-section\">\n<div class=\"text-center\">\n<div class=\"wp_feature landing_page_svg blogger\"><\/div>\n<\/div>\n<\/div>\n<div class=\"cms-section\">\n<div class=\"text-center\">\n<div class=\"wp_feature landing_page_svg magento\"><\/div>\n<\/div>\n<\/div>\n<div class=\"cms-section\">\n<div class=\"text-center\">\n<div class=\"wp_feature landing_page_svg prestashop\"><\/div>\n<\/div>\n<\/div>\n<div class=\"cms-section\">\n<div class=\"text-center\">\n<div class=\"wp_feature landing_page_svg opencart\"><\/div>\n<\/div>\n<\/div>\n<div class=\"cms-section\">\n<div class=\"text-center\">\n<div class=\"wp_feature landing_page_svg woocommerce\"><\/div>\n<\/div>\n<\/div>\n<div class=\"cms-section\">\n<div class=\"text-center\">\n<div class=\"wp_feature landing_page_svg html\"><\/div>\n<\/div>\n<\/div>\n<\/div>\n<\/div>\n<div style=\"text-align: center;margin-top: 30px\"><a class=\"btn download_btn\" href=\"https:\/\/templatetoaster.com\/es\/download\">Descargar versi\u00f3n de prueba<\/a><\/div>\n<\/div>\n<\/div>\n","protected":false},"excerpt":{"rendered":"<p>Un dise\u00f1ador de plantillas de Virtuemart, para dise\u00f1ar las m\u00e1s atractivas Cree plantillas de dise\u00f1o de gran calidad para asegurar el \u00e9xito de su tienda VirtueMart. &nbsp; Descargue ahora \u00bfPor qu\u00e9 utilizar TemplateToaster\u00a0 para crear plantillas de VirtueMart? \u00a1Dise\u00f1ado para &hellip; <a href=\"https:\/\/templatetoaster.com\/es\/virtuemart-template-builder\">Continue Reading<span class=\"meta-nav\">&rarr;<\/span><\/a><\/p>\n","protected":false},"author":1,"featured_media":0,"parent":0,"menu_order":0,"comment_status":"closed","ping_status":"closed","template":"","meta":{"footnotes":""},"yoast_head":"<!-- This site is optimized with the Yoast SEO plugin v23.5 - https:\/\/yoast.com\/wordpress\/plugins\/seo\/ -->\n<title>Potente creador de plantillas VirtueMart en TemplateToaster<\/title>\n<meta name=\"description\" content=\"El creador de plantillas VirtueSmart, integrado en TemplateToaster le permite olvidarse del c\u00f3digo y dise\u00f1ar libremente\" \/>\n<meta name=\"robots\" content=\"index, follow, max-snippet:-1, max-image-preview:large, max-video-preview:-1\" \/>\n<link rel=\"canonical\" href=\"https:\/\/templatetoaster.com\/es\/virtuemart-template-builder\" \/>\n<meta property=\"og:locale\" content=\"es_ES\" \/>\n<meta property=\"og:type\" content=\"article\" \/>\n<meta property=\"og:title\" content=\"Potente creador de plantillas VirtueMart en TemplateToaster\" \/>\n<meta property=\"og:description\" content=\"El creador de plantillas VirtueSmart, integrado en TemplateToaster le permite olvidarse del c\u00f3digo y dise\u00f1ar libremente\" \/>\n<meta property=\"og:url\" content=\"https:\/\/templatetoaster.com\/es\/virtuemart-template-builder\" \/>\n<meta property=\"og:site_name\" content=\"TemplateToaster\" \/>\n<meta property=\"article:publisher\" content=\"https:\/\/www.facebook.com\/TemplateToaster\" \/>\n<meta property=\"article:modified_time\" content=\"2020-11-19T07:58:23+00:00\" \/>\n<meta property=\"og:image\" content=\"https:\/\/templatetoaster.com\/wp-content\/uploads\/2017\/04\/multiple-language.png\" \/>\n<meta name=\"twitter:card\" content=\"summary_large_image\" \/>\n<meta name=\"twitter:site\" content=\"@templatetoaster\" \/>\n<meta name=\"twitter:label1\" content=\"Tiempo de lectura\" \/>\n\t<meta name=\"twitter:data1\" content=\"3 minutos\" \/>\n<script type=\"application\/ld+json\" class=\"yoast-schema-graph\">{\"@context\":\"https:\/\/schema.org\",\"@graph\":[{\"@type\":\"WebPage\",\"@id\":\"https:\/\/templatetoaster.com\/es\/virtuemart-template-builder\",\"url\":\"https:\/\/templatetoaster.com\/es\/virtuemart-template-builder\",\"name\":\"Potente creador de plantillas VirtueMart en TemplateToaster\",\"isPartOf\":{\"@id\":\"https:\/\/templatetoaster.com\/#website\"},\"primaryImageOfPage\":{\"@id\":\"https:\/\/templatetoaster.com\/es\/virtuemart-template-builder#primaryimage\"},\"image\":{\"@id\":\"https:\/\/templatetoaster.com\/es\/virtuemart-template-builder#primaryimage\"},\"thumbnailUrl\":\"https:\/\/templatetoaster.com\/wp-content\/uploads\/2017\/04\/multiple-language.png\",\"datePublished\":\"2018-04-11T06:54:45+00:00\",\"dateModified\":\"2020-11-19T07:58:23+00:00\",\"description\":\"El creador de plantillas VirtueSmart, integrado en TemplateToaster le permite olvidarse del c\u00f3digo y dise\u00f1ar libremente\",\"breadcrumb\":{\"@id\":\"https:\/\/templatetoaster.com\/es\/virtuemart-template-builder#breadcrumb\"},\"inLanguage\":\"es\",\"potentialAction\":[{\"@type\":\"ReadAction\",\"target\":[\"https:\/\/templatetoaster.com\/es\/virtuemart-template-builder\"]}]},{\"@type\":\"ImageObject\",\"inLanguage\":\"es\",\"@id\":\"https:\/\/templatetoaster.com\/es\/virtuemart-template-builder#primaryimage\",\"url\":\"https:\/\/templatetoaster.com\/wp-content\/uploads\/2017\/04\/multiple-language.png\",\"contentUrl\":\"https:\/\/templatetoaster.com\/wp-content\/uploads\/2017\/04\/multiple-language.png\"},{\"@type\":\"BreadcrumbList\",\"@id\":\"https:\/\/templatetoaster.com\/es\/virtuemart-template-builder#breadcrumb\",\"itemListElement\":[{\"@type\":\"ListItem\",\"position\":1,\"name\":\"Home\",\"item\":\"https:\/\/templatetoaster.com\/es\"},{\"@type\":\"ListItem\",\"position\":2,\"name\":\"Constructor de plantillas Virtuemart\"}]},{\"@type\":\"WebSite\",\"@id\":\"https:\/\/templatetoaster.com\/#website\",\"url\":\"https:\/\/templatetoaster.com\/\",\"name\":\"TemplateToaster\",\"description\":\"\",\"publisher\":{\"@id\":\"https:\/\/templatetoaster.com\/#organization\"},\"inLanguage\":\"es\"},{\"@type\":\"Organization\",\"@id\":\"https:\/\/templatetoaster.com\/#organization\",\"name\":\"TemplateToaster\",\"url\":\"https:\/\/templatetoaster.com\/\",\"logo\":{\"@type\":\"ImageObject\",\"inLanguage\":\"es\",\"@id\":\"https:\/\/templatetoaster.com\/#\/schema\/logo\/image\/\",\"url\":\"https:\/\/templatetoaster.com\/wp-content\/uploads\/2019\/11\/TemplateToaster_Logo.jpg\",\"contentUrl\":\"https:\/\/templatetoaster.com\/wp-content\/uploads\/2019\/11\/TemplateToaster_Logo.jpg\",\"width\":85,\"height\":85,\"caption\":\"TemplateToaster\"},\"image\":{\"@id\":\"https:\/\/templatetoaster.com\/#\/schema\/logo\/image\/\"},\"sameAs\":[\"https:\/\/www.facebook.com\/TemplateToaster\",\"https:\/\/x.com\/templatetoaster\",\"https:\/\/www.instagram.com\/templatetoaster\/\",\"https:\/\/www.linkedin.com\/company\/templatetoaster\/\",\"https:\/\/www.pinterest.com\/templatetoaster\/\",\"https:\/\/www.youtube.com\/@TemplateToaster\"]}]}<\/script>\n<!-- \/ Yoast SEO plugin. -->","yoast_head_json":{"title":"Potente creador de plantillas VirtueMart en TemplateToaster","description":"El creador de plantillas VirtueSmart, integrado en TemplateToaster le permite olvidarse del c\u00f3digo y dise\u00f1ar libremente","robots":{"index":"index","follow":"follow","max-snippet":"max-snippet:-1","max-image-preview":"max-image-preview:large","max-video-preview":"max-video-preview:-1"},"canonical":"https:\/\/templatetoaster.com\/es\/virtuemart-template-builder","og_locale":"es_ES","og_type":"article","og_title":"Potente creador de plantillas VirtueMart en TemplateToaster","og_description":"El creador de plantillas VirtueSmart, integrado en TemplateToaster le permite olvidarse del c\u00f3digo y dise\u00f1ar libremente","og_url":"https:\/\/templatetoaster.com\/es\/virtuemart-template-builder","og_site_name":"TemplateToaster","article_publisher":"https:\/\/www.facebook.com\/TemplateToaster","article_modified_time":"2020-11-19T07:58:23+00:00","og_image":[{"url":"https:\/\/templatetoaster.com\/wp-content\/uploads\/2017\/04\/multiple-language.png"}],"twitter_card":"summary_large_image","twitter_site":"@templatetoaster","twitter_misc":{"Tiempo de lectura":"3 minutos"},"schema":{"@context":"https:\/\/schema.org","@graph":[{"@type":"WebPage","@id":"https:\/\/templatetoaster.com\/es\/virtuemart-template-builder","url":"https:\/\/templatetoaster.com\/es\/virtuemart-template-builder","name":"Potente creador de plantillas VirtueMart en TemplateToaster","isPartOf":{"@id":"https:\/\/templatetoaster.com\/#website"},"primaryImageOfPage":{"@id":"https:\/\/templatetoaster.com\/es\/virtuemart-template-builder#primaryimage"},"image":{"@id":"https:\/\/templatetoaster.com\/es\/virtuemart-template-builder#primaryimage"},"thumbnailUrl":"https:\/\/templatetoaster.com\/wp-content\/uploads\/2017\/04\/multiple-language.png","datePublished":"2018-04-11T06:54:45+00:00","dateModified":"2020-11-19T07:58:23+00:00","description":"El creador de plantillas VirtueSmart, integrado en TemplateToaster le permite olvidarse del c\u00f3digo y dise\u00f1ar libremente","breadcrumb":{"@id":"https:\/\/templatetoaster.com\/es\/virtuemart-template-builder#breadcrumb"},"inLanguage":"es","potentialAction":[{"@type":"ReadAction","target":["https:\/\/templatetoaster.com\/es\/virtuemart-template-builder"]}]},{"@type":"ImageObject","inLanguage":"es","@id":"https:\/\/templatetoaster.com\/es\/virtuemart-template-builder#primaryimage","url":"https:\/\/templatetoaster.com\/wp-content\/uploads\/2017\/04\/multiple-language.png","contentUrl":"https:\/\/templatetoaster.com\/wp-content\/uploads\/2017\/04\/multiple-language.png"},{"@type":"BreadcrumbList","@id":"https:\/\/templatetoaster.com\/es\/virtuemart-template-builder#breadcrumb","itemListElement":[{"@type":"ListItem","position":1,"name":"Home","item":"https:\/\/templatetoaster.com\/es"},{"@type":"ListItem","position":2,"name":"Constructor de plantillas Virtuemart"}]},{"@type":"WebSite","@id":"https:\/\/templatetoaster.com\/#website","url":"https:\/\/templatetoaster.com\/","name":"TemplateToaster","description":"","publisher":{"@id":"https:\/\/templatetoaster.com\/#organization"},"inLanguage":"es"},{"@type":"Organization","@id":"https:\/\/templatetoaster.com\/#organization","name":"TemplateToaster","url":"https:\/\/templatetoaster.com\/","logo":{"@type":"ImageObject","inLanguage":"es","@id":"https:\/\/templatetoaster.com\/#\/schema\/logo\/image\/","url":"https:\/\/templatetoaster.com\/wp-content\/uploads\/2019\/11\/TemplateToaster_Logo.jpg","contentUrl":"https:\/\/templatetoaster.com\/wp-content\/uploads\/2019\/11\/TemplateToaster_Logo.jpg","width":85,"height":85,"caption":"TemplateToaster"},"image":{"@id":"https:\/\/templatetoaster.com\/#\/schema\/logo\/image\/"},"sameAs":["https:\/\/www.facebook.com\/TemplateToaster","https:\/\/x.com\/templatetoaster","https:\/\/www.instagram.com\/templatetoaster\/","https:\/\/www.linkedin.com\/company\/templatetoaster\/","https:\/\/www.pinterest.com\/templatetoaster\/","https:\/\/www.youtube.com\/@TemplateToaster"]}]}},"_links":{"self":[{"href":"https:\/\/templatetoaster.com\/es\/wp-json\/wp\/v2\/pages\/3852"}],"collection":[{"href":"https:\/\/templatetoaster.com\/es\/wp-json\/wp\/v2\/pages"}],"about":[{"href":"https:\/\/templatetoaster.com\/es\/wp-json\/wp\/v2\/types\/page"}],"author":[{"embeddable":true,"href":"https:\/\/templatetoaster.com\/es\/wp-json\/wp\/v2\/users\/1"}],"replies":[{"embeddable":true,"href":"https:\/\/templatetoaster.com\/es\/wp-json\/wp\/v2\/comments?post=3852"}],"version-history":[{"count":5,"href":"https:\/\/templatetoaster.com\/es\/wp-json\/wp\/v2\/pages\/3852\/revisions"}],"predecessor-version":[{"id":75408,"href":"https:\/\/templatetoaster.com\/es\/wp-json\/wp\/v2\/pages\/3852\/revisions\/75408"}],"wp:attachment":[{"href":"https:\/\/templatetoaster.com\/es\/wp-json\/wp\/v2\/media?parent=3852"}],"curies":[{"name":"wp","href":"https:\/\/api.w.org\/{rel}","templated":true}]}}