{"id":3699,"date":"2018-04-06T04:33:06","date_gmt":"2018-04-06T04:33:06","guid":{"rendered":"http:\/\/templatetoaster.com?page_id=3699"},"modified":"2024-09-23T12:01:38","modified_gmt":"2024-09-23T12:01:38","slug":"faqs","status":"publish","type":"page","link":"https:\/\/templatetoaster.com\/es\/faqs","title":{"rendered":"Preguntas frecuentes"},"content":{"rendered":"<h1 class=\"heading_border\" style=\"padding-top: 40px;\">TemplateToaster preguntas frecuentes<\/h1>\n<h4>P: \u00bfPuedo desinstalar TemplateToaster y usarlo\u00a0 en otro equipo?<\/h4>\n<p><strong>R: S\u00ed, debe primero desactivar TemplateToaster en el ordenador actual, instalarlo en el ordenador<\/strong> nuevo<strong> y all\u00ed puede volver a activarlo con la clave de licencia adquirida.<\/strong><\/p>\n<h4 class=\"joomla\">P: \u00bfPuedo instalarlo en m\u00e1s de un equipo?<\/h4>\n<p>R: No, solo se permite una activaci\u00f3n por licencia. A de nuestros clientes, ahora ofrecemos dos activaciones, pero ambos ordenadores deben ser propiedad de una sola persona.<\/p>\n<h4 class=\"joomla\">P: \u00bfPuedo vender mi licencia?<\/h4>\n<p>R: S\u00ed, puede vender o transferir su licencia a cualquier persona. Puede cambiar los detalles acerca de qui\u00e9n es el propietario, como el nombre o el correo electr\u00f3nico en su perfil en cualquier momento.<\/p>\n<h4 class=\"joomla\">P: \u00bfPuedo vender las plantillas o temas creados con TemplateToaster?<\/h4>\n<p>R: Claro, puede vender las plantillas exportadas al n\u00famero de personas que desee<\/p>\n<h4 class=\"joomla\">P: \u00bfExiste alguna restricci\u00f3n relacionada con el dominio?<\/h4>\n<p>R: No, no hay ninguna restricci\u00f3n relacionada con \u00abDominio\u00bb o \u00abn\u00famero de sitios\u00bb, puede crear tantas plantillas o temas y para tantos sitios web como necesite.<\/p>\n<h4 class=\"joomla\">P: \u00bfQu\u00e9 pasa si mi ordenador se bloquea?<\/h4>\n<p>R: Simplemente restaure su computadora, formatee o vuelva a instalar el sistema operativo si es necesario, vuelva a instalar TemplateToaster y deber\u00eda permitirle reactivarlo autom\u00e1ticamente.<\/p>\n<h4 class=\"joomla\">P: \u00bfSus m\u00e9todos de pago no me son convienentes?<\/h4>\n<p>R: Tenemos algunos m\u00e9todos de pago adicionales, puede ponerse en contacto con nosotros para ello.<\/p>\n<h4 class=\"joomla\">P: \u00bfTemplateToaster contiene plantillas?<\/h4>\n<p>R: No, no contiene ninguna plantilla, sino que le permite crear un tema \u00fanico<\/h4>\n<h4 class=\"joomla\">P: Si He instalado la versi\u00f3n de prueba, \u00bfNecesito instalar otra versi\u00f3n despu\u00e9s de la compra?<\/h4>\n<p>R: No, debe activar la versi\u00f3n de prueba existente con la clave de licencia adquirida.<\/h4>\n<h4 class=\"joomla\">P: \u00bfExiste un l\u00edmite de caducidad para la versi\u00f3n de prueba?<\/h4>\n<p>R: No, TemplateToaster en su versi\u00f3n de prueba, no est\u00e1 limitado por tiempo, pero al exportar su p\u00e1gina, aparecer\u00e1n marcas de agua con el nombre \u00abVersi\u00f3n de evaluaci\u00f3n\u00bb .<\/p>\n<h4 class=\"joomla\">P: \u00bfPuedo actualizar de la edici\u00f3n Standard a edici\u00f3n Profesional?<\/h4>\n<p>R: S\u00ed, puede actualizar de edici\u00f3n Standard a Professional pagando la diferencia de precio.<br \/>\nLuego de haber hecho el pago por la actualizaci\u00f3n, vaya a Archivo&gt; Activaci\u00f3n&gt; Desactivar, ahora vaya a Archivo&gt; Preferencias&gt; Seleccionar Edici\u00f3n Profesional y luego active con su clave existente.<\/p>\n<h4 class=\"joomla\">P: \u00bfOfrecen alguna garant\u00eda de devoluci\u00f3n de dinero?<\/h4>\n<p>R: No, proporcionamos una version de prueba de uso ilimitado, para que la evalue antes de comprarla.<\/p>\n<h4>P:14- \u00bfSon v\u00e1lidas las plantillas exportadas W3C?<\/h4>\n<p>R: S\u00ed, XHTML y CSS de las plantillas exportadas son validas para W3C.<\/p>\n<h4 class=\"joomla\">P: \u00bf Las plantillas exportadas est\u00e1n optimizadad para SEO?<\/h4>\n<p>R: S\u00ed, TemplateToaster implementa t\u00e9cnicas SEO para lograr aparecer en los primeros puestos<\/p>\n<h4 class=\"joomla\">P: \u00bfCu\u00e1ntos navegadores admite?<\/h4>\n<p>R: Admite todos los navegadores principales, incluyendo Firefox, Chrome, Internet Explorer, Opera, Safari, etc.<\/p>\n<h4>\n<h4 class=\"joomla\">Q:\u00bfC\u00f3mo actualizar TemplateToaster?<\/h4>\n<p>R: Descargue la \u00faltima versi\u00f3n de nuestra p\u00e1gina de descargas y haga doble clic en el archivo de instalaci\u00f3n descargado, el cual autom\u00e1ticamente actualiza el software<\/p>\n<h4 class=\"joomla\">P: \u00bfEn cu\u00e1ntos idiomas est\u00e1 disponible la interfaz de usuario TemplateToaster?<\/h4>\n<p>R: La interfaz de usuario de TemplateToaster est\u00e1 disponible en 8 idiomas, visite la siguiente p\u00e1gina para obtener m\u00e1s informaci\u00f3n<\/p>\n<h4 class=\"joomla\">P: \u00bfEn cu\u00e1ntos idiomas funcionan los sitios web y las plantillas exportadas?<\/h4>\n<p>R: Las plantillas y sitios web exportados desde TemplateToaster son independientes del idioma, puede usarlos en cualquier idioma.<\/p>\n<h4 class=\"joomla\">P: \u00bfCu\u00e1ndo caducar\u00e1 mi copia de TemplateToaster?<\/h4>\n<p>R: Puede usar la versi\u00f3n de TemplateToaster comprada durante toda la vida. Ofrecemos actualizaciones gratuitas durante un a\u00f1o con cada licencia, lo que significa que podr\u00e1 actualizar a todas las versiones publicadas dentro de un a\u00f1o, despu\u00e9s de ese per\u00edodo puede actualizar su suscripci\u00f3n o continuar utilizando su versi\u00f3n comprada inicialmente. La actualizaci\u00f3n anual le tendra una reducci\u00f3n del 40% del precio del producto.<\/p>\n<h4 class=\"joomla\">P: \u00bfExisten restricciones para usar las im\u00e1genes de la biblioteca TemplateToaster?<\/h4>\n<p>R: Puede utilizar las im\u00e1genes de stock en sus plantillas personales y de su cliente, pero no puede utilizarlas en las plantillas que pone a disposici\u00f3n en forma gratuita para ser descargada masivamente<\/p>\n<h4 class=\"joomla\">P: \u00bfNo puedo acceder a todas las caracter\u00edsticas de TemplateToaster?<\/h4>\n<p>R: Si ha comprado la Edicion Profesional y recibe un mensaje al intentar acceder a las opciones avanzadas que dice: \u00abEsta funci\u00f3n no est\u00e1 disponible en la edici\u00f3n actual\u201d. Simplemente vaya a Archivo-&gt; Activaci\u00f3n-&gt; Desactivar, ahora vaya a Preferencias de archivo y seleccione Professional Edition y vuelva a activar TemplateToaster.<\/p>\n<h4 class=\"joomla\">P: \u00bfHay restricci\u00f3nes en la versi\u00f3n de prueba?<\/h4>\n<p>R: La versi\u00f3n de prueba a\u00f1ade marcas de agua en todas las plantillas exportadas y no podr\u00e1 guardar sus proyectos como archivo .ttr, sin embargo, puede exportar las plantillas para instalarlas en su CMS como WordPress, Joomla, etc.<\/p>\n<h4 class=\"joomla\">P: \u00bfPuedo dise\u00f1ar plantillas\/sitios web\/temas para mis clientes?<\/h4>\n<p>R: Claro, no existe ninguna restricci\u00f3n<\/p>\n<h4 class=\"joomla\">P: \u00bfCu\u00e1l es el tama\u00f1o m\u00e1ximo de imagen admitido?<\/h4>\n<p>R: TemplateToaster admite im\u00e1genes de hasta 2000 px, pero puede usar cualquier tama\u00f1o de imagen en v7.<\/p>\n<h4 class=\"joomla\">P: \u00bfSus v\u00eddeos de demostraci\u00f3n no tienen sonido?<\/h4>\n<p>R: En realidad tenemos clientes en todo el mundo que hablan diferentes idiomas por lo que el sonido no es imprescindible. Por favor, si\u00e9ntase libre de hacer sus preguntas aqu\u00ed si no encuentra una soluci\u00f3n en los videos.<\/p>\n","protected":false},"excerpt":{"rendered":"<p>TemplateToaster preguntas frecuentes P: \u00bfPuedo desinstalar TemplateToaster y usarlo\u00a0 en otro equipo? R: S\u00ed, debe primero desactivar TemplateToaster en el ordenador actual, instalarlo en el ordenador nuevo y all\u00ed puede volver a activarlo con la clave de licencia adquirida. P: &hellip; <a href=\"https:\/\/templatetoaster.com\/es\/faqs\">Continue Reading<span class=\"meta-nav\">&rarr;<\/span><\/a><\/p>\n","protected":false},"author":1,"featured_media":0,"parent":0,"menu_order":0,"comment_status":"closed","ping_status":"closed","template":"PageTemplate1.php","meta":{"footnotes":""},"yoast_head":"<!-- This site is optimized with the Yoast SEO plugin v23.5 - https:\/\/yoast.com\/wordpress\/plugins\/seo\/ -->\n<title>Preguntas frecuentes - TemplateToaster<\/title>\n<meta name=\"description\" content=\"He aqui una lista de las preguntas mas frecuentes\" \/>\n<meta name=\"robots\" content=\"index, follow, max-snippet:-1, max-image-preview:large, max-video-preview:-1\" \/>\n<link rel=\"canonical\" href=\"https:\/\/templatetoaster.com\/es\/faqs\" \/>\n<meta property=\"og:locale\" content=\"es_ES\" \/>\n<meta property=\"og:type\" content=\"article\" \/>\n<meta property=\"og:title\" content=\"Preguntas frecuentes - TemplateToaster\" \/>\n<meta property=\"og:description\" content=\"He aqui una lista de las preguntas mas frecuentes\" \/>\n<meta property=\"og:url\" content=\"https:\/\/templatetoaster.com\/es\/faqs\" \/>\n<meta property=\"og:site_name\" content=\"TemplateToaster\" \/>\n<meta property=\"article:publisher\" content=\"https:\/\/www.facebook.com\/TemplateToaster\" \/>\n<meta property=\"article:modified_time\" content=\"2024-09-23T12:01:38+00:00\" \/>\n<meta property=\"og:image\" content=\"https:\/\/templatetoaster.com\/wp-content\/uploads\/2015\/07\/TemplateToaster-325X325.png\" \/>\n\t<meta property=\"og:image:width\" content=\"325\" \/>\n\t<meta property=\"og:image:height\" content=\"325\" \/>\n\t<meta property=\"og:image:type\" content=\"image\/png\" \/>\n<meta name=\"twitter:card\" content=\"summary_large_image\" \/>\n<meta name=\"twitter:site\" content=\"@templatetoaster\" \/>\n<meta name=\"twitter:label1\" content=\"Tiempo de lectura\" \/>\n\t<meta name=\"twitter:data1\" content=\"4 minutos\" \/>\n<script type=\"application\/ld+json\" class=\"yoast-schema-graph\">{\"@context\":\"https:\/\/schema.org\",\"@graph\":[{\"@type\":\"WebPage\",\"@id\":\"https:\/\/templatetoaster.com\/es\/faqs\",\"url\":\"https:\/\/templatetoaster.com\/es\/faqs\",\"name\":\"Preguntas frecuentes - TemplateToaster\",\"isPartOf\":{\"@id\":\"https:\/\/templatetoaster.com\/#website\"},\"datePublished\":\"2018-04-06T04:33:06+00:00\",\"dateModified\":\"2024-09-23T12:01:38+00:00\",\"description\":\"He aqui una lista de las preguntas mas frecuentes\",\"breadcrumb\":{\"@id\":\"https:\/\/templatetoaster.com\/es\/faqs#breadcrumb\"},\"inLanguage\":\"es\",\"potentialAction\":[{\"@type\":\"ReadAction\",\"target\":[\"https:\/\/templatetoaster.com\/es\/faqs\"]}]},{\"@type\":\"BreadcrumbList\",\"@id\":\"https:\/\/templatetoaster.com\/es\/faqs#breadcrumb\",\"itemListElement\":[{\"@type\":\"ListItem\",\"position\":1,\"name\":\"Home\",\"item\":\"https:\/\/templatetoaster.com\/es\"},{\"@type\":\"ListItem\",\"position\":2,\"name\":\"Preguntas frecuentes\"}]},{\"@type\":\"WebSite\",\"@id\":\"https:\/\/templatetoaster.com\/#website\",\"url\":\"https:\/\/templatetoaster.com\/\",\"name\":\"TemplateToaster\",\"description\":\"\",\"publisher\":{\"@id\":\"https:\/\/templatetoaster.com\/#organization\"},\"inLanguage\":\"es\"},{\"@type\":\"Organization\",\"@id\":\"https:\/\/templatetoaster.com\/#organization\",\"name\":\"TemplateToaster\",\"url\":\"https:\/\/templatetoaster.com\/\",\"logo\":{\"@type\":\"ImageObject\",\"inLanguage\":\"es\",\"@id\":\"https:\/\/templatetoaster.com\/#\/schema\/logo\/image\/\",\"url\":\"https:\/\/templatetoaster.com\/wp-content\/uploads\/2019\/11\/TemplateToaster_Logo.jpg\",\"contentUrl\":\"https:\/\/templatetoaster.com\/wp-content\/uploads\/2019\/11\/TemplateToaster_Logo.jpg\",\"width\":85,\"height\":85,\"caption\":\"TemplateToaster\"},\"image\":{\"@id\":\"https:\/\/templatetoaster.com\/#\/schema\/logo\/image\/\"},\"sameAs\":[\"https:\/\/www.facebook.com\/TemplateToaster\",\"https:\/\/x.com\/templatetoaster\",\"https:\/\/www.instagram.com\/templatetoaster\/\",\"https:\/\/www.linkedin.com\/company\/templatetoaster\/\",\"https:\/\/www.pinterest.com\/templatetoaster\/\",\"https:\/\/www.youtube.com\/@TemplateToaster\"]}]}<\/script>\n<!-- \/ Yoast SEO plugin. -->","yoast_head_json":{"title":"Preguntas frecuentes - TemplateToaster","description":"He aqui una lista de las preguntas mas frecuentes","robots":{"index":"index","follow":"follow","max-snippet":"max-snippet:-1","max-image-preview":"max-image-preview:large","max-video-preview":"max-video-preview:-1"},"canonical":"https:\/\/templatetoaster.com\/es\/faqs","og_locale":"es_ES","og_type":"article","og_title":"Preguntas frecuentes - TemplateToaster","og_description":"He aqui una lista de las preguntas mas frecuentes","og_url":"https:\/\/templatetoaster.com\/es\/faqs","og_site_name":"TemplateToaster","article_publisher":"https:\/\/www.facebook.com\/TemplateToaster","article_modified_time":"2024-09-23T12:01:38+00:00","og_image":[{"width":325,"height":325,"url":"https:\/\/templatetoaster.com\/wp-content\/uploads\/2015\/07\/TemplateToaster-325X325.png","type":"image\/png"}],"twitter_card":"summary_large_image","twitter_site":"@templatetoaster","twitter_misc":{"Tiempo de lectura":"4 minutos"},"schema":{"@context":"https:\/\/schema.org","@graph":[{"@type":"WebPage","@id":"https:\/\/templatetoaster.com\/es\/faqs","url":"https:\/\/templatetoaster.com\/es\/faqs","name":"Preguntas frecuentes - TemplateToaster","isPartOf":{"@id":"https:\/\/templatetoaster.com\/#website"},"datePublished":"2018-04-06T04:33:06+00:00","dateModified":"2024-09-23T12:01:38+00:00","description":"He aqui una lista de las preguntas mas frecuentes","breadcrumb":{"@id":"https:\/\/templatetoaster.com\/es\/faqs#breadcrumb"},"inLanguage":"es","potentialAction":[{"@type":"ReadAction","target":["https:\/\/templatetoaster.com\/es\/faqs"]}]},{"@type":"BreadcrumbList","@id":"https:\/\/templatetoaster.com\/es\/faqs#breadcrumb","itemListElement":[{"@type":"ListItem","position":1,"name":"Home","item":"https:\/\/templatetoaster.com\/es"},{"@type":"ListItem","position":2,"name":"Preguntas frecuentes"}]},{"@type":"WebSite","@id":"https:\/\/templatetoaster.com\/#website","url":"https:\/\/templatetoaster.com\/","name":"TemplateToaster","description":"","publisher":{"@id":"https:\/\/templatetoaster.com\/#organization"},"inLanguage":"es"},{"@type":"Organization","@id":"https:\/\/templatetoaster.com\/#organization","name":"TemplateToaster","url":"https:\/\/templatetoaster.com\/","logo":{"@type":"ImageObject","inLanguage":"es","@id":"https:\/\/templatetoaster.com\/#\/schema\/logo\/image\/","url":"https:\/\/templatetoaster.com\/wp-content\/uploads\/2019\/11\/TemplateToaster_Logo.jpg","contentUrl":"https:\/\/templatetoaster.com\/wp-content\/uploads\/2019\/11\/TemplateToaster_Logo.jpg","width":85,"height":85,"caption":"TemplateToaster"},"image":{"@id":"https:\/\/templatetoaster.com\/#\/schema\/logo\/image\/"},"sameAs":["https:\/\/www.facebook.com\/TemplateToaster","https:\/\/x.com\/templatetoaster","https:\/\/www.instagram.com\/templatetoaster\/","https:\/\/www.linkedin.com\/company\/templatetoaster\/","https:\/\/www.pinterest.com\/templatetoaster\/","https:\/\/www.youtube.com\/@TemplateToaster"]}]}},"_links":{"self":[{"href":"https:\/\/templatetoaster.com\/es\/wp-json\/wp\/v2\/pages\/3699"}],"collection":[{"href":"https:\/\/templatetoaster.com\/es\/wp-json\/wp\/v2\/pages"}],"about":[{"href":"https:\/\/templatetoaster.com\/es\/wp-json\/wp\/v2\/types\/page"}],"author":[{"embeddable":true,"href":"https:\/\/templatetoaster.com\/es\/wp-json\/wp\/v2\/users\/1"}],"replies":[{"embeddable":true,"href":"https:\/\/templatetoaster.com\/es\/wp-json\/wp\/v2\/comments?post=3699"}],"version-history":[{"count":7,"href":"https:\/\/templatetoaster.com\/es\/wp-json\/wp\/v2\/pages\/3699\/revisions"}],"predecessor-version":[{"id":233525,"href":"https:\/\/templatetoaster.com\/es\/wp-json\/wp\/v2\/pages\/3699\/revisions\/233525"}],"wp:attachment":[{"href":"https:\/\/templatetoaster.com\/es\/wp-json\/wp\/v2\/media?parent=3699"}],"curies":[{"name":"wp","href":"https:\/\/api.w.org\/{rel}","templated":true}]}}