{"id":3690,"date":"2018-04-05T07:11:26","date_gmt":"2018-04-05T07:11:26","guid":{"rendered":"http:\/\/templatetoaster.com?page_id=3690"},"modified":"2020-11-19T07:28:25","modified_gmt":"2020-11-19T07:28:25","slug":"bootstrap","status":"publish","type":"page","link":"https:\/\/templatetoaster.com\/es\/bootstrap","title":{"rendered":"Editor de Bootstrap"},"content":{"rendered":"<div class=\"section1 wp-theme-generator\">\n<div style=\"margin: 115px 0 16px\">\n<div class=\"clearfix\"><strong>Bootstrap Builder para dise\u00f1ar sus sitio web y sus plantillas<\/strong><\/div>\n<\/div>\n<\/div>\n<div class=\"section2 wp-theme-generator\">\n<div class=\"section2-inner-bs\">\n<p>TemplateToaster incluye un constructor de Bootstrap basado en esta plataforma. Es un editor ideal para crear y publicar sitios web responsivos de gran calidad sin escribir una sola l\u00ednea de c\u00f3digo. Cree y dise\u00f1e su sitio web\u00a0 responsivo utilizando un tema de Bootstrap en pocos minutos, y dest\u00e1quese entre los dem\u00e1s<\/p>\n<p>Descarguelo Ahora<\/p>\n<p><strong>\u00bfPor qu\u00e9 utilizar este Bootstrap Builder para dise\u00f1ar un sitio web?<\/strong><br \/>\nEste software tiene todo lo que necesita para crear un sitio web agradable, responsivo y profesional. Bootstrap es un marco de trabajo front-end l\u00edder, que permite a los desarrolladores realizar todo m\u00e1s r\u00e1pidamente. Y este editor le permite configurar un sitio web totalmente responsivo con facilidad. Puede convertir f\u00e1cilmente sus ideas en un sitio web que funcione brillantemente utilizando sus caracter\u00edsticas predise\u00f1adas f\u00e1ciles de usar<\/p>\n<\/div>\n<div class=\"row section2-bs\">\n<div class=\"col-lg-4 col-md-4 col-sm-6 col-xs-12\">\n<div style=\"padding: 20px\">\n<h3 style=\"margin: 20px 0px 10px;text-align: center\">Estandarizaci\u00f3n del c\u00f3digo<\/h3>\n<p class=\"text-center\">La plataforma de Bootstrap es bien conocida por su c\u00f3digo simple y claro. TemplateToaster adhiere a estos principios y su editor permite arrastrar y soltar elementos para crear sitios visualmente atractivos<\/p>\n<\/div>\n<\/div>\n<div class=\"clearfix visible-xs-block\"><\/div>\n<div class=\"col-lg-4 col-md-4 col-sm-6 col-xs-12\">\n<div style=\"padding: 20px\">\n<div class=\"text-center\">\n<div class=\"wp_feature landing_page_svg theme-check-plugin-pass\"><\/div>\n<\/div>\n<h3 style=\"margin: 20px 0 10px;text-align: center\">Interfaz Conocida<\/h3>\n<p class=\"text-center\">Hoy en d\u00eda casi todos los dise\u00f1adores web est\u00e1n familiarizados con Bootstrap, el cual ha ido evolucionando en t\u00e9rminos de su desarrollo. Ha ido evolucionando y haciendo que su empleo sea realmente simple y su interfaz f\u00e1cil de usar<\/p>\n<\/div>\n<\/div>\n<div class=\"col-lg-4 col-md-4 col-sm-6 col-xs-12\">\n<div style=\"padding: 20px\">\n<h3 style=\"margin: 20px 0 10px;text-align: center\">Dise\u00f1o Responsivo<\/h3>\n<p>TemplateToaster es incre\u00edblemente responsivo, por lo que su sitio web, o dispositivo ser\u00e1\u00a0 m\u00e1s amigable con el usuario que nunca. Su sitio web funcionar\u00e1 perfectamente en todos los tama\u00f1os de los dispositivos, ya sea en un ordenador, en un movil, o en una tablet<\/p>\n<\/div>\n<\/div>\n<\/div>\n<p style=\"line-height: 107%;font-size: 15px;font-family: 'Calibri',sans-serif;margin: 0cm 0cm 8.0pt 0cm\">\n<\/div>\n<p><!--- section 3 starts --><\/p>\n<div class=\"section3 wp-theme-generator\">\n<div class=\"section3-inner\">\n<h2>\u00bfC\u00f3mo funciona el creador y editor de Bootstrap?<\/h2>\n<div class=\"row\">\n<div class=\"col-lg-4 col-md-4 col-sm-6 col-xs-12\">\n<div class=\"media\">\n<div class=\"landing_page_svg download\"><\/div>\n<h3 class=\"text-center\">Descarguelo<\/h3>\n<p class=\"text-center\">Le ofrecemos una prueba ilimitada\u00a0 sin costes. Descarguela, Instalela y comience a trabajar en ella<\/p>\n<\/div>\n<\/div>\n<div class=\"clearfix visible-xs-block\"><\/div>\n<div class=\"col-lg-4 col-md-4 col-sm-6 col-xs-12\">\n<div class=\"media\">\n<div class=\"landing_page_svg build-wp-theme\"><\/div>\n<h3 class=\"text-center\">Dise\u00f1e Temas\u00a0 \/ Plantillas \/ Sitios Web<\/h3>\n<p class=\"text-center\">Le permitir\u00e1 dise\u00f1ar de acuerdo a sus necesidades,\u00a0 puede empezar desde cero o personalizar cualquier plantilla predise\u00f1ada<\/p>\n<\/div>\n<\/div>\n<div class=\"clearfix visible-sm-block visible-xs-block\"><\/div>\n<div class=\"col-lg-4 col-md-4 col-sm-6 col-xs-12\">\n<div class=\"media\">\n<div class=\"landing_page_svg export-upload\"><\/div>\n<h3 class=\"text-center\">Exporte y Subalo<\/h3>\n<p class=\"text-center\">Una vez que tenga el dise\u00f1o listo, exporte los archivos de su tema, y s\u00fabalo en su hosting<\/p>\n<\/div>\n<\/div>\n<div class=\"clearfix visible-lg-block visible-md-block visible-sm-block visible-xs-block\">\n<h3 class=\"media-heading\">Dise\u00f1o amigable para aplicaciones moviles<\/h3>\n<p>El constructor y editor de\u00a0 Bootstrap dise\u00f1a sitios web optimizados para su tel\u00e9fono m\u00f3vil. Utilizamos la grilla de Bootstrap para que el dise\u00f1o sea lo m\u00e1s adaptable posible<\/p>\n<p><img decoding=\"async\" src=\"https:\/\/templatetoaster.com\/wp-content\/uploads\/2019\/10\/bootstrap-website-builder.jpg\" alt=\"bootstrap website builder\" \/><\/p>\n<p>&nbsp;<\/p>\n<h3 class=\"media-heading\">Creador de temas con sistema drag and drop<\/h3>\n<p>Disfrute de la simplicidad de arrastrar y soltar elementos y hacer impresionantes variaciones de dise\u00f1os con solo unos pocos clics. No se requieren habilidades t\u00e9cnicas especiales para utilizarlo<\/p>\n<\/div>\n<h3 class=\"media-heading\">Maneje la paleta de colores<\/h3>\n<p>Aproveche al m\u00e1ximo los esquemas de color vibrantes disponibles o personalice su propia paleta y t\u00e9ngala listos para usarla en su dise\u00f1o. No hay l\u00edmite para su elecci\u00f3n de color.<\/p>\n<h3><img decoding=\"async\" src=\"https:\/\/templatetoaster.com\/wp-content\/uploads\/2019\/10\/bootstrap-layout-builder.jpg\" alt=\"bootstrap layout builder\" \/><\/h3>\n<h3 class=\"media-heading\">Iconos de redes sociales<\/h3>\n<p>Proporcione a sus usuarios la oportunidad de seguirle,\u00a0 agregando iconos de uso compartido de redes sociales en su sitio. Aproveche estos iconos para promocionarse y ser m\u00e1s conocido<\/p>\n<p><strong>Integraci\u00f3n de fuentes de Google<\/strong><\/p>\n<p>Deslumbre con su sitio web con los\u00a0 estilos de fuente predeterminados. Adem\u00e1s, con la integraci\u00f3n de Fuentes de Google puede a\u00f1adir fuentes que har\u00e1n a su web \u00fanica<\/p>\n<h3 class=\"media-heading\">Creado para Bootstrap 3 y 4<\/h3>\n<p>Este generador Bootstrap funciona en el simple principio\u00a0 de \u00absitios web compatibles con Bootstrap\u00bb por lo que cada p\u00e1gina que cree se ver\u00e1 agilizada para su visualizaci\u00f3n en todo tipo de dispositivos.<\/p>\n<\/div>\n<p>&nbsp;<\/p>\n<div class=\"row\">\n<h2 style=\"text-transform: none\">Demo de Bootstrap Builder<\/h2>\n<p><img decoding=\"async\" src=\"https:\/\/templatetoaster.com\/wp-content\/uploads\/2019\/05\/bootstrap-builder.jpg\" alt=\"bootstrap builder\" \/><\/p>\n<h2 class=\"heading2 text-center\">Comience con nuestras incre\u00edbles plantillas gratis en 2019<\/h2>\n<p>Dise\u00f1e su tema de Bootstrap personalizado desde cero o modifique una de sus plantillas predise\u00f1adas con el generador de plantillas<\/p>\n<h2 class=\"text-center heading2\">M\u00e1s de 1 mill\u00f3n de usuarios en el mundo<\/h2>\n<p class=\"text-center\">M\u00e1s de un mill\u00f3n de personas en el mundo han generado su p\u00e1gina con gran \u00e9xito. Disfrute y comparta con nosotros su experiencia con el desarrollador de temas de Bootstrap<\/p>\n<div class=\"tt_section_row6_clients website-builder\">\n<div class=\"client-img sony\">\n<div class=\"tt_section_row_cta row\">\n<div class=\"container\">\n<div class=\"tt_section_row_cta_inner row\">\n<div class=\"tt_section_col_cta col1\">\n<p><strong>\u00bfC\u00f3mo construir su sitio web de\u00a0 con este constructor y editor de Bootstrap?<\/strong><\/p>\n<\/div>\n<div class=\"tt_section_col_cta col2\">\n<div class=\"tt_cta_points\">\n<p>Aqu\u00ed est\u00e1n los pasos para crear un sitio basado en Bootstrap<\/p>\n<ol>\n<li>Compre su dominio y sitio de alojamiento<\/li>\n<li>Aproveche nuestros dise\u00f1os y plantillas predise\u00f1adas.<\/li>\n<li>Cree su sitio y publ\u00edquelo f\u00e1cilmente.<\/li>\n<li>Contin\u00fae con su estrategia de mercado para impulsar su negocio.<\/li>\n<\/ol>\n<\/div>\n<\/div>\n<\/div>\n<\/div>\n<\/div>\n<div class=\"tt_section_row7 row\">\n<div class=\"container\">\n<h2 class=\"heading2\">Estas son las opiniones de nuestros clientes<\/h2>\n<div class=\"tt_section_row7_inner\">\n<div class=\"tt_section_row7_inner-row row1\">\n<div class=\"tt_section_row_7 col1\">\n<p>&nbsp;<\/p>\n<p><em>Si desea crear un sitio web f\u00e1cil de usar y dar a su usuario una experiencia agradable en su sitio web, entonces usted tiene que utilizar este constructor\u00a0 . Incre\u00edblemente respondivo y confiable.<\/em><\/p>\n<p style=\"text-align: right\"><strong>Flora Wilfred<\/strong><\/p>\n<p><em>Siempre quise tener un sitio web para dispositivos m\u00f3viles y un formulario para mi negocio, pero ten\u00eda un poco de miedo de crearlo. Pero este creador de sitios web ha cambiado mi opini\u00f3n para siempre. \u00a1Es muy simple!<\/em><\/p>\n<p style=\"text-align: right\"><strong>Harriet Brown<\/strong><\/p>\n<p>&nbsp;<\/p>\n<p>&nbsp;<\/p>\n<p><em>Este creador de Bootstrap ha hecho realidad mi sue\u00f1o de tener un hermoso sitio web optimizado para m\u00f3viles. No puedo agradecerte lo suficiente. \u00a1Mil Gracias!<\/em><\/p>\n<p><em><strong>Charlie Williams<\/strong><\/em><\/p>\n<p>&nbsp;<\/p>\n<p><em>Recomiendo este poderoso creador de Bootstrap a todos los que est\u00e1n buscando una plataforma para construir un sitio web responsivo r\u00e1pidamente. Este es un incre\u00edble constructor de sitios web. GRacias<\/em><\/p>\n<p><strong>Janet Shearon<\/strong><\/p>\n<p>&nbsp;<\/p>\n<\/div>\n<\/div>\n<\/div>\n<\/div>\n<\/div>\n<div class=\"tt_section_row8 row home_last_child\">\n<div class=\"container\">\n<div class=\"tt_section_row8_inner row\">\n<p><strong>\u00bfYa est\u00e1 Listo para dise\u00f1ar su sitio web o su tema basado en Bootstrap?<\/strong><\/p>\n<p>Elige cualquiera de nuestras plantillas Bootstrap gratis, incre\u00edblemente responsivas y elegantes y construya su\u00a0 tema de Bootstrap en tan solo unos pocos clics<\/p>\n<p class=\"text-center\"><a class=\"btn btn-default\" href=\"https:\/\/templatetoaster.com\/download\">Descargue la version de prueba<\/a><\/p>\n<\/div>\n<\/div>\n<\/div>\n<\/div>\n<\/div>\n<\/div>\n<\/div>\n<\/div>\n<p><!--- section 6 starts --><\/p>\n<div class=\"section6 wp-theme-generator\" style=\"padding: 50px 10px;background-color: #f1f4f8\">\n<div style=\"margin: 70px 0px 20px\">\n<h2>WordPress Theme Builder Bootstrap<\/h2>\n<div class=\"section-center\" style=\"padding-bottom: 50px\">\n<div class=\"main-cms-section\">\n<div class=\"cms-section\">\n<div class=\"text-center\">\n<div class=\"wp_feature landing_page_svg wordpress\"><\/div>\n<\/div>\n<\/div>\n<div class=\"cms-section\">\n<div class=\"text-center\">\n<div class=\"wp_feature landing_page_svg woocommerce\"><\/div>\n<\/div>\n<\/div>\n<\/div>\n<div class=\"other-cms-section\">\n<div class=\"cms-section\">\n<div class=\"text-center\">\n<div class=\"wp_feature landing_page_svg joomla\"><\/div>\n<\/div>\n<\/div>\n<div class=\"cms-section\">\n<div class=\"text-center\">\n<div class=\"wp_feature landing_page_svg drupal\"><\/div>\n<\/div>\n<\/div>\n<div class=\"cms-section\">\n<div class=\"text-center\">\n<div class=\"wp_feature landing_page_svg blogger\"><\/div>\n<\/div>\n<\/div>\n<div class=\"cms-section\">\n<div class=\"text-center\">\n<div class=\"wp_feature landing_page_svg magento\"><\/div>\n<\/div>\n<\/div>\n<div class=\"cms-section\">\n<div class=\"text-center\">\n<div class=\"wp_feature landing_page_svg prestashop\"><\/div>\n<\/div>\n<\/div>\n<div class=\"cms-section\">\n<div class=\"text-center\">\n<div class=\"wp_feature landing_page_svg opencart\"><\/div>\n<\/div>\n<\/div>\n<div class=\"cms-section\">\n<div class=\"text-center\">\n<div class=\"wp_feature landing_page_svg virtuemart\"><\/div>\n<\/div>\n<\/div>\n<div class=\"cms-section\">\n<div class=\"text-center\">\n<div class=\"wp_feature landing_page_svg html\"><\/div>\n<\/div>\n<\/div>\n<\/div>\n<div class=\"section6-bs os-content\">\n<p>TemplateToaster puede funcionar perfectamente como su propio generador de tema de WordPress Bootstrap. temas basados \u200b\u200bDise\u00f1o de arranque para WordPress, sin problemas, sin tener que preocuparse acerca de la funcionalidad y capacidad de respuesta de Bootstrap siendo obstaculizada.<\/p>\n<p>Se convierte en bastante suave para generar plantillas de base de arranque para otros sistemas CMS populares como Joomla y Drupal. similar, TemplateToaster puede dise\u00f1ar temas basados \u200b\u200bBootstrap para los sitios web de comercio electr\u00f3nico utilizando Magento, Prestashop, VirtueMart, y Opencart. adem\u00e1s, a\u00fan mantiene la compatibilidad de HTML b\u00e1sico y Blogger, as\u00ed.<\/p>\n<p>TemplateToaster est\u00e1 integrado con Bootstrap marco precisamente. Esto tiene por objeto la prestaci\u00f3n de una experiencia de usuario \u00f3ptima en cualquier dispositivo. Por lo tanto lo que es una elecci\u00f3n acertada como un perfecto Bootstrap Website Builder. Asi que, hacer que su sitio web sue\u00f1o con TemplateToaster en ning\u00fan momento.<\/p>\n<\/div>\n<\/div>\n<\/div>\n<div style=\"text-align: center;margin-top: 30px\"><a class=\"btn download_btn\" href=\"https:\/\/templatetoaster.com\/es\/download\">Descargar ahora<\/a><\/div>\n<\/div>\n","protected":false},"excerpt":{"rendered":"<p>Bootstrap Builder para dise\u00f1ar sus sitio web y sus plantillas TemplateToaster incluye un constructor de Bootstrap basado en esta plataforma. Es un editor ideal para crear y publicar sitios web responsivos de gran calidad sin escribir una sola l\u00ednea de &hellip; <a href=\"https:\/\/templatetoaster.com\/es\/bootstrap\">Continue Reading<span class=\"meta-nav\">&rarr;<\/span><\/a><\/p>\n","protected":false},"author":1,"featured_media":0,"parent":0,"menu_order":0,"comment_status":"closed","ping_status":"closed","template":"","meta":{"footnotes":""},"yoast_head":"<!-- This site is optimized with the Yoast SEO plugin v23.5 - https:\/\/yoast.com\/wordpress\/plugins\/seo\/ -->\n<title>Editor de Bootstrap - TemplateToaster<\/title>\n<meta name=\"description\" content=\"Cree sitios web y plantillas basados en Bootstrap sin saber codigo con el software TemplateToaster\" \/>\n<meta name=\"robots\" content=\"index, follow, max-snippet:-1, max-image-preview:large, max-video-preview:-1\" \/>\n<link rel=\"canonical\" href=\"https:\/\/templatetoaster.com\/es\/bootstrap\" \/>\n<meta property=\"og:locale\" content=\"es_ES\" \/>\n<meta property=\"og:type\" content=\"article\" \/>\n<meta property=\"og:title\" content=\"Editor de Bootstrap - TemplateToaster\" \/>\n<meta property=\"og:description\" content=\"Cree sitios web y plantillas basados en Bootstrap sin saber codigo con el software TemplateToaster\" \/>\n<meta property=\"og:url\" content=\"https:\/\/templatetoaster.com\/es\/bootstrap\" \/>\n<meta property=\"og:site_name\" content=\"TemplateToaster\" \/>\n<meta property=\"article:publisher\" content=\"https:\/\/www.facebook.com\/TemplateToaster\" \/>\n<meta property=\"article:modified_time\" content=\"2020-11-19T07:28:25+00:00\" \/>\n<meta property=\"og:image\" content=\"https:\/\/templatetoaster.com\/wp-content\/uploads\/2019\/10\/bootstrap-website-builder.jpg\" \/>\n<meta name=\"twitter:card\" content=\"summary_large_image\" \/>\n<meta name=\"twitter:site\" content=\"@templatetoaster\" \/>\n<meta name=\"twitter:label1\" content=\"Tiempo de lectura\" \/>\n\t<meta name=\"twitter:data1\" content=\"5 minutos\" \/>\n<script type=\"application\/ld+json\" class=\"yoast-schema-graph\">{\"@context\":\"https:\/\/schema.org\",\"@graph\":[{\"@type\":\"WebPage\",\"@id\":\"https:\/\/templatetoaster.com\/es\/bootstrap\",\"url\":\"https:\/\/templatetoaster.com\/es\/bootstrap\",\"name\":\"Editor de Bootstrap - TemplateToaster\",\"isPartOf\":{\"@id\":\"https:\/\/templatetoaster.com\/#website\"},\"primaryImageOfPage\":{\"@id\":\"https:\/\/templatetoaster.com\/es\/bootstrap#primaryimage\"},\"image\":{\"@id\":\"https:\/\/templatetoaster.com\/es\/bootstrap#primaryimage\"},\"thumbnailUrl\":\"https:\/\/templatetoaster.com\/wp-content\/uploads\/2019\/10\/bootstrap-website-builder.jpg\",\"datePublished\":\"2018-04-05T07:11:26+00:00\",\"dateModified\":\"2020-11-19T07:28:25+00:00\",\"description\":\"Cree sitios web y plantillas basados en Bootstrap sin saber codigo con el software TemplateToaster\",\"breadcrumb\":{\"@id\":\"https:\/\/templatetoaster.com\/es\/bootstrap#breadcrumb\"},\"inLanguage\":\"es\",\"potentialAction\":[{\"@type\":\"ReadAction\",\"target\":[\"https:\/\/templatetoaster.com\/es\/bootstrap\"]}]},{\"@type\":\"ImageObject\",\"inLanguage\":\"es\",\"@id\":\"https:\/\/templatetoaster.com\/es\/bootstrap#primaryimage\",\"url\":\"https:\/\/templatetoaster.com\/wp-content\/uploads\/2019\/10\/bootstrap-website-builder.jpg\",\"contentUrl\":\"https:\/\/templatetoaster.com\/wp-content\/uploads\/2019\/10\/bootstrap-website-builder.jpg\"},{\"@type\":\"BreadcrumbList\",\"@id\":\"https:\/\/templatetoaster.com\/es\/bootstrap#breadcrumb\",\"itemListElement\":[{\"@type\":\"ListItem\",\"position\":1,\"name\":\"Home\",\"item\":\"https:\/\/templatetoaster.com\/es\"},{\"@type\":\"ListItem\",\"position\":2,\"name\":\"Editor de Bootstrap\"}]},{\"@type\":\"WebSite\",\"@id\":\"https:\/\/templatetoaster.com\/#website\",\"url\":\"https:\/\/templatetoaster.com\/\",\"name\":\"TemplateToaster\",\"description\":\"\",\"publisher\":{\"@id\":\"https:\/\/templatetoaster.com\/#organization\"},\"inLanguage\":\"es\"},{\"@type\":\"Organization\",\"@id\":\"https:\/\/templatetoaster.com\/#organization\",\"name\":\"TemplateToaster\",\"url\":\"https:\/\/templatetoaster.com\/\",\"logo\":{\"@type\":\"ImageObject\",\"inLanguage\":\"es\",\"@id\":\"https:\/\/templatetoaster.com\/#\/schema\/logo\/image\/\",\"url\":\"https:\/\/templatetoaster.com\/wp-content\/uploads\/2019\/11\/TemplateToaster_Logo.jpg\",\"contentUrl\":\"https:\/\/templatetoaster.com\/wp-content\/uploads\/2019\/11\/TemplateToaster_Logo.jpg\",\"width\":85,\"height\":85,\"caption\":\"TemplateToaster\"},\"image\":{\"@id\":\"https:\/\/templatetoaster.com\/#\/schema\/logo\/image\/\"},\"sameAs\":[\"https:\/\/www.facebook.com\/TemplateToaster\",\"https:\/\/x.com\/templatetoaster\",\"https:\/\/www.instagram.com\/templatetoaster\/\",\"https:\/\/www.linkedin.com\/company\/templatetoaster\/\",\"https:\/\/www.pinterest.com\/templatetoaster\/\",\"https:\/\/www.youtube.com\/@TemplateToaster\"]}]}<\/script>\n<!-- \/ Yoast SEO plugin. -->","yoast_head_json":{"title":"Editor de Bootstrap - TemplateToaster","description":"Cree sitios web y plantillas basados en Bootstrap sin saber codigo con el software TemplateToaster","robots":{"index":"index","follow":"follow","max-snippet":"max-snippet:-1","max-image-preview":"max-image-preview:large","max-video-preview":"max-video-preview:-1"},"canonical":"https:\/\/templatetoaster.com\/es\/bootstrap","og_locale":"es_ES","og_type":"article","og_title":"Editor de Bootstrap - TemplateToaster","og_description":"Cree sitios web y plantillas basados en Bootstrap sin saber codigo con el software TemplateToaster","og_url":"https:\/\/templatetoaster.com\/es\/bootstrap","og_site_name":"TemplateToaster","article_publisher":"https:\/\/www.facebook.com\/TemplateToaster","article_modified_time":"2020-11-19T07:28:25+00:00","og_image":[{"url":"https:\/\/templatetoaster.com\/wp-content\/uploads\/2019\/10\/bootstrap-website-builder.jpg"}],"twitter_card":"summary_large_image","twitter_site":"@templatetoaster","twitter_misc":{"Tiempo de lectura":"5 minutos"},"schema":{"@context":"https:\/\/schema.org","@graph":[{"@type":"WebPage","@id":"https:\/\/templatetoaster.com\/es\/bootstrap","url":"https:\/\/templatetoaster.com\/es\/bootstrap","name":"Editor de Bootstrap - TemplateToaster","isPartOf":{"@id":"https:\/\/templatetoaster.com\/#website"},"primaryImageOfPage":{"@id":"https:\/\/templatetoaster.com\/es\/bootstrap#primaryimage"},"image":{"@id":"https:\/\/templatetoaster.com\/es\/bootstrap#primaryimage"},"thumbnailUrl":"https:\/\/templatetoaster.com\/wp-content\/uploads\/2019\/10\/bootstrap-website-builder.jpg","datePublished":"2018-04-05T07:11:26+00:00","dateModified":"2020-11-19T07:28:25+00:00","description":"Cree sitios web y plantillas basados en Bootstrap sin saber codigo con el software TemplateToaster","breadcrumb":{"@id":"https:\/\/templatetoaster.com\/es\/bootstrap#breadcrumb"},"inLanguage":"es","potentialAction":[{"@type":"ReadAction","target":["https:\/\/templatetoaster.com\/es\/bootstrap"]}]},{"@type":"ImageObject","inLanguage":"es","@id":"https:\/\/templatetoaster.com\/es\/bootstrap#primaryimage","url":"https:\/\/templatetoaster.com\/wp-content\/uploads\/2019\/10\/bootstrap-website-builder.jpg","contentUrl":"https:\/\/templatetoaster.com\/wp-content\/uploads\/2019\/10\/bootstrap-website-builder.jpg"},{"@type":"BreadcrumbList","@id":"https:\/\/templatetoaster.com\/es\/bootstrap#breadcrumb","itemListElement":[{"@type":"ListItem","position":1,"name":"Home","item":"https:\/\/templatetoaster.com\/es"},{"@type":"ListItem","position":2,"name":"Editor de Bootstrap"}]},{"@type":"WebSite","@id":"https:\/\/templatetoaster.com\/#website","url":"https:\/\/templatetoaster.com\/","name":"TemplateToaster","description":"","publisher":{"@id":"https:\/\/templatetoaster.com\/#organization"},"inLanguage":"es"},{"@type":"Organization","@id":"https:\/\/templatetoaster.com\/#organization","name":"TemplateToaster","url":"https:\/\/templatetoaster.com\/","logo":{"@type":"ImageObject","inLanguage":"es","@id":"https:\/\/templatetoaster.com\/#\/schema\/logo\/image\/","url":"https:\/\/templatetoaster.com\/wp-content\/uploads\/2019\/11\/TemplateToaster_Logo.jpg","contentUrl":"https:\/\/templatetoaster.com\/wp-content\/uploads\/2019\/11\/TemplateToaster_Logo.jpg","width":85,"height":85,"caption":"TemplateToaster"},"image":{"@id":"https:\/\/templatetoaster.com\/#\/schema\/logo\/image\/"},"sameAs":["https:\/\/www.facebook.com\/TemplateToaster","https:\/\/x.com\/templatetoaster","https:\/\/www.instagram.com\/templatetoaster\/","https:\/\/www.linkedin.com\/company\/templatetoaster\/","https:\/\/www.pinterest.com\/templatetoaster\/","https:\/\/www.youtube.com\/@TemplateToaster"]}]}},"_links":{"self":[{"href":"https:\/\/templatetoaster.com\/es\/wp-json\/wp\/v2\/pages\/3690"}],"collection":[{"href":"https:\/\/templatetoaster.com\/es\/wp-json\/wp\/v2\/pages"}],"about":[{"href":"https:\/\/templatetoaster.com\/es\/wp-json\/wp\/v2\/types\/page"}],"author":[{"embeddable":true,"href":"https:\/\/templatetoaster.com\/es\/wp-json\/wp\/v2\/users\/1"}],"replies":[{"embeddable":true,"href":"https:\/\/templatetoaster.com\/es\/wp-json\/wp\/v2\/comments?post=3690"}],"version-history":[{"count":5,"href":"https:\/\/templatetoaster.com\/es\/wp-json\/wp\/v2\/pages\/3690\/revisions"}],"predecessor-version":[{"id":75405,"href":"https:\/\/templatetoaster.com\/es\/wp-json\/wp\/v2\/pages\/3690\/revisions\/75405"}],"wp:attachment":[{"href":"https:\/\/templatetoaster.com\/es\/wp-json\/wp\/v2\/media?parent=3690"}],"curies":[{"name":"wp","href":"https:\/\/api.w.org\/{rel}","templated":true}]}}