{"id":3667,"date":"2018-04-05T05:23:22","date_gmt":"2018-04-05T05:23:22","guid":{"rendered":"http:\/\/templatetoaster.com?page_id=3667"},"modified":"2020-11-19T09:07:43","modified_gmt":"2020-11-19T09:07:43","slug":"blogger-template-creator","status":"publish","type":"page","link":"https:\/\/templatetoaster.com\/es\/blogger-template-creator","title":{"rendered":"Creador de plantillas de Blogger"},"content":{"rendered":"<div class=\"section1 wp-theme-generator\">\n<div style=\"margin: 115px 0 16px\">\n<h1>Un creador de plantillas de Blogger<\/h1>\n<p class=\"text-center\">Dele un nuevo dise\u00f1o a su sitio web de Blogger. Las plantillas de dise\u00f1o le permitir\u00e1n hacerlas sin tener conocimientos de c\u00f3digo<\/p>\n<div style=\"text-align: center\"><a class=\"btn download_btn\" href=\"https:\/\/templatetoaster.com\/es\/download\">Descargue ahora<\/a><\/div>\n<div class=\"clearfix\"><\/div>\n<\/div>\n<\/div>\n<p><!--- What is TemplateToaster Section --><\/p>\n<div class=\"section2 wp-theme-generator\">\n<div class=\"section2-inner\">\n<h2>\u00bfPor qu\u00e9 utilizar TemplateToaster para crear plantillas de Blogger?<\/h2>\n<p>Dise\u00f1e las mejores plantillas para su sitio de Blogger con una interfaz f\u00e1cil de usar \u00fanicamente con TemplateToaster. De un aspecto totalmente nuevo y m\u00e1s atractivo sin necesidad de aprender c\u00f3digo<\/p>\n<p>&nbsp;<\/p>\n<\/div>\n<\/div>\n<p><!--- section 3 starts --><\/p>\n<div class=\"section3 wp-theme-generator\">\n<div class=\"section3-inner\">\n<h2>\u00bfC\u00f3mo funciona?<\/h2>\n<div class=\"row\">\n<div class=\"col-lg-4 col-md-4 col-sm-6 col-xs-12\">\n<div class=\"media\">\n<div class=\"landing_page_svg download\"><\/div>\n<h3 class=\"text-center\">Descargue TemplateToaster. \u00a1Comience!<\/h3>\n<p class=\"text-center\">\u00a1Instale el software en cuesti\u00f3n de minutos! Pruebelo de forma gratuita por tiempo ilimitado teniendo acceso a todas las funcionalidades. \u00a1Comience dise\u00f1ando algo bello hoy!<\/p>\n<\/div>\n<\/div>\n<div class=\"clearfix visible-xs-block\"><\/div>\n<div class=\"col-lg-4 col-md-4 col-sm-6 col-xs-12\">\n<div class=\"media\">\n<div class=\"landing_page_svg build-wp-theme\"><\/div>\n<h3 class=\"text-center\">Para a\u00f1adir estilos. \u00a1Solo tiene que arrastrar y soltar!<\/h3>\n<p class=\"text-center\">\u00a1Elija entre una gran cantidad de plantillas de muestra y modifiquelas para que se adapte a sus necesidades! \u00a1O empiece desde cero\u00a0 dise\u00f1ando el blog! El uso es muy sencillo \u00a1S\u00f3lo tienes que arrastrar &amp; soltar!<\/p>\n<\/div>\n<\/div>\n<div class=\"clearfix visible-sm-block visible-xs-block\"><\/div>\n<div class=\"col-lg-4 col-md-4 col-sm-6 col-xs-12\">\n<div class=\"media\">\n<div class=\"landing_page_svg export-upload\"><\/div>\n<h3 class=\"text-center\">Exporte su plantilla<\/h3>\n<p class=\"text-center\">\u00a1Cuando ya este finalmente satisfecho con los cambios en\u00a0 del dise\u00f1o de la plantilla, es el momento de exportar e instalar el nuevo tema a su sitio Blogger.<\/p>\n<\/div>\n<\/div>\n<div class=\"clearfix visible-lg-block visible-md-block visible-sm-block visible-xs-block\"><\/div>\n<\/div>\n<\/div>\n<\/div>\n<div class=\"section4 wp-theme-generator\">\n<h2 style=\"text-transform: none\">Caracter\u00edsticas de TemplateToaster\u00a0 para crear plantillas de Blogger<\/h2>\n<p class=\"section4-paragraph\">Eche un vistazo a lo que este potente software tiene que ofrecer<\/p>\n<div class=\"row\">\n<div class=\"col-md-4 col-sm-6 col-sx-12\">\n<div style=\"padding: 20px\">\n<div class=\"text-center\">\n<div class=\"wp_feature landing_page_svg custom-layout\"><\/div>\n<\/div>\n<h3 style=\"margin: 20px 0 10px;text-align: center\">Opciones de dise\u00f1o de p\u00e1gina<\/h3>\n<p class=\"text-center\">Dise\u00f1e la p\u00e1gina pudiendo personalizar ente 1,2 o 3 columnas. O bien una sola comuna y una barra lateral. Podra adem\u00e1s a\u00f1adir una imagen de fondo, cambiar la fuente y el colo<\/p>\n<\/div>\n<\/div>\n<div class=\"col-lg-4 col-md-4 col-sm-6 col-sx-12\">\n<div style=\"padding: 20px\">\n<h3 style=\"margin: 20px 0px 10px;text-align: center\">Elije un logotipo y posiciona tu blog<\/h3>\n<p style=\"margin: 20px 0px 10px;text-align: center\">\u00bfQuieres mejorar o hacer conocido\u00a0 su sitio web de Blogger? Es imprescindible colocar un logotipo de su marca \/ servicios para la credibilidad y la autenticidad de su sitio web. Con este software, se puede colocar el logo en la barra de men\u00fas o el encabezado . Elija entre estas posiciones y ponerlo donde consideren apropiado.<\/p>\n<\/div>\n<\/div>\n<div class=\"clearfix visible-sm-block visible-xs-block\"><\/div>\n<div class=\"col-md-4 col-sm-6 col-sx-12\">\n<div style=\"padding: 20px\">\n<div class=\"text-center\">\n<div class=\"wp_feature landing_page_svg bootstrap-compatibility\"><\/div>\n<\/div>\n<h3 style=\"margin: 20px 0 10px;text-align: center\">Plantillas basadas en\u00a0 Bootstrap<\/h3>\n<p class=\"text-center\">Las plantillas de Blogger dise\u00f1adas con TemplateToaster se basan en Bootstrap que es el\u00a0 m\u00e1s popular para poder crear tanto webs como blogs responsivos.<\/p>\n<p class=\"text-center\">Actualmente, TemplateToaster utiliza la \u00faltima versi\u00f3n de Bootstrap (V.3.3.7). \u00a1Nos esforzamos para mantenernos al d\u00eda con las \u00faltimas actualizaciones, siempre!<\/p>\n<\/div>\n<\/div>\n<div class=\"clearfix visible-lg-block visible-md-block visible-xs-block\"><\/div>\n<div class=\"col-md-4 col-sm-6 col-sx-12\">\n<div style=\"padding: 20px\">\n<div class=\"text-center\">\n<div class=\"wp_feature landing_page_svg styling-metadata\"><\/div>\n<\/div>\n<h3 style=\"margin: 20px 0 10px;text-align: center\">\u00a0Estilice los metadatos<\/h3>\n<p class=\"text-center\">Haga que sea f\u00e1cil para los visitantes del sitio web\u00a0 localizar o hacer clic en enlaces y echar un vistazo a los contenidos metadat0s, la fuente, los colores, sombras y mucho m\u00e1s<\/p>\n<\/div>\n<\/div>\n<div class=\"col-lg-4 col-md-4 col-sm-6 col-sx-12\">\n<div style=\"padding: 20px\">\n<h3 style=\"margin: 20px 0 10px;text-align: center\">Iconos de Medios de Comunicaci\u00f3n Social<\/h3>\n<p class=\"text-center\">Piense en un sitio web sin enlaces de medios sociales. A\u00f1adir iconos de redes sociales se puede hacer en forma simple, ya sea en el encabezado o en el pie de p\u00e1gina de la p\u00e1gina \/ plantilla o ambos de su sitio web utilizando TemplateToaster. \u00a1Esto le permitir\u00e1 convertir a los visitantes del sitio en seguidores en un segundo!<\/p>\n<\/div>\n<\/div>\n<div class=\"clearfix visible-xs-block\"><\/div>\n<div class=\"col-md-4 col-sm-6 col-sx-12\">\n<div style=\"padding: 20px\">\n<div class=\"text-center\">\n<div class=\"wp_feature landing_page_svg responsive-web-design\"><\/div>\n<\/div>\n<h3 style=\"margin: 20px 0 10px;text-align: center\">Dise\u00f1o Web responsivo<\/h3>\n<p class=\"text-center\">\u00a1Las plantillas de Blogger dise\u00f1adas con el software TemplateToaster son totalmente responsivas! Esto le permitir\u00e1 que el contenido pueda verse en dispositivos m\u00f3viles y en tabletas, lo cual es importante para acceder a mas usuarios.<\/p>\n<\/div>\n<\/div>\n<div class=\"clearfix visible-lg-block visible-md-block visible-sm-block visible-xs-block\"><\/div>\n<\/div>\n<\/div>\n<p><!--Section Features with WP--><\/p>\n<div class=\"section5 wp-theme-generator\" style=\"padding: 70px 10px;margin-bottom: 2px\">\n<div style=\"margin: 40px 0px 20px\">\n<h2 style=\"margin-bottom: 65px;text-transform: none\">Principales caracter\u00edsticas del TemplateToaster<\/h2>\n<div class=\"feature_with_wp row\">\n<div class=\"col-lg-4 col-md-4 col-sm-4 col-xs-6\">\n<div class=\"feature_wpimg\"><img decoding=\"async\" class=\"img-responsive\" src=\"https:\/\/templatetoaster.com\/wp-content\/uploads\/2017\/04\/multiple-language.png\" alt=\"Soporte para m\u00faltiples idiomas\" \/><\/div>\n<\/div>\n<div class=\"col-lg-4 col-md-4 col-sm-4 col-xs-6\">\n<div class=\"feature_wpimg\"><img decoding=\"async\" class=\"img-responsive\" src=\"https:\/\/templatetoaster.com\/wp-content\/uploads\/2017\/04\/mobile-optimization.png\" alt=\"Optimizaci\u00f3n m\u00f3vil\" \/><\/div>\n<\/div>\n<div class=\"clearfix visible-xs-block\"><\/div>\n<div class=\"col-lg-4 col-md-4 col-sm-4 col-xs-6\">\n<div class=\"feature_wpimg\"><img decoding=\"async\" class=\"img-responsive\" src=\"https:\/\/templatetoaster.com\/wp-content\/uploads\/2017\/04\/drag-drop.png\" alt=\"Arrastrar y soltar\" \/><\/div>\n<\/div>\n<div class=\"clearfix visible-lg-block visible-md-block visible-sm-block\"><\/div>\n<div class=\"col-lg-4 col-md-4 col-sm-4 col-xs-6\">\n<div class=\"feature_wpimg\"><img decoding=\"async\" class=\"img-responsive\" src=\"https:\/\/templatetoaster.com\/wp-content\/uploads\/2017\/04\/demo-templats.png\" alt=\"temas de demostraci\u00f3n\" \/><\/div>\n<\/div>\n<div class=\"clearfix visible-xs-block\"><\/div>\n<div class=\"col-lg-4 col-md-4 col-sm-4 col-xs-6\">\n<div class=\"feature_wpimg\"><img decoding=\"async\" class=\"img-responsive\" src=\"https:\/\/templatetoaster.com\/wp-content\/uploads\/2017\/04\/mega-menu.png\" alt=\"Men\u00fa Mega\" \/><\/div>\n<\/div>\n<div class=\"col-lg-4 col-md-4 col-sm-4 col-xs-6\">\n<div class=\"feature_wpimg\"><img decoding=\"async\" class=\"img-responsive\" src=\"https:\/\/templatetoaster.com\/wp-content\/uploads\/2017\/04\/right-to-left.png\" alt=\"De derecha a izquierda\" \/><\/div>\n<\/div>\n<div class=\"clearfix visible-lg-block visible-md-block visible-sm-block visible-xs-block\"><\/div>\n<div class=\"col-lg-4 col-md-4 col-sm-4 col-xs-6\">\n<div class=\"feature_wpimg\"><img decoding=\"async\" class=\"img-responsive\" src=\"https:\/\/templatetoaster.com\/wp-content\/uploads\/2017\/04\/amazing-slideshow.png\" alt=\"Presentaci\u00f3n incre\u00edble\" \/><\/div>\n<\/div>\n<div class=\"col-lg-4 col-md-4 col-sm-4 col-xs-6\">\n<div class=\"feature_wpimg\"><img decoding=\"async\" class=\"img-responsive\" src=\"https:\/\/templatetoaster.com\/wp-content\/uploads\/2017\/04\/zero-coding.png\" alt=\"Codificaci\u00f3n cero\" \/><\/div>\n<\/div>\n<div class=\"clearfix visible-xs-block\"><\/div>\n<div class=\"col-lg-4 col-md-4 col-sm-4 col-xs-6\">\n<div class=\"feature_wpimg\"><img decoding=\"async\" class=\"img-responsive\" src=\"https:\/\/templatetoaster.com\/wp-content\/uploads\/2017\/04\/custom-css.png\" alt=\"Custom CSS, JS y PHP\" \/><\/div>\n<\/div>\n<div class=\"clearfix visible-lg-block visible-md-block visible-sm-block visible-xs-block\"><\/div>\n<\/div>\n<\/div>\n<\/div>\n<p><!--Section Gallery--><\/p>\n<div class=\"section7 wp-theme-generator\" style=\"padding: 100px 10px;background-color: #f1f4f8;margin-bottom: 2px\">\n<h2 style=\"text-transform: none\">Nuestros est\u00e1ndares<\/h2>\n<div class=\"row\">\n<div class=\"col-lg-4 col-md-4 col-sm-6 col-xs-12\">\n<div style=\"padding: 20px\">\n<div class=\"text-center\">\n<div class=\"wp_feature landing_page_svg w3c-validation\"><\/div>\n<\/div>\n<p style=\"font-weight: 400\"><strong>Validaci\u00f3n W3C<\/strong><\/p>\n<p style=\"font-weight: 400\">Debido al cumplimiento de las Normas Internacionales y la validaci\u00f3n W3C, las plantillas de blogger creadas con este software se integran perfectamente con los principales navegadores web.<\/p>\n<p class=\"text-center\">\n<\/div>\n<\/div>\n<div class=\"clearfix visible-xs-block\"><\/div>\n<div class=\"col-lg-4 col-md-4 col-sm-6 col-xs-12\">\n<div style=\"padding: 20px\">\n<div class=\"text-center\">\n<div class=\"wp_feature landing_page_svg theme-check-plugin-pass\">\n<p style=\"font-weight: 400\"><strong>Est\u00e1ndares HTML5 y CSS3<\/strong><\/p>\n<p style=\"font-weight: 400\">Cumple con los \u00faltimos est\u00e1ndares HTML5 y CSS3. \u00a1Debido a este hecho, un sitio web\u00a0 atractivo, con variedad de caracter\u00edsticas, y din\u00e1mico se crea en cuesti\u00f3n de minutos!<\/p>\n<p style=\"font-weight: 400\">\n<\/div>\n<\/div>\n<p class=\"text-center\">\n<\/div>\n<\/div>\n<div class=\"clearfix visible-sm-block visible-xs-block\"><\/div>\n<div class=\"col-lg-4 col-md-4 col-sm-6 col-xs-12\">\n<div style=\"padding: 20px\">\n<div class=\"text-center\">\n<div class=\"wp_feature landing_page_svg page-speed\"><\/div>\n<\/div>\n<p style=\"font-weight: 400\"><strong>Velocidad Turbo<\/strong><\/p>\n<p style=\"font-weight: 400\">Al no haber\u00a0 divs pesados\u00a0 y c\u00f3digos de estilo utilizados en la plantilla de Blogger, la velocidad de carga de la p\u00e1gina es extremadamente r\u00e1pida. \u00a1La velocidad de carga r\u00e1pida equivale a m\u00e1s visibilidad y, por lo tanto, adem\u00e1s de m\u00e1s audiencia!<\/p>\n<p style=\"font-weight: 400\">\n<\/div>\n<\/div>\n<div class=\"clearfix visible-lg-block visible-md-block visible-xs-block\"><\/div>\n<\/div>\n<\/div>\n<p><!--- section 6 starts --><\/p>\n<div class=\"section6 wp-theme-generator\" style=\"padding: 50px 10px\">\n<div style=\"margin: 70px 0px 20px\">\n<h2>Compatible con los principales Gestores de Contenido<\/h2>\n<div class=\"section-center\" style=\"padding-bottom: 50px\">\n<div class=\"main-cms-section\">\n<div class=\"cms-section\">\n<div class=\"text-center\">\n<div class=\"wp_feature landing_page_svg blogger\"><\/div>\n<\/div>\n<\/div>\n<\/div>\n<div class=\"other-cms-section\">\n<div class=\"cms-section\">\n<div class=\"text-center\">\n<div class=\"wp_feature landing_page_svg wordpress\"><\/div>\n<\/div>\n<\/div>\n<div class=\"cms-section\">\n<div class=\"text-center\">\n<div class=\"wp_feature landing_page_svg drupal\"><\/div>\n<\/div>\n<\/div>\n<div class=\"cms-section\">\n<div class=\"text-center\">\n<div class=\"wp_feature landing_page_svg virtuemart\"><\/div>\n<\/div>\n<\/div>\n<div class=\"cms-section\">\n<div class=\"text-center\">\n<div class=\"wp_feature landing_page_svg joomla\"><\/div>\n<\/div>\n<\/div>\n<div class=\"cms-section\">\n<div class=\"text-center\">\n<div class=\"wp_feature landing_page_svg magento\"><\/div>\n<\/div>\n<\/div>\n<div class=\"cms-section\">\n<div class=\"text-center\">\n<div class=\"wp_feature landing_page_svg prestashop\"><\/div>\n<\/div>\n<\/div>\n<div class=\"cms-section\">\n<div class=\"text-center\">\n<div class=\"wp_feature landing_page_svg opencart\"><\/div>\n<\/div>\n<\/div>\n<div class=\"cms-section\">\n<div class=\"text-center\">\n<div class=\"wp_feature landing_page_svg woocommerce\"><\/div>\n<\/div>\n<\/div>\n<div class=\"cms-section\">\n<div class=\"text-center\">\n<div class=\"wp_feature landing_page_svg html\"><\/div>\n<\/div>\n<\/div>\n<\/div>\n<\/div>\n<div style=\"text-align: center;margin-top: 30px\"><a class=\"btn download_btn\" href=\"https:\/\/templatetoaster.com\/es\/download\">Descargar ahora<\/a><\/div>\n<\/div>\n<\/div>\n","protected":false},"excerpt":{"rendered":"<p>Un creador de plantillas de Blogger Dele un nuevo dise\u00f1o a su sitio web de Blogger. Las plantillas de dise\u00f1o le permitir\u00e1n hacerlas sin tener conocimientos de c\u00f3digo Descargue ahora \u00bfPor qu\u00e9 utilizar TemplateToaster para crear plantillas de Blogger? Dise\u00f1e &hellip; <a href=\"https:\/\/templatetoaster.com\/es\/blogger-template-creator\">Continue Reading<span class=\"meta-nav\">&rarr;<\/span><\/a><\/p>\n","protected":false},"author":1,"featured_media":0,"parent":0,"menu_order":0,"comment_status":"closed","ping_status":"closed","template":"","meta":{"footnotes":""},"yoast_head":"<!-- This site is optimized with the Yoast SEO plugin v23.5 - https:\/\/yoast.com\/wordpress\/plugins\/seo\/ -->\n<title>Mejor software de creaci\u00f3n de plantillas de Blogger<\/title>\n<meta name=\"description\" content=\"Dise\u00f1a tus plantillas de Blogger r\u00e1pidamente con TemplateToaste\" \/>\n<meta name=\"robots\" content=\"index, follow, max-snippet:-1, max-image-preview:large, max-video-preview:-1\" \/>\n<link rel=\"canonical\" href=\"https:\/\/templatetoaster.com\/es\/blogger-template-creator\" \/>\n<meta property=\"og:locale\" content=\"es_ES\" \/>\n<meta property=\"og:type\" content=\"article\" \/>\n<meta property=\"og:title\" content=\"Mejor software de creaci\u00f3n de plantillas de Blogger\" \/>\n<meta property=\"og:description\" content=\"Dise\u00f1a tus plantillas de Blogger r\u00e1pidamente con TemplateToaste\" \/>\n<meta property=\"og:url\" content=\"https:\/\/templatetoaster.com\/es\/blogger-template-creator\" \/>\n<meta property=\"og:site_name\" content=\"TemplateToaster\" \/>\n<meta property=\"article:publisher\" content=\"https:\/\/www.facebook.com\/TemplateToaster\" \/>\n<meta property=\"article:modified_time\" content=\"2020-11-19T09:07:43+00:00\" \/>\n<meta property=\"og:image\" content=\"https:\/\/templatetoaster.com\/wp-content\/uploads\/2017\/04\/multiple-language.png\" \/>\n<meta name=\"twitter:card\" content=\"summary_large_image\" \/>\n<meta name=\"twitter:site\" content=\"@templatetoaster\" \/>\n<meta name=\"twitter:label1\" content=\"Tiempo de lectura\" \/>\n\t<meta name=\"twitter:data1\" content=\"3 minutos\" \/>\n<script type=\"application\/ld+json\" class=\"yoast-schema-graph\">{\"@context\":\"https:\/\/schema.org\",\"@graph\":[{\"@type\":\"WebPage\",\"@id\":\"https:\/\/templatetoaster.com\/es\/blogger-template-creator\",\"url\":\"https:\/\/templatetoaster.com\/es\/blogger-template-creator\",\"name\":\"Mejor software de creaci\u00f3n de plantillas de Blogger\",\"isPartOf\":{\"@id\":\"https:\/\/templatetoaster.com\/#website\"},\"primaryImageOfPage\":{\"@id\":\"https:\/\/templatetoaster.com\/es\/blogger-template-creator#primaryimage\"},\"image\":{\"@id\":\"https:\/\/templatetoaster.com\/es\/blogger-template-creator#primaryimage\"},\"thumbnailUrl\":\"https:\/\/templatetoaster.com\/wp-content\/uploads\/2017\/04\/multiple-language.png\",\"datePublished\":\"2018-04-05T05:23:22+00:00\",\"dateModified\":\"2020-11-19T09:07:43+00:00\",\"description\":\"Dise\u00f1a tus plantillas de Blogger r\u00e1pidamente con TemplateToaste\",\"breadcrumb\":{\"@id\":\"https:\/\/templatetoaster.com\/es\/blogger-template-creator#breadcrumb\"},\"inLanguage\":\"es\",\"potentialAction\":[{\"@type\":\"ReadAction\",\"target\":[\"https:\/\/templatetoaster.com\/es\/blogger-template-creator\"]}]},{\"@type\":\"ImageObject\",\"inLanguage\":\"es\",\"@id\":\"https:\/\/templatetoaster.com\/es\/blogger-template-creator#primaryimage\",\"url\":\"https:\/\/templatetoaster.com\/wp-content\/uploads\/2017\/04\/multiple-language.png\",\"contentUrl\":\"https:\/\/templatetoaster.com\/wp-content\/uploads\/2017\/04\/multiple-language.png\"},{\"@type\":\"BreadcrumbList\",\"@id\":\"https:\/\/templatetoaster.com\/es\/blogger-template-creator#breadcrumb\",\"itemListElement\":[{\"@type\":\"ListItem\",\"position\":1,\"name\":\"Home\",\"item\":\"https:\/\/templatetoaster.com\/es\"},{\"@type\":\"ListItem\",\"position\":2,\"name\":\"Creador de plantillas de Blogger\"}]},{\"@type\":\"WebSite\",\"@id\":\"https:\/\/templatetoaster.com\/#website\",\"url\":\"https:\/\/templatetoaster.com\/\",\"name\":\"TemplateToaster\",\"description\":\"\",\"publisher\":{\"@id\":\"https:\/\/templatetoaster.com\/#organization\"},\"inLanguage\":\"es\"},{\"@type\":\"Organization\",\"@id\":\"https:\/\/templatetoaster.com\/#organization\",\"name\":\"TemplateToaster\",\"url\":\"https:\/\/templatetoaster.com\/\",\"logo\":{\"@type\":\"ImageObject\",\"inLanguage\":\"es\",\"@id\":\"https:\/\/templatetoaster.com\/#\/schema\/logo\/image\/\",\"url\":\"https:\/\/templatetoaster.com\/wp-content\/uploads\/2019\/11\/TemplateToaster_Logo.jpg\",\"contentUrl\":\"https:\/\/templatetoaster.com\/wp-content\/uploads\/2019\/11\/TemplateToaster_Logo.jpg\",\"width\":85,\"height\":85,\"caption\":\"TemplateToaster\"},\"image\":{\"@id\":\"https:\/\/templatetoaster.com\/#\/schema\/logo\/image\/\"},\"sameAs\":[\"https:\/\/www.facebook.com\/TemplateToaster\",\"https:\/\/x.com\/templatetoaster\",\"https:\/\/www.instagram.com\/templatetoaster\/\",\"https:\/\/www.linkedin.com\/company\/templatetoaster\/\",\"https:\/\/www.pinterest.com\/templatetoaster\/\",\"https:\/\/www.youtube.com\/@TemplateToaster\"]}]}<\/script>\n<!-- \/ Yoast SEO plugin. -->","yoast_head_json":{"title":"Mejor software de creaci\u00f3n de plantillas de Blogger","description":"Dise\u00f1a tus plantillas de Blogger r\u00e1pidamente con TemplateToaste","robots":{"index":"index","follow":"follow","max-snippet":"max-snippet:-1","max-image-preview":"max-image-preview:large","max-video-preview":"max-video-preview:-1"},"canonical":"https:\/\/templatetoaster.com\/es\/blogger-template-creator","og_locale":"es_ES","og_type":"article","og_title":"Mejor software de creaci\u00f3n de plantillas de Blogger","og_description":"Dise\u00f1a tus plantillas de Blogger r\u00e1pidamente con TemplateToaste","og_url":"https:\/\/templatetoaster.com\/es\/blogger-template-creator","og_site_name":"TemplateToaster","article_publisher":"https:\/\/www.facebook.com\/TemplateToaster","article_modified_time":"2020-11-19T09:07:43+00:00","og_image":[{"url":"https:\/\/templatetoaster.com\/wp-content\/uploads\/2017\/04\/multiple-language.png"}],"twitter_card":"summary_large_image","twitter_site":"@templatetoaster","twitter_misc":{"Tiempo de lectura":"3 minutos"},"schema":{"@context":"https:\/\/schema.org","@graph":[{"@type":"WebPage","@id":"https:\/\/templatetoaster.com\/es\/blogger-template-creator","url":"https:\/\/templatetoaster.com\/es\/blogger-template-creator","name":"Mejor software de creaci\u00f3n de plantillas de Blogger","isPartOf":{"@id":"https:\/\/templatetoaster.com\/#website"},"primaryImageOfPage":{"@id":"https:\/\/templatetoaster.com\/es\/blogger-template-creator#primaryimage"},"image":{"@id":"https:\/\/templatetoaster.com\/es\/blogger-template-creator#primaryimage"},"thumbnailUrl":"https:\/\/templatetoaster.com\/wp-content\/uploads\/2017\/04\/multiple-language.png","datePublished":"2018-04-05T05:23:22+00:00","dateModified":"2020-11-19T09:07:43+00:00","description":"Dise\u00f1a tus plantillas de Blogger r\u00e1pidamente con TemplateToaste","breadcrumb":{"@id":"https:\/\/templatetoaster.com\/es\/blogger-template-creator#breadcrumb"},"inLanguage":"es","potentialAction":[{"@type":"ReadAction","target":["https:\/\/templatetoaster.com\/es\/blogger-template-creator"]}]},{"@type":"ImageObject","inLanguage":"es","@id":"https:\/\/templatetoaster.com\/es\/blogger-template-creator#primaryimage","url":"https:\/\/templatetoaster.com\/wp-content\/uploads\/2017\/04\/multiple-language.png","contentUrl":"https:\/\/templatetoaster.com\/wp-content\/uploads\/2017\/04\/multiple-language.png"},{"@type":"BreadcrumbList","@id":"https:\/\/templatetoaster.com\/es\/blogger-template-creator#breadcrumb","itemListElement":[{"@type":"ListItem","position":1,"name":"Home","item":"https:\/\/templatetoaster.com\/es"},{"@type":"ListItem","position":2,"name":"Creador de plantillas de Blogger"}]},{"@type":"WebSite","@id":"https:\/\/templatetoaster.com\/#website","url":"https:\/\/templatetoaster.com\/","name":"TemplateToaster","description":"","publisher":{"@id":"https:\/\/templatetoaster.com\/#organization"},"inLanguage":"es"},{"@type":"Organization","@id":"https:\/\/templatetoaster.com\/#organization","name":"TemplateToaster","url":"https:\/\/templatetoaster.com\/","logo":{"@type":"ImageObject","inLanguage":"es","@id":"https:\/\/templatetoaster.com\/#\/schema\/logo\/image\/","url":"https:\/\/templatetoaster.com\/wp-content\/uploads\/2019\/11\/TemplateToaster_Logo.jpg","contentUrl":"https:\/\/templatetoaster.com\/wp-content\/uploads\/2019\/11\/TemplateToaster_Logo.jpg","width":85,"height":85,"caption":"TemplateToaster"},"image":{"@id":"https:\/\/templatetoaster.com\/#\/schema\/logo\/image\/"},"sameAs":["https:\/\/www.facebook.com\/TemplateToaster","https:\/\/x.com\/templatetoaster","https:\/\/www.instagram.com\/templatetoaster\/","https:\/\/www.linkedin.com\/company\/templatetoaster\/","https:\/\/www.pinterest.com\/templatetoaster\/","https:\/\/www.youtube.com\/@TemplateToaster"]}]}},"_links":{"self":[{"href":"https:\/\/templatetoaster.com\/es\/wp-json\/wp\/v2\/pages\/3667"}],"collection":[{"href":"https:\/\/templatetoaster.com\/es\/wp-json\/wp\/v2\/pages"}],"about":[{"href":"https:\/\/templatetoaster.com\/es\/wp-json\/wp\/v2\/types\/page"}],"author":[{"embeddable":true,"href":"https:\/\/templatetoaster.com\/es\/wp-json\/wp\/v2\/users\/1"}],"replies":[{"embeddable":true,"href":"https:\/\/templatetoaster.com\/es\/wp-json\/wp\/v2\/comments?post=3667"}],"version-history":[{"count":5,"href":"https:\/\/templatetoaster.com\/es\/wp-json\/wp\/v2\/pages\/3667\/revisions"}],"predecessor-version":[{"id":75413,"href":"https:\/\/templatetoaster.com\/es\/wp-json\/wp\/v2\/pages\/3667\/revisions\/75413"}],"wp:attachment":[{"href":"https:\/\/templatetoaster.com\/es\/wp-json\/wp\/v2\/media?parent=3667"}],"curies":[{"name":"wp","href":"https:\/\/api.w.org\/{rel}","templated":true}]}}