{"id":3640,"date":"2018-04-04T16:29:52","date_gmt":"2018-04-04T16:29:52","guid":{"rendered":"http:\/\/templatetoaster.com?page_id=3640"},"modified":"2020-11-19T08:26:03","modified_gmt":"2020-11-19T08:26:03","slug":"crear-una-pagina-web-en-html","status":"publish","type":"page","link":"https:\/\/templatetoaster.com\/es\/crear-una-pagina-web-en-html","title":{"rendered":"Cree una pagina web en html con el dise\u00f1ador de TemplateToaster"},"content":{"rendered":"<div class=\"section1 wp-theme-generator\">\n<div style=\"margin: 115px 0 16px\">\n<h1>Creador de p\u00e1ginas web HTML<\/h1>\n<p class=\"text-center\">No se limite a dise\u00f1ar plantillas, puede dise\u00f1ar p\u00e1ginas web html, sin necesidad de saber c\u00f3digo<\/p>\n<p>&nbsp;<\/p>\n<div style=\"text-align: center\"><a class=\"btn download_btn\" href=\"https:\/\/templatetoaster.com\/es\/download\">Descargue ahora<\/a><\/div>\n<div class=\"clearfix\"><\/div>\n<\/div>\n<\/div>\n<p><!--- What is TemplateToaster Section --><\/p>\n<div class=\"section2 wp-theme-generator\">\n<div class=\"section2-inner\">\n<h2>\u00bfPor qu\u00e9 utilizar TemplateToaster para hacer una p\u00e1gina web en html?<\/h2>\n<p>Dise\u00f1e hermosas p\u00e1ginas web en HTML en minutos, podr\u00e1 dise\u00f1ar un sitio completo en poco tiempo. \u00a1No es necesario que sepa de c\u00f3digo&#8217;<\/p>\n<h3><\/h3>\n<\/div>\n<\/div>\n<p><!--- section 3 starts --><\/p>\n<div class=\"section3 wp-theme-generator\">\n<div class=\"section3-inner\">\n<h2>\u00bfC\u00f3mo hacer una p\u00e1gina web\u00a0 HTML con Templatetoaster?<\/h2>\n<div class=\"row\">\n<div class=\"col-lg-4 col-md-4 col-sm-6 col-xs-12\">\n<div class=\"media\">\n<div class=\"landing_page_svg download\"><\/div>\n<h3 class=\"text-center\">\u00a1Comencemos la realizaci\u00f3n de p\u00e1ginas web en html en 1-2-3!<\/h3>\n<p>Pruebe el acceso gratuito a todas las funciones luego de instalar TemplateToaster. Podr\u00e1 crear algo incre\u00edble sin saber c\u00f3digo<\/p>\n<\/div>\n<\/div>\n<div class=\"col-lg-4 col-md-4 col-sm-6 col-xs-12\">\n<div class=\"media\">\n<div class=\"landing_page_svg build-wp-theme\"><\/div>\n<h3 class=\"text-center\">Solo tiene que arrastrar los elementos y soltarlos para dise\u00f1ar las plantillas<\/h3>\n<\/div>\n<p>Utilizando el drag and drop podr\u00e1 agregar muchos elementos en su p\u00e1gina web f\u00e1cilmente y de esa forma personalizada<\/p>\n<div class=\"media\"><\/div>\n<\/div>\n<div class=\"clearfix visible-sm-block visible-xs-block\"><\/div>\n<div class=\"col-lg-4 col-md-4 col-sm-6 col-xs-12\">\n<div class=\"media\">\n<div class=\"landing_page_svg export-upload\"><\/div>\n<h3 class=\"text-center\">Su plantilla est\u00e1 lista para renovar su sitio<\/h3>\n<p class=\"text-center\">\u00bfYa ha hecho un dise\u00f1o de plantilla a la a su gusto? Ahora es la hora de exportar y subirlo a su hosting y atraer m\u00e1s personas con su nuevo dise\u00f1o<\/p>\n<\/div>\n<\/div>\n<\/div>\n<\/div>\n<div class=\"clearfix visible-lg-block visible-md-block visible-sm-block visible-xs-block\">\n<h2 style=\"text-transform: none\">Creador de paginas HTML\u00a0 Demo<\/h2>\n<div class=\"youtube-video-place embed-responsive embed-responsive-4by3 \" data-yt-url=\"https:\/\/www.youtube.com\/embed\/PRbnZjCqasE?rel=0&amp;showinfo=0&amp;autoplay=1\">\n<p><img decoding=\"async\" src=\"https:\/\/templatetoaster.com\/wp-content\/uploads\/2019\/05\/html-website-builder-1.jpg\" alt=\"html website builder\" \/><\/p>\n<div class=\"play-youtube-video\">\n<div class=\"landing_page_svg\"><\/div>\n<\/div>\n<\/div>\n<\/div>\n<\/div>\n<div class=\"section4 wp-theme-generator\">\n<h2 style=\"text-transform: none\">Caracter\u00edsticas de TemplateToaster como dise\u00f1os de p\u00e1ginas web HTML<\/h2>\n<p class=\"section4-paragraph\">Echar un vistazo a las caracter\u00edsticas llamativas ofrece esta maravillosa programa a crear una p\u00e1gina HTML<\/p>\n<div class=\"row\">\n<div class=\"col-md-4 col-sm-6 col-sx-12\">\n<div style=\"padding: 20px\">\n<div class=\"text-center\">\n<div class=\"wp_feature landing_page_svg header-video\"><\/div>\n<\/div>\n<h3 style=\"margin: 20px 0 10px;text-align: center\">Agregue un video en el encabezado<\/h3>\n<p class=\"text-center\">\u00bfEst\u00e1 pensando en a\u00f1adir un v\u00eddeo en la cabecera para atraer la atenci\u00f3n? Con el programa TemplateToaster, puede hacerlo con gran facilidad! \u00a1Personalice las dimensiones y alinee el v\u00eddeo horizontalmente (izquierda, centro y derecha) o verticalmente (parte superior, media e inferior) seg\u00fan lo considere oportuno!<\/p>\n<\/div>\n<\/div>\n<div class=\"clearfix visible-xs-block\"><\/div>\n<div class=\"col-lg-4 col-md-4 col-sm-6 col-sx-12\">\n<div style=\"padding: 20px\">\n<div class=\"text-center\">\n<div class=\"wp_feature landing_page_svg logo-placement\"><\/div>\n<\/div>\n<h3 style=\"text-align: center;margin: 15.0pt 0cm 7.5pt 0cm\" align=\"center\">Ponga un logotipo y posicione su web<\/h3>\n<p style=\"text-align: center;margin: 15.0pt 0cm 7.5pt 0cm\" align=\"center\">\u00bfQuiere mejorar o hacer conocido\u00a0 su sitio web? Es imprescindible colocar un logotipo de su marca Con este software, se puede colocar el logo en la barra de men\u00fas o el encabezado . Elija entre estas posiciones y pongalo donde lo considere apropiado.<\/p>\n<\/div>\n<\/div>\n<div class=\"clearfix visible-sm-block visible-xs-block\"><\/div>\n<div class=\"col-md-4 col-sm-6 col-sx-12\">\n<div style=\"padding: 20px\">\n<div class=\"text-center\">\n<div class=\"wp_feature landing_page_svg custom-layout\">\n<h3 style=\"text-align: center;margin: 15.0pt 0cm 7.5pt 0cm\" align=\"center\">Opciones de dise\u00f1o de p\u00e1gina<\/h3>\n<p class=\"text-center\">Dise\u00f1e la p\u00e1gina pudiendo personalizar ente 1,2 o 3 columnas. O bien una sola comuna y una barra lateral. Podra adem\u00e1s a\u00f1adir una imagen de fondo, cambiar la fuente y el color<\/p>\n<\/div>\n<\/div>\n<p class=\"text-center\">\n<\/div>\n<\/div>\n<div class=\"clearfix visible-lg-block visible-md-block visible-xs-block\"><\/div>\n<div class=\"col-md-4 col-sm-6 col-sx-12\">\n<div style=\"padding: 20px\">\n<div class=\"text-center\">\n<div class=\"wp_feature landing_page_svg contact-form\"><\/div>\n<\/div>\n<h3 style=\"margin: 20px 0 10px;text-align: center\">Formulario de contacto<\/h3>\n<p class=\"text-center\">El formulario de contacto es uno de los elementos clave que mantiene sus visitantes en contacto con usted. Modifiquelo a su gusto cambiando estilos de fuente, color, color de fondo, a\u00f1ada nuevas celdas<\/p>\n<\/div>\n<\/div>\n<div class=\"clearfix visible-sm-block visible-xs-block\"><\/div>\n<div class=\"col-lg-4 col-md-4 col-sm-6 col-sx-12\">\n<div style=\"padding: 20px\">\n<div class=\"text-center\">\n<div class=\"wp_feature landing_page_svg social-media-integration\"><\/div>\n<\/div>\n<h3 style=\"margin: 20px 0 10px;text-align: center\">Integraci\u00f3n de redes sociales<\/h3>\n<p class=\"text-center\">\u00a1Imagine una p\u00e1gina web html sin enlaces a medios sociales no es una buena estrategia\u00a0 en absoluto! Con este programa, es muf f\u00e0cil a\u00f1adir iconos de redes sociales, ya sea en el encabezado o en el pie de p\u00e1gina de la p\u00e1gina \/ plantilla o ambos.<\/p>\n<\/div>\n<\/div>\n<div class=\"clearfix visible-xs-block\"><\/div>\n<div class=\"col-md-4 col-sm-6 col-sx-12\">\n<div style=\"padding: 20px\">\n<div class=\"text-center\">\n<div class=\"wp_feature landing_page_svg bootstrap-compatibility\"><\/div>\n<\/div>\n<h3 style=\"margin: 20px 0 10px;text-align: center\">Compatible con bootstrap<\/h3>\n<p class=\"text-center\">\u00a1Las plantillas HTML se basan en\u00a0 Bootstrap para asegurar la capacidad de respuesta y la facilidad de uso de la p\u00e1gina web!<\/p>\n<p class=\"text-center\">Actualmente utilizamos la version V.3.3.7 de Bootstrap .Nos esforzamos para mantenerse al d\u00eda con las \u00faltimas actualizaciones, siempre!<\/p>\n<\/div>\n<\/div>\n<div class=\"clearfix visible-lg-block visible-md-block visible-sm-block visible-xs-block\"><\/div>\n<\/div>\n<\/div>\n<p><!--Section Features with WP--><\/p>\n<div class=\"section5 wp-theme-generator\" style=\"padding: 70px 10px;margin-bottom: 2px\">\n<div style=\"margin: 40px 0px 20px\">\n<h2 style=\"margin-bottom: 65px;text-transform: none\">Principales caracter\u00edsticas del TemplateToaster<\/h2>\n<div class=\"feature_with_wp row\">\n<div class=\"col-lg-4 col-md-4 col-sm-4 col-xs-6\">\n<div class=\"feature_wpimg\"><img decoding=\"async\" class=\"img-responsive\" src=\"https:\/\/templatetoaster.com\/wp-content\/uploads\/2017\/04\/multiple-language.png\" alt=\"Crear una pagina web en html\" \/><\/div>\n<\/div>\n<div class=\"col-lg-4 col-md-4 col-sm-4 col-xs-6\">\n<div class=\"feature_wpimg\"><img decoding=\"async\" class=\"img-responsive\" src=\"https:\/\/templatetoaster.com\/wp-content\/uploads\/2017\/04\/mobile-optimization.png\" alt=\"como crear una pagina web en html\" \/><\/div>\n<\/div>\n<div class=\"clearfix visible-xs-block\"><\/div>\n<div class=\"col-lg-4 col-md-4 col-sm-4 col-xs-6\">\n<div class=\"feature_wpimg\"><img decoding=\"async\" class=\"img-responsive\" src=\"https:\/\/templatetoaster.com\/wp-content\/uploads\/2017\/04\/drag-drop.png\" alt=\"como hacer una pagina web en html\" \/><\/div>\n<\/div>\n<div class=\"clearfix visible-lg-block visible-md-block visible-sm-block\"><\/div>\n<div class=\"col-lg-4 col-md-4 col-sm-4 col-xs-6\">\n<div class=\"feature_wpimg\"><img decoding=\"async\" class=\"img-responsive\" src=\"https:\/\/templatetoaster.com\/wp-content\/uploads\/2017\/04\/demo-templats.png\" alt=\"pagina web html\" \/><\/div>\n<\/div>\n<div class=\"clearfix visible-xs-block\"><\/div>\n<div class=\"col-lg-4 col-md-4 col-sm-4 col-xs-6\">\n<div class=\"feature_wpimg\"><img decoding=\"async\" class=\"img-responsive\" src=\"https:\/\/templatetoaster.com\/wp-content\/uploads\/2017\/04\/mega-menu.png\" alt=\"codigos html para paginas web\" \/><\/div>\n<\/div>\n<div class=\"col-lg-4 col-md-4 col-sm-4 col-xs-6\">\n<div class=\"feature_wpimg\"><img decoding=\"async\" class=\"img-responsive\" src=\"https:\/\/templatetoaster.com\/wp-content\/uploads\/2017\/04\/right-to-left.png\" alt=\"pasos para crear una pagina web en html\" \/><\/div>\n<\/div>\n<div class=\"clearfix visible-lg-block visible-md-block visible-sm-block visible-xs-block\"><\/div>\n<div class=\"col-lg-4 col-md-4 col-sm-4 col-xs-6\">\n<div class=\"feature_wpimg\"><img decoding=\"async\" class=\"img-responsive\" src=\"https:\/\/templatetoaster.com\/wp-content\/uploads\/2017\/04\/amazing-slideshow.png\" alt=\"codigos para crear una pagina web en html\" \/><\/div>\n<\/div>\n<div class=\"col-lg-4 col-md-4 col-sm-4 col-xs-6\">\n<div class=\"feature_wpimg\"><img decoding=\"async\" class=\"img-responsive\" src=\"https:\/\/templatetoaster.com\/wp-content\/uploads\/2017\/04\/zero-coding.png\" alt=\"como crear una pagina html\" \/><\/div>\n<\/div>\n<div class=\"clearfix visible-xs-block\"><\/div>\n<div class=\"col-lg-4 col-md-4 col-sm-4 col-xs-6\">\n<div class=\"feature_wpimg\"><img decoding=\"async\" class=\"img-responsive\" src=\"https:\/\/templatetoaster.com\/wp-content\/uploads\/2017\/04\/custom-css.png\" alt=\"dise\u00f1os de paginas web html\" \/><\/div>\n<\/div>\n<div class=\"clearfix visible-lg-block visible-md-block visible-sm-block visible-xs-block\"><\/div>\n<\/div>\n<\/div>\n<\/div>\n<p><!--Section Gallery--><\/p>\n<div class=\"section7 wp-theme-generator\" style=\"padding: 100px 10px;background-color: #f1f4f8;margin-bottom: 2px\">\n<h2 style=\"text-transform: none\">Nuestros est\u00e1ndares de<\/h2>\n<div class=\"row\">\n<div class=\"col-lg-4 col-md-4 col-sm-6 col-xs-12\">\n<div style=\"padding: 20px\">\n<div class=\"text-center\">\n<div class=\"wp_feature landing_page_svg w3c-validation\"><\/div>\n<\/div>\n<h3 style=\"margin: 20px 0px 10px;text-align: center\">Validaci\u00f3n W3C<\/h3>\n<p class=\"text-center\">Las plantillas HTML dise\u00f1ados son v\u00e1lidos W3C. Que cumplen con los est\u00e1ndares internacionales que lleva a la compatibilidad de vanguardia en todos los principales navegadores web!<\/p>\n<\/div>\n<\/div>\n<div class=\"clearfix visible-xs-block\"><\/div>\n<div class=\"col-lg-4 col-md-4 col-sm-6 col-xs-12\">\n<div style=\"padding: 20px\">\n<div class=\"text-center\">\n<div class=\"wp_feature landing_page_svg theme-check-plugin-pass\"><\/div>\n<\/div>\n<h3 style=\"margin: 20px 0 10px;text-align: center\">HTML5 &amp; Normas de CSS3<\/h3>\n<p class=\"text-center\">Cumple con los \u00faltimos est\u00e1ndares HTML5 y CSS3. Las plantillas generadas son ligeros debido a ning\u00fan uso de divs pesados \u200b\u200by los c\u00f3digos de estilo.<\/p>\n<\/div>\n<\/div>\n<div class=\"clearfix visible-sm-block visible-xs-block\"><\/div>\n<div class=\"col-lg-4 col-md-4 col-sm-6 col-xs-12\">\n<div style=\"padding: 20px\">\n<div class=\"text-center\">\n<div class=\"wp_feature landing_page_svg page-speed\"><\/div>\n<\/div>\n<h3 style=\"margin: 20px 0 10px;text-align: center\">Speedy P\u00e1gina Cargando<\/h3>\n<p class=\"text-center\">Las plantillas HTML generado a una velocidad la velocidad del rayo y pasan todas las pruebas de velocidad de la p\u00e1gina. Este es un beneficio adicional a la cuerda en m\u00e1s audiencia!<\/p>\n<\/div>\n<\/div>\n<div class=\"clearfix visible-lg-block visible-md-block visible-xs-block\"><\/div>\n<\/div>\n<\/div>\n<p><!--- section 6 starts --><\/p>\n<div class=\"section6 wp-theme-generator\" style=\"padding: 50px 10px\">\n<div style=\"margin: 70px 0px 20px\">\n<h2>Todos los principales apoyar CMSes<\/h2>\n<div class=\"section-center\" style=\"padding-bottom: 50px\">\n<div class=\"main-cms-section\">\n<div class=\"cms-section\">\n<div class=\"text-center\">\n<div class=\"wp_feature landing_page_svg html\"><\/div>\n<\/div>\n<\/div>\n<\/div>\n<div class=\"other-cms-section\">\n<div class=\"cms-section\">\n<div class=\"text-center\">\n<div class=\"wp_feature landing_page_svg wordpress\"><\/div>\n<\/div>\n<\/div>\n<div class=\"cms-section\">\n<div class=\"text-center\">\n<div class=\"wp_feature landing_page_svg woocommerce\"><\/div>\n<\/div>\n<\/div>\n<div class=\"cms-section\">\n<div class=\"text-center\">\n<div class=\"wp_feature landing_page_svg magento\"><\/div>\n<\/div>\n<\/div>\n<div class=\"cms-section\">\n<div class=\"text-center\">\n<div class=\"wp_feature landing_page_svg blogger\"><\/div>\n<\/div>\n<\/div>\n<div class=\"cms-section\">\n<div class=\"text-center\">\n<div class=\"wp_feature landing_page_svg joomla\"><\/div>\n<\/div>\n<\/div>\n<div class=\"cms-section\">\n<div class=\"text-center\">\n<div class=\"wp_feature landing_page_svg virtuemart\"><\/div>\n<\/div>\n<\/div>\n<div class=\"cms-section\">\n<div class=\"text-center\">\n<div class=\"wp_feature landing_page_svg drupal\"><\/div>\n<\/div>\n<\/div>\n<div class=\"cms-section\">\n<div class=\"text-center\">\n<div class=\"wp_feature landing_page_svg opencart\"><\/div>\n<\/div>\n<\/div>\n<div class=\"cms-section\">\n<div class=\"text-center\">\n<div class=\"wp_feature landing_page_svg prestashop\"><\/div>\n<\/div>\n<\/div>\n<\/div>\n<\/div>\n<div style=\"text-align: center;margin-top: 30px\"><a class=\"btn download_btn\" href=\"https:\/\/templatetoaster.com\/es\/download\">Descargar ahora<\/a><\/div>\n<\/div>\n<\/div>\n","protected":false},"excerpt":{"rendered":"<p>Creador de p\u00e1ginas web HTML No se limite a dise\u00f1ar plantillas, puede dise\u00f1ar p\u00e1ginas web html, sin necesidad de saber c\u00f3digo &nbsp; Descargue ahora \u00bfPor qu\u00e9 utilizar TemplateToaster para hacer una p\u00e1gina web en html? Dise\u00f1e hermosas p\u00e1ginas web en &hellip; <a href=\"https:\/\/templatetoaster.com\/es\/crear-una-pagina-web-en-html\">Continue Reading<span class=\"meta-nav\">&rarr;<\/span><\/a><\/p>\n","protected":false},"author":1,"featured_media":0,"parent":0,"menu_order":0,"comment_status":"closed","ping_status":"closed","template":"","meta":{"footnotes":""},"yoast_head":"<!-- This site is optimized with the Yoast SEO plugin v23.5 - https:\/\/yoast.com\/wordpress\/plugins\/seo\/ -->\n<title>Cree una pagina web en html con el dise\u00f1ador de TemplateToaster - TemplateToaster<\/title>\n<meta name=\"description\" content=\"Cree su sitio web HTML con TemplateToaster. Este creador le permitir\u00e1 realizarlo sin tener conocimientos de HTML\" \/>\n<meta name=\"robots\" content=\"index, follow, max-snippet:-1, max-image-preview:large, max-video-preview:-1\" \/>\n<link rel=\"canonical\" href=\"https:\/\/templatetoaster.com\/es\/crear-una-pagina-web-en-html\" \/>\n<meta property=\"og:locale\" content=\"es_ES\" \/>\n<meta property=\"og:type\" content=\"article\" \/>\n<meta property=\"og:title\" content=\"Cree una pagina web en html con el dise\u00f1ador de TemplateToaster - TemplateToaster\" \/>\n<meta property=\"og:description\" content=\"Cree su sitio web HTML con TemplateToaster. Este creador le permitir\u00e1 realizarlo sin tener conocimientos de HTML\" \/>\n<meta property=\"og:url\" content=\"https:\/\/templatetoaster.com\/es\/crear-una-pagina-web-en-html\" \/>\n<meta property=\"og:site_name\" content=\"TemplateToaster\" \/>\n<meta property=\"article:publisher\" content=\"https:\/\/www.facebook.com\/TemplateToaster\" \/>\n<meta property=\"article:modified_time\" content=\"2020-11-19T08:26:03+00:00\" \/>\n<meta property=\"og:image\" content=\"https:\/\/templatetoaster.com\/wp-content\/uploads\/2019\/05\/html-website-builder-1.jpg\" \/>\n<meta name=\"twitter:card\" content=\"summary_large_image\" \/>\n<meta name=\"twitter:site\" content=\"@templatetoaster\" \/>\n<meta name=\"twitter:label1\" content=\"Tiempo de lectura\" \/>\n\t<meta name=\"twitter:data1\" content=\"3 minutos\" \/>\n<script type=\"application\/ld+json\" class=\"yoast-schema-graph\">{\"@context\":\"https:\/\/schema.org\",\"@graph\":[{\"@type\":\"WebPage\",\"@id\":\"https:\/\/templatetoaster.com\/es\/crear-una-pagina-web-en-html\",\"url\":\"https:\/\/templatetoaster.com\/es\/crear-una-pagina-web-en-html\",\"name\":\"Cree una pagina web en html con el dise\u00f1ador de TemplateToaster - TemplateToaster\",\"isPartOf\":{\"@id\":\"https:\/\/templatetoaster.com\/#website\"},\"primaryImageOfPage\":{\"@id\":\"https:\/\/templatetoaster.com\/es\/crear-una-pagina-web-en-html#primaryimage\"},\"image\":{\"@id\":\"https:\/\/templatetoaster.com\/es\/crear-una-pagina-web-en-html#primaryimage\"},\"thumbnailUrl\":\"https:\/\/templatetoaster.com\/wp-content\/uploads\/2019\/05\/html-website-builder-1.jpg\",\"datePublished\":\"2018-04-04T16:29:52+00:00\",\"dateModified\":\"2020-11-19T08:26:03+00:00\",\"description\":\"Cree su sitio web HTML con TemplateToaster. Este creador le permitir\u00e1 realizarlo sin tener conocimientos de HTML\",\"breadcrumb\":{\"@id\":\"https:\/\/templatetoaster.com\/es\/crear-una-pagina-web-en-html#breadcrumb\"},\"inLanguage\":\"es\",\"potentialAction\":[{\"@type\":\"ReadAction\",\"target\":[\"https:\/\/templatetoaster.com\/es\/crear-una-pagina-web-en-html\"]}]},{\"@type\":\"ImageObject\",\"inLanguage\":\"es\",\"@id\":\"https:\/\/templatetoaster.com\/es\/crear-una-pagina-web-en-html#primaryimage\",\"url\":\"https:\/\/templatetoaster.com\/wp-content\/uploads\/2019\/05\/html-website-builder-1.jpg\",\"contentUrl\":\"https:\/\/templatetoaster.com\/wp-content\/uploads\/2019\/05\/html-website-builder-1.jpg\"},{\"@type\":\"BreadcrumbList\",\"@id\":\"https:\/\/templatetoaster.com\/es\/crear-una-pagina-web-en-html#breadcrumb\",\"itemListElement\":[{\"@type\":\"ListItem\",\"position\":1,\"name\":\"Home\",\"item\":\"https:\/\/templatetoaster.com\/es\"},{\"@type\":\"ListItem\",\"position\":2,\"name\":\"Cree una pagina web en html con el dise\u00f1ador de TemplateToaster\"}]},{\"@type\":\"WebSite\",\"@id\":\"https:\/\/templatetoaster.com\/#website\",\"url\":\"https:\/\/templatetoaster.com\/\",\"name\":\"TemplateToaster\",\"description\":\"\",\"publisher\":{\"@id\":\"https:\/\/templatetoaster.com\/#organization\"},\"inLanguage\":\"es\"},{\"@type\":\"Organization\",\"@id\":\"https:\/\/templatetoaster.com\/#organization\",\"name\":\"TemplateToaster\",\"url\":\"https:\/\/templatetoaster.com\/\",\"logo\":{\"@type\":\"ImageObject\",\"inLanguage\":\"es\",\"@id\":\"https:\/\/templatetoaster.com\/#\/schema\/logo\/image\/\",\"url\":\"https:\/\/templatetoaster.com\/wp-content\/uploads\/2019\/11\/TemplateToaster_Logo.jpg\",\"contentUrl\":\"https:\/\/templatetoaster.com\/wp-content\/uploads\/2019\/11\/TemplateToaster_Logo.jpg\",\"width\":85,\"height\":85,\"caption\":\"TemplateToaster\"},\"image\":{\"@id\":\"https:\/\/templatetoaster.com\/#\/schema\/logo\/image\/\"},\"sameAs\":[\"https:\/\/www.facebook.com\/TemplateToaster\",\"https:\/\/x.com\/templatetoaster\",\"https:\/\/www.instagram.com\/templatetoaster\/\",\"https:\/\/www.linkedin.com\/company\/templatetoaster\/\",\"https:\/\/www.pinterest.com\/templatetoaster\/\",\"https:\/\/www.youtube.com\/@TemplateToaster\"]}]}<\/script>\n<!-- \/ Yoast SEO plugin. -->","yoast_head_json":{"title":"Cree una pagina web en html con el dise\u00f1ador de TemplateToaster - TemplateToaster","description":"Cree su sitio web HTML con TemplateToaster. Este creador le permitir\u00e1 realizarlo sin tener conocimientos de HTML","robots":{"index":"index","follow":"follow","max-snippet":"max-snippet:-1","max-image-preview":"max-image-preview:large","max-video-preview":"max-video-preview:-1"},"canonical":"https:\/\/templatetoaster.com\/es\/crear-una-pagina-web-en-html","og_locale":"es_ES","og_type":"article","og_title":"Cree una pagina web en html con el dise\u00f1ador de TemplateToaster - TemplateToaster","og_description":"Cree su sitio web HTML con TemplateToaster. Este creador le permitir\u00e1 realizarlo sin tener conocimientos de HTML","og_url":"https:\/\/templatetoaster.com\/es\/crear-una-pagina-web-en-html","og_site_name":"TemplateToaster","article_publisher":"https:\/\/www.facebook.com\/TemplateToaster","article_modified_time":"2020-11-19T08:26:03+00:00","og_image":[{"url":"https:\/\/templatetoaster.com\/wp-content\/uploads\/2019\/05\/html-website-builder-1.jpg"}],"twitter_card":"summary_large_image","twitter_site":"@templatetoaster","twitter_misc":{"Tiempo de lectura":"3 minutos"},"schema":{"@context":"https:\/\/schema.org","@graph":[{"@type":"WebPage","@id":"https:\/\/templatetoaster.com\/es\/crear-una-pagina-web-en-html","url":"https:\/\/templatetoaster.com\/es\/crear-una-pagina-web-en-html","name":"Cree una pagina web en html con el dise\u00f1ador de TemplateToaster - TemplateToaster","isPartOf":{"@id":"https:\/\/templatetoaster.com\/#website"},"primaryImageOfPage":{"@id":"https:\/\/templatetoaster.com\/es\/crear-una-pagina-web-en-html#primaryimage"},"image":{"@id":"https:\/\/templatetoaster.com\/es\/crear-una-pagina-web-en-html#primaryimage"},"thumbnailUrl":"https:\/\/templatetoaster.com\/wp-content\/uploads\/2019\/05\/html-website-builder-1.jpg","datePublished":"2018-04-04T16:29:52+00:00","dateModified":"2020-11-19T08:26:03+00:00","description":"Cree su sitio web HTML con TemplateToaster. Este creador le permitir\u00e1 realizarlo sin tener conocimientos de HTML","breadcrumb":{"@id":"https:\/\/templatetoaster.com\/es\/crear-una-pagina-web-en-html#breadcrumb"},"inLanguage":"es","potentialAction":[{"@type":"ReadAction","target":["https:\/\/templatetoaster.com\/es\/crear-una-pagina-web-en-html"]}]},{"@type":"ImageObject","inLanguage":"es","@id":"https:\/\/templatetoaster.com\/es\/crear-una-pagina-web-en-html#primaryimage","url":"https:\/\/templatetoaster.com\/wp-content\/uploads\/2019\/05\/html-website-builder-1.jpg","contentUrl":"https:\/\/templatetoaster.com\/wp-content\/uploads\/2019\/05\/html-website-builder-1.jpg"},{"@type":"BreadcrumbList","@id":"https:\/\/templatetoaster.com\/es\/crear-una-pagina-web-en-html#breadcrumb","itemListElement":[{"@type":"ListItem","position":1,"name":"Home","item":"https:\/\/templatetoaster.com\/es"},{"@type":"ListItem","position":2,"name":"Cree una pagina web en html con el dise\u00f1ador de TemplateToaster"}]},{"@type":"WebSite","@id":"https:\/\/templatetoaster.com\/#website","url":"https:\/\/templatetoaster.com\/","name":"TemplateToaster","description":"","publisher":{"@id":"https:\/\/templatetoaster.com\/#organization"},"inLanguage":"es"},{"@type":"Organization","@id":"https:\/\/templatetoaster.com\/#organization","name":"TemplateToaster","url":"https:\/\/templatetoaster.com\/","logo":{"@type":"ImageObject","inLanguage":"es","@id":"https:\/\/templatetoaster.com\/#\/schema\/logo\/image\/","url":"https:\/\/templatetoaster.com\/wp-content\/uploads\/2019\/11\/TemplateToaster_Logo.jpg","contentUrl":"https:\/\/templatetoaster.com\/wp-content\/uploads\/2019\/11\/TemplateToaster_Logo.jpg","width":85,"height":85,"caption":"TemplateToaster"},"image":{"@id":"https:\/\/templatetoaster.com\/#\/schema\/logo\/image\/"},"sameAs":["https:\/\/www.facebook.com\/TemplateToaster","https:\/\/x.com\/templatetoaster","https:\/\/www.instagram.com\/templatetoaster\/","https:\/\/www.linkedin.com\/company\/templatetoaster\/","https:\/\/www.pinterest.com\/templatetoaster\/","https:\/\/www.youtube.com\/@TemplateToaster"]}]}},"_links":{"self":[{"href":"https:\/\/templatetoaster.com\/es\/wp-json\/wp\/v2\/pages\/3640"}],"collection":[{"href":"https:\/\/templatetoaster.com\/es\/wp-json\/wp\/v2\/pages"}],"about":[{"href":"https:\/\/templatetoaster.com\/es\/wp-json\/wp\/v2\/types\/page"}],"author":[{"embeddable":true,"href":"https:\/\/templatetoaster.com\/es\/wp-json\/wp\/v2\/users\/1"}],"replies":[{"embeddable":true,"href":"https:\/\/templatetoaster.com\/es\/wp-json\/wp\/v2\/comments?post=3640"}],"version-history":[{"count":5,"href":"https:\/\/templatetoaster.com\/es\/wp-json\/wp\/v2\/pages\/3640\/revisions"}],"predecessor-version":[{"id":75412,"href":"https:\/\/templatetoaster.com\/es\/wp-json\/wp\/v2\/pages\/3640\/revisions\/75412"}],"wp:attachment":[{"href":"https:\/\/templatetoaster.com\/es\/wp-json\/wp\/v2\/media?parent=3640"}],"curies":[{"name":"wp","href":"https:\/\/api.w.org\/{rel}","templated":true}]}}