{"id":3722,"date":"2018-04-06T07:31:39","date_gmt":"2018-04-06T07:31:39","guid":{"rendered":"http:\/\/templatetoaster.com\/drupal"},"modified":"2019-08-12T07:33:16","modified_gmt":"2019-08-12T07:33:16","slug":"drupal","status":"publish","type":"page","link":"https:\/\/templatetoaster.com\/de\/drupal","title":{"rendered":"Wie man TemplateToaster Themes auf Drupal hochl\u00e4dt, installiert und konfiguriert."},"content":{"rendered":"<div class=\"tt_documentation_instruction_row row\">\n<h1 class=\"heading_border\">Wie man TemplateToaster Themes auf Drupal hochl\u00e4dt, installiert und konfiguriert.<\/h1>\n<div class=\"demo_row1 even row\" style=\"padding-top: 15px;\">\n<div class=\"row\">\n<div class=\"col-md-6 col-sm-6 col-xs-12\">\n<div class=\"vedio_bg\">\n<div class=\"tt_video_modal\">\n<p><a href=\"https:\/\/youtu.be\/G7r1RLGGY9Y\"><img decoding=\"async\" src=\"https:\/\/templatetoaster.com\/wp-content\/uploads\/2018\/02\/youtube.png\" \/><\/a><\/p>\n<div class=\"video-content\">\n<h3>Wie man Drupal Themes in TemplateToaster erstellt<\/h3>\n<\/div>\n<\/div>\n<\/div>\n<\/div>\n<div class=\"col-md-6 col-sm-6 col-xs-12\">\n<div class=\"vedio_bg\">\n<div class=\"tt_video_modal\">\n<p><a href=\"https:\/\/youtu.be\/r0EvsjFohV0\"><img decoding=\"async\" src=\"https:\/\/templatetoaster.com\/wp-content\/uploads\/2018\/02\/youtube.png\" \/><\/a><\/p>\n<div class=\"video-content\">\n<h3>Wie man mit TemplateToaster erstelle Themes in Drupal hochl\u00e4dt<\/h3>\n<\/div>\n<\/div>\n<\/div>\n<\/div>\n<div class=\"clearfix visible-lg-block visible-md-block\"><\/div>\n<\/div>\n<\/div>\n<div class=\"basic\">\n<h3 class=\"media-heading\">Anleitung f\u00fcr Drupal 7:<\/h3>\n<div class=\"basic-step\">\n<h4>Theme hochladen\/installieren<\/h4>\n<ol class=\"decimal\">\n<li>Nach dem Export lade das Theme mit einem beliebigen FTP-Client auf die Drupal-Installation hoch.<\/li>\n<li>Logge dich als Administrator ein.<\/li>\n<li>Navigiere zur Option Darstellung, die sich in der Admin-Symbolleiste oben auf der Seite befindet.<\/li>\n<li>Gehe zum unteren Ende der Seite, suche das hochgeladene Design und klicke auf die Option &#8222;Aktivieren und als Standard festlegen&#8220;, die sich vor dem Namen des Designs befindet.<\/li>\n<li>Gehe auf die Homepage, um die \u00c4nderungen zu sehen<\/li>\n<\/ol>\n<p>&nbsp;<\/p>\n<h4>Module konfigurieren:<\/h4>\n<ol class=\"decimal\">\n<li>Als Administrator einloggen.<\/li>\n<li>Gehe zu der Option Struktur, die sich in der Admin-Symbolleiste oben auf der Seite befindet.<\/li>\n<li>W\u00e4hle im Men\u00fc die Option &#8222;Bl\u00f6cke&#8220;.<\/li>\n<li>\u00c4ndere die Einstellungen je nach Bedarf.<\/li>\n<li>Gehe ganz unten auf die Seite und klicke auf &#8222;Bl\u00f6cke speichern&#8220;, um die Konfiguration zu speichern.<\/li>\n<li>Gehe auf die Homepage, um die \u00c4nderungen zu sehen<\/li>\n<\/ol>\n<\/div>\n<\/div>\n<p>&nbsp;<\/p>\n<div class=\"basic\">\n<div class=\"basic-step\">\n<h3 class=\"media-heading\">Anleitung f\u00fcr Drupal 8:<\/h3>\n<ol>\n<li>\n Exportiere dein Drupal Theme aus TemplateToaster von Datei\u00a0 -&gt; Exportieren<\/p>\n<p><a href=\"https:\/\/templatetoaster.com\/wp-content\/uploads\/2017\/11\/drupal_theme_export_upload_instructions_step_1.jpg\"><img loading=\"lazy\" decoding=\"async\" class=\"aligncenter size-large wp-image-3296\" src=\"https:\/\/templatetoaster.com\/wp-content\/uploads\/2017\/11\/drupal_theme_export_upload_instructions_step_1-1024x545.jpg\" alt=\"drupal_theme_export_upload_instructions_step_1\" width=\"900\" height=\"479\" srcset=\"https:\/\/templatetoaster.com\/wp-content\/uploads\/2017\/11\/drupal_theme_export_upload_instructions_step_1-1024x545.jpg 1024w, https:\/\/templatetoaster.com\/wp-content\/uploads\/2017\/11\/drupal_theme_export_upload_instructions_step_1-1000x532.jpg 1000w, https:\/\/templatetoaster.com\/wp-content\/uploads\/2017\/11\/drupal_theme_export_upload_instructions_step_1-300x160.jpg 300w, https:\/\/templatetoaster.com\/wp-content\/uploads\/2017\/11\/drupal_theme_export_upload_instructions_step_1.jpg 1366w\" sizes=\"(max-width: 900px) 100vw, 900px\" \/><\/a><\/li>\n<li> W\u00e4hle deinen Exportstandort und die Drupal-Version 8 aus\n<p><a href=\"https:\/\/templatetoaster.com\/wp-content\/uploads\/2017\/11\/drupal_theme_export_upload_instructions_step_2.jpg\"><img loading=\"lazy\" decoding=\"async\" class=\"aligncenter size-large wp-image-3297\" src=\"https:\/\/templatetoaster.com\/wp-content\/uploads\/2017\/11\/drupal_theme_export_upload_instructions_step_2-1024x545.jpg\" alt=\"drupal_theme_export_upload_instructions_step_2\" width=\"900\" height=\"479\" srcset=\"https:\/\/templatetoaster.com\/wp-content\/uploads\/2017\/11\/drupal_theme_export_upload_instructions_step_2-1024x545.jpg 1024w, https:\/\/templatetoaster.com\/wp-content\/uploads\/2017\/11\/drupal_theme_export_upload_instructions_step_2-1000x532.jpg 1000w, https:\/\/templatetoaster.com\/wp-content\/uploads\/2017\/11\/drupal_theme_export_upload_instructions_step_2-300x160.jpg 300w, https:\/\/templatetoaster.com\/wp-content\/uploads\/2017\/11\/drupal_theme_export_upload_instructions_step_2.jpg 1366w\" sizes=\"(max-width: 900px) 100vw, 900px\" \/><\/a><\/li>\n<li> Klicke in der Administration auf Ansicht<br \/>\n<a href=\"https:\/\/templatetoaster.com\/wp-content\/uploads\/2017\/11\/drupal_theme_export_upload_instructions_step_3.jpg\"><img loading=\"lazy\" decoding=\"async\" class=\"aligncenter size-large wp-image-3298\" src=\"https:\/\/templatetoaster.com\/wp-content\/uploads\/2017\/11\/drupal_theme_export_upload_instructions_step_3-1024x410.jpg\" alt=\"drupal_theme_export_upload_instructions_step_3\" width=\"900\" height=\"360\" srcset=\"https:\/\/templatetoaster.com\/wp-content\/uploads\/2017\/11\/drupal_theme_export_upload_instructions_step_3-1024x410.jpg 1024w, https:\/\/templatetoaster.com\/wp-content\/uploads\/2017\/11\/drupal_theme_export_upload_instructions_step_3-1000x400.jpg 1000w, https:\/\/templatetoaster.com\/wp-content\/uploads\/2017\/11\/drupal_theme_export_upload_instructions_step_3-300x120.jpg 300w, https:\/\/templatetoaster.com\/wp-content\/uploads\/2017\/11\/drupal_theme_export_upload_instructions_step_3.jpg 1349w\" sizes=\"(max-width: 900px) 100vw, 900px\" \/><\/a><\/li>\n<li> W\u00e4hle &#8222;Neues Theme installieren&#8220;<br \/>\n<a href=\"https:\/\/templatetoaster.com\/wp-content\/uploads\/2017\/11\/drupal_theme_export_upload_instructions_step_4.jpg\"><img loading=\"lazy\" decoding=\"async\" class=\"aligncenter size-large wp-image-3299\" src=\"https:\/\/templatetoaster.com\/wp-content\/uploads\/2017\/11\/drupal_theme_export_upload_instructions_step_4-1024x428.jpg\" alt=\"drupal_theme_export_upload_instructions_step_4\" width=\"900\" height=\"376\" srcset=\"https:\/\/templatetoaster.com\/wp-content\/uploads\/2017\/11\/drupal_theme_export_upload_instructions_step_4-1024x428.jpg 1024w, https:\/\/templatetoaster.com\/wp-content\/uploads\/2017\/11\/drupal_theme_export_upload_instructions_step_4-1000x418.jpg 1000w, https:\/\/templatetoaster.com\/wp-content\/uploads\/2017\/11\/drupal_theme_export_upload_instructions_step_4-300x125.jpg 300w, https:\/\/templatetoaster.com\/wp-content\/uploads\/2017\/11\/drupal_theme_export_upload_instructions_step_4.jpg 1349w\" sizes=\"(max-width: 900px) 100vw, 900px\" \/><\/a><\/li>\n<li> W\u00e4hle das Theme, das du aus TemplateToaster in Schritt eins oben exportiert hast, und klicke auf Installieren.<br \/>\n<a href=\"https:\/\/templatetoaster.com\/wp-content\/uploads\/2017\/11\/drupal_theme_export_upload_instructions_step_5.jpg\"><img loading=\"lazy\" decoding=\"async\" class=\"aligncenter size-large wp-image-3300\" src=\"https:\/\/templatetoaster.com\/wp-content\/uploads\/2017\/11\/drupal_theme_export_upload_instructions_step_5-1024x388.jpg\" alt=\"drupal_theme_export_upload_instructions_step_5\" width=\"900\" height=\"341\" srcset=\"https:\/\/templatetoaster.com\/wp-content\/uploads\/2017\/11\/drupal_theme_export_upload_instructions_step_5-1024x388.jpg 1024w, https:\/\/templatetoaster.com\/wp-content\/uploads\/2017\/11\/drupal_theme_export_upload_instructions_step_5-1000x379.jpg 1000w, https:\/\/templatetoaster.com\/wp-content\/uploads\/2017\/11\/drupal_theme_export_upload_instructions_step_5-300x114.jpg 300w, https:\/\/templatetoaster.com\/wp-content\/uploads\/2017\/11\/drupal_theme_export_upload_instructions_step_5.jpg 1363w\" sizes=\"(max-width: 900px) 100vw, 900px\" \/><\/a><\/li>\n<li> Dein Drupal Theme ist installiert<br \/>\n<a href=\"https:\/\/templatetoaster.com\/wp-content\/uploads\/2017\/11\/drupal_theme_export_upload_instructions_step_6.jpg\"><img loading=\"lazy\" decoding=\"async\" class=\"aligncenter size-large wp-image-3301\" src=\"https:\/\/templatetoaster.com\/wp-content\/uploads\/2017\/11\/drupal_theme_export_upload_instructions_step_6-1024x410.jpg\" alt=\"drupal_theme_export_upload_instructions_step_6\" width=\"900\" height=\"360\" srcset=\"https:\/\/templatetoaster.com\/wp-content\/uploads\/2017\/11\/drupal_theme_export_upload_instructions_step_6-1024x410.jpg 1024w, https:\/\/templatetoaster.com\/wp-content\/uploads\/2017\/11\/drupal_theme_export_upload_instructions_step_6-1000x400.jpg 1000w, https:\/\/templatetoaster.com\/wp-content\/uploads\/2017\/11\/drupal_theme_export_upload_instructions_step_6-300x120.jpg 300w, https:\/\/templatetoaster.com\/wp-content\/uploads\/2017\/11\/drupal_theme_export_upload_instructions_step_6.jpg 1349w\" sizes=\"(max-width: 900px) 100vw, 900px\" \/><\/a><\/li>\n<\/div>\n<\/div>\n<\/div>\n","protected":false},"excerpt":{"rendered":"<p>Wie man TemplateToaster Themes auf Drupal hochl\u00e4dt, installiert und konfiguriert. Wie man Drupal Themes in TemplateToaster erstellt Wie man mit TemplateToaster erstelle Themes in Drupal hochl\u00e4dt Anleitung f\u00fcr Drupal 7: Theme hochladen\/installieren Nach dem Export lade das Theme mit einem &hellip; <a href=\"https:\/\/templatetoaster.com\/de\/drupal\">Continue Reading<span class=\"meta-nav\">&rarr;<\/span><\/a><\/p>\n","protected":false},"author":1,"featured_media":0,"parent":0,"menu_order":0,"comment_status":"closed","ping_status":"closed","template":"PageTemplate1.php","meta":{"footnotes":""},"yoast_head":"<!-- This site is optimized with the Yoast SEO plugin v23.5 - https:\/\/yoast.com\/wordpress\/plugins\/seo\/ -->\n<title>Wie man TemplateToaster Themes auf Drupal hochl\u00e4dt, installiert und konfiguriert. - TemplateToaster<\/title>\n<meta name=\"description\" content=\"Anleitung zum Hochladen und Installieren von TemplateToaster generierten Themes auf deiner Drupal-Website.\" \/>\n<meta name=\"robots\" content=\"index, follow, max-snippet:-1, max-image-preview:large, max-video-preview:-1\" \/>\n<link rel=\"canonical\" href=\"https:\/\/templatetoaster.com\/de\/drupal\" \/>\n<meta property=\"og:locale\" content=\"de_DE\" \/>\n<meta property=\"og:type\" content=\"article\" \/>\n<meta property=\"og:title\" content=\"Wie man TemplateToaster Themes auf Drupal hochl\u00e4dt, installiert und konfiguriert. - TemplateToaster\" \/>\n<meta property=\"og:description\" content=\"Anleitung zum Hochladen und Installieren von TemplateToaster generierten Themes auf deiner Drupal-Website.\" \/>\n<meta property=\"og:url\" content=\"https:\/\/templatetoaster.com\/de\/drupal\" \/>\n<meta property=\"og:site_name\" content=\"TemplateToaster\" \/>\n<meta property=\"article:publisher\" content=\"https:\/\/www.facebook.com\/TemplateToaster\" \/>\n<meta property=\"article:modified_time\" content=\"2019-08-12T07:33:16+00:00\" \/>\n<meta property=\"og:image\" content=\"https:\/\/templatetoaster.com\/wp-content\/uploads\/2018\/02\/youtube.png\" \/>\n<meta name=\"twitter:card\" content=\"summary_large_image\" \/>\n<meta name=\"twitter:site\" content=\"@templatetoaster\" \/>\n<meta name=\"twitter:label1\" content=\"Gesch\u00e4tzte Lesezeit\" \/>\n\t<meta name=\"twitter:data1\" content=\"1 Minute\" \/>\n<script type=\"application\/ld+json\" class=\"yoast-schema-graph\">{\"@context\":\"https:\/\/schema.org\",\"@graph\":[{\"@type\":\"WebPage\",\"@id\":\"https:\/\/templatetoaster.com\/de\/drupal\",\"url\":\"https:\/\/templatetoaster.com\/de\/drupal\",\"name\":\"Wie man TemplateToaster Themes auf Drupal hochl\u00e4dt, installiert und konfiguriert. - TemplateToaster\",\"isPartOf\":{\"@id\":\"https:\/\/templatetoaster.com\/#website\"},\"primaryImageOfPage\":{\"@id\":\"https:\/\/templatetoaster.com\/de\/drupal#primaryimage\"},\"image\":{\"@id\":\"https:\/\/templatetoaster.com\/de\/drupal#primaryimage\"},\"thumbnailUrl\":\"https:\/\/templatetoaster.com\/wp-content\/uploads\/2018\/02\/youtube.png\",\"datePublished\":\"2018-04-06T07:31:39+00:00\",\"dateModified\":\"2019-08-12T07:33:16+00:00\",\"description\":\"Anleitung zum Hochladen und Installieren von TemplateToaster generierten Themes auf deiner Drupal-Website.\",\"breadcrumb\":{\"@id\":\"https:\/\/templatetoaster.com\/de\/drupal#breadcrumb\"},\"inLanguage\":\"de-DE\",\"potentialAction\":[{\"@type\":\"ReadAction\",\"target\":[\"https:\/\/templatetoaster.com\/de\/drupal\"]}]},{\"@type\":\"ImageObject\",\"inLanguage\":\"de-DE\",\"@id\":\"https:\/\/templatetoaster.com\/de\/drupal#primaryimage\",\"url\":\"https:\/\/templatetoaster.com\/wp-content\/uploads\/2018\/02\/youtube.png\",\"contentUrl\":\"https:\/\/templatetoaster.com\/wp-content\/uploads\/2018\/02\/youtube.png\"},{\"@type\":\"BreadcrumbList\",\"@id\":\"https:\/\/templatetoaster.com\/de\/drupal#breadcrumb\",\"itemListElement\":[{\"@type\":\"ListItem\",\"position\":1,\"name\":\"Home\",\"item\":\"https:\/\/templatetoaster.com\/de\"},{\"@type\":\"ListItem\",\"position\":2,\"name\":\"Wie man TemplateToaster Themes auf Drupal hochl\u00e4dt, installiert und konfiguriert.\"}]},{\"@type\":\"WebSite\",\"@id\":\"https:\/\/templatetoaster.com\/#website\",\"url\":\"https:\/\/templatetoaster.com\/\",\"name\":\"TemplateToaster\",\"description\":\"\",\"publisher\":{\"@id\":\"https:\/\/templatetoaster.com\/#organization\"},\"inLanguage\":\"de-DE\"},{\"@type\":\"Organization\",\"@id\":\"https:\/\/templatetoaster.com\/#organization\",\"name\":\"TemplateToaster\",\"url\":\"https:\/\/templatetoaster.com\/\",\"logo\":{\"@type\":\"ImageObject\",\"inLanguage\":\"de-DE\",\"@id\":\"https:\/\/templatetoaster.com\/#\/schema\/logo\/image\/\",\"url\":\"https:\/\/templatetoaster.com\/wp-content\/uploads\/2019\/11\/TemplateToaster_Logo.jpg\",\"contentUrl\":\"https:\/\/templatetoaster.com\/wp-content\/uploads\/2019\/11\/TemplateToaster_Logo.jpg\",\"width\":85,\"height\":85,\"caption\":\"TemplateToaster\"},\"image\":{\"@id\":\"https:\/\/templatetoaster.com\/#\/schema\/logo\/image\/\"},\"sameAs\":[\"https:\/\/www.facebook.com\/TemplateToaster\",\"https:\/\/x.com\/templatetoaster\",\"https:\/\/www.instagram.com\/templatetoaster\/\",\"https:\/\/www.linkedin.com\/company\/templatetoaster\/\",\"https:\/\/www.pinterest.com\/templatetoaster\/\",\"https:\/\/www.youtube.com\/@TemplateToaster\"]}]}<\/script>\n<!-- \/ Yoast SEO plugin. -->","yoast_head_json":{"title":"Wie man TemplateToaster Themes auf Drupal hochl\u00e4dt, installiert und konfiguriert. - TemplateToaster","description":"Anleitung zum Hochladen und Installieren von TemplateToaster generierten Themes auf deiner Drupal-Website.","robots":{"index":"index","follow":"follow","max-snippet":"max-snippet:-1","max-image-preview":"max-image-preview:large","max-video-preview":"max-video-preview:-1"},"canonical":"https:\/\/templatetoaster.com\/de\/drupal","og_locale":"de_DE","og_type":"article","og_title":"Wie man TemplateToaster Themes auf Drupal hochl\u00e4dt, installiert und konfiguriert. - TemplateToaster","og_description":"Anleitung zum Hochladen und Installieren von TemplateToaster generierten Themes auf deiner Drupal-Website.","og_url":"https:\/\/templatetoaster.com\/de\/drupal","og_site_name":"TemplateToaster","article_publisher":"https:\/\/www.facebook.com\/TemplateToaster","article_modified_time":"2019-08-12T07:33:16+00:00","og_image":[{"url":"https:\/\/templatetoaster.com\/wp-content\/uploads\/2018\/02\/youtube.png"}],"twitter_card":"summary_large_image","twitter_site":"@templatetoaster","twitter_misc":{"Gesch\u00e4tzte Lesezeit":"1 Minute"},"schema":{"@context":"https:\/\/schema.org","@graph":[{"@type":"WebPage","@id":"https:\/\/templatetoaster.com\/de\/drupal","url":"https:\/\/templatetoaster.com\/de\/drupal","name":"Wie man TemplateToaster Themes auf Drupal hochl\u00e4dt, installiert und konfiguriert. - TemplateToaster","isPartOf":{"@id":"https:\/\/templatetoaster.com\/#website"},"primaryImageOfPage":{"@id":"https:\/\/templatetoaster.com\/de\/drupal#primaryimage"},"image":{"@id":"https:\/\/templatetoaster.com\/de\/drupal#primaryimage"},"thumbnailUrl":"https:\/\/templatetoaster.com\/wp-content\/uploads\/2018\/02\/youtube.png","datePublished":"2018-04-06T07:31:39+00:00","dateModified":"2019-08-12T07:33:16+00:00","description":"Anleitung zum Hochladen und Installieren von TemplateToaster generierten Themes auf deiner Drupal-Website.","breadcrumb":{"@id":"https:\/\/templatetoaster.com\/de\/drupal#breadcrumb"},"inLanguage":"de-DE","potentialAction":[{"@type":"ReadAction","target":["https:\/\/templatetoaster.com\/de\/drupal"]}]},{"@type":"ImageObject","inLanguage":"de-DE","@id":"https:\/\/templatetoaster.com\/de\/drupal#primaryimage","url":"https:\/\/templatetoaster.com\/wp-content\/uploads\/2018\/02\/youtube.png","contentUrl":"https:\/\/templatetoaster.com\/wp-content\/uploads\/2018\/02\/youtube.png"},{"@type":"BreadcrumbList","@id":"https:\/\/templatetoaster.com\/de\/drupal#breadcrumb","itemListElement":[{"@type":"ListItem","position":1,"name":"Home","item":"https:\/\/templatetoaster.com\/de"},{"@type":"ListItem","position":2,"name":"Wie man TemplateToaster Themes auf Drupal hochl\u00e4dt, installiert und konfiguriert."}]},{"@type":"WebSite","@id":"https:\/\/templatetoaster.com\/#website","url":"https:\/\/templatetoaster.com\/","name":"TemplateToaster","description":"","publisher":{"@id":"https:\/\/templatetoaster.com\/#organization"},"inLanguage":"de-DE"},{"@type":"Organization","@id":"https:\/\/templatetoaster.com\/#organization","name":"TemplateToaster","url":"https:\/\/templatetoaster.com\/","logo":{"@type":"ImageObject","inLanguage":"de-DE","@id":"https:\/\/templatetoaster.com\/#\/schema\/logo\/image\/","url":"https:\/\/templatetoaster.com\/wp-content\/uploads\/2019\/11\/TemplateToaster_Logo.jpg","contentUrl":"https:\/\/templatetoaster.com\/wp-content\/uploads\/2019\/11\/TemplateToaster_Logo.jpg","width":85,"height":85,"caption":"TemplateToaster"},"image":{"@id":"https:\/\/templatetoaster.com\/#\/schema\/logo\/image\/"},"sameAs":["https:\/\/www.facebook.com\/TemplateToaster","https:\/\/x.com\/templatetoaster","https:\/\/www.instagram.com\/templatetoaster\/","https:\/\/www.linkedin.com\/company\/templatetoaster\/","https:\/\/www.pinterest.com\/templatetoaster\/","https:\/\/www.youtube.com\/@TemplateToaster"]}]}},"_links":{"self":[{"href":"https:\/\/templatetoaster.com\/de\/wp-json\/wp\/v2\/pages\/3722"}],"collection":[{"href":"https:\/\/templatetoaster.com\/de\/wp-json\/wp\/v2\/pages"}],"about":[{"href":"https:\/\/templatetoaster.com\/de\/wp-json\/wp\/v2\/types\/page"}],"author":[{"embeddable":true,"href":"https:\/\/templatetoaster.com\/de\/wp-json\/wp\/v2\/users\/1"}],"replies":[{"embeddable":true,"href":"https:\/\/templatetoaster.com\/de\/wp-json\/wp\/v2\/comments?post=3722"}],"version-history":[{"count":3,"href":"https:\/\/templatetoaster.com\/de\/wp-json\/wp\/v2\/pages\/3722\/revisions"}],"predecessor-version":[{"id":64108,"href":"https:\/\/templatetoaster.com\/de\/wp-json\/wp\/v2\/pages\/3722\/revisions\/64108"}],"wp:attachment":[{"href":"https:\/\/templatetoaster.com\/de\/wp-json\/wp\/v2\/media?parent=3722"}],"curies":[{"name":"wp","href":"https:\/\/api.w.org\/{rel}","templated":true}]}}