{"id":3721,"date":"2018-04-06T07:30:31","date_gmt":"2018-04-06T07:30:31","guid":{"rendered":"http:\/\/templatetoaster.com\/w3c-validation"},"modified":"2018-04-06T07:30:31","modified_gmt":"2018-04-06T07:30:31","slug":"w3c-validation","status":"publish","type":"page","link":"https:\/\/templatetoaster.com\/de\/w3c-validation","title":{"rendered":"w3c-validation"},"content":{"rendered":"<h1 class=\"heading_border\">TemplateToaster-W3C-Validierung<\/h1>\n<p>TemplateToaster Export W3C HTML und CSS g\u00fcltig Vorlage\/Themen anbieten, die folgende Vorteile:<\/p>\n<p>&#8211; Web-Browser cross-Kompatibilit\u00e4t <\/p>\n<p>&#8211; Suche Motoren Vorteile<\/p>\n<p>&#8211; Beschwerde-Standardcode<\/p>\n<p>&#8211; Professionalit\u00e4t in Website-Anzeige<\/p>\n<p>&#8211; W3C-Konformit\u00e4t<\/p>\n<p>&#8211; Optimale Website geladen<\/p>\n<p><\/p>\n","protected":false},"excerpt":{"rendered":"<p>TemplateToaster-W3C-Validierung TemplateToaster Export W3C HTML und CSS g\u00fcltig Vorlage\/Themen anbieten, die folgende Vorteile: &#8211; Web-Browser cross-Kompatibilit\u00e4t &#8211; Suche Motoren Vorteile &#8211; Beschwerde-Standardcode &#8211; Professionalit\u00e4t in Website-Anzeige &#8211; W3C-Konformit\u00e4t &#8211; Optimale Website geladen<\/p>\n","protected":false},"author":1,"featured_media":0,"parent":0,"menu_order":0,"comment_status":"closed","ping_status":"closed","template":"PageTemplate1.php","meta":{"footnotes":""},"yoast_head":"<!-- This site is optimized with the Yoast SEO plugin v23.5 - https:\/\/yoast.com\/wordpress\/plugins\/seo\/ -->\n<title>w3c-validation - TemplateToaster<\/title>\n<meta name=\"description\" content=\"TemplateToaster-W3C-Validierung.\" \/>\n<meta name=\"robots\" content=\"index, follow, max-snippet:-1, max-image-preview:large, max-video-preview:-1\" \/>\n<link rel=\"canonical\" href=\"https:\/\/templatetoaster.com\/de\/w3c-validation\" \/>\n<meta property=\"og:locale\" content=\"de_DE\" \/>\n<meta property=\"og:type\" content=\"article\" \/>\n<meta property=\"og:title\" content=\"w3c-validation - TemplateToaster\" \/>\n<meta property=\"og:description\" content=\"TemplateToaster-W3C-Validierung.\" \/>\n<meta property=\"og:url\" content=\"https:\/\/templatetoaster.com\/de\/w3c-validation\" \/>\n<meta property=\"og:site_name\" content=\"TemplateToaster\" \/>\n<meta property=\"article:publisher\" content=\"https:\/\/www.facebook.com\/TemplateToaster\" \/>\n<meta property=\"og:image\" content=\"https:\/\/templatetoaster.com\/wp-content\/uploads\/2015\/07\/TemplateToaster-325X325.png\" \/>\n\t<meta property=\"og:image:width\" content=\"325\" \/>\n\t<meta property=\"og:image:height\" content=\"325\" \/>\n\t<meta property=\"og:image:type\" content=\"image\/png\" \/>\n<meta name=\"twitter:card\" content=\"summary_large_image\" \/>\n<meta name=\"twitter:site\" content=\"@templatetoaster\" \/>\n<script type=\"application\/ld+json\" class=\"yoast-schema-graph\">{\"@context\":\"https:\/\/schema.org\",\"@graph\":[{\"@type\":\"WebPage\",\"@id\":\"https:\/\/templatetoaster.com\/de\/w3c-validation\",\"url\":\"https:\/\/templatetoaster.com\/de\/w3c-validation\",\"name\":\"w3c-validation - TemplateToaster\",\"isPartOf\":{\"@id\":\"https:\/\/templatetoaster.com\/#website\"},\"datePublished\":\"2018-04-06T07:30:31+00:00\",\"dateModified\":\"2018-04-06T07:30:31+00:00\",\"description\":\"TemplateToaster-W3C-Validierung.\",\"breadcrumb\":{\"@id\":\"https:\/\/templatetoaster.com\/de\/w3c-validation#breadcrumb\"},\"inLanguage\":\"de-DE\",\"potentialAction\":[{\"@type\":\"ReadAction\",\"target\":[\"https:\/\/templatetoaster.com\/de\/w3c-validation\"]}]},{\"@type\":\"BreadcrumbList\",\"@id\":\"https:\/\/templatetoaster.com\/de\/w3c-validation#breadcrumb\",\"itemListElement\":[{\"@type\":\"ListItem\",\"position\":1,\"name\":\"Home\",\"item\":\"https:\/\/templatetoaster.com\/de\"},{\"@type\":\"ListItem\",\"position\":2,\"name\":\"w3c-validation\"}]},{\"@type\":\"WebSite\",\"@id\":\"https:\/\/templatetoaster.com\/#website\",\"url\":\"https:\/\/templatetoaster.com\/\",\"name\":\"TemplateToaster\",\"description\":\"\",\"publisher\":{\"@id\":\"https:\/\/templatetoaster.com\/#organization\"},\"inLanguage\":\"de-DE\"},{\"@type\":\"Organization\",\"@id\":\"https:\/\/templatetoaster.com\/#organization\",\"name\":\"TemplateToaster\",\"url\":\"https:\/\/templatetoaster.com\/\",\"logo\":{\"@type\":\"ImageObject\",\"inLanguage\":\"de-DE\",\"@id\":\"https:\/\/templatetoaster.com\/#\/schema\/logo\/image\/\",\"url\":\"https:\/\/templatetoaster.com\/wp-content\/uploads\/2019\/11\/TemplateToaster_Logo.jpg\",\"contentUrl\":\"https:\/\/templatetoaster.com\/wp-content\/uploads\/2019\/11\/TemplateToaster_Logo.jpg\",\"width\":85,\"height\":85,\"caption\":\"TemplateToaster\"},\"image\":{\"@id\":\"https:\/\/templatetoaster.com\/#\/schema\/logo\/image\/\"},\"sameAs\":[\"https:\/\/www.facebook.com\/TemplateToaster\",\"https:\/\/x.com\/templatetoaster\",\"https:\/\/www.instagram.com\/templatetoaster\/\",\"https:\/\/www.linkedin.com\/company\/templatetoaster\/\",\"https:\/\/www.pinterest.com\/templatetoaster\/\",\"https:\/\/www.youtube.com\/@TemplateToaster\"]}]}<\/script>\n<!-- \/ Yoast SEO plugin. -->","yoast_head_json":{"title":"w3c-validation - TemplateToaster","description":"TemplateToaster-W3C-Validierung.","robots":{"index":"index","follow":"follow","max-snippet":"max-snippet:-1","max-image-preview":"max-image-preview:large","max-video-preview":"max-video-preview:-1"},"canonical":"https:\/\/templatetoaster.com\/de\/w3c-validation","og_locale":"de_DE","og_type":"article","og_title":"w3c-validation - TemplateToaster","og_description":"TemplateToaster-W3C-Validierung.","og_url":"https:\/\/templatetoaster.com\/de\/w3c-validation","og_site_name":"TemplateToaster","article_publisher":"https:\/\/www.facebook.com\/TemplateToaster","og_image":[{"width":325,"height":325,"url":"https:\/\/templatetoaster.com\/wp-content\/uploads\/2015\/07\/TemplateToaster-325X325.png","type":"image\/png"}],"twitter_card":"summary_large_image","twitter_site":"@templatetoaster","schema":{"@context":"https:\/\/schema.org","@graph":[{"@type":"WebPage","@id":"https:\/\/templatetoaster.com\/de\/w3c-validation","url":"https:\/\/templatetoaster.com\/de\/w3c-validation","name":"w3c-validation - TemplateToaster","isPartOf":{"@id":"https:\/\/templatetoaster.com\/#website"},"datePublished":"2018-04-06T07:30:31+00:00","dateModified":"2018-04-06T07:30:31+00:00","description":"TemplateToaster-W3C-Validierung.","breadcrumb":{"@id":"https:\/\/templatetoaster.com\/de\/w3c-validation#breadcrumb"},"inLanguage":"de-DE","potentialAction":[{"@type":"ReadAction","target":["https:\/\/templatetoaster.com\/de\/w3c-validation"]}]},{"@type":"BreadcrumbList","@id":"https:\/\/templatetoaster.com\/de\/w3c-validation#breadcrumb","itemListElement":[{"@type":"ListItem","position":1,"name":"Home","item":"https:\/\/templatetoaster.com\/de"},{"@type":"ListItem","position":2,"name":"w3c-validation"}]},{"@type":"WebSite","@id":"https:\/\/templatetoaster.com\/#website","url":"https:\/\/templatetoaster.com\/","name":"TemplateToaster","description":"","publisher":{"@id":"https:\/\/templatetoaster.com\/#organization"},"inLanguage":"de-DE"},{"@type":"Organization","@id":"https:\/\/templatetoaster.com\/#organization","name":"TemplateToaster","url":"https:\/\/templatetoaster.com\/","logo":{"@type":"ImageObject","inLanguage":"de-DE","@id":"https:\/\/templatetoaster.com\/#\/schema\/logo\/image\/","url":"https:\/\/templatetoaster.com\/wp-content\/uploads\/2019\/11\/TemplateToaster_Logo.jpg","contentUrl":"https:\/\/templatetoaster.com\/wp-content\/uploads\/2019\/11\/TemplateToaster_Logo.jpg","width":85,"height":85,"caption":"TemplateToaster"},"image":{"@id":"https:\/\/templatetoaster.com\/#\/schema\/logo\/image\/"},"sameAs":["https:\/\/www.facebook.com\/TemplateToaster","https:\/\/x.com\/templatetoaster","https:\/\/www.instagram.com\/templatetoaster\/","https:\/\/www.linkedin.com\/company\/templatetoaster\/","https:\/\/www.pinterest.com\/templatetoaster\/","https:\/\/www.youtube.com\/@TemplateToaster"]}]}},"_links":{"self":[{"href":"https:\/\/templatetoaster.com\/de\/wp-json\/wp\/v2\/pages\/3721"}],"collection":[{"href":"https:\/\/templatetoaster.com\/de\/wp-json\/wp\/v2\/pages"}],"about":[{"href":"https:\/\/templatetoaster.com\/de\/wp-json\/wp\/v2\/types\/page"}],"author":[{"embeddable":true,"href":"https:\/\/templatetoaster.com\/de\/wp-json\/wp\/v2\/users\/1"}],"replies":[{"embeddable":true,"href":"https:\/\/templatetoaster.com\/de\/wp-json\/wp\/v2\/comments?post=3721"}],"version-history":[{"count":0,"href":"https:\/\/templatetoaster.com\/de\/wp-json\/wp\/v2\/pages\/3721\/revisions"}],"wp:attachment":[{"href":"https:\/\/templatetoaster.com\/de\/wp-json\/wp\/v2\/media?parent=3721"}],"curies":[{"name":"wp","href":"https:\/\/api.w.org\/{rel}","templated":true}]}}